{"id":128416,"date":"2023-03-01T01:34:50","date_gmt":"2023-03-01T00:34:50","guid":{"rendered":"https:\/\/shop.bantam.ch\/produit\/tapis-isolant-dexterieur-isolux\/"},"modified":"2026-04-18T23:51:35","modified_gmt":"2026-04-18T21:51:35","slug":"tapis-isolant-dexterieur-isolux","status":"publish","type":"product","link":"https:\/\/shop.bantam.ch\/fr\/produit\/tapis-isolant-dexterieur-isolux\/","title":{"rendered":"Tapis isolant d\u2019ext\u00e9rieur Isolux"},"content":{"rendered":"<p>Le volet isolant ext\u00e9rieur est utilis\u00e9 pour recouvrir avec pr\u00e9cision la surface vitr\u00e9e de la cabine des mod\u00e8les sp\u00e9cifi\u00e9s et prot\u00e8ge contre les regards indiscrets. Il isole la cabine conducteur du froid et de la chaleur pendant les longues p\u00e9riodes d&rsquo;arr\u00eat et prot\u00e8ge du gel sur les vitres en hiver. La fa\u00e7ade peut \u00eatre ouverte pour laisser entrer la lumi\u00e8re du jour dans le v\u00e9hicule. Gr\u00e2ce au mat\u00e9riau sp\u00e9cial sous l\u2019isolation ext\u00e9rieure, le volet reste dimensionnellement stable, m\u00eame ouvert et par vent fort. Vous pouvez voir \u00e0 l\u2019ext\u00e9rieur tout en \u00e9tant prot\u00e9g\u00e9 des regards curieux et de la lumi\u00e8re du soleil.<\/p>\n<ul>\n<li>Avec fa\u00e7ade rabattable<\/li>\n<li>Livr\u00e9 avec sac marin pratique<\/li>\n<li>Faible encombrement malgr\u00e9 l\u2019\u00e9paisseur de la surface d\u2019isolation<\/li>\n<\/ul>\n","protected":false},"excerpt":{"rendered":"<p>Le volet isolant ext\u00e9rieur est utilis\u00e9 pour recouvrir avec pr\u00e9cision la surface vitr\u00e9e de la cabine des mod\u00e8les sp\u00e9cifi\u00e9s et prot\u00e8ge contre les regards indiscrets. Il isole la cabine conducteur du froid et de la chaleur pendant les longues p\u00e9riodes d&rsquo;arr\u00eat et prot\u00e8ge du gel sur les vitres en hiver. La fa\u00e7ade peut \u00eatre ouverte [&hellip;]<\/p>\n","protected":false},"featured_media":128400,"template":"","meta":{"_acf_changed":false},"product_featured_cat":[],"product_brand":[3030],"product_cat":[4641],"product_tag":[],"class_list":{"0":"post-128416","1":"product","2":"type-product","3":"status-publish","4":"has-post-thumbnail","6":"product_brand-tecon-covercraft","7":"product_cat-matelas-et-rideaux-thermiques","9":"first","10":"instock","11":"taxable","12":"shipping-taxable","13":"purchasable","14":"product-type-variable"},"acf":[],"yoast_head":"<!-- This site is optimized with the Yoast SEO plugin v27.4 - https:\/\/yoast.com\/product\/yoast-seo-wordpress\/ -->\n<title>Tapis isolant d\u2019ext\u00e9rieur Isolux - Bantam Wankm\u00fcller SA<\/title>\n<meta name=\"robots\" content=\"index, follow, max-snippet:-1, max-image-preview:large, max-video-preview:-1\" \/>\n<link rel=\"canonical\" href=\"https:\/\/shop.bantam.ch\/fr\/produit\/tapis-isolant-dexterieur-isolux\/\" \/>\n<meta property=\"og:locale\" content=\"fr_FR\" \/>\n<meta property=\"og:type\" content=\"article\" \/>\n<meta property=\"og:title\" content=\"Tapis isolant d\u2019ext\u00e9rieur Isolux - Bantam Wankm\u00fcller SA\" \/>\n<meta property=\"og:description\" content=\"Le volet isolant ext\u00e9rieur est utilis\u00e9 pour recouvrir avec pr\u00e9cision la surface vitr\u00e9e de la cabine des mod\u00e8les sp\u00e9cifi\u00e9s et prot\u00e8ge contre les regards indiscrets. Il isole la cabine conducteur du froid et de la chaleur pendant les longues p\u00e9riodes d&rsquo;arr\u00eat et prot\u00e8ge du gel sur les vitres en hiver. La fa\u00e7ade peut \u00eatre ouverte [&hellip;]\" \/>\n<meta property=\"og:url\" content=\"https:\/\/shop.bantam.ch\/fr\/produit\/tapis-isolant-dexterieur-isolux\/\" \/>\n<meta property=\"og:site_name\" content=\"Bantam Wankm\u00fcller SA\" \/>\n<meta property=\"article:modified_time\" content=\"2026-04-18T21:51:35+00:00\" \/>\n<meta property=\"og:image\" content=\"https:\/\/shop.bantam.ch\/wp-content\/uploads\/2023\/03\/9941422103.jpg\" \/>\n\t<meta property=\"og:image:width\" content=\"1000\" \/>\n\t<meta property=\"og:image:height\" content=\"750\" \/>\n\t<meta property=\"og:image:type\" content=\"image\/jpeg\" \/>\n<meta name=\"twitter:card\" content=\"summary_large_image\" \/>\n<meta name=\"twitter:label1\" content=\"Dur\u00e9e de lecture estim\u00e9e\" \/>\n\t<meta name=\"twitter:data1\" content=\"1 minute\" \/>\n<script type=\"application\/ld+json\" class=\"yoast-schema-graph\">{\"@context\":\"https:\\\/\\\/schema.org\",\"@graph\":[{\"@type\":\"WebPage\",\"@id\":\"https:\\\/\\\/shop.bantam.ch\\\/fr\\\/produit\\\/tapis-isolant-dexterieur-isolux\\\/\",\"url\":\"https:\\\/\\\/shop.bantam.ch\\\/fr\\\/produit\\\/tapis-isolant-dexterieur-isolux\\\/\",\"name\":\"Tapis isolant d\u2019ext\u00e9rieur Isolux - Bantam Wankm\u00fcller SA\",\"isPartOf\":{\"@id\":\"https:\\\/\\\/shop.bantam.ch\\\/fr\\\/#website\"},\"primaryImageOfPage\":{\"@id\":\"https:\\\/\\\/shop.bantam.ch\\\/fr\\\/produit\\\/tapis-isolant-dexterieur-isolux\\\/#primaryimage\"},\"image\":{\"@id\":\"https:\\\/\\\/shop.bantam.ch\\\/fr\\\/produit\\\/tapis-isolant-dexterieur-isolux\\\/#primaryimage\"},\"thumbnailUrl\":\"https:\\\/\\\/shop.bantam.ch\\\/wp-content\\\/uploads\\\/2023\\\/03\\\/9941422103.jpg\",\"datePublished\":\"2023-03-01T00:34:50+00:00\",\"dateModified\":\"2026-04-18T21:51:35+00:00\",\"breadcrumb\":{\"@id\":\"https:\\\/\\\/shop.bantam.ch\\\/fr\\\/produit\\\/tapis-isolant-dexterieur-isolux\\\/#breadcrumb\"},\"inLanguage\":\"fr-FR\",\"potentialAction\":[{\"@type\":\"ReadAction\",\"target\":[\"https:\\\/\\\/shop.bantam.ch\\\/fr\\\/produit\\\/tapis-isolant-dexterieur-isolux\\\/\"]}]},{\"@type\":\"ImageObject\",\"inLanguage\":\"fr-FR\",\"@id\":\"https:\\\/\\\/shop.bantam.ch\\\/fr\\\/produit\\\/tapis-isolant-dexterieur-isolux\\\/#primaryimage\",\"url\":\"https:\\\/\\\/shop.bantam.ch\\\/wp-content\\\/uploads\\\/2023\\\/03\\\/9941422103.jpg\",\"contentUrl\":\"https:\\\/\\\/shop.bantam.ch\\\/wp-content\\\/uploads\\\/2023\\\/03\\\/9941422103.jpg\",\"width\":1000,\"height\":750},{\"@type\":\"BreadcrumbList\",\"@id\":\"https:\\\/\\\/shop.bantam.ch\\\/fr\\\/produit\\\/tapis-isolant-dexterieur-isolux\\\/#breadcrumb\",\"itemListElement\":[{\"@type\":\"ListItem\",\"position\":1,\"name\":\"Accueil\",\"item\":\"https:\\\/\\\/shop.bantam.ch\\\/fr\\\/\"},{\"@type\":\"ListItem\",\"position\":2,\"name\":\"Boutique\",\"item\":\"https:\\\/\\\/shop.bantam.ch\\\/fr\\\/boutique\\\/\"},{\"@type\":\"ListItem\",\"position\":3,\"name\":\"Tapis isolant d\u2019ext\u00e9rieur Isolux\"}]},{\"@type\":\"WebSite\",\"@id\":\"https:\\\/\\\/shop.bantam.ch\\\/fr\\\/#website\",\"url\":\"https:\\\/\\\/shop.bantam.ch\\\/fr\\\/\",\"name\":\"Bantam Wankm\u00fcller SA\",\"description\":\"\",\"publisher\":{\"@id\":\"https:\\\/\\\/shop.bantam.ch\\\/fr\\\/#organization\"},\"inLanguage\":\"fr-FR\"},{\"@type\":\"Organization\",\"@id\":\"https:\\\/\\\/shop.bantam.ch\\\/fr\\\/#organization\",\"name\":\"Bantam Wankm\u00fcller SA\",\"url\":\"https:\\\/\\\/shop.bantam.ch\\\/fr\\\/\",\"logo\":{\"@type\":\"ImageObject\",\"inLanguage\":\"fr-FR\",\"@id\":\"https:\\\/\\\/shop.bantam.ch\\\/fr\\\/#\\\/schema\\\/logo\\\/image\\\/\",\"url\":\"https:\\\/\\\/shop.bantam.ch\\\/wp-content\\\/uploads\\\/2022\\\/12\\\/bantam-logo.png\",\"contentUrl\":\"https:\\\/\\\/shop.bantam.ch\\\/wp-content\\\/uploads\\\/2022\\\/12\\\/bantam-logo.png\",\"width\":320,\"height\":71,\"caption\":\"Bantam Wankm\u00fcller SA\"},\"image\":{\"@id\":\"https:\\\/\\\/shop.bantam.ch\\\/fr\\\/#\\\/schema\\\/logo\\\/image\\\/\"}}]}<\/script>\n<!-- \/ Yoast SEO plugin. -->","yoast_head_json":{"title":"Tapis isolant d\u2019ext\u00e9rieur Isolux - Bantam Wankm\u00fcller SA","robots":{"index":"index","follow":"follow","max-snippet":"max-snippet:-1","max-image-preview":"max-image-preview:large","max-video-preview":"max-video-preview:-1"},"canonical":"https:\/\/shop.bantam.ch\/fr\/produit\/tapis-isolant-dexterieur-isolux\/","og_locale":"fr_FR","og_type":"article","og_title":"Tapis isolant d\u2019ext\u00e9rieur Isolux - Bantam Wankm\u00fcller SA","og_description":"Le volet isolant ext\u00e9rieur est utilis\u00e9 pour recouvrir avec pr\u00e9cision la surface vitr\u00e9e de la cabine des mod\u00e8les sp\u00e9cifi\u00e9s et prot\u00e8ge contre les regards indiscrets. Il isole la cabine conducteur du froid et de la chaleur pendant les longues p\u00e9riodes d&rsquo;arr\u00eat et prot\u00e8ge du gel sur les vitres en hiver. La fa\u00e7ade peut \u00eatre ouverte [&hellip;]","og_url":"https:\/\/shop.bantam.ch\/fr\/produit\/tapis-isolant-dexterieur-isolux\/","og_site_name":"Bantam Wankm\u00fcller SA","article_modified_time":"2026-04-18T21:51:35+00:00","og_image":[{"width":1000,"height":750,"url":"https:\/\/shop.bantam.ch\/wp-content\/uploads\/2023\/03\/9941422103.jpg","type":"image\/jpeg"}],"twitter_card":"summary_large_image","twitter_misc":{"Dur\u00e9e de lecture estim\u00e9e":"1 minute"},"schema":{"@context":"https:\/\/schema.org","@graph":[{"@type":"WebPage","@id":"https:\/\/shop.bantam.ch\/fr\/produit\/tapis-isolant-dexterieur-isolux\/","url":"https:\/\/shop.bantam.ch\/fr\/produit\/tapis-isolant-dexterieur-isolux\/","name":"Tapis isolant d\u2019ext\u00e9rieur Isolux - Bantam Wankm\u00fcller SA","isPartOf":{"@id":"https:\/\/shop.bantam.ch\/fr\/#website"},"primaryImageOfPage":{"@id":"https:\/\/shop.bantam.ch\/fr\/produit\/tapis-isolant-dexterieur-isolux\/#primaryimage"},"image":{"@id":"https:\/\/shop.bantam.ch\/fr\/produit\/tapis-isolant-dexterieur-isolux\/#primaryimage"},"thumbnailUrl":"https:\/\/shop.bantam.ch\/wp-content\/uploads\/2023\/03\/9941422103.jpg","datePublished":"2023-03-01T00:34:50+00:00","dateModified":"2026-04-18T21:51:35+00:00","breadcrumb":{"@id":"https:\/\/shop.bantam.ch\/fr\/produit\/tapis-isolant-dexterieur-isolux\/#breadcrumb"},"inLanguage":"fr-FR","potentialAction":[{"@type":"ReadAction","target":["https:\/\/shop.bantam.ch\/fr\/produit\/tapis-isolant-dexterieur-isolux\/"]}]},{"@type":"ImageObject","inLanguage":"fr-FR","@id":"https:\/\/shop.bantam.ch\/fr\/produit\/tapis-isolant-dexterieur-isolux\/#primaryimage","url":"https:\/\/shop.bantam.ch\/wp-content\/uploads\/2023\/03\/9941422103.jpg","contentUrl":"https:\/\/shop.bantam.ch\/wp-content\/uploads\/2023\/03\/9941422103.jpg","width":1000,"height":750},{"@type":"BreadcrumbList","@id":"https:\/\/shop.bantam.ch\/fr\/produit\/tapis-isolant-dexterieur-isolux\/#breadcrumb","itemListElement":[{"@type":"ListItem","position":1,"name":"Accueil","item":"https:\/\/shop.bantam.ch\/fr\/"},{"@type":"ListItem","position":2,"name":"Boutique","item":"https:\/\/shop.bantam.ch\/fr\/boutique\/"},{"@type":"ListItem","position":3,"name":"Tapis isolant d\u2019ext\u00e9rieur Isolux"}]},{"@type":"WebSite","@id":"https:\/\/shop.bantam.ch\/fr\/#website","url":"https:\/\/shop.bantam.ch\/fr\/","name":"Bantam Wankm\u00fcller SA","description":"","publisher":{"@id":"https:\/\/shop.bantam.ch\/fr\/#organization"},"inLanguage":"fr-FR"},{"@type":"Organization","@id":"https:\/\/shop.bantam.ch\/fr\/#organization","name":"Bantam Wankm\u00fcller SA","url":"https:\/\/shop.bantam.ch\/fr\/","logo":{"@type":"ImageObject","inLanguage":"fr-FR","@id":"https:\/\/shop.bantam.ch\/fr\/#\/schema\/logo\/image\/","url":"https:\/\/shop.bantam.ch\/wp-content\/uploads\/2022\/12\/bantam-logo.png","contentUrl":"https:\/\/shop.bantam.ch\/wp-content\/uploads\/2022\/12\/bantam-logo.png","width":320,"height":71,"caption":"Bantam Wankm\u00fcller SA"},"image":{"@id":"https:\/\/shop.bantam.ch\/fr\/#\/schema\/logo\/image\/"}}]}},"_links":{"self":[{"href":"https:\/\/shop.bantam.ch\/fr\/wp-json\/wp\/v2\/product\/128416","targetHints":{"allow":["GET"]}}],"collection":[{"href":"https:\/\/shop.bantam.ch\/fr\/wp-json\/wp\/v2\/product"}],"about":[{"href":"https:\/\/shop.bantam.ch\/fr\/wp-json\/wp\/v2\/types\/product"}],"wp:featuredmedia":[{"embeddable":true,"href":"https:\/\/shop.bantam.ch\/fr\/wp-json\/wp\/v2\/media\/128400"}],"wp:attachment":[{"href":"https:\/\/shop.bantam.ch\/fr\/wp-json\/wp\/v2\/media?parent=128416"}],"wp:term":[{"taxonomy":"product_featured_cat","embeddable":true,"href":"https:\/\/shop.bantam.ch\/fr\/wp-json\/wp\/v2\/product_featured_cat?post=128416"},{"taxonomy":"product_brand","embeddable":true,"href":"https:\/\/shop.bantam.ch\/fr\/wp-json\/wp\/v2\/product_brand?post=128416"},{"taxonomy":"product_cat","embeddable":true,"href":"https:\/\/shop.bantam.ch\/fr\/wp-json\/wp\/v2\/product_cat?post=128416"},{"taxonomy":"product_tag","embeddable":true,"href":"https:\/\/shop.bantam.ch\/fr\/wp-json\/wp\/v2\/product_tag?post=128416"}],"curies":[{"name":"wp","href":"https:\/\/api.w.org\/{rel}","templated":true}]}}