{"id":128398,"date":"2023-03-01T01:34:42","date_gmt":"2023-03-01T00:34:42","guid":{"rendered":"https:\/\/shop.bantam.ch\/produit\/antivol-de-volant-commercial-high-security-wheel-lock\/"},"modified":"2026-04-18T21:55:17","modified_gmt":"2026-04-18T19:55:17","slug":"antivol-de-volant-commercial-high-security-wheel-lock","status":"publish","type":"product","link":"https:\/\/shop.bantam.ch\/fr\/produit\/antivol-de-volant-commercial-high-security-wheel-lock\/","title":{"rendered":"Antivol de direction Milenco Commercial High Security Wheel Lock"},"content":{"rendered":"<p>Se fixe au volant et emp\u00eache de tourner, fournit une puissante arme de dissuasion contre le vol et offre une r\u00e9sistance aux attaques in\u00e9gal\u00e9e. 15,5 cm plus long que la version standard, sp\u00e9cialement con\u00e7u pour augmenter la s\u00e9curit\u00e9 dans les fourgonnettes et les camping-cars avec des cabines plus grandes. Vend de l&rsquo;or en toute s\u00e9curit\u00e9.<\/p>\n","protected":false},"excerpt":{"rendered":"<p>Se fixe au volant et emp\u00eache de tourner, fournit une puissante arme de dissuasion contre le vol et offre une r\u00e9sistance aux attaques in\u00e9gal\u00e9e. 15,5 cm plus long que la version standard, sp\u00e9cialement con\u00e7u pour augmenter la s\u00e9curit\u00e9 dans les fourgonnettes et les camping-cars avec des cabines plus grandes. Vend de l&rsquo;or en toute s\u00e9curit\u00e9.<\/p>\n","protected":false},"featured_media":128392,"template":"","meta":{"_acf_changed":false},"product_featured_cat":[],"product_brand":[3142],"product_cat":[4671],"product_tag":[],"class_list":{"0":"post-128398","1":"product","2":"type-product","3":"status-publish","4":"has-post-thumbnail","6":"product_brand-milenco","7":"product_cat-dispositifs-anti-demarrage","9":"first","10":"instock","11":"taxable","12":"shipping-taxable","13":"purchasable","14":"product-type-simple"},"acf":[],"yoast_head":"<!-- This site is optimized with the Yoast SEO plugin v27.4 - https:\/\/yoast.com\/product\/yoast-seo-wordpress\/ -->\n<title>Antivol de direction Milenco Commercial High Security Wheel Lock - Bantam Wankm\u00fcller SA<\/title>\n<meta name=\"robots\" content=\"index, follow, max-snippet:-1, max-image-preview:large, max-video-preview:-1\" \/>\n<link rel=\"canonical\" href=\"https:\/\/shop.bantam.ch\/fr\/produit\/antivol-de-volant-commercial-high-security-wheel-lock\/\" \/>\n<meta property=\"og:locale\" content=\"fr_FR\" \/>\n<meta property=\"og:type\" content=\"article\" \/>\n<meta property=\"og:title\" content=\"Antivol de direction Milenco Commercial High Security Wheel Lock - Bantam Wankm\u00fcller SA\" \/>\n<meta property=\"og:description\" content=\"Se fixe au volant et emp\u00eache de tourner, fournit une puissante arme de dissuasion contre le vol et offre une r\u00e9sistance aux attaques in\u00e9gal\u00e9e. 15,5 cm plus long que la version standard, sp\u00e9cialement con\u00e7u pour augmenter la s\u00e9curit\u00e9 dans les fourgonnettes et les camping-cars avec des cabines plus grandes. Vend de l&rsquo;or en toute s\u00e9curit\u00e9.\" \/>\n<meta property=\"og:url\" content=\"https:\/\/shop.bantam.ch\/fr\/produit\/antivol-de-volant-commercial-high-security-wheel-lock\/\" \/>\n<meta property=\"og:site_name\" content=\"Bantam Wankm\u00fcller SA\" \/>\n<meta property=\"article:modified_time\" content=\"2026-04-18T19:55:17+00:00\" \/>\n<meta property=\"og:image\" content=\"https:\/\/shop.bantam.ch\/wp-content\/uploads\/2023\/03\/9948633100.jpg\" \/>\n\t<meta property=\"og:image:width\" content=\"1000\" \/>\n\t<meta property=\"og:image:height\" content=\"750\" \/>\n\t<meta property=\"og:image:type\" content=\"image\/jpeg\" \/>\n<meta name=\"twitter:card\" content=\"summary_large_image\" \/>\n<script type=\"application\/ld+json\" class=\"yoast-schema-graph\">{\"@context\":\"https:\\\/\\\/schema.org\",\"@graph\":[{\"@type\":\"WebPage\",\"@id\":\"https:\\\/\\\/shop.bantam.ch\\\/fr\\\/produit\\\/antivol-de-volant-commercial-high-security-wheel-lock\\\/\",\"url\":\"https:\\\/\\\/shop.bantam.ch\\\/fr\\\/produit\\\/antivol-de-volant-commercial-high-security-wheel-lock\\\/\",\"name\":\"Antivol de direction Milenco Commercial High Security Wheel Lock - Bantam Wankm\u00fcller SA\",\"isPartOf\":{\"@id\":\"https:\\\/\\\/shop.bantam.ch\\\/fr\\\/#website\"},\"primaryImageOfPage\":{\"@id\":\"https:\\\/\\\/shop.bantam.ch\\\/fr\\\/produit\\\/antivol-de-volant-commercial-high-security-wheel-lock\\\/#primaryimage\"},\"image\":{\"@id\":\"https:\\\/\\\/shop.bantam.ch\\\/fr\\\/produit\\\/antivol-de-volant-commercial-high-security-wheel-lock\\\/#primaryimage\"},\"thumbnailUrl\":\"https:\\\/\\\/shop.bantam.ch\\\/wp-content\\\/uploads\\\/2023\\\/03\\\/9948633100.jpg\",\"datePublished\":\"2023-03-01T00:34:42+00:00\",\"dateModified\":\"2026-04-18T19:55:17+00:00\",\"breadcrumb\":{\"@id\":\"https:\\\/\\\/shop.bantam.ch\\\/fr\\\/produit\\\/antivol-de-volant-commercial-high-security-wheel-lock\\\/#breadcrumb\"},\"inLanguage\":\"fr-FR\",\"potentialAction\":[{\"@type\":\"ReadAction\",\"target\":[\"https:\\\/\\\/shop.bantam.ch\\\/fr\\\/produit\\\/antivol-de-volant-commercial-high-security-wheel-lock\\\/\"]}]},{\"@type\":\"ImageObject\",\"inLanguage\":\"fr-FR\",\"@id\":\"https:\\\/\\\/shop.bantam.ch\\\/fr\\\/produit\\\/antivol-de-volant-commercial-high-security-wheel-lock\\\/#primaryimage\",\"url\":\"https:\\\/\\\/shop.bantam.ch\\\/wp-content\\\/uploads\\\/2023\\\/03\\\/9948633100.jpg\",\"contentUrl\":\"https:\\\/\\\/shop.bantam.ch\\\/wp-content\\\/uploads\\\/2023\\\/03\\\/9948633100.jpg\",\"width\":1000,\"height\":750},{\"@type\":\"BreadcrumbList\",\"@id\":\"https:\\\/\\\/shop.bantam.ch\\\/fr\\\/produit\\\/antivol-de-volant-commercial-high-security-wheel-lock\\\/#breadcrumb\",\"itemListElement\":[{\"@type\":\"ListItem\",\"position\":1,\"name\":\"Accueil\",\"item\":\"https:\\\/\\\/shop.bantam.ch\\\/fr\\\/\"},{\"@type\":\"ListItem\",\"position\":2,\"name\":\"Boutique\",\"item\":\"https:\\\/\\\/shop.bantam.ch\\\/fr\\\/boutique\\\/\"},{\"@type\":\"ListItem\",\"position\":3,\"name\":\"Antivol de direction Milenco Commercial High Security Wheel Lock\"}]},{\"@type\":\"WebSite\",\"@id\":\"https:\\\/\\\/shop.bantam.ch\\\/fr\\\/#website\",\"url\":\"https:\\\/\\\/shop.bantam.ch\\\/fr\\\/\",\"name\":\"Bantam Wankm\u00fcller SA\",\"description\":\"\",\"publisher\":{\"@id\":\"https:\\\/\\\/shop.bantam.ch\\\/fr\\\/#organization\"},\"inLanguage\":\"fr-FR\"},{\"@type\":\"Organization\",\"@id\":\"https:\\\/\\\/shop.bantam.ch\\\/fr\\\/#organization\",\"name\":\"Bantam Wankm\u00fcller SA\",\"url\":\"https:\\\/\\\/shop.bantam.ch\\\/fr\\\/\",\"logo\":{\"@type\":\"ImageObject\",\"inLanguage\":\"fr-FR\",\"@id\":\"https:\\\/\\\/shop.bantam.ch\\\/fr\\\/#\\\/schema\\\/logo\\\/image\\\/\",\"url\":\"https:\\\/\\\/shop.bantam.ch\\\/wp-content\\\/uploads\\\/2022\\\/12\\\/bantam-logo.png\",\"contentUrl\":\"https:\\\/\\\/shop.bantam.ch\\\/wp-content\\\/uploads\\\/2022\\\/12\\\/bantam-logo.png\",\"width\":320,\"height\":71,\"caption\":\"Bantam Wankm\u00fcller SA\"},\"image\":{\"@id\":\"https:\\\/\\\/shop.bantam.ch\\\/fr\\\/#\\\/schema\\\/logo\\\/image\\\/\"}}]}<\/script>\n<!-- \/ Yoast SEO plugin. -->","yoast_head_json":{"title":"Antivol de direction Milenco Commercial High Security Wheel Lock - Bantam Wankm\u00fcller SA","robots":{"index":"index","follow":"follow","max-snippet":"max-snippet:-1","max-image-preview":"max-image-preview:large","max-video-preview":"max-video-preview:-1"},"canonical":"https:\/\/shop.bantam.ch\/fr\/produit\/antivol-de-volant-commercial-high-security-wheel-lock\/","og_locale":"fr_FR","og_type":"article","og_title":"Antivol de direction Milenco Commercial High Security Wheel Lock - Bantam Wankm\u00fcller SA","og_description":"Se fixe au volant et emp\u00eache de tourner, fournit une puissante arme de dissuasion contre le vol et offre une r\u00e9sistance aux attaques in\u00e9gal\u00e9e. 15,5 cm plus long que la version standard, sp\u00e9cialement con\u00e7u pour augmenter la s\u00e9curit\u00e9 dans les fourgonnettes et les camping-cars avec des cabines plus grandes. Vend de l&rsquo;or en toute s\u00e9curit\u00e9.","og_url":"https:\/\/shop.bantam.ch\/fr\/produit\/antivol-de-volant-commercial-high-security-wheel-lock\/","og_site_name":"Bantam Wankm\u00fcller SA","article_modified_time":"2026-04-18T19:55:17+00:00","og_image":[{"width":1000,"height":750,"url":"https:\/\/shop.bantam.ch\/wp-content\/uploads\/2023\/03\/9948633100.jpg","type":"image\/jpeg"}],"twitter_card":"summary_large_image","schema":{"@context":"https:\/\/schema.org","@graph":[{"@type":"WebPage","@id":"https:\/\/shop.bantam.ch\/fr\/produit\/antivol-de-volant-commercial-high-security-wheel-lock\/","url":"https:\/\/shop.bantam.ch\/fr\/produit\/antivol-de-volant-commercial-high-security-wheel-lock\/","name":"Antivol de direction Milenco Commercial High Security Wheel Lock - Bantam Wankm\u00fcller SA","isPartOf":{"@id":"https:\/\/shop.bantam.ch\/fr\/#website"},"primaryImageOfPage":{"@id":"https:\/\/shop.bantam.ch\/fr\/produit\/antivol-de-volant-commercial-high-security-wheel-lock\/#primaryimage"},"image":{"@id":"https:\/\/shop.bantam.ch\/fr\/produit\/antivol-de-volant-commercial-high-security-wheel-lock\/#primaryimage"},"thumbnailUrl":"https:\/\/shop.bantam.ch\/wp-content\/uploads\/2023\/03\/9948633100.jpg","datePublished":"2023-03-01T00:34:42+00:00","dateModified":"2026-04-18T19:55:17+00:00","breadcrumb":{"@id":"https:\/\/shop.bantam.ch\/fr\/produit\/antivol-de-volant-commercial-high-security-wheel-lock\/#breadcrumb"},"inLanguage":"fr-FR","potentialAction":[{"@type":"ReadAction","target":["https:\/\/shop.bantam.ch\/fr\/produit\/antivol-de-volant-commercial-high-security-wheel-lock\/"]}]},{"@type":"ImageObject","inLanguage":"fr-FR","@id":"https:\/\/shop.bantam.ch\/fr\/produit\/antivol-de-volant-commercial-high-security-wheel-lock\/#primaryimage","url":"https:\/\/shop.bantam.ch\/wp-content\/uploads\/2023\/03\/9948633100.jpg","contentUrl":"https:\/\/shop.bantam.ch\/wp-content\/uploads\/2023\/03\/9948633100.jpg","width":1000,"height":750},{"@type":"BreadcrumbList","@id":"https:\/\/shop.bantam.ch\/fr\/produit\/antivol-de-volant-commercial-high-security-wheel-lock\/#breadcrumb","itemListElement":[{"@type":"ListItem","position":1,"name":"Accueil","item":"https:\/\/shop.bantam.ch\/fr\/"},{"@type":"ListItem","position":2,"name":"Boutique","item":"https:\/\/shop.bantam.ch\/fr\/boutique\/"},{"@type":"ListItem","position":3,"name":"Antivol de direction Milenco Commercial High Security Wheel Lock"}]},{"@type":"WebSite","@id":"https:\/\/shop.bantam.ch\/fr\/#website","url":"https:\/\/shop.bantam.ch\/fr\/","name":"Bantam Wankm\u00fcller SA","description":"","publisher":{"@id":"https:\/\/shop.bantam.ch\/fr\/#organization"},"inLanguage":"fr-FR"},{"@type":"Organization","@id":"https:\/\/shop.bantam.ch\/fr\/#organization","name":"Bantam Wankm\u00fcller SA","url":"https:\/\/shop.bantam.ch\/fr\/","logo":{"@type":"ImageObject","inLanguage":"fr-FR","@id":"https:\/\/shop.bantam.ch\/fr\/#\/schema\/logo\/image\/","url":"https:\/\/shop.bantam.ch\/wp-content\/uploads\/2022\/12\/bantam-logo.png","contentUrl":"https:\/\/shop.bantam.ch\/wp-content\/uploads\/2022\/12\/bantam-logo.png","width":320,"height":71,"caption":"Bantam Wankm\u00fcller SA"},"image":{"@id":"https:\/\/shop.bantam.ch\/fr\/#\/schema\/logo\/image\/"}}]}},"_links":{"self":[{"href":"https:\/\/shop.bantam.ch\/fr\/wp-json\/wp\/v2\/product\/128398","targetHints":{"allow":["GET"]}}],"collection":[{"href":"https:\/\/shop.bantam.ch\/fr\/wp-json\/wp\/v2\/product"}],"about":[{"href":"https:\/\/shop.bantam.ch\/fr\/wp-json\/wp\/v2\/types\/product"}],"wp:featuredmedia":[{"embeddable":true,"href":"https:\/\/shop.bantam.ch\/fr\/wp-json\/wp\/v2\/media\/128392"}],"wp:attachment":[{"href":"https:\/\/shop.bantam.ch\/fr\/wp-json\/wp\/v2\/media?parent=128398"}],"wp:term":[{"taxonomy":"product_featured_cat","embeddable":true,"href":"https:\/\/shop.bantam.ch\/fr\/wp-json\/wp\/v2\/product_featured_cat?post=128398"},{"taxonomy":"product_brand","embeddable":true,"href":"https:\/\/shop.bantam.ch\/fr\/wp-json\/wp\/v2\/product_brand?post=128398"},{"taxonomy":"product_cat","embeddable":true,"href":"https:\/\/shop.bantam.ch\/fr\/wp-json\/wp\/v2\/product_cat?post=128398"},{"taxonomy":"product_tag","embeddable":true,"href":"https:\/\/shop.bantam.ch\/fr\/wp-json\/wp\/v2\/product_tag?post=128398"}],"curies":[{"name":"wp","href":"https:\/\/api.w.org\/{rel}","templated":true}]}}