{"id":128296,"date":"2023-03-01T01:32:48","date_gmt":"2023-03-01T00:32:48","guid":{"rendered":"https:\/\/shop.bantam.ch\/produit\/sac-pour-cocotte-jusqua-8-l-noir\/"},"modified":"2026-04-17T21:54:06","modified_gmt":"2026-04-17T19:54:06","slug":"sac-pour-cocotte-jusqua-8-l-noir","status":"publish","type":"product","link":"https:\/\/shop.bantam.ch\/fr\/produit\/sac-pour-cocotte-jusqua-8-l-noir\/","title":{"rendered":"Sac VALHAL OUTDOOR pour cocotte jusqu&rsquo;\u00e0 8 l noir couleur noire"},"content":{"rendered":"<p>Le sac est un sac pour cocottes, pour prot\u00e9ger votre cocotte et l&#8217;emporter partout avec vous. Ce sac est fait de nylon robuste avec le logo Valhal Outdoor brod\u00e9 sur le dessus. Le fond est renforc\u00e9 et \u00e0 l&rsquo;int\u00e9rieur du sac, vous trouverez des compartiments de rangement pratiques, 1 avec une fermeture \u00e0 glissi\u00e8re. Le sac convient pour les cocottes de jusqu&rsquo;\u00e0 8 L, avec ou sans pieds.<\/p>\n<p>Mat\u00e9riau\u00a0:<br \/>100 % nylon<\/p>\n","protected":false},"excerpt":{"rendered":"<p>Le sac est un sac pour cocottes, pour prot\u00e9ger votre cocotte et l&#8217;emporter partout avec vous. Ce sac est fait de nylon robuste avec le logo Valhal Outdoor brod\u00e9 sur le dessus. Le fond est renforc\u00e9 et \u00e0 l&rsquo;int\u00e9rieur du sac, vous trouverez des compartiments de rangement pratiques, 1 avec une fermeture \u00e0 glissi\u00e8re. Le [&hellip;]<\/p>\n","protected":false},"featured_media":128294,"template":"","meta":{"_acf_changed":false},"product_featured_cat":[],"product_brand":[3654],"product_cat":[4339],"product_tag":[],"class_list":{"0":"post-128296","1":"product","2":"type-product","3":"status-publish","4":"has-post-thumbnail","6":"product_brand-valhal-outdoor","7":"product_cat-accessoires-pour-barbecue","9":"first","10":"instock","11":"taxable","12":"shipping-taxable","13":"purchasable","14":"product-type-simple"},"acf":[],"yoast_head":"<!-- This site is optimized with the Yoast SEO plugin v27.4 - https:\/\/yoast.com\/product\/yoast-seo-wordpress\/ -->\n<title>Sac VALHAL OUTDOOR pour cocotte jusqu&#039;\u00e0 8 l noir couleur noire - Bantam Wankm\u00fcller SA<\/title>\n<meta name=\"robots\" content=\"index, follow, max-snippet:-1, max-image-preview:large, max-video-preview:-1\" \/>\n<link rel=\"canonical\" href=\"https:\/\/shop.bantam.ch\/fr\/produit\/sac-pour-cocotte-jusqua-8-l-noir\/\" \/>\n<meta property=\"og:locale\" content=\"fr_FR\" \/>\n<meta property=\"og:type\" content=\"article\" \/>\n<meta property=\"og:title\" content=\"Sac VALHAL OUTDOOR pour cocotte jusqu&#039;\u00e0 8 l noir couleur noire - Bantam Wankm\u00fcller SA\" \/>\n<meta property=\"og:description\" content=\"Le sac est un sac pour cocottes, pour prot\u00e9ger votre cocotte et l&#8217;emporter partout avec vous. Ce sac est fait de nylon robuste avec le logo Valhal Outdoor brod\u00e9 sur le dessus. Le fond est renforc\u00e9 et \u00e0 l&rsquo;int\u00e9rieur du sac, vous trouverez des compartiments de rangement pratiques, 1 avec une fermeture \u00e0 glissi\u00e8re. Le [&hellip;]\" \/>\n<meta property=\"og:url\" content=\"https:\/\/shop.bantam.ch\/fr\/produit\/sac-pour-cocotte-jusqua-8-l-noir\/\" \/>\n<meta property=\"og:site_name\" content=\"Bantam Wankm\u00fcller SA\" \/>\n<meta property=\"article:modified_time\" content=\"2026-04-17T19:54:06+00:00\" \/>\n<meta property=\"og:image\" content=\"https:\/\/shop.bantam.ch\/wp-content\/uploads\/2023\/03\/9957796100.jpg\" \/>\n\t<meta property=\"og:image:width\" content=\"1000\" \/>\n\t<meta property=\"og:image:height\" content=\"1000\" \/>\n\t<meta property=\"og:image:type\" content=\"image\/jpeg\" \/>\n<meta name=\"twitter:card\" content=\"summary_large_image\" \/>\n<script type=\"application\/ld+json\" class=\"yoast-schema-graph\">{\"@context\":\"https:\\\/\\\/schema.org\",\"@graph\":[{\"@type\":\"WebPage\",\"@id\":\"https:\\\/\\\/shop.bantam.ch\\\/fr\\\/produit\\\/sac-pour-cocotte-jusqua-8-l-noir\\\/\",\"url\":\"https:\\\/\\\/shop.bantam.ch\\\/fr\\\/produit\\\/sac-pour-cocotte-jusqua-8-l-noir\\\/\",\"name\":\"Sac VALHAL OUTDOOR pour cocotte jusqu'\u00e0 8 l noir couleur noire - Bantam Wankm\u00fcller SA\",\"isPartOf\":{\"@id\":\"https:\\\/\\\/shop.bantam.ch\\\/fr\\\/#website\"},\"primaryImageOfPage\":{\"@id\":\"https:\\\/\\\/shop.bantam.ch\\\/fr\\\/produit\\\/sac-pour-cocotte-jusqua-8-l-noir\\\/#primaryimage\"},\"image\":{\"@id\":\"https:\\\/\\\/shop.bantam.ch\\\/fr\\\/produit\\\/sac-pour-cocotte-jusqua-8-l-noir\\\/#primaryimage\"},\"thumbnailUrl\":\"https:\\\/\\\/shop.bantam.ch\\\/wp-content\\\/uploads\\\/2023\\\/03\\\/9957796100.jpg\",\"datePublished\":\"2023-03-01T00:32:48+00:00\",\"dateModified\":\"2026-04-17T19:54:06+00:00\",\"breadcrumb\":{\"@id\":\"https:\\\/\\\/shop.bantam.ch\\\/fr\\\/produit\\\/sac-pour-cocotte-jusqua-8-l-noir\\\/#breadcrumb\"},\"inLanguage\":\"fr-FR\",\"potentialAction\":[{\"@type\":\"ReadAction\",\"target\":[\"https:\\\/\\\/shop.bantam.ch\\\/fr\\\/produit\\\/sac-pour-cocotte-jusqua-8-l-noir\\\/\"]}]},{\"@type\":\"ImageObject\",\"inLanguage\":\"fr-FR\",\"@id\":\"https:\\\/\\\/shop.bantam.ch\\\/fr\\\/produit\\\/sac-pour-cocotte-jusqua-8-l-noir\\\/#primaryimage\",\"url\":\"https:\\\/\\\/shop.bantam.ch\\\/wp-content\\\/uploads\\\/2023\\\/03\\\/9957796100.jpg\",\"contentUrl\":\"https:\\\/\\\/shop.bantam.ch\\\/wp-content\\\/uploads\\\/2023\\\/03\\\/9957796100.jpg\",\"width\":1000,\"height\":1000},{\"@type\":\"BreadcrumbList\",\"@id\":\"https:\\\/\\\/shop.bantam.ch\\\/fr\\\/produit\\\/sac-pour-cocotte-jusqua-8-l-noir\\\/#breadcrumb\",\"itemListElement\":[{\"@type\":\"ListItem\",\"position\":1,\"name\":\"Accueil\",\"item\":\"https:\\\/\\\/shop.bantam.ch\\\/fr\\\/\"},{\"@type\":\"ListItem\",\"position\":2,\"name\":\"Boutique\",\"item\":\"https:\\\/\\\/shop.bantam.ch\\\/fr\\\/boutique\\\/\"},{\"@type\":\"ListItem\",\"position\":3,\"name\":\"Sac VALHAL OUTDOOR pour cocotte jusqu&#8217;\u00e0 8 l noir couleur noire\"}]},{\"@type\":\"WebSite\",\"@id\":\"https:\\\/\\\/shop.bantam.ch\\\/fr\\\/#website\",\"url\":\"https:\\\/\\\/shop.bantam.ch\\\/fr\\\/\",\"name\":\"Bantam Wankm\u00fcller SA\",\"description\":\"\",\"publisher\":{\"@id\":\"https:\\\/\\\/shop.bantam.ch\\\/fr\\\/#organization\"},\"inLanguage\":\"fr-FR\"},{\"@type\":\"Organization\",\"@id\":\"https:\\\/\\\/shop.bantam.ch\\\/fr\\\/#organization\",\"name\":\"Bantam Wankm\u00fcller SA\",\"url\":\"https:\\\/\\\/shop.bantam.ch\\\/fr\\\/\",\"logo\":{\"@type\":\"ImageObject\",\"inLanguage\":\"fr-FR\",\"@id\":\"https:\\\/\\\/shop.bantam.ch\\\/fr\\\/#\\\/schema\\\/logo\\\/image\\\/\",\"url\":\"https:\\\/\\\/shop.bantam.ch\\\/wp-content\\\/uploads\\\/2022\\\/12\\\/bantam-logo.png\",\"contentUrl\":\"https:\\\/\\\/shop.bantam.ch\\\/wp-content\\\/uploads\\\/2022\\\/12\\\/bantam-logo.png\",\"width\":320,\"height\":71,\"caption\":\"Bantam Wankm\u00fcller SA\"},\"image\":{\"@id\":\"https:\\\/\\\/shop.bantam.ch\\\/fr\\\/#\\\/schema\\\/logo\\\/image\\\/\"}}]}<\/script>\n<!-- \/ Yoast SEO plugin. -->","yoast_head_json":{"title":"Sac VALHAL OUTDOOR pour cocotte jusqu'\u00e0 8 l noir couleur noire - Bantam Wankm\u00fcller SA","robots":{"index":"index","follow":"follow","max-snippet":"max-snippet:-1","max-image-preview":"max-image-preview:large","max-video-preview":"max-video-preview:-1"},"canonical":"https:\/\/shop.bantam.ch\/fr\/produit\/sac-pour-cocotte-jusqua-8-l-noir\/","og_locale":"fr_FR","og_type":"article","og_title":"Sac VALHAL OUTDOOR pour cocotte jusqu'\u00e0 8 l noir couleur noire - Bantam Wankm\u00fcller SA","og_description":"Le sac est un sac pour cocottes, pour prot\u00e9ger votre cocotte et l&#8217;emporter partout avec vous. Ce sac est fait de nylon robuste avec le logo Valhal Outdoor brod\u00e9 sur le dessus. Le fond est renforc\u00e9 et \u00e0 l&rsquo;int\u00e9rieur du sac, vous trouverez des compartiments de rangement pratiques, 1 avec une fermeture \u00e0 glissi\u00e8re. Le [&hellip;]","og_url":"https:\/\/shop.bantam.ch\/fr\/produit\/sac-pour-cocotte-jusqua-8-l-noir\/","og_site_name":"Bantam Wankm\u00fcller SA","article_modified_time":"2026-04-17T19:54:06+00:00","og_image":[{"width":1000,"height":1000,"url":"https:\/\/shop.bantam.ch\/wp-content\/uploads\/2023\/03\/9957796100.jpg","type":"image\/jpeg"}],"twitter_card":"summary_large_image","schema":{"@context":"https:\/\/schema.org","@graph":[{"@type":"WebPage","@id":"https:\/\/shop.bantam.ch\/fr\/produit\/sac-pour-cocotte-jusqua-8-l-noir\/","url":"https:\/\/shop.bantam.ch\/fr\/produit\/sac-pour-cocotte-jusqua-8-l-noir\/","name":"Sac VALHAL OUTDOOR pour cocotte jusqu'\u00e0 8 l noir couleur noire - Bantam Wankm\u00fcller SA","isPartOf":{"@id":"https:\/\/shop.bantam.ch\/fr\/#website"},"primaryImageOfPage":{"@id":"https:\/\/shop.bantam.ch\/fr\/produit\/sac-pour-cocotte-jusqua-8-l-noir\/#primaryimage"},"image":{"@id":"https:\/\/shop.bantam.ch\/fr\/produit\/sac-pour-cocotte-jusqua-8-l-noir\/#primaryimage"},"thumbnailUrl":"https:\/\/shop.bantam.ch\/wp-content\/uploads\/2023\/03\/9957796100.jpg","datePublished":"2023-03-01T00:32:48+00:00","dateModified":"2026-04-17T19:54:06+00:00","breadcrumb":{"@id":"https:\/\/shop.bantam.ch\/fr\/produit\/sac-pour-cocotte-jusqua-8-l-noir\/#breadcrumb"},"inLanguage":"fr-FR","potentialAction":[{"@type":"ReadAction","target":["https:\/\/shop.bantam.ch\/fr\/produit\/sac-pour-cocotte-jusqua-8-l-noir\/"]}]},{"@type":"ImageObject","inLanguage":"fr-FR","@id":"https:\/\/shop.bantam.ch\/fr\/produit\/sac-pour-cocotte-jusqua-8-l-noir\/#primaryimage","url":"https:\/\/shop.bantam.ch\/wp-content\/uploads\/2023\/03\/9957796100.jpg","contentUrl":"https:\/\/shop.bantam.ch\/wp-content\/uploads\/2023\/03\/9957796100.jpg","width":1000,"height":1000},{"@type":"BreadcrumbList","@id":"https:\/\/shop.bantam.ch\/fr\/produit\/sac-pour-cocotte-jusqua-8-l-noir\/#breadcrumb","itemListElement":[{"@type":"ListItem","position":1,"name":"Accueil","item":"https:\/\/shop.bantam.ch\/fr\/"},{"@type":"ListItem","position":2,"name":"Boutique","item":"https:\/\/shop.bantam.ch\/fr\/boutique\/"},{"@type":"ListItem","position":3,"name":"Sac VALHAL OUTDOOR pour cocotte jusqu&#8217;\u00e0 8 l noir couleur noire"}]},{"@type":"WebSite","@id":"https:\/\/shop.bantam.ch\/fr\/#website","url":"https:\/\/shop.bantam.ch\/fr\/","name":"Bantam Wankm\u00fcller SA","description":"","publisher":{"@id":"https:\/\/shop.bantam.ch\/fr\/#organization"},"inLanguage":"fr-FR"},{"@type":"Organization","@id":"https:\/\/shop.bantam.ch\/fr\/#organization","name":"Bantam Wankm\u00fcller SA","url":"https:\/\/shop.bantam.ch\/fr\/","logo":{"@type":"ImageObject","inLanguage":"fr-FR","@id":"https:\/\/shop.bantam.ch\/fr\/#\/schema\/logo\/image\/","url":"https:\/\/shop.bantam.ch\/wp-content\/uploads\/2022\/12\/bantam-logo.png","contentUrl":"https:\/\/shop.bantam.ch\/wp-content\/uploads\/2022\/12\/bantam-logo.png","width":320,"height":71,"caption":"Bantam Wankm\u00fcller SA"},"image":{"@id":"https:\/\/shop.bantam.ch\/fr\/#\/schema\/logo\/image\/"}}]}},"_links":{"self":[{"href":"https:\/\/shop.bantam.ch\/fr\/wp-json\/wp\/v2\/product\/128296","targetHints":{"allow":["GET"]}}],"collection":[{"href":"https:\/\/shop.bantam.ch\/fr\/wp-json\/wp\/v2\/product"}],"about":[{"href":"https:\/\/shop.bantam.ch\/fr\/wp-json\/wp\/v2\/types\/product"}],"wp:featuredmedia":[{"embeddable":true,"href":"https:\/\/shop.bantam.ch\/fr\/wp-json\/wp\/v2\/media\/128294"}],"wp:attachment":[{"href":"https:\/\/shop.bantam.ch\/fr\/wp-json\/wp\/v2\/media?parent=128296"}],"wp:term":[{"taxonomy":"product_featured_cat","embeddable":true,"href":"https:\/\/shop.bantam.ch\/fr\/wp-json\/wp\/v2\/product_featured_cat?post=128296"},{"taxonomy":"product_brand","embeddable":true,"href":"https:\/\/shop.bantam.ch\/fr\/wp-json\/wp\/v2\/product_brand?post=128296"},{"taxonomy":"product_cat","embeddable":true,"href":"https:\/\/shop.bantam.ch\/fr\/wp-json\/wp\/v2\/product_cat?post=128296"},{"taxonomy":"product_tag","embeddable":true,"href":"https:\/\/shop.bantam.ch\/fr\/wp-json\/wp\/v2\/product_tag?post=128296"}],"curies":[{"name":"wp","href":"https:\/\/api.w.org\/{rel}","templated":true}]}}