{"id":128200,"date":"2023-03-01T01:31:05","date_gmt":"2023-03-01T00:31:05","guid":{"rendered":"https:\/\/shop.bantam.ch\/produit\/subwoofer-actif-pour-fiat-ducato\/"},"modified":"2026-04-21T21:55:06","modified_gmt":"2026-04-21T19:55:06","slug":"subwoofer-actif-pour-fiat-ducato","status":"publish","type":"product","link":"https:\/\/shop.bantam.ch\/fr\/produit\/subwoofer-actif-pour-fiat-ducato\/","title":{"rendered":"Caisson de basses actif ETON Fiat Ducato"},"content":{"rendered":"<p>Mise \u00e0 niveau des basses pour camping-cars, v\u00e9hicules de camping et utilitaires\u00a0: Le subwoofer actif Plug &amp; Play UG FIAT SUB6A est compatible avec les Fiat Ducato III (S\u00e9rie 7 + 8), Peugeot Boxer II, Citroen Jumper II et Dodge Ram ProMaster. Le caisson de basses actif est facile \u00e0 monter et s&rsquo;int\u00e8gre parfaitement sous la console centrale dans les v\u00e9hicules \u00e9quip\u00e9s d&rsquo;un porte-gobelet (sans station de charge inductive).\u00a0Le subwoofer actif est dot\u00e9 d&rsquo;un nouveau bo\u00eetier brevet\u00e9 en aluminium moul\u00e9 sous pression. Des supports massifs sp\u00e9cialement con\u00e7us en aluminium permettent un montage et un d\u00e9montage faciles du caisson de basse.\u00a0Le woofer de 15 cm \/ 6&Prime; \u00e0 l&rsquo;int\u00e9rieur du caisson de basses est efficacement aliment\u00e9 par le module amplificateur int\u00e9gr\u00e9 de 160 watts : suffisamment de puissance pour des basses intenses et profondes, m\u00eame dans de gros v\u00e9hicules. Le woofer est mont\u00e9 avec le haut-parleur en direction du bas selon le principe Downfire pour permettre un rayonnement optimal et une r\u00e9partition uniforme des basses.\u00a0Le caisson de basse actif est \u00e9quip\u00e9 d&rsquo;un filtre passe-bas 50 &#8211; 100 Hz int\u00e9gr\u00e9 et d&rsquo;une entr\u00e9e Cinch (entr\u00e9e bas niveau). Pour le raccordement aux autoradios sans sortie REM, l&rsquo;UG FIAT SUB6A dispose d&rsquo;une entr\u00e9e haut niveau (High Level Input) avec fonction d&rsquo;allumage automatique (d\u00e9tection SIG).<\/p>\n<p>UG FIAT SUB 6A\u00a0: module amplificateur avec une capacit\u00e9 de charge de musique de 160 W, woofer 15 cm \/ 6&Prime;, imp\u00e9dance 2 x 2 ohms<\/p>\n<p>Caract\u00e9ristiques principales UG FIAT SUB 6A<\/p>\n<ul>\n<li>Bo\u00eetier brevet\u00e9 en aluminium moul\u00e9 sous pression<\/li>\n<li>Woofer 15 cm \/ 6&Prime; mont\u00e9 selon le principe Downfire<\/li>\n<li>Amplificateur puissant 160 W<\/li>\n<li>Imp\u00e9dance\u00a02 x 2 ohms<\/li>\n<li>Filtre passe-bas int\u00e9gr\u00e9 50 &#8211; 100 Hz<\/li>\n<li>Entr\u00e9es bas et haut niveau<\/li>\n<li>Fonction d&rsquo;allumage automatique (d\u00e9tection SIG)<\/li>\n<\/ul>\n<p>Contenu de la livraison :<br \/>T\u00e9l\u00e9commande de niveau de basses et accessoires de montage et de fixation inclus<\/p>\n","protected":false},"excerpt":{"rendered":"<p>Mise \u00e0 niveau des basses pour camping-cars, v\u00e9hicules de camping et utilitaires\u00a0: Le subwoofer actif Plug &amp; Play UG FIAT SUB6A est compatible avec les Fiat Ducato III (S\u00e9rie 7 + 8), Peugeot Boxer II, Citroen Jumper II et Dodge Ram ProMaster. Le caisson de basses actif est facile \u00e0 monter et s&rsquo;int\u00e8gre parfaitement sous [&hellip;]<\/p>\n","protected":false},"featured_media":128190,"template":"","meta":{"_acf_changed":false},"product_featured_cat":[],"product_brand":[3538],"product_cat":[4499],"product_tag":[],"class_list":{"0":"post-128200","1":"product","2":"type-product","3":"status-publish","4":"has-post-thumbnail","6":"product_brand-eton","7":"product_cat-haut-parleurs","9":"first","10":"instock","11":"taxable","12":"shipping-taxable","13":"purchasable","14":"product-type-simple"},"acf":[],"yoast_head":"<!-- This site is optimized with the Yoast SEO plugin v27.4 - https:\/\/yoast.com\/product\/yoast-seo-wordpress\/ -->\n<title>Caisson de basses actif ETON Fiat Ducato - Bantam Wankm\u00fcller SA<\/title>\n<meta name=\"robots\" content=\"index, follow, max-snippet:-1, max-image-preview:large, max-video-preview:-1\" \/>\n<link rel=\"canonical\" href=\"https:\/\/shop.bantam.ch\/fr\/produit\/subwoofer-actif-pour-fiat-ducato\/\" \/>\n<meta property=\"og:locale\" content=\"fr_FR\" \/>\n<meta property=\"og:type\" content=\"article\" \/>\n<meta property=\"og:title\" content=\"Caisson de basses actif ETON Fiat Ducato - Bantam Wankm\u00fcller SA\" \/>\n<meta property=\"og:description\" content=\"Mise \u00e0 niveau des basses pour camping-cars, v\u00e9hicules de camping et utilitaires\u00a0: Le subwoofer actif Plug &amp; Play UG FIAT SUB6A est compatible avec les Fiat Ducato III (S\u00e9rie 7 + 8), Peugeot Boxer II, Citroen Jumper II et Dodge Ram ProMaster. Le caisson de basses actif est facile \u00e0 monter et s&rsquo;int\u00e8gre parfaitement sous [&hellip;]\" \/>\n<meta property=\"og:url\" content=\"https:\/\/shop.bantam.ch\/fr\/produit\/subwoofer-actif-pour-fiat-ducato\/\" \/>\n<meta property=\"og:site_name\" content=\"Bantam Wankm\u00fcller SA\" \/>\n<meta property=\"article:modified_time\" content=\"2026-04-21T19:55:06+00:00\" \/>\n<meta property=\"og:image\" content=\"https:\/\/shop.bantam.ch\/wp-content\/uploads\/2023\/03\/9961855100-scaled.jpg\" \/>\n\t<meta property=\"og:image:width\" content=\"2500\" \/>\n\t<meta property=\"og:image:height\" content=\"2500\" \/>\n\t<meta property=\"og:image:type\" content=\"image\/jpeg\" \/>\n<meta name=\"twitter:card\" content=\"summary_large_image\" \/>\n<meta name=\"twitter:label1\" content=\"Dur\u00e9e de lecture estim\u00e9e\" \/>\n\t<meta name=\"twitter:data1\" content=\"2 minutes\" \/>\n<script type=\"application\/ld+json\" class=\"yoast-schema-graph\">{\"@context\":\"https:\\\/\\\/schema.org\",\"@graph\":[{\"@type\":\"WebPage\",\"@id\":\"https:\\\/\\\/shop.bantam.ch\\\/fr\\\/produit\\\/subwoofer-actif-pour-fiat-ducato\\\/\",\"url\":\"https:\\\/\\\/shop.bantam.ch\\\/fr\\\/produit\\\/subwoofer-actif-pour-fiat-ducato\\\/\",\"name\":\"Caisson de basses actif ETON Fiat Ducato - Bantam Wankm\u00fcller SA\",\"isPartOf\":{\"@id\":\"https:\\\/\\\/shop.bantam.ch\\\/fr\\\/#website\"},\"primaryImageOfPage\":{\"@id\":\"https:\\\/\\\/shop.bantam.ch\\\/fr\\\/produit\\\/subwoofer-actif-pour-fiat-ducato\\\/#primaryimage\"},\"image\":{\"@id\":\"https:\\\/\\\/shop.bantam.ch\\\/fr\\\/produit\\\/subwoofer-actif-pour-fiat-ducato\\\/#primaryimage\"},\"thumbnailUrl\":\"https:\\\/\\\/shop.bantam.ch\\\/wp-content\\\/uploads\\\/2023\\\/03\\\/9961855100-scaled.jpg\",\"datePublished\":\"2023-03-01T00:31:05+00:00\",\"dateModified\":\"2026-04-21T19:55:06+00:00\",\"breadcrumb\":{\"@id\":\"https:\\\/\\\/shop.bantam.ch\\\/fr\\\/produit\\\/subwoofer-actif-pour-fiat-ducato\\\/#breadcrumb\"},\"inLanguage\":\"fr-FR\",\"potentialAction\":[{\"@type\":\"ReadAction\",\"target\":[\"https:\\\/\\\/shop.bantam.ch\\\/fr\\\/produit\\\/subwoofer-actif-pour-fiat-ducato\\\/\"]}]},{\"@type\":\"ImageObject\",\"inLanguage\":\"fr-FR\",\"@id\":\"https:\\\/\\\/shop.bantam.ch\\\/fr\\\/produit\\\/subwoofer-actif-pour-fiat-ducato\\\/#primaryimage\",\"url\":\"https:\\\/\\\/shop.bantam.ch\\\/wp-content\\\/uploads\\\/2023\\\/03\\\/9961855100-scaled.jpg\",\"contentUrl\":\"https:\\\/\\\/shop.bantam.ch\\\/wp-content\\\/uploads\\\/2023\\\/03\\\/9961855100-scaled.jpg\",\"width\":2048,\"height\":2048},{\"@type\":\"BreadcrumbList\",\"@id\":\"https:\\\/\\\/shop.bantam.ch\\\/fr\\\/produit\\\/subwoofer-actif-pour-fiat-ducato\\\/#breadcrumb\",\"itemListElement\":[{\"@type\":\"ListItem\",\"position\":1,\"name\":\"Accueil\",\"item\":\"https:\\\/\\\/shop.bantam.ch\\\/fr\\\/\"},{\"@type\":\"ListItem\",\"position\":2,\"name\":\"Boutique\",\"item\":\"https:\\\/\\\/shop.bantam.ch\\\/fr\\\/boutique\\\/\"},{\"@type\":\"ListItem\",\"position\":3,\"name\":\"Caisson de basses actif ETON Fiat Ducato\"}]},{\"@type\":\"WebSite\",\"@id\":\"https:\\\/\\\/shop.bantam.ch\\\/fr\\\/#website\",\"url\":\"https:\\\/\\\/shop.bantam.ch\\\/fr\\\/\",\"name\":\"Bantam Wankm\u00fcller SA\",\"description\":\"\",\"publisher\":{\"@id\":\"https:\\\/\\\/shop.bantam.ch\\\/fr\\\/#organization\"},\"inLanguage\":\"fr-FR\"},{\"@type\":\"Organization\",\"@id\":\"https:\\\/\\\/shop.bantam.ch\\\/fr\\\/#organization\",\"name\":\"Bantam Wankm\u00fcller SA\",\"url\":\"https:\\\/\\\/shop.bantam.ch\\\/fr\\\/\",\"logo\":{\"@type\":\"ImageObject\",\"inLanguage\":\"fr-FR\",\"@id\":\"https:\\\/\\\/shop.bantam.ch\\\/fr\\\/#\\\/schema\\\/logo\\\/image\\\/\",\"url\":\"https:\\\/\\\/shop.bantam.ch\\\/wp-content\\\/uploads\\\/2022\\\/12\\\/bantam-logo.png\",\"contentUrl\":\"https:\\\/\\\/shop.bantam.ch\\\/wp-content\\\/uploads\\\/2022\\\/12\\\/bantam-logo.png\",\"width\":320,\"height\":71,\"caption\":\"Bantam Wankm\u00fcller SA\"},\"image\":{\"@id\":\"https:\\\/\\\/shop.bantam.ch\\\/fr\\\/#\\\/schema\\\/logo\\\/image\\\/\"}}]}<\/script>\n<!-- \/ Yoast SEO plugin. -->","yoast_head_json":{"title":"Caisson de basses actif ETON Fiat Ducato - Bantam Wankm\u00fcller SA","robots":{"index":"index","follow":"follow","max-snippet":"max-snippet:-1","max-image-preview":"max-image-preview:large","max-video-preview":"max-video-preview:-1"},"canonical":"https:\/\/shop.bantam.ch\/fr\/produit\/subwoofer-actif-pour-fiat-ducato\/","og_locale":"fr_FR","og_type":"article","og_title":"Caisson de basses actif ETON Fiat Ducato - Bantam Wankm\u00fcller SA","og_description":"Mise \u00e0 niveau des basses pour camping-cars, v\u00e9hicules de camping et utilitaires\u00a0: Le subwoofer actif Plug &amp; Play UG FIAT SUB6A est compatible avec les Fiat Ducato III (S\u00e9rie 7 + 8), Peugeot Boxer II, Citroen Jumper II et Dodge Ram ProMaster. Le caisson de basses actif est facile \u00e0 monter et s&rsquo;int\u00e8gre parfaitement sous [&hellip;]","og_url":"https:\/\/shop.bantam.ch\/fr\/produit\/subwoofer-actif-pour-fiat-ducato\/","og_site_name":"Bantam Wankm\u00fcller SA","article_modified_time":"2026-04-21T19:55:06+00:00","og_image":[{"width":2500,"height":2500,"url":"https:\/\/shop.bantam.ch\/wp-content\/uploads\/2023\/03\/9961855100-scaled.jpg","type":"image\/jpeg"}],"twitter_card":"summary_large_image","twitter_misc":{"Dur\u00e9e de lecture estim\u00e9e":"2 minutes"},"schema":{"@context":"https:\/\/schema.org","@graph":[{"@type":"WebPage","@id":"https:\/\/shop.bantam.ch\/fr\/produit\/subwoofer-actif-pour-fiat-ducato\/","url":"https:\/\/shop.bantam.ch\/fr\/produit\/subwoofer-actif-pour-fiat-ducato\/","name":"Caisson de basses actif ETON Fiat Ducato - Bantam Wankm\u00fcller SA","isPartOf":{"@id":"https:\/\/shop.bantam.ch\/fr\/#website"},"primaryImageOfPage":{"@id":"https:\/\/shop.bantam.ch\/fr\/produit\/subwoofer-actif-pour-fiat-ducato\/#primaryimage"},"image":{"@id":"https:\/\/shop.bantam.ch\/fr\/produit\/subwoofer-actif-pour-fiat-ducato\/#primaryimage"},"thumbnailUrl":"https:\/\/shop.bantam.ch\/wp-content\/uploads\/2023\/03\/9961855100-scaled.jpg","datePublished":"2023-03-01T00:31:05+00:00","dateModified":"2026-04-21T19:55:06+00:00","breadcrumb":{"@id":"https:\/\/shop.bantam.ch\/fr\/produit\/subwoofer-actif-pour-fiat-ducato\/#breadcrumb"},"inLanguage":"fr-FR","potentialAction":[{"@type":"ReadAction","target":["https:\/\/shop.bantam.ch\/fr\/produit\/subwoofer-actif-pour-fiat-ducato\/"]}]},{"@type":"ImageObject","inLanguage":"fr-FR","@id":"https:\/\/shop.bantam.ch\/fr\/produit\/subwoofer-actif-pour-fiat-ducato\/#primaryimage","url":"https:\/\/shop.bantam.ch\/wp-content\/uploads\/2023\/03\/9961855100-scaled.jpg","contentUrl":"https:\/\/shop.bantam.ch\/wp-content\/uploads\/2023\/03\/9961855100-scaled.jpg","width":2048,"height":2048},{"@type":"BreadcrumbList","@id":"https:\/\/shop.bantam.ch\/fr\/produit\/subwoofer-actif-pour-fiat-ducato\/#breadcrumb","itemListElement":[{"@type":"ListItem","position":1,"name":"Accueil","item":"https:\/\/shop.bantam.ch\/fr\/"},{"@type":"ListItem","position":2,"name":"Boutique","item":"https:\/\/shop.bantam.ch\/fr\/boutique\/"},{"@type":"ListItem","position":3,"name":"Caisson de basses actif ETON Fiat Ducato"}]},{"@type":"WebSite","@id":"https:\/\/shop.bantam.ch\/fr\/#website","url":"https:\/\/shop.bantam.ch\/fr\/","name":"Bantam Wankm\u00fcller SA","description":"","publisher":{"@id":"https:\/\/shop.bantam.ch\/fr\/#organization"},"inLanguage":"fr-FR"},{"@type":"Organization","@id":"https:\/\/shop.bantam.ch\/fr\/#organization","name":"Bantam Wankm\u00fcller SA","url":"https:\/\/shop.bantam.ch\/fr\/","logo":{"@type":"ImageObject","inLanguage":"fr-FR","@id":"https:\/\/shop.bantam.ch\/fr\/#\/schema\/logo\/image\/","url":"https:\/\/shop.bantam.ch\/wp-content\/uploads\/2022\/12\/bantam-logo.png","contentUrl":"https:\/\/shop.bantam.ch\/wp-content\/uploads\/2022\/12\/bantam-logo.png","width":320,"height":71,"caption":"Bantam Wankm\u00fcller SA"},"image":{"@id":"https:\/\/shop.bantam.ch\/fr\/#\/schema\/logo\/image\/"}}]}},"_links":{"self":[{"href":"https:\/\/shop.bantam.ch\/fr\/wp-json\/wp\/v2\/product\/128200","targetHints":{"allow":["GET"]}}],"collection":[{"href":"https:\/\/shop.bantam.ch\/fr\/wp-json\/wp\/v2\/product"}],"about":[{"href":"https:\/\/shop.bantam.ch\/fr\/wp-json\/wp\/v2\/types\/product"}],"wp:featuredmedia":[{"embeddable":true,"href":"https:\/\/shop.bantam.ch\/fr\/wp-json\/wp\/v2\/media\/128190"}],"wp:attachment":[{"href":"https:\/\/shop.bantam.ch\/fr\/wp-json\/wp\/v2\/media?parent=128200"}],"wp:term":[{"taxonomy":"product_featured_cat","embeddable":true,"href":"https:\/\/shop.bantam.ch\/fr\/wp-json\/wp\/v2\/product_featured_cat?post=128200"},{"taxonomy":"product_brand","embeddable":true,"href":"https:\/\/shop.bantam.ch\/fr\/wp-json\/wp\/v2\/product_brand?post=128200"},{"taxonomy":"product_cat","embeddable":true,"href":"https:\/\/shop.bantam.ch\/fr\/wp-json\/wp\/v2\/product_cat?post=128200"},{"taxonomy":"product_tag","embeddable":true,"href":"https:\/\/shop.bantam.ch\/fr\/wp-json\/wp\/v2\/product_tag?post=128200"}],"curies":[{"name":"wp","href":"https:\/\/api.w.org\/{rel}","templated":true}]}}