{"id":128178,"date":"2023-03-01T01:30:51","date_gmt":"2023-03-01T00:30:51","guid":{"rendered":"https:\/\/shop.bantam.ch\/produit\/subwoofer-actif-pour-mb-sprinter-ford-transit-et-autres\/"},"modified":"2026-05-02T21:52:15","modified_gmt":"2026-05-02T19:52:15","slug":"subwoofer-actif-pour-mb-sprinter-ford-transit-et-autres","status":"publish","type":"product","link":"https:\/\/shop.bantam.ch\/fr\/produit\/subwoofer-actif-pour-mb-sprinter-ford-transit-et-autres\/","title":{"rendered":"Caisson de basses actif ETON USB6AR pour MB Sprinter, Ford Transit et autres"},"content":{"rendered":"<p>Le subwoofer actif ETON USB 6AR est un caisson de basses peu encombrant pour les voitures, les cabriolets, les camping-cars ou les camions. Il ne pourrait pas \u00eatre plus compact : de la taille d&rsquo;une page DIN A4 et d&rsquo;une hauteur minimale de 77 mm, le caisson de basses actif peut \u00eatre install\u00e9 presque n&rsquo;importe o\u00f9 dans la voiture, en particulier sous le si\u00e8ge du conducteur ou du passager avant.\u00a0Le bo\u00eetier solide du caisson de basses est enti\u00e8rement fait en aluminium moul\u00e9 sous pression et est encore plus rigide et plus r\u00e9sistant que le mod\u00e8le pr\u00e9c\u00e9dent. En raison de la plus grande surface, le bo\u00eetier peut mieux dissiper la chaleur perdue. Le woofer longue port\u00e9e de 150 mm \/ 6 pouces avec double bobine mobile 2 x 2 ohms, adapt\u00e9 au volume du bo\u00eetier, permet une reproduction puissante des basses. L&rsquo;amplificateur int\u00e9gr\u00e9 d\u00e9livre une puissance musicale totale de 160 W (2 x 80 W).\u00a0La basse sous le si\u00e8ge a des entr\u00e9es Cinch (RCA) \/ bas niveau et une entr\u00e9e haut niveau pour se connecter aux autoradios sans sortie Cinch. Un d\u00e9phasage (0\u00b0\/180\u00b0), un filtre passe-bas int\u00e9gr\u00e9, r\u00e9glable de 50 \u00e0 100 Hz, et une t\u00e9l\u00e9commande filaire de niveau de basses compl\u00e8tent l&rsquo;ensemble.\u00a0Le bo\u00eetier du caisson de basses actif au design \u00e9l\u00e9gant est id\u00e9al pour les autoradios \u00e0 faible niveau de basses, les syst\u00e8mes multim\u00e9dia ou les syst\u00e8mes de navigation. \u00c9tant donn\u00e9 que l&rsquo;USB 6AR est rapide \u00e0 installer mais \u00e9galement \u00e0 retirer, le subwoofer convient \u00e9galement aux v\u00e9hicules lou\u00e9s o\u00f9 le moins de modifications possible doivent \u00eatre apport\u00e9es.\u00a0Un design moderne et attrayant avec des dimensions intelligentes de seulement 290 x 202 x 77 mm (L x l x H), une puissance impressionnante de 160 watts, une ing\u00e9nierie allemande et une finition de qualit\u00e9 sup\u00e9rieure caract\u00e9risent ce subwoofer actif sous le si\u00e8ge ETON. L&rsquo;USB 6AR peut \u00eatre combin\u00e9 avec le SUB KIT ETON FIAT et est particuli\u00e8rement facile \u00e0 installer dans le FIAT Ducato III.<\/p>\n<p>Caract\u00e9ristiques principales USB 6AR<\/p>\n<ul>\n<li>Subwoofer actif sous le si\u00e8ge de 150 mm (6&Prime;)<\/li>\n<li>Bo\u00eetier en aluminium moul\u00e9 sous pression renforc\u00e9 et peint par poudrage<\/li>\n<li>Module actif avec une capacit\u00e9 de charge de musique de 160 W (2 x 80 W), filtre passe-bas int\u00e9gr\u00e9 50 Hz &#8211; 100 Hz<\/li>\n<li>Woofer longue port\u00e9e avec double bobine mobile 2 x 2 ohms<\/li>\n<li>D\u00e9phasage 0\u00b0\/180\u00b0<\/li>\n<li>Entr\u00e9es haut niveau avec allumage automatique<\/li>\n<li>Cinch (RCA) \/ entr\u00e9es bas niveau<\/li>\n<li>T\u00e9l\u00e9commande de niveau filaire comprise dans le contenu de la livraison<\/li>\n<li>Dimensions (L x l x h): 290 \u00d7 202 \u00d7 77\u00a0mm<\/li>\n<li>Engineered in Germany<\/li>\n<\/ul>\n","protected":false},"excerpt":{"rendered":"<p>Le subwoofer actif ETON USB 6AR est un caisson de basses peu encombrant pour les voitures, les cabriolets, les camping-cars ou les camions. Il ne pourrait pas \u00eatre plus compact : de la taille d&rsquo;une page DIN A4 et d&rsquo;une hauteur minimale de 77 mm, le caisson de basses actif peut \u00eatre install\u00e9 presque n&rsquo;importe [&hellip;]<\/p>\n","protected":false},"featured_media":128168,"template":"","meta":{"_acf_changed":false},"product_featured_cat":[],"product_brand":[3538],"product_cat":[4499],"product_tag":[],"class_list":{"0":"post-128178","1":"product","2":"type-product","3":"status-publish","4":"has-post-thumbnail","6":"product_brand-eton","7":"product_cat-haut-parleurs","9":"first","10":"instock","11":"taxable","12":"shipping-taxable","13":"purchasable","14":"product-type-simple"},"acf":[],"yoast_head":"<!-- This site is optimized with the Yoast SEO plugin v27.5 - https:\/\/yoast.com\/product\/yoast-seo-wordpress\/ -->\n<title>Caisson de basses actif ETON USB6AR pour MB Sprinter, Ford Transit et autres - Bantam<\/title>\n<meta name=\"robots\" content=\"index, follow, max-snippet:-1, max-image-preview:large, max-video-preview:-1\" \/>\n<link rel=\"canonical\" href=\"https:\/\/shop.bantam.ch\/fr\/produit\/subwoofer-actif-pour-mb-sprinter-ford-transit-et-autres\/\" \/>\n<meta property=\"og:locale\" content=\"fr_FR\" \/>\n<meta property=\"og:type\" content=\"article\" \/>\n<meta property=\"og:title\" content=\"Caisson de basses actif ETON USB6AR pour MB Sprinter, Ford Transit et autres - Bantam\" \/>\n<meta property=\"og:description\" content=\"Le subwoofer actif ETON USB 6AR est un caisson de basses peu encombrant pour les voitures, les cabriolets, les camping-cars ou les camions. Il ne pourrait pas \u00eatre plus compact : de la taille d&rsquo;une page DIN A4 et d&rsquo;une hauteur minimale de 77 mm, le caisson de basses actif peut \u00eatre install\u00e9 presque n&rsquo;importe [&hellip;]\" \/>\n<meta property=\"og:url\" content=\"https:\/\/shop.bantam.ch\/fr\/produit\/subwoofer-actif-pour-mb-sprinter-ford-transit-et-autres\/\" \/>\n<meta property=\"og:site_name\" content=\"Bantam\" \/>\n<meta property=\"article:modified_time\" content=\"2026-05-02T19:52:15+00:00\" \/>\n<meta property=\"og:image\" content=\"https:\/\/shop.bantam.ch\/wp-content\/uploads\/2023\/03\/9961854100.jpg\" \/>\n\t<meta property=\"og:image:width\" content=\"1800\" \/>\n\t<meta property=\"og:image:height\" content=\"1800\" \/>\n\t<meta property=\"og:image:type\" content=\"image\/jpeg\" \/>\n<meta name=\"twitter:card\" content=\"summary_large_image\" \/>\n<meta name=\"twitter:label1\" content=\"Dur\u00e9e de lecture estim\u00e9e\" \/>\n\t<meta name=\"twitter:data1\" content=\"2 minutes\" \/>\n<script type=\"application\/ld+json\" class=\"yoast-schema-graph\">{\"@context\":\"https:\\\/\\\/schema.org\",\"@graph\":[{\"@type\":\"WebPage\",\"@id\":\"https:\\\/\\\/shop.bantam.ch\\\/fr\\\/produit\\\/subwoofer-actif-pour-mb-sprinter-ford-transit-et-autres\\\/\",\"url\":\"https:\\\/\\\/shop.bantam.ch\\\/fr\\\/produit\\\/subwoofer-actif-pour-mb-sprinter-ford-transit-et-autres\\\/\",\"name\":\"Caisson de basses actif ETON USB6AR pour MB Sprinter, Ford Transit et autres - Bantam\",\"isPartOf\":{\"@id\":\"https:\\\/\\\/shop.bantam.ch\\\/fr\\\/#website\"},\"primaryImageOfPage\":{\"@id\":\"https:\\\/\\\/shop.bantam.ch\\\/fr\\\/produit\\\/subwoofer-actif-pour-mb-sprinter-ford-transit-et-autres\\\/#primaryimage\"},\"image\":{\"@id\":\"https:\\\/\\\/shop.bantam.ch\\\/fr\\\/produit\\\/subwoofer-actif-pour-mb-sprinter-ford-transit-et-autres\\\/#primaryimage\"},\"thumbnailUrl\":\"https:\\\/\\\/shop.bantam.ch\\\/wp-content\\\/uploads\\\/2023\\\/03\\\/9961854100.jpg\",\"datePublished\":\"2023-03-01T00:30:51+00:00\",\"dateModified\":\"2026-05-02T19:52:15+00:00\",\"breadcrumb\":{\"@id\":\"https:\\\/\\\/shop.bantam.ch\\\/fr\\\/produit\\\/subwoofer-actif-pour-mb-sprinter-ford-transit-et-autres\\\/#breadcrumb\"},\"inLanguage\":\"fr-FR\",\"potentialAction\":[{\"@type\":\"ReadAction\",\"target\":[\"https:\\\/\\\/shop.bantam.ch\\\/fr\\\/produit\\\/subwoofer-actif-pour-mb-sprinter-ford-transit-et-autres\\\/\"]}]},{\"@type\":\"ImageObject\",\"inLanguage\":\"fr-FR\",\"@id\":\"https:\\\/\\\/shop.bantam.ch\\\/fr\\\/produit\\\/subwoofer-actif-pour-mb-sprinter-ford-transit-et-autres\\\/#primaryimage\",\"url\":\"https:\\\/\\\/shop.bantam.ch\\\/wp-content\\\/uploads\\\/2023\\\/03\\\/9961854100.jpg\",\"contentUrl\":\"https:\\\/\\\/shop.bantam.ch\\\/wp-content\\\/uploads\\\/2023\\\/03\\\/9961854100.jpg\",\"width\":1800,\"height\":1800},{\"@type\":\"BreadcrumbList\",\"@id\":\"https:\\\/\\\/shop.bantam.ch\\\/fr\\\/produit\\\/subwoofer-actif-pour-mb-sprinter-ford-transit-et-autres\\\/#breadcrumb\",\"itemListElement\":[{\"@type\":\"ListItem\",\"position\":1,\"name\":\"Accueil\",\"item\":\"https:\\\/\\\/shop.bantam.ch\\\/fr\\\/\"},{\"@type\":\"ListItem\",\"position\":2,\"name\":\"Boutique\",\"item\":\"https:\\\/\\\/shop.bantam.ch\\\/fr\\\/boutique\\\/\"},{\"@type\":\"ListItem\",\"position\":3,\"name\":\"Caisson de basses actif ETON USB6AR pour MB Sprinter, Ford Transit et autres\"}]},{\"@type\":\"WebSite\",\"@id\":\"https:\\\/\\\/shop.bantam.ch\\\/fr\\\/#website\",\"url\":\"https:\\\/\\\/shop.bantam.ch\\\/fr\\\/\",\"name\":\"Bantam\",\"description\":\"\",\"publisher\":{\"@id\":\"https:\\\/\\\/shop.bantam.ch\\\/fr\\\/#organization\"},\"inLanguage\":\"fr-FR\"},{\"@type\":\"Organization\",\"@id\":\"https:\\\/\\\/shop.bantam.ch\\\/fr\\\/#organization\",\"name\":\"Bantam\",\"url\":\"https:\\\/\\\/shop.bantam.ch\\\/fr\\\/\",\"logo\":{\"@type\":\"ImageObject\",\"inLanguage\":\"fr-FR\",\"@id\":\"https:\\\/\\\/shop.bantam.ch\\\/fr\\\/#\\\/schema\\\/logo\\\/image\\\/\",\"url\":\"https:\\\/\\\/shop.bantam.ch\\\/wp-content\\\/uploads\\\/2022\\\/12\\\/bantam-logo.png\",\"contentUrl\":\"https:\\\/\\\/shop.bantam.ch\\\/wp-content\\\/uploads\\\/2022\\\/12\\\/bantam-logo.png\",\"width\":320,\"height\":71,\"caption\":\"Bantam\"},\"image\":{\"@id\":\"https:\\\/\\\/shop.bantam.ch\\\/fr\\\/#\\\/schema\\\/logo\\\/image\\\/\"}}]}<\/script>\n<!-- \/ Yoast SEO plugin. -->","yoast_head_json":{"title":"Caisson de basses actif ETON USB6AR pour MB Sprinter, Ford Transit et autres - Bantam","robots":{"index":"index","follow":"follow","max-snippet":"max-snippet:-1","max-image-preview":"max-image-preview:large","max-video-preview":"max-video-preview:-1"},"canonical":"https:\/\/shop.bantam.ch\/fr\/produit\/subwoofer-actif-pour-mb-sprinter-ford-transit-et-autres\/","og_locale":"fr_FR","og_type":"article","og_title":"Caisson de basses actif ETON USB6AR pour MB Sprinter, Ford Transit et autres - Bantam","og_description":"Le subwoofer actif ETON USB 6AR est un caisson de basses peu encombrant pour les voitures, les cabriolets, les camping-cars ou les camions. Il ne pourrait pas \u00eatre plus compact : de la taille d&rsquo;une page DIN A4 et d&rsquo;une hauteur minimale de 77 mm, le caisson de basses actif peut \u00eatre install\u00e9 presque n&rsquo;importe [&hellip;]","og_url":"https:\/\/shop.bantam.ch\/fr\/produit\/subwoofer-actif-pour-mb-sprinter-ford-transit-et-autres\/","og_site_name":"Bantam","article_modified_time":"2026-05-02T19:52:15+00:00","og_image":[{"width":1800,"height":1800,"url":"https:\/\/shop.bantam.ch\/wp-content\/uploads\/2023\/03\/9961854100.jpg","type":"image\/jpeg"}],"twitter_card":"summary_large_image","twitter_misc":{"Dur\u00e9e de lecture estim\u00e9e":"2 minutes"},"schema":{"@context":"https:\/\/schema.org","@graph":[{"@type":"WebPage","@id":"https:\/\/shop.bantam.ch\/fr\/produit\/subwoofer-actif-pour-mb-sprinter-ford-transit-et-autres\/","url":"https:\/\/shop.bantam.ch\/fr\/produit\/subwoofer-actif-pour-mb-sprinter-ford-transit-et-autres\/","name":"Caisson de basses actif ETON USB6AR pour MB Sprinter, Ford Transit et autres - Bantam","isPartOf":{"@id":"https:\/\/shop.bantam.ch\/fr\/#website"},"primaryImageOfPage":{"@id":"https:\/\/shop.bantam.ch\/fr\/produit\/subwoofer-actif-pour-mb-sprinter-ford-transit-et-autres\/#primaryimage"},"image":{"@id":"https:\/\/shop.bantam.ch\/fr\/produit\/subwoofer-actif-pour-mb-sprinter-ford-transit-et-autres\/#primaryimage"},"thumbnailUrl":"https:\/\/shop.bantam.ch\/wp-content\/uploads\/2023\/03\/9961854100.jpg","datePublished":"2023-03-01T00:30:51+00:00","dateModified":"2026-05-02T19:52:15+00:00","breadcrumb":{"@id":"https:\/\/shop.bantam.ch\/fr\/produit\/subwoofer-actif-pour-mb-sprinter-ford-transit-et-autres\/#breadcrumb"},"inLanguage":"fr-FR","potentialAction":[{"@type":"ReadAction","target":["https:\/\/shop.bantam.ch\/fr\/produit\/subwoofer-actif-pour-mb-sprinter-ford-transit-et-autres\/"]}]},{"@type":"ImageObject","inLanguage":"fr-FR","@id":"https:\/\/shop.bantam.ch\/fr\/produit\/subwoofer-actif-pour-mb-sprinter-ford-transit-et-autres\/#primaryimage","url":"https:\/\/shop.bantam.ch\/wp-content\/uploads\/2023\/03\/9961854100.jpg","contentUrl":"https:\/\/shop.bantam.ch\/wp-content\/uploads\/2023\/03\/9961854100.jpg","width":1800,"height":1800},{"@type":"BreadcrumbList","@id":"https:\/\/shop.bantam.ch\/fr\/produit\/subwoofer-actif-pour-mb-sprinter-ford-transit-et-autres\/#breadcrumb","itemListElement":[{"@type":"ListItem","position":1,"name":"Accueil","item":"https:\/\/shop.bantam.ch\/fr\/"},{"@type":"ListItem","position":2,"name":"Boutique","item":"https:\/\/shop.bantam.ch\/fr\/boutique\/"},{"@type":"ListItem","position":3,"name":"Caisson de basses actif ETON USB6AR pour MB Sprinter, Ford Transit et autres"}]},{"@type":"WebSite","@id":"https:\/\/shop.bantam.ch\/fr\/#website","url":"https:\/\/shop.bantam.ch\/fr\/","name":"Bantam","description":"","publisher":{"@id":"https:\/\/shop.bantam.ch\/fr\/#organization"},"inLanguage":"fr-FR"},{"@type":"Organization","@id":"https:\/\/shop.bantam.ch\/fr\/#organization","name":"Bantam","url":"https:\/\/shop.bantam.ch\/fr\/","logo":{"@type":"ImageObject","inLanguage":"fr-FR","@id":"https:\/\/shop.bantam.ch\/fr\/#\/schema\/logo\/image\/","url":"https:\/\/shop.bantam.ch\/wp-content\/uploads\/2022\/12\/bantam-logo.png","contentUrl":"https:\/\/shop.bantam.ch\/wp-content\/uploads\/2022\/12\/bantam-logo.png","width":320,"height":71,"caption":"Bantam"},"image":{"@id":"https:\/\/shop.bantam.ch\/fr\/#\/schema\/logo\/image\/"}}]}},"_links":{"self":[{"href":"https:\/\/shop.bantam.ch\/fr\/wp-json\/wp\/v2\/product\/128178","targetHints":{"allow":["GET"]}}],"collection":[{"href":"https:\/\/shop.bantam.ch\/fr\/wp-json\/wp\/v2\/product"}],"about":[{"href":"https:\/\/shop.bantam.ch\/fr\/wp-json\/wp\/v2\/types\/product"}],"wp:featuredmedia":[{"embeddable":true,"href":"https:\/\/shop.bantam.ch\/fr\/wp-json\/wp\/v2\/media\/128168"}],"wp:attachment":[{"href":"https:\/\/shop.bantam.ch\/fr\/wp-json\/wp\/v2\/media?parent=128178"}],"wp:term":[{"taxonomy":"product_featured_cat","embeddable":true,"href":"https:\/\/shop.bantam.ch\/fr\/wp-json\/wp\/v2\/product_featured_cat?post=128178"},{"taxonomy":"product_brand","embeddable":true,"href":"https:\/\/shop.bantam.ch\/fr\/wp-json\/wp\/v2\/product_brand?post=128178"},{"taxonomy":"product_cat","embeddable":true,"href":"https:\/\/shop.bantam.ch\/fr\/wp-json\/wp\/v2\/product_cat?post=128178"},{"taxonomy":"product_tag","embeddable":true,"href":"https:\/\/shop.bantam.ch\/fr\/wp-json\/wp\/v2\/product_tag?post=128178"}],"curies":[{"name":"wp","href":"https:\/\/api.w.org\/{rel}","templated":true}]}}