{"id":128044,"date":"2023-03-01T01:28:19","date_gmt":"2023-03-01T00:28:19","guid":{"rendered":"https:\/\/shop.bantam.ch\/produit\/hdmi-extender-mini-ii\/"},"modified":"2026-04-19T21:56:47","modified_gmt":"2026-04-19T19:56:47","slug":"hdmi-extender-mini-ii","status":"publish","type":"product","link":"https:\/\/shop.bantam.ch\/fr\/produit\/hdmi-extender-mini-ii\/","title":{"rendered":"HDMI Extender MEGASAT Mini II"},"content":{"rendered":"<p>Le HDMI Extender Mini se compose d&rsquo;un \u00e9metteur et d&rsquo;un r\u00e9cepteur, chacun avec une interface HDMI. Le syst\u00e8me permet la transmission sans fil des signaux HDMI en Full HD jusqu&rsquo;\u00e0 une distance de 30 m\u00e8tres. Le raccordement et la connexion se font en quelques secondes (Plug &amp; Play). Le fonctionnement avec une fr\u00e9quence de 5 GHz r\u00e9duit ou \u00e9limine les interf\u00e9rences provenant d&rsquo;autres sources radio. Pour l&rsquo;alimentation, connectez l&rsquo;\u00e9metteur et le r\u00e9cepteur avec le c\u00e2ble micro USB et le port USB sur l&rsquo;appareil source et l&rsquo;appareil de lecture. Vous pouvez \u00e9galement utiliser alternativement un bloc d&rsquo;alimentation appropri\u00e9 (DC 5 V, 1A).\u00a0L&rsquo;\u00e9metteur supporte jusqu&rsquo;\u00e0 deux r\u00e9cepteurs, vous pouvez donc transmettre votre signal source HDMI \u00e0 deux r\u00e9cepteurs (set suppl\u00e9mentaire requis). La solution id\u00e9ale pour les r\u00e9unions, les conf\u00e9rences, les loisirs \u00e0 domicile et les applications multim\u00e9dias.<\/p>\n","protected":false},"excerpt":{"rendered":"<p>Le HDMI Extender Mini se compose d&rsquo;un \u00e9metteur et d&rsquo;un r\u00e9cepteur, chacun avec une interface HDMI. Le syst\u00e8me permet la transmission sans fil des signaux HDMI en Full HD jusqu&rsquo;\u00e0 une distance de 30 m\u00e8tres. Le raccordement et la connexion se font en quelques secondes (Plug &amp; Play). Le fonctionnement avec une fr\u00e9quence de 5 [&hellip;]<\/p>\n","protected":false},"featured_media":128036,"template":"","meta":{"_acf_changed":false},"product_featured_cat":[],"product_brand":[3200],"product_cat":[4991],"product_tag":[],"class_list":{"0":"post-128044","1":"product","2":"type-product","3":"status-publish","4":"has-post-thumbnail","6":"product_brand-megasat","7":"product_cat-autres-accessoires-pour-televiseurs","9":"first","10":"instock","11":"taxable","12":"shipping-taxable","13":"purchasable","14":"product-type-simple"},"acf":[],"yoast_head":"<!-- This site is optimized with the Yoast SEO plugin v27.4 - https:\/\/yoast.com\/product\/yoast-seo-wordpress\/ -->\n<title>HDMI Extender MEGASAT Mini II - Bantam Wankm\u00fcller SA<\/title>\n<meta name=\"robots\" content=\"index, follow, max-snippet:-1, max-image-preview:large, max-video-preview:-1\" \/>\n<link rel=\"canonical\" href=\"https:\/\/shop.bantam.ch\/fr\/produit\/hdmi-extender-mini-ii\/\" \/>\n<meta property=\"og:locale\" content=\"fr_FR\" \/>\n<meta property=\"og:type\" content=\"article\" \/>\n<meta property=\"og:title\" content=\"HDMI Extender MEGASAT Mini II - Bantam Wankm\u00fcller SA\" \/>\n<meta property=\"og:description\" content=\"Le HDMI Extender Mini se compose d&rsquo;un \u00e9metteur et d&rsquo;un r\u00e9cepteur, chacun avec une interface HDMI. Le syst\u00e8me permet la transmission sans fil des signaux HDMI en Full HD jusqu&rsquo;\u00e0 une distance de 30 m\u00e8tres. Le raccordement et la connexion se font en quelques secondes (Plug &amp; Play). Le fonctionnement avec une fr\u00e9quence de 5 [&hellip;]\" \/>\n<meta property=\"og:url\" content=\"https:\/\/shop.bantam.ch\/fr\/produit\/hdmi-extender-mini-ii\/\" \/>\n<meta property=\"og:site_name\" content=\"Bantam Wankm\u00fcller SA\" \/>\n<meta property=\"article:modified_time\" content=\"2026-04-19T19:56:47+00:00\" \/>\n<meta property=\"og:image\" content=\"https:\/\/shop.bantam.ch\/wp-content\/uploads\/2023\/03\/9961853100.jpg\" \/>\n\t<meta property=\"og:image:width\" content=\"1000\" \/>\n\t<meta property=\"og:image:height\" content=\"900\" \/>\n\t<meta property=\"og:image:type\" content=\"image\/jpeg\" \/>\n<meta name=\"twitter:card\" content=\"summary_large_image\" \/>\n<meta name=\"twitter:label1\" content=\"Dur\u00e9e de lecture estim\u00e9e\" \/>\n\t<meta name=\"twitter:data1\" content=\"1 minute\" \/>\n<script type=\"application\/ld+json\" class=\"yoast-schema-graph\">{\"@context\":\"https:\\\/\\\/schema.org\",\"@graph\":[{\"@type\":\"WebPage\",\"@id\":\"https:\\\/\\\/shop.bantam.ch\\\/fr\\\/produit\\\/hdmi-extender-mini-ii\\\/\",\"url\":\"https:\\\/\\\/shop.bantam.ch\\\/fr\\\/produit\\\/hdmi-extender-mini-ii\\\/\",\"name\":\"HDMI Extender MEGASAT Mini II - Bantam Wankm\u00fcller SA\",\"isPartOf\":{\"@id\":\"https:\\\/\\\/shop.bantam.ch\\\/fr\\\/#website\"},\"primaryImageOfPage\":{\"@id\":\"https:\\\/\\\/shop.bantam.ch\\\/fr\\\/produit\\\/hdmi-extender-mini-ii\\\/#primaryimage\"},\"image\":{\"@id\":\"https:\\\/\\\/shop.bantam.ch\\\/fr\\\/produit\\\/hdmi-extender-mini-ii\\\/#primaryimage\"},\"thumbnailUrl\":\"https:\\\/\\\/shop.bantam.ch\\\/wp-content\\\/uploads\\\/2023\\\/03\\\/9961853100.jpg\",\"datePublished\":\"2023-03-01T00:28:19+00:00\",\"dateModified\":\"2026-04-19T19:56:47+00:00\",\"breadcrumb\":{\"@id\":\"https:\\\/\\\/shop.bantam.ch\\\/fr\\\/produit\\\/hdmi-extender-mini-ii\\\/#breadcrumb\"},\"inLanguage\":\"fr-FR\",\"potentialAction\":[{\"@type\":\"ReadAction\",\"target\":[\"https:\\\/\\\/shop.bantam.ch\\\/fr\\\/produit\\\/hdmi-extender-mini-ii\\\/\"]}]},{\"@type\":\"ImageObject\",\"inLanguage\":\"fr-FR\",\"@id\":\"https:\\\/\\\/shop.bantam.ch\\\/fr\\\/produit\\\/hdmi-extender-mini-ii\\\/#primaryimage\",\"url\":\"https:\\\/\\\/shop.bantam.ch\\\/wp-content\\\/uploads\\\/2023\\\/03\\\/9961853100.jpg\",\"contentUrl\":\"https:\\\/\\\/shop.bantam.ch\\\/wp-content\\\/uploads\\\/2023\\\/03\\\/9961853100.jpg\",\"width\":1000,\"height\":900},{\"@type\":\"BreadcrumbList\",\"@id\":\"https:\\\/\\\/shop.bantam.ch\\\/fr\\\/produit\\\/hdmi-extender-mini-ii\\\/#breadcrumb\",\"itemListElement\":[{\"@type\":\"ListItem\",\"position\":1,\"name\":\"Accueil\",\"item\":\"https:\\\/\\\/shop.bantam.ch\\\/fr\\\/\"},{\"@type\":\"ListItem\",\"position\":2,\"name\":\"Boutique\",\"item\":\"https:\\\/\\\/shop.bantam.ch\\\/fr\\\/boutique\\\/\"},{\"@type\":\"ListItem\",\"position\":3,\"name\":\"HDMI Extender MEGASAT Mini II\"}]},{\"@type\":\"WebSite\",\"@id\":\"https:\\\/\\\/shop.bantam.ch\\\/fr\\\/#website\",\"url\":\"https:\\\/\\\/shop.bantam.ch\\\/fr\\\/\",\"name\":\"Bantam Wankm\u00fcller SA\",\"description\":\"\",\"publisher\":{\"@id\":\"https:\\\/\\\/shop.bantam.ch\\\/fr\\\/#organization\"},\"inLanguage\":\"fr-FR\"},{\"@type\":\"Organization\",\"@id\":\"https:\\\/\\\/shop.bantam.ch\\\/fr\\\/#organization\",\"name\":\"Bantam Wankm\u00fcller SA\",\"url\":\"https:\\\/\\\/shop.bantam.ch\\\/fr\\\/\",\"logo\":{\"@type\":\"ImageObject\",\"inLanguage\":\"fr-FR\",\"@id\":\"https:\\\/\\\/shop.bantam.ch\\\/fr\\\/#\\\/schema\\\/logo\\\/image\\\/\",\"url\":\"https:\\\/\\\/shop.bantam.ch\\\/wp-content\\\/uploads\\\/2022\\\/12\\\/bantam-logo.png\",\"contentUrl\":\"https:\\\/\\\/shop.bantam.ch\\\/wp-content\\\/uploads\\\/2022\\\/12\\\/bantam-logo.png\",\"width\":320,\"height\":71,\"caption\":\"Bantam Wankm\u00fcller SA\"},\"image\":{\"@id\":\"https:\\\/\\\/shop.bantam.ch\\\/fr\\\/#\\\/schema\\\/logo\\\/image\\\/\"}}]}<\/script>\n<!-- \/ Yoast SEO plugin. -->","yoast_head_json":{"title":"HDMI Extender MEGASAT Mini II - Bantam Wankm\u00fcller SA","robots":{"index":"index","follow":"follow","max-snippet":"max-snippet:-1","max-image-preview":"max-image-preview:large","max-video-preview":"max-video-preview:-1"},"canonical":"https:\/\/shop.bantam.ch\/fr\/produit\/hdmi-extender-mini-ii\/","og_locale":"fr_FR","og_type":"article","og_title":"HDMI Extender MEGASAT Mini II - Bantam Wankm\u00fcller SA","og_description":"Le HDMI Extender Mini se compose d&rsquo;un \u00e9metteur et d&rsquo;un r\u00e9cepteur, chacun avec une interface HDMI. Le syst\u00e8me permet la transmission sans fil des signaux HDMI en Full HD jusqu&rsquo;\u00e0 une distance de 30 m\u00e8tres. Le raccordement et la connexion se font en quelques secondes (Plug &amp; Play). Le fonctionnement avec une fr\u00e9quence de 5 [&hellip;]","og_url":"https:\/\/shop.bantam.ch\/fr\/produit\/hdmi-extender-mini-ii\/","og_site_name":"Bantam Wankm\u00fcller SA","article_modified_time":"2026-04-19T19:56:47+00:00","og_image":[{"width":1000,"height":900,"url":"https:\/\/shop.bantam.ch\/wp-content\/uploads\/2023\/03\/9961853100.jpg","type":"image\/jpeg"}],"twitter_card":"summary_large_image","twitter_misc":{"Dur\u00e9e de lecture estim\u00e9e":"1 minute"},"schema":{"@context":"https:\/\/schema.org","@graph":[{"@type":"WebPage","@id":"https:\/\/shop.bantam.ch\/fr\/produit\/hdmi-extender-mini-ii\/","url":"https:\/\/shop.bantam.ch\/fr\/produit\/hdmi-extender-mini-ii\/","name":"HDMI Extender MEGASAT Mini II - Bantam Wankm\u00fcller SA","isPartOf":{"@id":"https:\/\/shop.bantam.ch\/fr\/#website"},"primaryImageOfPage":{"@id":"https:\/\/shop.bantam.ch\/fr\/produit\/hdmi-extender-mini-ii\/#primaryimage"},"image":{"@id":"https:\/\/shop.bantam.ch\/fr\/produit\/hdmi-extender-mini-ii\/#primaryimage"},"thumbnailUrl":"https:\/\/shop.bantam.ch\/wp-content\/uploads\/2023\/03\/9961853100.jpg","datePublished":"2023-03-01T00:28:19+00:00","dateModified":"2026-04-19T19:56:47+00:00","breadcrumb":{"@id":"https:\/\/shop.bantam.ch\/fr\/produit\/hdmi-extender-mini-ii\/#breadcrumb"},"inLanguage":"fr-FR","potentialAction":[{"@type":"ReadAction","target":["https:\/\/shop.bantam.ch\/fr\/produit\/hdmi-extender-mini-ii\/"]}]},{"@type":"ImageObject","inLanguage":"fr-FR","@id":"https:\/\/shop.bantam.ch\/fr\/produit\/hdmi-extender-mini-ii\/#primaryimage","url":"https:\/\/shop.bantam.ch\/wp-content\/uploads\/2023\/03\/9961853100.jpg","contentUrl":"https:\/\/shop.bantam.ch\/wp-content\/uploads\/2023\/03\/9961853100.jpg","width":1000,"height":900},{"@type":"BreadcrumbList","@id":"https:\/\/shop.bantam.ch\/fr\/produit\/hdmi-extender-mini-ii\/#breadcrumb","itemListElement":[{"@type":"ListItem","position":1,"name":"Accueil","item":"https:\/\/shop.bantam.ch\/fr\/"},{"@type":"ListItem","position":2,"name":"Boutique","item":"https:\/\/shop.bantam.ch\/fr\/boutique\/"},{"@type":"ListItem","position":3,"name":"HDMI Extender MEGASAT Mini II"}]},{"@type":"WebSite","@id":"https:\/\/shop.bantam.ch\/fr\/#website","url":"https:\/\/shop.bantam.ch\/fr\/","name":"Bantam Wankm\u00fcller SA","description":"","publisher":{"@id":"https:\/\/shop.bantam.ch\/fr\/#organization"},"inLanguage":"fr-FR"},{"@type":"Organization","@id":"https:\/\/shop.bantam.ch\/fr\/#organization","name":"Bantam Wankm\u00fcller SA","url":"https:\/\/shop.bantam.ch\/fr\/","logo":{"@type":"ImageObject","inLanguage":"fr-FR","@id":"https:\/\/shop.bantam.ch\/fr\/#\/schema\/logo\/image\/","url":"https:\/\/shop.bantam.ch\/wp-content\/uploads\/2022\/12\/bantam-logo.png","contentUrl":"https:\/\/shop.bantam.ch\/wp-content\/uploads\/2022\/12\/bantam-logo.png","width":320,"height":71,"caption":"Bantam Wankm\u00fcller SA"},"image":{"@id":"https:\/\/shop.bantam.ch\/fr\/#\/schema\/logo\/image\/"}}]}},"_links":{"self":[{"href":"https:\/\/shop.bantam.ch\/fr\/wp-json\/wp\/v2\/product\/128044","targetHints":{"allow":["GET"]}}],"collection":[{"href":"https:\/\/shop.bantam.ch\/fr\/wp-json\/wp\/v2\/product"}],"about":[{"href":"https:\/\/shop.bantam.ch\/fr\/wp-json\/wp\/v2\/types\/product"}],"wp:featuredmedia":[{"embeddable":true,"href":"https:\/\/shop.bantam.ch\/fr\/wp-json\/wp\/v2\/media\/128036"}],"wp:attachment":[{"href":"https:\/\/shop.bantam.ch\/fr\/wp-json\/wp\/v2\/media?parent=128044"}],"wp:term":[{"taxonomy":"product_featured_cat","embeddable":true,"href":"https:\/\/shop.bantam.ch\/fr\/wp-json\/wp\/v2\/product_featured_cat?post=128044"},{"taxonomy":"product_brand","embeddable":true,"href":"https:\/\/shop.bantam.ch\/fr\/wp-json\/wp\/v2\/product_brand?post=128044"},{"taxonomy":"product_cat","embeddable":true,"href":"https:\/\/shop.bantam.ch\/fr\/wp-json\/wp\/v2\/product_cat?post=128044"},{"taxonomy":"product_tag","embeddable":true,"href":"https:\/\/shop.bantam.ch\/fr\/wp-json\/wp\/v2\/product_tag?post=128044"}],"curies":[{"name":"wp","href":"https:\/\/api.w.org\/{rel}","templated":true}]}}