{"id":128024,"date":"2023-03-01T01:28:08","date_gmt":"2023-03-01T00:28:08","guid":{"rendered":"https:\/\/shop.bantam.ch\/produit\/systeme-dalarme-sans-fil-wipro-easy\/"},"modified":"2026-04-21T21:54:56","modified_gmt":"2026-04-21T19:54:56","slug":"systeme-dalarme-sans-fil-wipro-easy","status":"publish","type":"product","link":"https:\/\/shop.bantam.ch\/fr\/produit\/systeme-dalarme-sans-fil-wipro-easy\/","title":{"rendered":"Alarme radio THITRONIK WiPro easy"},"content":{"rendered":"<p>Le WiPro easy est le syst\u00e8me d&rsquo;alarme id\u00e9al pour les propri\u00e9taires de caravanes et les passionn\u00e9s de bricolage. Ce syst\u00e8me d&rsquo;alarme compact est facile \u00e0 installer et offre les normes de s\u00e9curit\u00e9 \u00e9prouv\u00e9es de THITRONIK\u00ae. Le contenu de la livraison comprend une t\u00e9l\u00e9commande radio permettant d&rsquo;activer et de d\u00e9sactiver le syst\u00e8me d&rsquo;alarme ainsi qu&rsquo;un contact magn\u00e9tique radio. De plus, vous pouvez ajouter jusqu&rsquo;\u00e0 8 composants radio suppl\u00e9mentaires \u00e0 l&rsquo;installation. La sir\u00e8ne de 105 dB dissuade tout intrus, la fonction alarme en cas de panique assure une s\u00e9curit\u00e9 suppl\u00e9mentaire.\u00a0<\/p>\n<p><strong>Une s\u00e9curit\u00e9 sans compromis<\/strong><\/p>\n<p>Modulaire, la WiPro easy peut \u00eatre compl\u00e9t\u00e9e et s&rsquo;adapte ainsi \u00e0 vos besoins en mati\u00e8re de s\u00e9curit\u00e9. Gr\u00e2ce au vaste assortiment d&rsquo;accessoires radio, le syst\u00e8me d&rsquo;alarme r\u00e9pond de mani\u00e8re optimale \u00e0 toutes les exigences de s\u00e9curit\u00e9. Peu importe que votre v\u00e9hicule soit un v\u00e9hicule neuf dernier cri ou une voiture de collection ch\u00e9rie : la mise sous tension de l&rsquo;alarme est adapt\u00e9e \u00e0 tous les v\u00e9hicules de base, quel que soit le constructeur ou l&rsquo;\u00e2ge.<\/p>\n<p>\u00a0<\/p>\n<p><strong>La protection que m\u00e9rite votre projet<\/strong><\/p>\n<p>Le syst\u00e8me d&rsquo;alarme sans fil WiPro easy vous offre une protection fiable pour votre v\u00e9hicule &#8211; simple d&rsquo;installation et intuitif. Des contacts magn\u00e9tiques radio modernes s&rsquo;adaptent aux diff\u00e9rents mod\u00e8les de ch\u00e2ssis de fen\u00eatres et prot\u00e8ge la coquille du v\u00e9hicule. Le risque de d\u00e9clenchement de fausses alarmes est ainsi \u00e9limin\u00e9.<\/p>\n<p>\u00a0<\/p>\n<p><strong>S\u00e9curit\u00e9 maximale &#8211; sans d\u00e9tecteur de mouvement<\/strong><\/p>\n<p>Le WiPro easy surveille la coquille de votre v\u00e9hicule, pas seulement l&rsquo;habitacle. En cas de danger, il r\u00e9agit plus rapidement et de mani\u00e8re plus fiable que les installations bas\u00e9es sur des d\u00e9tecteurs de mouvement, c&rsquo;est pourquoi vous pouvez aussi activer le syst\u00e8me lorsque vous vous trouvez dans votre v\u00e9hicule. Vous prot\u00e9gez ainsi ce qui est le plus important : vos passagers et vous-m\u00eame.<\/p>\n<p>\u00a0<\/p>\n<p><strong>Utilisation simple<\/strong><\/p>\n<p>Avec la t\u00e9l\u00e9commande radio portable fournie, vous pouvez commander la WiPro easy tr\u00e8s facilement et confortablement. Si vous avez besoin d&rsquo;une deuxi\u00e8me t\u00e9l\u00e9commande, vous pouvez facilement l&rsquo;ajouter \u00e0 votre syst\u00e8me.<\/p>\n<ul>\n<li>Tension d&rsquo;alimentation\u00a0: Unit\u00e9 centrale et sir\u00e8ne 12\u00a0V<\/li>\n<li>Consommation \u00e9lectrique\u00a0: Unit\u00e9 centrale d&rsquo;env. 6\u2008mA<\/li>\n<li>Fr\u00e9quence : 868,35 MHz<\/li>\n<li>Plage de temp\u00e9ratures : Unit\u00e9 centrale -20\u00a0\u00b0C \u00e0 +80\u00a0\u00b0C<\/li>\n<li>Port\u00e9e radio (champ libre) : jusqu&rsquo;\u00e0 75\u00a0m<\/li>\n<li>Classe de protection : IP\u00a040<\/li>\n<\/ul>\n<p>\u00a0<\/p>\n","protected":false},"excerpt":{"rendered":"<p>Le WiPro easy est le syst\u00e8me d&rsquo;alarme id\u00e9al pour les propri\u00e9taires de caravanes et les passionn\u00e9s de bricolage. Ce syst\u00e8me d&rsquo;alarme compact est facile \u00e0 installer et offre les normes de s\u00e9curit\u00e9 \u00e9prouv\u00e9es de THITRONIK\u00ae. Le contenu de la livraison comprend une t\u00e9l\u00e9commande radio permettant d&rsquo;activer et de d\u00e9sactiver le syst\u00e8me d&rsquo;alarme ainsi qu&rsquo;un contact [&hellip;]<\/p>\n","protected":false},"featured_media":128022,"template":"","meta":{"_acf_changed":false},"product_featured_cat":[],"product_brand":[3216],"product_cat":[5051],"product_tag":[],"class_list":{"0":"post-128024","1":"product","2":"type-product","3":"status-publish","4":"has-post-thumbnail","6":"product_brand-thitronik","7":"product_cat-systemes-dalarmes","9":"first","10":"instock","11":"taxable","12":"shipping-taxable","13":"purchasable","14":"product-type-simple"},"acf":[],"yoast_head":"<!-- This site is optimized with the Yoast SEO plugin v27.4 - https:\/\/yoast.com\/product\/yoast-seo-wordpress\/ -->\n<title>Alarme radio THITRONIK WiPro easy - Bantam Wankm\u00fcller SA<\/title>\n<meta name=\"robots\" content=\"index, follow, max-snippet:-1, max-image-preview:large, max-video-preview:-1\" \/>\n<link rel=\"canonical\" href=\"https:\/\/shop.bantam.ch\/fr\/produit\/systeme-dalarme-sans-fil-wipro-easy\/\" \/>\n<meta property=\"og:locale\" content=\"fr_FR\" \/>\n<meta property=\"og:type\" content=\"article\" \/>\n<meta property=\"og:title\" content=\"Alarme radio THITRONIK WiPro easy - Bantam Wankm\u00fcller SA\" \/>\n<meta property=\"og:description\" content=\"Le WiPro easy est le syst\u00e8me d&rsquo;alarme id\u00e9al pour les propri\u00e9taires de caravanes et les passionn\u00e9s de bricolage. Ce syst\u00e8me d&rsquo;alarme compact est facile \u00e0 installer et offre les normes de s\u00e9curit\u00e9 \u00e9prouv\u00e9es de THITRONIK\u00ae. Le contenu de la livraison comprend une t\u00e9l\u00e9commande radio permettant d&rsquo;activer et de d\u00e9sactiver le syst\u00e8me d&rsquo;alarme ainsi qu&rsquo;un contact [&hellip;]\" \/>\n<meta property=\"og:url\" content=\"https:\/\/shop.bantam.ch\/fr\/produit\/systeme-dalarme-sans-fil-wipro-easy\/\" \/>\n<meta property=\"og:site_name\" content=\"Bantam Wankm\u00fcller SA\" \/>\n<meta property=\"article:modified_time\" content=\"2026-04-21T19:54:56+00:00\" \/>\n<meta property=\"og:image\" content=\"https:\/\/shop.bantam.ch\/wp-content\/uploads\/2023\/03\/9948602100.jpg\" \/>\n\t<meta property=\"og:image:width\" content=\"956\" \/>\n\t<meta property=\"og:image:height\" content=\"540\" \/>\n\t<meta property=\"og:image:type\" content=\"image\/jpeg\" \/>\n<meta name=\"twitter:card\" content=\"summary_large_image\" \/>\n<meta name=\"twitter:label1\" content=\"Dur\u00e9e de lecture estim\u00e9e\" \/>\n\t<meta name=\"twitter:data1\" content=\"2 minutes\" \/>\n<script type=\"application\/ld+json\" class=\"yoast-schema-graph\">{\"@context\":\"https:\\\/\\\/schema.org\",\"@graph\":[{\"@type\":\"WebPage\",\"@id\":\"https:\\\/\\\/shop.bantam.ch\\\/fr\\\/produit\\\/systeme-dalarme-sans-fil-wipro-easy\\\/\",\"url\":\"https:\\\/\\\/shop.bantam.ch\\\/fr\\\/produit\\\/systeme-dalarme-sans-fil-wipro-easy\\\/\",\"name\":\"Alarme radio THITRONIK WiPro easy - Bantam Wankm\u00fcller SA\",\"isPartOf\":{\"@id\":\"https:\\\/\\\/shop.bantam.ch\\\/fr\\\/#website\"},\"primaryImageOfPage\":{\"@id\":\"https:\\\/\\\/shop.bantam.ch\\\/fr\\\/produit\\\/systeme-dalarme-sans-fil-wipro-easy\\\/#primaryimage\"},\"image\":{\"@id\":\"https:\\\/\\\/shop.bantam.ch\\\/fr\\\/produit\\\/systeme-dalarme-sans-fil-wipro-easy\\\/#primaryimage\"},\"thumbnailUrl\":\"https:\\\/\\\/shop.bantam.ch\\\/wp-content\\\/uploads\\\/2023\\\/03\\\/9948602100.jpg\",\"datePublished\":\"2023-03-01T00:28:08+00:00\",\"dateModified\":\"2026-04-21T19:54:56+00:00\",\"breadcrumb\":{\"@id\":\"https:\\\/\\\/shop.bantam.ch\\\/fr\\\/produit\\\/systeme-dalarme-sans-fil-wipro-easy\\\/#breadcrumb\"},\"inLanguage\":\"fr-FR\",\"potentialAction\":[{\"@type\":\"ReadAction\",\"target\":[\"https:\\\/\\\/shop.bantam.ch\\\/fr\\\/produit\\\/systeme-dalarme-sans-fil-wipro-easy\\\/\"]}]},{\"@type\":\"ImageObject\",\"inLanguage\":\"fr-FR\",\"@id\":\"https:\\\/\\\/shop.bantam.ch\\\/fr\\\/produit\\\/systeme-dalarme-sans-fil-wipro-easy\\\/#primaryimage\",\"url\":\"https:\\\/\\\/shop.bantam.ch\\\/wp-content\\\/uploads\\\/2023\\\/03\\\/9948602100.jpg\",\"contentUrl\":\"https:\\\/\\\/shop.bantam.ch\\\/wp-content\\\/uploads\\\/2023\\\/03\\\/9948602100.jpg\",\"width\":956,\"height\":540},{\"@type\":\"BreadcrumbList\",\"@id\":\"https:\\\/\\\/shop.bantam.ch\\\/fr\\\/produit\\\/systeme-dalarme-sans-fil-wipro-easy\\\/#breadcrumb\",\"itemListElement\":[{\"@type\":\"ListItem\",\"position\":1,\"name\":\"Accueil\",\"item\":\"https:\\\/\\\/shop.bantam.ch\\\/fr\\\/\"},{\"@type\":\"ListItem\",\"position\":2,\"name\":\"Boutique\",\"item\":\"https:\\\/\\\/shop.bantam.ch\\\/fr\\\/boutique\\\/\"},{\"@type\":\"ListItem\",\"position\":3,\"name\":\"Alarme radio THITRONIK WiPro easy\"}]},{\"@type\":\"WebSite\",\"@id\":\"https:\\\/\\\/shop.bantam.ch\\\/fr\\\/#website\",\"url\":\"https:\\\/\\\/shop.bantam.ch\\\/fr\\\/\",\"name\":\"Bantam Wankm\u00fcller SA\",\"description\":\"\",\"publisher\":{\"@id\":\"https:\\\/\\\/shop.bantam.ch\\\/fr\\\/#organization\"},\"inLanguage\":\"fr-FR\"},{\"@type\":\"Organization\",\"@id\":\"https:\\\/\\\/shop.bantam.ch\\\/fr\\\/#organization\",\"name\":\"Bantam Wankm\u00fcller SA\",\"url\":\"https:\\\/\\\/shop.bantam.ch\\\/fr\\\/\",\"logo\":{\"@type\":\"ImageObject\",\"inLanguage\":\"fr-FR\",\"@id\":\"https:\\\/\\\/shop.bantam.ch\\\/fr\\\/#\\\/schema\\\/logo\\\/image\\\/\",\"url\":\"https:\\\/\\\/shop.bantam.ch\\\/wp-content\\\/uploads\\\/2022\\\/12\\\/bantam-logo.png\",\"contentUrl\":\"https:\\\/\\\/shop.bantam.ch\\\/wp-content\\\/uploads\\\/2022\\\/12\\\/bantam-logo.png\",\"width\":320,\"height\":71,\"caption\":\"Bantam Wankm\u00fcller SA\"},\"image\":{\"@id\":\"https:\\\/\\\/shop.bantam.ch\\\/fr\\\/#\\\/schema\\\/logo\\\/image\\\/\"}}]}<\/script>\n<!-- \/ Yoast SEO plugin. -->","yoast_head_json":{"title":"Alarme radio THITRONIK WiPro easy - Bantam Wankm\u00fcller SA","robots":{"index":"index","follow":"follow","max-snippet":"max-snippet:-1","max-image-preview":"max-image-preview:large","max-video-preview":"max-video-preview:-1"},"canonical":"https:\/\/shop.bantam.ch\/fr\/produit\/systeme-dalarme-sans-fil-wipro-easy\/","og_locale":"fr_FR","og_type":"article","og_title":"Alarme radio THITRONIK WiPro easy - Bantam Wankm\u00fcller SA","og_description":"Le WiPro easy est le syst\u00e8me d&rsquo;alarme id\u00e9al pour les propri\u00e9taires de caravanes et les passionn\u00e9s de bricolage. Ce syst\u00e8me d&rsquo;alarme compact est facile \u00e0 installer et offre les normes de s\u00e9curit\u00e9 \u00e9prouv\u00e9es de THITRONIK\u00ae. Le contenu de la livraison comprend une t\u00e9l\u00e9commande radio permettant d&rsquo;activer et de d\u00e9sactiver le syst\u00e8me d&rsquo;alarme ainsi qu&rsquo;un contact [&hellip;]","og_url":"https:\/\/shop.bantam.ch\/fr\/produit\/systeme-dalarme-sans-fil-wipro-easy\/","og_site_name":"Bantam Wankm\u00fcller SA","article_modified_time":"2026-04-21T19:54:56+00:00","og_image":[{"width":956,"height":540,"url":"https:\/\/shop.bantam.ch\/wp-content\/uploads\/2023\/03\/9948602100.jpg","type":"image\/jpeg"}],"twitter_card":"summary_large_image","twitter_misc":{"Dur\u00e9e de lecture estim\u00e9e":"2 minutes"},"schema":{"@context":"https:\/\/schema.org","@graph":[{"@type":"WebPage","@id":"https:\/\/shop.bantam.ch\/fr\/produit\/systeme-dalarme-sans-fil-wipro-easy\/","url":"https:\/\/shop.bantam.ch\/fr\/produit\/systeme-dalarme-sans-fil-wipro-easy\/","name":"Alarme radio THITRONIK WiPro easy - Bantam Wankm\u00fcller SA","isPartOf":{"@id":"https:\/\/shop.bantam.ch\/fr\/#website"},"primaryImageOfPage":{"@id":"https:\/\/shop.bantam.ch\/fr\/produit\/systeme-dalarme-sans-fil-wipro-easy\/#primaryimage"},"image":{"@id":"https:\/\/shop.bantam.ch\/fr\/produit\/systeme-dalarme-sans-fil-wipro-easy\/#primaryimage"},"thumbnailUrl":"https:\/\/shop.bantam.ch\/wp-content\/uploads\/2023\/03\/9948602100.jpg","datePublished":"2023-03-01T00:28:08+00:00","dateModified":"2026-04-21T19:54:56+00:00","breadcrumb":{"@id":"https:\/\/shop.bantam.ch\/fr\/produit\/systeme-dalarme-sans-fil-wipro-easy\/#breadcrumb"},"inLanguage":"fr-FR","potentialAction":[{"@type":"ReadAction","target":["https:\/\/shop.bantam.ch\/fr\/produit\/systeme-dalarme-sans-fil-wipro-easy\/"]}]},{"@type":"ImageObject","inLanguage":"fr-FR","@id":"https:\/\/shop.bantam.ch\/fr\/produit\/systeme-dalarme-sans-fil-wipro-easy\/#primaryimage","url":"https:\/\/shop.bantam.ch\/wp-content\/uploads\/2023\/03\/9948602100.jpg","contentUrl":"https:\/\/shop.bantam.ch\/wp-content\/uploads\/2023\/03\/9948602100.jpg","width":956,"height":540},{"@type":"BreadcrumbList","@id":"https:\/\/shop.bantam.ch\/fr\/produit\/systeme-dalarme-sans-fil-wipro-easy\/#breadcrumb","itemListElement":[{"@type":"ListItem","position":1,"name":"Accueil","item":"https:\/\/shop.bantam.ch\/fr\/"},{"@type":"ListItem","position":2,"name":"Boutique","item":"https:\/\/shop.bantam.ch\/fr\/boutique\/"},{"@type":"ListItem","position":3,"name":"Alarme radio THITRONIK WiPro easy"}]},{"@type":"WebSite","@id":"https:\/\/shop.bantam.ch\/fr\/#website","url":"https:\/\/shop.bantam.ch\/fr\/","name":"Bantam Wankm\u00fcller SA","description":"","publisher":{"@id":"https:\/\/shop.bantam.ch\/fr\/#organization"},"inLanguage":"fr-FR"},{"@type":"Organization","@id":"https:\/\/shop.bantam.ch\/fr\/#organization","name":"Bantam Wankm\u00fcller SA","url":"https:\/\/shop.bantam.ch\/fr\/","logo":{"@type":"ImageObject","inLanguage":"fr-FR","@id":"https:\/\/shop.bantam.ch\/fr\/#\/schema\/logo\/image\/","url":"https:\/\/shop.bantam.ch\/wp-content\/uploads\/2022\/12\/bantam-logo.png","contentUrl":"https:\/\/shop.bantam.ch\/wp-content\/uploads\/2022\/12\/bantam-logo.png","width":320,"height":71,"caption":"Bantam Wankm\u00fcller SA"},"image":{"@id":"https:\/\/shop.bantam.ch\/fr\/#\/schema\/logo\/image\/"}}]}},"_links":{"self":[{"href":"https:\/\/shop.bantam.ch\/fr\/wp-json\/wp\/v2\/product\/128024","targetHints":{"allow":["GET"]}}],"collection":[{"href":"https:\/\/shop.bantam.ch\/fr\/wp-json\/wp\/v2\/product"}],"about":[{"href":"https:\/\/shop.bantam.ch\/fr\/wp-json\/wp\/v2\/types\/product"}],"wp:featuredmedia":[{"embeddable":true,"href":"https:\/\/shop.bantam.ch\/fr\/wp-json\/wp\/v2\/media\/128022"}],"wp:attachment":[{"href":"https:\/\/shop.bantam.ch\/fr\/wp-json\/wp\/v2\/media?parent=128024"}],"wp:term":[{"taxonomy":"product_featured_cat","embeddable":true,"href":"https:\/\/shop.bantam.ch\/fr\/wp-json\/wp\/v2\/product_featured_cat?post=128024"},{"taxonomy":"product_brand","embeddable":true,"href":"https:\/\/shop.bantam.ch\/fr\/wp-json\/wp\/v2\/product_brand?post=128024"},{"taxonomy":"product_cat","embeddable":true,"href":"https:\/\/shop.bantam.ch\/fr\/wp-json\/wp\/v2\/product_cat?post=128024"},{"taxonomy":"product_tag","embeddable":true,"href":"https:\/\/shop.bantam.ch\/fr\/wp-json\/wp\/v2\/product_tag?post=128024"}],"curies":[{"name":"wp","href":"https:\/\/api.w.org\/{rel}","templated":true}]}}