{"id":128010,"date":"2023-03-01T01:27:47","date_gmt":"2023-03-01T00:27:47","guid":{"rendered":"https:\/\/shop.bantam.ch\/produit\/antenne-et-routeur-lte-fourgonnette-de-camping-x\/"},"modified":"2026-04-20T23:48:45","modified_gmt":"2026-04-20T21:48:45","slug":"antenne-et-routeur-lte-fourgonnette-de-camping-x","status":"publish","type":"product","link":"https:\/\/shop.bantam.ch\/fr\/produit\/antenne-et-routeur-lte-fourgonnette-de-camping-x\/","title":{"rendered":"Antenne et routeur LTE, fourgonnette de camping X"},"content":{"rendered":"<p>La combinaison id\u00e9ale : le routeur haute performance (4G) et la puissante antenne 5G LTE. Cette combinaison est faite pour le campeur exigeant qui souhaite utiliser son camping-car ou sa caravane comme bureau. Les signaux LTE sont re\u00e7us via l&rsquo;antenne externe et les signaux WiFi sont re\u00e7us via les antennes tiges mont\u00e9es sur le routeur. Le routeur a \u00e9t\u00e9 test\u00e9 sur des v\u00e9hicules roulants et est donc pr\u00e9destin\u00e9 \u00e0 \u00eatre install\u00e9 dans un v\u00e9hicule.\u00a0Le routeur peut \u00eatre configur\u00e9 rapidement et facilement \u00e0 l&rsquo;aide de l&rsquo;application gratuite ROAM X pour les syst\u00e8mes d&rsquo;exploitation Android et IOS.<\/p>\n<p>L&rsquo;installation standard se fait avec un passage de c\u00e2ble \u00e0 travers le toit, directement sous l&rsquo;antenne. Une vis creuse en plastique, par laquelle passent \u00e9galement les c\u00e2bles, permet de fixer l&rsquo;antenne sur le toit depuis l&rsquo;int\u00e9rieur. Le coussin autocollant en mousse assure l\u2019\u00e9tanch\u00e9it\u00e9 de l\u2019antenne. Un trou de 25 mm est n\u00e9cessaire pour la vis creuse en plastique. La fixation est adapt\u00e9e \u00e0 des toits de 10 \u00e0 50\u00a0mm d&rsquo;\u00e9paisseur.<\/p>\n<p>Caract\u00e9ristiques du router\u00a0:<\/p>\n<ul>\n<li>Mobile : 4G(LTE) \u2013 CAT6 DL jusqu&rsquo;\u00e0 300 Mbps, Ul jusqu&rsquo;\u00e0 50 Mbps<\/li>\n<li>Ethernet : 3 ports LAN 10\/100\/1000 Mbps, 1 port WAN<\/li>\n<li>WiFi\u00a0: 2,4 GHz und 5 GHz 802.11 ac (WiFi 5)<\/li>\n<li>Alimentation \u00e9lectrique : 9 \u2013 50 V connecteur 4 broches<\/li>\n<li>Consommation de courant : environ 400 mA<\/li>\n<li>Connectique\u00a0: Raccord \u00e9lectrique \u00e0 4 broches, 4 x Ethernet, 2 x SMA pour LTE, 2 x WiFi RP-SMA, 1 x SMA pour GNSS, 1 x RP-SMA pour Bluetooth. Port USB<\/li>\n<li>Carte SIM : 2 emplacements pour cartes SIM standard<\/li>\n<li>Statut LED\u00a0: 1 x alimentation, 3 x types de connexion mobile (2G\/3G\/4G), 5 x d&rsquo;intensit\u00e9 du signal, 2 x bandes WiFi (2,4\/5 GHz), 8 x voyants Ethernet, 4 x LED de type WAN<\/li>\n<li>Temp\u00e9rature de service : &#8211; 40 \u00b0C &#8211; 75 \u00b0C<\/li>\n<li>boitier : aluminium<\/li>\n<li>Poids : 470\u00a0g<\/li>\n<li>Dimensions H\u00a0: 115 x l : 95 x p : 44 mm<\/li>\n<\/ul>\n<p>Donn\u00e9es techniques antenne :<\/p>\n<ul>\n<li>Type\u00a0: Antenne omnidirectionnelle MIMO<\/li>\n<li>Fr\u00e9quence : 698MHz \u00e0 6000MHz comprend les fr\u00e9quences 4 G et 5 G<\/li>\n<li>Amplification : 5,9 dBi &#8211; 8,8 dBi<\/li>\n<li>Longueur de c\u00e2ble : 0,8m<\/li>\n<li>Mat\u00e9riau\u00a0: Plaque de base aluminium, housse ASA r\u00e9sistante aux UV<\/li>\n<li>Dimensions : h. : 65\u00a0mm l. : 180 mm p. : 60 mm<\/li>\n<li>Poids : 500 g<\/li>\n<\/ul>\n<p>Contenu de la livraison :<br \/>Inclus : antenne (5G ready), routeur \u00e0 haut d\u00e9bit, support mural pour routeur, c\u00e2ble de raccordement 12 V, 2x antenne WiFi<\/p>\n","protected":false},"excerpt":{"rendered":"<p>La combinaison id\u00e9ale : le routeur haute performance (4G) et la puissante antenne 5G LTE. Cette combinaison est faite pour le campeur exigeant qui souhaite utiliser son camping-car ou sa caravane comme bureau. Les signaux LTE sont re\u00e7us via l&rsquo;antenne externe et les signaux WiFi sont re\u00e7us via les antennes tiges mont\u00e9es sur le routeur. [&hellip;]<\/p>\n","protected":false},"featured_media":127998,"template":"","meta":{"_acf_changed":false},"product_featured_cat":[],"product_brand":[3082],"product_cat":[5151],"product_tag":[],"class_list":{"0":"post-128010","1":"product","2":"type-product","3":"status-publish","4":"has-post-thumbnail","6":"product_brand-maxview","7":"product_cat-antennes-wlan-et-lte","9":"first","10":"instock","11":"taxable","12":"shipping-taxable","13":"purchasable","14":"product-type-variable"},"acf":[],"yoast_head":"<!-- This site is optimized with the Yoast SEO plugin v27.4 - https:\/\/yoast.com\/product\/yoast-seo-wordpress\/ -->\n<title>Antenne et routeur LTE, fourgonnette de camping X - Bantam Wankm\u00fcller SA<\/title>\n<meta name=\"robots\" content=\"index, follow, max-snippet:-1, max-image-preview:large, max-video-preview:-1\" \/>\n<link rel=\"canonical\" href=\"https:\/\/shop.bantam.ch\/fr\/produit\/antenne-et-routeur-lte-fourgonnette-de-camping-x\/\" \/>\n<meta property=\"og:locale\" content=\"fr_FR\" \/>\n<meta property=\"og:type\" content=\"article\" \/>\n<meta property=\"og:title\" content=\"Antenne et routeur LTE, fourgonnette de camping X - Bantam Wankm\u00fcller SA\" \/>\n<meta property=\"og:description\" content=\"La combinaison id\u00e9ale : le routeur haute performance (4G) et la puissante antenne 5G LTE. Cette combinaison est faite pour le campeur exigeant qui souhaite utiliser son camping-car ou sa caravane comme bureau. Les signaux LTE sont re\u00e7us via l&rsquo;antenne externe et les signaux WiFi sont re\u00e7us via les antennes tiges mont\u00e9es sur le routeur. [&hellip;]\" \/>\n<meta property=\"og:url\" content=\"https:\/\/shop.bantam.ch\/fr\/produit\/antenne-et-routeur-lte-fourgonnette-de-camping-x\/\" \/>\n<meta property=\"og:site_name\" content=\"Bantam Wankm\u00fcller SA\" \/>\n<meta property=\"article:modified_time\" content=\"2026-04-20T21:48:45+00:00\" \/>\n<meta property=\"og:image\" content=\"https:\/\/shop.bantam.ch\/wp-content\/uploads\/2023\/03\/9961849100.jpg\" \/>\n\t<meta property=\"og:image:width\" content=\"877\" \/>\n\t<meta property=\"og:image:height\" content=\"1000\" \/>\n\t<meta property=\"og:image:type\" content=\"image\/jpeg\" \/>\n<meta name=\"twitter:card\" content=\"summary_large_image\" \/>\n<meta name=\"twitter:label1\" content=\"Dur\u00e9e de lecture estim\u00e9e\" \/>\n\t<meta name=\"twitter:data1\" content=\"2 minutes\" \/>\n<script type=\"application\/ld+json\" class=\"yoast-schema-graph\">{\"@context\":\"https:\\\/\\\/schema.org\",\"@graph\":[{\"@type\":\"WebPage\",\"@id\":\"https:\\\/\\\/shop.bantam.ch\\\/fr\\\/produit\\\/antenne-et-routeur-lte-fourgonnette-de-camping-x\\\/\",\"url\":\"https:\\\/\\\/shop.bantam.ch\\\/fr\\\/produit\\\/antenne-et-routeur-lte-fourgonnette-de-camping-x\\\/\",\"name\":\"Antenne et routeur LTE, fourgonnette de camping X - Bantam Wankm\u00fcller SA\",\"isPartOf\":{\"@id\":\"https:\\\/\\\/shop.bantam.ch\\\/fr\\\/#website\"},\"primaryImageOfPage\":{\"@id\":\"https:\\\/\\\/shop.bantam.ch\\\/fr\\\/produit\\\/antenne-et-routeur-lte-fourgonnette-de-camping-x\\\/#primaryimage\"},\"image\":{\"@id\":\"https:\\\/\\\/shop.bantam.ch\\\/fr\\\/produit\\\/antenne-et-routeur-lte-fourgonnette-de-camping-x\\\/#primaryimage\"},\"thumbnailUrl\":\"https:\\\/\\\/shop.bantam.ch\\\/wp-content\\\/uploads\\\/2023\\\/03\\\/9961849100.jpg\",\"datePublished\":\"2023-03-01T00:27:47+00:00\",\"dateModified\":\"2026-04-20T21:48:45+00:00\",\"breadcrumb\":{\"@id\":\"https:\\\/\\\/shop.bantam.ch\\\/fr\\\/produit\\\/antenne-et-routeur-lte-fourgonnette-de-camping-x\\\/#breadcrumb\"},\"inLanguage\":\"fr-FR\",\"potentialAction\":[{\"@type\":\"ReadAction\",\"target\":[\"https:\\\/\\\/shop.bantam.ch\\\/fr\\\/produit\\\/antenne-et-routeur-lte-fourgonnette-de-camping-x\\\/\"]}]},{\"@type\":\"ImageObject\",\"inLanguage\":\"fr-FR\",\"@id\":\"https:\\\/\\\/shop.bantam.ch\\\/fr\\\/produit\\\/antenne-et-routeur-lte-fourgonnette-de-camping-x\\\/#primaryimage\",\"url\":\"https:\\\/\\\/shop.bantam.ch\\\/wp-content\\\/uploads\\\/2023\\\/03\\\/9961849100.jpg\",\"contentUrl\":\"https:\\\/\\\/shop.bantam.ch\\\/wp-content\\\/uploads\\\/2023\\\/03\\\/9961849100.jpg\",\"width\":877,\"height\":1000},{\"@type\":\"BreadcrumbList\",\"@id\":\"https:\\\/\\\/shop.bantam.ch\\\/fr\\\/produit\\\/antenne-et-routeur-lte-fourgonnette-de-camping-x\\\/#breadcrumb\",\"itemListElement\":[{\"@type\":\"ListItem\",\"position\":1,\"name\":\"Accueil\",\"item\":\"https:\\\/\\\/shop.bantam.ch\\\/fr\\\/\"},{\"@type\":\"ListItem\",\"position\":2,\"name\":\"Boutique\",\"item\":\"https:\\\/\\\/shop.bantam.ch\\\/fr\\\/boutique\\\/\"},{\"@type\":\"ListItem\",\"position\":3,\"name\":\"Antenne et routeur LTE, fourgonnette de camping X\"}]},{\"@type\":\"WebSite\",\"@id\":\"https:\\\/\\\/shop.bantam.ch\\\/fr\\\/#website\",\"url\":\"https:\\\/\\\/shop.bantam.ch\\\/fr\\\/\",\"name\":\"Bantam Wankm\u00fcller SA\",\"description\":\"\",\"publisher\":{\"@id\":\"https:\\\/\\\/shop.bantam.ch\\\/fr\\\/#organization\"},\"inLanguage\":\"fr-FR\"},{\"@type\":\"Organization\",\"@id\":\"https:\\\/\\\/shop.bantam.ch\\\/fr\\\/#organization\",\"name\":\"Bantam Wankm\u00fcller SA\",\"url\":\"https:\\\/\\\/shop.bantam.ch\\\/fr\\\/\",\"logo\":{\"@type\":\"ImageObject\",\"inLanguage\":\"fr-FR\",\"@id\":\"https:\\\/\\\/shop.bantam.ch\\\/fr\\\/#\\\/schema\\\/logo\\\/image\\\/\",\"url\":\"https:\\\/\\\/shop.bantam.ch\\\/wp-content\\\/uploads\\\/2022\\\/12\\\/bantam-logo.png\",\"contentUrl\":\"https:\\\/\\\/shop.bantam.ch\\\/wp-content\\\/uploads\\\/2022\\\/12\\\/bantam-logo.png\",\"width\":320,\"height\":71,\"caption\":\"Bantam Wankm\u00fcller SA\"},\"image\":{\"@id\":\"https:\\\/\\\/shop.bantam.ch\\\/fr\\\/#\\\/schema\\\/logo\\\/image\\\/\"}}]}<\/script>\n<!-- \/ Yoast SEO plugin. -->","yoast_head_json":{"title":"Antenne et routeur LTE, fourgonnette de camping X - Bantam Wankm\u00fcller SA","robots":{"index":"index","follow":"follow","max-snippet":"max-snippet:-1","max-image-preview":"max-image-preview:large","max-video-preview":"max-video-preview:-1"},"canonical":"https:\/\/shop.bantam.ch\/fr\/produit\/antenne-et-routeur-lte-fourgonnette-de-camping-x\/","og_locale":"fr_FR","og_type":"article","og_title":"Antenne et routeur LTE, fourgonnette de camping X - Bantam Wankm\u00fcller SA","og_description":"La combinaison id\u00e9ale : le routeur haute performance (4G) et la puissante antenne 5G LTE. Cette combinaison est faite pour le campeur exigeant qui souhaite utiliser son camping-car ou sa caravane comme bureau. Les signaux LTE sont re\u00e7us via l&rsquo;antenne externe et les signaux WiFi sont re\u00e7us via les antennes tiges mont\u00e9es sur le routeur. [&hellip;]","og_url":"https:\/\/shop.bantam.ch\/fr\/produit\/antenne-et-routeur-lte-fourgonnette-de-camping-x\/","og_site_name":"Bantam Wankm\u00fcller SA","article_modified_time":"2026-04-20T21:48:45+00:00","og_image":[{"width":877,"height":1000,"url":"https:\/\/shop.bantam.ch\/wp-content\/uploads\/2023\/03\/9961849100.jpg","type":"image\/jpeg"}],"twitter_card":"summary_large_image","twitter_misc":{"Dur\u00e9e de lecture estim\u00e9e":"2 minutes"},"schema":{"@context":"https:\/\/schema.org","@graph":[{"@type":"WebPage","@id":"https:\/\/shop.bantam.ch\/fr\/produit\/antenne-et-routeur-lte-fourgonnette-de-camping-x\/","url":"https:\/\/shop.bantam.ch\/fr\/produit\/antenne-et-routeur-lte-fourgonnette-de-camping-x\/","name":"Antenne et routeur LTE, fourgonnette de camping X - Bantam Wankm\u00fcller SA","isPartOf":{"@id":"https:\/\/shop.bantam.ch\/fr\/#website"},"primaryImageOfPage":{"@id":"https:\/\/shop.bantam.ch\/fr\/produit\/antenne-et-routeur-lte-fourgonnette-de-camping-x\/#primaryimage"},"image":{"@id":"https:\/\/shop.bantam.ch\/fr\/produit\/antenne-et-routeur-lte-fourgonnette-de-camping-x\/#primaryimage"},"thumbnailUrl":"https:\/\/shop.bantam.ch\/wp-content\/uploads\/2023\/03\/9961849100.jpg","datePublished":"2023-03-01T00:27:47+00:00","dateModified":"2026-04-20T21:48:45+00:00","breadcrumb":{"@id":"https:\/\/shop.bantam.ch\/fr\/produit\/antenne-et-routeur-lte-fourgonnette-de-camping-x\/#breadcrumb"},"inLanguage":"fr-FR","potentialAction":[{"@type":"ReadAction","target":["https:\/\/shop.bantam.ch\/fr\/produit\/antenne-et-routeur-lte-fourgonnette-de-camping-x\/"]}]},{"@type":"ImageObject","inLanguage":"fr-FR","@id":"https:\/\/shop.bantam.ch\/fr\/produit\/antenne-et-routeur-lte-fourgonnette-de-camping-x\/#primaryimage","url":"https:\/\/shop.bantam.ch\/wp-content\/uploads\/2023\/03\/9961849100.jpg","contentUrl":"https:\/\/shop.bantam.ch\/wp-content\/uploads\/2023\/03\/9961849100.jpg","width":877,"height":1000},{"@type":"BreadcrumbList","@id":"https:\/\/shop.bantam.ch\/fr\/produit\/antenne-et-routeur-lte-fourgonnette-de-camping-x\/#breadcrumb","itemListElement":[{"@type":"ListItem","position":1,"name":"Accueil","item":"https:\/\/shop.bantam.ch\/fr\/"},{"@type":"ListItem","position":2,"name":"Boutique","item":"https:\/\/shop.bantam.ch\/fr\/boutique\/"},{"@type":"ListItem","position":3,"name":"Antenne et routeur LTE, fourgonnette de camping X"}]},{"@type":"WebSite","@id":"https:\/\/shop.bantam.ch\/fr\/#website","url":"https:\/\/shop.bantam.ch\/fr\/","name":"Bantam Wankm\u00fcller SA","description":"","publisher":{"@id":"https:\/\/shop.bantam.ch\/fr\/#organization"},"inLanguage":"fr-FR"},{"@type":"Organization","@id":"https:\/\/shop.bantam.ch\/fr\/#organization","name":"Bantam Wankm\u00fcller SA","url":"https:\/\/shop.bantam.ch\/fr\/","logo":{"@type":"ImageObject","inLanguage":"fr-FR","@id":"https:\/\/shop.bantam.ch\/fr\/#\/schema\/logo\/image\/","url":"https:\/\/shop.bantam.ch\/wp-content\/uploads\/2022\/12\/bantam-logo.png","contentUrl":"https:\/\/shop.bantam.ch\/wp-content\/uploads\/2022\/12\/bantam-logo.png","width":320,"height":71,"caption":"Bantam Wankm\u00fcller SA"},"image":{"@id":"https:\/\/shop.bantam.ch\/fr\/#\/schema\/logo\/image\/"}}]}},"_links":{"self":[{"href":"https:\/\/shop.bantam.ch\/fr\/wp-json\/wp\/v2\/product\/128010","targetHints":{"allow":["GET"]}}],"collection":[{"href":"https:\/\/shop.bantam.ch\/fr\/wp-json\/wp\/v2\/product"}],"about":[{"href":"https:\/\/shop.bantam.ch\/fr\/wp-json\/wp\/v2\/types\/product"}],"wp:featuredmedia":[{"embeddable":true,"href":"https:\/\/shop.bantam.ch\/fr\/wp-json\/wp\/v2\/media\/127998"}],"wp:attachment":[{"href":"https:\/\/shop.bantam.ch\/fr\/wp-json\/wp\/v2\/media?parent=128010"}],"wp:term":[{"taxonomy":"product_featured_cat","embeddable":true,"href":"https:\/\/shop.bantam.ch\/fr\/wp-json\/wp\/v2\/product_featured_cat?post=128010"},{"taxonomy":"product_brand","embeddable":true,"href":"https:\/\/shop.bantam.ch\/fr\/wp-json\/wp\/v2\/product_brand?post=128010"},{"taxonomy":"product_cat","embeddable":true,"href":"https:\/\/shop.bantam.ch\/fr\/wp-json\/wp\/v2\/product_cat?post=128010"},{"taxonomy":"product_tag","embeddable":true,"href":"https:\/\/shop.bantam.ch\/fr\/wp-json\/wp\/v2\/product_tag?post=128010"}],"curies":[{"name":"wp","href":"https:\/\/api.w.org\/{rel}","templated":true}]}}