{"id":127946,"date":"2023-03-01T01:27:00","date_gmt":"2023-03-01T00:27:00","guid":{"rendered":"https:\/\/shop.bantam.ch\/produit\/aiguiseur-de-couteaux-twin-sharp-rouge\/"},"modified":"2026-04-17T21:53:44","modified_gmt":"2026-04-17T19:53:44","slug":"aiguiseur-de-couteaux-twin-sharp-rouge","status":"publish","type":"product","link":"https:\/\/shop.bantam.ch\/fr\/produit\/aiguiseur-de-couteaux-twin-sharp-rouge\/","title":{"rendered":"Lot de couteaux ZWILLING Twin Sharp, coloris rouge"},"content":{"rendered":"<p>L&rsquo;aiguiseur de couteaux TWINSHARP\u00ae de ZWILLING est un aiguiseur permettant un aff\u00fbtage facile et s\u00fbr. Car m\u00eame le meilleur couteau perd son tranchant et doit donc \u00eatre aff\u00fbt\u00e9 r\u00e9guli\u00e8rement. Sa couleur rouge lui donne un look moderne. La lame du couteau est simplement tir\u00e9e \u00e0 travers l&rsquo;aiguiseur de couteaux afin que le couteau soit \u00e9bavur\u00e9 et aff\u00fbt\u00e9. Gr\u00e2ce \u00e0 sa structure en plastique, l&rsquo;aiguiseur est facile \u00e0 nettoyer. Le magnifique aiguiseur de couteaux de la s\u00e9rie TWINSHARP\u00ae vous simplifiera l&rsquo;aff\u00fbtage des lames de vos couteaux.<\/p>\n<ul>\n<li>Les disques en acier inoxydable et en c\u00e9ramique permettent un aff\u00fbtage grossier et fin des couteaux en une seule \u00e9tape : pour un aff\u00fbtage facile et s\u00fbr<\/li>\n<li>Un angle d&rsquo;aff\u00fbtage d&rsquo;environ 35\u00b0 est pr\u00e9r\u00e9gl\u00e9<\/li>\n<li>Convient pour tous les couteaux \u00e0 tranchant lisse<\/li>\n<li>Les disques en acier inoxydable et en c\u00e9ramique permettent un aff\u00fbtage grossier et fin des couteaux en une seule \u00e9tape<\/li>\n<\/ul>\n","protected":false},"excerpt":{"rendered":"<p>L&rsquo;aiguiseur de couteaux TWINSHARP\u00ae de ZWILLING est un aiguiseur permettant un aff\u00fbtage facile et s\u00fbr. Car m\u00eame le meilleur couteau perd son tranchant et doit donc \u00eatre aff\u00fbt\u00e9 r\u00e9guli\u00e8rement. Sa couleur rouge lui donne un look moderne. La lame du couteau est simplement tir\u00e9e \u00e0 travers l&rsquo;aiguiseur de couteaux afin que le couteau soit \u00e9bavur\u00e9 [&hellip;]<\/p>\n","protected":false},"featured_media":127944,"template":"","meta":{"_acf_changed":false},"product_featured_cat":[],"product_brand":[3578],"product_cat":[4285],"product_tag":[],"class_list":{"0":"post-127946","1":"product","2":"type-product","3":"status-publish","4":"has-post-thumbnail","6":"product_brand-zwilling","7":"product_cat-ustensiles-de-cuisine","9":"first","10":"instock","11":"taxable","12":"shipping-taxable","13":"purchasable","14":"product-type-simple"},"acf":[],"yoast_head":"<!-- This site is optimized with the Yoast SEO plugin v27.4 - https:\/\/yoast.com\/product\/yoast-seo-wordpress\/ -->\n<title>Lot de couteaux ZWILLING Twin Sharp, coloris rouge - Bantam Wankm\u00fcller SA<\/title>\n<meta name=\"robots\" content=\"index, follow, max-snippet:-1, max-image-preview:large, max-video-preview:-1\" \/>\n<link rel=\"canonical\" href=\"https:\/\/shop.bantam.ch\/fr\/produit\/aiguiseur-de-couteaux-twin-sharp-rouge\/\" \/>\n<meta property=\"og:locale\" content=\"fr_FR\" \/>\n<meta property=\"og:type\" content=\"article\" \/>\n<meta property=\"og:title\" content=\"Lot de couteaux ZWILLING Twin Sharp, coloris rouge - Bantam Wankm\u00fcller SA\" \/>\n<meta property=\"og:description\" content=\"L&rsquo;aiguiseur de couteaux TWINSHARP\u00ae de ZWILLING est un aiguiseur permettant un aff\u00fbtage facile et s\u00fbr. Car m\u00eame le meilleur couteau perd son tranchant et doit donc \u00eatre aff\u00fbt\u00e9 r\u00e9guli\u00e8rement. Sa couleur rouge lui donne un look moderne. La lame du couteau est simplement tir\u00e9e \u00e0 travers l&rsquo;aiguiseur de couteaux afin que le couteau soit \u00e9bavur\u00e9 [&hellip;]\" \/>\n<meta property=\"og:url\" content=\"https:\/\/shop.bantam.ch\/fr\/produit\/aiguiseur-de-couteaux-twin-sharp-rouge\/\" \/>\n<meta property=\"og:site_name\" content=\"Bantam Wankm\u00fcller SA\" \/>\n<meta property=\"article:modified_time\" content=\"2026-04-17T19:53:44+00:00\" \/>\n<meta property=\"og:image\" content=\"https:\/\/shop.bantam.ch\/wp-content\/uploads\/2023\/03\/9984735100.jpg\" \/>\n\t<meta property=\"og:image:width\" content=\"1000\" \/>\n\t<meta property=\"og:image:height\" content=\"420\" \/>\n\t<meta property=\"og:image:type\" content=\"image\/jpeg\" \/>\n<meta name=\"twitter:card\" content=\"summary_large_image\" \/>\n<meta name=\"twitter:label1\" content=\"Dur\u00e9e de lecture estim\u00e9e\" \/>\n\t<meta name=\"twitter:data1\" content=\"1 minute\" \/>\n<script type=\"application\/ld+json\" class=\"yoast-schema-graph\">{\"@context\":\"https:\\\/\\\/schema.org\",\"@graph\":[{\"@type\":\"WebPage\",\"@id\":\"https:\\\/\\\/shop.bantam.ch\\\/fr\\\/produit\\\/aiguiseur-de-couteaux-twin-sharp-rouge\\\/\",\"url\":\"https:\\\/\\\/shop.bantam.ch\\\/fr\\\/produit\\\/aiguiseur-de-couteaux-twin-sharp-rouge\\\/\",\"name\":\"Lot de couteaux ZWILLING Twin Sharp, coloris rouge - Bantam Wankm\u00fcller SA\",\"isPartOf\":{\"@id\":\"https:\\\/\\\/shop.bantam.ch\\\/fr\\\/#website\"},\"primaryImageOfPage\":{\"@id\":\"https:\\\/\\\/shop.bantam.ch\\\/fr\\\/produit\\\/aiguiseur-de-couteaux-twin-sharp-rouge\\\/#primaryimage\"},\"image\":{\"@id\":\"https:\\\/\\\/shop.bantam.ch\\\/fr\\\/produit\\\/aiguiseur-de-couteaux-twin-sharp-rouge\\\/#primaryimage\"},\"thumbnailUrl\":\"https:\\\/\\\/shop.bantam.ch\\\/wp-content\\\/uploads\\\/2023\\\/03\\\/9984735100.jpg\",\"datePublished\":\"2023-03-01T00:27:00+00:00\",\"dateModified\":\"2026-04-17T19:53:44+00:00\",\"breadcrumb\":{\"@id\":\"https:\\\/\\\/shop.bantam.ch\\\/fr\\\/produit\\\/aiguiseur-de-couteaux-twin-sharp-rouge\\\/#breadcrumb\"},\"inLanguage\":\"fr-FR\",\"potentialAction\":[{\"@type\":\"ReadAction\",\"target\":[\"https:\\\/\\\/shop.bantam.ch\\\/fr\\\/produit\\\/aiguiseur-de-couteaux-twin-sharp-rouge\\\/\"]}]},{\"@type\":\"ImageObject\",\"inLanguage\":\"fr-FR\",\"@id\":\"https:\\\/\\\/shop.bantam.ch\\\/fr\\\/produit\\\/aiguiseur-de-couteaux-twin-sharp-rouge\\\/#primaryimage\",\"url\":\"https:\\\/\\\/shop.bantam.ch\\\/wp-content\\\/uploads\\\/2023\\\/03\\\/9984735100.jpg\",\"contentUrl\":\"https:\\\/\\\/shop.bantam.ch\\\/wp-content\\\/uploads\\\/2023\\\/03\\\/9984735100.jpg\",\"width\":1000,\"height\":420},{\"@type\":\"BreadcrumbList\",\"@id\":\"https:\\\/\\\/shop.bantam.ch\\\/fr\\\/produit\\\/aiguiseur-de-couteaux-twin-sharp-rouge\\\/#breadcrumb\",\"itemListElement\":[{\"@type\":\"ListItem\",\"position\":1,\"name\":\"Accueil\",\"item\":\"https:\\\/\\\/shop.bantam.ch\\\/fr\\\/\"},{\"@type\":\"ListItem\",\"position\":2,\"name\":\"Boutique\",\"item\":\"https:\\\/\\\/shop.bantam.ch\\\/fr\\\/boutique\\\/\"},{\"@type\":\"ListItem\",\"position\":3,\"name\":\"Lot de couteaux ZWILLING Twin Sharp, coloris rouge\"}]},{\"@type\":\"WebSite\",\"@id\":\"https:\\\/\\\/shop.bantam.ch\\\/fr\\\/#website\",\"url\":\"https:\\\/\\\/shop.bantam.ch\\\/fr\\\/\",\"name\":\"Bantam Wankm\u00fcller SA\",\"description\":\"\",\"publisher\":{\"@id\":\"https:\\\/\\\/shop.bantam.ch\\\/fr\\\/#organization\"},\"inLanguage\":\"fr-FR\"},{\"@type\":\"Organization\",\"@id\":\"https:\\\/\\\/shop.bantam.ch\\\/fr\\\/#organization\",\"name\":\"Bantam Wankm\u00fcller SA\",\"url\":\"https:\\\/\\\/shop.bantam.ch\\\/fr\\\/\",\"logo\":{\"@type\":\"ImageObject\",\"inLanguage\":\"fr-FR\",\"@id\":\"https:\\\/\\\/shop.bantam.ch\\\/fr\\\/#\\\/schema\\\/logo\\\/image\\\/\",\"url\":\"https:\\\/\\\/shop.bantam.ch\\\/wp-content\\\/uploads\\\/2022\\\/12\\\/bantam-logo.png\",\"contentUrl\":\"https:\\\/\\\/shop.bantam.ch\\\/wp-content\\\/uploads\\\/2022\\\/12\\\/bantam-logo.png\",\"width\":320,\"height\":71,\"caption\":\"Bantam Wankm\u00fcller SA\"},\"image\":{\"@id\":\"https:\\\/\\\/shop.bantam.ch\\\/fr\\\/#\\\/schema\\\/logo\\\/image\\\/\"}}]}<\/script>\n<!-- \/ Yoast SEO plugin. -->","yoast_head_json":{"title":"Lot de couteaux ZWILLING Twin Sharp, coloris rouge - Bantam Wankm\u00fcller SA","robots":{"index":"index","follow":"follow","max-snippet":"max-snippet:-1","max-image-preview":"max-image-preview:large","max-video-preview":"max-video-preview:-1"},"canonical":"https:\/\/shop.bantam.ch\/fr\/produit\/aiguiseur-de-couteaux-twin-sharp-rouge\/","og_locale":"fr_FR","og_type":"article","og_title":"Lot de couteaux ZWILLING Twin Sharp, coloris rouge - Bantam Wankm\u00fcller SA","og_description":"L&rsquo;aiguiseur de couteaux TWINSHARP\u00ae de ZWILLING est un aiguiseur permettant un aff\u00fbtage facile et s\u00fbr. Car m\u00eame le meilleur couteau perd son tranchant et doit donc \u00eatre aff\u00fbt\u00e9 r\u00e9guli\u00e8rement. Sa couleur rouge lui donne un look moderne. La lame du couteau est simplement tir\u00e9e \u00e0 travers l&rsquo;aiguiseur de couteaux afin que le couteau soit \u00e9bavur\u00e9 [&hellip;]","og_url":"https:\/\/shop.bantam.ch\/fr\/produit\/aiguiseur-de-couteaux-twin-sharp-rouge\/","og_site_name":"Bantam Wankm\u00fcller SA","article_modified_time":"2026-04-17T19:53:44+00:00","og_image":[{"width":1000,"height":420,"url":"https:\/\/shop.bantam.ch\/wp-content\/uploads\/2023\/03\/9984735100.jpg","type":"image\/jpeg"}],"twitter_card":"summary_large_image","twitter_misc":{"Dur\u00e9e de lecture estim\u00e9e":"1 minute"},"schema":{"@context":"https:\/\/schema.org","@graph":[{"@type":"WebPage","@id":"https:\/\/shop.bantam.ch\/fr\/produit\/aiguiseur-de-couteaux-twin-sharp-rouge\/","url":"https:\/\/shop.bantam.ch\/fr\/produit\/aiguiseur-de-couteaux-twin-sharp-rouge\/","name":"Lot de couteaux ZWILLING Twin Sharp, coloris rouge - Bantam Wankm\u00fcller SA","isPartOf":{"@id":"https:\/\/shop.bantam.ch\/fr\/#website"},"primaryImageOfPage":{"@id":"https:\/\/shop.bantam.ch\/fr\/produit\/aiguiseur-de-couteaux-twin-sharp-rouge\/#primaryimage"},"image":{"@id":"https:\/\/shop.bantam.ch\/fr\/produit\/aiguiseur-de-couteaux-twin-sharp-rouge\/#primaryimage"},"thumbnailUrl":"https:\/\/shop.bantam.ch\/wp-content\/uploads\/2023\/03\/9984735100.jpg","datePublished":"2023-03-01T00:27:00+00:00","dateModified":"2026-04-17T19:53:44+00:00","breadcrumb":{"@id":"https:\/\/shop.bantam.ch\/fr\/produit\/aiguiseur-de-couteaux-twin-sharp-rouge\/#breadcrumb"},"inLanguage":"fr-FR","potentialAction":[{"@type":"ReadAction","target":["https:\/\/shop.bantam.ch\/fr\/produit\/aiguiseur-de-couteaux-twin-sharp-rouge\/"]}]},{"@type":"ImageObject","inLanguage":"fr-FR","@id":"https:\/\/shop.bantam.ch\/fr\/produit\/aiguiseur-de-couteaux-twin-sharp-rouge\/#primaryimage","url":"https:\/\/shop.bantam.ch\/wp-content\/uploads\/2023\/03\/9984735100.jpg","contentUrl":"https:\/\/shop.bantam.ch\/wp-content\/uploads\/2023\/03\/9984735100.jpg","width":1000,"height":420},{"@type":"BreadcrumbList","@id":"https:\/\/shop.bantam.ch\/fr\/produit\/aiguiseur-de-couteaux-twin-sharp-rouge\/#breadcrumb","itemListElement":[{"@type":"ListItem","position":1,"name":"Accueil","item":"https:\/\/shop.bantam.ch\/fr\/"},{"@type":"ListItem","position":2,"name":"Boutique","item":"https:\/\/shop.bantam.ch\/fr\/boutique\/"},{"@type":"ListItem","position":3,"name":"Lot de couteaux ZWILLING Twin Sharp, coloris rouge"}]},{"@type":"WebSite","@id":"https:\/\/shop.bantam.ch\/fr\/#website","url":"https:\/\/shop.bantam.ch\/fr\/","name":"Bantam Wankm\u00fcller SA","description":"","publisher":{"@id":"https:\/\/shop.bantam.ch\/fr\/#organization"},"inLanguage":"fr-FR"},{"@type":"Organization","@id":"https:\/\/shop.bantam.ch\/fr\/#organization","name":"Bantam Wankm\u00fcller SA","url":"https:\/\/shop.bantam.ch\/fr\/","logo":{"@type":"ImageObject","inLanguage":"fr-FR","@id":"https:\/\/shop.bantam.ch\/fr\/#\/schema\/logo\/image\/","url":"https:\/\/shop.bantam.ch\/wp-content\/uploads\/2022\/12\/bantam-logo.png","contentUrl":"https:\/\/shop.bantam.ch\/wp-content\/uploads\/2022\/12\/bantam-logo.png","width":320,"height":71,"caption":"Bantam Wankm\u00fcller SA"},"image":{"@id":"https:\/\/shop.bantam.ch\/fr\/#\/schema\/logo\/image\/"}}]}},"_links":{"self":[{"href":"https:\/\/shop.bantam.ch\/fr\/wp-json\/wp\/v2\/product\/127946","targetHints":{"allow":["GET"]}}],"collection":[{"href":"https:\/\/shop.bantam.ch\/fr\/wp-json\/wp\/v2\/product"}],"about":[{"href":"https:\/\/shop.bantam.ch\/fr\/wp-json\/wp\/v2\/types\/product"}],"wp:featuredmedia":[{"embeddable":true,"href":"https:\/\/shop.bantam.ch\/fr\/wp-json\/wp\/v2\/media\/127944"}],"wp:attachment":[{"href":"https:\/\/shop.bantam.ch\/fr\/wp-json\/wp\/v2\/media?parent=127946"}],"wp:term":[{"taxonomy":"product_featured_cat","embeddable":true,"href":"https:\/\/shop.bantam.ch\/fr\/wp-json\/wp\/v2\/product_featured_cat?post=127946"},{"taxonomy":"product_brand","embeddable":true,"href":"https:\/\/shop.bantam.ch\/fr\/wp-json\/wp\/v2\/product_brand?post=127946"},{"taxonomy":"product_cat","embeddable":true,"href":"https:\/\/shop.bantam.ch\/fr\/wp-json\/wp\/v2\/product_cat?post=127946"},{"taxonomy":"product_tag","embeddable":true,"href":"https:\/\/shop.bantam.ch\/fr\/wp-json\/wp\/v2\/product_tag?post=127946"}],"curies":[{"name":"wp","href":"https:\/\/api.w.org\/{rel}","templated":true}]}}