{"id":127930,"date":"2023-03-01T01:26:40","date_gmt":"2023-03-01T00:26:40","guid":{"rendered":"https:\/\/shop.bantam.ch\/produit\/mini-lanterne-ml4-warm-light-noir\/"},"modified":"2026-04-20T21:55:08","modified_gmt":"2026-04-20T19:55:08","slug":"mini-lanterne-ml4-warm-light-noir","status":"publish","type":"product","link":"https:\/\/shop.bantam.ch\/fr\/produit\/mini-lanterne-ml4-warm-light-noir\/","title":{"rendered":"Mini-lanterne LEDLENSER ML4 Warm Light couleur noire"},"content":{"rendered":"<p>La lanterne ultra-compacte ML4 Warm Light \u00e9met un \u00e9clairage agr\u00e9able avec une couleur de lumi\u00e8re blanche chaude partout. Avec sa technologie de micro-prisme, vous serez assur\u00e9 d&rsquo;avoir un \u00e9clairage efficace et cibl\u00e9, sans \u00eatre \u00e9bloui. Elle est aliment\u00e9e par une batterie rechargeable incluse, ou alternativement par une batterie AA. Le crochet-mousqueton offre plusieurs options d&rsquo;attache. Elle peut par exemple, \u00eatre attach\u00e9e \u00e0 un sac \u00e0 dos pour s&rsquo;assurer que le ML4 Warm Light soit toujours l\u00e0 quand vous en avez besoin.<\/p>\n<ul>\n<li>Mini lanterne avec la technologie la plus r\u00e9cente de lentille pour une lumi\u00e8re blanche chaude sans \u00e9blouissement et une efficacit\u00e9 \u00e9nerg\u00e9tique \u00e9lev\u00e9e.<\/li>\n<li>Chargement de la batterie avec Magnetic Charge System pour une fixation particuli\u00e8rement facile du c\u00e2ble de charge et une meilleure protection contre la poussi\u00e8re et l&rsquo;eau<\/li>\n<li>La technologie Dual Power permet un fonctionnement alternatif avec des piles AA<\/li>\n<li>Crochet-mousqueton pour une utilisation et une fixation flexibles<\/li>\n<li>Lumi\u00e8re rouge suppl\u00e9mentaire, par exemple pour maintenir la vision nocturne<\/li>\n<\/ul>\n<p>Contenu de la livraison :\u00a0<br \/>1 jeu de piles<\/p>\n","protected":false},"excerpt":{"rendered":"<p>La lanterne ultra-compacte ML4 Warm Light \u00e9met un \u00e9clairage agr\u00e9able avec une couleur de lumi\u00e8re blanche chaude partout. Avec sa technologie de micro-prisme, vous serez assur\u00e9 d&rsquo;avoir un \u00e9clairage efficace et cibl\u00e9, sans \u00eatre \u00e9bloui. Elle est aliment\u00e9e par une batterie rechargeable incluse, ou alternativement par une batterie AA. Le crochet-mousqueton offre plusieurs options d&rsquo;attache. [&hellip;]<\/p>\n","protected":false},"featured_media":127928,"template":"","meta":{"_acf_changed":false},"product_featured_cat":[],"product_brand":[3436],"product_cat":[4361],"product_tag":[],"class_list":{"0":"post-127930","1":"product","2":"type-product","3":"status-publish","4":"has-post-thumbnail","6":"product_brand-ledlenser","7":"product_cat-lampes-a-piles-et-rechargeables","9":"first","10":"instock","11":"taxable","12":"shipping-taxable","13":"purchasable","14":"product-type-simple"},"acf":[],"yoast_head":"<!-- This site is optimized with the Yoast SEO plugin v27.4 - https:\/\/yoast.com\/product\/yoast-seo-wordpress\/ -->\n<title>Mini-lanterne LEDLENSER ML4 Warm Light couleur noire - Bantam Wankm\u00fcller SA<\/title>\n<meta name=\"robots\" content=\"index, follow, max-snippet:-1, max-image-preview:large, max-video-preview:-1\" \/>\n<link rel=\"canonical\" href=\"https:\/\/shop.bantam.ch\/fr\/produit\/mini-lanterne-ml4-warm-light-noir\/\" \/>\n<meta property=\"og:locale\" content=\"fr_FR\" \/>\n<meta property=\"og:type\" content=\"article\" \/>\n<meta property=\"og:title\" content=\"Mini-lanterne LEDLENSER ML4 Warm Light couleur noire - Bantam Wankm\u00fcller SA\" \/>\n<meta property=\"og:description\" content=\"La lanterne ultra-compacte ML4 Warm Light \u00e9met un \u00e9clairage agr\u00e9able avec une couleur de lumi\u00e8re blanche chaude partout. Avec sa technologie de micro-prisme, vous serez assur\u00e9 d&rsquo;avoir un \u00e9clairage efficace et cibl\u00e9, sans \u00eatre \u00e9bloui. Elle est aliment\u00e9e par une batterie rechargeable incluse, ou alternativement par une batterie AA. Le crochet-mousqueton offre plusieurs options d&rsquo;attache. [&hellip;]\" \/>\n<meta property=\"og:url\" content=\"https:\/\/shop.bantam.ch\/fr\/produit\/mini-lanterne-ml4-warm-light-noir\/\" \/>\n<meta property=\"og:site_name\" content=\"Bantam Wankm\u00fcller SA\" \/>\n<meta property=\"article:modified_time\" content=\"2026-04-20T19:55:08+00:00\" \/>\n<meta property=\"og:image\" content=\"https:\/\/shop.bantam.ch\/wp-content\/uploads\/2023\/03\/997061211.jpg\" \/>\n\t<meta property=\"og:image:width\" content=\"383\" \/>\n\t<meta property=\"og:image:height\" content=\"1000\" \/>\n\t<meta property=\"og:image:type\" content=\"image\/jpeg\" \/>\n<meta name=\"twitter:card\" content=\"summary_large_image\" \/>\n<meta name=\"twitter:label1\" content=\"Dur\u00e9e de lecture estim\u00e9e\" \/>\n\t<meta name=\"twitter:data1\" content=\"1 minute\" \/>\n<script type=\"application\/ld+json\" class=\"yoast-schema-graph\">{\"@context\":\"https:\\\/\\\/schema.org\",\"@graph\":[{\"@type\":\"WebPage\",\"@id\":\"https:\\\/\\\/shop.bantam.ch\\\/fr\\\/produit\\\/mini-lanterne-ml4-warm-light-noir\\\/\",\"url\":\"https:\\\/\\\/shop.bantam.ch\\\/fr\\\/produit\\\/mini-lanterne-ml4-warm-light-noir\\\/\",\"name\":\"Mini-lanterne LEDLENSER ML4 Warm Light couleur noire - Bantam Wankm\u00fcller SA\",\"isPartOf\":{\"@id\":\"https:\\\/\\\/shop.bantam.ch\\\/fr\\\/#website\"},\"primaryImageOfPage\":{\"@id\":\"https:\\\/\\\/shop.bantam.ch\\\/fr\\\/produit\\\/mini-lanterne-ml4-warm-light-noir\\\/#primaryimage\"},\"image\":{\"@id\":\"https:\\\/\\\/shop.bantam.ch\\\/fr\\\/produit\\\/mini-lanterne-ml4-warm-light-noir\\\/#primaryimage\"},\"thumbnailUrl\":\"https:\\\/\\\/shop.bantam.ch\\\/wp-content\\\/uploads\\\/2023\\\/03\\\/997061211.jpg\",\"datePublished\":\"2023-03-01T00:26:40+00:00\",\"dateModified\":\"2026-04-20T19:55:08+00:00\",\"breadcrumb\":{\"@id\":\"https:\\\/\\\/shop.bantam.ch\\\/fr\\\/produit\\\/mini-lanterne-ml4-warm-light-noir\\\/#breadcrumb\"},\"inLanguage\":\"fr-FR\",\"potentialAction\":[{\"@type\":\"ReadAction\",\"target\":[\"https:\\\/\\\/shop.bantam.ch\\\/fr\\\/produit\\\/mini-lanterne-ml4-warm-light-noir\\\/\"]}]},{\"@type\":\"ImageObject\",\"inLanguage\":\"fr-FR\",\"@id\":\"https:\\\/\\\/shop.bantam.ch\\\/fr\\\/produit\\\/mini-lanterne-ml4-warm-light-noir\\\/#primaryimage\",\"url\":\"https:\\\/\\\/shop.bantam.ch\\\/wp-content\\\/uploads\\\/2023\\\/03\\\/997061211.jpg\",\"contentUrl\":\"https:\\\/\\\/shop.bantam.ch\\\/wp-content\\\/uploads\\\/2023\\\/03\\\/997061211.jpg\",\"width\":383,\"height\":1000},{\"@type\":\"BreadcrumbList\",\"@id\":\"https:\\\/\\\/shop.bantam.ch\\\/fr\\\/produit\\\/mini-lanterne-ml4-warm-light-noir\\\/#breadcrumb\",\"itemListElement\":[{\"@type\":\"ListItem\",\"position\":1,\"name\":\"Accueil\",\"item\":\"https:\\\/\\\/shop.bantam.ch\\\/fr\\\/\"},{\"@type\":\"ListItem\",\"position\":2,\"name\":\"Boutique\",\"item\":\"https:\\\/\\\/shop.bantam.ch\\\/fr\\\/boutique\\\/\"},{\"@type\":\"ListItem\",\"position\":3,\"name\":\"Mini-lanterne LEDLENSER ML4 Warm Light couleur noire\"}]},{\"@type\":\"WebSite\",\"@id\":\"https:\\\/\\\/shop.bantam.ch\\\/fr\\\/#website\",\"url\":\"https:\\\/\\\/shop.bantam.ch\\\/fr\\\/\",\"name\":\"Bantam Wankm\u00fcller SA\",\"description\":\"\",\"publisher\":{\"@id\":\"https:\\\/\\\/shop.bantam.ch\\\/fr\\\/#organization\"},\"inLanguage\":\"fr-FR\"},{\"@type\":\"Organization\",\"@id\":\"https:\\\/\\\/shop.bantam.ch\\\/fr\\\/#organization\",\"name\":\"Bantam Wankm\u00fcller SA\",\"url\":\"https:\\\/\\\/shop.bantam.ch\\\/fr\\\/\",\"logo\":{\"@type\":\"ImageObject\",\"inLanguage\":\"fr-FR\",\"@id\":\"https:\\\/\\\/shop.bantam.ch\\\/fr\\\/#\\\/schema\\\/logo\\\/image\\\/\",\"url\":\"https:\\\/\\\/shop.bantam.ch\\\/wp-content\\\/uploads\\\/2022\\\/12\\\/bantam-logo.png\",\"contentUrl\":\"https:\\\/\\\/shop.bantam.ch\\\/wp-content\\\/uploads\\\/2022\\\/12\\\/bantam-logo.png\",\"width\":320,\"height\":71,\"caption\":\"Bantam Wankm\u00fcller SA\"},\"image\":{\"@id\":\"https:\\\/\\\/shop.bantam.ch\\\/fr\\\/#\\\/schema\\\/logo\\\/image\\\/\"}}]}<\/script>\n<!-- \/ Yoast SEO plugin. -->","yoast_head_json":{"title":"Mini-lanterne LEDLENSER ML4 Warm Light couleur noire - Bantam Wankm\u00fcller SA","robots":{"index":"index","follow":"follow","max-snippet":"max-snippet:-1","max-image-preview":"max-image-preview:large","max-video-preview":"max-video-preview:-1"},"canonical":"https:\/\/shop.bantam.ch\/fr\/produit\/mini-lanterne-ml4-warm-light-noir\/","og_locale":"fr_FR","og_type":"article","og_title":"Mini-lanterne LEDLENSER ML4 Warm Light couleur noire - Bantam Wankm\u00fcller SA","og_description":"La lanterne ultra-compacte ML4 Warm Light \u00e9met un \u00e9clairage agr\u00e9able avec une couleur de lumi\u00e8re blanche chaude partout. Avec sa technologie de micro-prisme, vous serez assur\u00e9 d&rsquo;avoir un \u00e9clairage efficace et cibl\u00e9, sans \u00eatre \u00e9bloui. Elle est aliment\u00e9e par une batterie rechargeable incluse, ou alternativement par une batterie AA. Le crochet-mousqueton offre plusieurs options d&rsquo;attache. [&hellip;]","og_url":"https:\/\/shop.bantam.ch\/fr\/produit\/mini-lanterne-ml4-warm-light-noir\/","og_site_name":"Bantam Wankm\u00fcller SA","article_modified_time":"2026-04-20T19:55:08+00:00","og_image":[{"width":383,"height":1000,"url":"https:\/\/shop.bantam.ch\/wp-content\/uploads\/2023\/03\/997061211.jpg","type":"image\/jpeg"}],"twitter_card":"summary_large_image","twitter_misc":{"Dur\u00e9e de lecture estim\u00e9e":"1 minute"},"schema":{"@context":"https:\/\/schema.org","@graph":[{"@type":"WebPage","@id":"https:\/\/shop.bantam.ch\/fr\/produit\/mini-lanterne-ml4-warm-light-noir\/","url":"https:\/\/shop.bantam.ch\/fr\/produit\/mini-lanterne-ml4-warm-light-noir\/","name":"Mini-lanterne LEDLENSER ML4 Warm Light couleur noire - Bantam Wankm\u00fcller SA","isPartOf":{"@id":"https:\/\/shop.bantam.ch\/fr\/#website"},"primaryImageOfPage":{"@id":"https:\/\/shop.bantam.ch\/fr\/produit\/mini-lanterne-ml4-warm-light-noir\/#primaryimage"},"image":{"@id":"https:\/\/shop.bantam.ch\/fr\/produit\/mini-lanterne-ml4-warm-light-noir\/#primaryimage"},"thumbnailUrl":"https:\/\/shop.bantam.ch\/wp-content\/uploads\/2023\/03\/997061211.jpg","datePublished":"2023-03-01T00:26:40+00:00","dateModified":"2026-04-20T19:55:08+00:00","breadcrumb":{"@id":"https:\/\/shop.bantam.ch\/fr\/produit\/mini-lanterne-ml4-warm-light-noir\/#breadcrumb"},"inLanguage":"fr-FR","potentialAction":[{"@type":"ReadAction","target":["https:\/\/shop.bantam.ch\/fr\/produit\/mini-lanterne-ml4-warm-light-noir\/"]}]},{"@type":"ImageObject","inLanguage":"fr-FR","@id":"https:\/\/shop.bantam.ch\/fr\/produit\/mini-lanterne-ml4-warm-light-noir\/#primaryimage","url":"https:\/\/shop.bantam.ch\/wp-content\/uploads\/2023\/03\/997061211.jpg","contentUrl":"https:\/\/shop.bantam.ch\/wp-content\/uploads\/2023\/03\/997061211.jpg","width":383,"height":1000},{"@type":"BreadcrumbList","@id":"https:\/\/shop.bantam.ch\/fr\/produit\/mini-lanterne-ml4-warm-light-noir\/#breadcrumb","itemListElement":[{"@type":"ListItem","position":1,"name":"Accueil","item":"https:\/\/shop.bantam.ch\/fr\/"},{"@type":"ListItem","position":2,"name":"Boutique","item":"https:\/\/shop.bantam.ch\/fr\/boutique\/"},{"@type":"ListItem","position":3,"name":"Mini-lanterne LEDLENSER ML4 Warm Light couleur noire"}]},{"@type":"WebSite","@id":"https:\/\/shop.bantam.ch\/fr\/#website","url":"https:\/\/shop.bantam.ch\/fr\/","name":"Bantam Wankm\u00fcller SA","description":"","publisher":{"@id":"https:\/\/shop.bantam.ch\/fr\/#organization"},"inLanguage":"fr-FR"},{"@type":"Organization","@id":"https:\/\/shop.bantam.ch\/fr\/#organization","name":"Bantam Wankm\u00fcller SA","url":"https:\/\/shop.bantam.ch\/fr\/","logo":{"@type":"ImageObject","inLanguage":"fr-FR","@id":"https:\/\/shop.bantam.ch\/fr\/#\/schema\/logo\/image\/","url":"https:\/\/shop.bantam.ch\/wp-content\/uploads\/2022\/12\/bantam-logo.png","contentUrl":"https:\/\/shop.bantam.ch\/wp-content\/uploads\/2022\/12\/bantam-logo.png","width":320,"height":71,"caption":"Bantam Wankm\u00fcller SA"},"image":{"@id":"https:\/\/shop.bantam.ch\/fr\/#\/schema\/logo\/image\/"}}]}},"_links":{"self":[{"href":"https:\/\/shop.bantam.ch\/fr\/wp-json\/wp\/v2\/product\/127930","targetHints":{"allow":["GET"]}}],"collection":[{"href":"https:\/\/shop.bantam.ch\/fr\/wp-json\/wp\/v2\/product"}],"about":[{"href":"https:\/\/shop.bantam.ch\/fr\/wp-json\/wp\/v2\/types\/product"}],"wp:featuredmedia":[{"embeddable":true,"href":"https:\/\/shop.bantam.ch\/fr\/wp-json\/wp\/v2\/media\/127928"}],"wp:attachment":[{"href":"https:\/\/shop.bantam.ch\/fr\/wp-json\/wp\/v2\/media?parent=127930"}],"wp:term":[{"taxonomy":"product_featured_cat","embeddable":true,"href":"https:\/\/shop.bantam.ch\/fr\/wp-json\/wp\/v2\/product_featured_cat?post=127930"},{"taxonomy":"product_brand","embeddable":true,"href":"https:\/\/shop.bantam.ch\/fr\/wp-json\/wp\/v2\/product_brand?post=127930"},{"taxonomy":"product_cat","embeddable":true,"href":"https:\/\/shop.bantam.ch\/fr\/wp-json\/wp\/v2\/product_cat?post=127930"},{"taxonomy":"product_tag","embeddable":true,"href":"https:\/\/shop.bantam.ch\/fr\/wp-json\/wp\/v2\/product_tag?post=127930"}],"curies":[{"name":"wp","href":"https:\/\/api.w.org\/{rel}","templated":true}]}}