{"id":127866,"date":"2023-03-01T01:25:41","date_gmt":"2023-03-01T00:25:41","guid":{"rendered":"https:\/\/shop.bantam.ch\/produit\/livre-de-cuisine-gu-four-a-emporter\/"},"modified":"2026-05-11T21:51:53","modified_gmt":"2026-05-11T19:51:53","slug":"livre-de-cuisine-gu-four-a-emporter","status":"publish","type":"product","link":"https:\/\/shop.bantam.ch\/fr\/produit\/livre-de-cuisine-gu-four-a-emporter\/","title":{"rendered":"GU-Kochbuch OMNIA Backofen to go"},"content":{"rendered":"<p>GU &#8211; Livre de cuisine \u00ab\u00a0Backofen to go\u00a0\u00bb pour le four Omnia<\/p>\n<p>CUISINER EN PLEIN AIR<\/p>\n<p>Sortir de votre tente le matin et sentir l&rsquo;odeur des petits pains chauds\u00a0? Manger des lasagnes sous un ciel \u00e9toil\u00e9\u00a0? Tout est possible et tout est inclus dans les recettes de \u00ab\u00a0Backofen to go\u00a0\u00bb avec le four de camping OMNIA\u00a0!<\/p>\n<p>Ce que les fours peuvent faire en int\u00e9rieur, ils peuvent aussi le faire \u00e0 l&rsquo;ext\u00e9rieur en plein air : du pain, des petits pains, des g\u00e2teaux, des plats mijot\u00e9s et gratins, simples, avec tr\u00e8s peu d&rsquo;ingr\u00e9dients, du sucr\u00e9 au sal\u00e9.<\/p>\n<p>En plus, vous trouverez de nombreux conseils sur ce four de camping culte : une petite flamme qui devient grande et vous r\u00e9chauffe contre le vent et les intemp\u00e9ries\u00a0!<\/p>\n<p>Magnifiquement illustr\u00e9 sur 160 pages avec de d\u00e9licieuses id\u00e9es de recettes. Pr\u00e9sentation de grande qualit\u00e9. Du plus grand \u00e9diteur de livres de cuisine d&rsquo;Europe Gr\u00e4fe &amp; Unzer (GU).<\/p>\n","protected":false},"excerpt":{"rendered":"<p>GU &#8211; Livre de cuisine \u00ab\u00a0Backofen to go\u00a0\u00bb pour le four Omnia CUISINER EN PLEIN AIR Sortir de votre tente le matin et sentir l&rsquo;odeur des petits pains chauds\u00a0? Manger des lasagnes sous un ciel \u00e9toil\u00e9\u00a0? Tout est possible et tout est inclus dans les recettes de \u00ab\u00a0Backofen to go\u00a0\u00bb avec le four de camping [&hellip;]<\/p>\n","protected":false},"featured_media":127860,"template":"","meta":{"_acf_changed":false},"product_featured_cat":[],"product_brand":[3292],"product_cat":[4347],"product_tag":[],"class_list":{"0":"post-127866","1":"product","2":"type-product","3":"status-publish","4":"has-post-thumbnail","6":"product_brand-omnia","7":"product_cat-livres-de-cuisine","9":"first","10":"instock","11":"taxable","12":"shipping-taxable","13":"purchasable","14":"product-type-simple"},"acf":[],"yoast_head":"<!-- This site is optimized with the Yoast SEO plugin v27.5 - https:\/\/yoast.com\/product\/yoast-seo-wordpress\/ -->\n<title>GU-Kochbuch OMNIA Backofen to go - Bantam<\/title>\n<meta name=\"robots\" content=\"index, follow, max-snippet:-1, max-image-preview:large, max-video-preview:-1\" \/>\n<link rel=\"canonical\" href=\"https:\/\/shop.bantam.ch\/fr\/produit\/livre-de-cuisine-gu-four-a-emporter\/\" \/>\n<meta property=\"og:locale\" content=\"fr_FR\" \/>\n<meta property=\"og:type\" content=\"article\" \/>\n<meta property=\"og:title\" content=\"GU-Kochbuch OMNIA Backofen to go - Bantam\" \/>\n<meta property=\"og:description\" content=\"GU &#8211; Livre de cuisine \u00ab\u00a0Backofen to go\u00a0\u00bb pour le four Omnia CUISINER EN PLEIN AIR Sortir de votre tente le matin et sentir l&rsquo;odeur des petits pains chauds\u00a0? Manger des lasagnes sous un ciel \u00e9toil\u00e9\u00a0? Tout est possible et tout est inclus dans les recettes de \u00ab\u00a0Backofen to go\u00a0\u00bb avec le four de camping [&hellip;]\" \/>\n<meta property=\"og:url\" content=\"https:\/\/shop.bantam.ch\/fr\/produit\/livre-de-cuisine-gu-four-a-emporter\/\" \/>\n<meta property=\"og:site_name\" content=\"Bantam\" \/>\n<meta property=\"article:modified_time\" content=\"2026-05-11T19:51:53+00:00\" \/>\n<meta property=\"og:image\" content=\"https:\/\/shop.bantam.ch\/wp-content\/uploads\/2023\/03\/995779311.jpg\" \/>\n\t<meta property=\"og:image:width\" content=\"551\" \/>\n\t<meta property=\"og:image:height\" content=\"721\" \/>\n\t<meta property=\"og:image:type\" content=\"image\/jpeg\" \/>\n<meta name=\"twitter:card\" content=\"summary_large_image\" \/>\n<meta name=\"twitter:label1\" content=\"Dur\u00e9e de lecture estim\u00e9e\" \/>\n\t<meta name=\"twitter:data1\" content=\"1 minute\" \/>\n<script type=\"application\/ld+json\" class=\"yoast-schema-graph\">{\"@context\":\"https:\\\/\\\/schema.org\",\"@graph\":[{\"@type\":\"WebPage\",\"@id\":\"https:\\\/\\\/shop.bantam.ch\\\/fr\\\/produit\\\/livre-de-cuisine-gu-four-a-emporter\\\/\",\"url\":\"https:\\\/\\\/shop.bantam.ch\\\/fr\\\/produit\\\/livre-de-cuisine-gu-four-a-emporter\\\/\",\"name\":\"GU-Kochbuch OMNIA Backofen to go - Bantam\",\"isPartOf\":{\"@id\":\"https:\\\/\\\/shop.bantam.ch\\\/fr\\\/#website\"},\"primaryImageOfPage\":{\"@id\":\"https:\\\/\\\/shop.bantam.ch\\\/fr\\\/produit\\\/livre-de-cuisine-gu-four-a-emporter\\\/#primaryimage\"},\"image\":{\"@id\":\"https:\\\/\\\/shop.bantam.ch\\\/fr\\\/produit\\\/livre-de-cuisine-gu-four-a-emporter\\\/#primaryimage\"},\"thumbnailUrl\":\"https:\\\/\\\/shop.bantam.ch\\\/wp-content\\\/uploads\\\/2023\\\/03\\\/995779311.jpg\",\"datePublished\":\"2023-03-01T00:25:41+00:00\",\"dateModified\":\"2026-05-11T19:51:53+00:00\",\"breadcrumb\":{\"@id\":\"https:\\\/\\\/shop.bantam.ch\\\/fr\\\/produit\\\/livre-de-cuisine-gu-four-a-emporter\\\/#breadcrumb\"},\"inLanguage\":\"fr-FR\",\"potentialAction\":[{\"@type\":\"ReadAction\",\"target\":[\"https:\\\/\\\/shop.bantam.ch\\\/fr\\\/produit\\\/livre-de-cuisine-gu-four-a-emporter\\\/\"]}]},{\"@type\":\"ImageObject\",\"inLanguage\":\"fr-FR\",\"@id\":\"https:\\\/\\\/shop.bantam.ch\\\/fr\\\/produit\\\/livre-de-cuisine-gu-four-a-emporter\\\/#primaryimage\",\"url\":\"https:\\\/\\\/shop.bantam.ch\\\/wp-content\\\/uploads\\\/2023\\\/03\\\/995779311.jpg\",\"contentUrl\":\"https:\\\/\\\/shop.bantam.ch\\\/wp-content\\\/uploads\\\/2023\\\/03\\\/995779311.jpg\",\"width\":551,\"height\":721},{\"@type\":\"BreadcrumbList\",\"@id\":\"https:\\\/\\\/shop.bantam.ch\\\/fr\\\/produit\\\/livre-de-cuisine-gu-four-a-emporter\\\/#breadcrumb\",\"itemListElement\":[{\"@type\":\"ListItem\",\"position\":1,\"name\":\"Accueil\",\"item\":\"https:\\\/\\\/shop.bantam.ch\\\/fr\\\/\"},{\"@type\":\"ListItem\",\"position\":2,\"name\":\"Boutique\",\"item\":\"https:\\\/\\\/shop.bantam.ch\\\/fr\\\/boutique\\\/\"},{\"@type\":\"ListItem\",\"position\":3,\"name\":\"GU-Kochbuch OMNIA Backofen to go\"}]},{\"@type\":\"WebSite\",\"@id\":\"https:\\\/\\\/shop.bantam.ch\\\/fr\\\/#website\",\"url\":\"https:\\\/\\\/shop.bantam.ch\\\/fr\\\/\",\"name\":\"Bantam\",\"description\":\"\",\"publisher\":{\"@id\":\"https:\\\/\\\/shop.bantam.ch\\\/fr\\\/#organization\"},\"inLanguage\":\"fr-FR\"},{\"@type\":\"Organization\",\"@id\":\"https:\\\/\\\/shop.bantam.ch\\\/fr\\\/#organization\",\"name\":\"Bantam\",\"url\":\"https:\\\/\\\/shop.bantam.ch\\\/fr\\\/\",\"logo\":{\"@type\":\"ImageObject\",\"inLanguage\":\"fr-FR\",\"@id\":\"https:\\\/\\\/shop.bantam.ch\\\/fr\\\/#\\\/schema\\\/logo\\\/image\\\/\",\"url\":\"https:\\\/\\\/shop.bantam.ch\\\/wp-content\\\/uploads\\\/2022\\\/12\\\/bantam-logo.png\",\"contentUrl\":\"https:\\\/\\\/shop.bantam.ch\\\/wp-content\\\/uploads\\\/2022\\\/12\\\/bantam-logo.png\",\"width\":320,\"height\":71,\"caption\":\"Bantam\"},\"image\":{\"@id\":\"https:\\\/\\\/shop.bantam.ch\\\/fr\\\/#\\\/schema\\\/logo\\\/image\\\/\"}}]}<\/script>\n<!-- \/ Yoast SEO plugin. -->","yoast_head_json":{"title":"GU-Kochbuch OMNIA Backofen to go - Bantam","robots":{"index":"index","follow":"follow","max-snippet":"max-snippet:-1","max-image-preview":"max-image-preview:large","max-video-preview":"max-video-preview:-1"},"canonical":"https:\/\/shop.bantam.ch\/fr\/produit\/livre-de-cuisine-gu-four-a-emporter\/","og_locale":"fr_FR","og_type":"article","og_title":"GU-Kochbuch OMNIA Backofen to go - Bantam","og_description":"GU &#8211; Livre de cuisine \u00ab\u00a0Backofen to go\u00a0\u00bb pour le four Omnia CUISINER EN PLEIN AIR Sortir de votre tente le matin et sentir l&rsquo;odeur des petits pains chauds\u00a0? Manger des lasagnes sous un ciel \u00e9toil\u00e9\u00a0? Tout est possible et tout est inclus dans les recettes de \u00ab\u00a0Backofen to go\u00a0\u00bb avec le four de camping [&hellip;]","og_url":"https:\/\/shop.bantam.ch\/fr\/produit\/livre-de-cuisine-gu-four-a-emporter\/","og_site_name":"Bantam","article_modified_time":"2026-05-11T19:51:53+00:00","og_image":[{"width":551,"height":721,"url":"https:\/\/shop.bantam.ch\/wp-content\/uploads\/2023\/03\/995779311.jpg","type":"image\/jpeg"}],"twitter_card":"summary_large_image","twitter_misc":{"Dur\u00e9e de lecture estim\u00e9e":"1 minute"},"schema":{"@context":"https:\/\/schema.org","@graph":[{"@type":"WebPage","@id":"https:\/\/shop.bantam.ch\/fr\/produit\/livre-de-cuisine-gu-four-a-emporter\/","url":"https:\/\/shop.bantam.ch\/fr\/produit\/livre-de-cuisine-gu-four-a-emporter\/","name":"GU-Kochbuch OMNIA Backofen to go - Bantam","isPartOf":{"@id":"https:\/\/shop.bantam.ch\/fr\/#website"},"primaryImageOfPage":{"@id":"https:\/\/shop.bantam.ch\/fr\/produit\/livre-de-cuisine-gu-four-a-emporter\/#primaryimage"},"image":{"@id":"https:\/\/shop.bantam.ch\/fr\/produit\/livre-de-cuisine-gu-four-a-emporter\/#primaryimage"},"thumbnailUrl":"https:\/\/shop.bantam.ch\/wp-content\/uploads\/2023\/03\/995779311.jpg","datePublished":"2023-03-01T00:25:41+00:00","dateModified":"2026-05-11T19:51:53+00:00","breadcrumb":{"@id":"https:\/\/shop.bantam.ch\/fr\/produit\/livre-de-cuisine-gu-four-a-emporter\/#breadcrumb"},"inLanguage":"fr-FR","potentialAction":[{"@type":"ReadAction","target":["https:\/\/shop.bantam.ch\/fr\/produit\/livre-de-cuisine-gu-four-a-emporter\/"]}]},{"@type":"ImageObject","inLanguage":"fr-FR","@id":"https:\/\/shop.bantam.ch\/fr\/produit\/livre-de-cuisine-gu-four-a-emporter\/#primaryimage","url":"https:\/\/shop.bantam.ch\/wp-content\/uploads\/2023\/03\/995779311.jpg","contentUrl":"https:\/\/shop.bantam.ch\/wp-content\/uploads\/2023\/03\/995779311.jpg","width":551,"height":721},{"@type":"BreadcrumbList","@id":"https:\/\/shop.bantam.ch\/fr\/produit\/livre-de-cuisine-gu-four-a-emporter\/#breadcrumb","itemListElement":[{"@type":"ListItem","position":1,"name":"Accueil","item":"https:\/\/shop.bantam.ch\/fr\/"},{"@type":"ListItem","position":2,"name":"Boutique","item":"https:\/\/shop.bantam.ch\/fr\/boutique\/"},{"@type":"ListItem","position":3,"name":"GU-Kochbuch OMNIA Backofen to go"}]},{"@type":"WebSite","@id":"https:\/\/shop.bantam.ch\/fr\/#website","url":"https:\/\/shop.bantam.ch\/fr\/","name":"Bantam","description":"","publisher":{"@id":"https:\/\/shop.bantam.ch\/fr\/#organization"},"inLanguage":"fr-FR"},{"@type":"Organization","@id":"https:\/\/shop.bantam.ch\/fr\/#organization","name":"Bantam","url":"https:\/\/shop.bantam.ch\/fr\/","logo":{"@type":"ImageObject","inLanguage":"fr-FR","@id":"https:\/\/shop.bantam.ch\/fr\/#\/schema\/logo\/image\/","url":"https:\/\/shop.bantam.ch\/wp-content\/uploads\/2022\/12\/bantam-logo.png","contentUrl":"https:\/\/shop.bantam.ch\/wp-content\/uploads\/2022\/12\/bantam-logo.png","width":320,"height":71,"caption":"Bantam"},"image":{"@id":"https:\/\/shop.bantam.ch\/fr\/#\/schema\/logo\/image\/"}}]}},"_links":{"self":[{"href":"https:\/\/shop.bantam.ch\/fr\/wp-json\/wp\/v2\/product\/127866","targetHints":{"allow":["GET"]}}],"collection":[{"href":"https:\/\/shop.bantam.ch\/fr\/wp-json\/wp\/v2\/product"}],"about":[{"href":"https:\/\/shop.bantam.ch\/fr\/wp-json\/wp\/v2\/types\/product"}],"wp:featuredmedia":[{"embeddable":true,"href":"https:\/\/shop.bantam.ch\/fr\/wp-json\/wp\/v2\/media\/127860"}],"wp:attachment":[{"href":"https:\/\/shop.bantam.ch\/fr\/wp-json\/wp\/v2\/media?parent=127866"}],"wp:term":[{"taxonomy":"product_featured_cat","embeddable":true,"href":"https:\/\/shop.bantam.ch\/fr\/wp-json\/wp\/v2\/product_featured_cat?post=127866"},{"taxonomy":"product_brand","embeddable":true,"href":"https:\/\/shop.bantam.ch\/fr\/wp-json\/wp\/v2\/product_brand?post=127866"},{"taxonomy":"product_cat","embeddable":true,"href":"https:\/\/shop.bantam.ch\/fr\/wp-json\/wp\/v2\/product_cat?post=127866"},{"taxonomy":"product_tag","embeddable":true,"href":"https:\/\/shop.bantam.ch\/fr\/wp-json\/wp\/v2\/product_tag?post=127866"}],"curies":[{"name":"wp","href":"https:\/\/api.w.org\/{rel}","templated":true}]}}