{"id":127858,"date":"2023-03-01T01:25:35","date_gmt":"2023-03-01T00:25:35","guid":{"rendered":"https:\/\/shop.bantam.ch\/produit\/livre-de-cuisine-one-pot-rezepte\/"},"modified":"2026-04-20T21:55:00","modified_gmt":"2026-04-20T19:55:00","slug":"livre-de-cuisine-one-pot-rezepte","status":"publish","type":"product","link":"https:\/\/shop.bantam.ch\/fr\/produit\/livre-de-cuisine-one-pot-rezepte\/","title":{"rendered":"Livre de cuisine OMNIA One Pot Rezepte"},"content":{"rendered":"<p>Livre de cuisine \u00ab\u00a0Recettes One Pot\u00a0&#8211; rapides et simples\u00a0\u00bb pour le four Omnia<\/p>\n<p>Cuit en un rien de temps ! C&rsquo;est le rago\u00fbt bien connu qui pla\u00eet aux petits comme aux grands. En un rien de temps, sans beaucoup de temps et effort, vous trouverez de d\u00e9licieux classiques ainsi que des nouveaut\u00e9s sur la table qui font le bonheur de tous. Rien de plus simple !<\/p>\n<p>Le livre de cuisine \u00ab\u00a0Recettes One Pot\u00a0&#8211; rapides et simples\u00a0\u00bb pour le four Omnia est magnifiquement illustr\u00e9 sur 64 pages avec de d\u00e9licieuses id\u00e9es de recettes. Couverture rigide avec signet.<\/p>\n","protected":false},"excerpt":{"rendered":"<p>Livre de cuisine \u00ab\u00a0Recettes One Pot\u00a0&#8211; rapides et simples\u00a0\u00bb pour le four Omnia Cuit en un rien de temps ! C&rsquo;est le rago\u00fbt bien connu qui pla\u00eet aux petits comme aux grands. En un rien de temps, sans beaucoup de temps et effort, vous trouverez de d\u00e9licieux classiques ainsi que des nouveaut\u00e9s sur la table [&hellip;]<\/p>\n","protected":false},"featured_media":127856,"template":"","meta":{"_acf_changed":false},"product_featured_cat":[],"product_brand":[3292],"product_cat":[4347],"product_tag":[],"class_list":{"0":"post-127858","1":"product","2":"type-product","3":"status-publish","4":"has-post-thumbnail","6":"product_brand-omnia","7":"product_cat-livres-de-cuisine","9":"first","10":"instock","11":"taxable","12":"shipping-taxable","13":"purchasable","14":"product-type-simple"},"acf":[],"yoast_head":"<!-- This site is optimized with the Yoast SEO plugin v27.4 - https:\/\/yoast.com\/product\/yoast-seo-wordpress\/ -->\n<title>Livre de cuisine OMNIA One Pot Rezepte - Bantam Wankm\u00fcller SA<\/title>\n<meta name=\"robots\" content=\"index, follow, max-snippet:-1, max-image-preview:large, max-video-preview:-1\" \/>\n<link rel=\"canonical\" href=\"https:\/\/shop.bantam.ch\/fr\/produit\/livre-de-cuisine-one-pot-rezepte\/\" \/>\n<meta property=\"og:locale\" content=\"fr_FR\" \/>\n<meta property=\"og:type\" content=\"article\" \/>\n<meta property=\"og:title\" content=\"Livre de cuisine OMNIA One Pot Rezepte - Bantam Wankm\u00fcller SA\" \/>\n<meta property=\"og:description\" content=\"Livre de cuisine \u00ab\u00a0Recettes One Pot\u00a0&#8211; rapides et simples\u00a0\u00bb pour le four Omnia Cuit en un rien de temps ! C&rsquo;est le rago\u00fbt bien connu qui pla\u00eet aux petits comme aux grands. En un rien de temps, sans beaucoup de temps et effort, vous trouverez de d\u00e9licieux classiques ainsi que des nouveaut\u00e9s sur la table [&hellip;]\" \/>\n<meta property=\"og:url\" content=\"https:\/\/shop.bantam.ch\/fr\/produit\/livre-de-cuisine-one-pot-rezepte\/\" \/>\n<meta property=\"og:site_name\" content=\"Bantam Wankm\u00fcller SA\" \/>\n<meta property=\"article:modified_time\" content=\"2026-04-20T19:55:00+00:00\" \/>\n<meta property=\"og:image\" content=\"https:\/\/shop.bantam.ch\/wp-content\/uploads\/2023\/03\/995779211-scaled.jpg\" \/>\n\t<meta property=\"og:image:width\" content=\"2334\" \/>\n\t<meta property=\"og:image:height\" content=\"2334\" \/>\n\t<meta property=\"og:image:type\" content=\"image\/jpeg\" \/>\n<meta name=\"twitter:card\" content=\"summary_large_image\" \/>\n<meta name=\"twitter:label1\" content=\"Dur\u00e9e de lecture estim\u00e9e\" \/>\n\t<meta name=\"twitter:data1\" content=\"1 minute\" \/>\n<script type=\"application\/ld+json\" class=\"yoast-schema-graph\">{\"@context\":\"https:\\\/\\\/schema.org\",\"@graph\":[{\"@type\":\"WebPage\",\"@id\":\"https:\\\/\\\/shop.bantam.ch\\\/fr\\\/produit\\\/livre-de-cuisine-one-pot-rezepte\\\/\",\"url\":\"https:\\\/\\\/shop.bantam.ch\\\/fr\\\/produit\\\/livre-de-cuisine-one-pot-rezepte\\\/\",\"name\":\"Livre de cuisine OMNIA One Pot Rezepte - Bantam Wankm\u00fcller SA\",\"isPartOf\":{\"@id\":\"https:\\\/\\\/shop.bantam.ch\\\/fr\\\/#website\"},\"primaryImageOfPage\":{\"@id\":\"https:\\\/\\\/shop.bantam.ch\\\/fr\\\/produit\\\/livre-de-cuisine-one-pot-rezepte\\\/#primaryimage\"},\"image\":{\"@id\":\"https:\\\/\\\/shop.bantam.ch\\\/fr\\\/produit\\\/livre-de-cuisine-one-pot-rezepte\\\/#primaryimage\"},\"thumbnailUrl\":\"https:\\\/\\\/shop.bantam.ch\\\/wp-content\\\/uploads\\\/2023\\\/03\\\/995779211-scaled.jpg\",\"datePublished\":\"2023-03-01T00:25:35+00:00\",\"dateModified\":\"2026-04-20T19:55:00+00:00\",\"breadcrumb\":{\"@id\":\"https:\\\/\\\/shop.bantam.ch\\\/fr\\\/produit\\\/livre-de-cuisine-one-pot-rezepte\\\/#breadcrumb\"},\"inLanguage\":\"fr-FR\",\"potentialAction\":[{\"@type\":\"ReadAction\",\"target\":[\"https:\\\/\\\/shop.bantam.ch\\\/fr\\\/produit\\\/livre-de-cuisine-one-pot-rezepte\\\/\"]}]},{\"@type\":\"ImageObject\",\"inLanguage\":\"fr-FR\",\"@id\":\"https:\\\/\\\/shop.bantam.ch\\\/fr\\\/produit\\\/livre-de-cuisine-one-pot-rezepte\\\/#primaryimage\",\"url\":\"https:\\\/\\\/shop.bantam.ch\\\/wp-content\\\/uploads\\\/2023\\\/03\\\/995779211-scaled.jpg\",\"contentUrl\":\"https:\\\/\\\/shop.bantam.ch\\\/wp-content\\\/uploads\\\/2023\\\/03\\\/995779211-scaled.jpg\",\"width\":2048,\"height\":2048},{\"@type\":\"BreadcrumbList\",\"@id\":\"https:\\\/\\\/shop.bantam.ch\\\/fr\\\/produit\\\/livre-de-cuisine-one-pot-rezepte\\\/#breadcrumb\",\"itemListElement\":[{\"@type\":\"ListItem\",\"position\":1,\"name\":\"Accueil\",\"item\":\"https:\\\/\\\/shop.bantam.ch\\\/fr\\\/\"},{\"@type\":\"ListItem\",\"position\":2,\"name\":\"Boutique\",\"item\":\"https:\\\/\\\/shop.bantam.ch\\\/fr\\\/boutique\\\/\"},{\"@type\":\"ListItem\",\"position\":3,\"name\":\"Livre de cuisine OMNIA One Pot Rezepte\"}]},{\"@type\":\"WebSite\",\"@id\":\"https:\\\/\\\/shop.bantam.ch\\\/fr\\\/#website\",\"url\":\"https:\\\/\\\/shop.bantam.ch\\\/fr\\\/\",\"name\":\"Bantam Wankm\u00fcller SA\",\"description\":\"\",\"publisher\":{\"@id\":\"https:\\\/\\\/shop.bantam.ch\\\/fr\\\/#organization\"},\"inLanguage\":\"fr-FR\"},{\"@type\":\"Organization\",\"@id\":\"https:\\\/\\\/shop.bantam.ch\\\/fr\\\/#organization\",\"name\":\"Bantam Wankm\u00fcller SA\",\"url\":\"https:\\\/\\\/shop.bantam.ch\\\/fr\\\/\",\"logo\":{\"@type\":\"ImageObject\",\"inLanguage\":\"fr-FR\",\"@id\":\"https:\\\/\\\/shop.bantam.ch\\\/fr\\\/#\\\/schema\\\/logo\\\/image\\\/\",\"url\":\"https:\\\/\\\/shop.bantam.ch\\\/wp-content\\\/uploads\\\/2022\\\/12\\\/bantam-logo.png\",\"contentUrl\":\"https:\\\/\\\/shop.bantam.ch\\\/wp-content\\\/uploads\\\/2022\\\/12\\\/bantam-logo.png\",\"width\":320,\"height\":71,\"caption\":\"Bantam Wankm\u00fcller SA\"},\"image\":{\"@id\":\"https:\\\/\\\/shop.bantam.ch\\\/fr\\\/#\\\/schema\\\/logo\\\/image\\\/\"}}]}<\/script>\n<!-- \/ Yoast SEO plugin. -->","yoast_head_json":{"title":"Livre de cuisine OMNIA One Pot Rezepte - Bantam Wankm\u00fcller SA","robots":{"index":"index","follow":"follow","max-snippet":"max-snippet:-1","max-image-preview":"max-image-preview:large","max-video-preview":"max-video-preview:-1"},"canonical":"https:\/\/shop.bantam.ch\/fr\/produit\/livre-de-cuisine-one-pot-rezepte\/","og_locale":"fr_FR","og_type":"article","og_title":"Livre de cuisine OMNIA One Pot Rezepte - Bantam Wankm\u00fcller SA","og_description":"Livre de cuisine \u00ab\u00a0Recettes One Pot\u00a0&#8211; rapides et simples\u00a0\u00bb pour le four Omnia Cuit en un rien de temps ! C&rsquo;est le rago\u00fbt bien connu qui pla\u00eet aux petits comme aux grands. En un rien de temps, sans beaucoup de temps et effort, vous trouverez de d\u00e9licieux classiques ainsi que des nouveaut\u00e9s sur la table [&hellip;]","og_url":"https:\/\/shop.bantam.ch\/fr\/produit\/livre-de-cuisine-one-pot-rezepte\/","og_site_name":"Bantam Wankm\u00fcller SA","article_modified_time":"2026-04-20T19:55:00+00:00","og_image":[{"width":2334,"height":2334,"url":"https:\/\/shop.bantam.ch\/wp-content\/uploads\/2023\/03\/995779211-scaled.jpg","type":"image\/jpeg"}],"twitter_card":"summary_large_image","twitter_misc":{"Dur\u00e9e de lecture estim\u00e9e":"1 minute"},"schema":{"@context":"https:\/\/schema.org","@graph":[{"@type":"WebPage","@id":"https:\/\/shop.bantam.ch\/fr\/produit\/livre-de-cuisine-one-pot-rezepte\/","url":"https:\/\/shop.bantam.ch\/fr\/produit\/livre-de-cuisine-one-pot-rezepte\/","name":"Livre de cuisine OMNIA One Pot Rezepte - Bantam Wankm\u00fcller SA","isPartOf":{"@id":"https:\/\/shop.bantam.ch\/fr\/#website"},"primaryImageOfPage":{"@id":"https:\/\/shop.bantam.ch\/fr\/produit\/livre-de-cuisine-one-pot-rezepte\/#primaryimage"},"image":{"@id":"https:\/\/shop.bantam.ch\/fr\/produit\/livre-de-cuisine-one-pot-rezepte\/#primaryimage"},"thumbnailUrl":"https:\/\/shop.bantam.ch\/wp-content\/uploads\/2023\/03\/995779211-scaled.jpg","datePublished":"2023-03-01T00:25:35+00:00","dateModified":"2026-04-20T19:55:00+00:00","breadcrumb":{"@id":"https:\/\/shop.bantam.ch\/fr\/produit\/livre-de-cuisine-one-pot-rezepte\/#breadcrumb"},"inLanguage":"fr-FR","potentialAction":[{"@type":"ReadAction","target":["https:\/\/shop.bantam.ch\/fr\/produit\/livre-de-cuisine-one-pot-rezepte\/"]}]},{"@type":"ImageObject","inLanguage":"fr-FR","@id":"https:\/\/shop.bantam.ch\/fr\/produit\/livre-de-cuisine-one-pot-rezepte\/#primaryimage","url":"https:\/\/shop.bantam.ch\/wp-content\/uploads\/2023\/03\/995779211-scaled.jpg","contentUrl":"https:\/\/shop.bantam.ch\/wp-content\/uploads\/2023\/03\/995779211-scaled.jpg","width":2048,"height":2048},{"@type":"BreadcrumbList","@id":"https:\/\/shop.bantam.ch\/fr\/produit\/livre-de-cuisine-one-pot-rezepte\/#breadcrumb","itemListElement":[{"@type":"ListItem","position":1,"name":"Accueil","item":"https:\/\/shop.bantam.ch\/fr\/"},{"@type":"ListItem","position":2,"name":"Boutique","item":"https:\/\/shop.bantam.ch\/fr\/boutique\/"},{"@type":"ListItem","position":3,"name":"Livre de cuisine OMNIA One Pot Rezepte"}]},{"@type":"WebSite","@id":"https:\/\/shop.bantam.ch\/fr\/#website","url":"https:\/\/shop.bantam.ch\/fr\/","name":"Bantam Wankm\u00fcller SA","description":"","publisher":{"@id":"https:\/\/shop.bantam.ch\/fr\/#organization"},"inLanguage":"fr-FR"},{"@type":"Organization","@id":"https:\/\/shop.bantam.ch\/fr\/#organization","name":"Bantam Wankm\u00fcller SA","url":"https:\/\/shop.bantam.ch\/fr\/","logo":{"@type":"ImageObject","inLanguage":"fr-FR","@id":"https:\/\/shop.bantam.ch\/fr\/#\/schema\/logo\/image\/","url":"https:\/\/shop.bantam.ch\/wp-content\/uploads\/2022\/12\/bantam-logo.png","contentUrl":"https:\/\/shop.bantam.ch\/wp-content\/uploads\/2022\/12\/bantam-logo.png","width":320,"height":71,"caption":"Bantam Wankm\u00fcller SA"},"image":{"@id":"https:\/\/shop.bantam.ch\/fr\/#\/schema\/logo\/image\/"}}]}},"_links":{"self":[{"href":"https:\/\/shop.bantam.ch\/fr\/wp-json\/wp\/v2\/product\/127858","targetHints":{"allow":["GET"]}}],"collection":[{"href":"https:\/\/shop.bantam.ch\/fr\/wp-json\/wp\/v2\/product"}],"about":[{"href":"https:\/\/shop.bantam.ch\/fr\/wp-json\/wp\/v2\/types\/product"}],"wp:featuredmedia":[{"embeddable":true,"href":"https:\/\/shop.bantam.ch\/fr\/wp-json\/wp\/v2\/media\/127856"}],"wp:attachment":[{"href":"https:\/\/shop.bantam.ch\/fr\/wp-json\/wp\/v2\/media?parent=127858"}],"wp:term":[{"taxonomy":"product_featured_cat","embeddable":true,"href":"https:\/\/shop.bantam.ch\/fr\/wp-json\/wp\/v2\/product_featured_cat?post=127858"},{"taxonomy":"product_brand","embeddable":true,"href":"https:\/\/shop.bantam.ch\/fr\/wp-json\/wp\/v2\/product_brand?post=127858"},{"taxonomy":"product_cat","embeddable":true,"href":"https:\/\/shop.bantam.ch\/fr\/wp-json\/wp\/v2\/product_cat?post=127858"},{"taxonomy":"product_tag","embeddable":true,"href":"https:\/\/shop.bantam.ch\/fr\/wp-json\/wp\/v2\/product_tag?post=127858"}],"curies":[{"name":"wp","href":"https:\/\/api.w.org\/{rel}","templated":true}]}}