{"id":127766,"date":"2023-03-01T01:24:37","date_gmt":"2023-03-01T00:24:37","guid":{"rendered":"https:\/\/shop.bantam.ch\/produit\/plaque-a-induction-hot-point-induction-double-noire\/"},"modified":"2026-04-19T21:56:17","modified_gmt":"2026-04-19T19:56:17","slug":"plaque-a-induction-hot-point-induction-double-noire","status":"publish","type":"product","link":"https:\/\/shop.bantam.ch\/fr\/produit\/plaque-a-induction-hot-point-induction-double-noire\/","title":{"rendered":"Plaque \u00e0 induction BRUNNER Hot Point Induction Double coloris noir"},"content":{"rendered":"<p>R\u00e9chaud \u00e9lectrique portable avec double plaque \u00e0 induction. Avec un bo\u00eetier en PP r\u00e9sistant \u00e0 la chaleur et une surface de cuisson en vitroc\u00e9ramique tr\u00e8s r\u00e9sistante. Parfait pour une utilisation en plein air et en camping gr\u00e2ce \u00e0 deux zones de cuisson avec 9 niveaux de puissance (300 \u00e0 2000 W) s\u00e9lectionnables \u00e0 l&rsquo;aide des commandes tactiles et de l&rsquo;affichage LED.<\/p>\n<p>\u00a0<\/p>\n","protected":false},"excerpt":{"rendered":"<p>R\u00e9chaud \u00e9lectrique portable avec double plaque \u00e0 induction. Avec un bo\u00eetier en PP r\u00e9sistant \u00e0 la chaleur et une surface de cuisson en vitroc\u00e9ramique tr\u00e8s r\u00e9sistante. Parfait pour une utilisation en plein air et en camping gr\u00e2ce \u00e0 deux zones de cuisson avec 9 niveaux de puissance (300 \u00e0 2000 W) s\u00e9lectionnables \u00e0 l&rsquo;aide des [&hellip;]<\/p>\n","protected":false},"featured_media":127760,"template":"","meta":{"_acf_changed":false},"product_featured_cat":[],"product_brand":[3080],"product_cat":[4309],"product_tag":[],"class_list":{"0":"post-127766","1":"product","2":"type-product","3":"status-publish","4":"has-post-thumbnail","6":"product_brand-brunner","7":"product_cat-plaques-de-cuisson-electriques","9":"first","10":"instock","11":"taxable","12":"shipping-taxable","13":"purchasable","14":"product-type-simple"},"acf":[],"yoast_head":"<!-- This site is optimized with the Yoast SEO plugin v27.4 - https:\/\/yoast.com\/product\/yoast-seo-wordpress\/ -->\n<title>Plaque \u00e0 induction BRUNNER Hot Point Induction Double coloris noir - Bantam Wankm\u00fcller SA<\/title>\n<meta name=\"robots\" content=\"index, follow, max-snippet:-1, max-image-preview:large, max-video-preview:-1\" \/>\n<link rel=\"canonical\" href=\"https:\/\/shop.bantam.ch\/fr\/produit\/plaque-a-induction-hot-point-induction-double-noire\/\" \/>\n<meta property=\"og:locale\" content=\"fr_FR\" \/>\n<meta property=\"og:type\" content=\"article\" \/>\n<meta property=\"og:title\" content=\"Plaque \u00e0 induction BRUNNER Hot Point Induction Double coloris noir - Bantam Wankm\u00fcller SA\" \/>\n<meta property=\"og:description\" content=\"R\u00e9chaud \u00e9lectrique portable avec double plaque \u00e0 induction. Avec un bo\u00eetier en PP r\u00e9sistant \u00e0 la chaleur et une surface de cuisson en vitroc\u00e9ramique tr\u00e8s r\u00e9sistante. Parfait pour une utilisation en plein air et en camping gr\u00e2ce \u00e0 deux zones de cuisson avec 9 niveaux de puissance (300 \u00e0 2000 W) s\u00e9lectionnables \u00e0 l&rsquo;aide des [&hellip;]\" \/>\n<meta property=\"og:url\" content=\"https:\/\/shop.bantam.ch\/fr\/produit\/plaque-a-induction-hot-point-induction-double-noire\/\" \/>\n<meta property=\"og:site_name\" content=\"Bantam Wankm\u00fcller SA\" \/>\n<meta property=\"article:modified_time\" content=\"2026-04-19T19:56:17+00:00\" \/>\n<meta property=\"og:image\" content=\"https:\/\/shop.bantam.ch\/wp-content\/uploads\/2023\/03\/9984747101.jpg\" \/>\n\t<meta property=\"og:image:width\" content=\"1800\" \/>\n\t<meta property=\"og:image:height\" content=\"745\" \/>\n\t<meta property=\"og:image:type\" content=\"image\/jpeg\" \/>\n<meta name=\"twitter:card\" content=\"summary_large_image\" \/>\n<script type=\"application\/ld+json\" class=\"yoast-schema-graph\">{\"@context\":\"https:\\\/\\\/schema.org\",\"@graph\":[{\"@type\":\"WebPage\",\"@id\":\"https:\\\/\\\/shop.bantam.ch\\\/fr\\\/produit\\\/plaque-a-induction-hot-point-induction-double-noire\\\/\",\"url\":\"https:\\\/\\\/shop.bantam.ch\\\/fr\\\/produit\\\/plaque-a-induction-hot-point-induction-double-noire\\\/\",\"name\":\"Plaque \u00e0 induction BRUNNER Hot Point Induction Double coloris noir - Bantam Wankm\u00fcller SA\",\"isPartOf\":{\"@id\":\"https:\\\/\\\/shop.bantam.ch\\\/fr\\\/#website\"},\"primaryImageOfPage\":{\"@id\":\"https:\\\/\\\/shop.bantam.ch\\\/fr\\\/produit\\\/plaque-a-induction-hot-point-induction-double-noire\\\/#primaryimage\"},\"image\":{\"@id\":\"https:\\\/\\\/shop.bantam.ch\\\/fr\\\/produit\\\/plaque-a-induction-hot-point-induction-double-noire\\\/#primaryimage\"},\"thumbnailUrl\":\"https:\\\/\\\/shop.bantam.ch\\\/wp-content\\\/uploads\\\/2023\\\/03\\\/9984747101.jpg\",\"datePublished\":\"2023-03-01T00:24:37+00:00\",\"dateModified\":\"2026-04-19T19:56:17+00:00\",\"breadcrumb\":{\"@id\":\"https:\\\/\\\/shop.bantam.ch\\\/fr\\\/produit\\\/plaque-a-induction-hot-point-induction-double-noire\\\/#breadcrumb\"},\"inLanguage\":\"fr-FR\",\"potentialAction\":[{\"@type\":\"ReadAction\",\"target\":[\"https:\\\/\\\/shop.bantam.ch\\\/fr\\\/produit\\\/plaque-a-induction-hot-point-induction-double-noire\\\/\"]}]},{\"@type\":\"ImageObject\",\"inLanguage\":\"fr-FR\",\"@id\":\"https:\\\/\\\/shop.bantam.ch\\\/fr\\\/produit\\\/plaque-a-induction-hot-point-induction-double-noire\\\/#primaryimage\",\"url\":\"https:\\\/\\\/shop.bantam.ch\\\/wp-content\\\/uploads\\\/2023\\\/03\\\/9984747101.jpg\",\"contentUrl\":\"https:\\\/\\\/shop.bantam.ch\\\/wp-content\\\/uploads\\\/2023\\\/03\\\/9984747101.jpg\",\"width\":1800,\"height\":745},{\"@type\":\"BreadcrumbList\",\"@id\":\"https:\\\/\\\/shop.bantam.ch\\\/fr\\\/produit\\\/plaque-a-induction-hot-point-induction-double-noire\\\/#breadcrumb\",\"itemListElement\":[{\"@type\":\"ListItem\",\"position\":1,\"name\":\"Accueil\",\"item\":\"https:\\\/\\\/shop.bantam.ch\\\/fr\\\/\"},{\"@type\":\"ListItem\",\"position\":2,\"name\":\"Boutique\",\"item\":\"https:\\\/\\\/shop.bantam.ch\\\/fr\\\/boutique\\\/\"},{\"@type\":\"ListItem\",\"position\":3,\"name\":\"Plaque \u00e0 induction BRUNNER Hot Point Induction Double coloris noir\"}]},{\"@type\":\"WebSite\",\"@id\":\"https:\\\/\\\/shop.bantam.ch\\\/fr\\\/#website\",\"url\":\"https:\\\/\\\/shop.bantam.ch\\\/fr\\\/\",\"name\":\"Bantam Wankm\u00fcller SA\",\"description\":\"\",\"publisher\":{\"@id\":\"https:\\\/\\\/shop.bantam.ch\\\/fr\\\/#organization\"},\"inLanguage\":\"fr-FR\"},{\"@type\":\"Organization\",\"@id\":\"https:\\\/\\\/shop.bantam.ch\\\/fr\\\/#organization\",\"name\":\"Bantam Wankm\u00fcller SA\",\"url\":\"https:\\\/\\\/shop.bantam.ch\\\/fr\\\/\",\"logo\":{\"@type\":\"ImageObject\",\"inLanguage\":\"fr-FR\",\"@id\":\"https:\\\/\\\/shop.bantam.ch\\\/fr\\\/#\\\/schema\\\/logo\\\/image\\\/\",\"url\":\"https:\\\/\\\/shop.bantam.ch\\\/wp-content\\\/uploads\\\/2022\\\/12\\\/bantam-logo.png\",\"contentUrl\":\"https:\\\/\\\/shop.bantam.ch\\\/wp-content\\\/uploads\\\/2022\\\/12\\\/bantam-logo.png\",\"width\":320,\"height\":71,\"caption\":\"Bantam Wankm\u00fcller SA\"},\"image\":{\"@id\":\"https:\\\/\\\/shop.bantam.ch\\\/fr\\\/#\\\/schema\\\/logo\\\/image\\\/\"}}]}<\/script>\n<!-- \/ Yoast SEO plugin. -->","yoast_head_json":{"title":"Plaque \u00e0 induction BRUNNER Hot Point Induction Double coloris noir - Bantam Wankm\u00fcller SA","robots":{"index":"index","follow":"follow","max-snippet":"max-snippet:-1","max-image-preview":"max-image-preview:large","max-video-preview":"max-video-preview:-1"},"canonical":"https:\/\/shop.bantam.ch\/fr\/produit\/plaque-a-induction-hot-point-induction-double-noire\/","og_locale":"fr_FR","og_type":"article","og_title":"Plaque \u00e0 induction BRUNNER Hot Point Induction Double coloris noir - Bantam Wankm\u00fcller SA","og_description":"R\u00e9chaud \u00e9lectrique portable avec double plaque \u00e0 induction. Avec un bo\u00eetier en PP r\u00e9sistant \u00e0 la chaleur et une surface de cuisson en vitroc\u00e9ramique tr\u00e8s r\u00e9sistante. Parfait pour une utilisation en plein air et en camping gr\u00e2ce \u00e0 deux zones de cuisson avec 9 niveaux de puissance (300 \u00e0 2000 W) s\u00e9lectionnables \u00e0 l&rsquo;aide des [&hellip;]","og_url":"https:\/\/shop.bantam.ch\/fr\/produit\/plaque-a-induction-hot-point-induction-double-noire\/","og_site_name":"Bantam Wankm\u00fcller SA","article_modified_time":"2026-04-19T19:56:17+00:00","og_image":[{"width":1800,"height":745,"url":"https:\/\/shop.bantam.ch\/wp-content\/uploads\/2023\/03\/9984747101.jpg","type":"image\/jpeg"}],"twitter_card":"summary_large_image","schema":{"@context":"https:\/\/schema.org","@graph":[{"@type":"WebPage","@id":"https:\/\/shop.bantam.ch\/fr\/produit\/plaque-a-induction-hot-point-induction-double-noire\/","url":"https:\/\/shop.bantam.ch\/fr\/produit\/plaque-a-induction-hot-point-induction-double-noire\/","name":"Plaque \u00e0 induction BRUNNER Hot Point Induction Double coloris noir - Bantam Wankm\u00fcller SA","isPartOf":{"@id":"https:\/\/shop.bantam.ch\/fr\/#website"},"primaryImageOfPage":{"@id":"https:\/\/shop.bantam.ch\/fr\/produit\/plaque-a-induction-hot-point-induction-double-noire\/#primaryimage"},"image":{"@id":"https:\/\/shop.bantam.ch\/fr\/produit\/plaque-a-induction-hot-point-induction-double-noire\/#primaryimage"},"thumbnailUrl":"https:\/\/shop.bantam.ch\/wp-content\/uploads\/2023\/03\/9984747101.jpg","datePublished":"2023-03-01T00:24:37+00:00","dateModified":"2026-04-19T19:56:17+00:00","breadcrumb":{"@id":"https:\/\/shop.bantam.ch\/fr\/produit\/plaque-a-induction-hot-point-induction-double-noire\/#breadcrumb"},"inLanguage":"fr-FR","potentialAction":[{"@type":"ReadAction","target":["https:\/\/shop.bantam.ch\/fr\/produit\/plaque-a-induction-hot-point-induction-double-noire\/"]}]},{"@type":"ImageObject","inLanguage":"fr-FR","@id":"https:\/\/shop.bantam.ch\/fr\/produit\/plaque-a-induction-hot-point-induction-double-noire\/#primaryimage","url":"https:\/\/shop.bantam.ch\/wp-content\/uploads\/2023\/03\/9984747101.jpg","contentUrl":"https:\/\/shop.bantam.ch\/wp-content\/uploads\/2023\/03\/9984747101.jpg","width":1800,"height":745},{"@type":"BreadcrumbList","@id":"https:\/\/shop.bantam.ch\/fr\/produit\/plaque-a-induction-hot-point-induction-double-noire\/#breadcrumb","itemListElement":[{"@type":"ListItem","position":1,"name":"Accueil","item":"https:\/\/shop.bantam.ch\/fr\/"},{"@type":"ListItem","position":2,"name":"Boutique","item":"https:\/\/shop.bantam.ch\/fr\/boutique\/"},{"@type":"ListItem","position":3,"name":"Plaque \u00e0 induction BRUNNER Hot Point Induction Double coloris noir"}]},{"@type":"WebSite","@id":"https:\/\/shop.bantam.ch\/fr\/#website","url":"https:\/\/shop.bantam.ch\/fr\/","name":"Bantam Wankm\u00fcller SA","description":"","publisher":{"@id":"https:\/\/shop.bantam.ch\/fr\/#organization"},"inLanguage":"fr-FR"},{"@type":"Organization","@id":"https:\/\/shop.bantam.ch\/fr\/#organization","name":"Bantam Wankm\u00fcller SA","url":"https:\/\/shop.bantam.ch\/fr\/","logo":{"@type":"ImageObject","inLanguage":"fr-FR","@id":"https:\/\/shop.bantam.ch\/fr\/#\/schema\/logo\/image\/","url":"https:\/\/shop.bantam.ch\/wp-content\/uploads\/2022\/12\/bantam-logo.png","contentUrl":"https:\/\/shop.bantam.ch\/wp-content\/uploads\/2022\/12\/bantam-logo.png","width":320,"height":71,"caption":"Bantam Wankm\u00fcller SA"},"image":{"@id":"https:\/\/shop.bantam.ch\/fr\/#\/schema\/logo\/image\/"}}]}},"_links":{"self":[{"href":"https:\/\/shop.bantam.ch\/fr\/wp-json\/wp\/v2\/product\/127766","targetHints":{"allow":["GET"]}}],"collection":[{"href":"https:\/\/shop.bantam.ch\/fr\/wp-json\/wp\/v2\/product"}],"about":[{"href":"https:\/\/shop.bantam.ch\/fr\/wp-json\/wp\/v2\/types\/product"}],"wp:featuredmedia":[{"embeddable":true,"href":"https:\/\/shop.bantam.ch\/fr\/wp-json\/wp\/v2\/media\/127760"}],"wp:attachment":[{"href":"https:\/\/shop.bantam.ch\/fr\/wp-json\/wp\/v2\/media?parent=127766"}],"wp:term":[{"taxonomy":"product_featured_cat","embeddable":true,"href":"https:\/\/shop.bantam.ch\/fr\/wp-json\/wp\/v2\/product_featured_cat?post=127766"},{"taxonomy":"product_brand","embeddable":true,"href":"https:\/\/shop.bantam.ch\/fr\/wp-json\/wp\/v2\/product_brand?post=127766"},{"taxonomy":"product_cat","embeddable":true,"href":"https:\/\/shop.bantam.ch\/fr\/wp-json\/wp\/v2\/product_cat?post=127766"},{"taxonomy":"product_tag","embeddable":true,"href":"https:\/\/shop.bantam.ch\/fr\/wp-json\/wp\/v2\/product_tag?post=127766"}],"curies":[{"name":"wp","href":"https:\/\/api.w.org\/{rel}","templated":true}]}}