{"id":127716,"date":"2023-03-01T01:24:00","date_gmt":"2023-03-01T00:24:00","guid":{"rendered":"https:\/\/shop.bantam.ch\/produit\/batterie-de-cuisine-fusion-7-1-diametre-22-cm-gris\/"},"modified":"2026-04-20T21:54:52","modified_gmt":"2026-04-20T19:54:52","slug":"batterie-de-cuisine-fusion-7-1-diametre-22-cm-gris","status":"publish","type":"product","link":"https:\/\/shop.bantam.ch\/fr\/produit\/batterie-de-cuisine-fusion-7-1-diametre-22-cm-gris\/","title":{"rendered":"Batt. cuis. Brunner Fusion 7+1 Diam\u00e8tre 22 cm coloris gris"},"content":{"rendered":"<p>\u00a0Collection de batterie de cuisine de haute qualit\u00e9 sp\u00e9ciale induction et rev\u00eatement antid\u00e9rapant en c\u00e9ramique r\u00e9sistant aux rayures. \u00c9quip\u00e9e des syst\u00e8mes r\u00e9volutionnaires Vacublock et Magnetogrip. Toutes les casseroles et les po\u00eales sont empilables pour un rangement plus compact.<\/p>\n<p>Nouvelle conception du syst\u00e8me de poign\u00e9e et de connexion qui, gr\u00e2ce \u00e0 l\u2019utilisation de poign\u00e9es rabattables avec aimant int\u00e9gr\u00e9, offre un encombrement r\u00e9duit de la batterie de cuisine et ne n\u00e9cessite pas de sangle d\u2019amarrage pour stabiliser la casserole et la po\u00eale pendant le transport.<\/p>\n<p>Types de cuisini\u00e8res : gaz, \u00e9lectrique, foyer radiant, induction<\/p>\n<p>Contenu de la livraison :<br \/>Casserole \u00d8 22 cm, 4,9 L<br \/>Casserole \u00d8 22 cm, 1,5 L<br \/>Casserole \u00d8 20 cm, 1,2 L<br \/>Casserole \u00d8 18 cm, 1,7 L<br \/>Couvercle \u00d8 22\u00a0cm<br \/>Couvercle \u00d8 22\/20\/18\u00a0cm<br \/>Poign\u00e9e pince<\/p>\n","protected":false},"excerpt":{"rendered":"<p>\u00a0Collection de batterie de cuisine de haute qualit\u00e9 sp\u00e9ciale induction et rev\u00eatement antid\u00e9rapant en c\u00e9ramique r\u00e9sistant aux rayures. \u00c9quip\u00e9e des syst\u00e8mes r\u00e9volutionnaires Vacublock et Magnetogrip. Toutes les casseroles et les po\u00eales sont empilables pour un rangement plus compact. Nouvelle conception du syst\u00e8me de poign\u00e9e et de connexion qui, gr\u00e2ce \u00e0 l\u2019utilisation de poign\u00e9es rabattables avec [&hellip;]<\/p>\n","protected":false},"featured_media":127704,"template":"","meta":{"_acf_changed":false},"product_featured_cat":[],"product_brand":[3080],"product_cat":[4265],"product_tag":[],"class_list":{"0":"post-127716","1":"product","2":"type-product","3":"status-publish","4":"has-post-thumbnail","6":"product_brand-brunner","7":"product_cat-casseroles-poeles-et-sets","9":"first","10":"instock","11":"taxable","12":"shipping-taxable","13":"purchasable","14":"product-type-simple"},"acf":[],"yoast_head":"<!-- This site is optimized with the Yoast SEO plugin v27.4 - https:\/\/yoast.com\/product\/yoast-seo-wordpress\/ -->\n<title>Batt. cuis. Brunner Fusion 7+1 Diam\u00e8tre 22 cm coloris gris - Bantam Wankm\u00fcller SA<\/title>\n<meta name=\"robots\" content=\"index, follow, max-snippet:-1, max-image-preview:large, max-video-preview:-1\" \/>\n<link rel=\"canonical\" href=\"https:\/\/shop.bantam.ch\/fr\/produit\/batterie-de-cuisine-fusion-7-1-diametre-22-cm-gris\/\" \/>\n<meta property=\"og:locale\" content=\"fr_FR\" \/>\n<meta property=\"og:type\" content=\"article\" \/>\n<meta property=\"og:title\" content=\"Batt. cuis. Brunner Fusion 7+1 Diam\u00e8tre 22 cm coloris gris - Bantam Wankm\u00fcller SA\" \/>\n<meta property=\"og:description\" content=\"\u00a0Collection de batterie de cuisine de haute qualit\u00e9 sp\u00e9ciale induction et rev\u00eatement antid\u00e9rapant en c\u00e9ramique r\u00e9sistant aux rayures. \u00c9quip\u00e9e des syst\u00e8mes r\u00e9volutionnaires Vacublock et Magnetogrip. Toutes les casseroles et les po\u00eales sont empilables pour un rangement plus compact. Nouvelle conception du syst\u00e8me de poign\u00e9e et de connexion qui, gr\u00e2ce \u00e0 l\u2019utilisation de poign\u00e9es rabattables avec [&hellip;]\" \/>\n<meta property=\"og:url\" content=\"https:\/\/shop.bantam.ch\/fr\/produit\/batterie-de-cuisine-fusion-7-1-diametre-22-cm-gris\/\" \/>\n<meta property=\"og:site_name\" content=\"Bantam Wankm\u00fcller SA\" \/>\n<meta property=\"article:modified_time\" content=\"2026-04-20T19:54:52+00:00\" \/>\n<meta property=\"og:image\" content=\"https:\/\/shop.bantam.ch\/wp-content\/uploads\/2023\/03\/9984745100.jpg\" \/>\n\t<meta property=\"og:image:width\" content=\"1000\" \/>\n\t<meta property=\"og:image:height\" content=\"418\" \/>\n\t<meta property=\"og:image:type\" content=\"image\/jpeg\" \/>\n<meta name=\"twitter:card\" content=\"summary_large_image\" \/>\n<meta name=\"twitter:label1\" content=\"Dur\u00e9e de lecture estim\u00e9e\" \/>\n\t<meta name=\"twitter:data1\" content=\"1 minute\" \/>\n<script type=\"application\/ld+json\" class=\"yoast-schema-graph\">{\"@context\":\"https:\\\/\\\/schema.org\",\"@graph\":[{\"@type\":\"WebPage\",\"@id\":\"https:\\\/\\\/shop.bantam.ch\\\/fr\\\/produit\\\/batterie-de-cuisine-fusion-7-1-diametre-22-cm-gris\\\/\",\"url\":\"https:\\\/\\\/shop.bantam.ch\\\/fr\\\/produit\\\/batterie-de-cuisine-fusion-7-1-diametre-22-cm-gris\\\/\",\"name\":\"Batt. cuis. Brunner Fusion 7+1 Diam\u00e8tre 22 cm coloris gris - Bantam Wankm\u00fcller SA\",\"isPartOf\":{\"@id\":\"https:\\\/\\\/shop.bantam.ch\\\/fr\\\/#website\"},\"primaryImageOfPage\":{\"@id\":\"https:\\\/\\\/shop.bantam.ch\\\/fr\\\/produit\\\/batterie-de-cuisine-fusion-7-1-diametre-22-cm-gris\\\/#primaryimage\"},\"image\":{\"@id\":\"https:\\\/\\\/shop.bantam.ch\\\/fr\\\/produit\\\/batterie-de-cuisine-fusion-7-1-diametre-22-cm-gris\\\/#primaryimage\"},\"thumbnailUrl\":\"https:\\\/\\\/shop.bantam.ch\\\/wp-content\\\/uploads\\\/2023\\\/03\\\/9984745100.jpg\",\"datePublished\":\"2023-03-01T00:24:00+00:00\",\"dateModified\":\"2026-04-20T19:54:52+00:00\",\"breadcrumb\":{\"@id\":\"https:\\\/\\\/shop.bantam.ch\\\/fr\\\/produit\\\/batterie-de-cuisine-fusion-7-1-diametre-22-cm-gris\\\/#breadcrumb\"},\"inLanguage\":\"fr-FR\",\"potentialAction\":[{\"@type\":\"ReadAction\",\"target\":[\"https:\\\/\\\/shop.bantam.ch\\\/fr\\\/produit\\\/batterie-de-cuisine-fusion-7-1-diametre-22-cm-gris\\\/\"]}]},{\"@type\":\"ImageObject\",\"inLanguage\":\"fr-FR\",\"@id\":\"https:\\\/\\\/shop.bantam.ch\\\/fr\\\/produit\\\/batterie-de-cuisine-fusion-7-1-diametre-22-cm-gris\\\/#primaryimage\",\"url\":\"https:\\\/\\\/shop.bantam.ch\\\/wp-content\\\/uploads\\\/2023\\\/03\\\/9984745100.jpg\",\"contentUrl\":\"https:\\\/\\\/shop.bantam.ch\\\/wp-content\\\/uploads\\\/2023\\\/03\\\/9984745100.jpg\",\"width\":1000,\"height\":418},{\"@type\":\"BreadcrumbList\",\"@id\":\"https:\\\/\\\/shop.bantam.ch\\\/fr\\\/produit\\\/batterie-de-cuisine-fusion-7-1-diametre-22-cm-gris\\\/#breadcrumb\",\"itemListElement\":[{\"@type\":\"ListItem\",\"position\":1,\"name\":\"Accueil\",\"item\":\"https:\\\/\\\/shop.bantam.ch\\\/fr\\\/\"},{\"@type\":\"ListItem\",\"position\":2,\"name\":\"Boutique\",\"item\":\"https:\\\/\\\/shop.bantam.ch\\\/fr\\\/boutique\\\/\"},{\"@type\":\"ListItem\",\"position\":3,\"name\":\"Batt. cuis. Brunner Fusion 7+1 Diam\u00e8tre 22 cm coloris gris\"}]},{\"@type\":\"WebSite\",\"@id\":\"https:\\\/\\\/shop.bantam.ch\\\/fr\\\/#website\",\"url\":\"https:\\\/\\\/shop.bantam.ch\\\/fr\\\/\",\"name\":\"Bantam Wankm\u00fcller SA\",\"description\":\"\",\"publisher\":{\"@id\":\"https:\\\/\\\/shop.bantam.ch\\\/fr\\\/#organization\"},\"inLanguage\":\"fr-FR\"},{\"@type\":\"Organization\",\"@id\":\"https:\\\/\\\/shop.bantam.ch\\\/fr\\\/#organization\",\"name\":\"Bantam Wankm\u00fcller SA\",\"url\":\"https:\\\/\\\/shop.bantam.ch\\\/fr\\\/\",\"logo\":{\"@type\":\"ImageObject\",\"inLanguage\":\"fr-FR\",\"@id\":\"https:\\\/\\\/shop.bantam.ch\\\/fr\\\/#\\\/schema\\\/logo\\\/image\\\/\",\"url\":\"https:\\\/\\\/shop.bantam.ch\\\/wp-content\\\/uploads\\\/2022\\\/12\\\/bantam-logo.png\",\"contentUrl\":\"https:\\\/\\\/shop.bantam.ch\\\/wp-content\\\/uploads\\\/2022\\\/12\\\/bantam-logo.png\",\"width\":320,\"height\":71,\"caption\":\"Bantam Wankm\u00fcller SA\"},\"image\":{\"@id\":\"https:\\\/\\\/shop.bantam.ch\\\/fr\\\/#\\\/schema\\\/logo\\\/image\\\/\"}}]}<\/script>\n<!-- \/ Yoast SEO plugin. -->","yoast_head_json":{"title":"Batt. cuis. Brunner Fusion 7+1 Diam\u00e8tre 22 cm coloris gris - Bantam Wankm\u00fcller SA","robots":{"index":"index","follow":"follow","max-snippet":"max-snippet:-1","max-image-preview":"max-image-preview:large","max-video-preview":"max-video-preview:-1"},"canonical":"https:\/\/shop.bantam.ch\/fr\/produit\/batterie-de-cuisine-fusion-7-1-diametre-22-cm-gris\/","og_locale":"fr_FR","og_type":"article","og_title":"Batt. cuis. Brunner Fusion 7+1 Diam\u00e8tre 22 cm coloris gris - Bantam Wankm\u00fcller SA","og_description":"\u00a0Collection de batterie de cuisine de haute qualit\u00e9 sp\u00e9ciale induction et rev\u00eatement antid\u00e9rapant en c\u00e9ramique r\u00e9sistant aux rayures. \u00c9quip\u00e9e des syst\u00e8mes r\u00e9volutionnaires Vacublock et Magnetogrip. Toutes les casseroles et les po\u00eales sont empilables pour un rangement plus compact. Nouvelle conception du syst\u00e8me de poign\u00e9e et de connexion qui, gr\u00e2ce \u00e0 l\u2019utilisation de poign\u00e9es rabattables avec [&hellip;]","og_url":"https:\/\/shop.bantam.ch\/fr\/produit\/batterie-de-cuisine-fusion-7-1-diametre-22-cm-gris\/","og_site_name":"Bantam Wankm\u00fcller SA","article_modified_time":"2026-04-20T19:54:52+00:00","og_image":[{"width":1000,"height":418,"url":"https:\/\/shop.bantam.ch\/wp-content\/uploads\/2023\/03\/9984745100.jpg","type":"image\/jpeg"}],"twitter_card":"summary_large_image","twitter_misc":{"Dur\u00e9e de lecture estim\u00e9e":"1 minute"},"schema":{"@context":"https:\/\/schema.org","@graph":[{"@type":"WebPage","@id":"https:\/\/shop.bantam.ch\/fr\/produit\/batterie-de-cuisine-fusion-7-1-diametre-22-cm-gris\/","url":"https:\/\/shop.bantam.ch\/fr\/produit\/batterie-de-cuisine-fusion-7-1-diametre-22-cm-gris\/","name":"Batt. cuis. Brunner Fusion 7+1 Diam\u00e8tre 22 cm coloris gris - Bantam Wankm\u00fcller SA","isPartOf":{"@id":"https:\/\/shop.bantam.ch\/fr\/#website"},"primaryImageOfPage":{"@id":"https:\/\/shop.bantam.ch\/fr\/produit\/batterie-de-cuisine-fusion-7-1-diametre-22-cm-gris\/#primaryimage"},"image":{"@id":"https:\/\/shop.bantam.ch\/fr\/produit\/batterie-de-cuisine-fusion-7-1-diametre-22-cm-gris\/#primaryimage"},"thumbnailUrl":"https:\/\/shop.bantam.ch\/wp-content\/uploads\/2023\/03\/9984745100.jpg","datePublished":"2023-03-01T00:24:00+00:00","dateModified":"2026-04-20T19:54:52+00:00","breadcrumb":{"@id":"https:\/\/shop.bantam.ch\/fr\/produit\/batterie-de-cuisine-fusion-7-1-diametre-22-cm-gris\/#breadcrumb"},"inLanguage":"fr-FR","potentialAction":[{"@type":"ReadAction","target":["https:\/\/shop.bantam.ch\/fr\/produit\/batterie-de-cuisine-fusion-7-1-diametre-22-cm-gris\/"]}]},{"@type":"ImageObject","inLanguage":"fr-FR","@id":"https:\/\/shop.bantam.ch\/fr\/produit\/batterie-de-cuisine-fusion-7-1-diametre-22-cm-gris\/#primaryimage","url":"https:\/\/shop.bantam.ch\/wp-content\/uploads\/2023\/03\/9984745100.jpg","contentUrl":"https:\/\/shop.bantam.ch\/wp-content\/uploads\/2023\/03\/9984745100.jpg","width":1000,"height":418},{"@type":"BreadcrumbList","@id":"https:\/\/shop.bantam.ch\/fr\/produit\/batterie-de-cuisine-fusion-7-1-diametre-22-cm-gris\/#breadcrumb","itemListElement":[{"@type":"ListItem","position":1,"name":"Accueil","item":"https:\/\/shop.bantam.ch\/fr\/"},{"@type":"ListItem","position":2,"name":"Boutique","item":"https:\/\/shop.bantam.ch\/fr\/boutique\/"},{"@type":"ListItem","position":3,"name":"Batt. cuis. Brunner Fusion 7+1 Diam\u00e8tre 22 cm coloris gris"}]},{"@type":"WebSite","@id":"https:\/\/shop.bantam.ch\/fr\/#website","url":"https:\/\/shop.bantam.ch\/fr\/","name":"Bantam Wankm\u00fcller SA","description":"","publisher":{"@id":"https:\/\/shop.bantam.ch\/fr\/#organization"},"inLanguage":"fr-FR"},{"@type":"Organization","@id":"https:\/\/shop.bantam.ch\/fr\/#organization","name":"Bantam Wankm\u00fcller SA","url":"https:\/\/shop.bantam.ch\/fr\/","logo":{"@type":"ImageObject","inLanguage":"fr-FR","@id":"https:\/\/shop.bantam.ch\/fr\/#\/schema\/logo\/image\/","url":"https:\/\/shop.bantam.ch\/wp-content\/uploads\/2022\/12\/bantam-logo.png","contentUrl":"https:\/\/shop.bantam.ch\/wp-content\/uploads\/2022\/12\/bantam-logo.png","width":320,"height":71,"caption":"Bantam Wankm\u00fcller SA"},"image":{"@id":"https:\/\/shop.bantam.ch\/fr\/#\/schema\/logo\/image\/"}}]}},"_links":{"self":[{"href":"https:\/\/shop.bantam.ch\/fr\/wp-json\/wp\/v2\/product\/127716","targetHints":{"allow":["GET"]}}],"collection":[{"href":"https:\/\/shop.bantam.ch\/fr\/wp-json\/wp\/v2\/product"}],"about":[{"href":"https:\/\/shop.bantam.ch\/fr\/wp-json\/wp\/v2\/types\/product"}],"wp:featuredmedia":[{"embeddable":true,"href":"https:\/\/shop.bantam.ch\/fr\/wp-json\/wp\/v2\/media\/127704"}],"wp:attachment":[{"href":"https:\/\/shop.bantam.ch\/fr\/wp-json\/wp\/v2\/media?parent=127716"}],"wp:term":[{"taxonomy":"product_featured_cat","embeddable":true,"href":"https:\/\/shop.bantam.ch\/fr\/wp-json\/wp\/v2\/product_featured_cat?post=127716"},{"taxonomy":"product_brand","embeddable":true,"href":"https:\/\/shop.bantam.ch\/fr\/wp-json\/wp\/v2\/product_brand?post=127716"},{"taxonomy":"product_cat","embeddable":true,"href":"https:\/\/shop.bantam.ch\/fr\/wp-json\/wp\/v2\/product_cat?post=127716"},{"taxonomy":"product_tag","embeddable":true,"href":"https:\/\/shop.bantam.ch\/fr\/wp-json\/wp\/v2\/product_tag?post=127716"}],"curies":[{"name":"wp","href":"https:\/\/api.w.org\/{rel}","templated":true}]}}