{"id":127702,"date":"2023-03-01T01:23:53","date_gmt":"2023-03-01T00:23:53","guid":{"rendered":"https:\/\/shop.bantam.ch\/produit\/batterie-de-cuisine-pirate-spacemaster-diametre-24-cm-noir\/"},"modified":"2026-04-20T21:54:52","modified_gmt":"2026-04-20T19:54:52","slug":"batterie-de-cuisine-pirate-spacemaster-diametre-24-cm-noir","status":"publish","type":"product","link":"https:\/\/shop.bantam.ch\/fr\/produit\/batterie-de-cuisine-pirate-spacemaster-diametre-24-cm-noir\/","title":{"rendered":"Batterie cuis. Brunner Pirate Spacemaster Diam\u00e8tre 24 cm coloris noir"},"content":{"rendered":"<p>Collection de batterie de cuisine de haute qualit\u00e9 sp\u00e9ciale induction. Toutes les casseroles et les po\u00eales sont empilables pour un rangement plus compact. Elle comprend \u00e9galement un couvercle en verre \u00e0 rebord antibruit en silicone avec ouverture de tamis et une poign\u00e9e de casserole universelle de haute qualit\u00e9 avec s\u00e9curit\u00e9 \u00e0 l&rsquo;ouverture pour \u00e9viter toute manipulation accidentelle.<\/p>\n<p>Types de cuisini\u00e8res : gaz, \u00e9lectrique, foyer radiant, c\u00e9ramique, induction<\/p>\n<p>Contenu de la livraison : <br \/>Casserole 24 x 10 cm (\u00d8 x H)<br \/>Casserole 20 x 9 cm (\u00d8 x H)<br \/>Po\u00eale 24 x 5 cm (\u00d8 x H)<br \/>Couvercle, \u00d8 24\u00a0cm <br \/>Poign\u00e9e pince<br \/>sac de transport<\/p>\n","protected":false},"excerpt":{"rendered":"<p>Collection de batterie de cuisine de haute qualit\u00e9 sp\u00e9ciale induction. Toutes les casseroles et les po\u00eales sont empilables pour un rangement plus compact. Elle comprend \u00e9galement un couvercle en verre \u00e0 rebord antibruit en silicone avec ouverture de tamis et une poign\u00e9e de casserole universelle de haute qualit\u00e9 avec s\u00e9curit\u00e9 \u00e0 l&rsquo;ouverture pour \u00e9viter toute [&hellip;]<\/p>\n","protected":false},"featured_media":127686,"template":"","meta":{"_acf_changed":false},"product_featured_cat":[],"product_brand":[3080],"product_cat":[4265],"product_tag":[],"class_list":{"0":"post-127702","1":"product","2":"type-product","3":"status-publish","4":"has-post-thumbnail","6":"product_brand-brunner","7":"product_cat-casseroles-poeles-et-sets","9":"first","10":"instock","11":"taxable","12":"shipping-taxable","13":"purchasable","14":"product-type-simple"},"acf":[],"yoast_head":"<!-- This site is optimized with the Yoast SEO plugin v27.4 - https:\/\/yoast.com\/product\/yoast-seo-wordpress\/ -->\n<title>Batterie cuis. Brunner Pirate Spacemaster Diam\u00e8tre 24 cm coloris noir - Bantam Wankm\u00fcller SA<\/title>\n<meta name=\"robots\" content=\"index, follow, max-snippet:-1, max-image-preview:large, max-video-preview:-1\" \/>\n<link rel=\"canonical\" href=\"https:\/\/shop.bantam.ch\/fr\/produit\/batterie-de-cuisine-pirate-spacemaster-diametre-24-cm-noir\/\" \/>\n<meta property=\"og:locale\" content=\"fr_FR\" \/>\n<meta property=\"og:type\" content=\"article\" \/>\n<meta property=\"og:title\" content=\"Batterie cuis. Brunner Pirate Spacemaster Diam\u00e8tre 24 cm coloris noir - Bantam Wankm\u00fcller SA\" \/>\n<meta property=\"og:description\" content=\"Collection de batterie de cuisine de haute qualit\u00e9 sp\u00e9ciale induction. Toutes les casseroles et les po\u00eales sont empilables pour un rangement plus compact. Elle comprend \u00e9galement un couvercle en verre \u00e0 rebord antibruit en silicone avec ouverture de tamis et une poign\u00e9e de casserole universelle de haute qualit\u00e9 avec s\u00e9curit\u00e9 \u00e0 l&rsquo;ouverture pour \u00e9viter toute [&hellip;]\" \/>\n<meta property=\"og:url\" content=\"https:\/\/shop.bantam.ch\/fr\/produit\/batterie-de-cuisine-pirate-spacemaster-diametre-24-cm-noir\/\" \/>\n<meta property=\"og:site_name\" content=\"Bantam Wankm\u00fcller SA\" \/>\n<meta property=\"article:modified_time\" content=\"2026-04-20T19:54:52+00:00\" \/>\n<meta property=\"og:image\" content=\"https:\/\/shop.bantam.ch\/wp-content\/uploads\/2023\/03\/9984744100.jpg\" \/>\n\t<meta property=\"og:image:width\" content=\"1000\" \/>\n\t<meta property=\"og:image:height\" content=\"457\" \/>\n\t<meta property=\"og:image:type\" content=\"image\/jpeg\" \/>\n<meta name=\"twitter:card\" content=\"summary_large_image\" \/>\n<script type=\"application\/ld+json\" class=\"yoast-schema-graph\">{\"@context\":\"https:\\\/\\\/schema.org\",\"@graph\":[{\"@type\":\"WebPage\",\"@id\":\"https:\\\/\\\/shop.bantam.ch\\\/fr\\\/produit\\\/batterie-de-cuisine-pirate-spacemaster-diametre-24-cm-noir\\\/\",\"url\":\"https:\\\/\\\/shop.bantam.ch\\\/fr\\\/produit\\\/batterie-de-cuisine-pirate-spacemaster-diametre-24-cm-noir\\\/\",\"name\":\"Batterie cuis. Brunner Pirate Spacemaster Diam\u00e8tre 24 cm coloris noir - Bantam Wankm\u00fcller SA\",\"isPartOf\":{\"@id\":\"https:\\\/\\\/shop.bantam.ch\\\/fr\\\/#website\"},\"primaryImageOfPage\":{\"@id\":\"https:\\\/\\\/shop.bantam.ch\\\/fr\\\/produit\\\/batterie-de-cuisine-pirate-spacemaster-diametre-24-cm-noir\\\/#primaryimage\"},\"image\":{\"@id\":\"https:\\\/\\\/shop.bantam.ch\\\/fr\\\/produit\\\/batterie-de-cuisine-pirate-spacemaster-diametre-24-cm-noir\\\/#primaryimage\"},\"thumbnailUrl\":\"https:\\\/\\\/shop.bantam.ch\\\/wp-content\\\/uploads\\\/2023\\\/03\\\/9984744100.jpg\",\"datePublished\":\"2023-03-01T00:23:53+00:00\",\"dateModified\":\"2026-04-20T19:54:52+00:00\",\"breadcrumb\":{\"@id\":\"https:\\\/\\\/shop.bantam.ch\\\/fr\\\/produit\\\/batterie-de-cuisine-pirate-spacemaster-diametre-24-cm-noir\\\/#breadcrumb\"},\"inLanguage\":\"fr-FR\",\"potentialAction\":[{\"@type\":\"ReadAction\",\"target\":[\"https:\\\/\\\/shop.bantam.ch\\\/fr\\\/produit\\\/batterie-de-cuisine-pirate-spacemaster-diametre-24-cm-noir\\\/\"]}]},{\"@type\":\"ImageObject\",\"inLanguage\":\"fr-FR\",\"@id\":\"https:\\\/\\\/shop.bantam.ch\\\/fr\\\/produit\\\/batterie-de-cuisine-pirate-spacemaster-diametre-24-cm-noir\\\/#primaryimage\",\"url\":\"https:\\\/\\\/shop.bantam.ch\\\/wp-content\\\/uploads\\\/2023\\\/03\\\/9984744100.jpg\",\"contentUrl\":\"https:\\\/\\\/shop.bantam.ch\\\/wp-content\\\/uploads\\\/2023\\\/03\\\/9984744100.jpg\",\"width\":1000,\"height\":457},{\"@type\":\"BreadcrumbList\",\"@id\":\"https:\\\/\\\/shop.bantam.ch\\\/fr\\\/produit\\\/batterie-de-cuisine-pirate-spacemaster-diametre-24-cm-noir\\\/#breadcrumb\",\"itemListElement\":[{\"@type\":\"ListItem\",\"position\":1,\"name\":\"Accueil\",\"item\":\"https:\\\/\\\/shop.bantam.ch\\\/fr\\\/\"},{\"@type\":\"ListItem\",\"position\":2,\"name\":\"Boutique\",\"item\":\"https:\\\/\\\/shop.bantam.ch\\\/fr\\\/boutique\\\/\"},{\"@type\":\"ListItem\",\"position\":3,\"name\":\"Batterie cuis. Brunner Pirate Spacemaster Diam\u00e8tre 24 cm coloris noir\"}]},{\"@type\":\"WebSite\",\"@id\":\"https:\\\/\\\/shop.bantam.ch\\\/fr\\\/#website\",\"url\":\"https:\\\/\\\/shop.bantam.ch\\\/fr\\\/\",\"name\":\"Bantam Wankm\u00fcller SA\",\"description\":\"\",\"publisher\":{\"@id\":\"https:\\\/\\\/shop.bantam.ch\\\/fr\\\/#organization\"},\"inLanguage\":\"fr-FR\"},{\"@type\":\"Organization\",\"@id\":\"https:\\\/\\\/shop.bantam.ch\\\/fr\\\/#organization\",\"name\":\"Bantam Wankm\u00fcller SA\",\"url\":\"https:\\\/\\\/shop.bantam.ch\\\/fr\\\/\",\"logo\":{\"@type\":\"ImageObject\",\"inLanguage\":\"fr-FR\",\"@id\":\"https:\\\/\\\/shop.bantam.ch\\\/fr\\\/#\\\/schema\\\/logo\\\/image\\\/\",\"url\":\"https:\\\/\\\/shop.bantam.ch\\\/wp-content\\\/uploads\\\/2022\\\/12\\\/bantam-logo.png\",\"contentUrl\":\"https:\\\/\\\/shop.bantam.ch\\\/wp-content\\\/uploads\\\/2022\\\/12\\\/bantam-logo.png\",\"width\":320,\"height\":71,\"caption\":\"Bantam Wankm\u00fcller SA\"},\"image\":{\"@id\":\"https:\\\/\\\/shop.bantam.ch\\\/fr\\\/#\\\/schema\\\/logo\\\/image\\\/\"}}]}<\/script>\n<!-- \/ Yoast SEO plugin. -->","yoast_head_json":{"title":"Batterie cuis. Brunner Pirate Spacemaster Diam\u00e8tre 24 cm coloris noir - Bantam Wankm\u00fcller SA","robots":{"index":"index","follow":"follow","max-snippet":"max-snippet:-1","max-image-preview":"max-image-preview:large","max-video-preview":"max-video-preview:-1"},"canonical":"https:\/\/shop.bantam.ch\/fr\/produit\/batterie-de-cuisine-pirate-spacemaster-diametre-24-cm-noir\/","og_locale":"fr_FR","og_type":"article","og_title":"Batterie cuis. Brunner Pirate Spacemaster Diam\u00e8tre 24 cm coloris noir - Bantam Wankm\u00fcller SA","og_description":"Collection de batterie de cuisine de haute qualit\u00e9 sp\u00e9ciale induction. Toutes les casseroles et les po\u00eales sont empilables pour un rangement plus compact. Elle comprend \u00e9galement un couvercle en verre \u00e0 rebord antibruit en silicone avec ouverture de tamis et une poign\u00e9e de casserole universelle de haute qualit\u00e9 avec s\u00e9curit\u00e9 \u00e0 l&rsquo;ouverture pour \u00e9viter toute [&hellip;]","og_url":"https:\/\/shop.bantam.ch\/fr\/produit\/batterie-de-cuisine-pirate-spacemaster-diametre-24-cm-noir\/","og_site_name":"Bantam Wankm\u00fcller SA","article_modified_time":"2026-04-20T19:54:52+00:00","og_image":[{"width":1000,"height":457,"url":"https:\/\/shop.bantam.ch\/wp-content\/uploads\/2023\/03\/9984744100.jpg","type":"image\/jpeg"}],"twitter_card":"summary_large_image","schema":{"@context":"https:\/\/schema.org","@graph":[{"@type":"WebPage","@id":"https:\/\/shop.bantam.ch\/fr\/produit\/batterie-de-cuisine-pirate-spacemaster-diametre-24-cm-noir\/","url":"https:\/\/shop.bantam.ch\/fr\/produit\/batterie-de-cuisine-pirate-spacemaster-diametre-24-cm-noir\/","name":"Batterie cuis. Brunner Pirate Spacemaster Diam\u00e8tre 24 cm coloris noir - Bantam Wankm\u00fcller SA","isPartOf":{"@id":"https:\/\/shop.bantam.ch\/fr\/#website"},"primaryImageOfPage":{"@id":"https:\/\/shop.bantam.ch\/fr\/produit\/batterie-de-cuisine-pirate-spacemaster-diametre-24-cm-noir\/#primaryimage"},"image":{"@id":"https:\/\/shop.bantam.ch\/fr\/produit\/batterie-de-cuisine-pirate-spacemaster-diametre-24-cm-noir\/#primaryimage"},"thumbnailUrl":"https:\/\/shop.bantam.ch\/wp-content\/uploads\/2023\/03\/9984744100.jpg","datePublished":"2023-03-01T00:23:53+00:00","dateModified":"2026-04-20T19:54:52+00:00","breadcrumb":{"@id":"https:\/\/shop.bantam.ch\/fr\/produit\/batterie-de-cuisine-pirate-spacemaster-diametre-24-cm-noir\/#breadcrumb"},"inLanguage":"fr-FR","potentialAction":[{"@type":"ReadAction","target":["https:\/\/shop.bantam.ch\/fr\/produit\/batterie-de-cuisine-pirate-spacemaster-diametre-24-cm-noir\/"]}]},{"@type":"ImageObject","inLanguage":"fr-FR","@id":"https:\/\/shop.bantam.ch\/fr\/produit\/batterie-de-cuisine-pirate-spacemaster-diametre-24-cm-noir\/#primaryimage","url":"https:\/\/shop.bantam.ch\/wp-content\/uploads\/2023\/03\/9984744100.jpg","contentUrl":"https:\/\/shop.bantam.ch\/wp-content\/uploads\/2023\/03\/9984744100.jpg","width":1000,"height":457},{"@type":"BreadcrumbList","@id":"https:\/\/shop.bantam.ch\/fr\/produit\/batterie-de-cuisine-pirate-spacemaster-diametre-24-cm-noir\/#breadcrumb","itemListElement":[{"@type":"ListItem","position":1,"name":"Accueil","item":"https:\/\/shop.bantam.ch\/fr\/"},{"@type":"ListItem","position":2,"name":"Boutique","item":"https:\/\/shop.bantam.ch\/fr\/boutique\/"},{"@type":"ListItem","position":3,"name":"Batterie cuis. Brunner Pirate Spacemaster Diam\u00e8tre 24 cm coloris noir"}]},{"@type":"WebSite","@id":"https:\/\/shop.bantam.ch\/fr\/#website","url":"https:\/\/shop.bantam.ch\/fr\/","name":"Bantam Wankm\u00fcller SA","description":"","publisher":{"@id":"https:\/\/shop.bantam.ch\/fr\/#organization"},"inLanguage":"fr-FR"},{"@type":"Organization","@id":"https:\/\/shop.bantam.ch\/fr\/#organization","name":"Bantam Wankm\u00fcller SA","url":"https:\/\/shop.bantam.ch\/fr\/","logo":{"@type":"ImageObject","inLanguage":"fr-FR","@id":"https:\/\/shop.bantam.ch\/fr\/#\/schema\/logo\/image\/","url":"https:\/\/shop.bantam.ch\/wp-content\/uploads\/2022\/12\/bantam-logo.png","contentUrl":"https:\/\/shop.bantam.ch\/wp-content\/uploads\/2022\/12\/bantam-logo.png","width":320,"height":71,"caption":"Bantam Wankm\u00fcller SA"},"image":{"@id":"https:\/\/shop.bantam.ch\/fr\/#\/schema\/logo\/image\/"}}]}},"_links":{"self":[{"href":"https:\/\/shop.bantam.ch\/fr\/wp-json\/wp\/v2\/product\/127702","targetHints":{"allow":["GET"]}}],"collection":[{"href":"https:\/\/shop.bantam.ch\/fr\/wp-json\/wp\/v2\/product"}],"about":[{"href":"https:\/\/shop.bantam.ch\/fr\/wp-json\/wp\/v2\/types\/product"}],"wp:featuredmedia":[{"embeddable":true,"href":"https:\/\/shop.bantam.ch\/fr\/wp-json\/wp\/v2\/media\/127686"}],"wp:attachment":[{"href":"https:\/\/shop.bantam.ch\/fr\/wp-json\/wp\/v2\/media?parent=127702"}],"wp:term":[{"taxonomy":"product_featured_cat","embeddable":true,"href":"https:\/\/shop.bantam.ch\/fr\/wp-json\/wp\/v2\/product_featured_cat?post=127702"},{"taxonomy":"product_brand","embeddable":true,"href":"https:\/\/shop.bantam.ch\/fr\/wp-json\/wp\/v2\/product_brand?post=127702"},{"taxonomy":"product_cat","embeddable":true,"href":"https:\/\/shop.bantam.ch\/fr\/wp-json\/wp\/v2\/product_cat?post=127702"},{"taxonomy":"product_tag","embeddable":true,"href":"https:\/\/shop.bantam.ch\/fr\/wp-json\/wp\/v2\/product_tag?post=127702"}],"curies":[{"name":"wp","href":"https:\/\/api.w.org\/{rel}","templated":true}]}}