{"id":127664,"date":"2023-03-01T01:23:23","date_gmt":"2023-03-01T00:23:23","guid":{"rendered":"https:\/\/shop.bantam.ch\/produit\/service-de-table-boite-a-dejeuner-dolomit\/"},"modified":"2026-04-19T21:56:08","modified_gmt":"2026-04-19T19:56:08","slug":"service-de-table-boite-a-dejeuner-dolomit","status":"publish","type":"product","link":"https:\/\/shop.bantam.ch\/fr\/produit\/service-de-table-boite-a-dejeuner-dolomit\/","title":{"rendered":"Service de table Bo\u00eete \u00e0 d\u00e9jeuner Dolomit"},"content":{"rendered":"<p>Le service de table DOLOMIT est un service de table de 16 pi\u00e8ces de haute qualit\u00e9 compos\u00e9 de diff\u00e9rentes assiettes au look original en fa\u00efence, au design moderne et aux tons doux et apaisants. Toutes les assiettes sont en m\u00e9lamine incassable et parfaitement adapt\u00e9es au camping et aux activit\u00e9s en plein air.<\/p>\n<p>Mat\u00e9riau\u00a0:<br \/>m\u00e9lamine<\/p>\n<p>Contenu de la livraison :<br \/>4 assiettes plates de \u00d8 26\u00a0cm chacune<br \/>4 assiettes creuses de \u00d8 21\u00a0cm chacune<br \/>4 assiettes \u00e0 dessert de \u00d8 21\u00a0cm chacune<br \/>4 tasses \u00e0 anse de 300\u00a0ml chacune<\/p>\n","protected":false},"excerpt":{"rendered":"<p>Le service de table DOLOMIT est un service de table de 16 pi\u00e8ces de haute qualit\u00e9 compos\u00e9 de diff\u00e9rentes assiettes au look original en fa\u00efence, au design moderne et aux tons doux et apaisants. Toutes les assiettes sont en m\u00e9lamine incassable et parfaitement adapt\u00e9es au camping et aux activit\u00e9s en plein air. Mat\u00e9riau\u00a0:m\u00e9lamine Contenu de [&hellip;]<\/p>\n","protected":false},"featured_media":207766,"template":"","meta":{"_acf_changed":false},"product_featured_cat":[],"product_brand":[3080],"product_cat":[4273],"product_tag":[],"class_list":{"0":"post-127664","1":"product","2":"type-product","3":"status-publish","4":"has-post-thumbnail","6":"product_brand-brunner","7":"product_cat-services-de-table","9":"first","10":"instock","11":"taxable","12":"shipping-taxable","13":"purchasable","14":"product-type-simple"},"acf":[],"yoast_head":"<!-- This site is optimized with the Yoast SEO plugin v27.4 - https:\/\/yoast.com\/product\/yoast-seo-wordpress\/ -->\n<title>Service de table Bo\u00eete \u00e0 d\u00e9jeuner Dolomit - Bantam Wankm\u00fcller SA<\/title>\n<meta name=\"robots\" content=\"index, follow, max-snippet:-1, max-image-preview:large, max-video-preview:-1\" \/>\n<link rel=\"canonical\" href=\"https:\/\/shop.bantam.ch\/fr\/produit\/service-de-table-boite-a-dejeuner-dolomit\/\" \/>\n<meta property=\"og:locale\" content=\"fr_FR\" \/>\n<meta property=\"og:type\" content=\"article\" \/>\n<meta property=\"og:title\" content=\"Service de table Bo\u00eete \u00e0 d\u00e9jeuner Dolomit - Bantam Wankm\u00fcller SA\" \/>\n<meta property=\"og:description\" content=\"Le service de table DOLOMIT est un service de table de 16 pi\u00e8ces de haute qualit\u00e9 compos\u00e9 de diff\u00e9rentes assiettes au look original en fa\u00efence, au design moderne et aux tons doux et apaisants. Toutes les assiettes sont en m\u00e9lamine incassable et parfaitement adapt\u00e9es au camping et aux activit\u00e9s en plein air. Mat\u00e9riau\u00a0:m\u00e9lamine Contenu de [&hellip;]\" \/>\n<meta property=\"og:url\" content=\"https:\/\/shop.bantam.ch\/fr\/produit\/service-de-table-boite-a-dejeuner-dolomit\/\" \/>\n<meta property=\"og:site_name\" content=\"Bantam Wankm\u00fcller SA\" \/>\n<meta property=\"article:modified_time\" content=\"2026-04-19T19:56:08+00:00\" \/>\n<meta property=\"og:image\" content=\"https:\/\/shop.bantam.ch\/wp-content\/uploads\/2023\/03\/9984740100.jpg\" \/>\n\t<meta property=\"og:image:width\" content=\"1000\" \/>\n\t<meta property=\"og:image:height\" content=\"695\" \/>\n\t<meta property=\"og:image:type\" content=\"image\/jpeg\" \/>\n<meta name=\"twitter:card\" content=\"summary_large_image\" \/>\n<script type=\"application\/ld+json\" class=\"yoast-schema-graph\">{\"@context\":\"https:\\\/\\\/schema.org\",\"@graph\":[{\"@type\":\"WebPage\",\"@id\":\"https:\\\/\\\/shop.bantam.ch\\\/fr\\\/produit\\\/service-de-table-boite-a-dejeuner-dolomit\\\/\",\"url\":\"https:\\\/\\\/shop.bantam.ch\\\/fr\\\/produit\\\/service-de-table-boite-a-dejeuner-dolomit\\\/\",\"name\":\"Service de table Bo\u00eete \u00e0 d\u00e9jeuner Dolomit - Bantam Wankm\u00fcller SA\",\"isPartOf\":{\"@id\":\"https:\\\/\\\/shop.bantam.ch\\\/fr\\\/#website\"},\"primaryImageOfPage\":{\"@id\":\"https:\\\/\\\/shop.bantam.ch\\\/fr\\\/produit\\\/service-de-table-boite-a-dejeuner-dolomit\\\/#primaryimage\"},\"image\":{\"@id\":\"https:\\\/\\\/shop.bantam.ch\\\/fr\\\/produit\\\/service-de-table-boite-a-dejeuner-dolomit\\\/#primaryimage\"},\"thumbnailUrl\":\"https:\\\/\\\/shop.bantam.ch\\\/wp-content\\\/uploads\\\/2024\\\/09\\\/Movera-L-9984814100.jpg\",\"datePublished\":\"2023-03-01T00:23:23+00:00\",\"dateModified\":\"2026-04-19T19:56:08+00:00\",\"breadcrumb\":{\"@id\":\"https:\\\/\\\/shop.bantam.ch\\\/fr\\\/produit\\\/service-de-table-boite-a-dejeuner-dolomit\\\/#breadcrumb\"},\"inLanguage\":\"fr-FR\",\"potentialAction\":[{\"@type\":\"ReadAction\",\"target\":[\"https:\\\/\\\/shop.bantam.ch\\\/fr\\\/produit\\\/service-de-table-boite-a-dejeuner-dolomit\\\/\"]}]},{\"@type\":\"ImageObject\",\"inLanguage\":\"fr-FR\",\"@id\":\"https:\\\/\\\/shop.bantam.ch\\\/fr\\\/produit\\\/service-de-table-boite-a-dejeuner-dolomit\\\/#primaryimage\",\"url\":\"https:\\\/\\\/shop.bantam.ch\\\/wp-content\\\/uploads\\\/2024\\\/09\\\/Movera-L-9984814100.jpg\",\"contentUrl\":\"https:\\\/\\\/shop.bantam.ch\\\/wp-content\\\/uploads\\\/2024\\\/09\\\/Movera-L-9984814100.jpg\",\"width\":640,\"height\":404},{\"@type\":\"BreadcrumbList\",\"@id\":\"https:\\\/\\\/shop.bantam.ch\\\/fr\\\/produit\\\/service-de-table-boite-a-dejeuner-dolomit\\\/#breadcrumb\",\"itemListElement\":[{\"@type\":\"ListItem\",\"position\":1,\"name\":\"Accueil\",\"item\":\"https:\\\/\\\/shop.bantam.ch\\\/fr\\\/\"},{\"@type\":\"ListItem\",\"position\":2,\"name\":\"Boutique\",\"item\":\"https:\\\/\\\/shop.bantam.ch\\\/fr\\\/boutique\\\/\"},{\"@type\":\"ListItem\",\"position\":3,\"name\":\"Service de table Bo\u00eete \u00e0 d\u00e9jeuner Dolomit\"}]},{\"@type\":\"WebSite\",\"@id\":\"https:\\\/\\\/shop.bantam.ch\\\/fr\\\/#website\",\"url\":\"https:\\\/\\\/shop.bantam.ch\\\/fr\\\/\",\"name\":\"Bantam Wankm\u00fcller SA\",\"description\":\"\",\"publisher\":{\"@id\":\"https:\\\/\\\/shop.bantam.ch\\\/fr\\\/#organization\"},\"inLanguage\":\"fr-FR\"},{\"@type\":\"Organization\",\"@id\":\"https:\\\/\\\/shop.bantam.ch\\\/fr\\\/#organization\",\"name\":\"Bantam Wankm\u00fcller SA\",\"url\":\"https:\\\/\\\/shop.bantam.ch\\\/fr\\\/\",\"logo\":{\"@type\":\"ImageObject\",\"inLanguage\":\"fr-FR\",\"@id\":\"https:\\\/\\\/shop.bantam.ch\\\/fr\\\/#\\\/schema\\\/logo\\\/image\\\/\",\"url\":\"https:\\\/\\\/shop.bantam.ch\\\/wp-content\\\/uploads\\\/2022\\\/12\\\/bantam-logo.png\",\"contentUrl\":\"https:\\\/\\\/shop.bantam.ch\\\/wp-content\\\/uploads\\\/2022\\\/12\\\/bantam-logo.png\",\"width\":320,\"height\":71,\"caption\":\"Bantam Wankm\u00fcller SA\"},\"image\":{\"@id\":\"https:\\\/\\\/shop.bantam.ch\\\/fr\\\/#\\\/schema\\\/logo\\\/image\\\/\"}}]}<\/script>\n<!-- \/ Yoast SEO plugin. -->","yoast_head_json":{"title":"Service de table Bo\u00eete \u00e0 d\u00e9jeuner Dolomit - Bantam Wankm\u00fcller SA","robots":{"index":"index","follow":"follow","max-snippet":"max-snippet:-1","max-image-preview":"max-image-preview:large","max-video-preview":"max-video-preview:-1"},"canonical":"https:\/\/shop.bantam.ch\/fr\/produit\/service-de-table-boite-a-dejeuner-dolomit\/","og_locale":"fr_FR","og_type":"article","og_title":"Service de table Bo\u00eete \u00e0 d\u00e9jeuner Dolomit - Bantam Wankm\u00fcller SA","og_description":"Le service de table DOLOMIT est un service de table de 16 pi\u00e8ces de haute qualit\u00e9 compos\u00e9 de diff\u00e9rentes assiettes au look original en fa\u00efence, au design moderne et aux tons doux et apaisants. Toutes les assiettes sont en m\u00e9lamine incassable et parfaitement adapt\u00e9es au camping et aux activit\u00e9s en plein air. Mat\u00e9riau\u00a0:m\u00e9lamine Contenu de [&hellip;]","og_url":"https:\/\/shop.bantam.ch\/fr\/produit\/service-de-table-boite-a-dejeuner-dolomit\/","og_site_name":"Bantam Wankm\u00fcller SA","article_modified_time":"2026-04-19T19:56:08+00:00","og_image":[{"width":1000,"height":695,"url":"https:\/\/shop.bantam.ch\/wp-content\/uploads\/2023\/03\/9984740100.jpg","type":"image\/jpeg"}],"twitter_card":"summary_large_image","schema":{"@context":"https:\/\/schema.org","@graph":[{"@type":"WebPage","@id":"https:\/\/shop.bantam.ch\/fr\/produit\/service-de-table-boite-a-dejeuner-dolomit\/","url":"https:\/\/shop.bantam.ch\/fr\/produit\/service-de-table-boite-a-dejeuner-dolomit\/","name":"Service de table Bo\u00eete \u00e0 d\u00e9jeuner Dolomit - Bantam Wankm\u00fcller SA","isPartOf":{"@id":"https:\/\/shop.bantam.ch\/fr\/#website"},"primaryImageOfPage":{"@id":"https:\/\/shop.bantam.ch\/fr\/produit\/service-de-table-boite-a-dejeuner-dolomit\/#primaryimage"},"image":{"@id":"https:\/\/shop.bantam.ch\/fr\/produit\/service-de-table-boite-a-dejeuner-dolomit\/#primaryimage"},"thumbnailUrl":"https:\/\/shop.bantam.ch\/wp-content\/uploads\/2024\/09\/Movera-L-9984814100.jpg","datePublished":"2023-03-01T00:23:23+00:00","dateModified":"2026-04-19T19:56:08+00:00","breadcrumb":{"@id":"https:\/\/shop.bantam.ch\/fr\/produit\/service-de-table-boite-a-dejeuner-dolomit\/#breadcrumb"},"inLanguage":"fr-FR","potentialAction":[{"@type":"ReadAction","target":["https:\/\/shop.bantam.ch\/fr\/produit\/service-de-table-boite-a-dejeuner-dolomit\/"]}]},{"@type":"ImageObject","inLanguage":"fr-FR","@id":"https:\/\/shop.bantam.ch\/fr\/produit\/service-de-table-boite-a-dejeuner-dolomit\/#primaryimage","url":"https:\/\/shop.bantam.ch\/wp-content\/uploads\/2024\/09\/Movera-L-9984814100.jpg","contentUrl":"https:\/\/shop.bantam.ch\/wp-content\/uploads\/2024\/09\/Movera-L-9984814100.jpg","width":640,"height":404},{"@type":"BreadcrumbList","@id":"https:\/\/shop.bantam.ch\/fr\/produit\/service-de-table-boite-a-dejeuner-dolomit\/#breadcrumb","itemListElement":[{"@type":"ListItem","position":1,"name":"Accueil","item":"https:\/\/shop.bantam.ch\/fr\/"},{"@type":"ListItem","position":2,"name":"Boutique","item":"https:\/\/shop.bantam.ch\/fr\/boutique\/"},{"@type":"ListItem","position":3,"name":"Service de table Bo\u00eete \u00e0 d\u00e9jeuner Dolomit"}]},{"@type":"WebSite","@id":"https:\/\/shop.bantam.ch\/fr\/#website","url":"https:\/\/shop.bantam.ch\/fr\/","name":"Bantam Wankm\u00fcller SA","description":"","publisher":{"@id":"https:\/\/shop.bantam.ch\/fr\/#organization"},"inLanguage":"fr-FR"},{"@type":"Organization","@id":"https:\/\/shop.bantam.ch\/fr\/#organization","name":"Bantam Wankm\u00fcller SA","url":"https:\/\/shop.bantam.ch\/fr\/","logo":{"@type":"ImageObject","inLanguage":"fr-FR","@id":"https:\/\/shop.bantam.ch\/fr\/#\/schema\/logo\/image\/","url":"https:\/\/shop.bantam.ch\/wp-content\/uploads\/2022\/12\/bantam-logo.png","contentUrl":"https:\/\/shop.bantam.ch\/wp-content\/uploads\/2022\/12\/bantam-logo.png","width":320,"height":71,"caption":"Bantam Wankm\u00fcller SA"},"image":{"@id":"https:\/\/shop.bantam.ch\/fr\/#\/schema\/logo\/image\/"}}]}},"_links":{"self":[{"href":"https:\/\/shop.bantam.ch\/fr\/wp-json\/wp\/v2\/product\/127664","targetHints":{"allow":["GET"]}}],"collection":[{"href":"https:\/\/shop.bantam.ch\/fr\/wp-json\/wp\/v2\/product"}],"about":[{"href":"https:\/\/shop.bantam.ch\/fr\/wp-json\/wp\/v2\/types\/product"}],"wp:featuredmedia":[{"embeddable":true,"href":"https:\/\/shop.bantam.ch\/fr\/wp-json\/wp\/v2\/media\/207766"}],"wp:attachment":[{"href":"https:\/\/shop.bantam.ch\/fr\/wp-json\/wp\/v2\/media?parent=127664"}],"wp:term":[{"taxonomy":"product_featured_cat","embeddable":true,"href":"https:\/\/shop.bantam.ch\/fr\/wp-json\/wp\/v2\/product_featured_cat?post=127664"},{"taxonomy":"product_brand","embeddable":true,"href":"https:\/\/shop.bantam.ch\/fr\/wp-json\/wp\/v2\/product_brand?post=127664"},{"taxonomy":"product_cat","embeddable":true,"href":"https:\/\/shop.bantam.ch\/fr\/wp-json\/wp\/v2\/product_cat?post=127664"},{"taxonomy":"product_tag","embeddable":true,"href":"https:\/\/shop.bantam.ch\/fr\/wp-json\/wp\/v2\/product_tag?post=127664"}],"curies":[{"name":"wp","href":"https:\/\/api.w.org\/{rel}","templated":true}]}}