{"id":127658,"date":"2023-03-01T01:23:18","date_gmt":"2023-03-01T00:23:18","guid":{"rendered":"https:\/\/shop.bantam.ch\/produit\/service-de-table-all-inclusive-dolomit\/"},"modified":"2026-04-18T21:54:17","modified_gmt":"2026-04-18T19:54:17","slug":"service-de-table-all-inclusive-dolomit","status":"publish","type":"product","link":"https:\/\/shop.bantam.ch\/fr\/produit\/service-de-table-all-inclusive-dolomit\/","title":{"rendered":"Sce vaisselle Brunner Dolomit tout compris coloris vert\/bleu\/gris clair\/ gris fonc\u00e9"},"content":{"rendered":"<p>Le service de table ALL INCLUSIVE DOLOMIT est un service de table en m\u00e9lamine de 36 pi\u00e8ces de haute qualit\u00e9 avec une bo\u00eete de transport pratique qui contient tout ce dont vous avez besoin \u00e0 table :<\/p>\n<p>Mat\u00e9riau\u00a0:<br \/>m\u00e9lamine<\/p>\n<p>Contenu de la livraison :<br \/>4 assiettes plates de \u00d8 26\u00a0cm chacune<br \/>4 assiettes creuses de \u00d8 21\u00a0cm chacune<br \/>4 assiettes \u00e0 dessert de \u00d8 21\u00a0cm chacune <br \/>4 tasses \u00e0 anse de 300\u00a0ml chacune<br \/>4 verres \u00e0 boire de 200\u00a0ml chacun<br \/>M\u00e9nag\u00e8re de 16 pi\u00e8ces (4 fourchettes, 4 cuill\u00e8res, 4 couteaux, 4 petites cuill\u00e8res) <br \/>1 bo\u00eete de transport avec couvercle<\/p>\n","protected":false},"excerpt":{"rendered":"<p>Le service de table ALL INCLUSIVE DOLOMIT est un service de table en m\u00e9lamine de 36 pi\u00e8ces de haute qualit\u00e9 avec une bo\u00eete de transport pratique qui contient tout ce dont vous avez besoin \u00e0 table : Mat\u00e9riau\u00a0:m\u00e9lamine Contenu de la livraison :4 assiettes plates de \u00d8 26\u00a0cm chacune4 assiettes creuses de \u00d8 21\u00a0cm chacune4 [&hellip;]<\/p>\n","protected":false},"featured_media":127654,"template":"","meta":{"_acf_changed":false},"product_featured_cat":[],"product_brand":[3080],"product_cat":[4273],"product_tag":[],"class_list":{"0":"post-127658","1":"product","2":"type-product","3":"status-publish","4":"has-post-thumbnail","6":"product_brand-brunner","7":"product_cat-services-de-table","9":"first","10":"instock","11":"taxable","12":"shipping-taxable","13":"purchasable","14":"product-type-simple"},"acf":[],"yoast_head":"<!-- This site is optimized with the Yoast SEO plugin v27.4 - https:\/\/yoast.com\/product\/yoast-seo-wordpress\/ -->\n<title>Sce vaisselle Brunner Dolomit tout compris coloris vert\/bleu\/gris clair\/ gris fonc\u00e9 - Bantam Wankm\u00fcller SA<\/title>\n<meta name=\"robots\" content=\"index, follow, max-snippet:-1, max-image-preview:large, max-video-preview:-1\" \/>\n<link rel=\"canonical\" href=\"https:\/\/shop.bantam.ch\/fr\/produit\/service-de-table-all-inclusive-dolomit\/\" \/>\n<meta property=\"og:locale\" content=\"fr_FR\" \/>\n<meta property=\"og:type\" content=\"article\" \/>\n<meta property=\"og:title\" content=\"Sce vaisselle Brunner Dolomit tout compris coloris vert\/bleu\/gris clair\/ gris fonc\u00e9 - Bantam Wankm\u00fcller SA\" \/>\n<meta property=\"og:description\" content=\"Le service de table ALL INCLUSIVE DOLOMIT est un service de table en m\u00e9lamine de 36 pi\u00e8ces de haute qualit\u00e9 avec une bo\u00eete de transport pratique qui contient tout ce dont vous avez besoin \u00e0 table : Mat\u00e9riau\u00a0:m\u00e9lamine Contenu de la livraison :4 assiettes plates de \u00d8 26\u00a0cm chacune4 assiettes creuses de \u00d8 21\u00a0cm chacune4 [&hellip;]\" \/>\n<meta property=\"og:url\" content=\"https:\/\/shop.bantam.ch\/fr\/produit\/service-de-table-all-inclusive-dolomit\/\" \/>\n<meta property=\"og:site_name\" content=\"Bantam Wankm\u00fcller SA\" \/>\n<meta property=\"article:modified_time\" content=\"2026-04-18T19:54:17+00:00\" \/>\n<meta property=\"og:image\" content=\"https:\/\/shop.bantam.ch\/wp-content\/uploads\/2023\/03\/9984739100.jpg\" \/>\n\t<meta property=\"og:image:width\" content=\"1000\" \/>\n\t<meta property=\"og:image:height\" content=\"634\" \/>\n\t<meta property=\"og:image:type\" content=\"image\/jpeg\" \/>\n<meta name=\"twitter:card\" content=\"summary_large_image\" \/>\n<script type=\"application\/ld+json\" class=\"yoast-schema-graph\">{\"@context\":\"https:\\\/\\\/schema.org\",\"@graph\":[{\"@type\":\"WebPage\",\"@id\":\"https:\\\/\\\/shop.bantam.ch\\\/fr\\\/produit\\\/service-de-table-all-inclusive-dolomit\\\/\",\"url\":\"https:\\\/\\\/shop.bantam.ch\\\/fr\\\/produit\\\/service-de-table-all-inclusive-dolomit\\\/\",\"name\":\"Sce vaisselle Brunner Dolomit tout compris coloris vert\\\/bleu\\\/gris clair\\\/ gris fonc\u00e9 - Bantam Wankm\u00fcller SA\",\"isPartOf\":{\"@id\":\"https:\\\/\\\/shop.bantam.ch\\\/fr\\\/#website\"},\"primaryImageOfPage\":{\"@id\":\"https:\\\/\\\/shop.bantam.ch\\\/fr\\\/produit\\\/service-de-table-all-inclusive-dolomit\\\/#primaryimage\"},\"image\":{\"@id\":\"https:\\\/\\\/shop.bantam.ch\\\/fr\\\/produit\\\/service-de-table-all-inclusive-dolomit\\\/#primaryimage\"},\"thumbnailUrl\":\"https:\\\/\\\/shop.bantam.ch\\\/wp-content\\\/uploads\\\/2023\\\/03\\\/9984739100.jpg\",\"datePublished\":\"2023-03-01T00:23:18+00:00\",\"dateModified\":\"2026-04-18T19:54:17+00:00\",\"breadcrumb\":{\"@id\":\"https:\\\/\\\/shop.bantam.ch\\\/fr\\\/produit\\\/service-de-table-all-inclusive-dolomit\\\/#breadcrumb\"},\"inLanguage\":\"fr-FR\",\"potentialAction\":[{\"@type\":\"ReadAction\",\"target\":[\"https:\\\/\\\/shop.bantam.ch\\\/fr\\\/produit\\\/service-de-table-all-inclusive-dolomit\\\/\"]}]},{\"@type\":\"ImageObject\",\"inLanguage\":\"fr-FR\",\"@id\":\"https:\\\/\\\/shop.bantam.ch\\\/fr\\\/produit\\\/service-de-table-all-inclusive-dolomit\\\/#primaryimage\",\"url\":\"https:\\\/\\\/shop.bantam.ch\\\/wp-content\\\/uploads\\\/2023\\\/03\\\/9984739100.jpg\",\"contentUrl\":\"https:\\\/\\\/shop.bantam.ch\\\/wp-content\\\/uploads\\\/2023\\\/03\\\/9984739100.jpg\",\"width\":1000,\"height\":634},{\"@type\":\"BreadcrumbList\",\"@id\":\"https:\\\/\\\/shop.bantam.ch\\\/fr\\\/produit\\\/service-de-table-all-inclusive-dolomit\\\/#breadcrumb\",\"itemListElement\":[{\"@type\":\"ListItem\",\"position\":1,\"name\":\"Accueil\",\"item\":\"https:\\\/\\\/shop.bantam.ch\\\/fr\\\/\"},{\"@type\":\"ListItem\",\"position\":2,\"name\":\"Boutique\",\"item\":\"https:\\\/\\\/shop.bantam.ch\\\/fr\\\/boutique\\\/\"},{\"@type\":\"ListItem\",\"position\":3,\"name\":\"Sce vaisselle Brunner Dolomit tout compris coloris vert\\\/bleu\\\/gris clair\\\/ gris fonc\u00e9\"}]},{\"@type\":\"WebSite\",\"@id\":\"https:\\\/\\\/shop.bantam.ch\\\/fr\\\/#website\",\"url\":\"https:\\\/\\\/shop.bantam.ch\\\/fr\\\/\",\"name\":\"Bantam Wankm\u00fcller SA\",\"description\":\"\",\"publisher\":{\"@id\":\"https:\\\/\\\/shop.bantam.ch\\\/fr\\\/#organization\"},\"inLanguage\":\"fr-FR\"},{\"@type\":\"Organization\",\"@id\":\"https:\\\/\\\/shop.bantam.ch\\\/fr\\\/#organization\",\"name\":\"Bantam Wankm\u00fcller SA\",\"url\":\"https:\\\/\\\/shop.bantam.ch\\\/fr\\\/\",\"logo\":{\"@type\":\"ImageObject\",\"inLanguage\":\"fr-FR\",\"@id\":\"https:\\\/\\\/shop.bantam.ch\\\/fr\\\/#\\\/schema\\\/logo\\\/image\\\/\",\"url\":\"https:\\\/\\\/shop.bantam.ch\\\/wp-content\\\/uploads\\\/2022\\\/12\\\/bantam-logo.png\",\"contentUrl\":\"https:\\\/\\\/shop.bantam.ch\\\/wp-content\\\/uploads\\\/2022\\\/12\\\/bantam-logo.png\",\"width\":320,\"height\":71,\"caption\":\"Bantam Wankm\u00fcller SA\"},\"image\":{\"@id\":\"https:\\\/\\\/shop.bantam.ch\\\/fr\\\/#\\\/schema\\\/logo\\\/image\\\/\"}}]}<\/script>\n<!-- \/ Yoast SEO plugin. -->","yoast_head_json":{"title":"Sce vaisselle Brunner Dolomit tout compris coloris vert\/bleu\/gris clair\/ gris fonc\u00e9 - Bantam Wankm\u00fcller SA","robots":{"index":"index","follow":"follow","max-snippet":"max-snippet:-1","max-image-preview":"max-image-preview:large","max-video-preview":"max-video-preview:-1"},"canonical":"https:\/\/shop.bantam.ch\/fr\/produit\/service-de-table-all-inclusive-dolomit\/","og_locale":"fr_FR","og_type":"article","og_title":"Sce vaisselle Brunner Dolomit tout compris coloris vert\/bleu\/gris clair\/ gris fonc\u00e9 - Bantam Wankm\u00fcller SA","og_description":"Le service de table ALL INCLUSIVE DOLOMIT est un service de table en m\u00e9lamine de 36 pi\u00e8ces de haute qualit\u00e9 avec une bo\u00eete de transport pratique qui contient tout ce dont vous avez besoin \u00e0 table : Mat\u00e9riau\u00a0:m\u00e9lamine Contenu de la livraison :4 assiettes plates de \u00d8 26\u00a0cm chacune4 assiettes creuses de \u00d8 21\u00a0cm chacune4 [&hellip;]","og_url":"https:\/\/shop.bantam.ch\/fr\/produit\/service-de-table-all-inclusive-dolomit\/","og_site_name":"Bantam Wankm\u00fcller SA","article_modified_time":"2026-04-18T19:54:17+00:00","og_image":[{"width":1000,"height":634,"url":"https:\/\/shop.bantam.ch\/wp-content\/uploads\/2023\/03\/9984739100.jpg","type":"image\/jpeg"}],"twitter_card":"summary_large_image","schema":{"@context":"https:\/\/schema.org","@graph":[{"@type":"WebPage","@id":"https:\/\/shop.bantam.ch\/fr\/produit\/service-de-table-all-inclusive-dolomit\/","url":"https:\/\/shop.bantam.ch\/fr\/produit\/service-de-table-all-inclusive-dolomit\/","name":"Sce vaisselle Brunner Dolomit tout compris coloris vert\/bleu\/gris clair\/ gris fonc\u00e9 - Bantam Wankm\u00fcller SA","isPartOf":{"@id":"https:\/\/shop.bantam.ch\/fr\/#website"},"primaryImageOfPage":{"@id":"https:\/\/shop.bantam.ch\/fr\/produit\/service-de-table-all-inclusive-dolomit\/#primaryimage"},"image":{"@id":"https:\/\/shop.bantam.ch\/fr\/produit\/service-de-table-all-inclusive-dolomit\/#primaryimage"},"thumbnailUrl":"https:\/\/shop.bantam.ch\/wp-content\/uploads\/2023\/03\/9984739100.jpg","datePublished":"2023-03-01T00:23:18+00:00","dateModified":"2026-04-18T19:54:17+00:00","breadcrumb":{"@id":"https:\/\/shop.bantam.ch\/fr\/produit\/service-de-table-all-inclusive-dolomit\/#breadcrumb"},"inLanguage":"fr-FR","potentialAction":[{"@type":"ReadAction","target":["https:\/\/shop.bantam.ch\/fr\/produit\/service-de-table-all-inclusive-dolomit\/"]}]},{"@type":"ImageObject","inLanguage":"fr-FR","@id":"https:\/\/shop.bantam.ch\/fr\/produit\/service-de-table-all-inclusive-dolomit\/#primaryimage","url":"https:\/\/shop.bantam.ch\/wp-content\/uploads\/2023\/03\/9984739100.jpg","contentUrl":"https:\/\/shop.bantam.ch\/wp-content\/uploads\/2023\/03\/9984739100.jpg","width":1000,"height":634},{"@type":"BreadcrumbList","@id":"https:\/\/shop.bantam.ch\/fr\/produit\/service-de-table-all-inclusive-dolomit\/#breadcrumb","itemListElement":[{"@type":"ListItem","position":1,"name":"Accueil","item":"https:\/\/shop.bantam.ch\/fr\/"},{"@type":"ListItem","position":2,"name":"Boutique","item":"https:\/\/shop.bantam.ch\/fr\/boutique\/"},{"@type":"ListItem","position":3,"name":"Sce vaisselle Brunner Dolomit tout compris coloris vert\/bleu\/gris clair\/ gris fonc\u00e9"}]},{"@type":"WebSite","@id":"https:\/\/shop.bantam.ch\/fr\/#website","url":"https:\/\/shop.bantam.ch\/fr\/","name":"Bantam Wankm\u00fcller SA","description":"","publisher":{"@id":"https:\/\/shop.bantam.ch\/fr\/#organization"},"inLanguage":"fr-FR"},{"@type":"Organization","@id":"https:\/\/shop.bantam.ch\/fr\/#organization","name":"Bantam Wankm\u00fcller SA","url":"https:\/\/shop.bantam.ch\/fr\/","logo":{"@type":"ImageObject","inLanguage":"fr-FR","@id":"https:\/\/shop.bantam.ch\/fr\/#\/schema\/logo\/image\/","url":"https:\/\/shop.bantam.ch\/wp-content\/uploads\/2022\/12\/bantam-logo.png","contentUrl":"https:\/\/shop.bantam.ch\/wp-content\/uploads\/2022\/12\/bantam-logo.png","width":320,"height":71,"caption":"Bantam Wankm\u00fcller SA"},"image":{"@id":"https:\/\/shop.bantam.ch\/fr\/#\/schema\/logo\/image\/"}}]}},"_links":{"self":[{"href":"https:\/\/shop.bantam.ch\/fr\/wp-json\/wp\/v2\/product\/127658","targetHints":{"allow":["GET"]}}],"collection":[{"href":"https:\/\/shop.bantam.ch\/fr\/wp-json\/wp\/v2\/product"}],"about":[{"href":"https:\/\/shop.bantam.ch\/fr\/wp-json\/wp\/v2\/types\/product"}],"wp:featuredmedia":[{"embeddable":true,"href":"https:\/\/shop.bantam.ch\/fr\/wp-json\/wp\/v2\/media\/127654"}],"wp:attachment":[{"href":"https:\/\/shop.bantam.ch\/fr\/wp-json\/wp\/v2\/media?parent=127658"}],"wp:term":[{"taxonomy":"product_featured_cat","embeddable":true,"href":"https:\/\/shop.bantam.ch\/fr\/wp-json\/wp\/v2\/product_featured_cat?post=127658"},{"taxonomy":"product_brand","embeddable":true,"href":"https:\/\/shop.bantam.ch\/fr\/wp-json\/wp\/v2\/product_brand?post=127658"},{"taxonomy":"product_cat","embeddable":true,"href":"https:\/\/shop.bantam.ch\/fr\/wp-json\/wp\/v2\/product_cat?post=127658"},{"taxonomy":"product_tag","embeddable":true,"href":"https:\/\/shop.bantam.ch\/fr\/wp-json\/wp\/v2\/product_tag?post=127658"}],"curies":[{"name":"wp","href":"https:\/\/api.w.org\/{rel}","templated":true}]}}