{"id":127630,"date":"2023-03-01T01:23:03","date_gmt":"2023-03-01T00:23:03","guid":{"rendered":"https:\/\/shop.bantam.ch\/produit\/service-de-table-odette-6-en-1-blanc-gris\/"},"modified":"2026-04-17T21:53:09","modified_gmt":"2026-04-17T19:53:09","slug":"service-de-table-odette-6-en-1-blanc-gris","status":"publish","type":"product","link":"https:\/\/shop.bantam.ch\/fr\/produit\/service-de-table-odette-6-en-1-blanc-gris\/","title":{"rendered":"Service vaiss. BRUNNER Odette 6 en 1, couleur blanc\/gris"},"content":{"rendered":"<p>Le kit 6 en 1 est le r\u00e9sultat de notre recherche d&rsquo;une solution \u00e9l\u00e9gante, fonctionnelle et peu encombrante pour chaque voyage, vacances en camping ou pique-nique en plein air. Il est fabriqu\u00e9 en m\u00e9lamine Stonetouch de haute qualit\u00e9 et comprend pas moins de 7 pi\u00e8ces : 2 assiettes plates, 2 assiettes creuses, 2 assiettes \u00e0 dessert et un grand saladier pouvant accueillir l&rsquo;ensemble des pi\u00e8ces et prenant tr\u00e8s peu de place.<\/p>\n<p>Tous les \u00e9l\u00e9ments du kit 6 en 1 se distinguent avec les caract\u00e9ristiques suivantes :<\/p>\n<ul>\n<li>Fabriqu\u00e9 \u00e0 partir de m\u00e9lamine sp\u00e9ciale Stonetouch de qualit\u00e9 alimentaire<\/li>\n<li>effet porcelaine<\/li>\n<li>R\u00e9sistant aux chocs<\/li>\n<li>Complet avec bague antid\u00e9rapante<\/li>\n<li>Empilable<\/li>\n<li>Sans bisph\u00e9nol A (BPA)<\/li>\n<\/ul>\n<p>Mat\u00e9riau\u00a0:<br \/>M\u00e9lamine Stonetouch<\/p>\n<p>Contenu de la livraison :<br \/>2 assiettes plates de \u00d8 26\u00a0cm chacune<br \/>2 assiettes creuses de \u00d8 21\u00a0cm chacune<br \/>2 assiettes \u00e0 dessert de \u00d8 19\u00a0cm chacune<br \/>1 saladier de \u00d8 26 cm<\/p>\n","protected":false},"excerpt":{"rendered":"<p>Le kit 6 en 1 est le r\u00e9sultat de notre recherche d&rsquo;une solution \u00e9l\u00e9gante, fonctionnelle et peu encombrante pour chaque voyage, vacances en camping ou pique-nique en plein air. Il est fabriqu\u00e9 en m\u00e9lamine Stonetouch de haute qualit\u00e9 et comprend pas moins de 7 pi\u00e8ces : 2 assiettes plates, 2 assiettes creuses, 2 assiettes \u00e0 [&hellip;]<\/p>\n","protected":false},"featured_media":127614,"template":"","meta":{"_acf_changed":false},"product_featured_cat":[],"product_brand":[3080],"product_cat":[4273],"product_tag":[],"class_list":{"0":"post-127630","1":"product","2":"type-product","3":"status-publish","4":"has-post-thumbnail","6":"product_brand-brunner","7":"product_cat-services-de-table","9":"first","10":"instock","11":"taxable","12":"shipping-taxable","13":"purchasable","14":"product-type-simple"},"acf":[],"yoast_head":"<!-- This site is optimized with the Yoast SEO plugin v27.4 - https:\/\/yoast.com\/product\/yoast-seo-wordpress\/ -->\n<title>Service vaiss. BRUNNER Odette 6 en 1, couleur blanc\/gris - Bantam Wankm\u00fcller SA<\/title>\n<meta name=\"robots\" content=\"index, follow, max-snippet:-1, max-image-preview:large, max-video-preview:-1\" \/>\n<link rel=\"canonical\" href=\"https:\/\/shop.bantam.ch\/fr\/produit\/service-de-table-odette-6-en-1-blanc-gris\/\" \/>\n<meta property=\"og:locale\" content=\"fr_FR\" \/>\n<meta property=\"og:type\" content=\"article\" \/>\n<meta property=\"og:title\" content=\"Service vaiss. BRUNNER Odette 6 en 1, couleur blanc\/gris - Bantam Wankm\u00fcller SA\" \/>\n<meta property=\"og:description\" content=\"Le kit 6 en 1 est le r\u00e9sultat de notre recherche d&rsquo;une solution \u00e9l\u00e9gante, fonctionnelle et peu encombrante pour chaque voyage, vacances en camping ou pique-nique en plein air. Il est fabriqu\u00e9 en m\u00e9lamine Stonetouch de haute qualit\u00e9 et comprend pas moins de 7 pi\u00e8ces : 2 assiettes plates, 2 assiettes creuses, 2 assiettes \u00e0 [&hellip;]\" \/>\n<meta property=\"og:url\" content=\"https:\/\/shop.bantam.ch\/fr\/produit\/service-de-table-odette-6-en-1-blanc-gris\/\" \/>\n<meta property=\"og:site_name\" content=\"Bantam Wankm\u00fcller SA\" \/>\n<meta property=\"article:modified_time\" content=\"2026-04-17T19:53:09+00:00\" \/>\n<meta property=\"og:image\" content=\"https:\/\/shop.bantam.ch\/wp-content\/uploads\/2023\/03\/9984738100.jpg\" \/>\n\t<meta property=\"og:image:width\" content=\"613\" \/>\n\t<meta property=\"og:image:height\" content=\"1000\" \/>\n\t<meta property=\"og:image:type\" content=\"image\/jpeg\" \/>\n<meta name=\"twitter:card\" content=\"summary_large_image\" \/>\n<meta name=\"twitter:label1\" content=\"Dur\u00e9e de lecture estim\u00e9e\" \/>\n\t<meta name=\"twitter:data1\" content=\"1 minute\" \/>\n<script type=\"application\/ld+json\" class=\"yoast-schema-graph\">{\"@context\":\"https:\\\/\\\/schema.org\",\"@graph\":[{\"@type\":\"WebPage\",\"@id\":\"https:\\\/\\\/shop.bantam.ch\\\/fr\\\/produit\\\/service-de-table-odette-6-en-1-blanc-gris\\\/\",\"url\":\"https:\\\/\\\/shop.bantam.ch\\\/fr\\\/produit\\\/service-de-table-odette-6-en-1-blanc-gris\\\/\",\"name\":\"Service vaiss. BRUNNER Odette 6 en 1, couleur blanc\\\/gris - Bantam Wankm\u00fcller SA\",\"isPartOf\":{\"@id\":\"https:\\\/\\\/shop.bantam.ch\\\/fr\\\/#website\"},\"primaryImageOfPage\":{\"@id\":\"https:\\\/\\\/shop.bantam.ch\\\/fr\\\/produit\\\/service-de-table-odette-6-en-1-blanc-gris\\\/#primaryimage\"},\"image\":{\"@id\":\"https:\\\/\\\/shop.bantam.ch\\\/fr\\\/produit\\\/service-de-table-odette-6-en-1-blanc-gris\\\/#primaryimage\"},\"thumbnailUrl\":\"https:\\\/\\\/shop.bantam.ch\\\/wp-content\\\/uploads\\\/2023\\\/03\\\/9984738100.jpg\",\"datePublished\":\"2023-03-01T00:23:03+00:00\",\"dateModified\":\"2026-04-17T19:53:09+00:00\",\"breadcrumb\":{\"@id\":\"https:\\\/\\\/shop.bantam.ch\\\/fr\\\/produit\\\/service-de-table-odette-6-en-1-blanc-gris\\\/#breadcrumb\"},\"inLanguage\":\"fr-FR\",\"potentialAction\":[{\"@type\":\"ReadAction\",\"target\":[\"https:\\\/\\\/shop.bantam.ch\\\/fr\\\/produit\\\/service-de-table-odette-6-en-1-blanc-gris\\\/\"]}]},{\"@type\":\"ImageObject\",\"inLanguage\":\"fr-FR\",\"@id\":\"https:\\\/\\\/shop.bantam.ch\\\/fr\\\/produit\\\/service-de-table-odette-6-en-1-blanc-gris\\\/#primaryimage\",\"url\":\"https:\\\/\\\/shop.bantam.ch\\\/wp-content\\\/uploads\\\/2023\\\/03\\\/9984738100.jpg\",\"contentUrl\":\"https:\\\/\\\/shop.bantam.ch\\\/wp-content\\\/uploads\\\/2023\\\/03\\\/9984738100.jpg\",\"width\":613,\"height\":1000},{\"@type\":\"BreadcrumbList\",\"@id\":\"https:\\\/\\\/shop.bantam.ch\\\/fr\\\/produit\\\/service-de-table-odette-6-en-1-blanc-gris\\\/#breadcrumb\",\"itemListElement\":[{\"@type\":\"ListItem\",\"position\":1,\"name\":\"Accueil\",\"item\":\"https:\\\/\\\/shop.bantam.ch\\\/fr\\\/\"},{\"@type\":\"ListItem\",\"position\":2,\"name\":\"Boutique\",\"item\":\"https:\\\/\\\/shop.bantam.ch\\\/fr\\\/boutique\\\/\"},{\"@type\":\"ListItem\",\"position\":3,\"name\":\"Service vaiss. BRUNNER Odette 6 en 1, couleur blanc\\\/gris\"}]},{\"@type\":\"WebSite\",\"@id\":\"https:\\\/\\\/shop.bantam.ch\\\/fr\\\/#website\",\"url\":\"https:\\\/\\\/shop.bantam.ch\\\/fr\\\/\",\"name\":\"Bantam Wankm\u00fcller SA\",\"description\":\"\",\"publisher\":{\"@id\":\"https:\\\/\\\/shop.bantam.ch\\\/fr\\\/#organization\"},\"inLanguage\":\"fr-FR\"},{\"@type\":\"Organization\",\"@id\":\"https:\\\/\\\/shop.bantam.ch\\\/fr\\\/#organization\",\"name\":\"Bantam Wankm\u00fcller SA\",\"url\":\"https:\\\/\\\/shop.bantam.ch\\\/fr\\\/\",\"logo\":{\"@type\":\"ImageObject\",\"inLanguage\":\"fr-FR\",\"@id\":\"https:\\\/\\\/shop.bantam.ch\\\/fr\\\/#\\\/schema\\\/logo\\\/image\\\/\",\"url\":\"https:\\\/\\\/shop.bantam.ch\\\/wp-content\\\/uploads\\\/2022\\\/12\\\/bantam-logo.png\",\"contentUrl\":\"https:\\\/\\\/shop.bantam.ch\\\/wp-content\\\/uploads\\\/2022\\\/12\\\/bantam-logo.png\",\"width\":320,\"height\":71,\"caption\":\"Bantam Wankm\u00fcller SA\"},\"image\":{\"@id\":\"https:\\\/\\\/shop.bantam.ch\\\/fr\\\/#\\\/schema\\\/logo\\\/image\\\/\"}}]}<\/script>\n<!-- \/ Yoast SEO plugin. -->","yoast_head_json":{"title":"Service vaiss. BRUNNER Odette 6 en 1, couleur blanc\/gris - Bantam Wankm\u00fcller SA","robots":{"index":"index","follow":"follow","max-snippet":"max-snippet:-1","max-image-preview":"max-image-preview:large","max-video-preview":"max-video-preview:-1"},"canonical":"https:\/\/shop.bantam.ch\/fr\/produit\/service-de-table-odette-6-en-1-blanc-gris\/","og_locale":"fr_FR","og_type":"article","og_title":"Service vaiss. BRUNNER Odette 6 en 1, couleur blanc\/gris - Bantam Wankm\u00fcller SA","og_description":"Le kit 6 en 1 est le r\u00e9sultat de notre recherche d&rsquo;une solution \u00e9l\u00e9gante, fonctionnelle et peu encombrante pour chaque voyage, vacances en camping ou pique-nique en plein air. Il est fabriqu\u00e9 en m\u00e9lamine Stonetouch de haute qualit\u00e9 et comprend pas moins de 7 pi\u00e8ces : 2 assiettes plates, 2 assiettes creuses, 2 assiettes \u00e0 [&hellip;]","og_url":"https:\/\/shop.bantam.ch\/fr\/produit\/service-de-table-odette-6-en-1-blanc-gris\/","og_site_name":"Bantam Wankm\u00fcller SA","article_modified_time":"2026-04-17T19:53:09+00:00","og_image":[{"width":613,"height":1000,"url":"https:\/\/shop.bantam.ch\/wp-content\/uploads\/2023\/03\/9984738100.jpg","type":"image\/jpeg"}],"twitter_card":"summary_large_image","twitter_misc":{"Dur\u00e9e de lecture estim\u00e9e":"1 minute"},"schema":{"@context":"https:\/\/schema.org","@graph":[{"@type":"WebPage","@id":"https:\/\/shop.bantam.ch\/fr\/produit\/service-de-table-odette-6-en-1-blanc-gris\/","url":"https:\/\/shop.bantam.ch\/fr\/produit\/service-de-table-odette-6-en-1-blanc-gris\/","name":"Service vaiss. BRUNNER Odette 6 en 1, couleur blanc\/gris - Bantam Wankm\u00fcller SA","isPartOf":{"@id":"https:\/\/shop.bantam.ch\/fr\/#website"},"primaryImageOfPage":{"@id":"https:\/\/shop.bantam.ch\/fr\/produit\/service-de-table-odette-6-en-1-blanc-gris\/#primaryimage"},"image":{"@id":"https:\/\/shop.bantam.ch\/fr\/produit\/service-de-table-odette-6-en-1-blanc-gris\/#primaryimage"},"thumbnailUrl":"https:\/\/shop.bantam.ch\/wp-content\/uploads\/2023\/03\/9984738100.jpg","datePublished":"2023-03-01T00:23:03+00:00","dateModified":"2026-04-17T19:53:09+00:00","breadcrumb":{"@id":"https:\/\/shop.bantam.ch\/fr\/produit\/service-de-table-odette-6-en-1-blanc-gris\/#breadcrumb"},"inLanguage":"fr-FR","potentialAction":[{"@type":"ReadAction","target":["https:\/\/shop.bantam.ch\/fr\/produit\/service-de-table-odette-6-en-1-blanc-gris\/"]}]},{"@type":"ImageObject","inLanguage":"fr-FR","@id":"https:\/\/shop.bantam.ch\/fr\/produit\/service-de-table-odette-6-en-1-blanc-gris\/#primaryimage","url":"https:\/\/shop.bantam.ch\/wp-content\/uploads\/2023\/03\/9984738100.jpg","contentUrl":"https:\/\/shop.bantam.ch\/wp-content\/uploads\/2023\/03\/9984738100.jpg","width":613,"height":1000},{"@type":"BreadcrumbList","@id":"https:\/\/shop.bantam.ch\/fr\/produit\/service-de-table-odette-6-en-1-blanc-gris\/#breadcrumb","itemListElement":[{"@type":"ListItem","position":1,"name":"Accueil","item":"https:\/\/shop.bantam.ch\/fr\/"},{"@type":"ListItem","position":2,"name":"Boutique","item":"https:\/\/shop.bantam.ch\/fr\/boutique\/"},{"@type":"ListItem","position":3,"name":"Service vaiss. BRUNNER Odette 6 en 1, couleur blanc\/gris"}]},{"@type":"WebSite","@id":"https:\/\/shop.bantam.ch\/fr\/#website","url":"https:\/\/shop.bantam.ch\/fr\/","name":"Bantam Wankm\u00fcller SA","description":"","publisher":{"@id":"https:\/\/shop.bantam.ch\/fr\/#organization"},"inLanguage":"fr-FR"},{"@type":"Organization","@id":"https:\/\/shop.bantam.ch\/fr\/#organization","name":"Bantam Wankm\u00fcller SA","url":"https:\/\/shop.bantam.ch\/fr\/","logo":{"@type":"ImageObject","inLanguage":"fr-FR","@id":"https:\/\/shop.bantam.ch\/fr\/#\/schema\/logo\/image\/","url":"https:\/\/shop.bantam.ch\/wp-content\/uploads\/2022\/12\/bantam-logo.png","contentUrl":"https:\/\/shop.bantam.ch\/wp-content\/uploads\/2022\/12\/bantam-logo.png","width":320,"height":71,"caption":"Bantam Wankm\u00fcller SA"},"image":{"@id":"https:\/\/shop.bantam.ch\/fr\/#\/schema\/logo\/image\/"}}]}},"_links":{"self":[{"href":"https:\/\/shop.bantam.ch\/fr\/wp-json\/wp\/v2\/product\/127630","targetHints":{"allow":["GET"]}}],"collection":[{"href":"https:\/\/shop.bantam.ch\/fr\/wp-json\/wp\/v2\/product"}],"about":[{"href":"https:\/\/shop.bantam.ch\/fr\/wp-json\/wp\/v2\/types\/product"}],"wp:featuredmedia":[{"embeddable":true,"href":"https:\/\/shop.bantam.ch\/fr\/wp-json\/wp\/v2\/media\/127614"}],"wp:attachment":[{"href":"https:\/\/shop.bantam.ch\/fr\/wp-json\/wp\/v2\/media?parent=127630"}],"wp:term":[{"taxonomy":"product_featured_cat","embeddable":true,"href":"https:\/\/shop.bantam.ch\/fr\/wp-json\/wp\/v2\/product_featured_cat?post=127630"},{"taxonomy":"product_brand","embeddable":true,"href":"https:\/\/shop.bantam.ch\/fr\/wp-json\/wp\/v2\/product_brand?post=127630"},{"taxonomy":"product_cat","embeddable":true,"href":"https:\/\/shop.bantam.ch\/fr\/wp-json\/wp\/v2\/product_cat?post=127630"},{"taxonomy":"product_tag","embeddable":true,"href":"https:\/\/shop.bantam.ch\/fr\/wp-json\/wp\/v2\/product_tag?post=127630"}],"curies":[{"name":"wp","href":"https:\/\/api.w.org\/{rel}","templated":true}]}}