{"id":127532,"date":"2023-03-01T01:21:59","date_gmt":"2023-03-01T00:21:59","guid":{"rendered":"https:\/\/shop.bantam.ch\/produit\/chaise-pliante-copa-rio-classic\/"},"modified":"2026-04-28T23:48:18","modified_gmt":"2026-04-28T21:48:18","slug":"chaise-pliante-copa-rio-classic","status":"publish","type":"product","link":"https:\/\/shop.bantam.ch\/fr\/produit\/chaise-pliante-copa-rio-classic\/","title":{"rendered":"Chaise pliante Copa Rio Classic"},"content":{"rendered":"<p>Une chaise pliable tr\u00e8s compacte. Cette chaise allie style, confort et fonctionnalit\u00e9. Dot\u00e9e d\u2019un tissu en nylon 600 DEN bicolore luxueux et d\u2019un cadre en aluminium l\u00e9ger. Cette chaise dispose en outre de stabilisateurs suppl\u00e9mentaires et d\u2019un syst\u00e8me de blocage de s\u00e9curit\u00e9 (Safety-Lock) contre le repli involontaire. Compacte pour le transport. <\/p>\n<ul>\n<li>Profondeur d\u2019assise : 43 cm<\/li>\n<li>Largeur d\u2019assise : 44 cm<\/li>\n<\/ul>\n<p>Mat\u00e9riau\u00a0:<\/p>\n<p>Housse 100 % nylon<\/p>\n<p>Armature en aluminium<\/p>\n","protected":false},"excerpt":{"rendered":"<p>Une chaise pliable tr\u00e8s compacte. Cette chaise allie style, confort et fonctionnalit\u00e9. Dot\u00e9e d\u2019un tissu en nylon 600 DEN bicolore luxueux et d\u2019un cadre en aluminium l\u00e9ger. Cette chaise dispose en outre de stabilisateurs suppl\u00e9mentaires et d\u2019un syst\u00e8me de blocage de s\u00e9curit\u00e9 (Safety-Lock) contre le repli involontaire. Compacte pour le transport. Profondeur d\u2019assise : 43 [&hellip;]<\/p>\n","protected":false},"featured_media":127504,"template":"","meta":{"_acf_changed":false},"product_featured_cat":[],"product_brand":[3430],"product_cat":[4971],"product_tag":[],"class_list":{"0":"post-127532","1":"product","2":"type-product","3":"status-publish","4":"has-post-thumbnail","6":"product_brand-bo-camp","7":"product_cat-chaises-de-camping","9":"first","10":"instock","11":"taxable","12":"shipping-taxable","13":"purchasable","14":"product-type-variable"},"acf":[],"yoast_head":"<!-- This site is optimized with the Yoast SEO plugin v27.5 - https:\/\/yoast.com\/product\/yoast-seo-wordpress\/ -->\n<title>Chaise pliante Copa Rio Classic - Bantam<\/title>\n<meta name=\"robots\" content=\"index, follow, max-snippet:-1, max-image-preview:large, max-video-preview:-1\" \/>\n<link rel=\"canonical\" href=\"https:\/\/shop.bantam.ch\/fr\/produit\/chaise-pliante-copa-rio-classic\/\" \/>\n<meta property=\"og:locale\" content=\"fr_FR\" \/>\n<meta property=\"og:type\" content=\"article\" \/>\n<meta property=\"og:title\" content=\"Chaise pliante Copa Rio Classic - Bantam\" \/>\n<meta property=\"og:description\" content=\"Une chaise pliable tr\u00e8s compacte. Cette chaise allie style, confort et fonctionnalit\u00e9. Dot\u00e9e d\u2019un tissu en nylon 600 DEN bicolore luxueux et d\u2019un cadre en aluminium l\u00e9ger. Cette chaise dispose en outre de stabilisateurs suppl\u00e9mentaires et d\u2019un syst\u00e8me de blocage de s\u00e9curit\u00e9 (Safety-Lock) contre le repli involontaire. Compacte pour le transport. Profondeur d\u2019assise : 43 [&hellip;]\" \/>\n<meta property=\"og:url\" content=\"https:\/\/shop.bantam.ch\/fr\/produit\/chaise-pliante-copa-rio-classic\/\" \/>\n<meta property=\"og:site_name\" content=\"Bantam\" \/>\n<meta property=\"article:modified_time\" content=\"2026-04-28T21:48:18+00:00\" \/>\n<meta property=\"og:image\" content=\"https:\/\/shop.bantam.ch\/wp-content\/uploads\/2023\/03\/996175811-scaled.jpg\" \/>\n\t<meta property=\"og:image:width\" content=\"2220\" \/>\n\t<meta property=\"og:image:height\" content=\"2800\" \/>\n\t<meta property=\"og:image:type\" content=\"image\/jpeg\" \/>\n<meta name=\"twitter:card\" content=\"summary_large_image\" \/>\n<script type=\"application\/ld+json\" class=\"yoast-schema-graph\">{\"@context\":\"https:\\\/\\\/schema.org\",\"@graph\":[{\"@type\":\"WebPage\",\"@id\":\"https:\\\/\\\/shop.bantam.ch\\\/fr\\\/produit\\\/chaise-pliante-copa-rio-classic\\\/\",\"url\":\"https:\\\/\\\/shop.bantam.ch\\\/fr\\\/produit\\\/chaise-pliante-copa-rio-classic\\\/\",\"name\":\"Chaise pliante Copa Rio Classic - Bantam\",\"isPartOf\":{\"@id\":\"https:\\\/\\\/shop.bantam.ch\\\/fr\\\/#website\"},\"primaryImageOfPage\":{\"@id\":\"https:\\\/\\\/shop.bantam.ch\\\/fr\\\/produit\\\/chaise-pliante-copa-rio-classic\\\/#primaryimage\"},\"image\":{\"@id\":\"https:\\\/\\\/shop.bantam.ch\\\/fr\\\/produit\\\/chaise-pliante-copa-rio-classic\\\/#primaryimage\"},\"thumbnailUrl\":\"https:\\\/\\\/shop.bantam.ch\\\/wp-content\\\/uploads\\\/2023\\\/03\\\/996175811-scaled.jpg\",\"datePublished\":\"2023-03-01T00:21:59+00:00\",\"dateModified\":\"2026-04-28T21:48:18+00:00\",\"breadcrumb\":{\"@id\":\"https:\\\/\\\/shop.bantam.ch\\\/fr\\\/produit\\\/chaise-pliante-copa-rio-classic\\\/#breadcrumb\"},\"inLanguage\":\"fr-FR\",\"potentialAction\":[{\"@type\":\"ReadAction\",\"target\":[\"https:\\\/\\\/shop.bantam.ch\\\/fr\\\/produit\\\/chaise-pliante-copa-rio-classic\\\/\"]}]},{\"@type\":\"ImageObject\",\"inLanguage\":\"fr-FR\",\"@id\":\"https:\\\/\\\/shop.bantam.ch\\\/fr\\\/produit\\\/chaise-pliante-copa-rio-classic\\\/#primaryimage\",\"url\":\"https:\\\/\\\/shop.bantam.ch\\\/wp-content\\\/uploads\\\/2023\\\/03\\\/996175811-scaled.jpg\",\"contentUrl\":\"https:\\\/\\\/shop.bantam.ch\\\/wp-content\\\/uploads\\\/2023\\\/03\\\/996175811-scaled.jpg\",\"width\":1624,\"height\":2048},{\"@type\":\"BreadcrumbList\",\"@id\":\"https:\\\/\\\/shop.bantam.ch\\\/fr\\\/produit\\\/chaise-pliante-copa-rio-classic\\\/#breadcrumb\",\"itemListElement\":[{\"@type\":\"ListItem\",\"position\":1,\"name\":\"Accueil\",\"item\":\"https:\\\/\\\/shop.bantam.ch\\\/fr\\\/\"},{\"@type\":\"ListItem\",\"position\":2,\"name\":\"Boutique\",\"item\":\"https:\\\/\\\/shop.bantam.ch\\\/fr\\\/boutique\\\/\"},{\"@type\":\"ListItem\",\"position\":3,\"name\":\"Chaise pliante Copa Rio Classic\"}]},{\"@type\":\"WebSite\",\"@id\":\"https:\\\/\\\/shop.bantam.ch\\\/fr\\\/#website\",\"url\":\"https:\\\/\\\/shop.bantam.ch\\\/fr\\\/\",\"name\":\"Bantam\",\"description\":\"\",\"publisher\":{\"@id\":\"https:\\\/\\\/shop.bantam.ch\\\/fr\\\/#organization\"},\"inLanguage\":\"fr-FR\"},{\"@type\":\"Organization\",\"@id\":\"https:\\\/\\\/shop.bantam.ch\\\/fr\\\/#organization\",\"name\":\"Bantam\",\"url\":\"https:\\\/\\\/shop.bantam.ch\\\/fr\\\/\",\"logo\":{\"@type\":\"ImageObject\",\"inLanguage\":\"fr-FR\",\"@id\":\"https:\\\/\\\/shop.bantam.ch\\\/fr\\\/#\\\/schema\\\/logo\\\/image\\\/\",\"url\":\"https:\\\/\\\/shop.bantam.ch\\\/wp-content\\\/uploads\\\/2022\\\/12\\\/bantam-logo.png\",\"contentUrl\":\"https:\\\/\\\/shop.bantam.ch\\\/wp-content\\\/uploads\\\/2022\\\/12\\\/bantam-logo.png\",\"width\":320,\"height\":71,\"caption\":\"Bantam\"},\"image\":{\"@id\":\"https:\\\/\\\/shop.bantam.ch\\\/fr\\\/#\\\/schema\\\/logo\\\/image\\\/\"}}]}<\/script>\n<!-- \/ Yoast SEO plugin. -->","yoast_head_json":{"title":"Chaise pliante Copa Rio Classic - Bantam","robots":{"index":"index","follow":"follow","max-snippet":"max-snippet:-1","max-image-preview":"max-image-preview:large","max-video-preview":"max-video-preview:-1"},"canonical":"https:\/\/shop.bantam.ch\/fr\/produit\/chaise-pliante-copa-rio-classic\/","og_locale":"fr_FR","og_type":"article","og_title":"Chaise pliante Copa Rio Classic - Bantam","og_description":"Une chaise pliable tr\u00e8s compacte. Cette chaise allie style, confort et fonctionnalit\u00e9. Dot\u00e9e d\u2019un tissu en nylon 600 DEN bicolore luxueux et d\u2019un cadre en aluminium l\u00e9ger. Cette chaise dispose en outre de stabilisateurs suppl\u00e9mentaires et d\u2019un syst\u00e8me de blocage de s\u00e9curit\u00e9 (Safety-Lock) contre le repli involontaire. Compacte pour le transport. Profondeur d\u2019assise : 43 [&hellip;]","og_url":"https:\/\/shop.bantam.ch\/fr\/produit\/chaise-pliante-copa-rio-classic\/","og_site_name":"Bantam","article_modified_time":"2026-04-28T21:48:18+00:00","og_image":[{"width":2220,"height":2800,"url":"https:\/\/shop.bantam.ch\/wp-content\/uploads\/2023\/03\/996175811-scaled.jpg","type":"image\/jpeg"}],"twitter_card":"summary_large_image","schema":{"@context":"https:\/\/schema.org","@graph":[{"@type":"WebPage","@id":"https:\/\/shop.bantam.ch\/fr\/produit\/chaise-pliante-copa-rio-classic\/","url":"https:\/\/shop.bantam.ch\/fr\/produit\/chaise-pliante-copa-rio-classic\/","name":"Chaise pliante Copa Rio Classic - Bantam","isPartOf":{"@id":"https:\/\/shop.bantam.ch\/fr\/#website"},"primaryImageOfPage":{"@id":"https:\/\/shop.bantam.ch\/fr\/produit\/chaise-pliante-copa-rio-classic\/#primaryimage"},"image":{"@id":"https:\/\/shop.bantam.ch\/fr\/produit\/chaise-pliante-copa-rio-classic\/#primaryimage"},"thumbnailUrl":"https:\/\/shop.bantam.ch\/wp-content\/uploads\/2023\/03\/996175811-scaled.jpg","datePublished":"2023-03-01T00:21:59+00:00","dateModified":"2026-04-28T21:48:18+00:00","breadcrumb":{"@id":"https:\/\/shop.bantam.ch\/fr\/produit\/chaise-pliante-copa-rio-classic\/#breadcrumb"},"inLanguage":"fr-FR","potentialAction":[{"@type":"ReadAction","target":["https:\/\/shop.bantam.ch\/fr\/produit\/chaise-pliante-copa-rio-classic\/"]}]},{"@type":"ImageObject","inLanguage":"fr-FR","@id":"https:\/\/shop.bantam.ch\/fr\/produit\/chaise-pliante-copa-rio-classic\/#primaryimage","url":"https:\/\/shop.bantam.ch\/wp-content\/uploads\/2023\/03\/996175811-scaled.jpg","contentUrl":"https:\/\/shop.bantam.ch\/wp-content\/uploads\/2023\/03\/996175811-scaled.jpg","width":1624,"height":2048},{"@type":"BreadcrumbList","@id":"https:\/\/shop.bantam.ch\/fr\/produit\/chaise-pliante-copa-rio-classic\/#breadcrumb","itemListElement":[{"@type":"ListItem","position":1,"name":"Accueil","item":"https:\/\/shop.bantam.ch\/fr\/"},{"@type":"ListItem","position":2,"name":"Boutique","item":"https:\/\/shop.bantam.ch\/fr\/boutique\/"},{"@type":"ListItem","position":3,"name":"Chaise pliante Copa Rio Classic"}]},{"@type":"WebSite","@id":"https:\/\/shop.bantam.ch\/fr\/#website","url":"https:\/\/shop.bantam.ch\/fr\/","name":"Bantam","description":"","publisher":{"@id":"https:\/\/shop.bantam.ch\/fr\/#organization"},"inLanguage":"fr-FR"},{"@type":"Organization","@id":"https:\/\/shop.bantam.ch\/fr\/#organization","name":"Bantam","url":"https:\/\/shop.bantam.ch\/fr\/","logo":{"@type":"ImageObject","inLanguage":"fr-FR","@id":"https:\/\/shop.bantam.ch\/fr\/#\/schema\/logo\/image\/","url":"https:\/\/shop.bantam.ch\/wp-content\/uploads\/2022\/12\/bantam-logo.png","contentUrl":"https:\/\/shop.bantam.ch\/wp-content\/uploads\/2022\/12\/bantam-logo.png","width":320,"height":71,"caption":"Bantam"},"image":{"@id":"https:\/\/shop.bantam.ch\/fr\/#\/schema\/logo\/image\/"}}]}},"_links":{"self":[{"href":"https:\/\/shop.bantam.ch\/fr\/wp-json\/wp\/v2\/product\/127532","targetHints":{"allow":["GET"]}}],"collection":[{"href":"https:\/\/shop.bantam.ch\/fr\/wp-json\/wp\/v2\/product"}],"about":[{"href":"https:\/\/shop.bantam.ch\/fr\/wp-json\/wp\/v2\/types\/product"}],"wp:featuredmedia":[{"embeddable":true,"href":"https:\/\/shop.bantam.ch\/fr\/wp-json\/wp\/v2\/media\/127504"}],"wp:attachment":[{"href":"https:\/\/shop.bantam.ch\/fr\/wp-json\/wp\/v2\/media?parent=127532"}],"wp:term":[{"taxonomy":"product_featured_cat","embeddable":true,"href":"https:\/\/shop.bantam.ch\/fr\/wp-json\/wp\/v2\/product_featured_cat?post=127532"},{"taxonomy":"product_brand","embeddable":true,"href":"https:\/\/shop.bantam.ch\/fr\/wp-json\/wp\/v2\/product_brand?post=127532"},{"taxonomy":"product_cat","embeddable":true,"href":"https:\/\/shop.bantam.ch\/fr\/wp-json\/wp\/v2\/product_cat?post=127532"},{"taxonomy":"product_tag","embeddable":true,"href":"https:\/\/shop.bantam.ch\/fr\/wp-json\/wp\/v2\/product_tag?post=127532"}],"curies":[{"name":"wp","href":"https:\/\/api.w.org\/{rel}","templated":true}]}}