{"id":127502,"date":"2023-03-01T01:21:48","date_gmt":"2023-03-01T00:21:48","guid":{"rendered":"https:\/\/shop.bantam.ch\/produit\/kit-special-pour-store-banne-270-degres\/"},"modified":"2026-04-18T21:54:11","modified_gmt":"2026-04-18T19:54:11","slug":"kit-special-pour-store-banne-270-degres","status":"publish","type":"product","link":"https:\/\/shop.bantam.ch\/fr\/produit\/kit-special-pour-store-banne-270-degres\/","title":{"rendered":"Kit sp\u00e9cial Peggy Peg pour auvents \u00e0 270 degr\u00e9s"},"content":{"rendered":"<p>De plus, lorsque le vent se l\u00e8ve, s\u00e9curisez votre store 270\u00b0 avec notre combinaison astucieuse de sangles de serrage et de sardines \u00e0 visser avec une visseuse sans fil ou avec une cl\u00e9 manuelle pour stores 270\u00b0, pavillons et bien plus encore. Id\u00e9al pour les sols normaux, meubles et sableux gr\u00e2ce au filetage comprim\u00e9. La sardine Hardcore Peggy (en alu) vous permet de fixer votre store m\u00eame sur un sol rocheux extr\u00eamement dur. Seule celle-ci est enfonc\u00e9e puis d\u00e9viss\u00e9e. Le crochet r\u00e9glable en hauteur sur tous les Peggys permet \u00e9galement de les utiliser sur une grande vari\u00e9t\u00e9 de terrains, par exemple si les sardines \u00e0 visser ne s&rsquo;enfoncent pas compl\u00e8tement dans le sol. O\u00f9 que vous soyez, quelle que soit la saison. (Le pr\u00e9-per\u00e7age peut \u00eatre tr\u00e8s utile, surtout en hiver).<\/p>\n","protected":false},"excerpt":{"rendered":"<p>De plus, lorsque le vent se l\u00e8ve, s\u00e9curisez votre store 270\u00b0 avec notre combinaison astucieuse de sangles de serrage et de sardines \u00e0 visser avec une visseuse sans fil ou avec une cl\u00e9 manuelle pour stores 270\u00b0, pavillons et bien plus encore. Id\u00e9al pour les sols normaux, meubles et sableux gr\u00e2ce au filetage comprim\u00e9. La [&hellip;]<\/p>\n","protected":false},"featured_media":127498,"template":"","meta":{"_acf_changed":false},"product_featured_cat":[],"product_brand":[3116],"product_cat":[3987],"product_tag":[],"class_list":{"0":"post-127502","1":"product","2":"type-product","3":"status-publish","4":"has-post-thumbnail","6":"product_brand-peggy-peg","7":"product_cat-accessoires-pour-tentes-et-auvents","9":"first","10":"instock","11":"taxable","12":"shipping-taxable","13":"purchasable","14":"product-type-simple"},"acf":[],"yoast_head":"<!-- This site is optimized with the Yoast SEO plugin v27.4 - https:\/\/yoast.com\/product\/yoast-seo-wordpress\/ -->\n<title>Kit sp\u00e9cial Peggy Peg pour auvents \u00e0 270 degr\u00e9s - Bantam Wankm\u00fcller SA<\/title>\n<meta name=\"robots\" content=\"index, follow, max-snippet:-1, max-image-preview:large, max-video-preview:-1\" \/>\n<link rel=\"canonical\" href=\"https:\/\/shop.bantam.ch\/fr\/produit\/kit-special-pour-store-banne-270-degres\/\" \/>\n<meta property=\"og:locale\" content=\"fr_FR\" \/>\n<meta property=\"og:type\" content=\"article\" \/>\n<meta property=\"og:title\" content=\"Kit sp\u00e9cial Peggy Peg pour auvents \u00e0 270 degr\u00e9s - Bantam Wankm\u00fcller SA\" \/>\n<meta property=\"og:description\" content=\"De plus, lorsque le vent se l\u00e8ve, s\u00e9curisez votre store 270\u00b0 avec notre combinaison astucieuse de sangles de serrage et de sardines \u00e0 visser avec une visseuse sans fil ou avec une cl\u00e9 manuelle pour stores 270\u00b0, pavillons et bien plus encore. Id\u00e9al pour les sols normaux, meubles et sableux gr\u00e2ce au filetage comprim\u00e9. La [&hellip;]\" \/>\n<meta property=\"og:url\" content=\"https:\/\/shop.bantam.ch\/fr\/produit\/kit-special-pour-store-banne-270-degres\/\" \/>\n<meta property=\"og:site_name\" content=\"Bantam Wankm\u00fcller SA\" \/>\n<meta property=\"article:modified_time\" content=\"2026-04-18T19:54:11+00:00\" \/>\n<meta property=\"og:image\" content=\"https:\/\/shop.bantam.ch\/wp-content\/uploads\/2023\/03\/9948598100.jpg\" \/>\n\t<meta property=\"og:image:width\" content=\"500\" \/>\n\t<meta property=\"og:image:height\" content=\"500\" \/>\n\t<meta property=\"og:image:type\" content=\"image\/jpeg\" \/>\n<meta name=\"twitter:card\" content=\"summary_large_image\" \/>\n<meta name=\"twitter:label1\" content=\"Dur\u00e9e de lecture estim\u00e9e\" \/>\n\t<meta name=\"twitter:data1\" content=\"1 minute\" \/>\n<script type=\"application\/ld+json\" class=\"yoast-schema-graph\">{\"@context\":\"https:\\\/\\\/schema.org\",\"@graph\":[{\"@type\":\"WebPage\",\"@id\":\"https:\\\/\\\/shop.bantam.ch\\\/fr\\\/produit\\\/kit-special-pour-store-banne-270-degres\\\/\",\"url\":\"https:\\\/\\\/shop.bantam.ch\\\/fr\\\/produit\\\/kit-special-pour-store-banne-270-degres\\\/\",\"name\":\"Kit sp\u00e9cial Peggy Peg pour auvents \u00e0 270 degr\u00e9s - Bantam Wankm\u00fcller SA\",\"isPartOf\":{\"@id\":\"https:\\\/\\\/shop.bantam.ch\\\/fr\\\/#website\"},\"primaryImageOfPage\":{\"@id\":\"https:\\\/\\\/shop.bantam.ch\\\/fr\\\/produit\\\/kit-special-pour-store-banne-270-degres\\\/#primaryimage\"},\"image\":{\"@id\":\"https:\\\/\\\/shop.bantam.ch\\\/fr\\\/produit\\\/kit-special-pour-store-banne-270-degres\\\/#primaryimage\"},\"thumbnailUrl\":\"https:\\\/\\\/shop.bantam.ch\\\/wp-content\\\/uploads\\\/2023\\\/03\\\/9948598100.jpg\",\"datePublished\":\"2023-03-01T00:21:48+00:00\",\"dateModified\":\"2026-04-18T19:54:11+00:00\",\"breadcrumb\":{\"@id\":\"https:\\\/\\\/shop.bantam.ch\\\/fr\\\/produit\\\/kit-special-pour-store-banne-270-degres\\\/#breadcrumb\"},\"inLanguage\":\"fr-FR\",\"potentialAction\":[{\"@type\":\"ReadAction\",\"target\":[\"https:\\\/\\\/shop.bantam.ch\\\/fr\\\/produit\\\/kit-special-pour-store-banne-270-degres\\\/\"]}]},{\"@type\":\"ImageObject\",\"inLanguage\":\"fr-FR\",\"@id\":\"https:\\\/\\\/shop.bantam.ch\\\/fr\\\/produit\\\/kit-special-pour-store-banne-270-degres\\\/#primaryimage\",\"url\":\"https:\\\/\\\/shop.bantam.ch\\\/wp-content\\\/uploads\\\/2023\\\/03\\\/9948598100.jpg\",\"contentUrl\":\"https:\\\/\\\/shop.bantam.ch\\\/wp-content\\\/uploads\\\/2023\\\/03\\\/9948598100.jpg\",\"width\":500,\"height\":500},{\"@type\":\"BreadcrumbList\",\"@id\":\"https:\\\/\\\/shop.bantam.ch\\\/fr\\\/produit\\\/kit-special-pour-store-banne-270-degres\\\/#breadcrumb\",\"itemListElement\":[{\"@type\":\"ListItem\",\"position\":1,\"name\":\"Accueil\",\"item\":\"https:\\\/\\\/shop.bantam.ch\\\/fr\\\/\"},{\"@type\":\"ListItem\",\"position\":2,\"name\":\"Boutique\",\"item\":\"https:\\\/\\\/shop.bantam.ch\\\/fr\\\/boutique\\\/\"},{\"@type\":\"ListItem\",\"position\":3,\"name\":\"Kit sp\u00e9cial Peggy Peg pour auvents \u00e0 270 degr\u00e9s\"}]},{\"@type\":\"WebSite\",\"@id\":\"https:\\\/\\\/shop.bantam.ch\\\/fr\\\/#website\",\"url\":\"https:\\\/\\\/shop.bantam.ch\\\/fr\\\/\",\"name\":\"Bantam Wankm\u00fcller SA\",\"description\":\"\",\"publisher\":{\"@id\":\"https:\\\/\\\/shop.bantam.ch\\\/fr\\\/#organization\"},\"inLanguage\":\"fr-FR\"},{\"@type\":\"Organization\",\"@id\":\"https:\\\/\\\/shop.bantam.ch\\\/fr\\\/#organization\",\"name\":\"Bantam Wankm\u00fcller SA\",\"url\":\"https:\\\/\\\/shop.bantam.ch\\\/fr\\\/\",\"logo\":{\"@type\":\"ImageObject\",\"inLanguage\":\"fr-FR\",\"@id\":\"https:\\\/\\\/shop.bantam.ch\\\/fr\\\/#\\\/schema\\\/logo\\\/image\\\/\",\"url\":\"https:\\\/\\\/shop.bantam.ch\\\/wp-content\\\/uploads\\\/2022\\\/12\\\/bantam-logo.png\",\"contentUrl\":\"https:\\\/\\\/shop.bantam.ch\\\/wp-content\\\/uploads\\\/2022\\\/12\\\/bantam-logo.png\",\"width\":320,\"height\":71,\"caption\":\"Bantam Wankm\u00fcller SA\"},\"image\":{\"@id\":\"https:\\\/\\\/shop.bantam.ch\\\/fr\\\/#\\\/schema\\\/logo\\\/image\\\/\"}}]}<\/script>\n<!-- \/ Yoast SEO plugin. -->","yoast_head_json":{"title":"Kit sp\u00e9cial Peggy Peg pour auvents \u00e0 270 degr\u00e9s - Bantam Wankm\u00fcller SA","robots":{"index":"index","follow":"follow","max-snippet":"max-snippet:-1","max-image-preview":"max-image-preview:large","max-video-preview":"max-video-preview:-1"},"canonical":"https:\/\/shop.bantam.ch\/fr\/produit\/kit-special-pour-store-banne-270-degres\/","og_locale":"fr_FR","og_type":"article","og_title":"Kit sp\u00e9cial Peggy Peg pour auvents \u00e0 270 degr\u00e9s - Bantam Wankm\u00fcller SA","og_description":"De plus, lorsque le vent se l\u00e8ve, s\u00e9curisez votre store 270\u00b0 avec notre combinaison astucieuse de sangles de serrage et de sardines \u00e0 visser avec une visseuse sans fil ou avec une cl\u00e9 manuelle pour stores 270\u00b0, pavillons et bien plus encore. Id\u00e9al pour les sols normaux, meubles et sableux gr\u00e2ce au filetage comprim\u00e9. La [&hellip;]","og_url":"https:\/\/shop.bantam.ch\/fr\/produit\/kit-special-pour-store-banne-270-degres\/","og_site_name":"Bantam Wankm\u00fcller SA","article_modified_time":"2026-04-18T19:54:11+00:00","og_image":[{"width":500,"height":500,"url":"https:\/\/shop.bantam.ch\/wp-content\/uploads\/2023\/03\/9948598100.jpg","type":"image\/jpeg"}],"twitter_card":"summary_large_image","twitter_misc":{"Dur\u00e9e de lecture estim\u00e9e":"1 minute"},"schema":{"@context":"https:\/\/schema.org","@graph":[{"@type":"WebPage","@id":"https:\/\/shop.bantam.ch\/fr\/produit\/kit-special-pour-store-banne-270-degres\/","url":"https:\/\/shop.bantam.ch\/fr\/produit\/kit-special-pour-store-banne-270-degres\/","name":"Kit sp\u00e9cial Peggy Peg pour auvents \u00e0 270 degr\u00e9s - Bantam Wankm\u00fcller SA","isPartOf":{"@id":"https:\/\/shop.bantam.ch\/fr\/#website"},"primaryImageOfPage":{"@id":"https:\/\/shop.bantam.ch\/fr\/produit\/kit-special-pour-store-banne-270-degres\/#primaryimage"},"image":{"@id":"https:\/\/shop.bantam.ch\/fr\/produit\/kit-special-pour-store-banne-270-degres\/#primaryimage"},"thumbnailUrl":"https:\/\/shop.bantam.ch\/wp-content\/uploads\/2023\/03\/9948598100.jpg","datePublished":"2023-03-01T00:21:48+00:00","dateModified":"2026-04-18T19:54:11+00:00","breadcrumb":{"@id":"https:\/\/shop.bantam.ch\/fr\/produit\/kit-special-pour-store-banne-270-degres\/#breadcrumb"},"inLanguage":"fr-FR","potentialAction":[{"@type":"ReadAction","target":["https:\/\/shop.bantam.ch\/fr\/produit\/kit-special-pour-store-banne-270-degres\/"]}]},{"@type":"ImageObject","inLanguage":"fr-FR","@id":"https:\/\/shop.bantam.ch\/fr\/produit\/kit-special-pour-store-banne-270-degres\/#primaryimage","url":"https:\/\/shop.bantam.ch\/wp-content\/uploads\/2023\/03\/9948598100.jpg","contentUrl":"https:\/\/shop.bantam.ch\/wp-content\/uploads\/2023\/03\/9948598100.jpg","width":500,"height":500},{"@type":"BreadcrumbList","@id":"https:\/\/shop.bantam.ch\/fr\/produit\/kit-special-pour-store-banne-270-degres\/#breadcrumb","itemListElement":[{"@type":"ListItem","position":1,"name":"Accueil","item":"https:\/\/shop.bantam.ch\/fr\/"},{"@type":"ListItem","position":2,"name":"Boutique","item":"https:\/\/shop.bantam.ch\/fr\/boutique\/"},{"@type":"ListItem","position":3,"name":"Kit sp\u00e9cial Peggy Peg pour auvents \u00e0 270 degr\u00e9s"}]},{"@type":"WebSite","@id":"https:\/\/shop.bantam.ch\/fr\/#website","url":"https:\/\/shop.bantam.ch\/fr\/","name":"Bantam Wankm\u00fcller SA","description":"","publisher":{"@id":"https:\/\/shop.bantam.ch\/fr\/#organization"},"inLanguage":"fr-FR"},{"@type":"Organization","@id":"https:\/\/shop.bantam.ch\/fr\/#organization","name":"Bantam Wankm\u00fcller SA","url":"https:\/\/shop.bantam.ch\/fr\/","logo":{"@type":"ImageObject","inLanguage":"fr-FR","@id":"https:\/\/shop.bantam.ch\/fr\/#\/schema\/logo\/image\/","url":"https:\/\/shop.bantam.ch\/wp-content\/uploads\/2022\/12\/bantam-logo.png","contentUrl":"https:\/\/shop.bantam.ch\/wp-content\/uploads\/2022\/12\/bantam-logo.png","width":320,"height":71,"caption":"Bantam Wankm\u00fcller SA"},"image":{"@id":"https:\/\/shop.bantam.ch\/fr\/#\/schema\/logo\/image\/"}}]}},"_links":{"self":[{"href":"https:\/\/shop.bantam.ch\/fr\/wp-json\/wp\/v2\/product\/127502","targetHints":{"allow":["GET"]}}],"collection":[{"href":"https:\/\/shop.bantam.ch\/fr\/wp-json\/wp\/v2\/product"}],"about":[{"href":"https:\/\/shop.bantam.ch\/fr\/wp-json\/wp\/v2\/types\/product"}],"wp:featuredmedia":[{"embeddable":true,"href":"https:\/\/shop.bantam.ch\/fr\/wp-json\/wp\/v2\/media\/127498"}],"wp:attachment":[{"href":"https:\/\/shop.bantam.ch\/fr\/wp-json\/wp\/v2\/media?parent=127502"}],"wp:term":[{"taxonomy":"product_featured_cat","embeddable":true,"href":"https:\/\/shop.bantam.ch\/fr\/wp-json\/wp\/v2\/product_featured_cat?post=127502"},{"taxonomy":"product_brand","embeddable":true,"href":"https:\/\/shop.bantam.ch\/fr\/wp-json\/wp\/v2\/product_brand?post=127502"},{"taxonomy":"product_cat","embeddable":true,"href":"https:\/\/shop.bantam.ch\/fr\/wp-json\/wp\/v2\/product_cat?post=127502"},{"taxonomy":"product_tag","embeddable":true,"href":"https:\/\/shop.bantam.ch\/fr\/wp-json\/wp\/v2\/product_tag?post=127502"}],"curies":[{"name":"wp","href":"https:\/\/api.w.org\/{rel}","templated":true}]}}