{"id":127490,"date":"2023-03-01T01:21:35","date_gmt":"2023-03-01T00:21:35","guid":{"rendered":"https:\/\/shop.bantam.ch\/produit\/sardine-a-visser-avec-contre-ecrou-peg-stop-heavy-duty-4-pieces\/"},"modified":"2026-04-18T21:54:10","modified_gmt":"2026-04-18T19:54:10","slug":"sardine-a-visser-avec-contre-ecrou-peg-stop-heavy-duty-4-pieces","status":"publish","type":"product","link":"https:\/\/shop.bantam.ch\/fr\/produit\/sardine-a-visser-avec-contre-ecrou-peg-stop-heavy-duty-4-pieces\/","title":{"rendered":"Sardine \u00e0 visser Peggy Peg Avec contre-\u00e9crou PEG &amp; STOP Heavy Duty contenu 4 pi\u00e8ces"},"content":{"rendered":"<p>Peg&amp;Stop Heavy Duty est notre sardine \u00e0 visser la plus solide fabriqu\u00e9e \u00e0 partir d&rsquo;acier inoxydable recycl\u00e9 de qualit\u00e9 marine avec un nouvel contre-\u00e9crou. Cette sardine \u00e0 visser a \u00e9t\u00e9 sp\u00e9cialement con\u00e7ue pour \u00eatre utilis\u00e9e avec une visseuse \u00e0 chocs et doit donc \u00eatre utilis\u00e9e avec celle-ci (une visseuse sans fil n&rsquo;a qu&rsquo;une puissance limit\u00e9e en fonction de l&rsquo;\u00e9tat du terrain). Con\u00e7ue principalement pour les sols tr\u00e8s compacts, extr\u00eamement durs et pierreux dans des conditions difficiles. Gr\u00e2ce au contre-\u00e9crou 2.0 r\u00e9glable en hauteur (avec crochet), la sardine \u00e0 visser ne doit pas toujours \u00eatre viss\u00e9e \u00e0 fond. Avec un ou deux tours vers la droite avec le contre-\u00e9crou, cette sardine Peggy peut non seulement fixer nos plaques d&rsquo;ancrage avec une contre-pression, mais aussi ancrer solidement les tentes et les cordes anti-temp\u00eate. Vissez la sardine P&amp;S HD jusqu&rsquo;\u00e0 ce qu&rsquo;elle ne puisse plus s&rsquo;enfoncer et soit solidement ancr\u00e9e dans le sol. Ensuite, tournez l&rsquo;\u00e9crou jusqu&rsquo;au point le plus bas possible et accrochez la corde ou l&rsquo;\u00e9l\u00e9ment de hauban : c&rsquo;est fait.<\/p>\n<p>Contenu\u00a0:<br \/>Lot de 4<\/p>\n","protected":false},"excerpt":{"rendered":"<p>Peg&amp;Stop Heavy Duty est notre sardine \u00e0 visser la plus solide fabriqu\u00e9e \u00e0 partir d&rsquo;acier inoxydable recycl\u00e9 de qualit\u00e9 marine avec un nouvel contre-\u00e9crou. Cette sardine \u00e0 visser a \u00e9t\u00e9 sp\u00e9cialement con\u00e7ue pour \u00eatre utilis\u00e9e avec une visseuse \u00e0 chocs et doit donc \u00eatre utilis\u00e9e avec celle-ci (une visseuse sans fil n&rsquo;a qu&rsquo;une puissance limit\u00e9e [&hellip;]<\/p>\n","protected":false},"featured_media":127484,"template":"","meta":{"_acf_changed":false},"product_featured_cat":[],"product_brand":[3116],"product_cat":[4253],"product_tag":[],"class_list":{"0":"post-127490","1":"product","2":"type-product","3":"status-publish","4":"has-post-thumbnail","6":"product_brand-peggy-peg","7":"product_cat-accessoires-de-montage","9":"first","10":"instock","11":"taxable","12":"shipping-taxable","13":"purchasable","14":"product-type-simple"},"acf":[],"yoast_head":"<!-- This site is optimized with the Yoast SEO plugin v27.4 - https:\/\/yoast.com\/product\/yoast-seo-wordpress\/ -->\n<title>Sardine \u00e0 visser Peggy Peg Avec contre-\u00e9crou PEG &amp; STOP Heavy Duty contenu 4 pi\u00e8ces - Bantam Wankm\u00fcller SA<\/title>\n<meta name=\"robots\" content=\"index, follow, max-snippet:-1, max-image-preview:large, max-video-preview:-1\" \/>\n<link rel=\"canonical\" href=\"https:\/\/shop.bantam.ch\/fr\/produit\/sardine-a-visser-avec-contre-ecrou-peg-stop-heavy-duty-4-pieces\/\" \/>\n<meta property=\"og:locale\" content=\"fr_FR\" \/>\n<meta property=\"og:type\" content=\"article\" \/>\n<meta property=\"og:title\" content=\"Sardine \u00e0 visser Peggy Peg Avec contre-\u00e9crou PEG &amp; STOP Heavy Duty contenu 4 pi\u00e8ces - Bantam Wankm\u00fcller SA\" \/>\n<meta property=\"og:description\" content=\"Peg&amp;Stop Heavy Duty est notre sardine \u00e0 visser la plus solide fabriqu\u00e9e \u00e0 partir d&rsquo;acier inoxydable recycl\u00e9 de qualit\u00e9 marine avec un nouvel contre-\u00e9crou. Cette sardine \u00e0 visser a \u00e9t\u00e9 sp\u00e9cialement con\u00e7ue pour \u00eatre utilis\u00e9e avec une visseuse \u00e0 chocs et doit donc \u00eatre utilis\u00e9e avec celle-ci (une visseuse sans fil n&rsquo;a qu&rsquo;une puissance limit\u00e9e [&hellip;]\" \/>\n<meta property=\"og:url\" content=\"https:\/\/shop.bantam.ch\/fr\/produit\/sardine-a-visser-avec-contre-ecrou-peg-stop-heavy-duty-4-pieces\/\" \/>\n<meta property=\"og:site_name\" content=\"Bantam Wankm\u00fcller SA\" \/>\n<meta property=\"article:modified_time\" content=\"2026-04-18T19:54:10+00:00\" \/>\n<meta property=\"og:image\" content=\"https:\/\/shop.bantam.ch\/wp-content\/uploads\/2023\/03\/9948596100.jpg\" \/>\n\t<meta property=\"og:image:width\" content=\"1000\" \/>\n\t<meta property=\"og:image:height\" content=\"744\" \/>\n\t<meta property=\"og:image:type\" content=\"image\/jpeg\" \/>\n<meta name=\"twitter:card\" content=\"summary_large_image\" \/>\n<meta name=\"twitter:label1\" content=\"Dur\u00e9e de lecture estim\u00e9e\" \/>\n\t<meta name=\"twitter:data1\" content=\"1 minute\" \/>\n<script type=\"application\/ld+json\" class=\"yoast-schema-graph\">{\"@context\":\"https:\\\/\\\/schema.org\",\"@graph\":[{\"@type\":\"WebPage\",\"@id\":\"https:\\\/\\\/shop.bantam.ch\\\/fr\\\/produit\\\/sardine-a-visser-avec-contre-ecrou-peg-stop-heavy-duty-4-pieces\\\/\",\"url\":\"https:\\\/\\\/shop.bantam.ch\\\/fr\\\/produit\\\/sardine-a-visser-avec-contre-ecrou-peg-stop-heavy-duty-4-pieces\\\/\",\"name\":\"Sardine \u00e0 visser Peggy Peg Avec contre-\u00e9crou PEG &amp; STOP Heavy Duty contenu 4 pi\u00e8ces - Bantam Wankm\u00fcller SA\",\"isPartOf\":{\"@id\":\"https:\\\/\\\/shop.bantam.ch\\\/fr\\\/#website\"},\"primaryImageOfPage\":{\"@id\":\"https:\\\/\\\/shop.bantam.ch\\\/fr\\\/produit\\\/sardine-a-visser-avec-contre-ecrou-peg-stop-heavy-duty-4-pieces\\\/#primaryimage\"},\"image\":{\"@id\":\"https:\\\/\\\/shop.bantam.ch\\\/fr\\\/produit\\\/sardine-a-visser-avec-contre-ecrou-peg-stop-heavy-duty-4-pieces\\\/#primaryimage\"},\"thumbnailUrl\":\"https:\\\/\\\/shop.bantam.ch\\\/wp-content\\\/uploads\\\/2023\\\/03\\\/9948596100.jpg\",\"datePublished\":\"2023-03-01T00:21:35+00:00\",\"dateModified\":\"2026-04-18T19:54:10+00:00\",\"breadcrumb\":{\"@id\":\"https:\\\/\\\/shop.bantam.ch\\\/fr\\\/produit\\\/sardine-a-visser-avec-contre-ecrou-peg-stop-heavy-duty-4-pieces\\\/#breadcrumb\"},\"inLanguage\":\"fr-FR\",\"potentialAction\":[{\"@type\":\"ReadAction\",\"target\":[\"https:\\\/\\\/shop.bantam.ch\\\/fr\\\/produit\\\/sardine-a-visser-avec-contre-ecrou-peg-stop-heavy-duty-4-pieces\\\/\"]}]},{\"@type\":\"ImageObject\",\"inLanguage\":\"fr-FR\",\"@id\":\"https:\\\/\\\/shop.bantam.ch\\\/fr\\\/produit\\\/sardine-a-visser-avec-contre-ecrou-peg-stop-heavy-duty-4-pieces\\\/#primaryimage\",\"url\":\"https:\\\/\\\/shop.bantam.ch\\\/wp-content\\\/uploads\\\/2023\\\/03\\\/9948596100.jpg\",\"contentUrl\":\"https:\\\/\\\/shop.bantam.ch\\\/wp-content\\\/uploads\\\/2023\\\/03\\\/9948596100.jpg\",\"width\":1000,\"height\":744},{\"@type\":\"BreadcrumbList\",\"@id\":\"https:\\\/\\\/shop.bantam.ch\\\/fr\\\/produit\\\/sardine-a-visser-avec-contre-ecrou-peg-stop-heavy-duty-4-pieces\\\/#breadcrumb\",\"itemListElement\":[{\"@type\":\"ListItem\",\"position\":1,\"name\":\"Accueil\",\"item\":\"https:\\\/\\\/shop.bantam.ch\\\/fr\\\/\"},{\"@type\":\"ListItem\",\"position\":2,\"name\":\"Boutique\",\"item\":\"https:\\\/\\\/shop.bantam.ch\\\/fr\\\/boutique\\\/\"},{\"@type\":\"ListItem\",\"position\":3,\"name\":\"Sardine \u00e0 visser Peggy Peg Avec contre-\u00e9crou PEG &amp; STOP Heavy Duty contenu 4 pi\u00e8ces\"}]},{\"@type\":\"WebSite\",\"@id\":\"https:\\\/\\\/shop.bantam.ch\\\/fr\\\/#website\",\"url\":\"https:\\\/\\\/shop.bantam.ch\\\/fr\\\/\",\"name\":\"Bantam Wankm\u00fcller SA\",\"description\":\"\",\"publisher\":{\"@id\":\"https:\\\/\\\/shop.bantam.ch\\\/fr\\\/#organization\"},\"inLanguage\":\"fr-FR\"},{\"@type\":\"Organization\",\"@id\":\"https:\\\/\\\/shop.bantam.ch\\\/fr\\\/#organization\",\"name\":\"Bantam Wankm\u00fcller SA\",\"url\":\"https:\\\/\\\/shop.bantam.ch\\\/fr\\\/\",\"logo\":{\"@type\":\"ImageObject\",\"inLanguage\":\"fr-FR\",\"@id\":\"https:\\\/\\\/shop.bantam.ch\\\/fr\\\/#\\\/schema\\\/logo\\\/image\\\/\",\"url\":\"https:\\\/\\\/shop.bantam.ch\\\/wp-content\\\/uploads\\\/2022\\\/12\\\/bantam-logo.png\",\"contentUrl\":\"https:\\\/\\\/shop.bantam.ch\\\/wp-content\\\/uploads\\\/2022\\\/12\\\/bantam-logo.png\",\"width\":320,\"height\":71,\"caption\":\"Bantam Wankm\u00fcller SA\"},\"image\":{\"@id\":\"https:\\\/\\\/shop.bantam.ch\\\/fr\\\/#\\\/schema\\\/logo\\\/image\\\/\"}}]}<\/script>\n<!-- \/ Yoast SEO plugin. -->","yoast_head_json":{"title":"Sardine \u00e0 visser Peggy Peg Avec contre-\u00e9crou PEG &amp; STOP Heavy Duty contenu 4 pi\u00e8ces - Bantam Wankm\u00fcller SA","robots":{"index":"index","follow":"follow","max-snippet":"max-snippet:-1","max-image-preview":"max-image-preview:large","max-video-preview":"max-video-preview:-1"},"canonical":"https:\/\/shop.bantam.ch\/fr\/produit\/sardine-a-visser-avec-contre-ecrou-peg-stop-heavy-duty-4-pieces\/","og_locale":"fr_FR","og_type":"article","og_title":"Sardine \u00e0 visser Peggy Peg Avec contre-\u00e9crou PEG &amp; STOP Heavy Duty contenu 4 pi\u00e8ces - Bantam Wankm\u00fcller SA","og_description":"Peg&amp;Stop Heavy Duty est notre sardine \u00e0 visser la plus solide fabriqu\u00e9e \u00e0 partir d&rsquo;acier inoxydable recycl\u00e9 de qualit\u00e9 marine avec un nouvel contre-\u00e9crou. Cette sardine \u00e0 visser a \u00e9t\u00e9 sp\u00e9cialement con\u00e7ue pour \u00eatre utilis\u00e9e avec une visseuse \u00e0 chocs et doit donc \u00eatre utilis\u00e9e avec celle-ci (une visseuse sans fil n&rsquo;a qu&rsquo;une puissance limit\u00e9e [&hellip;]","og_url":"https:\/\/shop.bantam.ch\/fr\/produit\/sardine-a-visser-avec-contre-ecrou-peg-stop-heavy-duty-4-pieces\/","og_site_name":"Bantam Wankm\u00fcller SA","article_modified_time":"2026-04-18T19:54:10+00:00","og_image":[{"width":1000,"height":744,"url":"https:\/\/shop.bantam.ch\/wp-content\/uploads\/2023\/03\/9948596100.jpg","type":"image\/jpeg"}],"twitter_card":"summary_large_image","twitter_misc":{"Dur\u00e9e de lecture estim\u00e9e":"1 minute"},"schema":{"@context":"https:\/\/schema.org","@graph":[{"@type":"WebPage","@id":"https:\/\/shop.bantam.ch\/fr\/produit\/sardine-a-visser-avec-contre-ecrou-peg-stop-heavy-duty-4-pieces\/","url":"https:\/\/shop.bantam.ch\/fr\/produit\/sardine-a-visser-avec-contre-ecrou-peg-stop-heavy-duty-4-pieces\/","name":"Sardine \u00e0 visser Peggy Peg Avec contre-\u00e9crou PEG &amp; STOP Heavy Duty contenu 4 pi\u00e8ces - Bantam Wankm\u00fcller SA","isPartOf":{"@id":"https:\/\/shop.bantam.ch\/fr\/#website"},"primaryImageOfPage":{"@id":"https:\/\/shop.bantam.ch\/fr\/produit\/sardine-a-visser-avec-contre-ecrou-peg-stop-heavy-duty-4-pieces\/#primaryimage"},"image":{"@id":"https:\/\/shop.bantam.ch\/fr\/produit\/sardine-a-visser-avec-contre-ecrou-peg-stop-heavy-duty-4-pieces\/#primaryimage"},"thumbnailUrl":"https:\/\/shop.bantam.ch\/wp-content\/uploads\/2023\/03\/9948596100.jpg","datePublished":"2023-03-01T00:21:35+00:00","dateModified":"2026-04-18T19:54:10+00:00","breadcrumb":{"@id":"https:\/\/shop.bantam.ch\/fr\/produit\/sardine-a-visser-avec-contre-ecrou-peg-stop-heavy-duty-4-pieces\/#breadcrumb"},"inLanguage":"fr-FR","potentialAction":[{"@type":"ReadAction","target":["https:\/\/shop.bantam.ch\/fr\/produit\/sardine-a-visser-avec-contre-ecrou-peg-stop-heavy-duty-4-pieces\/"]}]},{"@type":"ImageObject","inLanguage":"fr-FR","@id":"https:\/\/shop.bantam.ch\/fr\/produit\/sardine-a-visser-avec-contre-ecrou-peg-stop-heavy-duty-4-pieces\/#primaryimage","url":"https:\/\/shop.bantam.ch\/wp-content\/uploads\/2023\/03\/9948596100.jpg","contentUrl":"https:\/\/shop.bantam.ch\/wp-content\/uploads\/2023\/03\/9948596100.jpg","width":1000,"height":744},{"@type":"BreadcrumbList","@id":"https:\/\/shop.bantam.ch\/fr\/produit\/sardine-a-visser-avec-contre-ecrou-peg-stop-heavy-duty-4-pieces\/#breadcrumb","itemListElement":[{"@type":"ListItem","position":1,"name":"Accueil","item":"https:\/\/shop.bantam.ch\/fr\/"},{"@type":"ListItem","position":2,"name":"Boutique","item":"https:\/\/shop.bantam.ch\/fr\/boutique\/"},{"@type":"ListItem","position":3,"name":"Sardine \u00e0 visser Peggy Peg Avec contre-\u00e9crou PEG &amp; STOP Heavy Duty contenu 4 pi\u00e8ces"}]},{"@type":"WebSite","@id":"https:\/\/shop.bantam.ch\/fr\/#website","url":"https:\/\/shop.bantam.ch\/fr\/","name":"Bantam Wankm\u00fcller SA","description":"","publisher":{"@id":"https:\/\/shop.bantam.ch\/fr\/#organization"},"inLanguage":"fr-FR"},{"@type":"Organization","@id":"https:\/\/shop.bantam.ch\/fr\/#organization","name":"Bantam Wankm\u00fcller SA","url":"https:\/\/shop.bantam.ch\/fr\/","logo":{"@type":"ImageObject","inLanguage":"fr-FR","@id":"https:\/\/shop.bantam.ch\/fr\/#\/schema\/logo\/image\/","url":"https:\/\/shop.bantam.ch\/wp-content\/uploads\/2022\/12\/bantam-logo.png","contentUrl":"https:\/\/shop.bantam.ch\/wp-content\/uploads\/2022\/12\/bantam-logo.png","width":320,"height":71,"caption":"Bantam Wankm\u00fcller SA"},"image":{"@id":"https:\/\/shop.bantam.ch\/fr\/#\/schema\/logo\/image\/"}}]}},"_links":{"self":[{"href":"https:\/\/shop.bantam.ch\/fr\/wp-json\/wp\/v2\/product\/127490","targetHints":{"allow":["GET"]}}],"collection":[{"href":"https:\/\/shop.bantam.ch\/fr\/wp-json\/wp\/v2\/product"}],"about":[{"href":"https:\/\/shop.bantam.ch\/fr\/wp-json\/wp\/v2\/types\/product"}],"wp:featuredmedia":[{"embeddable":true,"href":"https:\/\/shop.bantam.ch\/fr\/wp-json\/wp\/v2\/media\/127484"}],"wp:attachment":[{"href":"https:\/\/shop.bantam.ch\/fr\/wp-json\/wp\/v2\/media?parent=127490"}],"wp:term":[{"taxonomy":"product_featured_cat","embeddable":true,"href":"https:\/\/shop.bantam.ch\/fr\/wp-json\/wp\/v2\/product_featured_cat?post=127490"},{"taxonomy":"product_brand","embeddable":true,"href":"https:\/\/shop.bantam.ch\/fr\/wp-json\/wp\/v2\/product_brand?post=127490"},{"taxonomy":"product_cat","embeddable":true,"href":"https:\/\/shop.bantam.ch\/fr\/wp-json\/wp\/v2\/product_cat?post=127490"},{"taxonomy":"product_tag","embeddable":true,"href":"https:\/\/shop.bantam.ch\/fr\/wp-json\/wp\/v2\/product_tag?post=127490"}],"curies":[{"name":"wp","href":"https:\/\/api.w.org\/{rel}","templated":true}]}}