{"id":127342,"date":"2023-03-01T01:19:27","date_gmt":"2023-03-01T00:19:27","guid":{"rendered":"https:\/\/shop.bantam.ch\/produit\/systeme-smartclamp-systeme-de-galerie-de-toit-courtes\/"},"modified":"2026-04-18T21:53:57","modified_gmt":"2026-04-18T19:53:57","slug":"systeme-smartclamp-systeme-de-galerie-de-toit-courtes","status":"publish","type":"product","link":"https:\/\/shop.bantam.ch\/fr\/produit\/systeme-smartclamp-systeme-de-galerie-de-toit-courtes\/","title":{"rendered":"Syst. galerie de toit THULE Smartclamp System Short"},"content":{"rendered":"<p>Solution flexible pour galerie de toit pour vans et accessoires. Installation sur le toit \u00e0 10 cm du bord vers l&rsquo;int\u00e9rieur.\u00a0Convient aux accessoires de toit et aux barres de galerie de toit pour \u00e9quipements sportifs (doivent \u00eatre achet\u00e9s s\u00e9par\u00e9ment).<\/p>\n<p>&#8211; Convient pour H2 Ducato | Jumper | Boxer | Movano \u00e0 partir du mod\u00e8le 2022<br \/>&#8211; Supporte jusqu&rsquo;\u00e0 100 kg sur votre toit.<br \/>&#8211; Installation facile sans per\u00e7age en fixant les SmartClamps aux 4 points de fixation du van et la connexion du store \u00e0 l&rsquo;adaptateur de store<br \/>IMPORTANT : le toit du van doit \u00eatre d\u00e9gag\u00e9 de tout obstacle \u00e0 10 cm vers l&rsquo;int\u00e9rieur des points de fixation.<br \/>&#8211; Compatible avec le pack Thule Omnistor 6300 (\u00e0 acheter s\u00e9par\u00e9ment)<br \/>&#8211; Compatible avec un store Thule mont\u00e9 avec l&rsquo;adaptateur pour store Thule Ducato &gt; 2017 (301649\/301650)<\/p>\n<p>Contenu de la livraison :<br \/>2 rails de base de 1,64 m<br \/>4 SmartClamps<br \/>2 plaques de raccordement au store<br \/>Mat\u00e9riel de fixation<\/p>\n","protected":false},"excerpt":{"rendered":"<p>Solution flexible pour galerie de toit pour vans et accessoires. Installation sur le toit \u00e0 10 cm du bord vers l&rsquo;int\u00e9rieur.\u00a0Convient aux accessoires de toit et aux barres de galerie de toit pour \u00e9quipements sportifs (doivent \u00eatre achet\u00e9s s\u00e9par\u00e9ment). &#8211; Convient pour H2 Ducato | Jumper | Boxer | Movano \u00e0 partir du mod\u00e8le 2022&#8211; [&hellip;]<\/p>\n","protected":false},"featured_media":127338,"template":"","meta":{"_acf_changed":false},"product_featured_cat":[],"product_brand":[3046],"product_cat":[4797],"product_tag":[],"class_list":{"0":"post-127342","1":"product","2":"type-product","3":"status-publish","4":"has-post-thumbnail","6":"product_brand-thule","7":"product_cat-rampes-de-toit-et-supports","9":"first","10":"instock","11":"taxable","12":"shipping-taxable","13":"purchasable","14":"product-type-simple"},"acf":[],"yoast_head":"<!-- This site is optimized with the Yoast SEO plugin v27.4 - https:\/\/yoast.com\/product\/yoast-seo-wordpress\/ -->\n<title>Syst. galerie de toit THULE Smartclamp System Short - Bantam Wankm\u00fcller SA<\/title>\n<meta name=\"robots\" content=\"index, follow, max-snippet:-1, max-image-preview:large, max-video-preview:-1\" \/>\n<link rel=\"canonical\" href=\"https:\/\/shop.bantam.ch\/fr\/produit\/systeme-smartclamp-systeme-de-galerie-de-toit-courtes\/\" \/>\n<meta property=\"og:locale\" content=\"fr_FR\" \/>\n<meta property=\"og:type\" content=\"article\" \/>\n<meta property=\"og:title\" content=\"Syst. galerie de toit THULE Smartclamp System Short - Bantam Wankm\u00fcller SA\" \/>\n<meta property=\"og:description\" content=\"Solution flexible pour galerie de toit pour vans et accessoires. Installation sur le toit \u00e0 10 cm du bord vers l&rsquo;int\u00e9rieur.\u00a0Convient aux accessoires de toit et aux barres de galerie de toit pour \u00e9quipements sportifs (doivent \u00eatre achet\u00e9s s\u00e9par\u00e9ment). &#8211; Convient pour H2 Ducato | Jumper | Boxer | Movano \u00e0 partir du mod\u00e8le 2022&#8211; [&hellip;]\" \/>\n<meta property=\"og:url\" content=\"https:\/\/shop.bantam.ch\/fr\/produit\/systeme-smartclamp-systeme-de-galerie-de-toit-courtes\/\" \/>\n<meta property=\"og:site_name\" content=\"Bantam Wankm\u00fcller SA\" \/>\n<meta property=\"article:modified_time\" content=\"2026-04-18T19:53:57+00:00\" \/>\n<meta property=\"og:image\" content=\"https:\/\/shop.bantam.ch\/wp-content\/uploads\/2023\/03\/9948574100.jpg\" \/>\n\t<meta property=\"og:image:width\" content=\"6720\" \/>\n\t<meta property=\"og:image:height\" content=\"4480\" \/>\n\t<meta property=\"og:image:type\" content=\"image\/jpeg\" \/>\n<meta name=\"twitter:card\" content=\"summary_large_image\" \/>\n<meta name=\"twitter:label1\" content=\"Dur\u00e9e de lecture estim\u00e9e\" \/>\n\t<meta name=\"twitter:data1\" content=\"1 minute\" \/>\n<script type=\"application\/ld+json\" class=\"yoast-schema-graph\">{\"@context\":\"https:\\\/\\\/schema.org\",\"@graph\":[{\"@type\":\"WebPage\",\"@id\":\"https:\\\/\\\/shop.bantam.ch\\\/fr\\\/produit\\\/systeme-smartclamp-systeme-de-galerie-de-toit-courtes\\\/\",\"url\":\"https:\\\/\\\/shop.bantam.ch\\\/fr\\\/produit\\\/systeme-smartclamp-systeme-de-galerie-de-toit-courtes\\\/\",\"name\":\"Syst. galerie de toit THULE Smartclamp System Short - Bantam Wankm\u00fcller SA\",\"isPartOf\":{\"@id\":\"https:\\\/\\\/shop.bantam.ch\\\/fr\\\/#website\"},\"primaryImageOfPage\":{\"@id\":\"https:\\\/\\\/shop.bantam.ch\\\/fr\\\/produit\\\/systeme-smartclamp-systeme-de-galerie-de-toit-courtes\\\/#primaryimage\"},\"image\":{\"@id\":\"https:\\\/\\\/shop.bantam.ch\\\/fr\\\/produit\\\/systeme-smartclamp-systeme-de-galerie-de-toit-courtes\\\/#primaryimage\"},\"thumbnailUrl\":\"https:\\\/\\\/shop.bantam.ch\\\/wp-content\\\/uploads\\\/2023\\\/03\\\/9948574100.jpg\",\"datePublished\":\"2023-03-01T00:19:27+00:00\",\"dateModified\":\"2026-04-18T19:53:57+00:00\",\"breadcrumb\":{\"@id\":\"https:\\\/\\\/shop.bantam.ch\\\/fr\\\/produit\\\/systeme-smartclamp-systeme-de-galerie-de-toit-courtes\\\/#breadcrumb\"},\"inLanguage\":\"fr-FR\",\"potentialAction\":[{\"@type\":\"ReadAction\",\"target\":[\"https:\\\/\\\/shop.bantam.ch\\\/fr\\\/produit\\\/systeme-smartclamp-systeme-de-galerie-de-toit-courtes\\\/\"]}]},{\"@type\":\"ImageObject\",\"inLanguage\":\"fr-FR\",\"@id\":\"https:\\\/\\\/shop.bantam.ch\\\/fr\\\/produit\\\/systeme-smartclamp-systeme-de-galerie-de-toit-courtes\\\/#primaryimage\",\"url\":\"https:\\\/\\\/shop.bantam.ch\\\/wp-content\\\/uploads\\\/2023\\\/03\\\/9948574100.jpg\",\"contentUrl\":\"https:\\\/\\\/shop.bantam.ch\\\/wp-content\\\/uploads\\\/2023\\\/03\\\/9948574100.jpg\",\"width\":2048,\"height\":1365},{\"@type\":\"BreadcrumbList\",\"@id\":\"https:\\\/\\\/shop.bantam.ch\\\/fr\\\/produit\\\/systeme-smartclamp-systeme-de-galerie-de-toit-courtes\\\/#breadcrumb\",\"itemListElement\":[{\"@type\":\"ListItem\",\"position\":1,\"name\":\"Accueil\",\"item\":\"https:\\\/\\\/shop.bantam.ch\\\/fr\\\/\"},{\"@type\":\"ListItem\",\"position\":2,\"name\":\"Boutique\",\"item\":\"https:\\\/\\\/shop.bantam.ch\\\/fr\\\/boutique\\\/\"},{\"@type\":\"ListItem\",\"position\":3,\"name\":\"Syst. galerie de toit THULE Smartclamp System Short\"}]},{\"@type\":\"WebSite\",\"@id\":\"https:\\\/\\\/shop.bantam.ch\\\/fr\\\/#website\",\"url\":\"https:\\\/\\\/shop.bantam.ch\\\/fr\\\/\",\"name\":\"Bantam Wankm\u00fcller SA\",\"description\":\"\",\"publisher\":{\"@id\":\"https:\\\/\\\/shop.bantam.ch\\\/fr\\\/#organization\"},\"inLanguage\":\"fr-FR\"},{\"@type\":\"Organization\",\"@id\":\"https:\\\/\\\/shop.bantam.ch\\\/fr\\\/#organization\",\"name\":\"Bantam Wankm\u00fcller SA\",\"url\":\"https:\\\/\\\/shop.bantam.ch\\\/fr\\\/\",\"logo\":{\"@type\":\"ImageObject\",\"inLanguage\":\"fr-FR\",\"@id\":\"https:\\\/\\\/shop.bantam.ch\\\/fr\\\/#\\\/schema\\\/logo\\\/image\\\/\",\"url\":\"https:\\\/\\\/shop.bantam.ch\\\/wp-content\\\/uploads\\\/2022\\\/12\\\/bantam-logo.png\",\"contentUrl\":\"https:\\\/\\\/shop.bantam.ch\\\/wp-content\\\/uploads\\\/2022\\\/12\\\/bantam-logo.png\",\"width\":320,\"height\":71,\"caption\":\"Bantam Wankm\u00fcller SA\"},\"image\":{\"@id\":\"https:\\\/\\\/shop.bantam.ch\\\/fr\\\/#\\\/schema\\\/logo\\\/image\\\/\"}}]}<\/script>\n<!-- \/ Yoast SEO plugin. -->","yoast_head_json":{"title":"Syst. galerie de toit THULE Smartclamp System Short - Bantam Wankm\u00fcller SA","robots":{"index":"index","follow":"follow","max-snippet":"max-snippet:-1","max-image-preview":"max-image-preview:large","max-video-preview":"max-video-preview:-1"},"canonical":"https:\/\/shop.bantam.ch\/fr\/produit\/systeme-smartclamp-systeme-de-galerie-de-toit-courtes\/","og_locale":"fr_FR","og_type":"article","og_title":"Syst. galerie de toit THULE Smartclamp System Short - Bantam Wankm\u00fcller SA","og_description":"Solution flexible pour galerie de toit pour vans et accessoires. Installation sur le toit \u00e0 10 cm du bord vers l&rsquo;int\u00e9rieur.\u00a0Convient aux accessoires de toit et aux barres de galerie de toit pour \u00e9quipements sportifs (doivent \u00eatre achet\u00e9s s\u00e9par\u00e9ment). &#8211; Convient pour H2 Ducato | Jumper | Boxer | Movano \u00e0 partir du mod\u00e8le 2022&#8211; [&hellip;]","og_url":"https:\/\/shop.bantam.ch\/fr\/produit\/systeme-smartclamp-systeme-de-galerie-de-toit-courtes\/","og_site_name":"Bantam Wankm\u00fcller SA","article_modified_time":"2026-04-18T19:53:57+00:00","og_image":[{"width":6720,"height":4480,"url":"https:\/\/shop.bantam.ch\/wp-content\/uploads\/2023\/03\/9948574100.jpg","type":"image\/jpeg"}],"twitter_card":"summary_large_image","twitter_misc":{"Dur\u00e9e de lecture estim\u00e9e":"1 minute"},"schema":{"@context":"https:\/\/schema.org","@graph":[{"@type":"WebPage","@id":"https:\/\/shop.bantam.ch\/fr\/produit\/systeme-smartclamp-systeme-de-galerie-de-toit-courtes\/","url":"https:\/\/shop.bantam.ch\/fr\/produit\/systeme-smartclamp-systeme-de-galerie-de-toit-courtes\/","name":"Syst. galerie de toit THULE Smartclamp System Short - Bantam Wankm\u00fcller SA","isPartOf":{"@id":"https:\/\/shop.bantam.ch\/fr\/#website"},"primaryImageOfPage":{"@id":"https:\/\/shop.bantam.ch\/fr\/produit\/systeme-smartclamp-systeme-de-galerie-de-toit-courtes\/#primaryimage"},"image":{"@id":"https:\/\/shop.bantam.ch\/fr\/produit\/systeme-smartclamp-systeme-de-galerie-de-toit-courtes\/#primaryimage"},"thumbnailUrl":"https:\/\/shop.bantam.ch\/wp-content\/uploads\/2023\/03\/9948574100.jpg","datePublished":"2023-03-01T00:19:27+00:00","dateModified":"2026-04-18T19:53:57+00:00","breadcrumb":{"@id":"https:\/\/shop.bantam.ch\/fr\/produit\/systeme-smartclamp-systeme-de-galerie-de-toit-courtes\/#breadcrumb"},"inLanguage":"fr-FR","potentialAction":[{"@type":"ReadAction","target":["https:\/\/shop.bantam.ch\/fr\/produit\/systeme-smartclamp-systeme-de-galerie-de-toit-courtes\/"]}]},{"@type":"ImageObject","inLanguage":"fr-FR","@id":"https:\/\/shop.bantam.ch\/fr\/produit\/systeme-smartclamp-systeme-de-galerie-de-toit-courtes\/#primaryimage","url":"https:\/\/shop.bantam.ch\/wp-content\/uploads\/2023\/03\/9948574100.jpg","contentUrl":"https:\/\/shop.bantam.ch\/wp-content\/uploads\/2023\/03\/9948574100.jpg","width":2048,"height":1365},{"@type":"BreadcrumbList","@id":"https:\/\/shop.bantam.ch\/fr\/produit\/systeme-smartclamp-systeme-de-galerie-de-toit-courtes\/#breadcrumb","itemListElement":[{"@type":"ListItem","position":1,"name":"Accueil","item":"https:\/\/shop.bantam.ch\/fr\/"},{"@type":"ListItem","position":2,"name":"Boutique","item":"https:\/\/shop.bantam.ch\/fr\/boutique\/"},{"@type":"ListItem","position":3,"name":"Syst. galerie de toit THULE Smartclamp System Short"}]},{"@type":"WebSite","@id":"https:\/\/shop.bantam.ch\/fr\/#website","url":"https:\/\/shop.bantam.ch\/fr\/","name":"Bantam Wankm\u00fcller SA","description":"","publisher":{"@id":"https:\/\/shop.bantam.ch\/fr\/#organization"},"inLanguage":"fr-FR"},{"@type":"Organization","@id":"https:\/\/shop.bantam.ch\/fr\/#organization","name":"Bantam Wankm\u00fcller SA","url":"https:\/\/shop.bantam.ch\/fr\/","logo":{"@type":"ImageObject","inLanguage":"fr-FR","@id":"https:\/\/shop.bantam.ch\/fr\/#\/schema\/logo\/image\/","url":"https:\/\/shop.bantam.ch\/wp-content\/uploads\/2022\/12\/bantam-logo.png","contentUrl":"https:\/\/shop.bantam.ch\/wp-content\/uploads\/2022\/12\/bantam-logo.png","width":320,"height":71,"caption":"Bantam Wankm\u00fcller SA"},"image":{"@id":"https:\/\/shop.bantam.ch\/fr\/#\/schema\/logo\/image\/"}}]}},"_links":{"self":[{"href":"https:\/\/shop.bantam.ch\/fr\/wp-json\/wp\/v2\/product\/127342","targetHints":{"allow":["GET"]}}],"collection":[{"href":"https:\/\/shop.bantam.ch\/fr\/wp-json\/wp\/v2\/product"}],"about":[{"href":"https:\/\/shop.bantam.ch\/fr\/wp-json\/wp\/v2\/types\/product"}],"wp:featuredmedia":[{"embeddable":true,"href":"https:\/\/shop.bantam.ch\/fr\/wp-json\/wp\/v2\/media\/127338"}],"wp:attachment":[{"href":"https:\/\/shop.bantam.ch\/fr\/wp-json\/wp\/v2\/media?parent=127342"}],"wp:term":[{"taxonomy":"product_featured_cat","embeddable":true,"href":"https:\/\/shop.bantam.ch\/fr\/wp-json\/wp\/v2\/product_featured_cat?post=127342"},{"taxonomy":"product_brand","embeddable":true,"href":"https:\/\/shop.bantam.ch\/fr\/wp-json\/wp\/v2\/product_brand?post=127342"},{"taxonomy":"product_cat","embeddable":true,"href":"https:\/\/shop.bantam.ch\/fr\/wp-json\/wp\/v2\/product_cat?post=127342"},{"taxonomy":"product_tag","embeddable":true,"href":"https:\/\/shop.bantam.ch\/fr\/wp-json\/wp\/v2\/product_tag?post=127342"}],"curies":[{"name":"wp","href":"https:\/\/api.w.org\/{rel}","templated":true}]}}