{"id":127334,"date":"2023-03-01T01:19:17","date_gmt":"2023-03-01T00:19:17","guid":{"rendered":"https:\/\/shop.bantam.ch\/produit\/kit-essential-trail\/"},"modified":"2026-04-17T21:52:53","modified_gmt":"2026-04-17T19:52:53","slug":"kit-essential-trail","status":"publish","type":"product","link":"https:\/\/shop.bantam.ch\/fr\/produit\/kit-essential-trail\/","title":{"rendered":"Kit Essential Trail PRIMUS Acier inoxydable"},"content":{"rendered":"<p>L&rsquo;Essential Trail Kit est la cuisine de trekking parfaite, que vous soyez novice en camping ou un cuisinier exp\u00e9riment\u00e9 de plein air. Con\u00e7u en Su\u00e8de et fabriqu\u00e9 \u00e0 la main en Europe, ce kit offre de l&rsquo;espace pour tout ce dont vous avez besoin pour cuisiner votre prochain repas en route. Pour un rangement facile, fixez le r\u00e9chaud Essential Trail avec la cartouche de gaz de 230 g et rangez-le dans le pot de 0,5 L : voici une cuisine de camping l\u00e9g\u00e8re et tr\u00e8s compacte qui se monte en moins d&rsquo;une minute. Le br\u00fbleur permet de faire bouillir un litre d&rsquo;eau en trois minutes et demie avec sa flamme de 2 500 W et le centre de gravit\u00e9 bas gr\u00e2ce \u00e0 la technologie du br\u00fbleur \u00e0 flux laminaire assure une surface de cuisson stable. Faites simplement bouillir l&rsquo;eau de vos p\u00e2tes ou de vos repas lyophilis\u00e9s dans la casserole. Faites frire vos \u0153ufs dans la po\u00eale ou dans le couvercle, qui est dot\u00e9 d&rsquo;un rev\u00eatement en c\u00e9ramique antiadh\u00e9sif. Les poign\u00e9es amovibles peuvent \u00eatre fix\u00e9es de diff\u00e9rentes mani\u00e8res pour faciliter la cuisson ou pour maintenir le tout ensemble lorsque le kit est rang\u00e9. Livr\u00e9 avec un sac en filet.<\/p>\n","protected":false},"excerpt":{"rendered":"<p>L&rsquo;Essential Trail Kit est la cuisine de trekking parfaite, que vous soyez novice en camping ou un cuisinier exp\u00e9riment\u00e9 de plein air. Con\u00e7u en Su\u00e8de et fabriqu\u00e9 \u00e0 la main en Europe, ce kit offre de l&rsquo;espace pour tout ce dont vous avez besoin pour cuisiner votre prochain repas en route. Pour un rangement facile, [&hellip;]<\/p>\n","protected":false},"featured_media":127324,"template":"","meta":{"_acf_changed":false},"product_featured_cat":[],"product_brand":[3414],"product_cat":[4305],"product_tag":[],"class_list":{"0":"post-127334","1":"product","2":"type-product","3":"status-publish","4":"has-post-thumbnail","6":"product_brand-primus","7":"product_cat-rechauds","9":"first","10":"instock","11":"taxable","12":"shipping-taxable","13":"purchasable","14":"product-type-simple"},"acf":[],"yoast_head":"<!-- This site is optimized with the Yoast SEO plugin v27.4 - https:\/\/yoast.com\/product\/yoast-seo-wordpress\/ -->\n<title>Kit Essential Trail PRIMUS Acier inoxydable - Bantam Wankm\u00fcller SA<\/title>\n<meta name=\"robots\" content=\"index, follow, max-snippet:-1, max-image-preview:large, max-video-preview:-1\" \/>\n<link rel=\"canonical\" href=\"https:\/\/shop.bantam.ch\/fr\/produit\/kit-essential-trail\/\" \/>\n<meta property=\"og:locale\" content=\"fr_FR\" \/>\n<meta property=\"og:type\" content=\"article\" \/>\n<meta property=\"og:title\" content=\"Kit Essential Trail PRIMUS Acier inoxydable - Bantam Wankm\u00fcller SA\" \/>\n<meta property=\"og:description\" content=\"L&rsquo;Essential Trail Kit est la cuisine de trekking parfaite, que vous soyez novice en camping ou un cuisinier exp\u00e9riment\u00e9 de plein air. Con\u00e7u en Su\u00e8de et fabriqu\u00e9 \u00e0 la main en Europe, ce kit offre de l&rsquo;espace pour tout ce dont vous avez besoin pour cuisiner votre prochain repas en route. Pour un rangement facile, [&hellip;]\" \/>\n<meta property=\"og:url\" content=\"https:\/\/shop.bantam.ch\/fr\/produit\/kit-essential-trail\/\" \/>\n<meta property=\"og:site_name\" content=\"Bantam Wankm\u00fcller SA\" \/>\n<meta property=\"article:modified_time\" content=\"2026-04-17T19:52:53+00:00\" \/>\n<meta property=\"og:image\" content=\"https:\/\/shop.bantam.ch\/wp-content\/uploads\/2023\/03\/995779011.jpg\" \/>\n\t<meta property=\"og:image:width\" content=\"1500\" \/>\n\t<meta property=\"og:image:height\" content=\"866\" \/>\n\t<meta property=\"og:image:type\" content=\"image\/jpeg\" \/>\n<meta name=\"twitter:card\" content=\"summary_large_image\" \/>\n<meta name=\"twitter:label1\" content=\"Dur\u00e9e de lecture estim\u00e9e\" \/>\n\t<meta name=\"twitter:data1\" content=\"1 minute\" \/>\n<script type=\"application\/ld+json\" class=\"yoast-schema-graph\">{\"@context\":\"https:\\\/\\\/schema.org\",\"@graph\":[{\"@type\":\"WebPage\",\"@id\":\"https:\\\/\\\/shop.bantam.ch\\\/fr\\\/produit\\\/kit-essential-trail\\\/\",\"url\":\"https:\\\/\\\/shop.bantam.ch\\\/fr\\\/produit\\\/kit-essential-trail\\\/\",\"name\":\"Kit Essential Trail PRIMUS Acier inoxydable - Bantam Wankm\u00fcller SA\",\"isPartOf\":{\"@id\":\"https:\\\/\\\/shop.bantam.ch\\\/fr\\\/#website\"},\"primaryImageOfPage\":{\"@id\":\"https:\\\/\\\/shop.bantam.ch\\\/fr\\\/produit\\\/kit-essential-trail\\\/#primaryimage\"},\"image\":{\"@id\":\"https:\\\/\\\/shop.bantam.ch\\\/fr\\\/produit\\\/kit-essential-trail\\\/#primaryimage\"},\"thumbnailUrl\":\"https:\\\/\\\/shop.bantam.ch\\\/wp-content\\\/uploads\\\/2023\\\/03\\\/995779011.jpg\",\"datePublished\":\"2023-03-01T00:19:17+00:00\",\"dateModified\":\"2026-04-17T19:52:53+00:00\",\"breadcrumb\":{\"@id\":\"https:\\\/\\\/shop.bantam.ch\\\/fr\\\/produit\\\/kit-essential-trail\\\/#breadcrumb\"},\"inLanguage\":\"fr-FR\",\"potentialAction\":[{\"@type\":\"ReadAction\",\"target\":[\"https:\\\/\\\/shop.bantam.ch\\\/fr\\\/produit\\\/kit-essential-trail\\\/\"]}]},{\"@type\":\"ImageObject\",\"inLanguage\":\"fr-FR\",\"@id\":\"https:\\\/\\\/shop.bantam.ch\\\/fr\\\/produit\\\/kit-essential-trail\\\/#primaryimage\",\"url\":\"https:\\\/\\\/shop.bantam.ch\\\/wp-content\\\/uploads\\\/2023\\\/03\\\/995779011.jpg\",\"contentUrl\":\"https:\\\/\\\/shop.bantam.ch\\\/wp-content\\\/uploads\\\/2023\\\/03\\\/995779011.jpg\",\"width\":1500,\"height\":866},{\"@type\":\"BreadcrumbList\",\"@id\":\"https:\\\/\\\/shop.bantam.ch\\\/fr\\\/produit\\\/kit-essential-trail\\\/#breadcrumb\",\"itemListElement\":[{\"@type\":\"ListItem\",\"position\":1,\"name\":\"Accueil\",\"item\":\"https:\\\/\\\/shop.bantam.ch\\\/fr\\\/\"},{\"@type\":\"ListItem\",\"position\":2,\"name\":\"Boutique\",\"item\":\"https:\\\/\\\/shop.bantam.ch\\\/fr\\\/boutique\\\/\"},{\"@type\":\"ListItem\",\"position\":3,\"name\":\"Kit Essential Trail PRIMUS Acier inoxydable\"}]},{\"@type\":\"WebSite\",\"@id\":\"https:\\\/\\\/shop.bantam.ch\\\/fr\\\/#website\",\"url\":\"https:\\\/\\\/shop.bantam.ch\\\/fr\\\/\",\"name\":\"Bantam Wankm\u00fcller SA\",\"description\":\"\",\"publisher\":{\"@id\":\"https:\\\/\\\/shop.bantam.ch\\\/fr\\\/#organization\"},\"inLanguage\":\"fr-FR\"},{\"@type\":\"Organization\",\"@id\":\"https:\\\/\\\/shop.bantam.ch\\\/fr\\\/#organization\",\"name\":\"Bantam Wankm\u00fcller SA\",\"url\":\"https:\\\/\\\/shop.bantam.ch\\\/fr\\\/\",\"logo\":{\"@type\":\"ImageObject\",\"inLanguage\":\"fr-FR\",\"@id\":\"https:\\\/\\\/shop.bantam.ch\\\/fr\\\/#\\\/schema\\\/logo\\\/image\\\/\",\"url\":\"https:\\\/\\\/shop.bantam.ch\\\/wp-content\\\/uploads\\\/2022\\\/12\\\/bantam-logo.png\",\"contentUrl\":\"https:\\\/\\\/shop.bantam.ch\\\/wp-content\\\/uploads\\\/2022\\\/12\\\/bantam-logo.png\",\"width\":320,\"height\":71,\"caption\":\"Bantam Wankm\u00fcller SA\"},\"image\":{\"@id\":\"https:\\\/\\\/shop.bantam.ch\\\/fr\\\/#\\\/schema\\\/logo\\\/image\\\/\"}}]}<\/script>\n<!-- \/ Yoast SEO plugin. -->","yoast_head_json":{"title":"Kit Essential Trail PRIMUS Acier inoxydable - Bantam Wankm\u00fcller SA","robots":{"index":"index","follow":"follow","max-snippet":"max-snippet:-1","max-image-preview":"max-image-preview:large","max-video-preview":"max-video-preview:-1"},"canonical":"https:\/\/shop.bantam.ch\/fr\/produit\/kit-essential-trail\/","og_locale":"fr_FR","og_type":"article","og_title":"Kit Essential Trail PRIMUS Acier inoxydable - Bantam Wankm\u00fcller SA","og_description":"L&rsquo;Essential Trail Kit est la cuisine de trekking parfaite, que vous soyez novice en camping ou un cuisinier exp\u00e9riment\u00e9 de plein air. Con\u00e7u en Su\u00e8de et fabriqu\u00e9 \u00e0 la main en Europe, ce kit offre de l&rsquo;espace pour tout ce dont vous avez besoin pour cuisiner votre prochain repas en route. Pour un rangement facile, [&hellip;]","og_url":"https:\/\/shop.bantam.ch\/fr\/produit\/kit-essential-trail\/","og_site_name":"Bantam Wankm\u00fcller SA","article_modified_time":"2026-04-17T19:52:53+00:00","og_image":[{"width":1500,"height":866,"url":"https:\/\/shop.bantam.ch\/wp-content\/uploads\/2023\/03\/995779011.jpg","type":"image\/jpeg"}],"twitter_card":"summary_large_image","twitter_misc":{"Dur\u00e9e de lecture estim\u00e9e":"1 minute"},"schema":{"@context":"https:\/\/schema.org","@graph":[{"@type":"WebPage","@id":"https:\/\/shop.bantam.ch\/fr\/produit\/kit-essential-trail\/","url":"https:\/\/shop.bantam.ch\/fr\/produit\/kit-essential-trail\/","name":"Kit Essential Trail PRIMUS Acier inoxydable - Bantam Wankm\u00fcller SA","isPartOf":{"@id":"https:\/\/shop.bantam.ch\/fr\/#website"},"primaryImageOfPage":{"@id":"https:\/\/shop.bantam.ch\/fr\/produit\/kit-essential-trail\/#primaryimage"},"image":{"@id":"https:\/\/shop.bantam.ch\/fr\/produit\/kit-essential-trail\/#primaryimage"},"thumbnailUrl":"https:\/\/shop.bantam.ch\/wp-content\/uploads\/2023\/03\/995779011.jpg","datePublished":"2023-03-01T00:19:17+00:00","dateModified":"2026-04-17T19:52:53+00:00","breadcrumb":{"@id":"https:\/\/shop.bantam.ch\/fr\/produit\/kit-essential-trail\/#breadcrumb"},"inLanguage":"fr-FR","potentialAction":[{"@type":"ReadAction","target":["https:\/\/shop.bantam.ch\/fr\/produit\/kit-essential-trail\/"]}]},{"@type":"ImageObject","inLanguage":"fr-FR","@id":"https:\/\/shop.bantam.ch\/fr\/produit\/kit-essential-trail\/#primaryimage","url":"https:\/\/shop.bantam.ch\/wp-content\/uploads\/2023\/03\/995779011.jpg","contentUrl":"https:\/\/shop.bantam.ch\/wp-content\/uploads\/2023\/03\/995779011.jpg","width":1500,"height":866},{"@type":"BreadcrumbList","@id":"https:\/\/shop.bantam.ch\/fr\/produit\/kit-essential-trail\/#breadcrumb","itemListElement":[{"@type":"ListItem","position":1,"name":"Accueil","item":"https:\/\/shop.bantam.ch\/fr\/"},{"@type":"ListItem","position":2,"name":"Boutique","item":"https:\/\/shop.bantam.ch\/fr\/boutique\/"},{"@type":"ListItem","position":3,"name":"Kit Essential Trail PRIMUS Acier inoxydable"}]},{"@type":"WebSite","@id":"https:\/\/shop.bantam.ch\/fr\/#website","url":"https:\/\/shop.bantam.ch\/fr\/","name":"Bantam Wankm\u00fcller SA","description":"","publisher":{"@id":"https:\/\/shop.bantam.ch\/fr\/#organization"},"inLanguage":"fr-FR"},{"@type":"Organization","@id":"https:\/\/shop.bantam.ch\/fr\/#organization","name":"Bantam Wankm\u00fcller SA","url":"https:\/\/shop.bantam.ch\/fr\/","logo":{"@type":"ImageObject","inLanguage":"fr-FR","@id":"https:\/\/shop.bantam.ch\/fr\/#\/schema\/logo\/image\/","url":"https:\/\/shop.bantam.ch\/wp-content\/uploads\/2022\/12\/bantam-logo.png","contentUrl":"https:\/\/shop.bantam.ch\/wp-content\/uploads\/2022\/12\/bantam-logo.png","width":320,"height":71,"caption":"Bantam Wankm\u00fcller SA"},"image":{"@id":"https:\/\/shop.bantam.ch\/fr\/#\/schema\/logo\/image\/"}}]}},"_links":{"self":[{"href":"https:\/\/shop.bantam.ch\/fr\/wp-json\/wp\/v2\/product\/127334","targetHints":{"allow":["GET"]}}],"collection":[{"href":"https:\/\/shop.bantam.ch\/fr\/wp-json\/wp\/v2\/product"}],"about":[{"href":"https:\/\/shop.bantam.ch\/fr\/wp-json\/wp\/v2\/types\/product"}],"wp:featuredmedia":[{"embeddable":true,"href":"https:\/\/shop.bantam.ch\/fr\/wp-json\/wp\/v2\/media\/127324"}],"wp:attachment":[{"href":"https:\/\/shop.bantam.ch\/fr\/wp-json\/wp\/v2\/media?parent=127334"}],"wp:term":[{"taxonomy":"product_featured_cat","embeddable":true,"href":"https:\/\/shop.bantam.ch\/fr\/wp-json\/wp\/v2\/product_featured_cat?post=127334"},{"taxonomy":"product_brand","embeddable":true,"href":"https:\/\/shop.bantam.ch\/fr\/wp-json\/wp\/v2\/product_brand?post=127334"},{"taxonomy":"product_cat","embeddable":true,"href":"https:\/\/shop.bantam.ch\/fr\/wp-json\/wp\/v2\/product_cat?post=127334"},{"taxonomy":"product_tag","embeddable":true,"href":"https:\/\/shop.bantam.ch\/fr\/wp-json\/wp\/v2\/product_tag?post=127334"}],"curies":[{"name":"wp","href":"https:\/\/api.w.org\/{rel}","templated":true}]}}