{"id":127268,"date":"2023-03-01T01:18:41","date_gmt":"2023-03-01T00:18:41","guid":{"rendered":"https:\/\/shop.bantam.ch\/produit\/chaise-regisseur-aravel-director-3d\/"},"modified":"2026-04-18T21:53:49","modified_gmt":"2026-04-18T19:53:49","slug":"chaise-regisseur-aravel-director-3d","status":"publish","type":"product","link":"https:\/\/shop.bantam.ch\/fr\/produit\/chaise-regisseur-aravel-director-3d\/","title":{"rendered":"Chaise r\u00e9gisseur BRUNNER Aravel Director 3D couleur noire"},"content":{"rendered":"<p>Chaise r\u00e9gisseur avec un ch\u00e2ssis classique compos\u00e9 d&rsquo;un cadre en profil\u00e9 d&rsquo;aluminium thermolaqu\u00e9. Peu encombrante gr\u00e2ce au dossier rabattable. Assise en tissu 3Durafeel rembourr\u00e9 et respirant. Accoudoirs rembourr\u00e9s et recouverts. Tr\u00e8s compact et facile \u00e0 ranger une fois ferm\u00e9.<\/p>\n<ul>\n<li>Cadre profil\u00e9 en aluminium peu encombrant 22 x 22 mm<\/li>\n<li>Construction tr\u00e8s robuste<\/li>\n<li>Rembourrage en tissu polyester 3Durafeel<\/li>\n<li>Dossier rabattable pour minimiser la taille du rangement<\/li>\n<li>Accoudoirs rembourr\u00e9s<\/li>\n<li>Tr\u00e8s grand confort d&rsquo;assise<\/li>\n<li>Faibles dimensions de rangement<\/li>\n<\/ul>\n<p>Mat\u00e9riau\u00a0:<\/p>\n<p>Rev\u00eatement 100 % polyester<\/p>\n<p>Armature en aluminium peint par poudrage<\/p>\n","protected":false},"excerpt":{"rendered":"<p>Chaise r\u00e9gisseur avec un ch\u00e2ssis classique compos\u00e9 d&rsquo;un cadre en profil\u00e9 d&rsquo;aluminium thermolaqu\u00e9. Peu encombrante gr\u00e2ce au dossier rabattable. Assise en tissu 3Durafeel rembourr\u00e9 et respirant. Accoudoirs rembourr\u00e9s et recouverts. Tr\u00e8s compact et facile \u00e0 ranger une fois ferm\u00e9. Cadre profil\u00e9 en aluminium peu encombrant 22 x 22 mm Construction tr\u00e8s robuste Rembourrage en tissu [&hellip;]<\/p>\n","protected":false},"featured_media":127266,"template":"","meta":{"_acf_changed":false},"product_featured_cat":[],"product_brand":[3080],"product_cat":[4971],"product_tag":[],"class_list":{"0":"post-127268","1":"product","2":"type-product","3":"status-publish","4":"has-post-thumbnail","6":"product_brand-brunner","7":"product_cat-chaises-de-camping","9":"first","10":"instock","11":"taxable","12":"shipping-taxable","13":"purchasable","14":"product-type-simple"},"acf":[],"yoast_head":"<!-- This site is optimized with the Yoast SEO plugin v27.4 - https:\/\/yoast.com\/product\/yoast-seo-wordpress\/ -->\n<title>Chaise r\u00e9gisseur BRUNNER Aravel Director 3D couleur noire - Bantam Wankm\u00fcller SA<\/title>\n<meta name=\"robots\" content=\"index, follow, max-snippet:-1, max-image-preview:large, max-video-preview:-1\" \/>\n<link rel=\"canonical\" href=\"https:\/\/shop.bantam.ch\/fr\/produit\/chaise-regisseur-aravel-director-3d\/\" \/>\n<meta property=\"og:locale\" content=\"fr_FR\" \/>\n<meta property=\"og:type\" content=\"article\" \/>\n<meta property=\"og:title\" content=\"Chaise r\u00e9gisseur BRUNNER Aravel Director 3D couleur noire - Bantam Wankm\u00fcller SA\" \/>\n<meta property=\"og:description\" content=\"Chaise r\u00e9gisseur avec un ch\u00e2ssis classique compos\u00e9 d&rsquo;un cadre en profil\u00e9 d&rsquo;aluminium thermolaqu\u00e9. Peu encombrante gr\u00e2ce au dossier rabattable. Assise en tissu 3Durafeel rembourr\u00e9 et respirant. Accoudoirs rembourr\u00e9s et recouverts. Tr\u00e8s compact et facile \u00e0 ranger une fois ferm\u00e9. Cadre profil\u00e9 en aluminium peu encombrant 22 x 22 mm Construction tr\u00e8s robuste Rembourrage en tissu [&hellip;]\" \/>\n<meta property=\"og:url\" content=\"https:\/\/shop.bantam.ch\/fr\/produit\/chaise-regisseur-aravel-director-3d\/\" \/>\n<meta property=\"og:site_name\" content=\"Bantam Wankm\u00fcller SA\" \/>\n<meta property=\"article:modified_time\" content=\"2026-04-18T19:53:49+00:00\" \/>\n<meta property=\"og:image\" content=\"https:\/\/shop.bantam.ch\/wp-content\/uploads\/2023\/03\/996136831.jpg\" \/>\n\t<meta property=\"og:image:width\" content=\"1024\" \/>\n\t<meta property=\"og:image:height\" content=\"683\" \/>\n\t<meta property=\"og:image:type\" content=\"image\/jpeg\" \/>\n<meta name=\"twitter:card\" content=\"summary_large_image\" \/>\n<script type=\"application\/ld+json\" class=\"yoast-schema-graph\">{\"@context\":\"https:\\\/\\\/schema.org\",\"@graph\":[{\"@type\":\"WebPage\",\"@id\":\"https:\\\/\\\/shop.bantam.ch\\\/fr\\\/produit\\\/chaise-regisseur-aravel-director-3d\\\/\",\"url\":\"https:\\\/\\\/shop.bantam.ch\\\/fr\\\/produit\\\/chaise-regisseur-aravel-director-3d\\\/\",\"name\":\"Chaise r\u00e9gisseur BRUNNER Aravel Director 3D couleur noire - Bantam Wankm\u00fcller SA\",\"isPartOf\":{\"@id\":\"https:\\\/\\\/shop.bantam.ch\\\/fr\\\/#website\"},\"primaryImageOfPage\":{\"@id\":\"https:\\\/\\\/shop.bantam.ch\\\/fr\\\/produit\\\/chaise-regisseur-aravel-director-3d\\\/#primaryimage\"},\"image\":{\"@id\":\"https:\\\/\\\/shop.bantam.ch\\\/fr\\\/produit\\\/chaise-regisseur-aravel-director-3d\\\/#primaryimage\"},\"thumbnailUrl\":\"https:\\\/\\\/shop.bantam.ch\\\/wp-content\\\/uploads\\\/2023\\\/03\\\/996136831.jpg\",\"datePublished\":\"2023-03-01T00:18:41+00:00\",\"dateModified\":\"2026-04-18T19:53:49+00:00\",\"breadcrumb\":{\"@id\":\"https:\\\/\\\/shop.bantam.ch\\\/fr\\\/produit\\\/chaise-regisseur-aravel-director-3d\\\/#breadcrumb\"},\"inLanguage\":\"fr-FR\",\"potentialAction\":[{\"@type\":\"ReadAction\",\"target\":[\"https:\\\/\\\/shop.bantam.ch\\\/fr\\\/produit\\\/chaise-regisseur-aravel-director-3d\\\/\"]}]},{\"@type\":\"ImageObject\",\"inLanguage\":\"fr-FR\",\"@id\":\"https:\\\/\\\/shop.bantam.ch\\\/fr\\\/produit\\\/chaise-regisseur-aravel-director-3d\\\/#primaryimage\",\"url\":\"https:\\\/\\\/shop.bantam.ch\\\/wp-content\\\/uploads\\\/2023\\\/03\\\/996136831.jpg\",\"contentUrl\":\"https:\\\/\\\/shop.bantam.ch\\\/wp-content\\\/uploads\\\/2023\\\/03\\\/996136831.jpg\",\"width\":1800,\"height\":1200},{\"@type\":\"BreadcrumbList\",\"@id\":\"https:\\\/\\\/shop.bantam.ch\\\/fr\\\/produit\\\/chaise-regisseur-aravel-director-3d\\\/#breadcrumb\",\"itemListElement\":[{\"@type\":\"ListItem\",\"position\":1,\"name\":\"Accueil\",\"item\":\"https:\\\/\\\/shop.bantam.ch\\\/fr\\\/\"},{\"@type\":\"ListItem\",\"position\":2,\"name\":\"Boutique\",\"item\":\"https:\\\/\\\/shop.bantam.ch\\\/fr\\\/boutique\\\/\"},{\"@type\":\"ListItem\",\"position\":3,\"name\":\"Chaise r\u00e9gisseur BRUNNER Aravel Director 3D couleur noire\"}]},{\"@type\":\"WebSite\",\"@id\":\"https:\\\/\\\/shop.bantam.ch\\\/fr\\\/#website\",\"url\":\"https:\\\/\\\/shop.bantam.ch\\\/fr\\\/\",\"name\":\"Bantam Wankm\u00fcller SA\",\"description\":\"\",\"publisher\":{\"@id\":\"https:\\\/\\\/shop.bantam.ch\\\/fr\\\/#organization\"},\"inLanguage\":\"fr-FR\"},{\"@type\":\"Organization\",\"@id\":\"https:\\\/\\\/shop.bantam.ch\\\/fr\\\/#organization\",\"name\":\"Bantam Wankm\u00fcller SA\",\"url\":\"https:\\\/\\\/shop.bantam.ch\\\/fr\\\/\",\"logo\":{\"@type\":\"ImageObject\",\"inLanguage\":\"fr-FR\",\"@id\":\"https:\\\/\\\/shop.bantam.ch\\\/fr\\\/#\\\/schema\\\/logo\\\/image\\\/\",\"url\":\"https:\\\/\\\/shop.bantam.ch\\\/wp-content\\\/uploads\\\/2022\\\/12\\\/bantam-logo.png\",\"contentUrl\":\"https:\\\/\\\/shop.bantam.ch\\\/wp-content\\\/uploads\\\/2022\\\/12\\\/bantam-logo.png\",\"width\":320,\"height\":71,\"caption\":\"Bantam Wankm\u00fcller SA\"},\"image\":{\"@id\":\"https:\\\/\\\/shop.bantam.ch\\\/fr\\\/#\\\/schema\\\/logo\\\/image\\\/\"}}]}<\/script>\n<!-- \/ Yoast SEO plugin. -->","yoast_head_json":{"title":"Chaise r\u00e9gisseur BRUNNER Aravel Director 3D couleur noire - Bantam Wankm\u00fcller SA","robots":{"index":"index","follow":"follow","max-snippet":"max-snippet:-1","max-image-preview":"max-image-preview:large","max-video-preview":"max-video-preview:-1"},"canonical":"https:\/\/shop.bantam.ch\/fr\/produit\/chaise-regisseur-aravel-director-3d\/","og_locale":"fr_FR","og_type":"article","og_title":"Chaise r\u00e9gisseur BRUNNER Aravel Director 3D couleur noire - Bantam Wankm\u00fcller SA","og_description":"Chaise r\u00e9gisseur avec un ch\u00e2ssis classique compos\u00e9 d&rsquo;un cadre en profil\u00e9 d&rsquo;aluminium thermolaqu\u00e9. Peu encombrante gr\u00e2ce au dossier rabattable. Assise en tissu 3Durafeel rembourr\u00e9 et respirant. Accoudoirs rembourr\u00e9s et recouverts. Tr\u00e8s compact et facile \u00e0 ranger une fois ferm\u00e9. Cadre profil\u00e9 en aluminium peu encombrant 22 x 22 mm Construction tr\u00e8s robuste Rembourrage en tissu [&hellip;]","og_url":"https:\/\/shop.bantam.ch\/fr\/produit\/chaise-regisseur-aravel-director-3d\/","og_site_name":"Bantam Wankm\u00fcller SA","article_modified_time":"2026-04-18T19:53:49+00:00","og_image":[{"url":"https:\/\/shop.bantam.ch\/wp-content\/uploads\/2023\/03\/996136831.jpg","width":1024,"height":683,"type":"image\/jpeg"}],"twitter_card":"summary_large_image","schema":{"@context":"https:\/\/schema.org","@graph":[{"@type":"WebPage","@id":"https:\/\/shop.bantam.ch\/fr\/produit\/chaise-regisseur-aravel-director-3d\/","url":"https:\/\/shop.bantam.ch\/fr\/produit\/chaise-regisseur-aravel-director-3d\/","name":"Chaise r\u00e9gisseur BRUNNER Aravel Director 3D couleur noire - Bantam Wankm\u00fcller SA","isPartOf":{"@id":"https:\/\/shop.bantam.ch\/fr\/#website"},"primaryImageOfPage":{"@id":"https:\/\/shop.bantam.ch\/fr\/produit\/chaise-regisseur-aravel-director-3d\/#primaryimage"},"image":{"@id":"https:\/\/shop.bantam.ch\/fr\/produit\/chaise-regisseur-aravel-director-3d\/#primaryimage"},"thumbnailUrl":"https:\/\/shop.bantam.ch\/wp-content\/uploads\/2023\/03\/996136831.jpg","datePublished":"2023-03-01T00:18:41+00:00","dateModified":"2026-04-18T19:53:49+00:00","breadcrumb":{"@id":"https:\/\/shop.bantam.ch\/fr\/produit\/chaise-regisseur-aravel-director-3d\/#breadcrumb"},"inLanguage":"fr-FR","potentialAction":[{"@type":"ReadAction","target":["https:\/\/shop.bantam.ch\/fr\/produit\/chaise-regisseur-aravel-director-3d\/"]}]},{"@type":"ImageObject","inLanguage":"fr-FR","@id":"https:\/\/shop.bantam.ch\/fr\/produit\/chaise-regisseur-aravel-director-3d\/#primaryimage","url":"https:\/\/shop.bantam.ch\/wp-content\/uploads\/2023\/03\/996136831.jpg","contentUrl":"https:\/\/shop.bantam.ch\/wp-content\/uploads\/2023\/03\/996136831.jpg","width":1800,"height":1200},{"@type":"BreadcrumbList","@id":"https:\/\/shop.bantam.ch\/fr\/produit\/chaise-regisseur-aravel-director-3d\/#breadcrumb","itemListElement":[{"@type":"ListItem","position":1,"name":"Accueil","item":"https:\/\/shop.bantam.ch\/fr\/"},{"@type":"ListItem","position":2,"name":"Boutique","item":"https:\/\/shop.bantam.ch\/fr\/boutique\/"},{"@type":"ListItem","position":3,"name":"Chaise r\u00e9gisseur BRUNNER Aravel Director 3D couleur noire"}]},{"@type":"WebSite","@id":"https:\/\/shop.bantam.ch\/fr\/#website","url":"https:\/\/shop.bantam.ch\/fr\/","name":"Bantam Wankm\u00fcller SA","description":"","publisher":{"@id":"https:\/\/shop.bantam.ch\/fr\/#organization"},"inLanguage":"fr-FR"},{"@type":"Organization","@id":"https:\/\/shop.bantam.ch\/fr\/#organization","name":"Bantam Wankm\u00fcller SA","url":"https:\/\/shop.bantam.ch\/fr\/","logo":{"@type":"ImageObject","inLanguage":"fr-FR","@id":"https:\/\/shop.bantam.ch\/fr\/#\/schema\/logo\/image\/","url":"https:\/\/shop.bantam.ch\/wp-content\/uploads\/2022\/12\/bantam-logo.png","contentUrl":"https:\/\/shop.bantam.ch\/wp-content\/uploads\/2022\/12\/bantam-logo.png","width":320,"height":71,"caption":"Bantam Wankm\u00fcller SA"},"image":{"@id":"https:\/\/shop.bantam.ch\/fr\/#\/schema\/logo\/image\/"}}]}},"_links":{"self":[{"href":"https:\/\/shop.bantam.ch\/fr\/wp-json\/wp\/v2\/product\/127268","targetHints":{"allow":["GET"]}}],"collection":[{"href":"https:\/\/shop.bantam.ch\/fr\/wp-json\/wp\/v2\/product"}],"about":[{"href":"https:\/\/shop.bantam.ch\/fr\/wp-json\/wp\/v2\/types\/product"}],"wp:featuredmedia":[{"embeddable":true,"href":"https:\/\/shop.bantam.ch\/fr\/wp-json\/wp\/v2\/media\/127266"}],"wp:attachment":[{"href":"https:\/\/shop.bantam.ch\/fr\/wp-json\/wp\/v2\/media?parent=127268"}],"wp:term":[{"taxonomy":"product_featured_cat","embeddable":true,"href":"https:\/\/shop.bantam.ch\/fr\/wp-json\/wp\/v2\/product_featured_cat?post=127268"},{"taxonomy":"product_brand","embeddable":true,"href":"https:\/\/shop.bantam.ch\/fr\/wp-json\/wp\/v2\/product_brand?post=127268"},{"taxonomy":"product_cat","embeddable":true,"href":"https:\/\/shop.bantam.ch\/fr\/wp-json\/wp\/v2\/product_cat?post=127268"},{"taxonomy":"product_tag","embeddable":true,"href":"https:\/\/shop.bantam.ch\/fr\/wp-json\/wp\/v2\/product_tag?post=127268"}],"curies":[{"name":"wp","href":"https:\/\/api.w.org\/{rel}","templated":true}]}}