{"id":127242,"date":"2023-03-01T01:18:14","date_gmt":"2023-03-01T00:18:14","guid":{"rendered":"https:\/\/shop.bantam.ch\/produit\/boite-a-dejeuner-set-de-couverts-pascal-ready-lot-de-4\/"},"modified":"2026-04-20T23:47:23","modified_gmt":"2026-04-20T21:47:23","slug":"boite-a-dejeuner-set-de-couverts-pascal-ready-lot-de-4","status":"publish","type":"product","link":"https:\/\/shop.bantam.ch\/fr\/produit\/boite-a-dejeuner-set-de-couverts-pascal-ready-lot-de-4\/","title":{"rendered":"Bo\u00eete \u00e0 d\u00e9jeuner + set de couverts PASCAL READY lot de 4"},"content":{"rendered":"<p>La pr\u00e9paration des repas maison est tr\u00e8s tendance et les bo\u00eetes \u00e0 lunch deviennent incontournables. La pr\u00e9paration des repas maison \u00e0 prendre sur le pouce en d\u00e9placement est tr\u00e8s tendance ; de plus vous contribuer \u00e0 prot\u00e9ger l&rsquo;environnement, car vous \u00e9vitez l&rsquo;utilisation d&rsquo;un grand nombre d&#8217;emballages jetables. Avec PASCAL READY, il y a maintenant la vaisselle intelligente \u00e0 emporter et \u00e0 d\u00e9guster. Le syst\u00e8me est bien con\u00e7u, car les trois bo\u00eetes s&rsquo;imbriquent parfaitement. De cette fa\u00e7on, la salade, les wraps, les fruits, les noix, les b\u00e2tonnets de l\u00e9gumes et les cro\u00fbtons sont soigneusement s\u00e9par\u00e9s et les aliments conservent toute leur saveur jusqu&rsquo;\u00e0 leur consommation. Les couverts compacts KLIKK trouvent leur place dans la plus grande bo\u00eete et compl\u00e8tent id\u00e9alement l&rsquo;ensemble de la lunchbox. Gr\u00e2ce au syst\u00e8me modulaire, votre bo\u00eete bento peut \u00eatre reconfigur\u00e9e chaque jour et adapt\u00e9e \u00e0 la recette correspondante.<\/p>\n<ul>\n<li>Ensemble de 4 bo\u00eetes \u00e0 lunch<\/li>\n<li>Couverts inclus Parfait pour les pauses d\u00e9jeuner et en d\u00e9placement<\/li>\n<li>Toutes les bo\u00eetes disposent d&rsquo;une fermeture \u00e0 clip<\/li>\n<li>\u00c9cologique<\/li>\n<li>Convient \u00e0 un usage alimentaire.<\/li>\n<li>100% neutre en CO2<\/li>\n<li>Sans bisph\u00e9nol A (BPA)<\/li>\n<li>Sans m\u00e9lamine<\/li>\n<\/ul>\n","protected":false},"excerpt":{"rendered":"<p>La pr\u00e9paration des repas maison est tr\u00e8s tendance et les bo\u00eetes \u00e0 lunch deviennent incontournables. La pr\u00e9paration des repas maison \u00e0 prendre sur le pouce en d\u00e9placement est tr\u00e8s tendance ; de plus vous contribuer \u00e0 prot\u00e9ger l&rsquo;environnement, car vous \u00e9vitez l&rsquo;utilisation d&rsquo;un grand nombre d&#8217;emballages jetables. Avec PASCAL READY, il y a maintenant la [&hellip;]<\/p>\n","protected":false},"featured_media":127218,"template":"","meta":{"_acf_changed":false},"product_featured_cat":[],"product_brand":[3584],"product_cat":[4331],"product_tag":[],"class_list":{"0":"post-127242","1":"product","2":"type-product","3":"status-publish","4":"has-post-thumbnail","6":"product_brand-koziol","7":"product_cat-boites-a-provisions-et-a-produits-frais","9":"first","10":"instock","11":"taxable","12":"shipping-taxable","13":"purchasable","14":"product-type-variable"},"acf":[],"yoast_head":"<!-- This site is optimized with the Yoast SEO plugin v27.4 - https:\/\/yoast.com\/product\/yoast-seo-wordpress\/ -->\n<title>Bo\u00eete \u00e0 d\u00e9jeuner + set de couverts PASCAL READY lot de 4 - Bantam Wankm\u00fcller SA<\/title>\n<meta name=\"robots\" content=\"index, follow, max-snippet:-1, max-image-preview:large, max-video-preview:-1\" \/>\n<link rel=\"canonical\" href=\"https:\/\/shop.bantam.ch\/fr\/produit\/boite-a-dejeuner-set-de-couverts-pascal-ready-lot-de-4\/\" \/>\n<meta property=\"og:locale\" content=\"fr_FR\" \/>\n<meta property=\"og:type\" content=\"article\" \/>\n<meta property=\"og:title\" content=\"Bo\u00eete \u00e0 d\u00e9jeuner + set de couverts PASCAL READY lot de 4 - Bantam Wankm\u00fcller SA\" \/>\n<meta property=\"og:description\" content=\"La pr\u00e9paration des repas maison est tr\u00e8s tendance et les bo\u00eetes \u00e0 lunch deviennent incontournables. La pr\u00e9paration des repas maison \u00e0 prendre sur le pouce en d\u00e9placement est tr\u00e8s tendance ; de plus vous contribuer \u00e0 prot\u00e9ger l&rsquo;environnement, car vous \u00e9vitez l&rsquo;utilisation d&rsquo;un grand nombre d&#8217;emballages jetables. Avec PASCAL READY, il y a maintenant la [&hellip;]\" \/>\n<meta property=\"og:url\" content=\"https:\/\/shop.bantam.ch\/fr\/produit\/boite-a-dejeuner-set-de-couverts-pascal-ready-lot-de-4\/\" \/>\n<meta property=\"og:site_name\" content=\"Bantam Wankm\u00fcller SA\" \/>\n<meta property=\"article:modified_time\" content=\"2026-04-20T21:47:23+00:00\" \/>\n<meta property=\"og:image\" content=\"https:\/\/shop.bantam.ch\/wp-content\/uploads\/2023\/03\/9984724100.jpg\" \/>\n\t<meta property=\"og:image:width\" content=\"1000\" \/>\n\t<meta property=\"og:image:height\" content=\"893\" \/>\n\t<meta property=\"og:image:type\" content=\"image\/jpeg\" \/>\n<meta name=\"twitter:card\" content=\"summary_large_image\" \/>\n<meta name=\"twitter:label1\" content=\"Dur\u00e9e de lecture estim\u00e9e\" \/>\n\t<meta name=\"twitter:data1\" content=\"1 minute\" \/>\n<script type=\"application\/ld+json\" class=\"yoast-schema-graph\">{\"@context\":\"https:\\\/\\\/schema.org\",\"@graph\":[{\"@type\":\"WebPage\",\"@id\":\"https:\\\/\\\/shop.bantam.ch\\\/fr\\\/produit\\\/boite-a-dejeuner-set-de-couverts-pascal-ready-lot-de-4\\\/\",\"url\":\"https:\\\/\\\/shop.bantam.ch\\\/fr\\\/produit\\\/boite-a-dejeuner-set-de-couverts-pascal-ready-lot-de-4\\\/\",\"name\":\"Bo\u00eete \u00e0 d\u00e9jeuner + set de couverts PASCAL READY lot de 4 - Bantam Wankm\u00fcller SA\",\"isPartOf\":{\"@id\":\"https:\\\/\\\/shop.bantam.ch\\\/fr\\\/#website\"},\"primaryImageOfPage\":{\"@id\":\"https:\\\/\\\/shop.bantam.ch\\\/fr\\\/produit\\\/boite-a-dejeuner-set-de-couverts-pascal-ready-lot-de-4\\\/#primaryimage\"},\"image\":{\"@id\":\"https:\\\/\\\/shop.bantam.ch\\\/fr\\\/produit\\\/boite-a-dejeuner-set-de-couverts-pascal-ready-lot-de-4\\\/#primaryimage\"},\"thumbnailUrl\":\"https:\\\/\\\/shop.bantam.ch\\\/wp-content\\\/uploads\\\/2023\\\/03\\\/9984724100.jpg\",\"datePublished\":\"2023-03-01T00:18:14+00:00\",\"dateModified\":\"2026-04-20T21:47:23+00:00\",\"breadcrumb\":{\"@id\":\"https:\\\/\\\/shop.bantam.ch\\\/fr\\\/produit\\\/boite-a-dejeuner-set-de-couverts-pascal-ready-lot-de-4\\\/#breadcrumb\"},\"inLanguage\":\"fr-FR\",\"potentialAction\":[{\"@type\":\"ReadAction\",\"target\":[\"https:\\\/\\\/shop.bantam.ch\\\/fr\\\/produit\\\/boite-a-dejeuner-set-de-couverts-pascal-ready-lot-de-4\\\/\"]}]},{\"@type\":\"ImageObject\",\"inLanguage\":\"fr-FR\",\"@id\":\"https:\\\/\\\/shop.bantam.ch\\\/fr\\\/produit\\\/boite-a-dejeuner-set-de-couverts-pascal-ready-lot-de-4\\\/#primaryimage\",\"url\":\"https:\\\/\\\/shop.bantam.ch\\\/wp-content\\\/uploads\\\/2023\\\/03\\\/9984724100.jpg\",\"contentUrl\":\"https:\\\/\\\/shop.bantam.ch\\\/wp-content\\\/uploads\\\/2023\\\/03\\\/9984724100.jpg\",\"width\":1000,\"height\":893},{\"@type\":\"BreadcrumbList\",\"@id\":\"https:\\\/\\\/shop.bantam.ch\\\/fr\\\/produit\\\/boite-a-dejeuner-set-de-couverts-pascal-ready-lot-de-4\\\/#breadcrumb\",\"itemListElement\":[{\"@type\":\"ListItem\",\"position\":1,\"name\":\"Accueil\",\"item\":\"https:\\\/\\\/shop.bantam.ch\\\/fr\\\/\"},{\"@type\":\"ListItem\",\"position\":2,\"name\":\"Boutique\",\"item\":\"https:\\\/\\\/shop.bantam.ch\\\/fr\\\/boutique\\\/\"},{\"@type\":\"ListItem\",\"position\":3,\"name\":\"Bo\u00eete \u00e0 d\u00e9jeuner + set de couverts PASCAL READY lot de 4\"}]},{\"@type\":\"WebSite\",\"@id\":\"https:\\\/\\\/shop.bantam.ch\\\/fr\\\/#website\",\"url\":\"https:\\\/\\\/shop.bantam.ch\\\/fr\\\/\",\"name\":\"Bantam Wankm\u00fcller SA\",\"description\":\"\",\"publisher\":{\"@id\":\"https:\\\/\\\/shop.bantam.ch\\\/fr\\\/#organization\"},\"inLanguage\":\"fr-FR\"},{\"@type\":\"Organization\",\"@id\":\"https:\\\/\\\/shop.bantam.ch\\\/fr\\\/#organization\",\"name\":\"Bantam Wankm\u00fcller SA\",\"url\":\"https:\\\/\\\/shop.bantam.ch\\\/fr\\\/\",\"logo\":{\"@type\":\"ImageObject\",\"inLanguage\":\"fr-FR\",\"@id\":\"https:\\\/\\\/shop.bantam.ch\\\/fr\\\/#\\\/schema\\\/logo\\\/image\\\/\",\"url\":\"https:\\\/\\\/shop.bantam.ch\\\/wp-content\\\/uploads\\\/2022\\\/12\\\/bantam-logo.png\",\"contentUrl\":\"https:\\\/\\\/shop.bantam.ch\\\/wp-content\\\/uploads\\\/2022\\\/12\\\/bantam-logo.png\",\"width\":320,\"height\":71,\"caption\":\"Bantam Wankm\u00fcller SA\"},\"image\":{\"@id\":\"https:\\\/\\\/shop.bantam.ch\\\/fr\\\/#\\\/schema\\\/logo\\\/image\\\/\"}}]}<\/script>\n<!-- \/ Yoast SEO plugin. -->","yoast_head_json":{"title":"Bo\u00eete \u00e0 d\u00e9jeuner + set de couverts PASCAL READY lot de 4 - Bantam Wankm\u00fcller SA","robots":{"index":"index","follow":"follow","max-snippet":"max-snippet:-1","max-image-preview":"max-image-preview:large","max-video-preview":"max-video-preview:-1"},"canonical":"https:\/\/shop.bantam.ch\/fr\/produit\/boite-a-dejeuner-set-de-couverts-pascal-ready-lot-de-4\/","og_locale":"fr_FR","og_type":"article","og_title":"Bo\u00eete \u00e0 d\u00e9jeuner + set de couverts PASCAL READY lot de 4 - Bantam Wankm\u00fcller SA","og_description":"La pr\u00e9paration des repas maison est tr\u00e8s tendance et les bo\u00eetes \u00e0 lunch deviennent incontournables. La pr\u00e9paration des repas maison \u00e0 prendre sur le pouce en d\u00e9placement est tr\u00e8s tendance ; de plus vous contribuer \u00e0 prot\u00e9ger l&rsquo;environnement, car vous \u00e9vitez l&rsquo;utilisation d&rsquo;un grand nombre d&#8217;emballages jetables. Avec PASCAL READY, il y a maintenant la [&hellip;]","og_url":"https:\/\/shop.bantam.ch\/fr\/produit\/boite-a-dejeuner-set-de-couverts-pascal-ready-lot-de-4\/","og_site_name":"Bantam Wankm\u00fcller SA","article_modified_time":"2026-04-20T21:47:23+00:00","og_image":[{"width":1000,"height":893,"url":"https:\/\/shop.bantam.ch\/wp-content\/uploads\/2023\/03\/9984724100.jpg","type":"image\/jpeg"}],"twitter_card":"summary_large_image","twitter_misc":{"Dur\u00e9e de lecture estim\u00e9e":"1 minute"},"schema":{"@context":"https:\/\/schema.org","@graph":[{"@type":"WebPage","@id":"https:\/\/shop.bantam.ch\/fr\/produit\/boite-a-dejeuner-set-de-couverts-pascal-ready-lot-de-4\/","url":"https:\/\/shop.bantam.ch\/fr\/produit\/boite-a-dejeuner-set-de-couverts-pascal-ready-lot-de-4\/","name":"Bo\u00eete \u00e0 d\u00e9jeuner + set de couverts PASCAL READY lot de 4 - Bantam Wankm\u00fcller SA","isPartOf":{"@id":"https:\/\/shop.bantam.ch\/fr\/#website"},"primaryImageOfPage":{"@id":"https:\/\/shop.bantam.ch\/fr\/produit\/boite-a-dejeuner-set-de-couverts-pascal-ready-lot-de-4\/#primaryimage"},"image":{"@id":"https:\/\/shop.bantam.ch\/fr\/produit\/boite-a-dejeuner-set-de-couverts-pascal-ready-lot-de-4\/#primaryimage"},"thumbnailUrl":"https:\/\/shop.bantam.ch\/wp-content\/uploads\/2023\/03\/9984724100.jpg","datePublished":"2023-03-01T00:18:14+00:00","dateModified":"2026-04-20T21:47:23+00:00","breadcrumb":{"@id":"https:\/\/shop.bantam.ch\/fr\/produit\/boite-a-dejeuner-set-de-couverts-pascal-ready-lot-de-4\/#breadcrumb"},"inLanguage":"fr-FR","potentialAction":[{"@type":"ReadAction","target":["https:\/\/shop.bantam.ch\/fr\/produit\/boite-a-dejeuner-set-de-couverts-pascal-ready-lot-de-4\/"]}]},{"@type":"ImageObject","inLanguage":"fr-FR","@id":"https:\/\/shop.bantam.ch\/fr\/produit\/boite-a-dejeuner-set-de-couverts-pascal-ready-lot-de-4\/#primaryimage","url":"https:\/\/shop.bantam.ch\/wp-content\/uploads\/2023\/03\/9984724100.jpg","contentUrl":"https:\/\/shop.bantam.ch\/wp-content\/uploads\/2023\/03\/9984724100.jpg","width":1000,"height":893},{"@type":"BreadcrumbList","@id":"https:\/\/shop.bantam.ch\/fr\/produit\/boite-a-dejeuner-set-de-couverts-pascal-ready-lot-de-4\/#breadcrumb","itemListElement":[{"@type":"ListItem","position":1,"name":"Accueil","item":"https:\/\/shop.bantam.ch\/fr\/"},{"@type":"ListItem","position":2,"name":"Boutique","item":"https:\/\/shop.bantam.ch\/fr\/boutique\/"},{"@type":"ListItem","position":3,"name":"Bo\u00eete \u00e0 d\u00e9jeuner + set de couverts PASCAL READY lot de 4"}]},{"@type":"WebSite","@id":"https:\/\/shop.bantam.ch\/fr\/#website","url":"https:\/\/shop.bantam.ch\/fr\/","name":"Bantam Wankm\u00fcller SA","description":"","publisher":{"@id":"https:\/\/shop.bantam.ch\/fr\/#organization"},"inLanguage":"fr-FR"},{"@type":"Organization","@id":"https:\/\/shop.bantam.ch\/fr\/#organization","name":"Bantam Wankm\u00fcller SA","url":"https:\/\/shop.bantam.ch\/fr\/","logo":{"@type":"ImageObject","inLanguage":"fr-FR","@id":"https:\/\/shop.bantam.ch\/fr\/#\/schema\/logo\/image\/","url":"https:\/\/shop.bantam.ch\/wp-content\/uploads\/2022\/12\/bantam-logo.png","contentUrl":"https:\/\/shop.bantam.ch\/wp-content\/uploads\/2022\/12\/bantam-logo.png","width":320,"height":71,"caption":"Bantam Wankm\u00fcller SA"},"image":{"@id":"https:\/\/shop.bantam.ch\/fr\/#\/schema\/logo\/image\/"}}]}},"_links":{"self":[{"href":"https:\/\/shop.bantam.ch\/fr\/wp-json\/wp\/v2\/product\/127242","targetHints":{"allow":["GET"]}}],"collection":[{"href":"https:\/\/shop.bantam.ch\/fr\/wp-json\/wp\/v2\/product"}],"about":[{"href":"https:\/\/shop.bantam.ch\/fr\/wp-json\/wp\/v2\/types\/product"}],"wp:featuredmedia":[{"embeddable":true,"href":"https:\/\/shop.bantam.ch\/fr\/wp-json\/wp\/v2\/media\/127218"}],"wp:attachment":[{"href":"https:\/\/shop.bantam.ch\/fr\/wp-json\/wp\/v2\/media?parent=127242"}],"wp:term":[{"taxonomy":"product_featured_cat","embeddable":true,"href":"https:\/\/shop.bantam.ch\/fr\/wp-json\/wp\/v2\/product_featured_cat?post=127242"},{"taxonomy":"product_brand","embeddable":true,"href":"https:\/\/shop.bantam.ch\/fr\/wp-json\/wp\/v2\/product_brand?post=127242"},{"taxonomy":"product_cat","embeddable":true,"href":"https:\/\/shop.bantam.ch\/fr\/wp-json\/wp\/v2\/product_cat?post=127242"},{"taxonomy":"product_tag","embeddable":true,"href":"https:\/\/shop.bantam.ch\/fr\/wp-json\/wp\/v2\/product_tag?post=127242"}],"curies":[{"name":"wp","href":"https:\/\/api.w.org\/{rel}","templated":true}]}}