{"id":127200,"date":"2023-03-01T01:17:50","date_gmt":"2023-03-01T00:17:50","guid":{"rendered":"https:\/\/shop.bantam.ch\/produit\/tente-de-stockage-medium-180-x-180-x-2-m-gris\/"},"modified":"2026-04-19T21:55:37","modified_gmt":"2026-04-19T19:55:37","slug":"tente-de-stockage-medium-180-x-180-x-2-m-gris","status":"publish","type":"product","link":"https:\/\/shop.bantam.ch\/fr\/produit\/tente-de-stockage-medium-180-x-180-x-2-m-gris\/","title":{"rendered":"Tente de stockage Bo-Camp Medium 1,80 x 1,80 x 2 cm coloris gris"},"content":{"rendered":"<p>Une tente de stockage spacieuse. Id\u00e9ale pour ranger des v\u00e9los, des objets, comme vestiaire ou comme cuisine. Une tente polyvalente compacte \u00e0 transporter et facile \u00e0 monter. La tente de stockage est fabriqu\u00e9e en polyester robuste avec un rev\u00eatement PU \u00e9tanche (colonne d&rsquo;eau de 1\u00a0000 mm) et une toile de sol \u00e9tanche (colonne d&rsquo;eau de 6\u00a0000 mm). Les piquets de tente sont en plastique renforc\u00e9 de fibre de verre de 8,5 mm d&rsquo;\u00e9paisseur. Le toit poss\u00e8de des coutures \u00e9tanches.<\/p>\n<p>Mat\u00e9riau\u00a0:<br \/>100 % polyester avec rev\u00eatement PU<\/p>\n<p>Contenu de la livraison :<br \/>Cordes<br \/>Sardines<br \/>Housse de transport<\/p>\n","protected":false},"excerpt":{"rendered":"<p>Une tente de stockage spacieuse. Id\u00e9ale pour ranger des v\u00e9los, des objets, comme vestiaire ou comme cuisine. Une tente polyvalente compacte \u00e0 transporter et facile \u00e0 monter. La tente de stockage est fabriqu\u00e9e en polyester robuste avec un rev\u00eatement PU \u00e9tanche (colonne d&rsquo;eau de 1\u00a0000 mm) et une toile de sol \u00e9tanche (colonne d&rsquo;eau de [&hellip;]<\/p>\n","protected":false},"featured_media":127196,"template":"","meta":{"_acf_changed":false},"product_featured_cat":[],"product_brand":[3430],"product_cat":[4241],"product_tag":[],"class_list":{"0":"post-127200","1":"product","2":"type-product","3":"status-publish","4":"has-post-thumbnail","6":"product_brand-bo-camp","7":"product_cat-tentes-fonctionnelles","9":"first","10":"instock","11":"taxable","12":"shipping-taxable","13":"purchasable","14":"product-type-simple"},"acf":[],"yoast_head":"<!-- This site is optimized with the Yoast SEO plugin v27.4 - https:\/\/yoast.com\/product\/yoast-seo-wordpress\/ -->\n<title>Tente de stockage Bo-Camp Medium 1,80 x 1,80 x 2 cm coloris gris - Bantam Wankm\u00fcller SA<\/title>\n<meta name=\"robots\" content=\"index, follow, max-snippet:-1, max-image-preview:large, max-video-preview:-1\" \/>\n<link rel=\"canonical\" href=\"https:\/\/shop.bantam.ch\/fr\/produit\/tente-de-stockage-medium-180-x-180-x-2-m-gris\/\" \/>\n<meta property=\"og:locale\" content=\"fr_FR\" \/>\n<meta property=\"og:type\" content=\"article\" \/>\n<meta property=\"og:title\" content=\"Tente de stockage Bo-Camp Medium 1,80 x 1,80 x 2 cm coloris gris - Bantam Wankm\u00fcller SA\" \/>\n<meta property=\"og:description\" content=\"Une tente de stockage spacieuse. Id\u00e9ale pour ranger des v\u00e9los, des objets, comme vestiaire ou comme cuisine. Une tente polyvalente compacte \u00e0 transporter et facile \u00e0 monter. La tente de stockage est fabriqu\u00e9e en polyester robuste avec un rev\u00eatement PU \u00e9tanche (colonne d&rsquo;eau de 1\u00a0000 mm) et une toile de sol \u00e9tanche (colonne d&rsquo;eau de [&hellip;]\" \/>\n<meta property=\"og:url\" content=\"https:\/\/shop.bantam.ch\/fr\/produit\/tente-de-stockage-medium-180-x-180-x-2-m-gris\/\" \/>\n<meta property=\"og:site_name\" content=\"Bantam Wankm\u00fcller SA\" \/>\n<meta property=\"article:modified_time\" content=\"2026-04-19T19:55:37+00:00\" \/>\n<meta property=\"og:image\" content=\"https:\/\/shop.bantam.ch\/wp-content\/uploads\/2023\/03\/9970655100.jpg\" \/>\n\t<meta property=\"og:image:width\" content=\"793\" \/>\n\t<meta property=\"og:image:height\" content=\"1000\" \/>\n\t<meta property=\"og:image:type\" content=\"image\/jpeg\" \/>\n<meta name=\"twitter:card\" content=\"summary_large_image\" \/>\n<script type=\"application\/ld+json\" class=\"yoast-schema-graph\">{\"@context\":\"https:\\\/\\\/schema.org\",\"@graph\":[{\"@type\":\"WebPage\",\"@id\":\"https:\\\/\\\/shop.bantam.ch\\\/fr\\\/produit\\\/tente-de-stockage-medium-180-x-180-x-2-m-gris\\\/\",\"url\":\"https:\\\/\\\/shop.bantam.ch\\\/fr\\\/produit\\\/tente-de-stockage-medium-180-x-180-x-2-m-gris\\\/\",\"name\":\"Tente de stockage Bo-Camp Medium 1,80 x 1,80 x 2 cm coloris gris - Bantam Wankm\u00fcller SA\",\"isPartOf\":{\"@id\":\"https:\\\/\\\/shop.bantam.ch\\\/fr\\\/#website\"},\"primaryImageOfPage\":{\"@id\":\"https:\\\/\\\/shop.bantam.ch\\\/fr\\\/produit\\\/tente-de-stockage-medium-180-x-180-x-2-m-gris\\\/#primaryimage\"},\"image\":{\"@id\":\"https:\\\/\\\/shop.bantam.ch\\\/fr\\\/produit\\\/tente-de-stockage-medium-180-x-180-x-2-m-gris\\\/#primaryimage\"},\"thumbnailUrl\":\"https:\\\/\\\/shop.bantam.ch\\\/wp-content\\\/uploads\\\/2023\\\/03\\\/9970655100.jpg\",\"datePublished\":\"2023-03-01T00:17:50+00:00\",\"dateModified\":\"2026-04-19T19:55:37+00:00\",\"breadcrumb\":{\"@id\":\"https:\\\/\\\/shop.bantam.ch\\\/fr\\\/produit\\\/tente-de-stockage-medium-180-x-180-x-2-m-gris\\\/#breadcrumb\"},\"inLanguage\":\"fr-FR\",\"potentialAction\":[{\"@type\":\"ReadAction\",\"target\":[\"https:\\\/\\\/shop.bantam.ch\\\/fr\\\/produit\\\/tente-de-stockage-medium-180-x-180-x-2-m-gris\\\/\"]}]},{\"@type\":\"ImageObject\",\"inLanguage\":\"fr-FR\",\"@id\":\"https:\\\/\\\/shop.bantam.ch\\\/fr\\\/produit\\\/tente-de-stockage-medium-180-x-180-x-2-m-gris\\\/#primaryimage\",\"url\":\"https:\\\/\\\/shop.bantam.ch\\\/wp-content\\\/uploads\\\/2023\\\/03\\\/9970655100.jpg\",\"contentUrl\":\"https:\\\/\\\/shop.bantam.ch\\\/wp-content\\\/uploads\\\/2023\\\/03\\\/9970655100.jpg\",\"width\":793,\"height\":1000},{\"@type\":\"BreadcrumbList\",\"@id\":\"https:\\\/\\\/shop.bantam.ch\\\/fr\\\/produit\\\/tente-de-stockage-medium-180-x-180-x-2-m-gris\\\/#breadcrumb\",\"itemListElement\":[{\"@type\":\"ListItem\",\"position\":1,\"name\":\"Accueil\",\"item\":\"https:\\\/\\\/shop.bantam.ch\\\/fr\\\/\"},{\"@type\":\"ListItem\",\"position\":2,\"name\":\"Boutique\",\"item\":\"https:\\\/\\\/shop.bantam.ch\\\/fr\\\/boutique\\\/\"},{\"@type\":\"ListItem\",\"position\":3,\"name\":\"Tente de stockage Bo-Camp Medium 1,80 x 1,80 x 2 cm coloris gris\"}]},{\"@type\":\"WebSite\",\"@id\":\"https:\\\/\\\/shop.bantam.ch\\\/fr\\\/#website\",\"url\":\"https:\\\/\\\/shop.bantam.ch\\\/fr\\\/\",\"name\":\"Bantam Wankm\u00fcller SA\",\"description\":\"\",\"publisher\":{\"@id\":\"https:\\\/\\\/shop.bantam.ch\\\/fr\\\/#organization\"},\"inLanguage\":\"fr-FR\"},{\"@type\":\"Organization\",\"@id\":\"https:\\\/\\\/shop.bantam.ch\\\/fr\\\/#organization\",\"name\":\"Bantam Wankm\u00fcller SA\",\"url\":\"https:\\\/\\\/shop.bantam.ch\\\/fr\\\/\",\"logo\":{\"@type\":\"ImageObject\",\"inLanguage\":\"fr-FR\",\"@id\":\"https:\\\/\\\/shop.bantam.ch\\\/fr\\\/#\\\/schema\\\/logo\\\/image\\\/\",\"url\":\"https:\\\/\\\/shop.bantam.ch\\\/wp-content\\\/uploads\\\/2022\\\/12\\\/bantam-logo.png\",\"contentUrl\":\"https:\\\/\\\/shop.bantam.ch\\\/wp-content\\\/uploads\\\/2022\\\/12\\\/bantam-logo.png\",\"width\":320,\"height\":71,\"caption\":\"Bantam Wankm\u00fcller SA\"},\"image\":{\"@id\":\"https:\\\/\\\/shop.bantam.ch\\\/fr\\\/#\\\/schema\\\/logo\\\/image\\\/\"}}]}<\/script>\n<!-- \/ Yoast SEO plugin. -->","yoast_head_json":{"title":"Tente de stockage Bo-Camp Medium 1,80 x 1,80 x 2 cm coloris gris - Bantam Wankm\u00fcller SA","robots":{"index":"index","follow":"follow","max-snippet":"max-snippet:-1","max-image-preview":"max-image-preview:large","max-video-preview":"max-video-preview:-1"},"canonical":"https:\/\/shop.bantam.ch\/fr\/produit\/tente-de-stockage-medium-180-x-180-x-2-m-gris\/","og_locale":"fr_FR","og_type":"article","og_title":"Tente de stockage Bo-Camp Medium 1,80 x 1,80 x 2 cm coloris gris - Bantam Wankm\u00fcller SA","og_description":"Une tente de stockage spacieuse. Id\u00e9ale pour ranger des v\u00e9los, des objets, comme vestiaire ou comme cuisine. Une tente polyvalente compacte \u00e0 transporter et facile \u00e0 monter. La tente de stockage est fabriqu\u00e9e en polyester robuste avec un rev\u00eatement PU \u00e9tanche (colonne d&rsquo;eau de 1\u00a0000 mm) et une toile de sol \u00e9tanche (colonne d&rsquo;eau de [&hellip;]","og_url":"https:\/\/shop.bantam.ch\/fr\/produit\/tente-de-stockage-medium-180-x-180-x-2-m-gris\/","og_site_name":"Bantam Wankm\u00fcller SA","article_modified_time":"2026-04-19T19:55:37+00:00","og_image":[{"width":793,"height":1000,"url":"https:\/\/shop.bantam.ch\/wp-content\/uploads\/2023\/03\/9970655100.jpg","type":"image\/jpeg"}],"twitter_card":"summary_large_image","schema":{"@context":"https:\/\/schema.org","@graph":[{"@type":"WebPage","@id":"https:\/\/shop.bantam.ch\/fr\/produit\/tente-de-stockage-medium-180-x-180-x-2-m-gris\/","url":"https:\/\/shop.bantam.ch\/fr\/produit\/tente-de-stockage-medium-180-x-180-x-2-m-gris\/","name":"Tente de stockage Bo-Camp Medium 1,80 x 1,80 x 2 cm coloris gris - Bantam Wankm\u00fcller SA","isPartOf":{"@id":"https:\/\/shop.bantam.ch\/fr\/#website"},"primaryImageOfPage":{"@id":"https:\/\/shop.bantam.ch\/fr\/produit\/tente-de-stockage-medium-180-x-180-x-2-m-gris\/#primaryimage"},"image":{"@id":"https:\/\/shop.bantam.ch\/fr\/produit\/tente-de-stockage-medium-180-x-180-x-2-m-gris\/#primaryimage"},"thumbnailUrl":"https:\/\/shop.bantam.ch\/wp-content\/uploads\/2023\/03\/9970655100.jpg","datePublished":"2023-03-01T00:17:50+00:00","dateModified":"2026-04-19T19:55:37+00:00","breadcrumb":{"@id":"https:\/\/shop.bantam.ch\/fr\/produit\/tente-de-stockage-medium-180-x-180-x-2-m-gris\/#breadcrumb"},"inLanguage":"fr-FR","potentialAction":[{"@type":"ReadAction","target":["https:\/\/shop.bantam.ch\/fr\/produit\/tente-de-stockage-medium-180-x-180-x-2-m-gris\/"]}]},{"@type":"ImageObject","inLanguage":"fr-FR","@id":"https:\/\/shop.bantam.ch\/fr\/produit\/tente-de-stockage-medium-180-x-180-x-2-m-gris\/#primaryimage","url":"https:\/\/shop.bantam.ch\/wp-content\/uploads\/2023\/03\/9970655100.jpg","contentUrl":"https:\/\/shop.bantam.ch\/wp-content\/uploads\/2023\/03\/9970655100.jpg","width":793,"height":1000},{"@type":"BreadcrumbList","@id":"https:\/\/shop.bantam.ch\/fr\/produit\/tente-de-stockage-medium-180-x-180-x-2-m-gris\/#breadcrumb","itemListElement":[{"@type":"ListItem","position":1,"name":"Accueil","item":"https:\/\/shop.bantam.ch\/fr\/"},{"@type":"ListItem","position":2,"name":"Boutique","item":"https:\/\/shop.bantam.ch\/fr\/boutique\/"},{"@type":"ListItem","position":3,"name":"Tente de stockage Bo-Camp Medium 1,80 x 1,80 x 2 cm coloris gris"}]},{"@type":"WebSite","@id":"https:\/\/shop.bantam.ch\/fr\/#website","url":"https:\/\/shop.bantam.ch\/fr\/","name":"Bantam Wankm\u00fcller SA","description":"","publisher":{"@id":"https:\/\/shop.bantam.ch\/fr\/#organization"},"inLanguage":"fr-FR"},{"@type":"Organization","@id":"https:\/\/shop.bantam.ch\/fr\/#organization","name":"Bantam Wankm\u00fcller SA","url":"https:\/\/shop.bantam.ch\/fr\/","logo":{"@type":"ImageObject","inLanguage":"fr-FR","@id":"https:\/\/shop.bantam.ch\/fr\/#\/schema\/logo\/image\/","url":"https:\/\/shop.bantam.ch\/wp-content\/uploads\/2022\/12\/bantam-logo.png","contentUrl":"https:\/\/shop.bantam.ch\/wp-content\/uploads\/2022\/12\/bantam-logo.png","width":320,"height":71,"caption":"Bantam Wankm\u00fcller SA"},"image":{"@id":"https:\/\/shop.bantam.ch\/fr\/#\/schema\/logo\/image\/"}}]}},"_links":{"self":[{"href":"https:\/\/shop.bantam.ch\/fr\/wp-json\/wp\/v2\/product\/127200","targetHints":{"allow":["GET"]}}],"collection":[{"href":"https:\/\/shop.bantam.ch\/fr\/wp-json\/wp\/v2\/product"}],"about":[{"href":"https:\/\/shop.bantam.ch\/fr\/wp-json\/wp\/v2\/types\/product"}],"wp:featuredmedia":[{"embeddable":true,"href":"https:\/\/shop.bantam.ch\/fr\/wp-json\/wp\/v2\/media\/127196"}],"wp:attachment":[{"href":"https:\/\/shop.bantam.ch\/fr\/wp-json\/wp\/v2\/media?parent=127200"}],"wp:term":[{"taxonomy":"product_featured_cat","embeddable":true,"href":"https:\/\/shop.bantam.ch\/fr\/wp-json\/wp\/v2\/product_featured_cat?post=127200"},{"taxonomy":"product_brand","embeddable":true,"href":"https:\/\/shop.bantam.ch\/fr\/wp-json\/wp\/v2\/product_brand?post=127200"},{"taxonomy":"product_cat","embeddable":true,"href":"https:\/\/shop.bantam.ch\/fr\/wp-json\/wp\/v2\/product_cat?post=127200"},{"taxonomy":"product_tag","embeddable":true,"href":"https:\/\/shop.bantam.ch\/fr\/wp-json\/wp\/v2\/product_tag?post=127200"}],"curies":[{"name":"wp","href":"https:\/\/api.w.org\/{rel}","templated":true}]}}