{"id":127002,"date":"2023-03-01T01:15:11","date_gmt":"2023-03-01T00:15:11","guid":{"rendered":"https:\/\/shop.bantam.ch\/produit\/support-de-couplage-de-porte-battante-pour-porte-velos-sd260\/"},"modified":"2026-04-17T21:52:39","modified_gmt":"2026-04-17T19:52:39","slug":"support-de-couplage-de-porte-battante-pour-porte-velos-sd260","status":"publish","type":"product","link":"https:\/\/shop.bantam.ch\/fr\/produit\/support-de-couplage-de-porte-battante-pour-porte-velos-sd260\/","title":{"rendered":"Porte-v\u00e9los SD260 sur boule, charge maxi 60kg, 2 v\u00e9los"},"content":{"rendered":"<p>Pour le transport de v\u00e9los sur l&rsquo;attelage de remorque, en particulier pour les fourgons et les camping-cars, les bus familiaux, les breaks \u00e0 toit sur\u00e9lev\u00e9 avec portes papillon et les v\u00e9hicules de tourisme. La distance de curseur de 70 cm permet l&rsquo;ouverture de portes jusqu&rsquo;\u00e0 environ 85 cm de large.<\/p>\n<ul>\n<li>Support de cadre Strap sp\u00e9cialement con\u00e7u pour les cadres fragiles<\/li>\n<li>Montage rapide et facile gr\u00e2ce au syst\u00e8me de verrouillage rapide<\/li>\n<li>Convient \u00e9galement aux v\u00e9los avec des cadres surdimensionn\u00e9s et en Y<\/li>\n<li>Convient \u00e0 presque tous les types d&rsquo;attelage de remorque<\/li>\n<li>Avec support de plaque d&rsquo;immatriculation r\u00e9glable, convient \u00e9galement pour l&rsquo;Autriche<\/li>\n<li>Espace de stockage compact<\/li>\n<li>Adapt\u00e9 aux v\u00e9los \u00e9lectriques\u00a0: Nombre max. de charge des rails individuels 30 kg<\/li>\n<li>Extensible jusqu&rsquo;\u00e0 70 cm<\/li>\n<li>\u00c9cart des rails d&rsquo;env. 24 cm<\/li>\n<li>Nombre max. de la largeur des pneus sur le rail jusqu&rsquo;\u00e0 3,25 pouces<\/li>\n<li>Raccord d&rsquo;\u00e9clairage avec prise \u00e0 13 p\u00f4les<\/li>\n<\/ul>\n","protected":false},"excerpt":{"rendered":"<p>Pour le transport de v\u00e9los sur l&rsquo;attelage de remorque, en particulier pour les fourgons et les camping-cars, les bus familiaux, les breaks \u00e0 toit sur\u00e9lev\u00e9 avec portes papillon et les v\u00e9hicules de tourisme. La distance de curseur de 70 cm permet l&rsquo;ouverture de portes jusqu&rsquo;\u00e0 environ 85 cm de large. Support de cadre Strap sp\u00e9cialement [&hellip;]<\/p>\n","protected":false},"featured_media":126970,"template":"","meta":{"_acf_changed":false},"product_featured_cat":[],"product_brand":[3570],"product_cat":[4693],"product_tag":[],"class_list":{"0":"post-127002","1":"product","2":"type-product","3":"status-publish","4":"has-post-thumbnail","6":"product_brand-las","7":"product_cat-porte-velos-dattelage","9":"first","10":"instock","11":"taxable","12":"shipping-taxable","13":"purchasable","14":"product-type-simple"},"acf":[],"yoast_head":"<!-- This site is optimized with the Yoast SEO plugin v27.4 - https:\/\/yoast.com\/product\/yoast-seo-wordpress\/ -->\n<title>Porte-v\u00e9los SD260 sur boule, charge maxi 60kg, 2 v\u00e9los - Bantam Wankm\u00fcller SA<\/title>\n<meta name=\"robots\" content=\"index, follow, max-snippet:-1, max-image-preview:large, max-video-preview:-1\" \/>\n<link rel=\"canonical\" href=\"https:\/\/shop.bantam.ch\/fr\/produit\/support-de-couplage-de-porte-battante-pour-porte-velos-sd260\/\" \/>\n<meta property=\"og:locale\" content=\"fr_FR\" \/>\n<meta property=\"og:type\" content=\"article\" \/>\n<meta property=\"og:title\" content=\"Porte-v\u00e9los SD260 sur boule, charge maxi 60kg, 2 v\u00e9los - Bantam Wankm\u00fcller SA\" \/>\n<meta property=\"og:description\" content=\"Pour le transport de v\u00e9los sur l&rsquo;attelage de remorque, en particulier pour les fourgons et les camping-cars, les bus familiaux, les breaks \u00e0 toit sur\u00e9lev\u00e9 avec portes papillon et les v\u00e9hicules de tourisme. La distance de curseur de 70 cm permet l&rsquo;ouverture de portes jusqu&rsquo;\u00e0 environ 85 cm de large. Support de cadre Strap sp\u00e9cialement [&hellip;]\" \/>\n<meta property=\"og:url\" content=\"https:\/\/shop.bantam.ch\/fr\/produit\/support-de-couplage-de-porte-battante-pour-porte-velos-sd260\/\" \/>\n<meta property=\"og:site_name\" content=\"Bantam Wankm\u00fcller SA\" \/>\n<meta property=\"article:modified_time\" content=\"2026-04-17T19:52:39+00:00\" \/>\n<meta property=\"og:image\" content=\"https:\/\/shop.bantam.ch\/wp-content\/uploads\/2023\/03\/9944802100-scaled.jpg\" \/>\n\t<meta property=\"og:image:width\" content=\"2500\" \/>\n\t<meta property=\"og:image:height\" content=\"1900\" \/>\n\t<meta property=\"og:image:type\" content=\"image\/jpeg\" \/>\n<meta name=\"twitter:card\" content=\"summary_large_image\" \/>\n<meta name=\"twitter:label1\" content=\"Dur\u00e9e de lecture estim\u00e9e\" \/>\n\t<meta name=\"twitter:data1\" content=\"1 minute\" \/>\n<script type=\"application\/ld+json\" class=\"yoast-schema-graph\">{\"@context\":\"https:\\\/\\\/schema.org\",\"@graph\":[{\"@type\":\"WebPage\",\"@id\":\"https:\\\/\\\/shop.bantam.ch\\\/fr\\\/produit\\\/support-de-couplage-de-porte-battante-pour-porte-velos-sd260\\\/\",\"url\":\"https:\\\/\\\/shop.bantam.ch\\\/fr\\\/produit\\\/support-de-couplage-de-porte-battante-pour-porte-velos-sd260\\\/\",\"name\":\"Porte-v\u00e9los SD260 sur boule, charge maxi 60kg, 2 v\u00e9los - Bantam Wankm\u00fcller SA\",\"isPartOf\":{\"@id\":\"https:\\\/\\\/shop.bantam.ch\\\/fr\\\/#website\"},\"primaryImageOfPage\":{\"@id\":\"https:\\\/\\\/shop.bantam.ch\\\/fr\\\/produit\\\/support-de-couplage-de-porte-battante-pour-porte-velos-sd260\\\/#primaryimage\"},\"image\":{\"@id\":\"https:\\\/\\\/shop.bantam.ch\\\/fr\\\/produit\\\/support-de-couplage-de-porte-battante-pour-porte-velos-sd260\\\/#primaryimage\"},\"thumbnailUrl\":\"https:\\\/\\\/shop.bantam.ch\\\/wp-content\\\/uploads\\\/2023\\\/03\\\/9944802100-scaled.jpg\",\"datePublished\":\"2023-03-01T00:15:11+00:00\",\"dateModified\":\"2026-04-17T19:52:39+00:00\",\"breadcrumb\":{\"@id\":\"https:\\\/\\\/shop.bantam.ch\\\/fr\\\/produit\\\/support-de-couplage-de-porte-battante-pour-porte-velos-sd260\\\/#breadcrumb\"},\"inLanguage\":\"fr-FR\",\"potentialAction\":[{\"@type\":\"ReadAction\",\"target\":[\"https:\\\/\\\/shop.bantam.ch\\\/fr\\\/produit\\\/support-de-couplage-de-porte-battante-pour-porte-velos-sd260\\\/\"]}]},{\"@type\":\"ImageObject\",\"inLanguage\":\"fr-FR\",\"@id\":\"https:\\\/\\\/shop.bantam.ch\\\/fr\\\/produit\\\/support-de-couplage-de-porte-battante-pour-porte-velos-sd260\\\/#primaryimage\",\"url\":\"https:\\\/\\\/shop.bantam.ch\\\/wp-content\\\/uploads\\\/2023\\\/03\\\/9944802100-scaled.jpg\",\"contentUrl\":\"https:\\\/\\\/shop.bantam.ch\\\/wp-content\\\/uploads\\\/2023\\\/03\\\/9944802100-scaled.jpg\",\"width\":2048,\"height\":1556},{\"@type\":\"BreadcrumbList\",\"@id\":\"https:\\\/\\\/shop.bantam.ch\\\/fr\\\/produit\\\/support-de-couplage-de-porte-battante-pour-porte-velos-sd260\\\/#breadcrumb\",\"itemListElement\":[{\"@type\":\"ListItem\",\"position\":1,\"name\":\"Accueil\",\"item\":\"https:\\\/\\\/shop.bantam.ch\\\/fr\\\/\"},{\"@type\":\"ListItem\",\"position\":2,\"name\":\"Boutique\",\"item\":\"https:\\\/\\\/shop.bantam.ch\\\/fr\\\/boutique\\\/\"},{\"@type\":\"ListItem\",\"position\":3,\"name\":\"Porte-v\u00e9los SD260 sur boule, charge maxi 60kg, 2 v\u00e9los\"}]},{\"@type\":\"WebSite\",\"@id\":\"https:\\\/\\\/shop.bantam.ch\\\/fr\\\/#website\",\"url\":\"https:\\\/\\\/shop.bantam.ch\\\/fr\\\/\",\"name\":\"Bantam Wankm\u00fcller SA\",\"description\":\"\",\"publisher\":{\"@id\":\"https:\\\/\\\/shop.bantam.ch\\\/fr\\\/#organization\"},\"inLanguage\":\"fr-FR\"},{\"@type\":\"Organization\",\"@id\":\"https:\\\/\\\/shop.bantam.ch\\\/fr\\\/#organization\",\"name\":\"Bantam Wankm\u00fcller SA\",\"url\":\"https:\\\/\\\/shop.bantam.ch\\\/fr\\\/\",\"logo\":{\"@type\":\"ImageObject\",\"inLanguage\":\"fr-FR\",\"@id\":\"https:\\\/\\\/shop.bantam.ch\\\/fr\\\/#\\\/schema\\\/logo\\\/image\\\/\",\"url\":\"https:\\\/\\\/shop.bantam.ch\\\/wp-content\\\/uploads\\\/2022\\\/12\\\/bantam-logo.png\",\"contentUrl\":\"https:\\\/\\\/shop.bantam.ch\\\/wp-content\\\/uploads\\\/2022\\\/12\\\/bantam-logo.png\",\"width\":320,\"height\":71,\"caption\":\"Bantam Wankm\u00fcller SA\"},\"image\":{\"@id\":\"https:\\\/\\\/shop.bantam.ch\\\/fr\\\/#\\\/schema\\\/logo\\\/image\\\/\"}}]}<\/script>\n<!-- \/ Yoast SEO plugin. -->","yoast_head_json":{"title":"Porte-v\u00e9los SD260 sur boule, charge maxi 60kg, 2 v\u00e9los - Bantam Wankm\u00fcller SA","robots":{"index":"index","follow":"follow","max-snippet":"max-snippet:-1","max-image-preview":"max-image-preview:large","max-video-preview":"max-video-preview:-1"},"canonical":"https:\/\/shop.bantam.ch\/fr\/produit\/support-de-couplage-de-porte-battante-pour-porte-velos-sd260\/","og_locale":"fr_FR","og_type":"article","og_title":"Porte-v\u00e9los SD260 sur boule, charge maxi 60kg, 2 v\u00e9los - Bantam Wankm\u00fcller SA","og_description":"Pour le transport de v\u00e9los sur l&rsquo;attelage de remorque, en particulier pour les fourgons et les camping-cars, les bus familiaux, les breaks \u00e0 toit sur\u00e9lev\u00e9 avec portes papillon et les v\u00e9hicules de tourisme. La distance de curseur de 70 cm permet l&rsquo;ouverture de portes jusqu&rsquo;\u00e0 environ 85 cm de large. Support de cadre Strap sp\u00e9cialement [&hellip;]","og_url":"https:\/\/shop.bantam.ch\/fr\/produit\/support-de-couplage-de-porte-battante-pour-porte-velos-sd260\/","og_site_name":"Bantam Wankm\u00fcller SA","article_modified_time":"2026-04-17T19:52:39+00:00","og_image":[{"width":2500,"height":1900,"url":"https:\/\/shop.bantam.ch\/wp-content\/uploads\/2023\/03\/9944802100-scaled.jpg","type":"image\/jpeg"}],"twitter_card":"summary_large_image","twitter_misc":{"Dur\u00e9e de lecture estim\u00e9e":"1 minute"},"schema":{"@context":"https:\/\/schema.org","@graph":[{"@type":"WebPage","@id":"https:\/\/shop.bantam.ch\/fr\/produit\/support-de-couplage-de-porte-battante-pour-porte-velos-sd260\/","url":"https:\/\/shop.bantam.ch\/fr\/produit\/support-de-couplage-de-porte-battante-pour-porte-velos-sd260\/","name":"Porte-v\u00e9los SD260 sur boule, charge maxi 60kg, 2 v\u00e9los - Bantam Wankm\u00fcller SA","isPartOf":{"@id":"https:\/\/shop.bantam.ch\/fr\/#website"},"primaryImageOfPage":{"@id":"https:\/\/shop.bantam.ch\/fr\/produit\/support-de-couplage-de-porte-battante-pour-porte-velos-sd260\/#primaryimage"},"image":{"@id":"https:\/\/shop.bantam.ch\/fr\/produit\/support-de-couplage-de-porte-battante-pour-porte-velos-sd260\/#primaryimage"},"thumbnailUrl":"https:\/\/shop.bantam.ch\/wp-content\/uploads\/2023\/03\/9944802100-scaled.jpg","datePublished":"2023-03-01T00:15:11+00:00","dateModified":"2026-04-17T19:52:39+00:00","breadcrumb":{"@id":"https:\/\/shop.bantam.ch\/fr\/produit\/support-de-couplage-de-porte-battante-pour-porte-velos-sd260\/#breadcrumb"},"inLanguage":"fr-FR","potentialAction":[{"@type":"ReadAction","target":["https:\/\/shop.bantam.ch\/fr\/produit\/support-de-couplage-de-porte-battante-pour-porte-velos-sd260\/"]}]},{"@type":"ImageObject","inLanguage":"fr-FR","@id":"https:\/\/shop.bantam.ch\/fr\/produit\/support-de-couplage-de-porte-battante-pour-porte-velos-sd260\/#primaryimage","url":"https:\/\/shop.bantam.ch\/wp-content\/uploads\/2023\/03\/9944802100-scaled.jpg","contentUrl":"https:\/\/shop.bantam.ch\/wp-content\/uploads\/2023\/03\/9944802100-scaled.jpg","width":2048,"height":1556},{"@type":"BreadcrumbList","@id":"https:\/\/shop.bantam.ch\/fr\/produit\/support-de-couplage-de-porte-battante-pour-porte-velos-sd260\/#breadcrumb","itemListElement":[{"@type":"ListItem","position":1,"name":"Accueil","item":"https:\/\/shop.bantam.ch\/fr\/"},{"@type":"ListItem","position":2,"name":"Boutique","item":"https:\/\/shop.bantam.ch\/fr\/boutique\/"},{"@type":"ListItem","position":3,"name":"Porte-v\u00e9los SD260 sur boule, charge maxi 60kg, 2 v\u00e9los"}]},{"@type":"WebSite","@id":"https:\/\/shop.bantam.ch\/fr\/#website","url":"https:\/\/shop.bantam.ch\/fr\/","name":"Bantam Wankm\u00fcller SA","description":"","publisher":{"@id":"https:\/\/shop.bantam.ch\/fr\/#organization"},"inLanguage":"fr-FR"},{"@type":"Organization","@id":"https:\/\/shop.bantam.ch\/fr\/#organization","name":"Bantam Wankm\u00fcller SA","url":"https:\/\/shop.bantam.ch\/fr\/","logo":{"@type":"ImageObject","inLanguage":"fr-FR","@id":"https:\/\/shop.bantam.ch\/fr\/#\/schema\/logo\/image\/","url":"https:\/\/shop.bantam.ch\/wp-content\/uploads\/2022\/12\/bantam-logo.png","contentUrl":"https:\/\/shop.bantam.ch\/wp-content\/uploads\/2022\/12\/bantam-logo.png","width":320,"height":71,"caption":"Bantam Wankm\u00fcller SA"},"image":{"@id":"https:\/\/shop.bantam.ch\/fr\/#\/schema\/logo\/image\/"}}]}},"_links":{"self":[{"href":"https:\/\/shop.bantam.ch\/fr\/wp-json\/wp\/v2\/product\/127002","targetHints":{"allow":["GET"]}}],"collection":[{"href":"https:\/\/shop.bantam.ch\/fr\/wp-json\/wp\/v2\/product"}],"about":[{"href":"https:\/\/shop.bantam.ch\/fr\/wp-json\/wp\/v2\/types\/product"}],"wp:featuredmedia":[{"embeddable":true,"href":"https:\/\/shop.bantam.ch\/fr\/wp-json\/wp\/v2\/media\/126970"}],"wp:attachment":[{"href":"https:\/\/shop.bantam.ch\/fr\/wp-json\/wp\/v2\/media?parent=127002"}],"wp:term":[{"taxonomy":"product_featured_cat","embeddable":true,"href":"https:\/\/shop.bantam.ch\/fr\/wp-json\/wp\/v2\/product_featured_cat?post=127002"},{"taxonomy":"product_brand","embeddable":true,"href":"https:\/\/shop.bantam.ch\/fr\/wp-json\/wp\/v2\/product_brand?post=127002"},{"taxonomy":"product_cat","embeddable":true,"href":"https:\/\/shop.bantam.ch\/fr\/wp-json\/wp\/v2\/product_cat?post=127002"},{"taxonomy":"product_tag","embeddable":true,"href":"https:\/\/shop.bantam.ch\/fr\/wp-json\/wp\/v2\/product_tag?post=127002"}],"curies":[{"name":"wp","href":"https:\/\/api.w.org\/{rel}","templated":true}]}}