{"id":126928,"date":"2023-03-01T01:14:22","date_gmt":"2023-03-01T00:14:22","guid":{"rendered":"https:\/\/shop.bantam.ch\/produit\/parasol-locarno-diametre-220-cm\/"},"modified":"2026-04-17T23:46:23","modified_gmt":"2026-04-17T21:46:23","slug":"parasol-locarno-diametre-220-cm","status":"publish","type":"product","link":"https:\/\/shop.bantam.ch\/fr\/produit\/parasol-locarno-diametre-220-cm\/","title":{"rendered":"Parasol Locarno, diam\u00e8tre 220 cm"},"content":{"rendered":"<p>Parasol LOCARNO env. 220 cm \u00d8<br \/>Toile 100 % polyester, env. 160 g\/m\u00b2, imputrescible, imperm\u00e9abilis\u00e9e, sans volant, bordure, m\u00e2t rond env. 220 cm \u00d8. Armatures peintes par poudrage gris argent\u00e9, toutes les pi\u00e8ces en plastique gris anthracite, grand poussoir avec bouton, arr\u00eatoir rotatif, haut boule, tilt d&rsquo;inclinaison en m\u00e9tal avec bouton \u00e0 pression, m\u00e2t en 2 parties \u00d8 22\/25 mm.<br \/>Couleurs disponibles\u00a0: naturel et anthracite.<br \/>Uniquement pour un usage priv\u00e9 \u00e0 l&rsquo;ext\u00e9rieur !<\/p>\n<p>Mat\u00e9riau\u00a0:\u00a0<br \/>100% polyester, couleur acier par poudrage gris argent\u00e9<\/p>\n","protected":false},"excerpt":{"rendered":"<p>Parasol LOCARNO env. 220 cm \u00d8Toile 100 % polyester, env. 160 g\/m\u00b2, imputrescible, imperm\u00e9abilis\u00e9e, sans volant, bordure, m\u00e2t rond env. 220 cm \u00d8. Armatures peintes par poudrage gris argent\u00e9, toutes les pi\u00e8ces en plastique gris anthracite, grand poussoir avec bouton, arr\u00eatoir rotatif, haut boule, tilt d&rsquo;inclinaison en m\u00e9tal avec bouton \u00e0 pression, m\u00e2t en 2 [&hellip;]<\/p>\n","protected":false},"featured_media":126896,"template":"","meta":{"_acf_changed":false},"product_featured_cat":[],"product_brand":[3306],"product_cat":[4463],"product_tag":[],"class_list":{"0":"post-126928","1":"product","2":"type-product","3":"status-publish","4":"has-post-thumbnail","6":"product_brand-schneider-schirme","7":"product_cat-parasols","9":"first","10":"instock","11":"taxable","12":"shipping-taxable","13":"purchasable","14":"product-type-variable"},"acf":[],"yoast_head":"<!-- This site is optimized with the Yoast SEO plugin v27.4 - https:\/\/yoast.com\/product\/yoast-seo-wordpress\/ -->\n<title>Parasol Locarno, diam\u00e8tre 220 cm - Bantam Wankm\u00fcller SA<\/title>\n<meta name=\"robots\" content=\"index, follow, max-snippet:-1, max-image-preview:large, max-video-preview:-1\" \/>\n<link rel=\"canonical\" href=\"https:\/\/shop.bantam.ch\/fr\/produit\/parasol-locarno-diametre-220-cm\/\" \/>\n<meta property=\"og:locale\" content=\"fr_FR\" \/>\n<meta property=\"og:type\" content=\"article\" \/>\n<meta property=\"og:title\" content=\"Parasol Locarno, diam\u00e8tre 220 cm - Bantam Wankm\u00fcller SA\" \/>\n<meta property=\"og:description\" content=\"Parasol LOCARNO env. 220 cm \u00d8Toile 100 % polyester, env. 160 g\/m\u00b2, imputrescible, imperm\u00e9abilis\u00e9e, sans volant, bordure, m\u00e2t rond env. 220 cm \u00d8. Armatures peintes par poudrage gris argent\u00e9, toutes les pi\u00e8ces en plastique gris anthracite, grand poussoir avec bouton, arr\u00eatoir rotatif, haut boule, tilt d&rsquo;inclinaison en m\u00e9tal avec bouton \u00e0 pression, m\u00e2t en 2 [&hellip;]\" \/>\n<meta property=\"og:url\" content=\"https:\/\/shop.bantam.ch\/fr\/produit\/parasol-locarno-diametre-220-cm\/\" \/>\n<meta property=\"og:site_name\" content=\"Bantam Wankm\u00fcller SA\" \/>\n<meta property=\"article:modified_time\" content=\"2026-04-17T21:46:23+00:00\" \/>\n<meta property=\"og:image\" content=\"https:\/\/shop.bantam.ch\/wp-content\/uploads\/2023\/03\/9961365100.jpg\" \/>\n\t<meta property=\"og:image:width\" content=\"992\" \/>\n\t<meta property=\"og:image:height\" content=\"1000\" \/>\n\t<meta property=\"og:image:type\" content=\"image\/jpeg\" \/>\n<meta name=\"twitter:card\" content=\"summary_large_image\" \/>\n<script type=\"application\/ld+json\" class=\"yoast-schema-graph\">{\"@context\":\"https:\\\/\\\/schema.org\",\"@graph\":[{\"@type\":\"WebPage\",\"@id\":\"https:\\\/\\\/shop.bantam.ch\\\/fr\\\/produit\\\/parasol-locarno-diametre-220-cm\\\/\",\"url\":\"https:\\\/\\\/shop.bantam.ch\\\/fr\\\/produit\\\/parasol-locarno-diametre-220-cm\\\/\",\"name\":\"Parasol Locarno, diam\u00e8tre 220 cm - Bantam Wankm\u00fcller SA\",\"isPartOf\":{\"@id\":\"https:\\\/\\\/shop.bantam.ch\\\/fr\\\/#website\"},\"primaryImageOfPage\":{\"@id\":\"https:\\\/\\\/shop.bantam.ch\\\/fr\\\/produit\\\/parasol-locarno-diametre-220-cm\\\/#primaryimage\"},\"image\":{\"@id\":\"https:\\\/\\\/shop.bantam.ch\\\/fr\\\/produit\\\/parasol-locarno-diametre-220-cm\\\/#primaryimage\"},\"thumbnailUrl\":\"https:\\\/\\\/shop.bantam.ch\\\/wp-content\\\/uploads\\\/2023\\\/03\\\/9961365100.jpg\",\"datePublished\":\"2023-03-01T00:14:22+00:00\",\"dateModified\":\"2026-04-17T21:46:23+00:00\",\"breadcrumb\":{\"@id\":\"https:\\\/\\\/shop.bantam.ch\\\/fr\\\/produit\\\/parasol-locarno-diametre-220-cm\\\/#breadcrumb\"},\"inLanguage\":\"fr-FR\",\"potentialAction\":[{\"@type\":\"ReadAction\",\"target\":[\"https:\\\/\\\/shop.bantam.ch\\\/fr\\\/produit\\\/parasol-locarno-diametre-220-cm\\\/\"]}]},{\"@type\":\"ImageObject\",\"inLanguage\":\"fr-FR\",\"@id\":\"https:\\\/\\\/shop.bantam.ch\\\/fr\\\/produit\\\/parasol-locarno-diametre-220-cm\\\/#primaryimage\",\"url\":\"https:\\\/\\\/shop.bantam.ch\\\/wp-content\\\/uploads\\\/2023\\\/03\\\/9961365100.jpg\",\"contentUrl\":\"https:\\\/\\\/shop.bantam.ch\\\/wp-content\\\/uploads\\\/2023\\\/03\\\/9961365100.jpg\",\"width\":992,\"height\":1000},{\"@type\":\"BreadcrumbList\",\"@id\":\"https:\\\/\\\/shop.bantam.ch\\\/fr\\\/produit\\\/parasol-locarno-diametre-220-cm\\\/#breadcrumb\",\"itemListElement\":[{\"@type\":\"ListItem\",\"position\":1,\"name\":\"Accueil\",\"item\":\"https:\\\/\\\/shop.bantam.ch\\\/fr\\\/\"},{\"@type\":\"ListItem\",\"position\":2,\"name\":\"Boutique\",\"item\":\"https:\\\/\\\/shop.bantam.ch\\\/fr\\\/boutique\\\/\"},{\"@type\":\"ListItem\",\"position\":3,\"name\":\"Parasol Locarno, diam\u00e8tre 220 cm\"}]},{\"@type\":\"WebSite\",\"@id\":\"https:\\\/\\\/shop.bantam.ch\\\/fr\\\/#website\",\"url\":\"https:\\\/\\\/shop.bantam.ch\\\/fr\\\/\",\"name\":\"Bantam Wankm\u00fcller SA\",\"description\":\"\",\"publisher\":{\"@id\":\"https:\\\/\\\/shop.bantam.ch\\\/fr\\\/#organization\"},\"inLanguage\":\"fr-FR\"},{\"@type\":\"Organization\",\"@id\":\"https:\\\/\\\/shop.bantam.ch\\\/fr\\\/#organization\",\"name\":\"Bantam Wankm\u00fcller SA\",\"url\":\"https:\\\/\\\/shop.bantam.ch\\\/fr\\\/\",\"logo\":{\"@type\":\"ImageObject\",\"inLanguage\":\"fr-FR\",\"@id\":\"https:\\\/\\\/shop.bantam.ch\\\/fr\\\/#\\\/schema\\\/logo\\\/image\\\/\",\"url\":\"https:\\\/\\\/shop.bantam.ch\\\/wp-content\\\/uploads\\\/2022\\\/12\\\/bantam-logo.png\",\"contentUrl\":\"https:\\\/\\\/shop.bantam.ch\\\/wp-content\\\/uploads\\\/2022\\\/12\\\/bantam-logo.png\",\"width\":320,\"height\":71,\"caption\":\"Bantam Wankm\u00fcller SA\"},\"image\":{\"@id\":\"https:\\\/\\\/shop.bantam.ch\\\/fr\\\/#\\\/schema\\\/logo\\\/image\\\/\"}}]}<\/script>\n<!-- \/ Yoast SEO plugin. -->","yoast_head_json":{"title":"Parasol Locarno, diam\u00e8tre 220 cm - Bantam Wankm\u00fcller SA","robots":{"index":"index","follow":"follow","max-snippet":"max-snippet:-1","max-image-preview":"max-image-preview:large","max-video-preview":"max-video-preview:-1"},"canonical":"https:\/\/shop.bantam.ch\/fr\/produit\/parasol-locarno-diametre-220-cm\/","og_locale":"fr_FR","og_type":"article","og_title":"Parasol Locarno, diam\u00e8tre 220 cm - Bantam Wankm\u00fcller SA","og_description":"Parasol LOCARNO env. 220 cm \u00d8Toile 100 % polyester, env. 160 g\/m\u00b2, imputrescible, imperm\u00e9abilis\u00e9e, sans volant, bordure, m\u00e2t rond env. 220 cm \u00d8. Armatures peintes par poudrage gris argent\u00e9, toutes les pi\u00e8ces en plastique gris anthracite, grand poussoir avec bouton, arr\u00eatoir rotatif, haut boule, tilt d&rsquo;inclinaison en m\u00e9tal avec bouton \u00e0 pression, m\u00e2t en 2 [&hellip;]","og_url":"https:\/\/shop.bantam.ch\/fr\/produit\/parasol-locarno-diametre-220-cm\/","og_site_name":"Bantam Wankm\u00fcller SA","article_modified_time":"2026-04-17T21:46:23+00:00","og_image":[{"width":992,"height":1000,"url":"https:\/\/shop.bantam.ch\/wp-content\/uploads\/2023\/03\/9961365100.jpg","type":"image\/jpeg"}],"twitter_card":"summary_large_image","schema":{"@context":"https:\/\/schema.org","@graph":[{"@type":"WebPage","@id":"https:\/\/shop.bantam.ch\/fr\/produit\/parasol-locarno-diametre-220-cm\/","url":"https:\/\/shop.bantam.ch\/fr\/produit\/parasol-locarno-diametre-220-cm\/","name":"Parasol Locarno, diam\u00e8tre 220 cm - Bantam Wankm\u00fcller SA","isPartOf":{"@id":"https:\/\/shop.bantam.ch\/fr\/#website"},"primaryImageOfPage":{"@id":"https:\/\/shop.bantam.ch\/fr\/produit\/parasol-locarno-diametre-220-cm\/#primaryimage"},"image":{"@id":"https:\/\/shop.bantam.ch\/fr\/produit\/parasol-locarno-diametre-220-cm\/#primaryimage"},"thumbnailUrl":"https:\/\/shop.bantam.ch\/wp-content\/uploads\/2023\/03\/9961365100.jpg","datePublished":"2023-03-01T00:14:22+00:00","dateModified":"2026-04-17T21:46:23+00:00","breadcrumb":{"@id":"https:\/\/shop.bantam.ch\/fr\/produit\/parasol-locarno-diametre-220-cm\/#breadcrumb"},"inLanguage":"fr-FR","potentialAction":[{"@type":"ReadAction","target":["https:\/\/shop.bantam.ch\/fr\/produit\/parasol-locarno-diametre-220-cm\/"]}]},{"@type":"ImageObject","inLanguage":"fr-FR","@id":"https:\/\/shop.bantam.ch\/fr\/produit\/parasol-locarno-diametre-220-cm\/#primaryimage","url":"https:\/\/shop.bantam.ch\/wp-content\/uploads\/2023\/03\/9961365100.jpg","contentUrl":"https:\/\/shop.bantam.ch\/wp-content\/uploads\/2023\/03\/9961365100.jpg","width":992,"height":1000},{"@type":"BreadcrumbList","@id":"https:\/\/shop.bantam.ch\/fr\/produit\/parasol-locarno-diametre-220-cm\/#breadcrumb","itemListElement":[{"@type":"ListItem","position":1,"name":"Accueil","item":"https:\/\/shop.bantam.ch\/fr\/"},{"@type":"ListItem","position":2,"name":"Boutique","item":"https:\/\/shop.bantam.ch\/fr\/boutique\/"},{"@type":"ListItem","position":3,"name":"Parasol Locarno, diam\u00e8tre 220 cm"}]},{"@type":"WebSite","@id":"https:\/\/shop.bantam.ch\/fr\/#website","url":"https:\/\/shop.bantam.ch\/fr\/","name":"Bantam Wankm\u00fcller SA","description":"","publisher":{"@id":"https:\/\/shop.bantam.ch\/fr\/#organization"},"inLanguage":"fr-FR"},{"@type":"Organization","@id":"https:\/\/shop.bantam.ch\/fr\/#organization","name":"Bantam Wankm\u00fcller SA","url":"https:\/\/shop.bantam.ch\/fr\/","logo":{"@type":"ImageObject","inLanguage":"fr-FR","@id":"https:\/\/shop.bantam.ch\/fr\/#\/schema\/logo\/image\/","url":"https:\/\/shop.bantam.ch\/wp-content\/uploads\/2022\/12\/bantam-logo.png","contentUrl":"https:\/\/shop.bantam.ch\/wp-content\/uploads\/2022\/12\/bantam-logo.png","width":320,"height":71,"caption":"Bantam Wankm\u00fcller SA"},"image":{"@id":"https:\/\/shop.bantam.ch\/fr\/#\/schema\/logo\/image\/"}}]}},"_links":{"self":[{"href":"https:\/\/shop.bantam.ch\/fr\/wp-json\/wp\/v2\/product\/126928","targetHints":{"allow":["GET"]}}],"collection":[{"href":"https:\/\/shop.bantam.ch\/fr\/wp-json\/wp\/v2\/product"}],"about":[{"href":"https:\/\/shop.bantam.ch\/fr\/wp-json\/wp\/v2\/types\/product"}],"wp:featuredmedia":[{"embeddable":true,"href":"https:\/\/shop.bantam.ch\/fr\/wp-json\/wp\/v2\/media\/126896"}],"wp:attachment":[{"href":"https:\/\/shop.bantam.ch\/fr\/wp-json\/wp\/v2\/media?parent=126928"}],"wp:term":[{"taxonomy":"product_featured_cat","embeddable":true,"href":"https:\/\/shop.bantam.ch\/fr\/wp-json\/wp\/v2\/product_featured_cat?post=126928"},{"taxonomy":"product_brand","embeddable":true,"href":"https:\/\/shop.bantam.ch\/fr\/wp-json\/wp\/v2\/product_brand?post=126928"},{"taxonomy":"product_cat","embeddable":true,"href":"https:\/\/shop.bantam.ch\/fr\/wp-json\/wp\/v2\/product_cat?post=126928"},{"taxonomy":"product_tag","embeddable":true,"href":"https:\/\/shop.bantam.ch\/fr\/wp-json\/wp\/v2\/product_tag?post=126928"}],"curies":[{"name":"wp","href":"https:\/\/api.w.org\/{rel}","templated":true}]}}