{"id":126602,"date":"2023-03-01T01:11:53","date_gmt":"2023-03-01T00:11:53","guid":{"rendered":"https:\/\/shop.bantam.ch\/produit\/jeu-de-croquet\/"},"modified":"2026-04-22T21:53:14","modified_gmt":"2026-04-22T19:53:14","slug":"jeu-de-croquet","status":"publish","type":"product","link":"https:\/\/shop.bantam.ch\/fr\/produit\/jeu-de-croquet\/","title":{"rendered":"Jeu de croquet gland"},"content":{"rendered":"<p>Au jeu de croquet Eichhorn des boules en bois multicolores doivent \u00eatre frapp\u00e9es \u00e0 travers des petits arceaux \u00e0 l&rsquo;aide de maillets en bois selon une rang\u00e9e pr\u00e9d\u00e9termin\u00e9e jusqu&rsquo;\u00e0 l&rsquo;arriv\u00e9e. Le lot inclut deux maillets de 65 cm, 4 boules de 50 mm de diam\u00e8tre, un poteau de d\u00e9part et un poteau d&rsquo;arriv\u00e9e ainsi que 10 arceaux \u00e0 dresser. \u00c0 P\u00e2ques, pour un anniversaire ou tout simplement occasionnellement, le jeu de croquet est une id\u00e9e cadeau parfaite qui offre un grand plaisir de jeu dans tous les jardins et parcs. Le jeu est tr\u00e8s l\u00e9ger et se monte rapidement sur la prairie, convient aux enfants d\u00e8s 3 ans.<\/p>\n","protected":false},"excerpt":{"rendered":"<p>Au jeu de croquet Eichhorn des boules en bois multicolores doivent \u00eatre frapp\u00e9es \u00e0 travers des petits arceaux \u00e0 l&rsquo;aide de maillets en bois selon une rang\u00e9e pr\u00e9d\u00e9termin\u00e9e jusqu&rsquo;\u00e0 l&rsquo;arriv\u00e9e. Le lot inclut deux maillets de 65 cm, 4 boules de 50 mm de diam\u00e8tre, un poteau de d\u00e9part et un poteau d&rsquo;arriv\u00e9e ainsi que [&hellip;]<\/p>\n","protected":false},"featured_media":126596,"template":"","meta":{"_acf_changed":false},"product_featured_cat":[],"product_brand":[3650],"product_cat":[4457],"product_tag":[],"class_list":{"0":"post-126602","1":"product","2":"type-product","3":"status-publish","4":"has-post-thumbnail","6":"product_brand-eichhorn","7":"product_cat-jouets","9":"first","10":"instock","11":"taxable","12":"shipping-taxable","13":"purchasable","14":"product-type-simple"},"acf":[],"yoast_head":"<!-- This site is optimized with the Yoast SEO plugin v27.4 - https:\/\/yoast.com\/product\/yoast-seo-wordpress\/ -->\n<title>Jeu de croquet gland - Bantam Wankm\u00fcller SA<\/title>\n<meta name=\"robots\" content=\"index, follow, max-snippet:-1, max-image-preview:large, max-video-preview:-1\" \/>\n<link rel=\"canonical\" href=\"https:\/\/shop.bantam.ch\/fr\/produit\/jeu-de-croquet\/\" \/>\n<meta property=\"og:locale\" content=\"fr_FR\" \/>\n<meta property=\"og:type\" content=\"article\" \/>\n<meta property=\"og:title\" content=\"Jeu de croquet gland - Bantam Wankm\u00fcller SA\" \/>\n<meta property=\"og:description\" content=\"Au jeu de croquet Eichhorn des boules en bois multicolores doivent \u00eatre frapp\u00e9es \u00e0 travers des petits arceaux \u00e0 l&rsquo;aide de maillets en bois selon une rang\u00e9e pr\u00e9d\u00e9termin\u00e9e jusqu&rsquo;\u00e0 l&rsquo;arriv\u00e9e. Le lot inclut deux maillets de 65 cm, 4 boules de 50 mm de diam\u00e8tre, un poteau de d\u00e9part et un poteau d&rsquo;arriv\u00e9e ainsi que [&hellip;]\" \/>\n<meta property=\"og:url\" content=\"https:\/\/shop.bantam.ch\/fr\/produit\/jeu-de-croquet\/\" \/>\n<meta property=\"og:site_name\" content=\"Bantam Wankm\u00fcller SA\" \/>\n<meta property=\"article:modified_time\" content=\"2026-04-22T19:53:14+00:00\" \/>\n<meta property=\"og:image\" content=\"https:\/\/shop.bantam.ch\/wp-content\/uploads\/2023\/03\/9961359101.jpg\" \/>\n\t<meta property=\"og:image:width\" content=\"1000\" \/>\n\t<meta property=\"og:image:height\" content=\"731\" \/>\n\t<meta property=\"og:image:type\" content=\"image\/jpeg\" \/>\n<meta name=\"twitter:card\" content=\"summary_large_image\" \/>\n<meta name=\"twitter:label1\" content=\"Dur\u00e9e de lecture estim\u00e9e\" \/>\n\t<meta name=\"twitter:data1\" content=\"1 minute\" \/>\n<script type=\"application\/ld+json\" class=\"yoast-schema-graph\">{\"@context\":\"https:\\\/\\\/schema.org\",\"@graph\":[{\"@type\":\"WebPage\",\"@id\":\"https:\\\/\\\/shop.bantam.ch\\\/fr\\\/produit\\\/jeu-de-croquet\\\/\",\"url\":\"https:\\\/\\\/shop.bantam.ch\\\/fr\\\/produit\\\/jeu-de-croquet\\\/\",\"name\":\"Jeu de croquet gland - Bantam Wankm\u00fcller SA\",\"isPartOf\":{\"@id\":\"https:\\\/\\\/shop.bantam.ch\\\/fr\\\/#website\"},\"primaryImageOfPage\":{\"@id\":\"https:\\\/\\\/shop.bantam.ch\\\/fr\\\/produit\\\/jeu-de-croquet\\\/#primaryimage\"},\"image\":{\"@id\":\"https:\\\/\\\/shop.bantam.ch\\\/fr\\\/produit\\\/jeu-de-croquet\\\/#primaryimage\"},\"thumbnailUrl\":\"https:\\\/\\\/shop.bantam.ch\\\/wp-content\\\/uploads\\\/2023\\\/03\\\/9961359101.jpg\",\"datePublished\":\"2023-03-01T00:11:53+00:00\",\"dateModified\":\"2026-04-22T19:53:14+00:00\",\"breadcrumb\":{\"@id\":\"https:\\\/\\\/shop.bantam.ch\\\/fr\\\/produit\\\/jeu-de-croquet\\\/#breadcrumb\"},\"inLanguage\":\"fr-FR\",\"potentialAction\":[{\"@type\":\"ReadAction\",\"target\":[\"https:\\\/\\\/shop.bantam.ch\\\/fr\\\/produit\\\/jeu-de-croquet\\\/\"]}]},{\"@type\":\"ImageObject\",\"inLanguage\":\"fr-FR\",\"@id\":\"https:\\\/\\\/shop.bantam.ch\\\/fr\\\/produit\\\/jeu-de-croquet\\\/#primaryimage\",\"url\":\"https:\\\/\\\/shop.bantam.ch\\\/wp-content\\\/uploads\\\/2023\\\/03\\\/9961359101.jpg\",\"contentUrl\":\"https:\\\/\\\/shop.bantam.ch\\\/wp-content\\\/uploads\\\/2023\\\/03\\\/9961359101.jpg\",\"width\":1000,\"height\":731},{\"@type\":\"BreadcrumbList\",\"@id\":\"https:\\\/\\\/shop.bantam.ch\\\/fr\\\/produit\\\/jeu-de-croquet\\\/#breadcrumb\",\"itemListElement\":[{\"@type\":\"ListItem\",\"position\":1,\"name\":\"Accueil\",\"item\":\"https:\\\/\\\/shop.bantam.ch\\\/fr\\\/\"},{\"@type\":\"ListItem\",\"position\":2,\"name\":\"Boutique\",\"item\":\"https:\\\/\\\/shop.bantam.ch\\\/fr\\\/boutique\\\/\"},{\"@type\":\"ListItem\",\"position\":3,\"name\":\"Jeu de croquet gland\"}]},{\"@type\":\"WebSite\",\"@id\":\"https:\\\/\\\/shop.bantam.ch\\\/fr\\\/#website\",\"url\":\"https:\\\/\\\/shop.bantam.ch\\\/fr\\\/\",\"name\":\"Bantam Wankm\u00fcller SA\",\"description\":\"\",\"publisher\":{\"@id\":\"https:\\\/\\\/shop.bantam.ch\\\/fr\\\/#organization\"},\"inLanguage\":\"fr-FR\"},{\"@type\":\"Organization\",\"@id\":\"https:\\\/\\\/shop.bantam.ch\\\/fr\\\/#organization\",\"name\":\"Bantam Wankm\u00fcller SA\",\"url\":\"https:\\\/\\\/shop.bantam.ch\\\/fr\\\/\",\"logo\":{\"@type\":\"ImageObject\",\"inLanguage\":\"fr-FR\",\"@id\":\"https:\\\/\\\/shop.bantam.ch\\\/fr\\\/#\\\/schema\\\/logo\\\/image\\\/\",\"url\":\"https:\\\/\\\/shop.bantam.ch\\\/wp-content\\\/uploads\\\/2022\\\/12\\\/bantam-logo.png\",\"contentUrl\":\"https:\\\/\\\/shop.bantam.ch\\\/wp-content\\\/uploads\\\/2022\\\/12\\\/bantam-logo.png\",\"width\":320,\"height\":71,\"caption\":\"Bantam Wankm\u00fcller SA\"},\"image\":{\"@id\":\"https:\\\/\\\/shop.bantam.ch\\\/fr\\\/#\\\/schema\\\/logo\\\/image\\\/\"}}]}<\/script>\n<!-- \/ Yoast SEO plugin. -->","yoast_head_json":{"title":"Jeu de croquet gland - Bantam Wankm\u00fcller SA","robots":{"index":"index","follow":"follow","max-snippet":"max-snippet:-1","max-image-preview":"max-image-preview:large","max-video-preview":"max-video-preview:-1"},"canonical":"https:\/\/shop.bantam.ch\/fr\/produit\/jeu-de-croquet\/","og_locale":"fr_FR","og_type":"article","og_title":"Jeu de croquet gland - Bantam Wankm\u00fcller SA","og_description":"Au jeu de croquet Eichhorn des boules en bois multicolores doivent \u00eatre frapp\u00e9es \u00e0 travers des petits arceaux \u00e0 l&rsquo;aide de maillets en bois selon une rang\u00e9e pr\u00e9d\u00e9termin\u00e9e jusqu&rsquo;\u00e0 l&rsquo;arriv\u00e9e. Le lot inclut deux maillets de 65 cm, 4 boules de 50 mm de diam\u00e8tre, un poteau de d\u00e9part et un poteau d&rsquo;arriv\u00e9e ainsi que [&hellip;]","og_url":"https:\/\/shop.bantam.ch\/fr\/produit\/jeu-de-croquet\/","og_site_name":"Bantam Wankm\u00fcller SA","article_modified_time":"2026-04-22T19:53:14+00:00","og_image":[{"width":1000,"height":731,"url":"https:\/\/shop.bantam.ch\/wp-content\/uploads\/2023\/03\/9961359101.jpg","type":"image\/jpeg"}],"twitter_card":"summary_large_image","twitter_misc":{"Dur\u00e9e de lecture estim\u00e9e":"1 minute"},"schema":{"@context":"https:\/\/schema.org","@graph":[{"@type":"WebPage","@id":"https:\/\/shop.bantam.ch\/fr\/produit\/jeu-de-croquet\/","url":"https:\/\/shop.bantam.ch\/fr\/produit\/jeu-de-croquet\/","name":"Jeu de croquet gland - Bantam Wankm\u00fcller SA","isPartOf":{"@id":"https:\/\/shop.bantam.ch\/fr\/#website"},"primaryImageOfPage":{"@id":"https:\/\/shop.bantam.ch\/fr\/produit\/jeu-de-croquet\/#primaryimage"},"image":{"@id":"https:\/\/shop.bantam.ch\/fr\/produit\/jeu-de-croquet\/#primaryimage"},"thumbnailUrl":"https:\/\/shop.bantam.ch\/wp-content\/uploads\/2023\/03\/9961359101.jpg","datePublished":"2023-03-01T00:11:53+00:00","dateModified":"2026-04-22T19:53:14+00:00","breadcrumb":{"@id":"https:\/\/shop.bantam.ch\/fr\/produit\/jeu-de-croquet\/#breadcrumb"},"inLanguage":"fr-FR","potentialAction":[{"@type":"ReadAction","target":["https:\/\/shop.bantam.ch\/fr\/produit\/jeu-de-croquet\/"]}]},{"@type":"ImageObject","inLanguage":"fr-FR","@id":"https:\/\/shop.bantam.ch\/fr\/produit\/jeu-de-croquet\/#primaryimage","url":"https:\/\/shop.bantam.ch\/wp-content\/uploads\/2023\/03\/9961359101.jpg","contentUrl":"https:\/\/shop.bantam.ch\/wp-content\/uploads\/2023\/03\/9961359101.jpg","width":1000,"height":731},{"@type":"BreadcrumbList","@id":"https:\/\/shop.bantam.ch\/fr\/produit\/jeu-de-croquet\/#breadcrumb","itemListElement":[{"@type":"ListItem","position":1,"name":"Accueil","item":"https:\/\/shop.bantam.ch\/fr\/"},{"@type":"ListItem","position":2,"name":"Boutique","item":"https:\/\/shop.bantam.ch\/fr\/boutique\/"},{"@type":"ListItem","position":3,"name":"Jeu de croquet gland"}]},{"@type":"WebSite","@id":"https:\/\/shop.bantam.ch\/fr\/#website","url":"https:\/\/shop.bantam.ch\/fr\/","name":"Bantam Wankm\u00fcller SA","description":"","publisher":{"@id":"https:\/\/shop.bantam.ch\/fr\/#organization"},"inLanguage":"fr-FR"},{"@type":"Organization","@id":"https:\/\/shop.bantam.ch\/fr\/#organization","name":"Bantam Wankm\u00fcller SA","url":"https:\/\/shop.bantam.ch\/fr\/","logo":{"@type":"ImageObject","inLanguage":"fr-FR","@id":"https:\/\/shop.bantam.ch\/fr\/#\/schema\/logo\/image\/","url":"https:\/\/shop.bantam.ch\/wp-content\/uploads\/2022\/12\/bantam-logo.png","contentUrl":"https:\/\/shop.bantam.ch\/wp-content\/uploads\/2022\/12\/bantam-logo.png","width":320,"height":71,"caption":"Bantam Wankm\u00fcller SA"},"image":{"@id":"https:\/\/shop.bantam.ch\/fr\/#\/schema\/logo\/image\/"}}]}},"_links":{"self":[{"href":"https:\/\/shop.bantam.ch\/fr\/wp-json\/wp\/v2\/product\/126602","targetHints":{"allow":["GET"]}}],"collection":[{"href":"https:\/\/shop.bantam.ch\/fr\/wp-json\/wp\/v2\/product"}],"about":[{"href":"https:\/\/shop.bantam.ch\/fr\/wp-json\/wp\/v2\/types\/product"}],"wp:featuredmedia":[{"embeddable":true,"href":"https:\/\/shop.bantam.ch\/fr\/wp-json\/wp\/v2\/media\/126596"}],"wp:attachment":[{"href":"https:\/\/shop.bantam.ch\/fr\/wp-json\/wp\/v2\/media?parent=126602"}],"wp:term":[{"taxonomy":"product_featured_cat","embeddable":true,"href":"https:\/\/shop.bantam.ch\/fr\/wp-json\/wp\/v2\/product_featured_cat?post=126602"},{"taxonomy":"product_brand","embeddable":true,"href":"https:\/\/shop.bantam.ch\/fr\/wp-json\/wp\/v2\/product_brand?post=126602"},{"taxonomy":"product_cat","embeddable":true,"href":"https:\/\/shop.bantam.ch\/fr\/wp-json\/wp\/v2\/product_cat?post=126602"},{"taxonomy":"product_tag","embeddable":true,"href":"https:\/\/shop.bantam.ch\/fr\/wp-json\/wp\/v2\/product_tag?post=126602"}],"curies":[{"name":"wp","href":"https:\/\/api.w.org\/{rel}","templated":true}]}}