{"id":126594,"date":"2023-03-01T01:11:48","date_gmt":"2023-03-01T00:11:48","guid":{"rendered":"https:\/\/shop.bantam.ch\/produit\/jeu-de-mouvement\/"},"modified":"2026-04-17T21:52:24","modified_gmt":"2026-04-17T19:52:24","slug":"jeu-de-mouvement","status":"publish","type":"product","link":"https:\/\/shop.bantam.ch\/fr\/produit\/jeu-de-mouvement\/","title":{"rendered":"Jeu de mouvement gland"},"content":{"rendered":"<p>Le jeu de mouvement Eichhorn se compose de 20 disques de jeu en bois color\u00e9s dont les motifs amusants incitent les petits \u00e0 bouger, danser, faire de la gymnastique et se d\u00e9fouler. Le set associe ainsi le jeu et le sport. Les disques de jeu indiquent aux enfants certains exercices et mouvements qu&rsquo;ils doivent imiter et r\u00e9aliser de mani\u00e8re ludique. Il n&rsquo;y a bien s\u00fbr aucune limite \u00e0 leur propre cr\u00e9ativit\u00e9. Pour le rangement, le set de jeu est livr\u00e9 avec un sac en tissu dans lequel les 20 pi\u00e8ces peuvent \u00eatre facilement rang\u00e9es et emport\u00e9es partout. Le jeu de mouvement est le jouet parfait pour les enfants \u00e0 partir de 3 ans et promet un vent de fra\u00eecheur dans le jardin, le parc et en vacances.<\/p>\n","protected":false},"excerpt":{"rendered":"<p>Le jeu de mouvement Eichhorn se compose de 20 disques de jeu en bois color\u00e9s dont les motifs amusants incitent les petits \u00e0 bouger, danser, faire de la gymnastique et se d\u00e9fouler. Le set associe ainsi le jeu et le sport. Les disques de jeu indiquent aux enfants certains exercices et mouvements qu&rsquo;ils doivent imiter [&hellip;]<\/p>\n","protected":false},"featured_media":126578,"template":"","meta":{"_acf_changed":false},"product_featured_cat":[],"product_brand":[3650],"product_cat":[4457],"product_tag":[],"class_list":{"0":"post-126594","1":"product","2":"type-product","3":"status-publish","4":"has-post-thumbnail","6":"product_brand-eichhorn","7":"product_cat-jouets","9":"first","10":"instock","11":"taxable","12":"shipping-taxable","13":"purchasable","14":"product-type-simple"},"acf":[],"yoast_head":"<!-- This site is optimized with the Yoast SEO plugin v27.4 - https:\/\/yoast.com\/product\/yoast-seo-wordpress\/ -->\n<title>Jeu de mouvement gland - Bantam Wankm\u00fcller SA<\/title>\n<meta name=\"robots\" content=\"index, follow, max-snippet:-1, max-image-preview:large, max-video-preview:-1\" \/>\n<link rel=\"canonical\" href=\"https:\/\/shop.bantam.ch\/fr\/produit\/jeu-de-mouvement\/\" \/>\n<meta property=\"og:locale\" content=\"fr_FR\" \/>\n<meta property=\"og:type\" content=\"article\" \/>\n<meta property=\"og:title\" content=\"Jeu de mouvement gland - Bantam Wankm\u00fcller SA\" \/>\n<meta property=\"og:description\" content=\"Le jeu de mouvement Eichhorn se compose de 20 disques de jeu en bois color\u00e9s dont les motifs amusants incitent les petits \u00e0 bouger, danser, faire de la gymnastique et se d\u00e9fouler. Le set associe ainsi le jeu et le sport. Les disques de jeu indiquent aux enfants certains exercices et mouvements qu&rsquo;ils doivent imiter [&hellip;]\" \/>\n<meta property=\"og:url\" content=\"https:\/\/shop.bantam.ch\/fr\/produit\/jeu-de-mouvement\/\" \/>\n<meta property=\"og:site_name\" content=\"Bantam Wankm\u00fcller SA\" \/>\n<meta property=\"article:modified_time\" content=\"2026-04-17T19:52:24+00:00\" \/>\n<meta property=\"og:image\" content=\"https:\/\/shop.bantam.ch\/wp-content\/uploads\/2023\/03\/9961358100.jpg\" \/>\n\t<meta property=\"og:image:width\" content=\"481\" \/>\n\t<meta property=\"og:image:height\" content=\"1000\" \/>\n\t<meta property=\"og:image:type\" content=\"image\/jpeg\" \/>\n<meta name=\"twitter:card\" content=\"summary_large_image\" \/>\n<meta name=\"twitter:label1\" content=\"Dur\u00e9e de lecture estim\u00e9e\" \/>\n\t<meta name=\"twitter:data1\" content=\"1 minute\" \/>\n<script type=\"application\/ld+json\" class=\"yoast-schema-graph\">{\"@context\":\"https:\\\/\\\/schema.org\",\"@graph\":[{\"@type\":\"WebPage\",\"@id\":\"https:\\\/\\\/shop.bantam.ch\\\/fr\\\/produit\\\/jeu-de-mouvement\\\/\",\"url\":\"https:\\\/\\\/shop.bantam.ch\\\/fr\\\/produit\\\/jeu-de-mouvement\\\/\",\"name\":\"Jeu de mouvement gland - Bantam Wankm\u00fcller SA\",\"isPartOf\":{\"@id\":\"https:\\\/\\\/shop.bantam.ch\\\/fr\\\/#website\"},\"primaryImageOfPage\":{\"@id\":\"https:\\\/\\\/shop.bantam.ch\\\/fr\\\/produit\\\/jeu-de-mouvement\\\/#primaryimage\"},\"image\":{\"@id\":\"https:\\\/\\\/shop.bantam.ch\\\/fr\\\/produit\\\/jeu-de-mouvement\\\/#primaryimage\"},\"thumbnailUrl\":\"https:\\\/\\\/shop.bantam.ch\\\/wp-content\\\/uploads\\\/2023\\\/03\\\/9961358100.jpg\",\"datePublished\":\"2023-03-01T00:11:48+00:00\",\"dateModified\":\"2026-04-17T19:52:24+00:00\",\"breadcrumb\":{\"@id\":\"https:\\\/\\\/shop.bantam.ch\\\/fr\\\/produit\\\/jeu-de-mouvement\\\/#breadcrumb\"},\"inLanguage\":\"fr-FR\",\"potentialAction\":[{\"@type\":\"ReadAction\",\"target\":[\"https:\\\/\\\/shop.bantam.ch\\\/fr\\\/produit\\\/jeu-de-mouvement\\\/\"]}]},{\"@type\":\"ImageObject\",\"inLanguage\":\"fr-FR\",\"@id\":\"https:\\\/\\\/shop.bantam.ch\\\/fr\\\/produit\\\/jeu-de-mouvement\\\/#primaryimage\",\"url\":\"https:\\\/\\\/shop.bantam.ch\\\/wp-content\\\/uploads\\\/2023\\\/03\\\/9961358100.jpg\",\"contentUrl\":\"https:\\\/\\\/shop.bantam.ch\\\/wp-content\\\/uploads\\\/2023\\\/03\\\/9961358100.jpg\",\"width\":481,\"height\":1000},{\"@type\":\"BreadcrumbList\",\"@id\":\"https:\\\/\\\/shop.bantam.ch\\\/fr\\\/produit\\\/jeu-de-mouvement\\\/#breadcrumb\",\"itemListElement\":[{\"@type\":\"ListItem\",\"position\":1,\"name\":\"Accueil\",\"item\":\"https:\\\/\\\/shop.bantam.ch\\\/fr\\\/\"},{\"@type\":\"ListItem\",\"position\":2,\"name\":\"Boutique\",\"item\":\"https:\\\/\\\/shop.bantam.ch\\\/fr\\\/boutique\\\/\"},{\"@type\":\"ListItem\",\"position\":3,\"name\":\"Jeu de mouvement gland\"}]},{\"@type\":\"WebSite\",\"@id\":\"https:\\\/\\\/shop.bantam.ch\\\/fr\\\/#website\",\"url\":\"https:\\\/\\\/shop.bantam.ch\\\/fr\\\/\",\"name\":\"Bantam Wankm\u00fcller SA\",\"description\":\"\",\"publisher\":{\"@id\":\"https:\\\/\\\/shop.bantam.ch\\\/fr\\\/#organization\"},\"inLanguage\":\"fr-FR\"},{\"@type\":\"Organization\",\"@id\":\"https:\\\/\\\/shop.bantam.ch\\\/fr\\\/#organization\",\"name\":\"Bantam Wankm\u00fcller SA\",\"url\":\"https:\\\/\\\/shop.bantam.ch\\\/fr\\\/\",\"logo\":{\"@type\":\"ImageObject\",\"inLanguage\":\"fr-FR\",\"@id\":\"https:\\\/\\\/shop.bantam.ch\\\/fr\\\/#\\\/schema\\\/logo\\\/image\\\/\",\"url\":\"https:\\\/\\\/shop.bantam.ch\\\/wp-content\\\/uploads\\\/2022\\\/12\\\/bantam-logo.png\",\"contentUrl\":\"https:\\\/\\\/shop.bantam.ch\\\/wp-content\\\/uploads\\\/2022\\\/12\\\/bantam-logo.png\",\"width\":320,\"height\":71,\"caption\":\"Bantam Wankm\u00fcller SA\"},\"image\":{\"@id\":\"https:\\\/\\\/shop.bantam.ch\\\/fr\\\/#\\\/schema\\\/logo\\\/image\\\/\"}}]}<\/script>\n<!-- \/ Yoast SEO plugin. -->","yoast_head_json":{"title":"Jeu de mouvement gland - Bantam Wankm\u00fcller SA","robots":{"index":"index","follow":"follow","max-snippet":"max-snippet:-1","max-image-preview":"max-image-preview:large","max-video-preview":"max-video-preview:-1"},"canonical":"https:\/\/shop.bantam.ch\/fr\/produit\/jeu-de-mouvement\/","og_locale":"fr_FR","og_type":"article","og_title":"Jeu de mouvement gland - Bantam Wankm\u00fcller SA","og_description":"Le jeu de mouvement Eichhorn se compose de 20 disques de jeu en bois color\u00e9s dont les motifs amusants incitent les petits \u00e0 bouger, danser, faire de la gymnastique et se d\u00e9fouler. Le set associe ainsi le jeu et le sport. Les disques de jeu indiquent aux enfants certains exercices et mouvements qu&rsquo;ils doivent imiter [&hellip;]","og_url":"https:\/\/shop.bantam.ch\/fr\/produit\/jeu-de-mouvement\/","og_site_name":"Bantam Wankm\u00fcller SA","article_modified_time":"2026-04-17T19:52:24+00:00","og_image":[{"width":481,"height":1000,"url":"https:\/\/shop.bantam.ch\/wp-content\/uploads\/2023\/03\/9961358100.jpg","type":"image\/jpeg"}],"twitter_card":"summary_large_image","twitter_misc":{"Dur\u00e9e de lecture estim\u00e9e":"1 minute"},"schema":{"@context":"https:\/\/schema.org","@graph":[{"@type":"WebPage","@id":"https:\/\/shop.bantam.ch\/fr\/produit\/jeu-de-mouvement\/","url":"https:\/\/shop.bantam.ch\/fr\/produit\/jeu-de-mouvement\/","name":"Jeu de mouvement gland - Bantam Wankm\u00fcller SA","isPartOf":{"@id":"https:\/\/shop.bantam.ch\/fr\/#website"},"primaryImageOfPage":{"@id":"https:\/\/shop.bantam.ch\/fr\/produit\/jeu-de-mouvement\/#primaryimage"},"image":{"@id":"https:\/\/shop.bantam.ch\/fr\/produit\/jeu-de-mouvement\/#primaryimage"},"thumbnailUrl":"https:\/\/shop.bantam.ch\/wp-content\/uploads\/2023\/03\/9961358100.jpg","datePublished":"2023-03-01T00:11:48+00:00","dateModified":"2026-04-17T19:52:24+00:00","breadcrumb":{"@id":"https:\/\/shop.bantam.ch\/fr\/produit\/jeu-de-mouvement\/#breadcrumb"},"inLanguage":"fr-FR","potentialAction":[{"@type":"ReadAction","target":["https:\/\/shop.bantam.ch\/fr\/produit\/jeu-de-mouvement\/"]}]},{"@type":"ImageObject","inLanguage":"fr-FR","@id":"https:\/\/shop.bantam.ch\/fr\/produit\/jeu-de-mouvement\/#primaryimage","url":"https:\/\/shop.bantam.ch\/wp-content\/uploads\/2023\/03\/9961358100.jpg","contentUrl":"https:\/\/shop.bantam.ch\/wp-content\/uploads\/2023\/03\/9961358100.jpg","width":481,"height":1000},{"@type":"BreadcrumbList","@id":"https:\/\/shop.bantam.ch\/fr\/produit\/jeu-de-mouvement\/#breadcrumb","itemListElement":[{"@type":"ListItem","position":1,"name":"Accueil","item":"https:\/\/shop.bantam.ch\/fr\/"},{"@type":"ListItem","position":2,"name":"Boutique","item":"https:\/\/shop.bantam.ch\/fr\/boutique\/"},{"@type":"ListItem","position":3,"name":"Jeu de mouvement gland"}]},{"@type":"WebSite","@id":"https:\/\/shop.bantam.ch\/fr\/#website","url":"https:\/\/shop.bantam.ch\/fr\/","name":"Bantam Wankm\u00fcller SA","description":"","publisher":{"@id":"https:\/\/shop.bantam.ch\/fr\/#organization"},"inLanguage":"fr-FR"},{"@type":"Organization","@id":"https:\/\/shop.bantam.ch\/fr\/#organization","name":"Bantam Wankm\u00fcller SA","url":"https:\/\/shop.bantam.ch\/fr\/","logo":{"@type":"ImageObject","inLanguage":"fr-FR","@id":"https:\/\/shop.bantam.ch\/fr\/#\/schema\/logo\/image\/","url":"https:\/\/shop.bantam.ch\/wp-content\/uploads\/2022\/12\/bantam-logo.png","contentUrl":"https:\/\/shop.bantam.ch\/wp-content\/uploads\/2022\/12\/bantam-logo.png","width":320,"height":71,"caption":"Bantam Wankm\u00fcller SA"},"image":{"@id":"https:\/\/shop.bantam.ch\/fr\/#\/schema\/logo\/image\/"}}]}},"_links":{"self":[{"href":"https:\/\/shop.bantam.ch\/fr\/wp-json\/wp\/v2\/product\/126594","targetHints":{"allow":["GET"]}}],"collection":[{"href":"https:\/\/shop.bantam.ch\/fr\/wp-json\/wp\/v2\/product"}],"about":[{"href":"https:\/\/shop.bantam.ch\/fr\/wp-json\/wp\/v2\/types\/product"}],"wp:featuredmedia":[{"embeddable":true,"href":"https:\/\/shop.bantam.ch\/fr\/wp-json\/wp\/v2\/media\/126578"}],"wp:attachment":[{"href":"https:\/\/shop.bantam.ch\/fr\/wp-json\/wp\/v2\/media?parent=126594"}],"wp:term":[{"taxonomy":"product_featured_cat","embeddable":true,"href":"https:\/\/shop.bantam.ch\/fr\/wp-json\/wp\/v2\/product_featured_cat?post=126594"},{"taxonomy":"product_brand","embeddable":true,"href":"https:\/\/shop.bantam.ch\/fr\/wp-json\/wp\/v2\/product_brand?post=126594"},{"taxonomy":"product_cat","embeddable":true,"href":"https:\/\/shop.bantam.ch\/fr\/wp-json\/wp\/v2\/product_cat?post=126594"},{"taxonomy":"product_tag","embeddable":true,"href":"https:\/\/shop.bantam.ch\/fr\/wp-json\/wp\/v2\/product_tag?post=126594"}],"curies":[{"name":"wp","href":"https:\/\/api.w.org\/{rel}","templated":true}]}}