{"id":126536,"date":"2023-03-01T01:11:01","date_gmt":"2023-03-01T00:11:01","guid":{"rendered":"https:\/\/shop.bantam.ch\/produit\/guide-de-voyage-les-plus-beaux-courts-sejours-en-allemagne-et-autour-de-lallemagne\/"},"modified":"2026-04-19T21:55:14","modified_gmt":"2026-04-19T19:55:14","slug":"guide-de-voyage-les-plus-beaux-courts-sejours-en-allemagne-et-autour-de-lallemagne","status":"publish","type":"product","link":"https:\/\/shop.bantam.ch\/fr\/produit\/guide-de-voyage-les-plus-beaux-courts-sejours-en-allemagne-et-autour-de-lallemagne\/","title":{"rendered":"Reisef\u00fchrer Let&rsquo;s Camp Die sch\u00f6nsten Kurztrips in und um Deutschland"},"content":{"rendered":"<p>Avec 145 campings dont 40 sites favoris avec des informations sur l&rsquo;accueil des enfants et des chiens, les piscines et le Wi-Fi. Conseils sp\u00e9cifiques aux campeurs : supermarch\u00e9s avec places de parking, boucheries, magasins bio et restaurants sp\u00e9ciaux, graphiques de distance vers les destinations indiquant si un v\u00e9lo ou un camping-car est le meilleur moyen de s&rsquo;y rendre, des listes de contr\u00f4le et des packing lists.<\/p>\n","protected":false},"excerpt":{"rendered":"<p>Avec 145 campings dont 40 sites favoris avec des informations sur l&rsquo;accueil des enfants et des chiens, les piscines et le Wi-Fi. Conseils sp\u00e9cifiques aux campeurs : supermarch\u00e9s avec places de parking, boucheries, magasins bio et restaurants sp\u00e9ciaux, graphiques de distance vers les destinations indiquant si un v\u00e9lo ou un camping-car est le meilleur moyen [&hellip;]<\/p>\n","protected":false},"featured_media":126534,"template":"","meta":{"_acf_changed":false},"product_featured_cat":[],"product_brand":[3032],"product_cat":[4351],"product_tag":[],"class_list":{"0":"post-126536","1":"product","2":"type-product","3":"status-publish","4":"has-post-thumbnail","6":"product_brand-standard","7":"product_cat-guides-de-voyage","9":"first","10":"instock","11":"taxable","12":"shipping-taxable","13":"purchasable","14":"product-type-simple"},"acf":[],"yoast_head":"<!-- This site is optimized with the Yoast SEO plugin v27.4 - https:\/\/yoast.com\/product\/yoast-seo-wordpress\/ -->\n<title>Reisef\u00fchrer Let&#039;s Camp Die sch\u00f6nsten Kurztrips in und um Deutschland - Bantam Wankm\u00fcller SA<\/title>\n<meta name=\"robots\" content=\"index, follow, max-snippet:-1, max-image-preview:large, max-video-preview:-1\" \/>\n<link rel=\"canonical\" href=\"https:\/\/shop.bantam.ch\/fr\/produit\/guide-de-voyage-les-plus-beaux-courts-sejours-en-allemagne-et-autour-de-lallemagne\/\" \/>\n<meta property=\"og:locale\" content=\"fr_FR\" \/>\n<meta property=\"og:type\" content=\"article\" \/>\n<meta property=\"og:title\" content=\"Reisef\u00fchrer Let&#039;s Camp Die sch\u00f6nsten Kurztrips in und um Deutschland - Bantam Wankm\u00fcller SA\" \/>\n<meta property=\"og:description\" content=\"Avec 145 campings dont 40 sites favoris avec des informations sur l&rsquo;accueil des enfants et des chiens, les piscines et le Wi-Fi. Conseils sp\u00e9cifiques aux campeurs : supermarch\u00e9s avec places de parking, boucheries, magasins bio et restaurants sp\u00e9ciaux, graphiques de distance vers les destinations indiquant si un v\u00e9lo ou un camping-car est le meilleur moyen [&hellip;]\" \/>\n<meta property=\"og:url\" content=\"https:\/\/shop.bantam.ch\/fr\/produit\/guide-de-voyage-les-plus-beaux-courts-sejours-en-allemagne-et-autour-de-lallemagne\/\" \/>\n<meta property=\"og:site_name\" content=\"Bantam Wankm\u00fcller SA\" \/>\n<meta property=\"article:modified_time\" content=\"2026-04-19T19:55:14+00:00\" \/>\n<meta property=\"og:image\" content=\"https:\/\/shop.bantam.ch\/wp-content\/uploads\/2023\/03\/9961747100-scaled.jpg\" \/>\n\t<meta property=\"og:image:width\" content=\"2681\" \/>\n\t<meta property=\"og:image:height\" content=\"2669\" \/>\n\t<meta property=\"og:image:type\" content=\"image\/jpeg\" \/>\n<meta name=\"twitter:card\" content=\"summary_large_image\" \/>\n<script type=\"application\/ld+json\" class=\"yoast-schema-graph\">{\"@context\":\"https:\\\/\\\/schema.org\",\"@graph\":[{\"@type\":\"WebPage\",\"@id\":\"https:\\\/\\\/shop.bantam.ch\\\/fr\\\/produit\\\/guide-de-voyage-les-plus-beaux-courts-sejours-en-allemagne-et-autour-de-lallemagne\\\/\",\"url\":\"https:\\\/\\\/shop.bantam.ch\\\/fr\\\/produit\\\/guide-de-voyage-les-plus-beaux-courts-sejours-en-allemagne-et-autour-de-lallemagne\\\/\",\"name\":\"Reisef\u00fchrer Let's Camp Die sch\u00f6nsten Kurztrips in und um Deutschland - Bantam Wankm\u00fcller SA\",\"isPartOf\":{\"@id\":\"https:\\\/\\\/shop.bantam.ch\\\/fr\\\/#website\"},\"primaryImageOfPage\":{\"@id\":\"https:\\\/\\\/shop.bantam.ch\\\/fr\\\/produit\\\/guide-de-voyage-les-plus-beaux-courts-sejours-en-allemagne-et-autour-de-lallemagne\\\/#primaryimage\"},\"image\":{\"@id\":\"https:\\\/\\\/shop.bantam.ch\\\/fr\\\/produit\\\/guide-de-voyage-les-plus-beaux-courts-sejours-en-allemagne-et-autour-de-lallemagne\\\/#primaryimage\"},\"thumbnailUrl\":\"https:\\\/\\\/shop.bantam.ch\\\/wp-content\\\/uploads\\\/2023\\\/03\\\/9961747100-scaled.jpg\",\"datePublished\":\"2023-03-01T00:11:01+00:00\",\"dateModified\":\"2026-04-19T19:55:14+00:00\",\"breadcrumb\":{\"@id\":\"https:\\\/\\\/shop.bantam.ch\\\/fr\\\/produit\\\/guide-de-voyage-les-plus-beaux-courts-sejours-en-allemagne-et-autour-de-lallemagne\\\/#breadcrumb\"},\"inLanguage\":\"fr-FR\",\"potentialAction\":[{\"@type\":\"ReadAction\",\"target\":[\"https:\\\/\\\/shop.bantam.ch\\\/fr\\\/produit\\\/guide-de-voyage-les-plus-beaux-courts-sejours-en-allemagne-et-autour-de-lallemagne\\\/\"]}]},{\"@type\":\"ImageObject\",\"inLanguage\":\"fr-FR\",\"@id\":\"https:\\\/\\\/shop.bantam.ch\\\/fr\\\/produit\\\/guide-de-voyage-les-plus-beaux-courts-sejours-en-allemagne-et-autour-de-lallemagne\\\/#primaryimage\",\"url\":\"https:\\\/\\\/shop.bantam.ch\\\/wp-content\\\/uploads\\\/2023\\\/03\\\/9961747100-scaled.jpg\",\"contentUrl\":\"https:\\\/\\\/shop.bantam.ch\\\/wp-content\\\/uploads\\\/2023\\\/03\\\/9961747100-scaled.jpg\",\"width\":2048,\"height\":2039},{\"@type\":\"BreadcrumbList\",\"@id\":\"https:\\\/\\\/shop.bantam.ch\\\/fr\\\/produit\\\/guide-de-voyage-les-plus-beaux-courts-sejours-en-allemagne-et-autour-de-lallemagne\\\/#breadcrumb\",\"itemListElement\":[{\"@type\":\"ListItem\",\"position\":1,\"name\":\"Accueil\",\"item\":\"https:\\\/\\\/shop.bantam.ch\\\/fr\\\/\"},{\"@type\":\"ListItem\",\"position\":2,\"name\":\"Boutique\",\"item\":\"https:\\\/\\\/shop.bantam.ch\\\/fr\\\/boutique\\\/\"},{\"@type\":\"ListItem\",\"position\":3,\"name\":\"Reisef\u00fchrer Let&#8217;s Camp Die sch\u00f6nsten Kurztrips in und um Deutschland\"}]},{\"@type\":\"WebSite\",\"@id\":\"https:\\\/\\\/shop.bantam.ch\\\/fr\\\/#website\",\"url\":\"https:\\\/\\\/shop.bantam.ch\\\/fr\\\/\",\"name\":\"Bantam Wankm\u00fcller SA\",\"description\":\"\",\"publisher\":{\"@id\":\"https:\\\/\\\/shop.bantam.ch\\\/fr\\\/#organization\"},\"inLanguage\":\"fr-FR\"},{\"@type\":\"Organization\",\"@id\":\"https:\\\/\\\/shop.bantam.ch\\\/fr\\\/#organization\",\"name\":\"Bantam Wankm\u00fcller SA\",\"url\":\"https:\\\/\\\/shop.bantam.ch\\\/fr\\\/\",\"logo\":{\"@type\":\"ImageObject\",\"inLanguage\":\"fr-FR\",\"@id\":\"https:\\\/\\\/shop.bantam.ch\\\/fr\\\/#\\\/schema\\\/logo\\\/image\\\/\",\"url\":\"https:\\\/\\\/shop.bantam.ch\\\/wp-content\\\/uploads\\\/2022\\\/12\\\/bantam-logo.png\",\"contentUrl\":\"https:\\\/\\\/shop.bantam.ch\\\/wp-content\\\/uploads\\\/2022\\\/12\\\/bantam-logo.png\",\"width\":320,\"height\":71,\"caption\":\"Bantam Wankm\u00fcller SA\"},\"image\":{\"@id\":\"https:\\\/\\\/shop.bantam.ch\\\/fr\\\/#\\\/schema\\\/logo\\\/image\\\/\"}}]}<\/script>\n<!-- \/ Yoast SEO plugin. -->","yoast_head_json":{"title":"Reisef\u00fchrer Let's Camp Die sch\u00f6nsten Kurztrips in und um Deutschland - Bantam Wankm\u00fcller SA","robots":{"index":"index","follow":"follow","max-snippet":"max-snippet:-1","max-image-preview":"max-image-preview:large","max-video-preview":"max-video-preview:-1"},"canonical":"https:\/\/shop.bantam.ch\/fr\/produit\/guide-de-voyage-les-plus-beaux-courts-sejours-en-allemagne-et-autour-de-lallemagne\/","og_locale":"fr_FR","og_type":"article","og_title":"Reisef\u00fchrer Let's Camp Die sch\u00f6nsten Kurztrips in und um Deutschland - Bantam Wankm\u00fcller SA","og_description":"Avec 145 campings dont 40 sites favoris avec des informations sur l&rsquo;accueil des enfants et des chiens, les piscines et le Wi-Fi. Conseils sp\u00e9cifiques aux campeurs : supermarch\u00e9s avec places de parking, boucheries, magasins bio et restaurants sp\u00e9ciaux, graphiques de distance vers les destinations indiquant si un v\u00e9lo ou un camping-car est le meilleur moyen [&hellip;]","og_url":"https:\/\/shop.bantam.ch\/fr\/produit\/guide-de-voyage-les-plus-beaux-courts-sejours-en-allemagne-et-autour-de-lallemagne\/","og_site_name":"Bantam Wankm\u00fcller SA","article_modified_time":"2026-04-19T19:55:14+00:00","og_image":[{"width":2681,"height":2669,"url":"https:\/\/shop.bantam.ch\/wp-content\/uploads\/2023\/03\/9961747100-scaled.jpg","type":"image\/jpeg"}],"twitter_card":"summary_large_image","schema":{"@context":"https:\/\/schema.org","@graph":[{"@type":"WebPage","@id":"https:\/\/shop.bantam.ch\/fr\/produit\/guide-de-voyage-les-plus-beaux-courts-sejours-en-allemagne-et-autour-de-lallemagne\/","url":"https:\/\/shop.bantam.ch\/fr\/produit\/guide-de-voyage-les-plus-beaux-courts-sejours-en-allemagne-et-autour-de-lallemagne\/","name":"Reisef\u00fchrer Let's Camp Die sch\u00f6nsten Kurztrips in und um Deutschland - Bantam Wankm\u00fcller SA","isPartOf":{"@id":"https:\/\/shop.bantam.ch\/fr\/#website"},"primaryImageOfPage":{"@id":"https:\/\/shop.bantam.ch\/fr\/produit\/guide-de-voyage-les-plus-beaux-courts-sejours-en-allemagne-et-autour-de-lallemagne\/#primaryimage"},"image":{"@id":"https:\/\/shop.bantam.ch\/fr\/produit\/guide-de-voyage-les-plus-beaux-courts-sejours-en-allemagne-et-autour-de-lallemagne\/#primaryimage"},"thumbnailUrl":"https:\/\/shop.bantam.ch\/wp-content\/uploads\/2023\/03\/9961747100-scaled.jpg","datePublished":"2023-03-01T00:11:01+00:00","dateModified":"2026-04-19T19:55:14+00:00","breadcrumb":{"@id":"https:\/\/shop.bantam.ch\/fr\/produit\/guide-de-voyage-les-plus-beaux-courts-sejours-en-allemagne-et-autour-de-lallemagne\/#breadcrumb"},"inLanguage":"fr-FR","potentialAction":[{"@type":"ReadAction","target":["https:\/\/shop.bantam.ch\/fr\/produit\/guide-de-voyage-les-plus-beaux-courts-sejours-en-allemagne-et-autour-de-lallemagne\/"]}]},{"@type":"ImageObject","inLanguage":"fr-FR","@id":"https:\/\/shop.bantam.ch\/fr\/produit\/guide-de-voyage-les-plus-beaux-courts-sejours-en-allemagne-et-autour-de-lallemagne\/#primaryimage","url":"https:\/\/shop.bantam.ch\/wp-content\/uploads\/2023\/03\/9961747100-scaled.jpg","contentUrl":"https:\/\/shop.bantam.ch\/wp-content\/uploads\/2023\/03\/9961747100-scaled.jpg","width":2048,"height":2039},{"@type":"BreadcrumbList","@id":"https:\/\/shop.bantam.ch\/fr\/produit\/guide-de-voyage-les-plus-beaux-courts-sejours-en-allemagne-et-autour-de-lallemagne\/#breadcrumb","itemListElement":[{"@type":"ListItem","position":1,"name":"Accueil","item":"https:\/\/shop.bantam.ch\/fr\/"},{"@type":"ListItem","position":2,"name":"Boutique","item":"https:\/\/shop.bantam.ch\/fr\/boutique\/"},{"@type":"ListItem","position":3,"name":"Reisef\u00fchrer Let&#8217;s Camp Die sch\u00f6nsten Kurztrips in und um Deutschland"}]},{"@type":"WebSite","@id":"https:\/\/shop.bantam.ch\/fr\/#website","url":"https:\/\/shop.bantam.ch\/fr\/","name":"Bantam Wankm\u00fcller SA","description":"","publisher":{"@id":"https:\/\/shop.bantam.ch\/fr\/#organization"},"inLanguage":"fr-FR"},{"@type":"Organization","@id":"https:\/\/shop.bantam.ch\/fr\/#organization","name":"Bantam Wankm\u00fcller SA","url":"https:\/\/shop.bantam.ch\/fr\/","logo":{"@type":"ImageObject","inLanguage":"fr-FR","@id":"https:\/\/shop.bantam.ch\/fr\/#\/schema\/logo\/image\/","url":"https:\/\/shop.bantam.ch\/wp-content\/uploads\/2022\/12\/bantam-logo.png","contentUrl":"https:\/\/shop.bantam.ch\/wp-content\/uploads\/2022\/12\/bantam-logo.png","width":320,"height":71,"caption":"Bantam Wankm\u00fcller SA"},"image":{"@id":"https:\/\/shop.bantam.ch\/fr\/#\/schema\/logo\/image\/"}}]}},"_links":{"self":[{"href":"https:\/\/shop.bantam.ch\/fr\/wp-json\/wp\/v2\/product\/126536","targetHints":{"allow":["GET"]}}],"collection":[{"href":"https:\/\/shop.bantam.ch\/fr\/wp-json\/wp\/v2\/product"}],"about":[{"href":"https:\/\/shop.bantam.ch\/fr\/wp-json\/wp\/v2\/types\/product"}],"wp:featuredmedia":[{"embeddable":true,"href":"https:\/\/shop.bantam.ch\/fr\/wp-json\/wp\/v2\/media\/126534"}],"wp:attachment":[{"href":"https:\/\/shop.bantam.ch\/fr\/wp-json\/wp\/v2\/media?parent=126536"}],"wp:term":[{"taxonomy":"product_featured_cat","embeddable":true,"href":"https:\/\/shop.bantam.ch\/fr\/wp-json\/wp\/v2\/product_featured_cat?post=126536"},{"taxonomy":"product_brand","embeddable":true,"href":"https:\/\/shop.bantam.ch\/fr\/wp-json\/wp\/v2\/product_brand?post=126536"},{"taxonomy":"product_cat","embeddable":true,"href":"https:\/\/shop.bantam.ch\/fr\/wp-json\/wp\/v2\/product_cat?post=126536"},{"taxonomy":"product_tag","embeddable":true,"href":"https:\/\/shop.bantam.ch\/fr\/wp-json\/wp\/v2\/product_tag?post=126536"}],"curies":[{"name":"wp","href":"https:\/\/api.w.org\/{rel}","templated":true}]}}