{"id":126384,"date":"2023-03-01T01:07:47","date_gmt":"2023-03-01T00:07:47","guid":{"rendered":"https:\/\/shop.bantam.ch\/produit\/systeme-de-chauffage-combi-d-avec-panneau-inet-x\/"},"modified":"2026-05-02T23:40:31","modified_gmt":"2026-05-02T21:40:31","slug":"systeme-de-chauffage-combi-d-avec-panneau-inet-x","status":"publish","type":"product","link":"https:\/\/shop.bantam.ch\/fr\/produit\/systeme-de-chauffage-combi-d-avec-panneau-inet-x\/","title":{"rendered":"Syst\u00e8me de chauffage Combi D avec panneau iNet X"},"content":{"rendered":"<p>Chauffage et eau chaude en un appareil : les chauffages Truma Combi r\u00e9unissent deux fonctions dans un seul appareil. Ils chauffent \u00e0 la fois l&rsquo;habitacle de votre v\u00e9hicule et l&rsquo;eau dans la cuve en acier inoxydable int\u00e9gr\u00e9e. Selon le mod\u00e8le, vous pouvez donc utiliser les chauffages Truma Combi en mode gaz, diesel ou \u00e9lectrique, mais aussi en mode hybride. Nouveaut\u00e9s concernant le Combi D \u00ab Nouvelle g\u00e9n\u00e9ration \u00bb<\/p>\n<ul>\n<li>r\u00e9duction du poids de 3 kg et Combi D (E) de 3,4 kg par rapport aux mod\u00e8les pr\u00e9c\u00e9dents<\/li>\n<li>Plus grande autonomie : tr\u00e8s faible consommation d&rsquo;\u00e9nergie de la batterie<\/li>\n<li>Plus \u00e9conomique : consommation plus faible en diesel gr\u00e2ce \u00e0 une combustion plus efficace<\/li>\n<li>Entretien et maintenance plus facile : dur\u00e9e de vie plus longue gr\u00e2ce \u00e0 une r\u00e9gulation de la combustion plus efficace<\/li>\n<li>Adaptation automatique \u00e0 l&rsquo;altitude : un capteur d&rsquo;altitude int\u00e9gr\u00e9 assure automatiquement un processus de combustion optimal \u00e0 des altitudes allant jusqu&rsquo;\u00e0 3000 m<\/li>\n<li>Une gamme harmonis\u00e9e : chemin\u00e9e murale identique pour les deux mod\u00e8les Combi<\/li>\n<\/ul>\n<ul>\n<li>Nombre de paliers de puissance : 4 (Combi D 4), 6 (Combi D 6)<\/li>\n<li>Puissance calorifique : 4.000 W (Combi D 4), 6.000 W (Combi D 6)<\/li>\n<li>Capacit\u00e9 : 10 l<\/li>\n<li>Puissance thermique nominale mode mixte : max. 3 900 W (Combi D 4), max. 6 900 W (Combi D 6)<\/li>\n<li>Puissance thermique nominale mode \u00e9lectrique 900 W et 1\u00a0800 W<\/li>\n<li>Temps de chauffe de l\u2019eau d&rsquo;env. 15\u00b0 C jusqu\u2019\u00e0 env. 60\u00b0 C : env. 24 min.<\/li>\n<li>Alimentation \u00e9lectrique 12\u00a0V\u00a0: Chauffage et eau chaude : 0,4 &#8211; 8,1 A, eau chaude : 0,5 A<\/li>\n<li>Alimentation \u00e9lectrique 230 V : 3,9 &#8211; 7,8\u00a0A<\/li>\n<\/ul>\n<p>Contenu de la livraison :<\/p>\n<p>Chauffage Combi D (E) avec sonde de temp\u00e9rature ambiante, Truma iNet X Panel, c\u00e2ble pi\u00e8ce de commande de 6 m, conduite de carburant, pompe de dosage, kit standard de raccordement d&rsquo;eau et pi\u00e8ces de fixation. (sans \u00e9vacuation des gaz d&rsquo;\u00e9chappement et sans kit de raccordement d&rsquo;eau)<\/p>\n","protected":false},"excerpt":{"rendered":"<p>Chauffage et eau chaude en un appareil : les chauffages Truma Combi r\u00e9unissent deux fonctions dans un seul appareil. Ils chauffent \u00e0 la fois l&rsquo;habitacle de votre v\u00e9hicule et l&rsquo;eau dans la cuve en acier inoxydable int\u00e9gr\u00e9e. Selon le mod\u00e8le, vous pouvez donc utiliser les chauffages Truma Combi en mode gaz, diesel ou \u00e9lectrique, mais [&hellip;]<\/p>\n","protected":false},"featured_media":126352,"template":"","meta":{"_acf_changed":false},"product_featured_cat":[],"product_brand":[3026],"product_cat":[4539,4541],"product_tag":[],"class_list":{"0":"post-126384","1":"product","2":"type-product","3":"status-publish","4":"has-post-thumbnail","6":"product_brand-truma","7":"product_cat-chauffages-diesel","8":"product_cat-chauffages-electriques","10":"first","11":"instock","12":"taxable","13":"shipping-taxable","14":"purchasable","15":"product-type-variable"},"acf":[],"yoast_head":"<!-- This site is optimized with the Yoast SEO plugin v27.5 - https:\/\/yoast.com\/product\/yoast-seo-wordpress\/ -->\n<title>Syst\u00e8me de chauffage Combi D avec panneau iNet X - Bantam<\/title>\n<meta name=\"robots\" content=\"index, follow, max-snippet:-1, max-image-preview:large, max-video-preview:-1\" \/>\n<link rel=\"canonical\" href=\"https:\/\/shop.bantam.ch\/fr\/produit\/systeme-de-chauffage-combi-d-avec-panneau-inet-x\/\" \/>\n<meta property=\"og:locale\" content=\"fr_FR\" \/>\n<meta property=\"og:type\" content=\"article\" \/>\n<meta property=\"og:title\" content=\"Syst\u00e8me de chauffage Combi D avec panneau iNet X - Bantam\" \/>\n<meta property=\"og:description\" content=\"Chauffage et eau chaude en un appareil : les chauffages Truma Combi r\u00e9unissent deux fonctions dans un seul appareil. Ils chauffent \u00e0 la fois l&rsquo;habitacle de votre v\u00e9hicule et l&rsquo;eau dans la cuve en acier inoxydable int\u00e9gr\u00e9e. Selon le mod\u00e8le, vous pouvez donc utiliser les chauffages Truma Combi en mode gaz, diesel ou \u00e9lectrique, mais [&hellip;]\" \/>\n<meta property=\"og:url\" content=\"https:\/\/shop.bantam.ch\/fr\/produit\/systeme-de-chauffage-combi-d-avec-panneau-inet-x\/\" \/>\n<meta property=\"og:site_name\" content=\"Bantam\" \/>\n<meta property=\"article:modified_time\" content=\"2026-05-02T21:40:31+00:00\" \/>\n<meta property=\"og:image\" content=\"https:\/\/shop.bantam.ch\/wp-content\/uploads\/2023\/03\/995777011-scaled.jpg\" \/>\n\t<meta property=\"og:image:width\" content=\"1024\" \/>\n\t<meta property=\"og:image:height\" content=\"796\" \/>\n\t<meta property=\"og:image:type\" content=\"image\/jpeg\" \/>\n<meta name=\"twitter:card\" content=\"summary_large_image\" \/>\n<meta name=\"twitter:label1\" content=\"Dur\u00e9e de lecture estim\u00e9e\" \/>\n\t<meta name=\"twitter:data1\" content=\"1 minute\" \/>\n<script type=\"application\/ld+json\" class=\"yoast-schema-graph\">{\"@context\":\"https:\\\/\\\/schema.org\",\"@graph\":[{\"@type\":\"WebPage\",\"@id\":\"https:\\\/\\\/shop.bantam.ch\\\/fr\\\/produit\\\/systeme-de-chauffage-combi-d-avec-panneau-inet-x\\\/\",\"url\":\"https:\\\/\\\/shop.bantam.ch\\\/fr\\\/produit\\\/systeme-de-chauffage-combi-d-avec-panneau-inet-x\\\/\",\"name\":\"Syst\u00e8me de chauffage Combi D avec panneau iNet X - Bantam\",\"isPartOf\":{\"@id\":\"https:\\\/\\\/shop.bantam.ch\\\/fr\\\/#website\"},\"primaryImageOfPage\":{\"@id\":\"https:\\\/\\\/shop.bantam.ch\\\/fr\\\/produit\\\/systeme-de-chauffage-combi-d-avec-panneau-inet-x\\\/#primaryimage\"},\"image\":{\"@id\":\"https:\\\/\\\/shop.bantam.ch\\\/fr\\\/produit\\\/systeme-de-chauffage-combi-d-avec-panneau-inet-x\\\/#primaryimage\"},\"thumbnailUrl\":\"https:\\\/\\\/shop.bantam.ch\\\/wp-content\\\/uploads\\\/2023\\\/03\\\/995777011-scaled.jpg\",\"datePublished\":\"2023-03-01T00:07:47+00:00\",\"dateModified\":\"2026-05-02T21:40:31+00:00\",\"breadcrumb\":{\"@id\":\"https:\\\/\\\/shop.bantam.ch\\\/fr\\\/produit\\\/systeme-de-chauffage-combi-d-avec-panneau-inet-x\\\/#breadcrumb\"},\"inLanguage\":\"fr-FR\",\"potentialAction\":[{\"@type\":\"ReadAction\",\"target\":[\"https:\\\/\\\/shop.bantam.ch\\\/fr\\\/produit\\\/systeme-de-chauffage-combi-d-avec-panneau-inet-x\\\/\"]}]},{\"@type\":\"ImageObject\",\"inLanguage\":\"fr-FR\",\"@id\":\"https:\\\/\\\/shop.bantam.ch\\\/fr\\\/produit\\\/systeme-de-chauffage-combi-d-avec-panneau-inet-x\\\/#primaryimage\",\"url\":\"https:\\\/\\\/shop.bantam.ch\\\/wp-content\\\/uploads\\\/2023\\\/03\\\/995777011-scaled.jpg\",\"contentUrl\":\"https:\\\/\\\/shop.bantam.ch\\\/wp-content\\\/uploads\\\/2023\\\/03\\\/995777011-scaled.jpg\",\"width\":2048,\"height\":1593},{\"@type\":\"BreadcrumbList\",\"@id\":\"https:\\\/\\\/shop.bantam.ch\\\/fr\\\/produit\\\/systeme-de-chauffage-combi-d-avec-panneau-inet-x\\\/#breadcrumb\",\"itemListElement\":[{\"@type\":\"ListItem\",\"position\":1,\"name\":\"Accueil\",\"item\":\"https:\\\/\\\/shop.bantam.ch\\\/fr\\\/\"},{\"@type\":\"ListItem\",\"position\":2,\"name\":\"Boutique\",\"item\":\"https:\\\/\\\/shop.bantam.ch\\\/fr\\\/boutique\\\/\"},{\"@type\":\"ListItem\",\"position\":3,\"name\":\"Syst\u00e8me de chauffage Combi D avec panneau iNet X\"}]},{\"@type\":\"WebSite\",\"@id\":\"https:\\\/\\\/shop.bantam.ch\\\/fr\\\/#website\",\"url\":\"https:\\\/\\\/shop.bantam.ch\\\/fr\\\/\",\"name\":\"Bantam\",\"description\":\"\",\"publisher\":{\"@id\":\"https:\\\/\\\/shop.bantam.ch\\\/fr\\\/#organization\"},\"inLanguage\":\"fr-FR\"},{\"@type\":\"Organization\",\"@id\":\"https:\\\/\\\/shop.bantam.ch\\\/fr\\\/#organization\",\"name\":\"Bantam\",\"url\":\"https:\\\/\\\/shop.bantam.ch\\\/fr\\\/\",\"logo\":{\"@type\":\"ImageObject\",\"inLanguage\":\"fr-FR\",\"@id\":\"https:\\\/\\\/shop.bantam.ch\\\/fr\\\/#\\\/schema\\\/logo\\\/image\\\/\",\"url\":\"https:\\\/\\\/shop.bantam.ch\\\/wp-content\\\/uploads\\\/2022\\\/12\\\/bantam-logo.png\",\"contentUrl\":\"https:\\\/\\\/shop.bantam.ch\\\/wp-content\\\/uploads\\\/2022\\\/12\\\/bantam-logo.png\",\"width\":320,\"height\":71,\"caption\":\"Bantam\"},\"image\":{\"@id\":\"https:\\\/\\\/shop.bantam.ch\\\/fr\\\/#\\\/schema\\\/logo\\\/image\\\/\"}}]}<\/script>\n<!-- \/ Yoast SEO plugin. -->","yoast_head_json":{"title":"Syst\u00e8me de chauffage Combi D avec panneau iNet X - Bantam","robots":{"index":"index","follow":"follow","max-snippet":"max-snippet:-1","max-image-preview":"max-image-preview:large","max-video-preview":"max-video-preview:-1"},"canonical":"https:\/\/shop.bantam.ch\/fr\/produit\/systeme-de-chauffage-combi-d-avec-panneau-inet-x\/","og_locale":"fr_FR","og_type":"article","og_title":"Syst\u00e8me de chauffage Combi D avec panneau iNet X - Bantam","og_description":"Chauffage et eau chaude en un appareil : les chauffages Truma Combi r\u00e9unissent deux fonctions dans un seul appareil. Ils chauffent \u00e0 la fois l&rsquo;habitacle de votre v\u00e9hicule et l&rsquo;eau dans la cuve en acier inoxydable int\u00e9gr\u00e9e. Selon le mod\u00e8le, vous pouvez donc utiliser les chauffages Truma Combi en mode gaz, diesel ou \u00e9lectrique, mais [&hellip;]","og_url":"https:\/\/shop.bantam.ch\/fr\/produit\/systeme-de-chauffage-combi-d-avec-panneau-inet-x\/","og_site_name":"Bantam","article_modified_time":"2026-05-02T21:40:31+00:00","og_image":[{"url":"https:\/\/shop.bantam.ch\/wp-content\/uploads\/2023\/03\/995777011-scaled.jpg","width":1024,"height":796,"type":"image\/jpeg"}],"twitter_card":"summary_large_image","twitter_misc":{"Dur\u00e9e de lecture estim\u00e9e":"1 minute"},"schema":{"@context":"https:\/\/schema.org","@graph":[{"@type":"WebPage","@id":"https:\/\/shop.bantam.ch\/fr\/produit\/systeme-de-chauffage-combi-d-avec-panneau-inet-x\/","url":"https:\/\/shop.bantam.ch\/fr\/produit\/systeme-de-chauffage-combi-d-avec-panneau-inet-x\/","name":"Syst\u00e8me de chauffage Combi D avec panneau iNet X - Bantam","isPartOf":{"@id":"https:\/\/shop.bantam.ch\/fr\/#website"},"primaryImageOfPage":{"@id":"https:\/\/shop.bantam.ch\/fr\/produit\/systeme-de-chauffage-combi-d-avec-panneau-inet-x\/#primaryimage"},"image":{"@id":"https:\/\/shop.bantam.ch\/fr\/produit\/systeme-de-chauffage-combi-d-avec-panneau-inet-x\/#primaryimage"},"thumbnailUrl":"https:\/\/shop.bantam.ch\/wp-content\/uploads\/2023\/03\/995777011-scaled.jpg","datePublished":"2023-03-01T00:07:47+00:00","dateModified":"2026-05-02T21:40:31+00:00","breadcrumb":{"@id":"https:\/\/shop.bantam.ch\/fr\/produit\/systeme-de-chauffage-combi-d-avec-panneau-inet-x\/#breadcrumb"},"inLanguage":"fr-FR","potentialAction":[{"@type":"ReadAction","target":["https:\/\/shop.bantam.ch\/fr\/produit\/systeme-de-chauffage-combi-d-avec-panneau-inet-x\/"]}]},{"@type":"ImageObject","inLanguage":"fr-FR","@id":"https:\/\/shop.bantam.ch\/fr\/produit\/systeme-de-chauffage-combi-d-avec-panneau-inet-x\/#primaryimage","url":"https:\/\/shop.bantam.ch\/wp-content\/uploads\/2023\/03\/995777011-scaled.jpg","contentUrl":"https:\/\/shop.bantam.ch\/wp-content\/uploads\/2023\/03\/995777011-scaled.jpg","width":2048,"height":1593},{"@type":"BreadcrumbList","@id":"https:\/\/shop.bantam.ch\/fr\/produit\/systeme-de-chauffage-combi-d-avec-panneau-inet-x\/#breadcrumb","itemListElement":[{"@type":"ListItem","position":1,"name":"Accueil","item":"https:\/\/shop.bantam.ch\/fr\/"},{"@type":"ListItem","position":2,"name":"Boutique","item":"https:\/\/shop.bantam.ch\/fr\/boutique\/"},{"@type":"ListItem","position":3,"name":"Syst\u00e8me de chauffage Combi D avec panneau iNet X"}]},{"@type":"WebSite","@id":"https:\/\/shop.bantam.ch\/fr\/#website","url":"https:\/\/shop.bantam.ch\/fr\/","name":"Bantam","description":"","publisher":{"@id":"https:\/\/shop.bantam.ch\/fr\/#organization"},"inLanguage":"fr-FR"},{"@type":"Organization","@id":"https:\/\/shop.bantam.ch\/fr\/#organization","name":"Bantam","url":"https:\/\/shop.bantam.ch\/fr\/","logo":{"@type":"ImageObject","inLanguage":"fr-FR","@id":"https:\/\/shop.bantam.ch\/fr\/#\/schema\/logo\/image\/","url":"https:\/\/shop.bantam.ch\/wp-content\/uploads\/2022\/12\/bantam-logo.png","contentUrl":"https:\/\/shop.bantam.ch\/wp-content\/uploads\/2022\/12\/bantam-logo.png","width":320,"height":71,"caption":"Bantam"},"image":{"@id":"https:\/\/shop.bantam.ch\/fr\/#\/schema\/logo\/image\/"}}]}},"_links":{"self":[{"href":"https:\/\/shop.bantam.ch\/fr\/wp-json\/wp\/v2\/product\/126384","targetHints":{"allow":["GET"]}}],"collection":[{"href":"https:\/\/shop.bantam.ch\/fr\/wp-json\/wp\/v2\/product"}],"about":[{"href":"https:\/\/shop.bantam.ch\/fr\/wp-json\/wp\/v2\/types\/product"}],"wp:featuredmedia":[{"embeddable":true,"href":"https:\/\/shop.bantam.ch\/fr\/wp-json\/wp\/v2\/media\/126352"}],"wp:attachment":[{"href":"https:\/\/shop.bantam.ch\/fr\/wp-json\/wp\/v2\/media?parent=126384"}],"wp:term":[{"taxonomy":"product_featured_cat","embeddable":true,"href":"https:\/\/shop.bantam.ch\/fr\/wp-json\/wp\/v2\/product_featured_cat?post=126384"},{"taxonomy":"product_brand","embeddable":true,"href":"https:\/\/shop.bantam.ch\/fr\/wp-json\/wp\/v2\/product_brand?post=126384"},{"taxonomy":"product_cat","embeddable":true,"href":"https:\/\/shop.bantam.ch\/fr\/wp-json\/wp\/v2\/product_cat?post=126384"},{"taxonomy":"product_tag","embeddable":true,"href":"https:\/\/shop.bantam.ch\/fr\/wp-json\/wp\/v2\/product_tag?post=126384"}],"curies":[{"name":"wp","href":"https:\/\/api.w.org\/{rel}","templated":true}]}}