{"id":125928,"date":"2023-03-01T01:02:07","date_gmt":"2023-03-01T00:02:07","guid":{"rendered":"https:\/\/shop.bantam.ch\/produit\/tente-darwin-grise-verte-2\/"},"modified":"2026-04-17T23:44:37","modified_gmt":"2026-04-17T21:44:37","slug":"tente-darwin-grise-verte-2","status":"publish","type":"product","link":"https:\/\/shop.bantam.ch\/fr\/produit\/tente-darwin-grise-verte-2\/","title":{"rendered":"Tente Darwin grise \/ verte"},"content":{"rendered":"<p>La tente en forme de d\u00f4me Coleman Darwin 3 Plus est rapide \u00e0 installer avec un espace de stockage suppl\u00e9mentaire \u00e0 l&rsquo;avant. Le sol de l&rsquo;espace de stockage peut \u00eatre retir\u00e9 ou install\u00e9 et dispose de bords sur\u00e9lev\u00e9s. Les fen\u00eatres sont munies de rabats afin que vous puissiez choisir entre luminosit\u00e9 ou intimit\u00e9 selon vos envies ! Avec des dimensions de 51 x 17 x 17 cm et un poids de 4,9 kg, la tente est facile \u00e0 transporter. Le mat\u00e9riau se compose de polyester robuste avec une colonne d&rsquo;eau de 3000 mm, de sorte que vous restiez bien prot\u00e9g\u00e9 contre le vent et la pluie.<\/p>\n<p>Mat\u00e9riau\u00a0:<br \/>Toile ext\u00e9rieure : 100 % polyester<br \/>Tente int\u00e9rieure : 100 % polyester<\/p>\n<p>Contenu de la livraison :<br \/>sac de transport avec porte-\u00e9tiquette<\/p>\n","protected":false},"excerpt":{"rendered":"<p>La tente en forme de d\u00f4me Coleman Darwin 3 Plus est rapide \u00e0 installer avec un espace de stockage suppl\u00e9mentaire \u00e0 l&rsquo;avant. Le sol de l&rsquo;espace de stockage peut \u00eatre retir\u00e9 ou install\u00e9 et dispose de bords sur\u00e9lev\u00e9s. Les fen\u00eatres sont munies de rabats afin que vous puissiez choisir entre luminosit\u00e9 ou intimit\u00e9 selon vos [&hellip;]<\/p>\n","protected":false},"featured_media":125920,"template":"","meta":{"_acf_changed":false},"product_featured_cat":[],"product_brand":[3352],"product_cat":[4239],"product_tag":[],"class_list":{"0":"post-125928","1":"product","2":"type-product","3":"status-publish","4":"has-post-thumbnail","6":"product_brand-coleman","7":"product_cat-tentes-de-couchage","9":"first","10":"instock","11":"taxable","12":"shipping-taxable","13":"purchasable","14":"product-type-variable"},"acf":[],"yoast_head":"<!-- This site is optimized with the Yoast SEO plugin v27.4 - https:\/\/yoast.com\/product\/yoast-seo-wordpress\/ -->\n<title>Tente Darwin grise \/ verte - Bantam Wankm\u00fcller SA<\/title>\n<meta name=\"robots\" content=\"index, follow, max-snippet:-1, max-image-preview:large, max-video-preview:-1\" \/>\n<link rel=\"canonical\" href=\"https:\/\/shop.bantam.ch\/fr\/produit\/tente-darwin-grise-verte-2\/\" \/>\n<meta property=\"og:locale\" content=\"fr_FR\" \/>\n<meta property=\"og:type\" content=\"article\" \/>\n<meta property=\"og:title\" content=\"Tente Darwin grise \/ verte - Bantam Wankm\u00fcller SA\" \/>\n<meta property=\"og:description\" content=\"La tente en forme de d\u00f4me Coleman Darwin 3 Plus est rapide \u00e0 installer avec un espace de stockage suppl\u00e9mentaire \u00e0 l&rsquo;avant. Le sol de l&rsquo;espace de stockage peut \u00eatre retir\u00e9 ou install\u00e9 et dispose de bords sur\u00e9lev\u00e9s. Les fen\u00eatres sont munies de rabats afin que vous puissiez choisir entre luminosit\u00e9 ou intimit\u00e9 selon vos [&hellip;]\" \/>\n<meta property=\"og:url\" content=\"https:\/\/shop.bantam.ch\/fr\/produit\/tente-darwin-grise-verte-2\/\" \/>\n<meta property=\"og:site_name\" content=\"Bantam Wankm\u00fcller SA\" \/>\n<meta property=\"article:modified_time\" content=\"2026-04-17T21:44:37+00:00\" \/>\n<meta property=\"og:image\" content=\"https:\/\/shop.bantam.ch\/wp-content\/uploads\/2023\/03\/996159411.jpg\" \/>\n\t<meta property=\"og:image:width\" content=\"1000\" \/>\n\t<meta property=\"og:image:height\" content=\"524\" \/>\n\t<meta property=\"og:image:type\" content=\"image\/jpeg\" \/>\n<meta name=\"twitter:card\" content=\"summary_large_image\" \/>\n<meta name=\"twitter:label1\" content=\"Dur\u00e9e de lecture estim\u00e9e\" \/>\n\t<meta name=\"twitter:data1\" content=\"1 minute\" \/>\n<script type=\"application\/ld+json\" class=\"yoast-schema-graph\">{\"@context\":\"https:\\\/\\\/schema.org\",\"@graph\":[{\"@type\":\"WebPage\",\"@id\":\"https:\\\/\\\/shop.bantam.ch\\\/fr\\\/produit\\\/tente-darwin-grise-verte-2\\\/\",\"url\":\"https:\\\/\\\/shop.bantam.ch\\\/fr\\\/produit\\\/tente-darwin-grise-verte-2\\\/\",\"name\":\"Tente Darwin grise \\\/ verte - Bantam Wankm\u00fcller SA\",\"isPartOf\":{\"@id\":\"https:\\\/\\\/shop.bantam.ch\\\/fr\\\/#website\"},\"primaryImageOfPage\":{\"@id\":\"https:\\\/\\\/shop.bantam.ch\\\/fr\\\/produit\\\/tente-darwin-grise-verte-2\\\/#primaryimage\"},\"image\":{\"@id\":\"https:\\\/\\\/shop.bantam.ch\\\/fr\\\/produit\\\/tente-darwin-grise-verte-2\\\/#primaryimage\"},\"thumbnailUrl\":\"https:\\\/\\\/shop.bantam.ch\\\/wp-content\\\/uploads\\\/2023\\\/03\\\/996159411.jpg\",\"datePublished\":\"2023-03-01T00:02:07+00:00\",\"dateModified\":\"2026-04-17T21:44:37+00:00\",\"breadcrumb\":{\"@id\":\"https:\\\/\\\/shop.bantam.ch\\\/fr\\\/produit\\\/tente-darwin-grise-verte-2\\\/#breadcrumb\"},\"inLanguage\":\"fr-FR\",\"potentialAction\":[{\"@type\":\"ReadAction\",\"target\":[\"https:\\\/\\\/shop.bantam.ch\\\/fr\\\/produit\\\/tente-darwin-grise-verte-2\\\/\"]}]},{\"@type\":\"ImageObject\",\"inLanguage\":\"fr-FR\",\"@id\":\"https:\\\/\\\/shop.bantam.ch\\\/fr\\\/produit\\\/tente-darwin-grise-verte-2\\\/#primaryimage\",\"url\":\"https:\\\/\\\/shop.bantam.ch\\\/wp-content\\\/uploads\\\/2023\\\/03\\\/996159411.jpg\",\"contentUrl\":\"https:\\\/\\\/shop.bantam.ch\\\/wp-content\\\/uploads\\\/2023\\\/03\\\/996159411.jpg\",\"width\":1000,\"height\":524},{\"@type\":\"BreadcrumbList\",\"@id\":\"https:\\\/\\\/shop.bantam.ch\\\/fr\\\/produit\\\/tente-darwin-grise-verte-2\\\/#breadcrumb\",\"itemListElement\":[{\"@type\":\"ListItem\",\"position\":1,\"name\":\"Accueil\",\"item\":\"https:\\\/\\\/shop.bantam.ch\\\/fr\\\/\"},{\"@type\":\"ListItem\",\"position\":2,\"name\":\"Boutique\",\"item\":\"https:\\\/\\\/shop.bantam.ch\\\/fr\\\/boutique\\\/\"},{\"@type\":\"ListItem\",\"position\":3,\"name\":\"Tente Darwin grise \\\/ verte\"}]},{\"@type\":\"WebSite\",\"@id\":\"https:\\\/\\\/shop.bantam.ch\\\/fr\\\/#website\",\"url\":\"https:\\\/\\\/shop.bantam.ch\\\/fr\\\/\",\"name\":\"Bantam Wankm\u00fcller SA\",\"description\":\"\",\"publisher\":{\"@id\":\"https:\\\/\\\/shop.bantam.ch\\\/fr\\\/#organization\"},\"inLanguage\":\"fr-FR\"},{\"@type\":\"Organization\",\"@id\":\"https:\\\/\\\/shop.bantam.ch\\\/fr\\\/#organization\",\"name\":\"Bantam Wankm\u00fcller SA\",\"url\":\"https:\\\/\\\/shop.bantam.ch\\\/fr\\\/\",\"logo\":{\"@type\":\"ImageObject\",\"inLanguage\":\"fr-FR\",\"@id\":\"https:\\\/\\\/shop.bantam.ch\\\/fr\\\/#\\\/schema\\\/logo\\\/image\\\/\",\"url\":\"https:\\\/\\\/shop.bantam.ch\\\/wp-content\\\/uploads\\\/2022\\\/12\\\/bantam-logo.png\",\"contentUrl\":\"https:\\\/\\\/shop.bantam.ch\\\/wp-content\\\/uploads\\\/2022\\\/12\\\/bantam-logo.png\",\"width\":320,\"height\":71,\"caption\":\"Bantam Wankm\u00fcller SA\"},\"image\":{\"@id\":\"https:\\\/\\\/shop.bantam.ch\\\/fr\\\/#\\\/schema\\\/logo\\\/image\\\/\"}}]}<\/script>\n<!-- \/ Yoast SEO plugin. -->","yoast_head_json":{"title":"Tente Darwin grise \/ verte - Bantam Wankm\u00fcller SA","robots":{"index":"index","follow":"follow","max-snippet":"max-snippet:-1","max-image-preview":"max-image-preview:large","max-video-preview":"max-video-preview:-1"},"canonical":"https:\/\/shop.bantam.ch\/fr\/produit\/tente-darwin-grise-verte-2\/","og_locale":"fr_FR","og_type":"article","og_title":"Tente Darwin grise \/ verte - Bantam Wankm\u00fcller SA","og_description":"La tente en forme de d\u00f4me Coleman Darwin 3 Plus est rapide \u00e0 installer avec un espace de stockage suppl\u00e9mentaire \u00e0 l&rsquo;avant. Le sol de l&rsquo;espace de stockage peut \u00eatre retir\u00e9 ou install\u00e9 et dispose de bords sur\u00e9lev\u00e9s. Les fen\u00eatres sont munies de rabats afin que vous puissiez choisir entre luminosit\u00e9 ou intimit\u00e9 selon vos [&hellip;]","og_url":"https:\/\/shop.bantam.ch\/fr\/produit\/tente-darwin-grise-verte-2\/","og_site_name":"Bantam Wankm\u00fcller SA","article_modified_time":"2026-04-17T21:44:37+00:00","og_image":[{"width":1000,"height":524,"url":"https:\/\/shop.bantam.ch\/wp-content\/uploads\/2023\/03\/996159411.jpg","type":"image\/jpeg"}],"twitter_card":"summary_large_image","twitter_misc":{"Dur\u00e9e de lecture estim\u00e9e":"1 minute"},"schema":{"@context":"https:\/\/schema.org","@graph":[{"@type":"WebPage","@id":"https:\/\/shop.bantam.ch\/fr\/produit\/tente-darwin-grise-verte-2\/","url":"https:\/\/shop.bantam.ch\/fr\/produit\/tente-darwin-grise-verte-2\/","name":"Tente Darwin grise \/ verte - Bantam Wankm\u00fcller SA","isPartOf":{"@id":"https:\/\/shop.bantam.ch\/fr\/#website"},"primaryImageOfPage":{"@id":"https:\/\/shop.bantam.ch\/fr\/produit\/tente-darwin-grise-verte-2\/#primaryimage"},"image":{"@id":"https:\/\/shop.bantam.ch\/fr\/produit\/tente-darwin-grise-verte-2\/#primaryimage"},"thumbnailUrl":"https:\/\/shop.bantam.ch\/wp-content\/uploads\/2023\/03\/996159411.jpg","datePublished":"2023-03-01T00:02:07+00:00","dateModified":"2026-04-17T21:44:37+00:00","breadcrumb":{"@id":"https:\/\/shop.bantam.ch\/fr\/produit\/tente-darwin-grise-verte-2\/#breadcrumb"},"inLanguage":"fr-FR","potentialAction":[{"@type":"ReadAction","target":["https:\/\/shop.bantam.ch\/fr\/produit\/tente-darwin-grise-verte-2\/"]}]},{"@type":"ImageObject","inLanguage":"fr-FR","@id":"https:\/\/shop.bantam.ch\/fr\/produit\/tente-darwin-grise-verte-2\/#primaryimage","url":"https:\/\/shop.bantam.ch\/wp-content\/uploads\/2023\/03\/996159411.jpg","contentUrl":"https:\/\/shop.bantam.ch\/wp-content\/uploads\/2023\/03\/996159411.jpg","width":1000,"height":524},{"@type":"BreadcrumbList","@id":"https:\/\/shop.bantam.ch\/fr\/produit\/tente-darwin-grise-verte-2\/#breadcrumb","itemListElement":[{"@type":"ListItem","position":1,"name":"Accueil","item":"https:\/\/shop.bantam.ch\/fr\/"},{"@type":"ListItem","position":2,"name":"Boutique","item":"https:\/\/shop.bantam.ch\/fr\/boutique\/"},{"@type":"ListItem","position":3,"name":"Tente Darwin grise \/ verte"}]},{"@type":"WebSite","@id":"https:\/\/shop.bantam.ch\/fr\/#website","url":"https:\/\/shop.bantam.ch\/fr\/","name":"Bantam Wankm\u00fcller SA","description":"","publisher":{"@id":"https:\/\/shop.bantam.ch\/fr\/#organization"},"inLanguage":"fr-FR"},{"@type":"Organization","@id":"https:\/\/shop.bantam.ch\/fr\/#organization","name":"Bantam Wankm\u00fcller SA","url":"https:\/\/shop.bantam.ch\/fr\/","logo":{"@type":"ImageObject","inLanguage":"fr-FR","@id":"https:\/\/shop.bantam.ch\/fr\/#\/schema\/logo\/image\/","url":"https:\/\/shop.bantam.ch\/wp-content\/uploads\/2022\/12\/bantam-logo.png","contentUrl":"https:\/\/shop.bantam.ch\/wp-content\/uploads\/2022\/12\/bantam-logo.png","width":320,"height":71,"caption":"Bantam Wankm\u00fcller SA"},"image":{"@id":"https:\/\/shop.bantam.ch\/fr\/#\/schema\/logo\/image\/"}}]}},"_links":{"self":[{"href":"https:\/\/shop.bantam.ch\/fr\/wp-json\/wp\/v2\/product\/125928","targetHints":{"allow":["GET"]}}],"collection":[{"href":"https:\/\/shop.bantam.ch\/fr\/wp-json\/wp\/v2\/product"}],"about":[{"href":"https:\/\/shop.bantam.ch\/fr\/wp-json\/wp\/v2\/types\/product"}],"wp:featuredmedia":[{"embeddable":true,"href":"https:\/\/shop.bantam.ch\/fr\/wp-json\/wp\/v2\/media\/125920"}],"wp:attachment":[{"href":"https:\/\/shop.bantam.ch\/fr\/wp-json\/wp\/v2\/media?parent=125928"}],"wp:term":[{"taxonomy":"product_featured_cat","embeddable":true,"href":"https:\/\/shop.bantam.ch\/fr\/wp-json\/wp\/v2\/product_featured_cat?post=125928"},{"taxonomy":"product_brand","embeddable":true,"href":"https:\/\/shop.bantam.ch\/fr\/wp-json\/wp\/v2\/product_brand?post=125928"},{"taxonomy":"product_cat","embeddable":true,"href":"https:\/\/shop.bantam.ch\/fr\/wp-json\/wp\/v2\/product_cat?post=125928"},{"taxonomy":"product_tag","embeddable":true,"href":"https:\/\/shop.bantam.ch\/fr\/wp-json\/wp\/v2\/product_tag?post=125928"}],"curies":[{"name":"wp","href":"https:\/\/api.w.org\/{rel}","templated":true}]}}