{"id":125892,"date":"2023-03-01T01:01:41","date_gmt":"2023-03-01T00:01:41","guid":{"rendered":"https:\/\/shop.bantam.ch\/produit\/barre-de-mise-en-place-en-acier-180-cm-x-19-mm\/"},"modified":"2026-04-18T21:52:58","modified_gmt":"2026-04-18T19:52:58","slug":"barre-de-mise-en-place-en-acier-180-cm-x-19-mm","status":"publish","type":"product","link":"https:\/\/shop.bantam.ch\/fr\/produit\/barre-de-mise-en-place-en-acier-180-cm-x-19-mm\/","title":{"rendered":"Barre de mise en place en acier, 180 cm x 19 mm"},"content":{"rendered":"<p>La barre de mise en place en acier BENT en quatre parties permet de monter des solettes connectables BENT \u00e0 des hauteurs variables de 45 cm \u00e0 180 cm. L&#8217;embout plat en plastique offre un maintien s\u00fbr, m\u00eame sur des sols meubles. La tringlerie en quatre parties est fabriqu\u00e9e en tube d&rsquo;acier de haute qualit\u00e9 et a une longueur totale de 180 cm et un diam\u00e8tre de 19 mm. Les segments individuels sont munis de clips en acier \u00e0 ressort et forment une connexion s\u00fbre. Le segment sup\u00e9rieur a une pointe solide et sert \u00e0 fixer les solettes connectables avec des \u0153illets et \u00e0 attacher les cordes de haubanage. La partie inf\u00e9rieure est munie d&rsquo;un capuchon de protection en plastique. Id\u00e9al pour installer et \u00e9tendre les solettes connectables BENT pour le camping, le caravaning, \u00e0 la plage, dans le jardin, lors de festivals et pour la d\u00e9tente.<\/p>\n<p>Contenu de la livraison :<br \/>1 barre de mise en place<br \/>1 tasse avec soucoupe<\/p>\n","protected":false},"excerpt":{"rendered":"<p>La barre de mise en place en acier BENT en quatre parties permet de monter des solettes connectables BENT \u00e0 des hauteurs variables de 45 cm \u00e0 180 cm. L&#8217;embout plat en plastique offre un maintien s\u00fbr, m\u00eame sur des sols meubles. La tringlerie en quatre parties est fabriqu\u00e9e en tube d&rsquo;acier de haute qualit\u00e9 [&hellip;]<\/p>\n","protected":false},"featured_media":125890,"template":"","meta":{"_acf_changed":false},"product_featured_cat":[],"product_brand":[3638],"product_cat":[4257],"product_tag":[],"class_list":{"0":"post-125892","1":"product","2":"type-product","3":"status-publish","4":"has-post-thumbnail","6":"product_brand-bent","7":"product_cat-armatures-et-accessoires-pour-armatures","9":"first","10":"instock","11":"taxable","12":"shipping-taxable","13":"purchasable","14":"product-type-simple"},"acf":[],"yoast_head":"<!-- This site is optimized with the Yoast SEO plugin v27.4 - https:\/\/yoast.com\/product\/yoast-seo-wordpress\/ -->\n<title>Barre de mise en place en acier, 180 cm x 19 mm - Bantam Wankm\u00fcller SA<\/title>\n<meta name=\"robots\" content=\"index, follow, max-snippet:-1, max-image-preview:large, max-video-preview:-1\" \/>\n<link rel=\"canonical\" href=\"https:\/\/shop.bantam.ch\/fr\/produit\/barre-de-mise-en-place-en-acier-180-cm-x-19-mm\/\" \/>\n<meta property=\"og:locale\" content=\"fr_FR\" \/>\n<meta property=\"og:type\" content=\"article\" \/>\n<meta property=\"og:title\" content=\"Barre de mise en place en acier, 180 cm x 19 mm - Bantam Wankm\u00fcller SA\" \/>\n<meta property=\"og:description\" content=\"La barre de mise en place en acier BENT en quatre parties permet de monter des solettes connectables BENT \u00e0 des hauteurs variables de 45 cm \u00e0 180 cm. L&#8217;embout plat en plastique offre un maintien s\u00fbr, m\u00eame sur des sols meubles. La tringlerie en quatre parties est fabriqu\u00e9e en tube d&rsquo;acier de haute qualit\u00e9 [&hellip;]\" \/>\n<meta property=\"og:url\" content=\"https:\/\/shop.bantam.ch\/fr\/produit\/barre-de-mise-en-place-en-acier-180-cm-x-19-mm\/\" \/>\n<meta property=\"og:site_name\" content=\"Bantam Wankm\u00fcller SA\" \/>\n<meta property=\"article:modified_time\" content=\"2026-04-18T19:52:58+00:00\" \/>\n<meta property=\"og:image\" content=\"https:\/\/shop.bantam.ch\/wp-content\/uploads\/2023\/03\/9961714100.jpg\" \/>\n\t<meta property=\"og:image:width\" content=\"546\" \/>\n\t<meta property=\"og:image:height\" content=\"1000\" \/>\n\t<meta property=\"og:image:type\" content=\"image\/jpeg\" \/>\n<meta name=\"twitter:card\" content=\"summary_large_image\" \/>\n<meta name=\"twitter:label1\" content=\"Dur\u00e9e de lecture estim\u00e9e\" \/>\n\t<meta name=\"twitter:data1\" content=\"1 minute\" \/>\n<script type=\"application\/ld+json\" class=\"yoast-schema-graph\">{\"@context\":\"https:\\\/\\\/schema.org\",\"@graph\":[{\"@type\":\"WebPage\",\"@id\":\"https:\\\/\\\/shop.bantam.ch\\\/fr\\\/produit\\\/barre-de-mise-en-place-en-acier-180-cm-x-19-mm\\\/\",\"url\":\"https:\\\/\\\/shop.bantam.ch\\\/fr\\\/produit\\\/barre-de-mise-en-place-en-acier-180-cm-x-19-mm\\\/\",\"name\":\"Barre de mise en place en acier, 180 cm x 19 mm - Bantam Wankm\u00fcller SA\",\"isPartOf\":{\"@id\":\"https:\\\/\\\/shop.bantam.ch\\\/fr\\\/#website\"},\"primaryImageOfPage\":{\"@id\":\"https:\\\/\\\/shop.bantam.ch\\\/fr\\\/produit\\\/barre-de-mise-en-place-en-acier-180-cm-x-19-mm\\\/#primaryimage\"},\"image\":{\"@id\":\"https:\\\/\\\/shop.bantam.ch\\\/fr\\\/produit\\\/barre-de-mise-en-place-en-acier-180-cm-x-19-mm\\\/#primaryimage\"},\"thumbnailUrl\":\"https:\\\/\\\/shop.bantam.ch\\\/wp-content\\\/uploads\\\/2023\\\/03\\\/9961714100.jpg\",\"datePublished\":\"2023-03-01T00:01:41+00:00\",\"dateModified\":\"2026-04-18T19:52:58+00:00\",\"breadcrumb\":{\"@id\":\"https:\\\/\\\/shop.bantam.ch\\\/fr\\\/produit\\\/barre-de-mise-en-place-en-acier-180-cm-x-19-mm\\\/#breadcrumb\"},\"inLanguage\":\"fr-FR\",\"potentialAction\":[{\"@type\":\"ReadAction\",\"target\":[\"https:\\\/\\\/shop.bantam.ch\\\/fr\\\/produit\\\/barre-de-mise-en-place-en-acier-180-cm-x-19-mm\\\/\"]}]},{\"@type\":\"ImageObject\",\"inLanguage\":\"fr-FR\",\"@id\":\"https:\\\/\\\/shop.bantam.ch\\\/fr\\\/produit\\\/barre-de-mise-en-place-en-acier-180-cm-x-19-mm\\\/#primaryimage\",\"url\":\"https:\\\/\\\/shop.bantam.ch\\\/wp-content\\\/uploads\\\/2023\\\/03\\\/9961714100.jpg\",\"contentUrl\":\"https:\\\/\\\/shop.bantam.ch\\\/wp-content\\\/uploads\\\/2023\\\/03\\\/9961714100.jpg\",\"width\":546,\"height\":1000},{\"@type\":\"BreadcrumbList\",\"@id\":\"https:\\\/\\\/shop.bantam.ch\\\/fr\\\/produit\\\/barre-de-mise-en-place-en-acier-180-cm-x-19-mm\\\/#breadcrumb\",\"itemListElement\":[{\"@type\":\"ListItem\",\"position\":1,\"name\":\"Accueil\",\"item\":\"https:\\\/\\\/shop.bantam.ch\\\/fr\\\/\"},{\"@type\":\"ListItem\",\"position\":2,\"name\":\"Boutique\",\"item\":\"https:\\\/\\\/shop.bantam.ch\\\/fr\\\/boutique\\\/\"},{\"@type\":\"ListItem\",\"position\":3,\"name\":\"Barre de mise en place en acier, 180 cm x 19 mm\"}]},{\"@type\":\"WebSite\",\"@id\":\"https:\\\/\\\/shop.bantam.ch\\\/fr\\\/#website\",\"url\":\"https:\\\/\\\/shop.bantam.ch\\\/fr\\\/\",\"name\":\"Bantam Wankm\u00fcller SA\",\"description\":\"\",\"publisher\":{\"@id\":\"https:\\\/\\\/shop.bantam.ch\\\/fr\\\/#organization\"},\"inLanguage\":\"fr-FR\"},{\"@type\":\"Organization\",\"@id\":\"https:\\\/\\\/shop.bantam.ch\\\/fr\\\/#organization\",\"name\":\"Bantam Wankm\u00fcller SA\",\"url\":\"https:\\\/\\\/shop.bantam.ch\\\/fr\\\/\",\"logo\":{\"@type\":\"ImageObject\",\"inLanguage\":\"fr-FR\",\"@id\":\"https:\\\/\\\/shop.bantam.ch\\\/fr\\\/#\\\/schema\\\/logo\\\/image\\\/\",\"url\":\"https:\\\/\\\/shop.bantam.ch\\\/wp-content\\\/uploads\\\/2022\\\/12\\\/bantam-logo.png\",\"contentUrl\":\"https:\\\/\\\/shop.bantam.ch\\\/wp-content\\\/uploads\\\/2022\\\/12\\\/bantam-logo.png\",\"width\":320,\"height\":71,\"caption\":\"Bantam Wankm\u00fcller SA\"},\"image\":{\"@id\":\"https:\\\/\\\/shop.bantam.ch\\\/fr\\\/#\\\/schema\\\/logo\\\/image\\\/\"}}]}<\/script>\n<!-- \/ Yoast SEO plugin. -->","yoast_head_json":{"title":"Barre de mise en place en acier, 180 cm x 19 mm - Bantam Wankm\u00fcller SA","robots":{"index":"index","follow":"follow","max-snippet":"max-snippet:-1","max-image-preview":"max-image-preview:large","max-video-preview":"max-video-preview:-1"},"canonical":"https:\/\/shop.bantam.ch\/fr\/produit\/barre-de-mise-en-place-en-acier-180-cm-x-19-mm\/","og_locale":"fr_FR","og_type":"article","og_title":"Barre de mise en place en acier, 180 cm x 19 mm - Bantam Wankm\u00fcller SA","og_description":"La barre de mise en place en acier BENT en quatre parties permet de monter des solettes connectables BENT \u00e0 des hauteurs variables de 45 cm \u00e0 180 cm. L&#8217;embout plat en plastique offre un maintien s\u00fbr, m\u00eame sur des sols meubles. La tringlerie en quatre parties est fabriqu\u00e9e en tube d&rsquo;acier de haute qualit\u00e9 [&hellip;]","og_url":"https:\/\/shop.bantam.ch\/fr\/produit\/barre-de-mise-en-place-en-acier-180-cm-x-19-mm\/","og_site_name":"Bantam Wankm\u00fcller SA","article_modified_time":"2026-04-18T19:52:58+00:00","og_image":[{"width":546,"height":1000,"url":"https:\/\/shop.bantam.ch\/wp-content\/uploads\/2023\/03\/9961714100.jpg","type":"image\/jpeg"}],"twitter_card":"summary_large_image","twitter_misc":{"Dur\u00e9e de lecture estim\u00e9e":"1 minute"},"schema":{"@context":"https:\/\/schema.org","@graph":[{"@type":"WebPage","@id":"https:\/\/shop.bantam.ch\/fr\/produit\/barre-de-mise-en-place-en-acier-180-cm-x-19-mm\/","url":"https:\/\/shop.bantam.ch\/fr\/produit\/barre-de-mise-en-place-en-acier-180-cm-x-19-mm\/","name":"Barre de mise en place en acier, 180 cm x 19 mm - Bantam Wankm\u00fcller SA","isPartOf":{"@id":"https:\/\/shop.bantam.ch\/fr\/#website"},"primaryImageOfPage":{"@id":"https:\/\/shop.bantam.ch\/fr\/produit\/barre-de-mise-en-place-en-acier-180-cm-x-19-mm\/#primaryimage"},"image":{"@id":"https:\/\/shop.bantam.ch\/fr\/produit\/barre-de-mise-en-place-en-acier-180-cm-x-19-mm\/#primaryimage"},"thumbnailUrl":"https:\/\/shop.bantam.ch\/wp-content\/uploads\/2023\/03\/9961714100.jpg","datePublished":"2023-03-01T00:01:41+00:00","dateModified":"2026-04-18T19:52:58+00:00","breadcrumb":{"@id":"https:\/\/shop.bantam.ch\/fr\/produit\/barre-de-mise-en-place-en-acier-180-cm-x-19-mm\/#breadcrumb"},"inLanguage":"fr-FR","potentialAction":[{"@type":"ReadAction","target":["https:\/\/shop.bantam.ch\/fr\/produit\/barre-de-mise-en-place-en-acier-180-cm-x-19-mm\/"]}]},{"@type":"ImageObject","inLanguage":"fr-FR","@id":"https:\/\/shop.bantam.ch\/fr\/produit\/barre-de-mise-en-place-en-acier-180-cm-x-19-mm\/#primaryimage","url":"https:\/\/shop.bantam.ch\/wp-content\/uploads\/2023\/03\/9961714100.jpg","contentUrl":"https:\/\/shop.bantam.ch\/wp-content\/uploads\/2023\/03\/9961714100.jpg","width":546,"height":1000},{"@type":"BreadcrumbList","@id":"https:\/\/shop.bantam.ch\/fr\/produit\/barre-de-mise-en-place-en-acier-180-cm-x-19-mm\/#breadcrumb","itemListElement":[{"@type":"ListItem","position":1,"name":"Accueil","item":"https:\/\/shop.bantam.ch\/fr\/"},{"@type":"ListItem","position":2,"name":"Boutique","item":"https:\/\/shop.bantam.ch\/fr\/boutique\/"},{"@type":"ListItem","position":3,"name":"Barre de mise en place en acier, 180 cm x 19 mm"}]},{"@type":"WebSite","@id":"https:\/\/shop.bantam.ch\/fr\/#website","url":"https:\/\/shop.bantam.ch\/fr\/","name":"Bantam Wankm\u00fcller SA","description":"","publisher":{"@id":"https:\/\/shop.bantam.ch\/fr\/#organization"},"inLanguage":"fr-FR"},{"@type":"Organization","@id":"https:\/\/shop.bantam.ch\/fr\/#organization","name":"Bantam Wankm\u00fcller SA","url":"https:\/\/shop.bantam.ch\/fr\/","logo":{"@type":"ImageObject","inLanguage":"fr-FR","@id":"https:\/\/shop.bantam.ch\/fr\/#\/schema\/logo\/image\/","url":"https:\/\/shop.bantam.ch\/wp-content\/uploads\/2022\/12\/bantam-logo.png","contentUrl":"https:\/\/shop.bantam.ch\/wp-content\/uploads\/2022\/12\/bantam-logo.png","width":320,"height":71,"caption":"Bantam Wankm\u00fcller SA"},"image":{"@id":"https:\/\/shop.bantam.ch\/fr\/#\/schema\/logo\/image\/"}}]}},"_links":{"self":[{"href":"https:\/\/shop.bantam.ch\/fr\/wp-json\/wp\/v2\/product\/125892","targetHints":{"allow":["GET"]}}],"collection":[{"href":"https:\/\/shop.bantam.ch\/fr\/wp-json\/wp\/v2\/product"}],"about":[{"href":"https:\/\/shop.bantam.ch\/fr\/wp-json\/wp\/v2\/types\/product"}],"wp:featuredmedia":[{"embeddable":true,"href":"https:\/\/shop.bantam.ch\/fr\/wp-json\/wp\/v2\/media\/125890"}],"wp:attachment":[{"href":"https:\/\/shop.bantam.ch\/fr\/wp-json\/wp\/v2\/media?parent=125892"}],"wp:term":[{"taxonomy":"product_featured_cat","embeddable":true,"href":"https:\/\/shop.bantam.ch\/fr\/wp-json\/wp\/v2\/product_featured_cat?post=125892"},{"taxonomy":"product_brand","embeddable":true,"href":"https:\/\/shop.bantam.ch\/fr\/wp-json\/wp\/v2\/product_brand?post=125892"},{"taxonomy":"product_cat","embeddable":true,"href":"https:\/\/shop.bantam.ch\/fr\/wp-json\/wp\/v2\/product_cat?post=125892"},{"taxonomy":"product_tag","embeddable":true,"href":"https:\/\/shop.bantam.ch\/fr\/wp-json\/wp\/v2\/product_tag?post=125892"}],"curies":[{"name":"wp","href":"https:\/\/api.w.org\/{rel}","templated":true}]}}