{"id":125836,"date":"2023-03-01T01:00:29","date_gmt":"2023-03-01T00:00:29","guid":{"rendered":"https:\/\/shop.bantam.ch\/produit\/adaptateur-vehicule-gris-fonce\/"},"modified":"2026-04-18T23:46:50","modified_gmt":"2026-04-18T21:46:50","slug":"adaptateur-vehicule-gris-fonce","status":"publish","type":"product","link":"https:\/\/shop.bantam.ch\/fr\/produit\/adaptateur-vehicule-gris-fonce\/","title":{"rendered":"Adaptateur v\u00e9hicule, gris fonc\u00e9"},"content":{"rendered":"<p>L&rsquo;adaptateur universel pour v\u00e9hicule BENT est le module central et permet de fixer la solette BENT \u00e0 n&rsquo;importe quel v\u00e9hicule. Pour une fixation universelle, l&rsquo;adaptateur de v\u00e9hicule dispose de trois possibilit\u00e9s de connexion diff\u00e9rentes sur le v\u00e9hicule et la caravane. Le double jonc avec les deux tailles diff\u00e9rentes de 5,8 mm et 7,2 mm lui permet d\u2019\u00eatre ins\u00e9r\u00e9 dans tous les rails de joncs courants.\u00a0Le tunnel \u00e0 perche avec ses deux ouvertures centrales permet une fixation au v\u00e9hicule \u00e0 l&rsquo;aide d&rsquo;une perche et d&rsquo;un adaptateur ventouse.\u00a0Les 4 boucles Velcro sont utilis\u00e9es pour la fixation \u00e0 la galerie de toit ou \u00e0 la carrosserie du v\u00e9hicule.\u00a0Le rabat de couverture \u00e0 fermeture \u00e9clair sur l&rsquo;adaptateur de v\u00e9hicule universel assure une transition \u00e9tanche du v\u00e9hicule \u00e0 l&rsquo;auvent.\u00a0Id\u00e9al pour tous les v\u00e9hicules tels que camping-cars, caravanes, camping-cars, SUV ou v\u00e9hicules de tourisme.\u00a0Sac en filet pratique avec cordon de serrage, petit format.<\/p>\n<p>Contenu de la livraison :<br \/>1 adaptateur de v\u00e9hicule universel<br \/>1 filet avec cordon<\/p>\n","protected":false},"excerpt":{"rendered":"<p>L&rsquo;adaptateur universel pour v\u00e9hicule BENT est le module central et permet de fixer la solette BENT \u00e0 n&rsquo;importe quel v\u00e9hicule. Pour une fixation universelle, l&rsquo;adaptateur de v\u00e9hicule dispose de trois possibilit\u00e9s de connexion diff\u00e9rentes sur le v\u00e9hicule et la caravane. Le double jonc avec les deux tailles diff\u00e9rentes de 5,8 mm et 7,2 mm lui [&hellip;]<\/p>\n","protected":false},"featured_media":125818,"template":"","meta":{"_acf_changed":false},"product_featured_cat":[],"product_brand":[3638],"product_cat":[4253],"product_tag":[],"class_list":{"0":"post-125836","1":"product","2":"type-product","3":"status-publish","4":"has-post-thumbnail","6":"product_brand-bent","7":"product_cat-accessoires-de-montage","9":"first","10":"instock","11":"taxable","12":"shipping-taxable","13":"purchasable","14":"product-type-variable"},"acf":[],"yoast_head":"<!-- This site is optimized with the Yoast SEO plugin v27.4 - https:\/\/yoast.com\/product\/yoast-seo-wordpress\/ -->\n<title>Adaptateur v\u00e9hicule, gris fonc\u00e9 - Bantam Wankm\u00fcller SA<\/title>\n<meta name=\"robots\" content=\"index, follow, max-snippet:-1, max-image-preview:large, max-video-preview:-1\" \/>\n<link rel=\"canonical\" href=\"https:\/\/shop.bantam.ch\/fr\/produit\/adaptateur-vehicule-gris-fonce\/\" \/>\n<meta property=\"og:locale\" content=\"fr_FR\" \/>\n<meta property=\"og:type\" content=\"article\" \/>\n<meta property=\"og:title\" content=\"Adaptateur v\u00e9hicule, gris fonc\u00e9 - Bantam Wankm\u00fcller SA\" \/>\n<meta property=\"og:description\" content=\"L&rsquo;adaptateur universel pour v\u00e9hicule BENT est le module central et permet de fixer la solette BENT \u00e0 n&rsquo;importe quel v\u00e9hicule. Pour une fixation universelle, l&rsquo;adaptateur de v\u00e9hicule dispose de trois possibilit\u00e9s de connexion diff\u00e9rentes sur le v\u00e9hicule et la caravane. Le double jonc avec les deux tailles diff\u00e9rentes de 5,8 mm et 7,2 mm lui [&hellip;]\" \/>\n<meta property=\"og:url\" content=\"https:\/\/shop.bantam.ch\/fr\/produit\/adaptateur-vehicule-gris-fonce\/\" \/>\n<meta property=\"og:site_name\" content=\"Bantam Wankm\u00fcller SA\" \/>\n<meta property=\"article:modified_time\" content=\"2026-04-18T21:46:50+00:00\" \/>\n<meta property=\"og:image\" content=\"https:\/\/shop.bantam.ch\/wp-content\/uploads\/2023\/03\/9961704100.jpg\" \/>\n\t<meta property=\"og:image:width\" content=\"1000\" \/>\n\t<meta property=\"og:image:height\" content=\"41\" \/>\n\t<meta property=\"og:image:type\" content=\"image\/jpeg\" \/>\n<meta name=\"twitter:card\" content=\"summary_large_image\" \/>\n<meta name=\"twitter:label1\" content=\"Dur\u00e9e de lecture estim\u00e9e\" \/>\n\t<meta name=\"twitter:data1\" content=\"1 minute\" \/>\n<script type=\"application\/ld+json\" class=\"yoast-schema-graph\">{\"@context\":\"https:\\\/\\\/schema.org\",\"@graph\":[{\"@type\":\"WebPage\",\"@id\":\"https:\\\/\\\/shop.bantam.ch\\\/fr\\\/produit\\\/adaptateur-vehicule-gris-fonce\\\/\",\"url\":\"https:\\\/\\\/shop.bantam.ch\\\/fr\\\/produit\\\/adaptateur-vehicule-gris-fonce\\\/\",\"name\":\"Adaptateur v\u00e9hicule, gris fonc\u00e9 - Bantam Wankm\u00fcller SA\",\"isPartOf\":{\"@id\":\"https:\\\/\\\/shop.bantam.ch\\\/fr\\\/#website\"},\"primaryImageOfPage\":{\"@id\":\"https:\\\/\\\/shop.bantam.ch\\\/fr\\\/produit\\\/adaptateur-vehicule-gris-fonce\\\/#primaryimage\"},\"image\":{\"@id\":\"https:\\\/\\\/shop.bantam.ch\\\/fr\\\/produit\\\/adaptateur-vehicule-gris-fonce\\\/#primaryimage\"},\"thumbnailUrl\":\"https:\\\/\\\/shop.bantam.ch\\\/wp-content\\\/uploads\\\/2023\\\/03\\\/9961704100.jpg\",\"datePublished\":\"2023-03-01T00:00:29+00:00\",\"dateModified\":\"2026-04-18T21:46:50+00:00\",\"breadcrumb\":{\"@id\":\"https:\\\/\\\/shop.bantam.ch\\\/fr\\\/produit\\\/adaptateur-vehicule-gris-fonce\\\/#breadcrumb\"},\"inLanguage\":\"fr-FR\",\"potentialAction\":[{\"@type\":\"ReadAction\",\"target\":[\"https:\\\/\\\/shop.bantam.ch\\\/fr\\\/produit\\\/adaptateur-vehicule-gris-fonce\\\/\"]}]},{\"@type\":\"ImageObject\",\"inLanguage\":\"fr-FR\",\"@id\":\"https:\\\/\\\/shop.bantam.ch\\\/fr\\\/produit\\\/adaptateur-vehicule-gris-fonce\\\/#primaryimage\",\"url\":\"https:\\\/\\\/shop.bantam.ch\\\/wp-content\\\/uploads\\\/2023\\\/03\\\/9961704100.jpg\",\"contentUrl\":\"https:\\\/\\\/shop.bantam.ch\\\/wp-content\\\/uploads\\\/2023\\\/03\\\/9961704100.jpg\",\"width\":1000,\"height\":41},{\"@type\":\"BreadcrumbList\",\"@id\":\"https:\\\/\\\/shop.bantam.ch\\\/fr\\\/produit\\\/adaptateur-vehicule-gris-fonce\\\/#breadcrumb\",\"itemListElement\":[{\"@type\":\"ListItem\",\"position\":1,\"name\":\"Accueil\",\"item\":\"https:\\\/\\\/shop.bantam.ch\\\/fr\\\/\"},{\"@type\":\"ListItem\",\"position\":2,\"name\":\"Boutique\",\"item\":\"https:\\\/\\\/shop.bantam.ch\\\/fr\\\/boutique\\\/\"},{\"@type\":\"ListItem\",\"position\":3,\"name\":\"Adaptateur v\u00e9hicule, gris fonc\u00e9\"}]},{\"@type\":\"WebSite\",\"@id\":\"https:\\\/\\\/shop.bantam.ch\\\/fr\\\/#website\",\"url\":\"https:\\\/\\\/shop.bantam.ch\\\/fr\\\/\",\"name\":\"Bantam Wankm\u00fcller SA\",\"description\":\"\",\"publisher\":{\"@id\":\"https:\\\/\\\/shop.bantam.ch\\\/fr\\\/#organization\"},\"inLanguage\":\"fr-FR\"},{\"@type\":\"Organization\",\"@id\":\"https:\\\/\\\/shop.bantam.ch\\\/fr\\\/#organization\",\"name\":\"Bantam Wankm\u00fcller SA\",\"url\":\"https:\\\/\\\/shop.bantam.ch\\\/fr\\\/\",\"logo\":{\"@type\":\"ImageObject\",\"inLanguage\":\"fr-FR\",\"@id\":\"https:\\\/\\\/shop.bantam.ch\\\/fr\\\/#\\\/schema\\\/logo\\\/image\\\/\",\"url\":\"https:\\\/\\\/shop.bantam.ch\\\/wp-content\\\/uploads\\\/2022\\\/12\\\/bantam-logo.png\",\"contentUrl\":\"https:\\\/\\\/shop.bantam.ch\\\/wp-content\\\/uploads\\\/2022\\\/12\\\/bantam-logo.png\",\"width\":320,\"height\":71,\"caption\":\"Bantam Wankm\u00fcller SA\"},\"image\":{\"@id\":\"https:\\\/\\\/shop.bantam.ch\\\/fr\\\/#\\\/schema\\\/logo\\\/image\\\/\"}}]}<\/script>\n<!-- \/ Yoast SEO plugin. -->","yoast_head_json":{"title":"Adaptateur v\u00e9hicule, gris fonc\u00e9 - Bantam Wankm\u00fcller SA","robots":{"index":"index","follow":"follow","max-snippet":"max-snippet:-1","max-image-preview":"max-image-preview:large","max-video-preview":"max-video-preview:-1"},"canonical":"https:\/\/shop.bantam.ch\/fr\/produit\/adaptateur-vehicule-gris-fonce\/","og_locale":"fr_FR","og_type":"article","og_title":"Adaptateur v\u00e9hicule, gris fonc\u00e9 - Bantam Wankm\u00fcller SA","og_description":"L&rsquo;adaptateur universel pour v\u00e9hicule BENT est le module central et permet de fixer la solette BENT \u00e0 n&rsquo;importe quel v\u00e9hicule. Pour une fixation universelle, l&rsquo;adaptateur de v\u00e9hicule dispose de trois possibilit\u00e9s de connexion diff\u00e9rentes sur le v\u00e9hicule et la caravane. Le double jonc avec les deux tailles diff\u00e9rentes de 5,8 mm et 7,2 mm lui [&hellip;]","og_url":"https:\/\/shop.bantam.ch\/fr\/produit\/adaptateur-vehicule-gris-fonce\/","og_site_name":"Bantam Wankm\u00fcller SA","article_modified_time":"2026-04-18T21:46:50+00:00","og_image":[{"width":1000,"height":41,"url":"https:\/\/shop.bantam.ch\/wp-content\/uploads\/2023\/03\/9961704100.jpg","type":"image\/jpeg"}],"twitter_card":"summary_large_image","twitter_misc":{"Dur\u00e9e de lecture estim\u00e9e":"1 minute"},"schema":{"@context":"https:\/\/schema.org","@graph":[{"@type":"WebPage","@id":"https:\/\/shop.bantam.ch\/fr\/produit\/adaptateur-vehicule-gris-fonce\/","url":"https:\/\/shop.bantam.ch\/fr\/produit\/adaptateur-vehicule-gris-fonce\/","name":"Adaptateur v\u00e9hicule, gris fonc\u00e9 - Bantam Wankm\u00fcller SA","isPartOf":{"@id":"https:\/\/shop.bantam.ch\/fr\/#website"},"primaryImageOfPage":{"@id":"https:\/\/shop.bantam.ch\/fr\/produit\/adaptateur-vehicule-gris-fonce\/#primaryimage"},"image":{"@id":"https:\/\/shop.bantam.ch\/fr\/produit\/adaptateur-vehicule-gris-fonce\/#primaryimage"},"thumbnailUrl":"https:\/\/shop.bantam.ch\/wp-content\/uploads\/2023\/03\/9961704100.jpg","datePublished":"2023-03-01T00:00:29+00:00","dateModified":"2026-04-18T21:46:50+00:00","breadcrumb":{"@id":"https:\/\/shop.bantam.ch\/fr\/produit\/adaptateur-vehicule-gris-fonce\/#breadcrumb"},"inLanguage":"fr-FR","potentialAction":[{"@type":"ReadAction","target":["https:\/\/shop.bantam.ch\/fr\/produit\/adaptateur-vehicule-gris-fonce\/"]}]},{"@type":"ImageObject","inLanguage":"fr-FR","@id":"https:\/\/shop.bantam.ch\/fr\/produit\/adaptateur-vehicule-gris-fonce\/#primaryimage","url":"https:\/\/shop.bantam.ch\/wp-content\/uploads\/2023\/03\/9961704100.jpg","contentUrl":"https:\/\/shop.bantam.ch\/wp-content\/uploads\/2023\/03\/9961704100.jpg","width":1000,"height":41},{"@type":"BreadcrumbList","@id":"https:\/\/shop.bantam.ch\/fr\/produit\/adaptateur-vehicule-gris-fonce\/#breadcrumb","itemListElement":[{"@type":"ListItem","position":1,"name":"Accueil","item":"https:\/\/shop.bantam.ch\/fr\/"},{"@type":"ListItem","position":2,"name":"Boutique","item":"https:\/\/shop.bantam.ch\/fr\/boutique\/"},{"@type":"ListItem","position":3,"name":"Adaptateur v\u00e9hicule, gris fonc\u00e9"}]},{"@type":"WebSite","@id":"https:\/\/shop.bantam.ch\/fr\/#website","url":"https:\/\/shop.bantam.ch\/fr\/","name":"Bantam Wankm\u00fcller SA","description":"","publisher":{"@id":"https:\/\/shop.bantam.ch\/fr\/#organization"},"inLanguage":"fr-FR"},{"@type":"Organization","@id":"https:\/\/shop.bantam.ch\/fr\/#organization","name":"Bantam Wankm\u00fcller SA","url":"https:\/\/shop.bantam.ch\/fr\/","logo":{"@type":"ImageObject","inLanguage":"fr-FR","@id":"https:\/\/shop.bantam.ch\/fr\/#\/schema\/logo\/image\/","url":"https:\/\/shop.bantam.ch\/wp-content\/uploads\/2022\/12\/bantam-logo.png","contentUrl":"https:\/\/shop.bantam.ch\/wp-content\/uploads\/2022\/12\/bantam-logo.png","width":320,"height":71,"caption":"Bantam Wankm\u00fcller SA"},"image":{"@id":"https:\/\/shop.bantam.ch\/fr\/#\/schema\/logo\/image\/"}}]}},"_links":{"self":[{"href":"https:\/\/shop.bantam.ch\/fr\/wp-json\/wp\/v2\/product\/125836","targetHints":{"allow":["GET"]}}],"collection":[{"href":"https:\/\/shop.bantam.ch\/fr\/wp-json\/wp\/v2\/product"}],"about":[{"href":"https:\/\/shop.bantam.ch\/fr\/wp-json\/wp\/v2\/types\/product"}],"wp:featuredmedia":[{"embeddable":true,"href":"https:\/\/shop.bantam.ch\/fr\/wp-json\/wp\/v2\/media\/125818"}],"wp:attachment":[{"href":"https:\/\/shop.bantam.ch\/fr\/wp-json\/wp\/v2\/media?parent=125836"}],"wp:term":[{"taxonomy":"product_featured_cat","embeddable":true,"href":"https:\/\/shop.bantam.ch\/fr\/wp-json\/wp\/v2\/product_featured_cat?post=125836"},{"taxonomy":"product_brand","embeddable":true,"href":"https:\/\/shop.bantam.ch\/fr\/wp-json\/wp\/v2\/product_brand?post=125836"},{"taxonomy":"product_cat","embeddable":true,"href":"https:\/\/shop.bantam.ch\/fr\/wp-json\/wp\/v2\/product_cat?post=125836"},{"taxonomy":"product_tag","embeddable":true,"href":"https:\/\/shop.bantam.ch\/fr\/wp-json\/wp\/v2\/product_tag?post=125836"}],"curies":[{"name":"wp","href":"https:\/\/api.w.org\/{rel}","templated":true}]}}