{"id":125800,"date":"2023-03-01T01:00:00","date_gmt":"2023-03-01T00:00:00","guid":{"rendered":"https:\/\/shop.bantam.ch\/produit\/tapis-zip-carpet\/"},"modified":"2026-04-18T23:46:42","modified_gmt":"2026-04-18T21:46:42","slug":"tapis-zip-carpet","status":"publish","type":"product","link":"https:\/\/shop.bantam.ch\/fr\/produit\/tapis-zip-carpet\/","title":{"rendered":"Tapis Zip-Carpet"},"content":{"rendered":"<p>D\u00e9tendez-vous sur le tapis BENT confortable, doux et connectable. La surface moelleuse en Nylex est r\u00e9sistante et offre un confort maximal. Le dessous est recouvert d&rsquo;un pelliculage en PVC imperm\u00e9able qui prot\u00e8ge contre l&rsquo;humidit\u00e9 du sol et permet un nettoyage facile.\u00a0Le tapis mod\u00e8le unique BENT \u00ab Zip-Carpet \u00bb peut \u00eatre reli\u00e9 \u00e0 la solette BENT et au \u00ab Zip-XL Lounger \u00bb \u00e0 l&rsquo;aide des quatre fermetures \u00e9clair de haute qualit\u00e9 sur chacun des c\u00f4t\u00e9s. Les angles sont \u00e9quip\u00e9s d&rsquo;\u0153illets renforc\u00e9s pour une fixation s\u00e9curis\u00e9e au sol \u00e0 l&rsquo;aide de sardines. Si la solette est reli\u00e9e au tapis par une fermeture \u00e9clair, vous \u00eates prot\u00e9g\u00e9 du soleil, du vent et du sable g\u00eanant.\u00a0Sac de rangement pratique et robuste en polyester 150 D avec fermeture rapide, sangles d\u2019\u00e9paule et faible encombrement pour un rangement et un transport facile.\u00a0Id\u00e9al pour le camping, le caravaning, la plage, les pique-nique, le jardin, \u00e0 l&rsquo;occasion de festivals ou pour la d\u00e9tente.<\/p>\n<p>Mat\u00e9riau\u00a0:<br \/>Rev\u00eatement : 100 % Nylex<br \/>Dessous\u00a0: 100 % PVC<\/p>\n<p>Contenu de la livraison :<br \/>1 tapis<br \/>1 sac de transport avec cordon<\/p>\n","protected":false},"excerpt":{"rendered":"<p>D\u00e9tendez-vous sur le tapis BENT confortable, doux et connectable. La surface moelleuse en Nylex est r\u00e9sistante et offre un confort maximal. Le dessous est recouvert d&rsquo;un pelliculage en PVC imperm\u00e9able qui prot\u00e8ge contre l&rsquo;humidit\u00e9 du sol et permet un nettoyage facile.\u00a0Le tapis mod\u00e8le unique BENT \u00ab Zip-Carpet \u00bb peut \u00eatre reli\u00e9 \u00e0 la solette BENT [&hellip;]<\/p>\n","protected":false},"featured_media":125784,"template":"","meta":{"_acf_changed":false},"product_featured_cat":[],"product_brand":[3638],"product_cat":[4261],"product_tag":[],"class_list":{"0":"post-125800","1":"product","2":"type-product","3":"status-publish","4":"has-post-thumbnail","6":"product_brand-bent","7":"product_cat-tapis-de-tente-et-planchers","9":"first","10":"instock","11":"taxable","12":"shipping-taxable","13":"purchasable","14":"product-type-variable"},"acf":[],"yoast_head":"<!-- This site is optimized with the Yoast SEO plugin v27.4 - https:\/\/yoast.com\/product\/yoast-seo-wordpress\/ -->\n<title>Tapis Zip-Carpet - Bantam Wankm\u00fcller SA<\/title>\n<meta name=\"robots\" content=\"index, follow, max-snippet:-1, max-image-preview:large, max-video-preview:-1\" \/>\n<link rel=\"canonical\" href=\"https:\/\/shop.bantam.ch\/fr\/produit\/tapis-zip-carpet\/\" \/>\n<meta property=\"og:locale\" content=\"fr_FR\" \/>\n<meta property=\"og:type\" content=\"article\" \/>\n<meta property=\"og:title\" content=\"Tapis Zip-Carpet - Bantam Wankm\u00fcller SA\" \/>\n<meta property=\"og:description\" content=\"D\u00e9tendez-vous sur le tapis BENT confortable, doux et connectable. La surface moelleuse en Nylex est r\u00e9sistante et offre un confort maximal. Le dessous est recouvert d&rsquo;un pelliculage en PVC imperm\u00e9able qui prot\u00e8ge contre l&rsquo;humidit\u00e9 du sol et permet un nettoyage facile.\u00a0Le tapis mod\u00e8le unique BENT \u00ab Zip-Carpet \u00bb peut \u00eatre reli\u00e9 \u00e0 la solette BENT [&hellip;]\" \/>\n<meta property=\"og:url\" content=\"https:\/\/shop.bantam.ch\/fr\/produit\/tapis-zip-carpet\/\" \/>\n<meta property=\"og:site_name\" content=\"Bantam Wankm\u00fcller SA\" \/>\n<meta property=\"article:modified_time\" content=\"2026-04-18T21:46:42+00:00\" \/>\n<meta property=\"og:image\" content=\"https:\/\/shop.bantam.ch\/wp-content\/uploads\/2023\/03\/9961700100.jpg\" \/>\n\t<meta property=\"og:image:width\" content=\"1000\" \/>\n\t<meta property=\"og:image:height\" content=\"1000\" \/>\n\t<meta property=\"og:image:type\" content=\"image\/jpeg\" \/>\n<meta name=\"twitter:card\" content=\"summary_large_image\" \/>\n<meta name=\"twitter:label1\" content=\"Dur\u00e9e de lecture estim\u00e9e\" \/>\n\t<meta name=\"twitter:data1\" content=\"1 minute\" \/>\n<script type=\"application\/ld+json\" class=\"yoast-schema-graph\">{\"@context\":\"https:\\\/\\\/schema.org\",\"@graph\":[{\"@type\":\"WebPage\",\"@id\":\"https:\\\/\\\/shop.bantam.ch\\\/fr\\\/produit\\\/tapis-zip-carpet\\\/\",\"url\":\"https:\\\/\\\/shop.bantam.ch\\\/fr\\\/produit\\\/tapis-zip-carpet\\\/\",\"name\":\"Tapis Zip-Carpet - Bantam Wankm\u00fcller SA\",\"isPartOf\":{\"@id\":\"https:\\\/\\\/shop.bantam.ch\\\/fr\\\/#website\"},\"primaryImageOfPage\":{\"@id\":\"https:\\\/\\\/shop.bantam.ch\\\/fr\\\/produit\\\/tapis-zip-carpet\\\/#primaryimage\"},\"image\":{\"@id\":\"https:\\\/\\\/shop.bantam.ch\\\/fr\\\/produit\\\/tapis-zip-carpet\\\/#primaryimage\"},\"thumbnailUrl\":\"https:\\\/\\\/shop.bantam.ch\\\/wp-content\\\/uploads\\\/2023\\\/03\\\/9961700100.jpg\",\"datePublished\":\"2023-03-01T00:00:00+00:00\",\"dateModified\":\"2026-04-18T21:46:42+00:00\",\"breadcrumb\":{\"@id\":\"https:\\\/\\\/shop.bantam.ch\\\/fr\\\/produit\\\/tapis-zip-carpet\\\/#breadcrumb\"},\"inLanguage\":\"fr-FR\",\"potentialAction\":[{\"@type\":\"ReadAction\",\"target\":[\"https:\\\/\\\/shop.bantam.ch\\\/fr\\\/produit\\\/tapis-zip-carpet\\\/\"]}]},{\"@type\":\"ImageObject\",\"inLanguage\":\"fr-FR\",\"@id\":\"https:\\\/\\\/shop.bantam.ch\\\/fr\\\/produit\\\/tapis-zip-carpet\\\/#primaryimage\",\"url\":\"https:\\\/\\\/shop.bantam.ch\\\/wp-content\\\/uploads\\\/2023\\\/03\\\/9961700100.jpg\",\"contentUrl\":\"https:\\\/\\\/shop.bantam.ch\\\/wp-content\\\/uploads\\\/2023\\\/03\\\/9961700100.jpg\",\"width\":1000,\"height\":1000},{\"@type\":\"BreadcrumbList\",\"@id\":\"https:\\\/\\\/shop.bantam.ch\\\/fr\\\/produit\\\/tapis-zip-carpet\\\/#breadcrumb\",\"itemListElement\":[{\"@type\":\"ListItem\",\"position\":1,\"name\":\"Accueil\",\"item\":\"https:\\\/\\\/shop.bantam.ch\\\/fr\\\/\"},{\"@type\":\"ListItem\",\"position\":2,\"name\":\"Boutique\",\"item\":\"https:\\\/\\\/shop.bantam.ch\\\/fr\\\/boutique\\\/\"},{\"@type\":\"ListItem\",\"position\":3,\"name\":\"Tapis Zip-Carpet\"}]},{\"@type\":\"WebSite\",\"@id\":\"https:\\\/\\\/shop.bantam.ch\\\/fr\\\/#website\",\"url\":\"https:\\\/\\\/shop.bantam.ch\\\/fr\\\/\",\"name\":\"Bantam Wankm\u00fcller SA\",\"description\":\"\",\"publisher\":{\"@id\":\"https:\\\/\\\/shop.bantam.ch\\\/fr\\\/#organization\"},\"inLanguage\":\"fr-FR\"},{\"@type\":\"Organization\",\"@id\":\"https:\\\/\\\/shop.bantam.ch\\\/fr\\\/#organization\",\"name\":\"Bantam Wankm\u00fcller SA\",\"url\":\"https:\\\/\\\/shop.bantam.ch\\\/fr\\\/\",\"logo\":{\"@type\":\"ImageObject\",\"inLanguage\":\"fr-FR\",\"@id\":\"https:\\\/\\\/shop.bantam.ch\\\/fr\\\/#\\\/schema\\\/logo\\\/image\\\/\",\"url\":\"https:\\\/\\\/shop.bantam.ch\\\/wp-content\\\/uploads\\\/2022\\\/12\\\/bantam-logo.png\",\"contentUrl\":\"https:\\\/\\\/shop.bantam.ch\\\/wp-content\\\/uploads\\\/2022\\\/12\\\/bantam-logo.png\",\"width\":320,\"height\":71,\"caption\":\"Bantam Wankm\u00fcller SA\"},\"image\":{\"@id\":\"https:\\\/\\\/shop.bantam.ch\\\/fr\\\/#\\\/schema\\\/logo\\\/image\\\/\"}}]}<\/script>\n<!-- \/ Yoast SEO plugin. -->","yoast_head_json":{"title":"Tapis Zip-Carpet - Bantam Wankm\u00fcller SA","robots":{"index":"index","follow":"follow","max-snippet":"max-snippet:-1","max-image-preview":"max-image-preview:large","max-video-preview":"max-video-preview:-1"},"canonical":"https:\/\/shop.bantam.ch\/fr\/produit\/tapis-zip-carpet\/","og_locale":"fr_FR","og_type":"article","og_title":"Tapis Zip-Carpet - Bantam Wankm\u00fcller SA","og_description":"D\u00e9tendez-vous sur le tapis BENT confortable, doux et connectable. La surface moelleuse en Nylex est r\u00e9sistante et offre un confort maximal. Le dessous est recouvert d&rsquo;un pelliculage en PVC imperm\u00e9able qui prot\u00e8ge contre l&rsquo;humidit\u00e9 du sol et permet un nettoyage facile.\u00a0Le tapis mod\u00e8le unique BENT \u00ab Zip-Carpet \u00bb peut \u00eatre reli\u00e9 \u00e0 la solette BENT [&hellip;]","og_url":"https:\/\/shop.bantam.ch\/fr\/produit\/tapis-zip-carpet\/","og_site_name":"Bantam Wankm\u00fcller SA","article_modified_time":"2026-04-18T21:46:42+00:00","og_image":[{"width":1000,"height":1000,"url":"https:\/\/shop.bantam.ch\/wp-content\/uploads\/2023\/03\/9961700100.jpg","type":"image\/jpeg"}],"twitter_card":"summary_large_image","twitter_misc":{"Dur\u00e9e de lecture estim\u00e9e":"1 minute"},"schema":{"@context":"https:\/\/schema.org","@graph":[{"@type":"WebPage","@id":"https:\/\/shop.bantam.ch\/fr\/produit\/tapis-zip-carpet\/","url":"https:\/\/shop.bantam.ch\/fr\/produit\/tapis-zip-carpet\/","name":"Tapis Zip-Carpet - Bantam Wankm\u00fcller SA","isPartOf":{"@id":"https:\/\/shop.bantam.ch\/fr\/#website"},"primaryImageOfPage":{"@id":"https:\/\/shop.bantam.ch\/fr\/produit\/tapis-zip-carpet\/#primaryimage"},"image":{"@id":"https:\/\/shop.bantam.ch\/fr\/produit\/tapis-zip-carpet\/#primaryimage"},"thumbnailUrl":"https:\/\/shop.bantam.ch\/wp-content\/uploads\/2023\/03\/9961700100.jpg","datePublished":"2023-03-01T00:00:00+00:00","dateModified":"2026-04-18T21:46:42+00:00","breadcrumb":{"@id":"https:\/\/shop.bantam.ch\/fr\/produit\/tapis-zip-carpet\/#breadcrumb"},"inLanguage":"fr-FR","potentialAction":[{"@type":"ReadAction","target":["https:\/\/shop.bantam.ch\/fr\/produit\/tapis-zip-carpet\/"]}]},{"@type":"ImageObject","inLanguage":"fr-FR","@id":"https:\/\/shop.bantam.ch\/fr\/produit\/tapis-zip-carpet\/#primaryimage","url":"https:\/\/shop.bantam.ch\/wp-content\/uploads\/2023\/03\/9961700100.jpg","contentUrl":"https:\/\/shop.bantam.ch\/wp-content\/uploads\/2023\/03\/9961700100.jpg","width":1000,"height":1000},{"@type":"BreadcrumbList","@id":"https:\/\/shop.bantam.ch\/fr\/produit\/tapis-zip-carpet\/#breadcrumb","itemListElement":[{"@type":"ListItem","position":1,"name":"Accueil","item":"https:\/\/shop.bantam.ch\/fr\/"},{"@type":"ListItem","position":2,"name":"Boutique","item":"https:\/\/shop.bantam.ch\/fr\/boutique\/"},{"@type":"ListItem","position":3,"name":"Tapis Zip-Carpet"}]},{"@type":"WebSite","@id":"https:\/\/shop.bantam.ch\/fr\/#website","url":"https:\/\/shop.bantam.ch\/fr\/","name":"Bantam Wankm\u00fcller SA","description":"","publisher":{"@id":"https:\/\/shop.bantam.ch\/fr\/#organization"},"inLanguage":"fr-FR"},{"@type":"Organization","@id":"https:\/\/shop.bantam.ch\/fr\/#organization","name":"Bantam Wankm\u00fcller SA","url":"https:\/\/shop.bantam.ch\/fr\/","logo":{"@type":"ImageObject","inLanguage":"fr-FR","@id":"https:\/\/shop.bantam.ch\/fr\/#\/schema\/logo\/image\/","url":"https:\/\/shop.bantam.ch\/wp-content\/uploads\/2022\/12\/bantam-logo.png","contentUrl":"https:\/\/shop.bantam.ch\/wp-content\/uploads\/2022\/12\/bantam-logo.png","width":320,"height":71,"caption":"Bantam Wankm\u00fcller SA"},"image":{"@id":"https:\/\/shop.bantam.ch\/fr\/#\/schema\/logo\/image\/"}}]}},"_links":{"self":[{"href":"https:\/\/shop.bantam.ch\/fr\/wp-json\/wp\/v2\/product\/125800","targetHints":{"allow":["GET"]}}],"collection":[{"href":"https:\/\/shop.bantam.ch\/fr\/wp-json\/wp\/v2\/product"}],"about":[{"href":"https:\/\/shop.bantam.ch\/fr\/wp-json\/wp\/v2\/types\/product"}],"wp:featuredmedia":[{"embeddable":true,"href":"https:\/\/shop.bantam.ch\/fr\/wp-json\/wp\/v2\/media\/125784"}],"wp:attachment":[{"href":"https:\/\/shop.bantam.ch\/fr\/wp-json\/wp\/v2\/media?parent=125800"}],"wp:term":[{"taxonomy":"product_featured_cat","embeddable":true,"href":"https:\/\/shop.bantam.ch\/fr\/wp-json\/wp\/v2\/product_featured_cat?post=125800"},{"taxonomy":"product_brand","embeddable":true,"href":"https:\/\/shop.bantam.ch\/fr\/wp-json\/wp\/v2\/product_brand?post=125800"},{"taxonomy":"product_cat","embeddable":true,"href":"https:\/\/shop.bantam.ch\/fr\/wp-json\/wp\/v2\/product_cat?post=125800"},{"taxonomy":"product_tag","embeddable":true,"href":"https:\/\/shop.bantam.ch\/fr\/wp-json\/wp\/v2\/product_tag?post=125800"}],"curies":[{"name":"wp","href":"https:\/\/api.w.org\/{rel}","templated":true}]}}