{"id":125766,"date":"2023-03-01T00:59:32","date_gmt":"2023-02-28T23:59:32","guid":{"rendered":"https:\/\/shop.bantam.ch\/produit\/traversin-zip-xl-lounger\/"},"modified":"2026-04-19T23:50:27","modified_gmt":"2026-04-19T21:50:27","slug":"traversin-zip-xl-lounger","status":"publish","type":"product","link":"https:\/\/shop.bantam.ch\/fr\/produit\/traversin-zip-xl-lounger\/","title":{"rendered":"Traversin Zip-XL Lounger"},"content":{"rendered":"<p>Le coussin rouleau gonflable et connectable \u00ab Zip-XL Lounger \u00bb est le produit compl\u00e9mentaire id\u00e9al et confortable au sein de la famille de produits BENT. Le \u00ab Zip-XL Lounger \u00bb peut \u00eatre reli\u00e9 au \u00ab Zip-Carpet \u00bb au moyen de fermetures \u00e9clair et permet de se d\u00e9tendre compl\u00e8tement.\u00a0La conception \u00e0 double fermeture \u00e9clair du \u00ab Zip-XL Lounger \u00bb peut \u00eatre reli\u00e9e au Bent \u00ab Zip-Carpet \u00bb sur tous les c\u00f4t\u00e9s. Les raccords de fermeture \u00e9clair emp\u00eachent le \u00ab Zip-XL Lounger \u00bb de rouler de mani\u00e8re g\u00eanante.<br \/>Le coussin rouleau \u00ab Zip-XL Lounger \u00bb, d&rsquo;une largeur totale de 175 cm et d&rsquo;une hauteur de 30 cm, permet \u00e0 au moins deux personnes de se reposer. Le coussin rouleau se gonfle rapidement au moyen d&rsquo;une valve de s\u00e9curit\u00e9 et se range \u00e0 son tour rapidement dans un petit sac pour un transport facile.\u00a0Cr\u00e9ez un espace lounge confortable en plein air avec le BENT \u00ab Zip-XL Lounger \u00bb combin\u00e9 avec le \u00ab Zip-Carpet \u00bb.\u00a0Le mat\u00e9riau ext\u00e9rieur du \u00ab Zip-XL Lounger \u00bb est r\u00e9sistant, agr\u00e9able pour la peau et facile \u00e0 nettoyer.\u00a0Id\u00e9al pour le camping, le caravaning, la plage, les pique-nique, le jardin, \u00e0 l&rsquo;occasion de festivals ou pour la d\u00e9tente.<\/p>\n<p>Mat\u00e9riau\u00a0:<br \/>Mati\u00e8re ext\u00e9rieure :  100 % polyester<br \/>Ampoule\u00a0: 100 % PVC<\/p>\n<p>Contenu de la livraison :<br \/>1 coussin rouleau<br \/>1 sac de transport avec cordon<\/p>\n","protected":false},"excerpt":{"rendered":"<p>Le coussin rouleau gonflable et connectable \u00ab Zip-XL Lounger \u00bb est le produit compl\u00e9mentaire id\u00e9al et confortable au sein de la famille de produits BENT. Le \u00ab Zip-XL Lounger \u00bb peut \u00eatre reli\u00e9 au \u00ab Zip-Carpet \u00bb au moyen de fermetures \u00e9clair et permet de se d\u00e9tendre compl\u00e8tement.\u00a0La conception \u00e0 double fermeture \u00e9clair du \u00ab [&hellip;]<\/p>\n","protected":false},"featured_media":125750,"template":"","meta":{"_acf_changed":false},"product_featured_cat":[],"product_brand":[3638],"product_cat":[4949],"product_tag":[],"class_list":{"0":"post-125766","1":"product","2":"type-product","3":"status-publish","4":"has-post-thumbnail","6":"product_brand-bent","7":"product_cat-couvertures-et-oreillers","9":"first","10":"instock","11":"taxable","12":"shipping-taxable","13":"purchasable","14":"product-type-variable"},"acf":[],"yoast_head":"<!-- This site is optimized with the Yoast SEO plugin v27.4 - https:\/\/yoast.com\/product\/yoast-seo-wordpress\/ -->\n<title>Traversin Zip-XL Lounger - Bantam Wankm\u00fcller SA<\/title>\n<meta name=\"robots\" content=\"index, follow, max-snippet:-1, max-image-preview:large, max-video-preview:-1\" \/>\n<link rel=\"canonical\" href=\"https:\/\/shop.bantam.ch\/fr\/produit\/traversin-zip-xl-lounger\/\" \/>\n<meta property=\"og:locale\" content=\"fr_FR\" \/>\n<meta property=\"og:type\" content=\"article\" \/>\n<meta property=\"og:title\" content=\"Traversin Zip-XL Lounger - Bantam Wankm\u00fcller SA\" \/>\n<meta property=\"og:description\" content=\"Le coussin rouleau gonflable et connectable \u00ab Zip-XL Lounger \u00bb est le produit compl\u00e9mentaire id\u00e9al et confortable au sein de la famille de produits BENT. Le \u00ab Zip-XL Lounger \u00bb peut \u00eatre reli\u00e9 au \u00ab Zip-Carpet \u00bb au moyen de fermetures \u00e9clair et permet de se d\u00e9tendre compl\u00e8tement.\u00a0La conception \u00e0 double fermeture \u00e9clair du \u00ab [&hellip;]\" \/>\n<meta property=\"og:url\" content=\"https:\/\/shop.bantam.ch\/fr\/produit\/traversin-zip-xl-lounger\/\" \/>\n<meta property=\"og:site_name\" content=\"Bantam Wankm\u00fcller SA\" \/>\n<meta property=\"article:modified_time\" content=\"2026-04-19T21:50:27+00:00\" \/>\n<meta property=\"og:image\" content=\"https:\/\/shop.bantam.ch\/wp-content\/uploads\/2023\/03\/9961696100.jpg\" \/>\n\t<meta property=\"og:image:width\" content=\"1000\" \/>\n\t<meta property=\"og:image:height\" content=\"140\" \/>\n\t<meta property=\"og:image:type\" content=\"image\/jpeg\" \/>\n<meta name=\"twitter:card\" content=\"summary_large_image\" \/>\n<meta name=\"twitter:label1\" content=\"Dur\u00e9e de lecture estim\u00e9e\" \/>\n\t<meta name=\"twitter:data1\" content=\"1 minute\" \/>\n<script type=\"application\/ld+json\" class=\"yoast-schema-graph\">{\"@context\":\"https:\\\/\\\/schema.org\",\"@graph\":[{\"@type\":\"WebPage\",\"@id\":\"https:\\\/\\\/shop.bantam.ch\\\/fr\\\/produit\\\/traversin-zip-xl-lounger\\\/\",\"url\":\"https:\\\/\\\/shop.bantam.ch\\\/fr\\\/produit\\\/traversin-zip-xl-lounger\\\/\",\"name\":\"Traversin Zip-XL Lounger - Bantam Wankm\u00fcller SA\",\"isPartOf\":{\"@id\":\"https:\\\/\\\/shop.bantam.ch\\\/fr\\\/#website\"},\"primaryImageOfPage\":{\"@id\":\"https:\\\/\\\/shop.bantam.ch\\\/fr\\\/produit\\\/traversin-zip-xl-lounger\\\/#primaryimage\"},\"image\":{\"@id\":\"https:\\\/\\\/shop.bantam.ch\\\/fr\\\/produit\\\/traversin-zip-xl-lounger\\\/#primaryimage\"},\"thumbnailUrl\":\"https:\\\/\\\/shop.bantam.ch\\\/wp-content\\\/uploads\\\/2023\\\/03\\\/9961696100.jpg\",\"datePublished\":\"2023-02-28T23:59:32+00:00\",\"dateModified\":\"2026-04-19T21:50:27+00:00\",\"breadcrumb\":{\"@id\":\"https:\\\/\\\/shop.bantam.ch\\\/fr\\\/produit\\\/traversin-zip-xl-lounger\\\/#breadcrumb\"},\"inLanguage\":\"fr-FR\",\"potentialAction\":[{\"@type\":\"ReadAction\",\"target\":[\"https:\\\/\\\/shop.bantam.ch\\\/fr\\\/produit\\\/traversin-zip-xl-lounger\\\/\"]}]},{\"@type\":\"ImageObject\",\"inLanguage\":\"fr-FR\",\"@id\":\"https:\\\/\\\/shop.bantam.ch\\\/fr\\\/produit\\\/traversin-zip-xl-lounger\\\/#primaryimage\",\"url\":\"https:\\\/\\\/shop.bantam.ch\\\/wp-content\\\/uploads\\\/2023\\\/03\\\/9961696100.jpg\",\"contentUrl\":\"https:\\\/\\\/shop.bantam.ch\\\/wp-content\\\/uploads\\\/2023\\\/03\\\/9961696100.jpg\",\"width\":1000,\"height\":140},{\"@type\":\"BreadcrumbList\",\"@id\":\"https:\\\/\\\/shop.bantam.ch\\\/fr\\\/produit\\\/traversin-zip-xl-lounger\\\/#breadcrumb\",\"itemListElement\":[{\"@type\":\"ListItem\",\"position\":1,\"name\":\"Accueil\",\"item\":\"https:\\\/\\\/shop.bantam.ch\\\/fr\\\/\"},{\"@type\":\"ListItem\",\"position\":2,\"name\":\"Boutique\",\"item\":\"https:\\\/\\\/shop.bantam.ch\\\/fr\\\/boutique\\\/\"},{\"@type\":\"ListItem\",\"position\":3,\"name\":\"Traversin Zip-XL Lounger\"}]},{\"@type\":\"WebSite\",\"@id\":\"https:\\\/\\\/shop.bantam.ch\\\/fr\\\/#website\",\"url\":\"https:\\\/\\\/shop.bantam.ch\\\/fr\\\/\",\"name\":\"Bantam Wankm\u00fcller SA\",\"description\":\"\",\"publisher\":{\"@id\":\"https:\\\/\\\/shop.bantam.ch\\\/fr\\\/#organization\"},\"inLanguage\":\"fr-FR\"},{\"@type\":\"Organization\",\"@id\":\"https:\\\/\\\/shop.bantam.ch\\\/fr\\\/#organization\",\"name\":\"Bantam Wankm\u00fcller SA\",\"url\":\"https:\\\/\\\/shop.bantam.ch\\\/fr\\\/\",\"logo\":{\"@type\":\"ImageObject\",\"inLanguage\":\"fr-FR\",\"@id\":\"https:\\\/\\\/shop.bantam.ch\\\/fr\\\/#\\\/schema\\\/logo\\\/image\\\/\",\"url\":\"https:\\\/\\\/shop.bantam.ch\\\/wp-content\\\/uploads\\\/2022\\\/12\\\/bantam-logo.png\",\"contentUrl\":\"https:\\\/\\\/shop.bantam.ch\\\/wp-content\\\/uploads\\\/2022\\\/12\\\/bantam-logo.png\",\"width\":320,\"height\":71,\"caption\":\"Bantam Wankm\u00fcller SA\"},\"image\":{\"@id\":\"https:\\\/\\\/shop.bantam.ch\\\/fr\\\/#\\\/schema\\\/logo\\\/image\\\/\"}}]}<\/script>\n<!-- \/ Yoast SEO plugin. -->","yoast_head_json":{"title":"Traversin Zip-XL Lounger - Bantam Wankm\u00fcller SA","robots":{"index":"index","follow":"follow","max-snippet":"max-snippet:-1","max-image-preview":"max-image-preview:large","max-video-preview":"max-video-preview:-1"},"canonical":"https:\/\/shop.bantam.ch\/fr\/produit\/traversin-zip-xl-lounger\/","og_locale":"fr_FR","og_type":"article","og_title":"Traversin Zip-XL Lounger - Bantam Wankm\u00fcller SA","og_description":"Le coussin rouleau gonflable et connectable \u00ab Zip-XL Lounger \u00bb est le produit compl\u00e9mentaire id\u00e9al et confortable au sein de la famille de produits BENT. Le \u00ab Zip-XL Lounger \u00bb peut \u00eatre reli\u00e9 au \u00ab Zip-Carpet \u00bb au moyen de fermetures \u00e9clair et permet de se d\u00e9tendre compl\u00e8tement.\u00a0La conception \u00e0 double fermeture \u00e9clair du \u00ab [&hellip;]","og_url":"https:\/\/shop.bantam.ch\/fr\/produit\/traversin-zip-xl-lounger\/","og_site_name":"Bantam Wankm\u00fcller SA","article_modified_time":"2026-04-19T21:50:27+00:00","og_image":[{"width":1000,"height":140,"url":"https:\/\/shop.bantam.ch\/wp-content\/uploads\/2023\/03\/9961696100.jpg","type":"image\/jpeg"}],"twitter_card":"summary_large_image","twitter_misc":{"Dur\u00e9e de lecture estim\u00e9e":"1 minute"},"schema":{"@context":"https:\/\/schema.org","@graph":[{"@type":"WebPage","@id":"https:\/\/shop.bantam.ch\/fr\/produit\/traversin-zip-xl-lounger\/","url":"https:\/\/shop.bantam.ch\/fr\/produit\/traversin-zip-xl-lounger\/","name":"Traversin Zip-XL Lounger - Bantam Wankm\u00fcller SA","isPartOf":{"@id":"https:\/\/shop.bantam.ch\/fr\/#website"},"primaryImageOfPage":{"@id":"https:\/\/shop.bantam.ch\/fr\/produit\/traversin-zip-xl-lounger\/#primaryimage"},"image":{"@id":"https:\/\/shop.bantam.ch\/fr\/produit\/traversin-zip-xl-lounger\/#primaryimage"},"thumbnailUrl":"https:\/\/shop.bantam.ch\/wp-content\/uploads\/2023\/03\/9961696100.jpg","datePublished":"2023-02-28T23:59:32+00:00","dateModified":"2026-04-19T21:50:27+00:00","breadcrumb":{"@id":"https:\/\/shop.bantam.ch\/fr\/produit\/traversin-zip-xl-lounger\/#breadcrumb"},"inLanguage":"fr-FR","potentialAction":[{"@type":"ReadAction","target":["https:\/\/shop.bantam.ch\/fr\/produit\/traversin-zip-xl-lounger\/"]}]},{"@type":"ImageObject","inLanguage":"fr-FR","@id":"https:\/\/shop.bantam.ch\/fr\/produit\/traversin-zip-xl-lounger\/#primaryimage","url":"https:\/\/shop.bantam.ch\/wp-content\/uploads\/2023\/03\/9961696100.jpg","contentUrl":"https:\/\/shop.bantam.ch\/wp-content\/uploads\/2023\/03\/9961696100.jpg","width":1000,"height":140},{"@type":"BreadcrumbList","@id":"https:\/\/shop.bantam.ch\/fr\/produit\/traversin-zip-xl-lounger\/#breadcrumb","itemListElement":[{"@type":"ListItem","position":1,"name":"Accueil","item":"https:\/\/shop.bantam.ch\/fr\/"},{"@type":"ListItem","position":2,"name":"Boutique","item":"https:\/\/shop.bantam.ch\/fr\/boutique\/"},{"@type":"ListItem","position":3,"name":"Traversin Zip-XL Lounger"}]},{"@type":"WebSite","@id":"https:\/\/shop.bantam.ch\/fr\/#website","url":"https:\/\/shop.bantam.ch\/fr\/","name":"Bantam Wankm\u00fcller SA","description":"","publisher":{"@id":"https:\/\/shop.bantam.ch\/fr\/#organization"},"inLanguage":"fr-FR"},{"@type":"Organization","@id":"https:\/\/shop.bantam.ch\/fr\/#organization","name":"Bantam Wankm\u00fcller SA","url":"https:\/\/shop.bantam.ch\/fr\/","logo":{"@type":"ImageObject","inLanguage":"fr-FR","@id":"https:\/\/shop.bantam.ch\/fr\/#\/schema\/logo\/image\/","url":"https:\/\/shop.bantam.ch\/wp-content\/uploads\/2022\/12\/bantam-logo.png","contentUrl":"https:\/\/shop.bantam.ch\/wp-content\/uploads\/2022\/12\/bantam-logo.png","width":320,"height":71,"caption":"Bantam Wankm\u00fcller SA"},"image":{"@id":"https:\/\/shop.bantam.ch\/fr\/#\/schema\/logo\/image\/"}}]}},"_links":{"self":[{"href":"https:\/\/shop.bantam.ch\/fr\/wp-json\/wp\/v2\/product\/125766","targetHints":{"allow":["GET"]}}],"collection":[{"href":"https:\/\/shop.bantam.ch\/fr\/wp-json\/wp\/v2\/product"}],"about":[{"href":"https:\/\/shop.bantam.ch\/fr\/wp-json\/wp\/v2\/types\/product"}],"wp:featuredmedia":[{"embeddable":true,"href":"https:\/\/shop.bantam.ch\/fr\/wp-json\/wp\/v2\/media\/125750"}],"wp:attachment":[{"href":"https:\/\/shop.bantam.ch\/fr\/wp-json\/wp\/v2\/media?parent=125766"}],"wp:term":[{"taxonomy":"product_featured_cat","embeddable":true,"href":"https:\/\/shop.bantam.ch\/fr\/wp-json\/wp\/v2\/product_featured_cat?post=125766"},{"taxonomy":"product_brand","embeddable":true,"href":"https:\/\/shop.bantam.ch\/fr\/wp-json\/wp\/v2\/product_brand?post=125766"},{"taxonomy":"product_cat","embeddable":true,"href":"https:\/\/shop.bantam.ch\/fr\/wp-json\/wp\/v2\/product_cat?post=125766"},{"taxonomy":"product_tag","embeddable":true,"href":"https:\/\/shop.bantam.ch\/fr\/wp-json\/wp\/v2\/product_tag?post=125766"}],"curies":[{"name":"wp","href":"https:\/\/api.w.org\/{rel}","templated":true}]}}