{"id":125688,"date":"2023-03-01T00:58:38","date_gmt":"2023-02-28T23:58:38","guid":{"rendered":"https:\/\/shop.bantam.ch\/produit\/solette-tc-zip-canvas-single-motif-afrique\/"},"modified":"2026-04-21T23:47:29","modified_gmt":"2026-04-21T21:47:29","slug":"solette-tc-zip-canvas-single-motif-afrique","status":"publish","type":"product","link":"https:\/\/shop.bantam.ch\/fr\/produit\/solette-tc-zip-canvas-single-motif-afrique\/","title":{"rendered":"Solette TC Zip-Canvas, Single, motif Afrique"},"content":{"rendered":"<p>La voile d\u2019ombrage connectable BENT \u00abTC-Zip-Canvas Single\u00bb est modulable, fonctionnel, variable et se distingue par sa maniabilit\u00e9.<br \/>Fabriqu\u00e9 dans un tissu robuste en polyester et coton m\u00e9lang\u00e9 ( TC 65\/35) 210g\/m\u00b2. La toile zipp\u00e9e TC se distingue par sa tr\u00e8s grande r\u00e9sistance aux UV et rend la voile d\u2019ombrage particuli\u00e8rement adapt\u00e9e aux r\u00e9gions tr\u00e8s ensoleill\u00e9es et aux utilisations de longue dur\u00e9e. Le tissu TC est rendu imperm\u00e9able gr\u00e2ce \u00e0 un enduit avec une colonne d\u2019eau de 450 mm. Les fils de coton au pouvoir gonflant composant le tissu garantissent l\u2019imperm\u00e9abilit\u00e9 du TC-Zip Canvas.\u00a0La voile d\u2019ombrage connectable \u00ab TC-Zip-Canvas \u00bb est \u00e9quip\u00e9e sur les trois c\u00f4t\u00e9s de fermetures \u00e0 glissi\u00e8re de marque SBS de haute qualit\u00e9 et offre de nombreuses possibilit\u00e9s d\u2019agencement moderne pour une protection optimale contre les intemp\u00e9ries.\u00a0Les voiles d\u2019ombrage connectables \u00abTC-Zip-Canvas \u00bb peuvent \u00eatre reli\u00e9s dans tous les sens, mont\u00e9s et d\u00e9mont\u00e9s, ou compl\u00e9t\u00e9s par d\u2019autres produits BENT comme le tapis connectable \u00ab Zip-Carpet \u00bb au moyen de fermetures \u00e9clair.\u00a0La construction en triangle isoc\u00e8le et la construction renforc\u00e9e des angles permettent un haubanage optimal de la voile d\u2019ombrage.\u00a0Sac de rangement pratique et robuste avec fermeture rapide, sangles d\u2019\u00e9paule et faible encombrement pour un rangement et un transport facile.\u00a0Id\u00e9al pour le camping, le camping-car, le caravaning, \u00e0 la plage, lors de festivals ou pour la d\u00e9tente.<\/p>\n<p>BENT s&rsquo;engage d\u00e9lib\u00e9r\u00e9ment en faveur de la durabilit\u00e9 \u00e9cologique et renonce \u00e0 l\u2019utilisation de perfluorocarbures (PFC) nocifs pour l\u2019environnement dans les rev\u00eatements hydrofuges.<\/p>\n<p>Mat\u00e9riau\u00a0:<br \/>65 % polyester, 35 % coton<\/p>\n<p>Contenu de la livraison :<br \/>1 solette <br \/>1 sac de transport avec cordon<br \/>3 cordes de haubanage avec tendeur 3 trous en aluminium + sac<br \/>Sac pour piquets<br \/>Plaque de fixation pour barres optionnelles<\/p>\n","protected":false},"excerpt":{"rendered":"<p>La voile d\u2019ombrage connectable BENT \u00abTC-Zip-Canvas Single\u00bb est modulable, fonctionnel, variable et se distingue par sa maniabilit\u00e9.Fabriqu\u00e9 dans un tissu robuste en polyester et coton m\u00e9lang\u00e9 ( TC 65\/35) 210g\/m\u00b2. La toile zipp\u00e9e TC se distingue par sa tr\u00e8s grande r\u00e9sistance aux UV et rend la voile d\u2019ombrage particuli\u00e8rement adapt\u00e9e aux r\u00e9gions tr\u00e8s ensoleill\u00e9es et [&hellip;]<\/p>\n","protected":false},"featured_media":125676,"template":"","meta":{"_acf_changed":false},"product_featured_cat":[],"product_brand":[3638],"product_cat":[5125,4249],"product_tag":[],"class_list":{"0":"post-125688","1":"product","2":"type-product","3":"status-publish","4":"has-post-thumbnail","6":"product_brand-bent","7":"product_cat-protection-contre-le-vent-et-le-soleil","8":"product_cat-toits-solairesvoiles-et-tarps-pour-le-camping","10":"first","11":"instock","12":"taxable","13":"shipping-taxable","14":"purchasable","15":"product-type-variable"},"acf":[],"yoast_head":"<!-- This site is optimized with the Yoast SEO plugin v27.4 - https:\/\/yoast.com\/product\/yoast-seo-wordpress\/ -->\n<title>Solette TC Zip-Canvas, Single, motif Afrique - Bantam Wankm\u00fcller SA<\/title>\n<meta name=\"robots\" content=\"index, follow, max-snippet:-1, max-image-preview:large, max-video-preview:-1\" \/>\n<link rel=\"canonical\" href=\"https:\/\/shop.bantam.ch\/fr\/produit\/solette-tc-zip-canvas-single-motif-afrique\/\" \/>\n<meta property=\"og:locale\" content=\"fr_FR\" \/>\n<meta property=\"og:type\" content=\"article\" \/>\n<meta property=\"og:title\" content=\"Solette TC Zip-Canvas, Single, motif Afrique - Bantam Wankm\u00fcller SA\" \/>\n<meta property=\"og:description\" content=\"La voile d\u2019ombrage connectable BENT \u00abTC-Zip-Canvas Single\u00bb est modulable, fonctionnel, variable et se distingue par sa maniabilit\u00e9.Fabriqu\u00e9 dans un tissu robuste en polyester et coton m\u00e9lang\u00e9 ( TC 65\/35) 210g\/m\u00b2. La toile zipp\u00e9e TC se distingue par sa tr\u00e8s grande r\u00e9sistance aux UV et rend la voile d\u2019ombrage particuli\u00e8rement adapt\u00e9e aux r\u00e9gions tr\u00e8s ensoleill\u00e9es et [&hellip;]\" \/>\n<meta property=\"og:url\" content=\"https:\/\/shop.bantam.ch\/fr\/produit\/solette-tc-zip-canvas-single-motif-afrique\/\" \/>\n<meta property=\"og:site_name\" content=\"Bantam Wankm\u00fcller SA\" \/>\n<meta property=\"article:modified_time\" content=\"2026-04-21T21:47:29+00:00\" \/>\n<meta property=\"og:image\" content=\"https:\/\/shop.bantam.ch\/wp-content\/uploads\/2023\/03\/9961690100.jpg\" \/>\n\t<meta property=\"og:image:width\" content=\"1000\" \/>\n\t<meta property=\"og:image:height\" content=\"709\" \/>\n\t<meta property=\"og:image:type\" content=\"image\/jpeg\" \/>\n<meta name=\"twitter:card\" content=\"summary_large_image\" \/>\n<meta name=\"twitter:label1\" content=\"Dur\u00e9e de lecture estim\u00e9e\" \/>\n\t<meta name=\"twitter:data1\" content=\"2 minutes\" \/>\n<script type=\"application\/ld+json\" class=\"yoast-schema-graph\">{\"@context\":\"https:\\\/\\\/schema.org\",\"@graph\":[{\"@type\":\"WebPage\",\"@id\":\"https:\\\/\\\/shop.bantam.ch\\\/fr\\\/produit\\\/solette-tc-zip-canvas-single-motif-afrique\\\/\",\"url\":\"https:\\\/\\\/shop.bantam.ch\\\/fr\\\/produit\\\/solette-tc-zip-canvas-single-motif-afrique\\\/\",\"name\":\"Solette TC Zip-Canvas, Single, motif Afrique - Bantam Wankm\u00fcller SA\",\"isPartOf\":{\"@id\":\"https:\\\/\\\/shop.bantam.ch\\\/fr\\\/#website\"},\"primaryImageOfPage\":{\"@id\":\"https:\\\/\\\/shop.bantam.ch\\\/fr\\\/produit\\\/solette-tc-zip-canvas-single-motif-afrique\\\/#primaryimage\"},\"image\":{\"@id\":\"https:\\\/\\\/shop.bantam.ch\\\/fr\\\/produit\\\/solette-tc-zip-canvas-single-motif-afrique\\\/#primaryimage\"},\"thumbnailUrl\":\"https:\\\/\\\/shop.bantam.ch\\\/wp-content\\\/uploads\\\/2023\\\/03\\\/9961690100.jpg\",\"datePublished\":\"2023-02-28T23:58:38+00:00\",\"dateModified\":\"2026-04-21T21:47:29+00:00\",\"breadcrumb\":{\"@id\":\"https:\\\/\\\/shop.bantam.ch\\\/fr\\\/produit\\\/solette-tc-zip-canvas-single-motif-afrique\\\/#breadcrumb\"},\"inLanguage\":\"fr-FR\",\"potentialAction\":[{\"@type\":\"ReadAction\",\"target\":[\"https:\\\/\\\/shop.bantam.ch\\\/fr\\\/produit\\\/solette-tc-zip-canvas-single-motif-afrique\\\/\"]}]},{\"@type\":\"ImageObject\",\"inLanguage\":\"fr-FR\",\"@id\":\"https:\\\/\\\/shop.bantam.ch\\\/fr\\\/produit\\\/solette-tc-zip-canvas-single-motif-afrique\\\/#primaryimage\",\"url\":\"https:\\\/\\\/shop.bantam.ch\\\/wp-content\\\/uploads\\\/2023\\\/03\\\/9961690100.jpg\",\"contentUrl\":\"https:\\\/\\\/shop.bantam.ch\\\/wp-content\\\/uploads\\\/2023\\\/03\\\/9961690100.jpg\",\"width\":1000,\"height\":709},{\"@type\":\"BreadcrumbList\",\"@id\":\"https:\\\/\\\/shop.bantam.ch\\\/fr\\\/produit\\\/solette-tc-zip-canvas-single-motif-afrique\\\/#breadcrumb\",\"itemListElement\":[{\"@type\":\"ListItem\",\"position\":1,\"name\":\"Accueil\",\"item\":\"https:\\\/\\\/shop.bantam.ch\\\/fr\\\/\"},{\"@type\":\"ListItem\",\"position\":2,\"name\":\"Boutique\",\"item\":\"https:\\\/\\\/shop.bantam.ch\\\/fr\\\/boutique\\\/\"},{\"@type\":\"ListItem\",\"position\":3,\"name\":\"Solette TC Zip-Canvas, Single, motif Afrique\"}]},{\"@type\":\"WebSite\",\"@id\":\"https:\\\/\\\/shop.bantam.ch\\\/fr\\\/#website\",\"url\":\"https:\\\/\\\/shop.bantam.ch\\\/fr\\\/\",\"name\":\"Bantam Wankm\u00fcller SA\",\"description\":\"\",\"publisher\":{\"@id\":\"https:\\\/\\\/shop.bantam.ch\\\/fr\\\/#organization\"},\"inLanguage\":\"fr-FR\"},{\"@type\":\"Organization\",\"@id\":\"https:\\\/\\\/shop.bantam.ch\\\/fr\\\/#organization\",\"name\":\"Bantam Wankm\u00fcller SA\",\"url\":\"https:\\\/\\\/shop.bantam.ch\\\/fr\\\/\",\"logo\":{\"@type\":\"ImageObject\",\"inLanguage\":\"fr-FR\",\"@id\":\"https:\\\/\\\/shop.bantam.ch\\\/fr\\\/#\\\/schema\\\/logo\\\/image\\\/\",\"url\":\"https:\\\/\\\/shop.bantam.ch\\\/wp-content\\\/uploads\\\/2022\\\/12\\\/bantam-logo.png\",\"contentUrl\":\"https:\\\/\\\/shop.bantam.ch\\\/wp-content\\\/uploads\\\/2022\\\/12\\\/bantam-logo.png\",\"width\":320,\"height\":71,\"caption\":\"Bantam Wankm\u00fcller SA\"},\"image\":{\"@id\":\"https:\\\/\\\/shop.bantam.ch\\\/fr\\\/#\\\/schema\\\/logo\\\/image\\\/\"}}]}<\/script>\n<!-- \/ Yoast SEO plugin. -->","yoast_head_json":{"title":"Solette TC Zip-Canvas, Single, motif Afrique - Bantam Wankm\u00fcller SA","robots":{"index":"index","follow":"follow","max-snippet":"max-snippet:-1","max-image-preview":"max-image-preview:large","max-video-preview":"max-video-preview:-1"},"canonical":"https:\/\/shop.bantam.ch\/fr\/produit\/solette-tc-zip-canvas-single-motif-afrique\/","og_locale":"fr_FR","og_type":"article","og_title":"Solette TC Zip-Canvas, Single, motif Afrique - Bantam Wankm\u00fcller SA","og_description":"La voile d\u2019ombrage connectable BENT \u00abTC-Zip-Canvas Single\u00bb est modulable, fonctionnel, variable et se distingue par sa maniabilit\u00e9.Fabriqu\u00e9 dans un tissu robuste en polyester et coton m\u00e9lang\u00e9 ( TC 65\/35) 210g\/m\u00b2. La toile zipp\u00e9e TC se distingue par sa tr\u00e8s grande r\u00e9sistance aux UV et rend la voile d\u2019ombrage particuli\u00e8rement adapt\u00e9e aux r\u00e9gions tr\u00e8s ensoleill\u00e9es et [&hellip;]","og_url":"https:\/\/shop.bantam.ch\/fr\/produit\/solette-tc-zip-canvas-single-motif-afrique\/","og_site_name":"Bantam Wankm\u00fcller SA","article_modified_time":"2026-04-21T21:47:29+00:00","og_image":[{"width":1000,"height":709,"url":"https:\/\/shop.bantam.ch\/wp-content\/uploads\/2023\/03\/9961690100.jpg","type":"image\/jpeg"}],"twitter_card":"summary_large_image","twitter_misc":{"Dur\u00e9e de lecture estim\u00e9e":"2 minutes"},"schema":{"@context":"https:\/\/schema.org","@graph":[{"@type":"WebPage","@id":"https:\/\/shop.bantam.ch\/fr\/produit\/solette-tc-zip-canvas-single-motif-afrique\/","url":"https:\/\/shop.bantam.ch\/fr\/produit\/solette-tc-zip-canvas-single-motif-afrique\/","name":"Solette TC Zip-Canvas, Single, motif Afrique - Bantam Wankm\u00fcller SA","isPartOf":{"@id":"https:\/\/shop.bantam.ch\/fr\/#website"},"primaryImageOfPage":{"@id":"https:\/\/shop.bantam.ch\/fr\/produit\/solette-tc-zip-canvas-single-motif-afrique\/#primaryimage"},"image":{"@id":"https:\/\/shop.bantam.ch\/fr\/produit\/solette-tc-zip-canvas-single-motif-afrique\/#primaryimage"},"thumbnailUrl":"https:\/\/shop.bantam.ch\/wp-content\/uploads\/2023\/03\/9961690100.jpg","datePublished":"2023-02-28T23:58:38+00:00","dateModified":"2026-04-21T21:47:29+00:00","breadcrumb":{"@id":"https:\/\/shop.bantam.ch\/fr\/produit\/solette-tc-zip-canvas-single-motif-afrique\/#breadcrumb"},"inLanguage":"fr-FR","potentialAction":[{"@type":"ReadAction","target":["https:\/\/shop.bantam.ch\/fr\/produit\/solette-tc-zip-canvas-single-motif-afrique\/"]}]},{"@type":"ImageObject","inLanguage":"fr-FR","@id":"https:\/\/shop.bantam.ch\/fr\/produit\/solette-tc-zip-canvas-single-motif-afrique\/#primaryimage","url":"https:\/\/shop.bantam.ch\/wp-content\/uploads\/2023\/03\/9961690100.jpg","contentUrl":"https:\/\/shop.bantam.ch\/wp-content\/uploads\/2023\/03\/9961690100.jpg","width":1000,"height":709},{"@type":"BreadcrumbList","@id":"https:\/\/shop.bantam.ch\/fr\/produit\/solette-tc-zip-canvas-single-motif-afrique\/#breadcrumb","itemListElement":[{"@type":"ListItem","position":1,"name":"Accueil","item":"https:\/\/shop.bantam.ch\/fr\/"},{"@type":"ListItem","position":2,"name":"Boutique","item":"https:\/\/shop.bantam.ch\/fr\/boutique\/"},{"@type":"ListItem","position":3,"name":"Solette TC Zip-Canvas, Single, motif Afrique"}]},{"@type":"WebSite","@id":"https:\/\/shop.bantam.ch\/fr\/#website","url":"https:\/\/shop.bantam.ch\/fr\/","name":"Bantam Wankm\u00fcller SA","description":"","publisher":{"@id":"https:\/\/shop.bantam.ch\/fr\/#organization"},"inLanguage":"fr-FR"},{"@type":"Organization","@id":"https:\/\/shop.bantam.ch\/fr\/#organization","name":"Bantam Wankm\u00fcller SA","url":"https:\/\/shop.bantam.ch\/fr\/","logo":{"@type":"ImageObject","inLanguage":"fr-FR","@id":"https:\/\/shop.bantam.ch\/fr\/#\/schema\/logo\/image\/","url":"https:\/\/shop.bantam.ch\/wp-content\/uploads\/2022\/12\/bantam-logo.png","contentUrl":"https:\/\/shop.bantam.ch\/wp-content\/uploads\/2022\/12\/bantam-logo.png","width":320,"height":71,"caption":"Bantam Wankm\u00fcller SA"},"image":{"@id":"https:\/\/shop.bantam.ch\/fr\/#\/schema\/logo\/image\/"}}]}},"_links":{"self":[{"href":"https:\/\/shop.bantam.ch\/fr\/wp-json\/wp\/v2\/product\/125688","targetHints":{"allow":["GET"]}}],"collection":[{"href":"https:\/\/shop.bantam.ch\/fr\/wp-json\/wp\/v2\/product"}],"about":[{"href":"https:\/\/shop.bantam.ch\/fr\/wp-json\/wp\/v2\/types\/product"}],"wp:featuredmedia":[{"embeddable":true,"href":"https:\/\/shop.bantam.ch\/fr\/wp-json\/wp\/v2\/media\/125676"}],"wp:attachment":[{"href":"https:\/\/shop.bantam.ch\/fr\/wp-json\/wp\/v2\/media?parent=125688"}],"wp:term":[{"taxonomy":"product_featured_cat","embeddable":true,"href":"https:\/\/shop.bantam.ch\/fr\/wp-json\/wp\/v2\/product_featured_cat?post=125688"},{"taxonomy":"product_brand","embeddable":true,"href":"https:\/\/shop.bantam.ch\/fr\/wp-json\/wp\/v2\/product_brand?post=125688"},{"taxonomy":"product_cat","embeddable":true,"href":"https:\/\/shop.bantam.ch\/fr\/wp-json\/wp\/v2\/product_cat?post=125688"},{"taxonomy":"product_tag","embeddable":true,"href":"https:\/\/shop.bantam.ch\/fr\/wp-json\/wp\/v2\/product_tag?post=125688"}],"curies":[{"name":"wp","href":"https:\/\/api.w.org\/{rel}","templated":true}]}}