{"id":125628,"date":"2023-03-01T00:57:45","date_gmt":"2023-02-28T23:57:45","guid":{"rendered":"https:\/\/shop.bantam.ch\/produit\/tuyau-de-gaz-caramatic-connectbasic-ps30bar-g-2-shell-f\/"},"modified":"2026-04-22T23:42:17","modified_gmt":"2026-04-22T21:42:17","slug":"tuyau-de-gaz-caramatic-connectbasic-ps30bar-g-2-shell-f","status":"publish","type":"product","link":"https:\/\/shop.bantam.ch\/fr\/produit\/tuyau-de-gaz-caramatic-connectbasic-ps30bar-g-2-shell-f\/","title":{"rendered":"Tuyau de gaz Caramatic ConnectBasic PS30bar G.2 Shell-F"},"content":{"rendered":"<p>Lyre haute pression pour raccorder la bouteille de gaz et le d\u00e9tendeur. Avantages et \u00e9quipement<\/p>\n<ul>\n<li>Utilisation possible dans toute l\u2019Europe gr\u00e2ce \u00e0 l\u2019utilisation de lyres flexibles haute pression avec raccords sp\u00e9cifiques \u00e0 chaque pays.<\/li>\n<li>Version PS 30 bar : Certificat d\u2019examen de type DVGW Caract\u00e9ristiques techniques<\/li>\n<li>Flexible : caoutchouc avec renfort en textile<\/li>\n<li>R\u00e9sistant au froid jusqu\u2019\u00e0 &#8211; 30\u00a0\u00b0C<\/li>\n<li>Remarque * Nos conduites sont \u00e9galement fournies avec une \u00e9tiquette et des informations sur l\u2019ann\u00e9e de remplacement .<\/li>\n<li>Le flexible d\u2019une longueur de 750 mm peut \u00eatre utilis\u00e9 uniquement pour les porte-bouteilles \u00e9quip\u00e9s d\u2019un dispositif d\u2019extraction.<\/li>\n<li>Raccordement\/pays : G.2 (Shell-F) FR\/CH\/BR<\/li>\n<\/ul>\n","protected":false},"excerpt":{"rendered":"<p>Lyre haute pression pour raccorder la bouteille de gaz et le d\u00e9tendeur. Avantages et \u00e9quipement Utilisation possible dans toute l\u2019Europe gr\u00e2ce \u00e0 l\u2019utilisation de lyres flexibles haute pression avec raccords sp\u00e9cifiques \u00e0 chaque pays. Version PS 30 bar : Certificat d\u2019examen de type DVGW Caract\u00e9ristiques techniques Flexible : caoutchouc avec renfort en textile R\u00e9sistant au [&hellip;]<\/p>\n","protected":false},"featured_media":125624,"template":"","meta":{"_acf_changed":false},"product_featured_cat":[],"product_brand":[3254],"product_cat":[4493],"product_tag":[],"class_list":{"0":"post-125628","1":"product","2":"type-product","3":"status-publish","4":"has-post-thumbnail","6":"product_brand-gok","7":"product_cat-flexibles-gaz","9":"first","10":"instock","11":"taxable","12":"shipping-taxable","13":"purchasable","14":"product-type-variable"},"acf":[],"yoast_head":"<!-- This site is optimized with the Yoast SEO plugin v27.4 - https:\/\/yoast.com\/product\/yoast-seo-wordpress\/ -->\n<title>Tuyau de gaz Caramatic ConnectBasic PS30bar G.2 Shell-F - Bantam Wankm\u00fcller SA<\/title>\n<meta name=\"robots\" content=\"index, follow, max-snippet:-1, max-image-preview:large, max-video-preview:-1\" \/>\n<link rel=\"canonical\" href=\"https:\/\/shop.bantam.ch\/fr\/produit\/tuyau-de-gaz-caramatic-connectbasic-ps30bar-g-2-shell-f\/\" \/>\n<meta property=\"og:locale\" content=\"fr_FR\" \/>\n<meta property=\"og:type\" content=\"article\" \/>\n<meta property=\"og:title\" content=\"Tuyau de gaz Caramatic ConnectBasic PS30bar G.2 Shell-F - Bantam Wankm\u00fcller SA\" \/>\n<meta property=\"og:description\" content=\"Lyre haute pression pour raccorder la bouteille de gaz et le d\u00e9tendeur. Avantages et \u00e9quipement Utilisation possible dans toute l\u2019Europe gr\u00e2ce \u00e0 l\u2019utilisation de lyres flexibles haute pression avec raccords sp\u00e9cifiques \u00e0 chaque pays. Version PS 30 bar : Certificat d\u2019examen de type DVGW Caract\u00e9ristiques techniques Flexible : caoutchouc avec renfort en textile R\u00e9sistant au [&hellip;]\" \/>\n<meta property=\"og:url\" content=\"https:\/\/shop.bantam.ch\/fr\/produit\/tuyau-de-gaz-caramatic-connectbasic-ps30bar-g-2-shell-f\/\" \/>\n<meta property=\"og:site_name\" content=\"Bantam Wankm\u00fcller SA\" \/>\n<meta property=\"article:modified_time\" content=\"2026-04-22T21:42:17+00:00\" \/>\n<meta property=\"og:image\" content=\"https:\/\/shop.bantam.ch\/wp-content\/uploads\/2023\/03\/995776611.jpg\" \/>\n\t<meta property=\"og:image:width\" content=\"1000\" \/>\n\t<meta property=\"og:image:height\" content=\"894\" \/>\n\t<meta property=\"og:image:type\" content=\"image\/jpeg\" \/>\n<meta name=\"twitter:card\" content=\"summary_large_image\" \/>\n<meta name=\"twitter:label1\" content=\"Dur\u00e9e de lecture estim\u00e9e\" \/>\n\t<meta name=\"twitter:data1\" content=\"1 minute\" \/>\n<script type=\"application\/ld+json\" class=\"yoast-schema-graph\">{\"@context\":\"https:\\\/\\\/schema.org\",\"@graph\":[{\"@type\":\"WebPage\",\"@id\":\"https:\\\/\\\/shop.bantam.ch\\\/fr\\\/produit\\\/tuyau-de-gaz-caramatic-connectbasic-ps30bar-g-2-shell-f\\\/\",\"url\":\"https:\\\/\\\/shop.bantam.ch\\\/fr\\\/produit\\\/tuyau-de-gaz-caramatic-connectbasic-ps30bar-g-2-shell-f\\\/\",\"name\":\"Tuyau de gaz Caramatic ConnectBasic PS30bar G.2 Shell-F - Bantam Wankm\u00fcller SA\",\"isPartOf\":{\"@id\":\"https:\\\/\\\/shop.bantam.ch\\\/fr\\\/#website\"},\"primaryImageOfPage\":{\"@id\":\"https:\\\/\\\/shop.bantam.ch\\\/fr\\\/produit\\\/tuyau-de-gaz-caramatic-connectbasic-ps30bar-g-2-shell-f\\\/#primaryimage\"},\"image\":{\"@id\":\"https:\\\/\\\/shop.bantam.ch\\\/fr\\\/produit\\\/tuyau-de-gaz-caramatic-connectbasic-ps30bar-g-2-shell-f\\\/#primaryimage\"},\"thumbnailUrl\":\"https:\\\/\\\/shop.bantam.ch\\\/wp-content\\\/uploads\\\/2023\\\/03\\\/995776611.jpg\",\"datePublished\":\"2023-02-28T23:57:45+00:00\",\"dateModified\":\"2026-04-22T21:42:17+00:00\",\"breadcrumb\":{\"@id\":\"https:\\\/\\\/shop.bantam.ch\\\/fr\\\/produit\\\/tuyau-de-gaz-caramatic-connectbasic-ps30bar-g-2-shell-f\\\/#breadcrumb\"},\"inLanguage\":\"fr-FR\",\"potentialAction\":[{\"@type\":\"ReadAction\",\"target\":[\"https:\\\/\\\/shop.bantam.ch\\\/fr\\\/produit\\\/tuyau-de-gaz-caramatic-connectbasic-ps30bar-g-2-shell-f\\\/\"]}]},{\"@type\":\"ImageObject\",\"inLanguage\":\"fr-FR\",\"@id\":\"https:\\\/\\\/shop.bantam.ch\\\/fr\\\/produit\\\/tuyau-de-gaz-caramatic-connectbasic-ps30bar-g-2-shell-f\\\/#primaryimage\",\"url\":\"https:\\\/\\\/shop.bantam.ch\\\/wp-content\\\/uploads\\\/2023\\\/03\\\/995776611.jpg\",\"contentUrl\":\"https:\\\/\\\/shop.bantam.ch\\\/wp-content\\\/uploads\\\/2023\\\/03\\\/995776611.jpg\",\"width\":1000,\"height\":894},{\"@type\":\"BreadcrumbList\",\"@id\":\"https:\\\/\\\/shop.bantam.ch\\\/fr\\\/produit\\\/tuyau-de-gaz-caramatic-connectbasic-ps30bar-g-2-shell-f\\\/#breadcrumb\",\"itemListElement\":[{\"@type\":\"ListItem\",\"position\":1,\"name\":\"Accueil\",\"item\":\"https:\\\/\\\/shop.bantam.ch\\\/fr\\\/\"},{\"@type\":\"ListItem\",\"position\":2,\"name\":\"Boutique\",\"item\":\"https:\\\/\\\/shop.bantam.ch\\\/fr\\\/boutique\\\/\"},{\"@type\":\"ListItem\",\"position\":3,\"name\":\"Tuyau de gaz Caramatic ConnectBasic PS30bar G.2 Shell-F\"}]},{\"@type\":\"WebSite\",\"@id\":\"https:\\\/\\\/shop.bantam.ch\\\/fr\\\/#website\",\"url\":\"https:\\\/\\\/shop.bantam.ch\\\/fr\\\/\",\"name\":\"Bantam Wankm\u00fcller SA\",\"description\":\"\",\"publisher\":{\"@id\":\"https:\\\/\\\/shop.bantam.ch\\\/fr\\\/#organization\"},\"inLanguage\":\"fr-FR\"},{\"@type\":\"Organization\",\"@id\":\"https:\\\/\\\/shop.bantam.ch\\\/fr\\\/#organization\",\"name\":\"Bantam Wankm\u00fcller SA\",\"url\":\"https:\\\/\\\/shop.bantam.ch\\\/fr\\\/\",\"logo\":{\"@type\":\"ImageObject\",\"inLanguage\":\"fr-FR\",\"@id\":\"https:\\\/\\\/shop.bantam.ch\\\/fr\\\/#\\\/schema\\\/logo\\\/image\\\/\",\"url\":\"https:\\\/\\\/shop.bantam.ch\\\/wp-content\\\/uploads\\\/2022\\\/12\\\/bantam-logo.png\",\"contentUrl\":\"https:\\\/\\\/shop.bantam.ch\\\/wp-content\\\/uploads\\\/2022\\\/12\\\/bantam-logo.png\",\"width\":320,\"height\":71,\"caption\":\"Bantam Wankm\u00fcller SA\"},\"image\":{\"@id\":\"https:\\\/\\\/shop.bantam.ch\\\/fr\\\/#\\\/schema\\\/logo\\\/image\\\/\"}}]}<\/script>\n<!-- \/ Yoast SEO plugin. -->","yoast_head_json":{"title":"Tuyau de gaz Caramatic ConnectBasic PS30bar G.2 Shell-F - Bantam Wankm\u00fcller SA","robots":{"index":"index","follow":"follow","max-snippet":"max-snippet:-1","max-image-preview":"max-image-preview:large","max-video-preview":"max-video-preview:-1"},"canonical":"https:\/\/shop.bantam.ch\/fr\/produit\/tuyau-de-gaz-caramatic-connectbasic-ps30bar-g-2-shell-f\/","og_locale":"fr_FR","og_type":"article","og_title":"Tuyau de gaz Caramatic ConnectBasic PS30bar G.2 Shell-F - Bantam Wankm\u00fcller SA","og_description":"Lyre haute pression pour raccorder la bouteille de gaz et le d\u00e9tendeur. Avantages et \u00e9quipement Utilisation possible dans toute l\u2019Europe gr\u00e2ce \u00e0 l\u2019utilisation de lyres flexibles haute pression avec raccords sp\u00e9cifiques \u00e0 chaque pays. Version PS 30 bar : Certificat d\u2019examen de type DVGW Caract\u00e9ristiques techniques Flexible : caoutchouc avec renfort en textile R\u00e9sistant au [&hellip;]","og_url":"https:\/\/shop.bantam.ch\/fr\/produit\/tuyau-de-gaz-caramatic-connectbasic-ps30bar-g-2-shell-f\/","og_site_name":"Bantam Wankm\u00fcller SA","article_modified_time":"2026-04-22T21:42:17+00:00","og_image":[{"width":1000,"height":894,"url":"https:\/\/shop.bantam.ch\/wp-content\/uploads\/2023\/03\/995776611.jpg","type":"image\/jpeg"}],"twitter_card":"summary_large_image","twitter_misc":{"Dur\u00e9e de lecture estim\u00e9e":"1 minute"},"schema":{"@context":"https:\/\/schema.org","@graph":[{"@type":"WebPage","@id":"https:\/\/shop.bantam.ch\/fr\/produit\/tuyau-de-gaz-caramatic-connectbasic-ps30bar-g-2-shell-f\/","url":"https:\/\/shop.bantam.ch\/fr\/produit\/tuyau-de-gaz-caramatic-connectbasic-ps30bar-g-2-shell-f\/","name":"Tuyau de gaz Caramatic ConnectBasic PS30bar G.2 Shell-F - Bantam Wankm\u00fcller SA","isPartOf":{"@id":"https:\/\/shop.bantam.ch\/fr\/#website"},"primaryImageOfPage":{"@id":"https:\/\/shop.bantam.ch\/fr\/produit\/tuyau-de-gaz-caramatic-connectbasic-ps30bar-g-2-shell-f\/#primaryimage"},"image":{"@id":"https:\/\/shop.bantam.ch\/fr\/produit\/tuyau-de-gaz-caramatic-connectbasic-ps30bar-g-2-shell-f\/#primaryimage"},"thumbnailUrl":"https:\/\/shop.bantam.ch\/wp-content\/uploads\/2023\/03\/995776611.jpg","datePublished":"2023-02-28T23:57:45+00:00","dateModified":"2026-04-22T21:42:17+00:00","breadcrumb":{"@id":"https:\/\/shop.bantam.ch\/fr\/produit\/tuyau-de-gaz-caramatic-connectbasic-ps30bar-g-2-shell-f\/#breadcrumb"},"inLanguage":"fr-FR","potentialAction":[{"@type":"ReadAction","target":["https:\/\/shop.bantam.ch\/fr\/produit\/tuyau-de-gaz-caramatic-connectbasic-ps30bar-g-2-shell-f\/"]}]},{"@type":"ImageObject","inLanguage":"fr-FR","@id":"https:\/\/shop.bantam.ch\/fr\/produit\/tuyau-de-gaz-caramatic-connectbasic-ps30bar-g-2-shell-f\/#primaryimage","url":"https:\/\/shop.bantam.ch\/wp-content\/uploads\/2023\/03\/995776611.jpg","contentUrl":"https:\/\/shop.bantam.ch\/wp-content\/uploads\/2023\/03\/995776611.jpg","width":1000,"height":894},{"@type":"BreadcrumbList","@id":"https:\/\/shop.bantam.ch\/fr\/produit\/tuyau-de-gaz-caramatic-connectbasic-ps30bar-g-2-shell-f\/#breadcrumb","itemListElement":[{"@type":"ListItem","position":1,"name":"Accueil","item":"https:\/\/shop.bantam.ch\/fr\/"},{"@type":"ListItem","position":2,"name":"Boutique","item":"https:\/\/shop.bantam.ch\/fr\/boutique\/"},{"@type":"ListItem","position":3,"name":"Tuyau de gaz Caramatic ConnectBasic PS30bar G.2 Shell-F"}]},{"@type":"WebSite","@id":"https:\/\/shop.bantam.ch\/fr\/#website","url":"https:\/\/shop.bantam.ch\/fr\/","name":"Bantam Wankm\u00fcller SA","description":"","publisher":{"@id":"https:\/\/shop.bantam.ch\/fr\/#organization"},"inLanguage":"fr-FR"},{"@type":"Organization","@id":"https:\/\/shop.bantam.ch\/fr\/#organization","name":"Bantam Wankm\u00fcller SA","url":"https:\/\/shop.bantam.ch\/fr\/","logo":{"@type":"ImageObject","inLanguage":"fr-FR","@id":"https:\/\/shop.bantam.ch\/fr\/#\/schema\/logo\/image\/","url":"https:\/\/shop.bantam.ch\/wp-content\/uploads\/2022\/12\/bantam-logo.png","contentUrl":"https:\/\/shop.bantam.ch\/wp-content\/uploads\/2022\/12\/bantam-logo.png","width":320,"height":71,"caption":"Bantam Wankm\u00fcller SA"},"image":{"@id":"https:\/\/shop.bantam.ch\/fr\/#\/schema\/logo\/image\/"}}]}},"_links":{"self":[{"href":"https:\/\/shop.bantam.ch\/fr\/wp-json\/wp\/v2\/product\/125628","targetHints":{"allow":["GET"]}}],"collection":[{"href":"https:\/\/shop.bantam.ch\/fr\/wp-json\/wp\/v2\/product"}],"about":[{"href":"https:\/\/shop.bantam.ch\/fr\/wp-json\/wp\/v2\/types\/product"}],"wp:featuredmedia":[{"embeddable":true,"href":"https:\/\/shop.bantam.ch\/fr\/wp-json\/wp\/v2\/media\/125624"}],"wp:attachment":[{"href":"https:\/\/shop.bantam.ch\/fr\/wp-json\/wp\/v2\/media?parent=125628"}],"wp:term":[{"taxonomy":"product_featured_cat","embeddable":true,"href":"https:\/\/shop.bantam.ch\/fr\/wp-json\/wp\/v2\/product_featured_cat?post=125628"},{"taxonomy":"product_brand","embeddable":true,"href":"https:\/\/shop.bantam.ch\/fr\/wp-json\/wp\/v2\/product_brand?post=125628"},{"taxonomy":"product_cat","embeddable":true,"href":"https:\/\/shop.bantam.ch\/fr\/wp-json\/wp\/v2\/product_cat?post=125628"},{"taxonomy":"product_tag","embeddable":true,"href":"https:\/\/shop.bantam.ch\/fr\/wp-json\/wp\/v2\/product_tag?post=125628"}],"curies":[{"name":"wp","href":"https:\/\/api.w.org\/{rel}","templated":true}]}}