{"id":125582,"date":"2023-03-01T00:56:42","date_gmt":"2023-02-28T23:56:42","guid":{"rendered":"https:\/\/shop.bantam.ch\/produit\/filtre-a-gaz-caramatic-connectclean-2-0-avec-filtre\/"},"modified":"2026-04-18T23:45:23","modified_gmt":"2026-04-18T21:45:23","slug":"filtre-a-gaz-caramatic-connectclean-2-0-avec-filtre","status":"publish","type":"product","link":"https:\/\/shop.bantam.ch\/fr\/produit\/filtre-a-gaz-caramatic-connectclean-2-0-avec-filtre\/","title":{"rendered":"Filtre \u00e0 gaz Caramatic ConnectClean 2.0 avec filtre"},"content":{"rendered":"<p>Filtre \u00e0 gaz pr\u00e9venant l\u2019encrassement de votre installation de gaz. Prot\u00e8ge le d\u00e9tendeur gaz ou les vannes automatiques de commutation des salissures dues aux a\u00e9rosols d&rsquo;huile et aux r\u00e9sidus de vapeur. Avantages et \u00e9quipement<\/p>\n<ul>\n<li>Tamis de filtre raccourci &#8211; pratique pour les situations de montage \u00e9troites<\/li>\n<li>Pour tous les d\u00e9tendeurs muraux et toutes les vannes de commutation automatiques<\/li>\n<li>Degr\u00e9 de s\u00e9paration \u00e9lev\u00e9 de 99 %<\/li>\n<li>avec cartouche filtrante 2.0. En cas de remplacement, seule la cartouche filtrante doit \u00eatre remplac\u00e9e, le noyau de support est toujours \u00e0 utiliser.<\/li>\n<\/ul>\n","protected":false},"excerpt":{"rendered":"<p>Filtre \u00e0 gaz pr\u00e9venant l\u2019encrassement de votre installation de gaz. Prot\u00e8ge le d\u00e9tendeur gaz ou les vannes automatiques de commutation des salissures dues aux a\u00e9rosols d&rsquo;huile et aux r\u00e9sidus de vapeur. Avantages et \u00e9quipement Tamis de filtre raccourci &#8211; pratique pour les situations de montage \u00e9troites Pour tous les d\u00e9tendeurs muraux et toutes les vannes [&hellip;]<\/p>\n","protected":false},"featured_media":125578,"template":"","meta":{"_acf_changed":false},"product_featured_cat":[],"product_brand":[3254],"product_cat":[5161,4491],"product_tag":[],"class_list":{"0":"post-125582","1":"product","2":"type-product","3":"status-publish","4":"has-post-thumbnail","6":"product_brand-gok","7":"product_cat-autres-accessoires-pour-gaz","8":"product_cat-detendeurs-gaz","10":"first","11":"instock","12":"taxable","13":"shipping-taxable","14":"purchasable","15":"product-type-variable"},"acf":[],"yoast_head":"<!-- This site is optimized with the Yoast SEO plugin v27.4 - https:\/\/yoast.com\/product\/yoast-seo-wordpress\/ -->\n<title>Filtre \u00e0 gaz Caramatic ConnectClean 2.0 avec filtre - Bantam Wankm\u00fcller SA<\/title>\n<meta name=\"robots\" content=\"index, follow, max-snippet:-1, max-image-preview:large, max-video-preview:-1\" \/>\n<link rel=\"canonical\" href=\"https:\/\/shop.bantam.ch\/fr\/produit\/filtre-a-gaz-caramatic-connectclean-2-0-avec-filtre\/\" \/>\n<meta property=\"og:locale\" content=\"fr_FR\" \/>\n<meta property=\"og:type\" content=\"article\" \/>\n<meta property=\"og:title\" content=\"Filtre \u00e0 gaz Caramatic ConnectClean 2.0 avec filtre - Bantam Wankm\u00fcller SA\" \/>\n<meta property=\"og:description\" content=\"Filtre \u00e0 gaz pr\u00e9venant l\u2019encrassement de votre installation de gaz. Prot\u00e8ge le d\u00e9tendeur gaz ou les vannes automatiques de commutation des salissures dues aux a\u00e9rosols d&rsquo;huile et aux r\u00e9sidus de vapeur. Avantages et \u00e9quipement Tamis de filtre raccourci &#8211; pratique pour les situations de montage \u00e9troites Pour tous les d\u00e9tendeurs muraux et toutes les vannes [&hellip;]\" \/>\n<meta property=\"og:url\" content=\"https:\/\/shop.bantam.ch\/fr\/produit\/filtre-a-gaz-caramatic-connectclean-2-0-avec-filtre\/\" \/>\n<meta property=\"og:site_name\" content=\"Bantam Wankm\u00fcller SA\" \/>\n<meta property=\"article:modified_time\" content=\"2026-04-18T21:45:23+00:00\" \/>\n<meta property=\"og:image\" content=\"https:\/\/shop.bantam.ch\/wp-content\/uploads\/2023\/03\/995775811.jpg\" \/>\n\t<meta property=\"og:image:width\" content=\"1000\" \/>\n\t<meta property=\"og:image:height\" content=\"966\" \/>\n\t<meta property=\"og:image:type\" content=\"image\/jpeg\" \/>\n<meta name=\"twitter:card\" content=\"summary_large_image\" \/>\n<script type=\"application\/ld+json\" class=\"yoast-schema-graph\">{\"@context\":\"https:\\\/\\\/schema.org\",\"@graph\":[{\"@type\":\"WebPage\",\"@id\":\"https:\\\/\\\/shop.bantam.ch\\\/fr\\\/produit\\\/filtre-a-gaz-caramatic-connectclean-2-0-avec-filtre\\\/\",\"url\":\"https:\\\/\\\/shop.bantam.ch\\\/fr\\\/produit\\\/filtre-a-gaz-caramatic-connectclean-2-0-avec-filtre\\\/\",\"name\":\"Filtre \u00e0 gaz Caramatic ConnectClean 2.0 avec filtre - Bantam Wankm\u00fcller SA\",\"isPartOf\":{\"@id\":\"https:\\\/\\\/shop.bantam.ch\\\/fr\\\/#website\"},\"primaryImageOfPage\":{\"@id\":\"https:\\\/\\\/shop.bantam.ch\\\/fr\\\/produit\\\/filtre-a-gaz-caramatic-connectclean-2-0-avec-filtre\\\/#primaryimage\"},\"image\":{\"@id\":\"https:\\\/\\\/shop.bantam.ch\\\/fr\\\/produit\\\/filtre-a-gaz-caramatic-connectclean-2-0-avec-filtre\\\/#primaryimage\"},\"thumbnailUrl\":\"https:\\\/\\\/shop.bantam.ch\\\/wp-content\\\/uploads\\\/2023\\\/03\\\/995775811.jpg\",\"datePublished\":\"2023-02-28T23:56:42+00:00\",\"dateModified\":\"2026-04-18T21:45:23+00:00\",\"breadcrumb\":{\"@id\":\"https:\\\/\\\/shop.bantam.ch\\\/fr\\\/produit\\\/filtre-a-gaz-caramatic-connectclean-2-0-avec-filtre\\\/#breadcrumb\"},\"inLanguage\":\"fr-FR\",\"potentialAction\":[{\"@type\":\"ReadAction\",\"target\":[\"https:\\\/\\\/shop.bantam.ch\\\/fr\\\/produit\\\/filtre-a-gaz-caramatic-connectclean-2-0-avec-filtre\\\/\"]}]},{\"@type\":\"ImageObject\",\"inLanguage\":\"fr-FR\",\"@id\":\"https:\\\/\\\/shop.bantam.ch\\\/fr\\\/produit\\\/filtre-a-gaz-caramatic-connectclean-2-0-avec-filtre\\\/#primaryimage\",\"url\":\"https:\\\/\\\/shop.bantam.ch\\\/wp-content\\\/uploads\\\/2023\\\/03\\\/995775811.jpg\",\"contentUrl\":\"https:\\\/\\\/shop.bantam.ch\\\/wp-content\\\/uploads\\\/2023\\\/03\\\/995775811.jpg\",\"width\":1000,\"height\":966},{\"@type\":\"BreadcrumbList\",\"@id\":\"https:\\\/\\\/shop.bantam.ch\\\/fr\\\/produit\\\/filtre-a-gaz-caramatic-connectclean-2-0-avec-filtre\\\/#breadcrumb\",\"itemListElement\":[{\"@type\":\"ListItem\",\"position\":1,\"name\":\"Accueil\",\"item\":\"https:\\\/\\\/shop.bantam.ch\\\/fr\\\/\"},{\"@type\":\"ListItem\",\"position\":2,\"name\":\"Boutique\",\"item\":\"https:\\\/\\\/shop.bantam.ch\\\/fr\\\/boutique\\\/\"},{\"@type\":\"ListItem\",\"position\":3,\"name\":\"Filtre \u00e0 gaz Caramatic ConnectClean 2.0 avec filtre\"}]},{\"@type\":\"WebSite\",\"@id\":\"https:\\\/\\\/shop.bantam.ch\\\/fr\\\/#website\",\"url\":\"https:\\\/\\\/shop.bantam.ch\\\/fr\\\/\",\"name\":\"Bantam Wankm\u00fcller SA\",\"description\":\"\",\"publisher\":{\"@id\":\"https:\\\/\\\/shop.bantam.ch\\\/fr\\\/#organization\"},\"inLanguage\":\"fr-FR\"},{\"@type\":\"Organization\",\"@id\":\"https:\\\/\\\/shop.bantam.ch\\\/fr\\\/#organization\",\"name\":\"Bantam Wankm\u00fcller SA\",\"url\":\"https:\\\/\\\/shop.bantam.ch\\\/fr\\\/\",\"logo\":{\"@type\":\"ImageObject\",\"inLanguage\":\"fr-FR\",\"@id\":\"https:\\\/\\\/shop.bantam.ch\\\/fr\\\/#\\\/schema\\\/logo\\\/image\\\/\",\"url\":\"https:\\\/\\\/shop.bantam.ch\\\/wp-content\\\/uploads\\\/2022\\\/12\\\/bantam-logo.png\",\"contentUrl\":\"https:\\\/\\\/shop.bantam.ch\\\/wp-content\\\/uploads\\\/2022\\\/12\\\/bantam-logo.png\",\"width\":320,\"height\":71,\"caption\":\"Bantam Wankm\u00fcller SA\"},\"image\":{\"@id\":\"https:\\\/\\\/shop.bantam.ch\\\/fr\\\/#\\\/schema\\\/logo\\\/image\\\/\"}}]}<\/script>\n<!-- \/ Yoast SEO plugin. -->","yoast_head_json":{"title":"Filtre \u00e0 gaz Caramatic ConnectClean 2.0 avec filtre - Bantam Wankm\u00fcller SA","robots":{"index":"index","follow":"follow","max-snippet":"max-snippet:-1","max-image-preview":"max-image-preview:large","max-video-preview":"max-video-preview:-1"},"canonical":"https:\/\/shop.bantam.ch\/fr\/produit\/filtre-a-gaz-caramatic-connectclean-2-0-avec-filtre\/","og_locale":"fr_FR","og_type":"article","og_title":"Filtre \u00e0 gaz Caramatic ConnectClean 2.0 avec filtre - Bantam Wankm\u00fcller SA","og_description":"Filtre \u00e0 gaz pr\u00e9venant l\u2019encrassement de votre installation de gaz. Prot\u00e8ge le d\u00e9tendeur gaz ou les vannes automatiques de commutation des salissures dues aux a\u00e9rosols d&rsquo;huile et aux r\u00e9sidus de vapeur. Avantages et \u00e9quipement Tamis de filtre raccourci &#8211; pratique pour les situations de montage \u00e9troites Pour tous les d\u00e9tendeurs muraux et toutes les vannes [&hellip;]","og_url":"https:\/\/shop.bantam.ch\/fr\/produit\/filtre-a-gaz-caramatic-connectclean-2-0-avec-filtre\/","og_site_name":"Bantam Wankm\u00fcller SA","article_modified_time":"2026-04-18T21:45:23+00:00","og_image":[{"width":1000,"height":966,"url":"https:\/\/shop.bantam.ch\/wp-content\/uploads\/2023\/03\/995775811.jpg","type":"image\/jpeg"}],"twitter_card":"summary_large_image","schema":{"@context":"https:\/\/schema.org","@graph":[{"@type":"WebPage","@id":"https:\/\/shop.bantam.ch\/fr\/produit\/filtre-a-gaz-caramatic-connectclean-2-0-avec-filtre\/","url":"https:\/\/shop.bantam.ch\/fr\/produit\/filtre-a-gaz-caramatic-connectclean-2-0-avec-filtre\/","name":"Filtre \u00e0 gaz Caramatic ConnectClean 2.0 avec filtre - Bantam Wankm\u00fcller SA","isPartOf":{"@id":"https:\/\/shop.bantam.ch\/fr\/#website"},"primaryImageOfPage":{"@id":"https:\/\/shop.bantam.ch\/fr\/produit\/filtre-a-gaz-caramatic-connectclean-2-0-avec-filtre\/#primaryimage"},"image":{"@id":"https:\/\/shop.bantam.ch\/fr\/produit\/filtre-a-gaz-caramatic-connectclean-2-0-avec-filtre\/#primaryimage"},"thumbnailUrl":"https:\/\/shop.bantam.ch\/wp-content\/uploads\/2023\/03\/995775811.jpg","datePublished":"2023-02-28T23:56:42+00:00","dateModified":"2026-04-18T21:45:23+00:00","breadcrumb":{"@id":"https:\/\/shop.bantam.ch\/fr\/produit\/filtre-a-gaz-caramatic-connectclean-2-0-avec-filtre\/#breadcrumb"},"inLanguage":"fr-FR","potentialAction":[{"@type":"ReadAction","target":["https:\/\/shop.bantam.ch\/fr\/produit\/filtre-a-gaz-caramatic-connectclean-2-0-avec-filtre\/"]}]},{"@type":"ImageObject","inLanguage":"fr-FR","@id":"https:\/\/shop.bantam.ch\/fr\/produit\/filtre-a-gaz-caramatic-connectclean-2-0-avec-filtre\/#primaryimage","url":"https:\/\/shop.bantam.ch\/wp-content\/uploads\/2023\/03\/995775811.jpg","contentUrl":"https:\/\/shop.bantam.ch\/wp-content\/uploads\/2023\/03\/995775811.jpg","width":1000,"height":966},{"@type":"BreadcrumbList","@id":"https:\/\/shop.bantam.ch\/fr\/produit\/filtre-a-gaz-caramatic-connectclean-2-0-avec-filtre\/#breadcrumb","itemListElement":[{"@type":"ListItem","position":1,"name":"Accueil","item":"https:\/\/shop.bantam.ch\/fr\/"},{"@type":"ListItem","position":2,"name":"Boutique","item":"https:\/\/shop.bantam.ch\/fr\/boutique\/"},{"@type":"ListItem","position":3,"name":"Filtre \u00e0 gaz Caramatic ConnectClean 2.0 avec filtre"}]},{"@type":"WebSite","@id":"https:\/\/shop.bantam.ch\/fr\/#website","url":"https:\/\/shop.bantam.ch\/fr\/","name":"Bantam Wankm\u00fcller SA","description":"","publisher":{"@id":"https:\/\/shop.bantam.ch\/fr\/#organization"},"inLanguage":"fr-FR"},{"@type":"Organization","@id":"https:\/\/shop.bantam.ch\/fr\/#organization","name":"Bantam Wankm\u00fcller SA","url":"https:\/\/shop.bantam.ch\/fr\/","logo":{"@type":"ImageObject","inLanguage":"fr-FR","@id":"https:\/\/shop.bantam.ch\/fr\/#\/schema\/logo\/image\/","url":"https:\/\/shop.bantam.ch\/wp-content\/uploads\/2022\/12\/bantam-logo.png","contentUrl":"https:\/\/shop.bantam.ch\/wp-content\/uploads\/2022\/12\/bantam-logo.png","width":320,"height":71,"caption":"Bantam Wankm\u00fcller SA"},"image":{"@id":"https:\/\/shop.bantam.ch\/fr\/#\/schema\/logo\/image\/"}}]}},"_links":{"self":[{"href":"https:\/\/shop.bantam.ch\/fr\/wp-json\/wp\/v2\/product\/125582","targetHints":{"allow":["GET"]}}],"collection":[{"href":"https:\/\/shop.bantam.ch\/fr\/wp-json\/wp\/v2\/product"}],"about":[{"href":"https:\/\/shop.bantam.ch\/fr\/wp-json\/wp\/v2\/types\/product"}],"wp:featuredmedia":[{"embeddable":true,"href":"https:\/\/shop.bantam.ch\/fr\/wp-json\/wp\/v2\/media\/125578"}],"wp:attachment":[{"href":"https:\/\/shop.bantam.ch\/fr\/wp-json\/wp\/v2\/media?parent=125582"}],"wp:term":[{"taxonomy":"product_featured_cat","embeddable":true,"href":"https:\/\/shop.bantam.ch\/fr\/wp-json\/wp\/v2\/product_featured_cat?post=125582"},{"taxonomy":"product_brand","embeddable":true,"href":"https:\/\/shop.bantam.ch\/fr\/wp-json\/wp\/v2\/product_brand?post=125582"},{"taxonomy":"product_cat","embeddable":true,"href":"https:\/\/shop.bantam.ch\/fr\/wp-json\/wp\/v2\/product_cat?post=125582"},{"taxonomy":"product_tag","embeddable":true,"href":"https:\/\/shop.bantam.ch\/fr\/wp-json\/wp\/v2\/product_tag?post=125582"}],"curies":[{"name":"wp","href":"https:\/\/api.w.org\/{rel}","templated":true}]}}