{"id":125134,"date":"2023-03-01T00:50:06","date_gmt":"2023-02-28T23:50:06","guid":{"rendered":"https:\/\/shop.bantam.ch\/produit\/batterie-de-remplacement-batterie-supplementaire-delta-pro\/"},"modified":"2026-04-20T21:52:38","modified_gmt":"2026-04-20T19:52:38","slug":"batterie-de-remplacement-batterie-supplementaire-delta-pro","status":"publish","type":"product","link":"https:\/\/shop.bantam.ch\/fr\/produit\/batterie-de-remplacement-batterie-supplementaire-delta-pro\/","title":{"rendered":"Batterie de remplacement ECOFLOW Station d\u2019\u00e9nergie Delta Pro batterie suppl\u00e9mentaire"},"content":{"rendered":"<p>Cette batterie suppl\u00e9mentaire est connect\u00e9e au DELTA Pro pour doubler la capacit\u00e9 totale \u00e0 7200 Wh. Connectez-en deux \u00e0 DELTA Pro pour obtenir un incroyable 10,8 kWh pour une utilisation hors r\u00e9seau.<\/p>\n<p>La recharge \u00e0 partir de panneaux solaires, de prises secteur, de stations de recharge pour v\u00e9hicules \u00e9lectriques ou de notre g\u00e9n\u00e9rateur intelligent est facile. Connectez la batterie suppl\u00e9mentaire \u00e0 DELTA Pro et elles se chargeront et se d\u00e9chargeront en m\u00eame temps.<br \/>La batterie suppl\u00e9mentaire peut \u00eatre int\u00e9gr\u00e9e au c\u00e2blage de votre maison lorsqu&rsquo;elle est connect\u00e9e \u00e0 DELTA Pro. Ces unit\u00e9s de batterie font partie des solutions d&rsquo;\u00e9cr\u00eatement de pointe et d&rsquo;alimentation d&rsquo;urgence de votre maison.<br \/>Cette batterie suppl\u00e9mentaire peut se recharger directement \u00e0 partir du g\u00e9n\u00e9rateur intelligent d&rsquo;EcoFlow \u00e0 l&rsquo;ext\u00e9rieur, vous offrant une autre option pour les urgences.<br \/>Obtenez toutes les m\u00eames informations sur le pourcentage de batterie, le temps de recharge restant, les heures restantes et plus encore sur l&rsquo;\u00e9cran int\u00e9gr\u00e9. Vous pouvez v\u00e9rifier l&rsquo;\u00e9tat de la batterie n&rsquo;importe o\u00f9 depuis l&rsquo;application EcoFlow. Type de connecteur\u00a0: Prise Schuko<\/p>\n<p>Contenu de la livraison :<\/p>\n<ul>\n<li>batterie suppl\u00e9mentaire DELTA Max Smart<\/li>\n<li>c\u00e2ble de batterie suppl\u00e9mentaire DELTA Max<\/li>\n<li>Manuel d&rsquo;utilisation<\/li>\n<\/ul>\n<p>\u00a0<\/p>\n","protected":false},"excerpt":{"rendered":"<p>Cette batterie suppl\u00e9mentaire est connect\u00e9e au DELTA Pro pour doubler la capacit\u00e9 totale \u00e0 7200 Wh. Connectez-en deux \u00e0 DELTA Pro pour obtenir un incroyable 10,8 kWh pour une utilisation hors r\u00e9seau. La recharge \u00e0 partir de panneaux solaires, de prises secteur, de stations de recharge pour v\u00e9hicules \u00e9lectriques ou de notre g\u00e9n\u00e9rateur intelligent est [&hellip;]<\/p>\n","protected":false},"featured_media":125132,"template":"","meta":{"_acf_changed":false},"product_featured_cat":[],"product_brand":[3628],"product_cat":[5129],"product_tag":[],"class_list":{"0":"post-125134","1":"product","2":"type-product","3":"status-publish","4":"has-post-thumbnail","6":"product_brand-ecoflow","7":"product_cat-batteries-portables","9":"first","10":"instock","11":"taxable","12":"shipping-taxable","13":"purchasable","14":"product-type-simple"},"acf":[],"yoast_head":"<!-- This site is optimized with the Yoast SEO plugin v27.4 - https:\/\/yoast.com\/product\/yoast-seo-wordpress\/ -->\n<title>Batterie de remplacement ECOFLOW Station d\u2019\u00e9nergie Delta Pro batterie suppl\u00e9mentaire - Bantam Wankm\u00fcller SA<\/title>\n<meta name=\"robots\" content=\"index, follow, max-snippet:-1, max-image-preview:large, max-video-preview:-1\" \/>\n<link rel=\"canonical\" href=\"https:\/\/shop.bantam.ch\/fr\/produit\/batterie-de-remplacement-batterie-supplementaire-delta-pro\/\" \/>\n<meta property=\"og:locale\" content=\"fr_FR\" \/>\n<meta property=\"og:type\" content=\"article\" \/>\n<meta property=\"og:title\" content=\"Batterie de remplacement ECOFLOW Station d\u2019\u00e9nergie Delta Pro batterie suppl\u00e9mentaire - Bantam Wankm\u00fcller SA\" \/>\n<meta property=\"og:description\" content=\"Cette batterie suppl\u00e9mentaire est connect\u00e9e au DELTA Pro pour doubler la capacit\u00e9 totale \u00e0 7200 Wh. Connectez-en deux \u00e0 DELTA Pro pour obtenir un incroyable 10,8 kWh pour une utilisation hors r\u00e9seau. La recharge \u00e0 partir de panneaux solaires, de prises secteur, de stations de recharge pour v\u00e9hicules \u00e9lectriques ou de notre g\u00e9n\u00e9rateur intelligent est [&hellip;]\" \/>\n<meta property=\"og:url\" content=\"https:\/\/shop.bantam.ch\/fr\/produit\/batterie-de-remplacement-batterie-supplementaire-delta-pro\/\" \/>\n<meta property=\"og:site_name\" content=\"Bantam Wankm\u00fcller SA\" \/>\n<meta property=\"article:modified_time\" content=\"2026-04-20T19:52:38+00:00\" \/>\n<meta property=\"og:image\" content=\"https:\/\/shop.bantam.ch\/wp-content\/uploads\/2023\/03\/997067011-scaled.jpg\" \/>\n\t<meta property=\"og:image:width\" content=\"2362\" \/>\n\t<meta property=\"og:image:height\" content=\"1680\" \/>\n\t<meta property=\"og:image:type\" content=\"image\/jpeg\" \/>\n<meta name=\"twitter:card\" content=\"summary_large_image\" \/>\n<meta name=\"twitter:label1\" content=\"Dur\u00e9e de lecture estim\u00e9e\" \/>\n\t<meta name=\"twitter:data1\" content=\"1 minute\" \/>\n<script type=\"application\/ld+json\" class=\"yoast-schema-graph\">{\"@context\":\"https:\\\/\\\/schema.org\",\"@graph\":[{\"@type\":\"WebPage\",\"@id\":\"https:\\\/\\\/shop.bantam.ch\\\/fr\\\/produit\\\/batterie-de-remplacement-batterie-supplementaire-delta-pro\\\/\",\"url\":\"https:\\\/\\\/shop.bantam.ch\\\/fr\\\/produit\\\/batterie-de-remplacement-batterie-supplementaire-delta-pro\\\/\",\"name\":\"Batterie de remplacement ECOFLOW Station d\u2019\u00e9nergie Delta Pro batterie suppl\u00e9mentaire - Bantam Wankm\u00fcller SA\",\"isPartOf\":{\"@id\":\"https:\\\/\\\/shop.bantam.ch\\\/fr\\\/#website\"},\"primaryImageOfPage\":{\"@id\":\"https:\\\/\\\/shop.bantam.ch\\\/fr\\\/produit\\\/batterie-de-remplacement-batterie-supplementaire-delta-pro\\\/#primaryimage\"},\"image\":{\"@id\":\"https:\\\/\\\/shop.bantam.ch\\\/fr\\\/produit\\\/batterie-de-remplacement-batterie-supplementaire-delta-pro\\\/#primaryimage\"},\"thumbnailUrl\":\"https:\\\/\\\/shop.bantam.ch\\\/wp-content\\\/uploads\\\/2023\\\/03\\\/997067011-scaled.jpg\",\"datePublished\":\"2023-02-28T23:50:06+00:00\",\"dateModified\":\"2026-04-20T19:52:38+00:00\",\"breadcrumb\":{\"@id\":\"https:\\\/\\\/shop.bantam.ch\\\/fr\\\/produit\\\/batterie-de-remplacement-batterie-supplementaire-delta-pro\\\/#breadcrumb\"},\"inLanguage\":\"fr-FR\",\"potentialAction\":[{\"@type\":\"ReadAction\",\"target\":[\"https:\\\/\\\/shop.bantam.ch\\\/fr\\\/produit\\\/batterie-de-remplacement-batterie-supplementaire-delta-pro\\\/\"]}]},{\"@type\":\"ImageObject\",\"inLanguage\":\"fr-FR\",\"@id\":\"https:\\\/\\\/shop.bantam.ch\\\/fr\\\/produit\\\/batterie-de-remplacement-batterie-supplementaire-delta-pro\\\/#primaryimage\",\"url\":\"https:\\\/\\\/shop.bantam.ch\\\/wp-content\\\/uploads\\\/2023\\\/03\\\/997067011-scaled.jpg\",\"contentUrl\":\"https:\\\/\\\/shop.bantam.ch\\\/wp-content\\\/uploads\\\/2023\\\/03\\\/997067011-scaled.jpg\",\"width\":2048,\"height\":1457},{\"@type\":\"BreadcrumbList\",\"@id\":\"https:\\\/\\\/shop.bantam.ch\\\/fr\\\/produit\\\/batterie-de-remplacement-batterie-supplementaire-delta-pro\\\/#breadcrumb\",\"itemListElement\":[{\"@type\":\"ListItem\",\"position\":1,\"name\":\"Accueil\",\"item\":\"https:\\\/\\\/shop.bantam.ch\\\/fr\\\/\"},{\"@type\":\"ListItem\",\"position\":2,\"name\":\"Boutique\",\"item\":\"https:\\\/\\\/shop.bantam.ch\\\/fr\\\/boutique\\\/\"},{\"@type\":\"ListItem\",\"position\":3,\"name\":\"Batterie de remplacement ECOFLOW Station d\u2019\u00e9nergie Delta Pro batterie suppl\u00e9mentaire\"}]},{\"@type\":\"WebSite\",\"@id\":\"https:\\\/\\\/shop.bantam.ch\\\/fr\\\/#website\",\"url\":\"https:\\\/\\\/shop.bantam.ch\\\/fr\\\/\",\"name\":\"Bantam Wankm\u00fcller SA\",\"description\":\"\",\"publisher\":{\"@id\":\"https:\\\/\\\/shop.bantam.ch\\\/fr\\\/#organization\"},\"inLanguage\":\"fr-FR\"},{\"@type\":\"Organization\",\"@id\":\"https:\\\/\\\/shop.bantam.ch\\\/fr\\\/#organization\",\"name\":\"Bantam Wankm\u00fcller SA\",\"url\":\"https:\\\/\\\/shop.bantam.ch\\\/fr\\\/\",\"logo\":{\"@type\":\"ImageObject\",\"inLanguage\":\"fr-FR\",\"@id\":\"https:\\\/\\\/shop.bantam.ch\\\/fr\\\/#\\\/schema\\\/logo\\\/image\\\/\",\"url\":\"https:\\\/\\\/shop.bantam.ch\\\/wp-content\\\/uploads\\\/2022\\\/12\\\/bantam-logo.png\",\"contentUrl\":\"https:\\\/\\\/shop.bantam.ch\\\/wp-content\\\/uploads\\\/2022\\\/12\\\/bantam-logo.png\",\"width\":320,\"height\":71,\"caption\":\"Bantam Wankm\u00fcller SA\"},\"image\":{\"@id\":\"https:\\\/\\\/shop.bantam.ch\\\/fr\\\/#\\\/schema\\\/logo\\\/image\\\/\"}}]}<\/script>\n<!-- \/ Yoast SEO plugin. -->","yoast_head_json":{"title":"Batterie de remplacement ECOFLOW Station d\u2019\u00e9nergie Delta Pro batterie suppl\u00e9mentaire - Bantam Wankm\u00fcller SA","robots":{"index":"index","follow":"follow","max-snippet":"max-snippet:-1","max-image-preview":"max-image-preview:large","max-video-preview":"max-video-preview:-1"},"canonical":"https:\/\/shop.bantam.ch\/fr\/produit\/batterie-de-remplacement-batterie-supplementaire-delta-pro\/","og_locale":"fr_FR","og_type":"article","og_title":"Batterie de remplacement ECOFLOW Station d\u2019\u00e9nergie Delta Pro batterie suppl\u00e9mentaire - Bantam Wankm\u00fcller SA","og_description":"Cette batterie suppl\u00e9mentaire est connect\u00e9e au DELTA Pro pour doubler la capacit\u00e9 totale \u00e0 7200 Wh. Connectez-en deux \u00e0 DELTA Pro pour obtenir un incroyable 10,8 kWh pour une utilisation hors r\u00e9seau. La recharge \u00e0 partir de panneaux solaires, de prises secteur, de stations de recharge pour v\u00e9hicules \u00e9lectriques ou de notre g\u00e9n\u00e9rateur intelligent est [&hellip;]","og_url":"https:\/\/shop.bantam.ch\/fr\/produit\/batterie-de-remplacement-batterie-supplementaire-delta-pro\/","og_site_name":"Bantam Wankm\u00fcller SA","article_modified_time":"2026-04-20T19:52:38+00:00","og_image":[{"width":2362,"height":1680,"url":"https:\/\/shop.bantam.ch\/wp-content\/uploads\/2023\/03\/997067011-scaled.jpg","type":"image\/jpeg"}],"twitter_card":"summary_large_image","twitter_misc":{"Dur\u00e9e de lecture estim\u00e9e":"1 minute"},"schema":{"@context":"https:\/\/schema.org","@graph":[{"@type":"WebPage","@id":"https:\/\/shop.bantam.ch\/fr\/produit\/batterie-de-remplacement-batterie-supplementaire-delta-pro\/","url":"https:\/\/shop.bantam.ch\/fr\/produit\/batterie-de-remplacement-batterie-supplementaire-delta-pro\/","name":"Batterie de remplacement ECOFLOW Station d\u2019\u00e9nergie Delta Pro batterie suppl\u00e9mentaire - Bantam Wankm\u00fcller SA","isPartOf":{"@id":"https:\/\/shop.bantam.ch\/fr\/#website"},"primaryImageOfPage":{"@id":"https:\/\/shop.bantam.ch\/fr\/produit\/batterie-de-remplacement-batterie-supplementaire-delta-pro\/#primaryimage"},"image":{"@id":"https:\/\/shop.bantam.ch\/fr\/produit\/batterie-de-remplacement-batterie-supplementaire-delta-pro\/#primaryimage"},"thumbnailUrl":"https:\/\/shop.bantam.ch\/wp-content\/uploads\/2023\/03\/997067011-scaled.jpg","datePublished":"2023-02-28T23:50:06+00:00","dateModified":"2026-04-20T19:52:38+00:00","breadcrumb":{"@id":"https:\/\/shop.bantam.ch\/fr\/produit\/batterie-de-remplacement-batterie-supplementaire-delta-pro\/#breadcrumb"},"inLanguage":"fr-FR","potentialAction":[{"@type":"ReadAction","target":["https:\/\/shop.bantam.ch\/fr\/produit\/batterie-de-remplacement-batterie-supplementaire-delta-pro\/"]}]},{"@type":"ImageObject","inLanguage":"fr-FR","@id":"https:\/\/shop.bantam.ch\/fr\/produit\/batterie-de-remplacement-batterie-supplementaire-delta-pro\/#primaryimage","url":"https:\/\/shop.bantam.ch\/wp-content\/uploads\/2023\/03\/997067011-scaled.jpg","contentUrl":"https:\/\/shop.bantam.ch\/wp-content\/uploads\/2023\/03\/997067011-scaled.jpg","width":2048,"height":1457},{"@type":"BreadcrumbList","@id":"https:\/\/shop.bantam.ch\/fr\/produit\/batterie-de-remplacement-batterie-supplementaire-delta-pro\/#breadcrumb","itemListElement":[{"@type":"ListItem","position":1,"name":"Accueil","item":"https:\/\/shop.bantam.ch\/fr\/"},{"@type":"ListItem","position":2,"name":"Boutique","item":"https:\/\/shop.bantam.ch\/fr\/boutique\/"},{"@type":"ListItem","position":3,"name":"Batterie de remplacement ECOFLOW Station d\u2019\u00e9nergie Delta Pro batterie suppl\u00e9mentaire"}]},{"@type":"WebSite","@id":"https:\/\/shop.bantam.ch\/fr\/#website","url":"https:\/\/shop.bantam.ch\/fr\/","name":"Bantam Wankm\u00fcller SA","description":"","publisher":{"@id":"https:\/\/shop.bantam.ch\/fr\/#organization"},"inLanguage":"fr-FR"},{"@type":"Organization","@id":"https:\/\/shop.bantam.ch\/fr\/#organization","name":"Bantam Wankm\u00fcller SA","url":"https:\/\/shop.bantam.ch\/fr\/","logo":{"@type":"ImageObject","inLanguage":"fr-FR","@id":"https:\/\/shop.bantam.ch\/fr\/#\/schema\/logo\/image\/","url":"https:\/\/shop.bantam.ch\/wp-content\/uploads\/2022\/12\/bantam-logo.png","contentUrl":"https:\/\/shop.bantam.ch\/wp-content\/uploads\/2022\/12\/bantam-logo.png","width":320,"height":71,"caption":"Bantam Wankm\u00fcller SA"},"image":{"@id":"https:\/\/shop.bantam.ch\/fr\/#\/schema\/logo\/image\/"}}]}},"_links":{"self":[{"href":"https:\/\/shop.bantam.ch\/fr\/wp-json\/wp\/v2\/product\/125134","targetHints":{"allow":["GET"]}}],"collection":[{"href":"https:\/\/shop.bantam.ch\/fr\/wp-json\/wp\/v2\/product"}],"about":[{"href":"https:\/\/shop.bantam.ch\/fr\/wp-json\/wp\/v2\/types\/product"}],"wp:featuredmedia":[{"embeddable":true,"href":"https:\/\/shop.bantam.ch\/fr\/wp-json\/wp\/v2\/media\/125132"}],"wp:attachment":[{"href":"https:\/\/shop.bantam.ch\/fr\/wp-json\/wp\/v2\/media?parent=125134"}],"wp:term":[{"taxonomy":"product_featured_cat","embeddable":true,"href":"https:\/\/shop.bantam.ch\/fr\/wp-json\/wp\/v2\/product_featured_cat?post=125134"},{"taxonomy":"product_brand","embeddable":true,"href":"https:\/\/shop.bantam.ch\/fr\/wp-json\/wp\/v2\/product_brand?post=125134"},{"taxonomy":"product_cat","embeddable":true,"href":"https:\/\/shop.bantam.ch\/fr\/wp-json\/wp\/v2\/product_cat?post=125134"},{"taxonomy":"product_tag","embeddable":true,"href":"https:\/\/shop.bantam.ch\/fr\/wp-json\/wp\/v2\/product_tag?post=125134"}],"curies":[{"name":"wp","href":"https:\/\/api.w.org\/{rel}","templated":true}]}}