{"id":124978,"date":"2023-03-01T00:47:50","date_gmt":"2023-02-28T23:47:50","guid":{"rendered":"https:\/\/shop.bantam.ch\/produit\/ensemble-de-3-planches-a-decouper-suspendues-folio-slim\/"},"modified":"2026-04-18T21:52:14","modified_gmt":"2026-04-18T19:52:14","slug":"ensemble-de-3-planches-a-decouper-suspendues-folio-slim","status":"publish","type":"product","link":"https:\/\/shop.bantam.ch\/fr\/produit\/ensemble-de-3-planches-a-decouper-suspendues-folio-slim\/","title":{"rendered":"Planche \u00e0 d\u00e9couper \u00e0 accrocher sur une \u00e9tag\u00e8re &#8211; Set de couverts Joseph Joseph Folio? Slim 3 pcs., multicolore"},"content":{"rendered":"<p>Ce jeu de planches \u00e0 d\u00e9couper innovant permet de tirer le meilleur parti de l&rsquo;espace inutilis\u00e9 sous une \u00e9tag\u00e8re, maximisant chaque centim\u00e8tre carr\u00e9 de l&rsquo;espace de votre armoire. Le jeu comprend trois planches \u00e0 d\u00e9couper \u00e0 code couleur, des surfaces de coupe structur\u00e9es adapt\u00e9es \u00e0 la coupe des couteaux sur les deux faces, des poign\u00e9es en acier inoxydable et des pieds antid\u00e9rapants. Elles sont rang\u00e9es dans une bo\u00eete de rangement fine qui s&rsquo;accroche \u00e0 une tablette existante et se fixe \u00e0 l&rsquo;arri\u00e8re avec deux petites vis (incluses). La bo\u00eete de rangement peut \u00eatre plac\u00e9e soit dans l&rsquo;armoire, soit en dessous. Son design \u00e0 plusieurs niveaux facilite l&rsquo;acc\u00e8s \u00e0 la planche \u00e0 d\u00e9couper de votre choix.<\/p>\n<ul>\n<li>\u00c9paisseur maximale de l&rsquo;\u00e9tag\u00e8re 2 cm<\/li>\n<li>Convient aux armoires de cuisine avec une taille int\u00e9rieure minimale de : l 33 x P 24\u00a0cm<\/li>\n<li>R\u00e9servoir de stockage\u00a0: essuyer uniquement avec un chiffon humide<\/li>\n<\/ul>\n","protected":false},"excerpt":{"rendered":"<p>Ce jeu de planches \u00e0 d\u00e9couper innovant permet de tirer le meilleur parti de l&rsquo;espace inutilis\u00e9 sous une \u00e9tag\u00e8re, maximisant chaque centim\u00e8tre carr\u00e9 de l&rsquo;espace de votre armoire. Le jeu comprend trois planches \u00e0 d\u00e9couper \u00e0 code couleur, des surfaces de coupe structur\u00e9es adapt\u00e9es \u00e0 la coupe des couteaux sur les deux faces, des poign\u00e9es [&hellip;]<\/p>\n","protected":false},"featured_media":124950,"template":"","meta":{"_acf_changed":false},"product_featured_cat":[],"product_brand":[3412],"product_cat":[4285],"product_tag":[],"class_list":{"0":"post-124978","1":"product","2":"type-product","3":"status-publish","4":"has-post-thumbnail","6":"product_brand-joseph-joseph","7":"product_cat-ustensiles-de-cuisine","9":"first","10":"instock","11":"taxable","12":"shipping-taxable","13":"purchasable","14":"product-type-simple"},"acf":[],"yoast_head":"<!-- This site is optimized with the Yoast SEO plugin v27.4 - https:\/\/yoast.com\/product\/yoast-seo-wordpress\/ -->\n<title>Planche \u00e0 d\u00e9couper \u00e0 accrocher sur une \u00e9tag\u00e8re - Set de couverts Joseph Joseph Folio? Slim 3 pcs., multicolore - Bantam Wankm\u00fcller SA<\/title>\n<meta name=\"robots\" content=\"index, follow, max-snippet:-1, max-image-preview:large, max-video-preview:-1\" \/>\n<link rel=\"canonical\" href=\"https:\/\/shop.bantam.ch\/fr\/produit\/ensemble-de-3-planches-a-decouper-suspendues-folio-slim\/\" \/>\n<meta property=\"og:locale\" content=\"fr_FR\" \/>\n<meta property=\"og:type\" content=\"article\" \/>\n<meta property=\"og:title\" content=\"Planche \u00e0 d\u00e9couper \u00e0 accrocher sur une \u00e9tag\u00e8re - Set de couverts Joseph Joseph Folio? Slim 3 pcs., multicolore - Bantam Wankm\u00fcller SA\" \/>\n<meta property=\"og:description\" content=\"Ce jeu de planches \u00e0 d\u00e9couper innovant permet de tirer le meilleur parti de l&rsquo;espace inutilis\u00e9 sous une \u00e9tag\u00e8re, maximisant chaque centim\u00e8tre carr\u00e9 de l&rsquo;espace de votre armoire. Le jeu comprend trois planches \u00e0 d\u00e9couper \u00e0 code couleur, des surfaces de coupe structur\u00e9es adapt\u00e9es \u00e0 la coupe des couteaux sur les deux faces, des poign\u00e9es [&hellip;]\" \/>\n<meta property=\"og:url\" content=\"https:\/\/shop.bantam.ch\/fr\/produit\/ensemble-de-3-planches-a-decouper-suspendues-folio-slim\/\" \/>\n<meta property=\"og:site_name\" content=\"Bantam Wankm\u00fcller SA\" \/>\n<meta property=\"article:modified_time\" content=\"2026-04-18T19:52:14+00:00\" \/>\n<meta property=\"og:image\" content=\"https:\/\/shop.bantam.ch\/wp-content\/uploads\/2023\/03\/998469611.jpg\" \/>\n\t<meta property=\"og:image:width\" content=\"1000\" \/>\n\t<meta property=\"og:image:height\" content=\"460\" \/>\n\t<meta property=\"og:image:type\" content=\"image\/jpeg\" \/>\n<meta name=\"twitter:card\" content=\"summary_large_image\" \/>\n<meta name=\"twitter:label1\" content=\"Dur\u00e9e de lecture estim\u00e9e\" \/>\n\t<meta name=\"twitter:data1\" content=\"1 minute\" \/>\n<script type=\"application\/ld+json\" class=\"yoast-schema-graph\">{\"@context\":\"https:\\\/\\\/schema.org\",\"@graph\":[{\"@type\":\"WebPage\",\"@id\":\"https:\\\/\\\/shop.bantam.ch\\\/fr\\\/produit\\\/ensemble-de-3-planches-a-decouper-suspendues-folio-slim\\\/\",\"url\":\"https:\\\/\\\/shop.bantam.ch\\\/fr\\\/produit\\\/ensemble-de-3-planches-a-decouper-suspendues-folio-slim\\\/\",\"name\":\"Planche \u00e0 d\u00e9couper \u00e0 accrocher sur une \u00e9tag\u00e8re - Set de couverts Joseph Joseph Folio? Slim 3 pcs., multicolore - Bantam Wankm\u00fcller SA\",\"isPartOf\":{\"@id\":\"https:\\\/\\\/shop.bantam.ch\\\/fr\\\/#website\"},\"primaryImageOfPage\":{\"@id\":\"https:\\\/\\\/shop.bantam.ch\\\/fr\\\/produit\\\/ensemble-de-3-planches-a-decouper-suspendues-folio-slim\\\/#primaryimage\"},\"image\":{\"@id\":\"https:\\\/\\\/shop.bantam.ch\\\/fr\\\/produit\\\/ensemble-de-3-planches-a-decouper-suspendues-folio-slim\\\/#primaryimage\"},\"thumbnailUrl\":\"https:\\\/\\\/shop.bantam.ch\\\/wp-content\\\/uploads\\\/2023\\\/03\\\/998469611.jpg\",\"datePublished\":\"2023-02-28T23:47:50+00:00\",\"dateModified\":\"2026-04-18T19:52:14+00:00\",\"breadcrumb\":{\"@id\":\"https:\\\/\\\/shop.bantam.ch\\\/fr\\\/produit\\\/ensemble-de-3-planches-a-decouper-suspendues-folio-slim\\\/#breadcrumb\"},\"inLanguage\":\"fr-FR\",\"potentialAction\":[{\"@type\":\"ReadAction\",\"target\":[\"https:\\\/\\\/shop.bantam.ch\\\/fr\\\/produit\\\/ensemble-de-3-planches-a-decouper-suspendues-folio-slim\\\/\"]}]},{\"@type\":\"ImageObject\",\"inLanguage\":\"fr-FR\",\"@id\":\"https:\\\/\\\/shop.bantam.ch\\\/fr\\\/produit\\\/ensemble-de-3-planches-a-decouper-suspendues-folio-slim\\\/#primaryimage\",\"url\":\"https:\\\/\\\/shop.bantam.ch\\\/wp-content\\\/uploads\\\/2023\\\/03\\\/998469611.jpg\",\"contentUrl\":\"https:\\\/\\\/shop.bantam.ch\\\/wp-content\\\/uploads\\\/2023\\\/03\\\/998469611.jpg\",\"width\":1000,\"height\":460},{\"@type\":\"BreadcrumbList\",\"@id\":\"https:\\\/\\\/shop.bantam.ch\\\/fr\\\/produit\\\/ensemble-de-3-planches-a-decouper-suspendues-folio-slim\\\/#breadcrumb\",\"itemListElement\":[{\"@type\":\"ListItem\",\"position\":1,\"name\":\"Accueil\",\"item\":\"https:\\\/\\\/shop.bantam.ch\\\/fr\\\/\"},{\"@type\":\"ListItem\",\"position\":2,\"name\":\"Boutique\",\"item\":\"https:\\\/\\\/shop.bantam.ch\\\/fr\\\/boutique\\\/\"},{\"@type\":\"ListItem\",\"position\":3,\"name\":\"Planche \u00e0 d\u00e9couper \u00e0 accrocher sur une \u00e9tag\u00e8re &#8211; Set de couverts Joseph Joseph Folio? Slim 3 pcs., multicolore\"}]},{\"@type\":\"WebSite\",\"@id\":\"https:\\\/\\\/shop.bantam.ch\\\/fr\\\/#website\",\"url\":\"https:\\\/\\\/shop.bantam.ch\\\/fr\\\/\",\"name\":\"Bantam Wankm\u00fcller SA\",\"description\":\"\",\"publisher\":{\"@id\":\"https:\\\/\\\/shop.bantam.ch\\\/fr\\\/#organization\"},\"inLanguage\":\"fr-FR\"},{\"@type\":\"Organization\",\"@id\":\"https:\\\/\\\/shop.bantam.ch\\\/fr\\\/#organization\",\"name\":\"Bantam Wankm\u00fcller SA\",\"url\":\"https:\\\/\\\/shop.bantam.ch\\\/fr\\\/\",\"logo\":{\"@type\":\"ImageObject\",\"inLanguage\":\"fr-FR\",\"@id\":\"https:\\\/\\\/shop.bantam.ch\\\/fr\\\/#\\\/schema\\\/logo\\\/image\\\/\",\"url\":\"https:\\\/\\\/shop.bantam.ch\\\/wp-content\\\/uploads\\\/2022\\\/12\\\/bantam-logo.png\",\"contentUrl\":\"https:\\\/\\\/shop.bantam.ch\\\/wp-content\\\/uploads\\\/2022\\\/12\\\/bantam-logo.png\",\"width\":320,\"height\":71,\"caption\":\"Bantam Wankm\u00fcller SA\"},\"image\":{\"@id\":\"https:\\\/\\\/shop.bantam.ch\\\/fr\\\/#\\\/schema\\\/logo\\\/image\\\/\"}}]}<\/script>\n<!-- \/ Yoast SEO plugin. -->","yoast_head_json":{"title":"Planche \u00e0 d\u00e9couper \u00e0 accrocher sur une \u00e9tag\u00e8re - Set de couverts Joseph Joseph Folio? Slim 3 pcs., multicolore - Bantam Wankm\u00fcller SA","robots":{"index":"index","follow":"follow","max-snippet":"max-snippet:-1","max-image-preview":"max-image-preview:large","max-video-preview":"max-video-preview:-1"},"canonical":"https:\/\/shop.bantam.ch\/fr\/produit\/ensemble-de-3-planches-a-decouper-suspendues-folio-slim\/","og_locale":"fr_FR","og_type":"article","og_title":"Planche \u00e0 d\u00e9couper \u00e0 accrocher sur une \u00e9tag\u00e8re - Set de couverts Joseph Joseph Folio? Slim 3 pcs., multicolore - Bantam Wankm\u00fcller SA","og_description":"Ce jeu de planches \u00e0 d\u00e9couper innovant permet de tirer le meilleur parti de l&rsquo;espace inutilis\u00e9 sous une \u00e9tag\u00e8re, maximisant chaque centim\u00e8tre carr\u00e9 de l&rsquo;espace de votre armoire. Le jeu comprend trois planches \u00e0 d\u00e9couper \u00e0 code couleur, des surfaces de coupe structur\u00e9es adapt\u00e9es \u00e0 la coupe des couteaux sur les deux faces, des poign\u00e9es [&hellip;]","og_url":"https:\/\/shop.bantam.ch\/fr\/produit\/ensemble-de-3-planches-a-decouper-suspendues-folio-slim\/","og_site_name":"Bantam Wankm\u00fcller SA","article_modified_time":"2026-04-18T19:52:14+00:00","og_image":[{"width":1000,"height":460,"url":"https:\/\/shop.bantam.ch\/wp-content\/uploads\/2023\/03\/998469611.jpg","type":"image\/jpeg"}],"twitter_card":"summary_large_image","twitter_misc":{"Dur\u00e9e de lecture estim\u00e9e":"1 minute"},"schema":{"@context":"https:\/\/schema.org","@graph":[{"@type":"WebPage","@id":"https:\/\/shop.bantam.ch\/fr\/produit\/ensemble-de-3-planches-a-decouper-suspendues-folio-slim\/","url":"https:\/\/shop.bantam.ch\/fr\/produit\/ensemble-de-3-planches-a-decouper-suspendues-folio-slim\/","name":"Planche \u00e0 d\u00e9couper \u00e0 accrocher sur une \u00e9tag\u00e8re - Set de couverts Joseph Joseph Folio? Slim 3 pcs., multicolore - Bantam Wankm\u00fcller SA","isPartOf":{"@id":"https:\/\/shop.bantam.ch\/fr\/#website"},"primaryImageOfPage":{"@id":"https:\/\/shop.bantam.ch\/fr\/produit\/ensemble-de-3-planches-a-decouper-suspendues-folio-slim\/#primaryimage"},"image":{"@id":"https:\/\/shop.bantam.ch\/fr\/produit\/ensemble-de-3-planches-a-decouper-suspendues-folio-slim\/#primaryimage"},"thumbnailUrl":"https:\/\/shop.bantam.ch\/wp-content\/uploads\/2023\/03\/998469611.jpg","datePublished":"2023-02-28T23:47:50+00:00","dateModified":"2026-04-18T19:52:14+00:00","breadcrumb":{"@id":"https:\/\/shop.bantam.ch\/fr\/produit\/ensemble-de-3-planches-a-decouper-suspendues-folio-slim\/#breadcrumb"},"inLanguage":"fr-FR","potentialAction":[{"@type":"ReadAction","target":["https:\/\/shop.bantam.ch\/fr\/produit\/ensemble-de-3-planches-a-decouper-suspendues-folio-slim\/"]}]},{"@type":"ImageObject","inLanguage":"fr-FR","@id":"https:\/\/shop.bantam.ch\/fr\/produit\/ensemble-de-3-planches-a-decouper-suspendues-folio-slim\/#primaryimage","url":"https:\/\/shop.bantam.ch\/wp-content\/uploads\/2023\/03\/998469611.jpg","contentUrl":"https:\/\/shop.bantam.ch\/wp-content\/uploads\/2023\/03\/998469611.jpg","width":1000,"height":460},{"@type":"BreadcrumbList","@id":"https:\/\/shop.bantam.ch\/fr\/produit\/ensemble-de-3-planches-a-decouper-suspendues-folio-slim\/#breadcrumb","itemListElement":[{"@type":"ListItem","position":1,"name":"Accueil","item":"https:\/\/shop.bantam.ch\/fr\/"},{"@type":"ListItem","position":2,"name":"Boutique","item":"https:\/\/shop.bantam.ch\/fr\/boutique\/"},{"@type":"ListItem","position":3,"name":"Planche \u00e0 d\u00e9couper \u00e0 accrocher sur une \u00e9tag\u00e8re &#8211; Set de couverts Joseph Joseph Folio? Slim 3 pcs., multicolore"}]},{"@type":"WebSite","@id":"https:\/\/shop.bantam.ch\/fr\/#website","url":"https:\/\/shop.bantam.ch\/fr\/","name":"Bantam Wankm\u00fcller SA","description":"","publisher":{"@id":"https:\/\/shop.bantam.ch\/fr\/#organization"},"inLanguage":"fr-FR"},{"@type":"Organization","@id":"https:\/\/shop.bantam.ch\/fr\/#organization","name":"Bantam Wankm\u00fcller SA","url":"https:\/\/shop.bantam.ch\/fr\/","logo":{"@type":"ImageObject","inLanguage":"fr-FR","@id":"https:\/\/shop.bantam.ch\/fr\/#\/schema\/logo\/image\/","url":"https:\/\/shop.bantam.ch\/wp-content\/uploads\/2022\/12\/bantam-logo.png","contentUrl":"https:\/\/shop.bantam.ch\/wp-content\/uploads\/2022\/12\/bantam-logo.png","width":320,"height":71,"caption":"Bantam Wankm\u00fcller SA"},"image":{"@id":"https:\/\/shop.bantam.ch\/fr\/#\/schema\/logo\/image\/"}}]}},"_links":{"self":[{"href":"https:\/\/shop.bantam.ch\/fr\/wp-json\/wp\/v2\/product\/124978","targetHints":{"allow":["GET"]}}],"collection":[{"href":"https:\/\/shop.bantam.ch\/fr\/wp-json\/wp\/v2\/product"}],"about":[{"href":"https:\/\/shop.bantam.ch\/fr\/wp-json\/wp\/v2\/types\/product"}],"wp:featuredmedia":[{"embeddable":true,"href":"https:\/\/shop.bantam.ch\/fr\/wp-json\/wp\/v2\/media\/124950"}],"wp:attachment":[{"href":"https:\/\/shop.bantam.ch\/fr\/wp-json\/wp\/v2\/media?parent=124978"}],"wp:term":[{"taxonomy":"product_featured_cat","embeddable":true,"href":"https:\/\/shop.bantam.ch\/fr\/wp-json\/wp\/v2\/product_featured_cat?post=124978"},{"taxonomy":"product_brand","embeddable":true,"href":"https:\/\/shop.bantam.ch\/fr\/wp-json\/wp\/v2\/product_brand?post=124978"},{"taxonomy":"product_cat","embeddable":true,"href":"https:\/\/shop.bantam.ch\/fr\/wp-json\/wp\/v2\/product_cat?post=124978"},{"taxonomy":"product_tag","embeddable":true,"href":"https:\/\/shop.bantam.ch\/fr\/wp-json\/wp\/v2\/product_tag?post=124978"}],"curies":[{"name":"wp","href":"https:\/\/api.w.org\/{rel}","templated":true}]}}