{"id":124948,"date":"2023-03-01T00:47:41","date_gmt":"2023-02-28T23:47:41","guid":{"rendered":"https:\/\/shop.bantam.ch\/produit\/essoreuse-a-salade-spindola-pour-levier\/"},"modified":"2026-05-01T21:49:48","modified_gmt":"2026-05-01T19:49:48","slug":"essoreuse-a-salade-spindola-pour-levier","status":"publish","type":"product","link":"https:\/\/shop.bantam.ch\/fr\/produit\/essoreuse-a-salade-spindola-pour-levier\/","title":{"rendered":"Essoreuse \u00e0 salade Joseph Joseph Spindola? pour l\u2019\u00e9vier, vert \/ blanc"},"content":{"rendered":"<p>Ce design innovant combine les caract\u00e9ristiques d&rsquo;une essoreuse \u00e0 salade avec celles d&rsquo;une passoire, ce qui permet d&rsquo;\u00e9conomiser un espace de stockage pr\u00e9cieux. Pour pr\u00e9parer des salades, fixez simplement l&rsquo;axe et la ventouse \u00e0 la passoire, ajoutez la salade et rincez abondamment sous l&rsquo;eau du robinet. Fixez ensuite la passoire \u00e0 l&rsquo;\u00e9vier avec la ventouse et pompez avec l&rsquo;axe de haut en bas pour faire tourner la passoire et \u00e9vacuer l&rsquo;exc\u00e8s d&rsquo;eau. Pour l&rsquo;utiliser comme passoire traditionnelle, il suffit de d\u00e9tacher l&rsquo;axe et la ventouse et d&rsquo;utiliser les poign\u00e9es lat\u00e9rales. Lorsque vous avez termin\u00e9 de l&rsquo;utiliser, l&rsquo;axe et la ventouse peuvent \u00eatre assembl\u00e9es pour gagner de la place.<\/p>\n","protected":false},"excerpt":{"rendered":"<p>Ce design innovant combine les caract\u00e9ristiques d&rsquo;une essoreuse \u00e0 salade avec celles d&rsquo;une passoire, ce qui permet d&rsquo;\u00e9conomiser un espace de stockage pr\u00e9cieux. Pour pr\u00e9parer des salades, fixez simplement l&rsquo;axe et la ventouse \u00e0 la passoire, ajoutez la salade et rincez abondamment sous l&rsquo;eau du robinet. Fixez ensuite la passoire \u00e0 l&rsquo;\u00e9vier avec la ventouse [&hellip;]<\/p>\n","protected":false},"featured_media":124924,"template":"","meta":{"_acf_changed":false},"product_featured_cat":[],"product_brand":[3412],"product_cat":[4333],"product_tag":[],"class_list":{"0":"post-124948","1":"product","2":"type-product","3":"status-publish","4":"has-post-thumbnail","6":"product_brand-joseph-joseph","7":"product_cat-bols-a-provisions-et-passoires","9":"first","10":"instock","11":"taxable","12":"shipping-taxable","13":"purchasable","14":"product-type-simple"},"acf":[],"yoast_head":"<!-- This site is optimized with the Yoast SEO plugin v27.5 - https:\/\/yoast.com\/product\/yoast-seo-wordpress\/ -->\n<title>Essoreuse \u00e0 salade Joseph Joseph Spindola? pour l\u2019\u00e9vier, vert \/ blanc - Bantam<\/title>\n<meta name=\"robots\" content=\"index, follow, max-snippet:-1, max-image-preview:large, max-video-preview:-1\" \/>\n<link rel=\"canonical\" href=\"https:\/\/shop.bantam.ch\/fr\/produit\/essoreuse-a-salade-spindola-pour-levier\/\" \/>\n<meta property=\"og:locale\" content=\"fr_FR\" \/>\n<meta property=\"og:type\" content=\"article\" \/>\n<meta property=\"og:title\" content=\"Essoreuse \u00e0 salade Joseph Joseph Spindola? pour l\u2019\u00e9vier, vert \/ blanc - Bantam\" \/>\n<meta property=\"og:description\" content=\"Ce design innovant combine les caract\u00e9ristiques d&rsquo;une essoreuse \u00e0 salade avec celles d&rsquo;une passoire, ce qui permet d&rsquo;\u00e9conomiser un espace de stockage pr\u00e9cieux. Pour pr\u00e9parer des salades, fixez simplement l&rsquo;axe et la ventouse \u00e0 la passoire, ajoutez la salade et rincez abondamment sous l&rsquo;eau du robinet. Fixez ensuite la passoire \u00e0 l&rsquo;\u00e9vier avec la ventouse [&hellip;]\" \/>\n<meta property=\"og:url\" content=\"https:\/\/shop.bantam.ch\/fr\/produit\/essoreuse-a-salade-spindola-pour-levier\/\" \/>\n<meta property=\"og:site_name\" content=\"Bantam\" \/>\n<meta property=\"article:modified_time\" content=\"2026-05-01T19:49:48+00:00\" \/>\n<meta property=\"og:image\" content=\"https:\/\/shop.bantam.ch\/wp-content\/uploads\/2023\/03\/998469511.jpg\" \/>\n\t<meta property=\"og:image:width\" content=\"500\" \/>\n\t<meta property=\"og:image:height\" content=\"412\" \/>\n\t<meta property=\"og:image:type\" content=\"image\/jpeg\" \/>\n<meta name=\"twitter:card\" content=\"summary_large_image\" \/>\n<meta name=\"twitter:label1\" content=\"Dur\u00e9e de lecture estim\u00e9e\" \/>\n\t<meta name=\"twitter:data1\" content=\"1 minute\" \/>\n<script type=\"application\/ld+json\" class=\"yoast-schema-graph\">{\"@context\":\"https:\\\/\\\/schema.org\",\"@graph\":[{\"@type\":\"WebPage\",\"@id\":\"https:\\\/\\\/shop.bantam.ch\\\/fr\\\/produit\\\/essoreuse-a-salade-spindola-pour-levier\\\/\",\"url\":\"https:\\\/\\\/shop.bantam.ch\\\/fr\\\/produit\\\/essoreuse-a-salade-spindola-pour-levier\\\/\",\"name\":\"Essoreuse \u00e0 salade Joseph Joseph Spindola? pour l\u2019\u00e9vier, vert \\\/ blanc - Bantam\",\"isPartOf\":{\"@id\":\"https:\\\/\\\/shop.bantam.ch\\\/fr\\\/#website\"},\"primaryImageOfPage\":{\"@id\":\"https:\\\/\\\/shop.bantam.ch\\\/fr\\\/produit\\\/essoreuse-a-salade-spindola-pour-levier\\\/#primaryimage\"},\"image\":{\"@id\":\"https:\\\/\\\/shop.bantam.ch\\\/fr\\\/produit\\\/essoreuse-a-salade-spindola-pour-levier\\\/#primaryimage\"},\"thumbnailUrl\":\"https:\\\/\\\/shop.bantam.ch\\\/wp-content\\\/uploads\\\/2023\\\/03\\\/998469511.jpg\",\"datePublished\":\"2023-02-28T23:47:41+00:00\",\"dateModified\":\"2026-05-01T19:49:48+00:00\",\"breadcrumb\":{\"@id\":\"https:\\\/\\\/shop.bantam.ch\\\/fr\\\/produit\\\/essoreuse-a-salade-spindola-pour-levier\\\/#breadcrumb\"},\"inLanguage\":\"fr-FR\",\"potentialAction\":[{\"@type\":\"ReadAction\",\"target\":[\"https:\\\/\\\/shop.bantam.ch\\\/fr\\\/produit\\\/essoreuse-a-salade-spindola-pour-levier\\\/\"]}]},{\"@type\":\"ImageObject\",\"inLanguage\":\"fr-FR\",\"@id\":\"https:\\\/\\\/shop.bantam.ch\\\/fr\\\/produit\\\/essoreuse-a-salade-spindola-pour-levier\\\/#primaryimage\",\"url\":\"https:\\\/\\\/shop.bantam.ch\\\/wp-content\\\/uploads\\\/2023\\\/03\\\/998469511.jpg\",\"contentUrl\":\"https:\\\/\\\/shop.bantam.ch\\\/wp-content\\\/uploads\\\/2023\\\/03\\\/998469511.jpg\",\"width\":500,\"height\":412},{\"@type\":\"BreadcrumbList\",\"@id\":\"https:\\\/\\\/shop.bantam.ch\\\/fr\\\/produit\\\/essoreuse-a-salade-spindola-pour-levier\\\/#breadcrumb\",\"itemListElement\":[{\"@type\":\"ListItem\",\"position\":1,\"name\":\"Accueil\",\"item\":\"https:\\\/\\\/shop.bantam.ch\\\/fr\\\/\"},{\"@type\":\"ListItem\",\"position\":2,\"name\":\"Boutique\",\"item\":\"https:\\\/\\\/shop.bantam.ch\\\/fr\\\/boutique\\\/\"},{\"@type\":\"ListItem\",\"position\":3,\"name\":\"Essoreuse \u00e0 salade Joseph Joseph Spindola? pour l\u2019\u00e9vier, vert \\\/ blanc\"}]},{\"@type\":\"WebSite\",\"@id\":\"https:\\\/\\\/shop.bantam.ch\\\/fr\\\/#website\",\"url\":\"https:\\\/\\\/shop.bantam.ch\\\/fr\\\/\",\"name\":\"Bantam\",\"description\":\"\",\"publisher\":{\"@id\":\"https:\\\/\\\/shop.bantam.ch\\\/fr\\\/#organization\"},\"inLanguage\":\"fr-FR\"},{\"@type\":\"Organization\",\"@id\":\"https:\\\/\\\/shop.bantam.ch\\\/fr\\\/#organization\",\"name\":\"Bantam\",\"url\":\"https:\\\/\\\/shop.bantam.ch\\\/fr\\\/\",\"logo\":{\"@type\":\"ImageObject\",\"inLanguage\":\"fr-FR\",\"@id\":\"https:\\\/\\\/shop.bantam.ch\\\/fr\\\/#\\\/schema\\\/logo\\\/image\\\/\",\"url\":\"https:\\\/\\\/shop.bantam.ch\\\/wp-content\\\/uploads\\\/2022\\\/12\\\/bantam-logo.png\",\"contentUrl\":\"https:\\\/\\\/shop.bantam.ch\\\/wp-content\\\/uploads\\\/2022\\\/12\\\/bantam-logo.png\",\"width\":320,\"height\":71,\"caption\":\"Bantam\"},\"image\":{\"@id\":\"https:\\\/\\\/shop.bantam.ch\\\/fr\\\/#\\\/schema\\\/logo\\\/image\\\/\"}}]}<\/script>\n<!-- \/ Yoast SEO plugin. -->","yoast_head_json":{"title":"Essoreuse \u00e0 salade Joseph Joseph Spindola? pour l\u2019\u00e9vier, vert \/ blanc - Bantam","robots":{"index":"index","follow":"follow","max-snippet":"max-snippet:-1","max-image-preview":"max-image-preview:large","max-video-preview":"max-video-preview:-1"},"canonical":"https:\/\/shop.bantam.ch\/fr\/produit\/essoreuse-a-salade-spindola-pour-levier\/","og_locale":"fr_FR","og_type":"article","og_title":"Essoreuse \u00e0 salade Joseph Joseph Spindola? pour l\u2019\u00e9vier, vert \/ blanc - Bantam","og_description":"Ce design innovant combine les caract\u00e9ristiques d&rsquo;une essoreuse \u00e0 salade avec celles d&rsquo;une passoire, ce qui permet d&rsquo;\u00e9conomiser un espace de stockage pr\u00e9cieux. Pour pr\u00e9parer des salades, fixez simplement l&rsquo;axe et la ventouse \u00e0 la passoire, ajoutez la salade et rincez abondamment sous l&rsquo;eau du robinet. Fixez ensuite la passoire \u00e0 l&rsquo;\u00e9vier avec la ventouse [&hellip;]","og_url":"https:\/\/shop.bantam.ch\/fr\/produit\/essoreuse-a-salade-spindola-pour-levier\/","og_site_name":"Bantam","article_modified_time":"2026-05-01T19:49:48+00:00","og_image":[{"width":500,"height":412,"url":"https:\/\/shop.bantam.ch\/wp-content\/uploads\/2023\/03\/998469511.jpg","type":"image\/jpeg"}],"twitter_card":"summary_large_image","twitter_misc":{"Dur\u00e9e de lecture estim\u00e9e":"1 minute"},"schema":{"@context":"https:\/\/schema.org","@graph":[{"@type":"WebPage","@id":"https:\/\/shop.bantam.ch\/fr\/produit\/essoreuse-a-salade-spindola-pour-levier\/","url":"https:\/\/shop.bantam.ch\/fr\/produit\/essoreuse-a-salade-spindola-pour-levier\/","name":"Essoreuse \u00e0 salade Joseph Joseph Spindola? pour l\u2019\u00e9vier, vert \/ blanc - Bantam","isPartOf":{"@id":"https:\/\/shop.bantam.ch\/fr\/#website"},"primaryImageOfPage":{"@id":"https:\/\/shop.bantam.ch\/fr\/produit\/essoreuse-a-salade-spindola-pour-levier\/#primaryimage"},"image":{"@id":"https:\/\/shop.bantam.ch\/fr\/produit\/essoreuse-a-salade-spindola-pour-levier\/#primaryimage"},"thumbnailUrl":"https:\/\/shop.bantam.ch\/wp-content\/uploads\/2023\/03\/998469511.jpg","datePublished":"2023-02-28T23:47:41+00:00","dateModified":"2026-05-01T19:49:48+00:00","breadcrumb":{"@id":"https:\/\/shop.bantam.ch\/fr\/produit\/essoreuse-a-salade-spindola-pour-levier\/#breadcrumb"},"inLanguage":"fr-FR","potentialAction":[{"@type":"ReadAction","target":["https:\/\/shop.bantam.ch\/fr\/produit\/essoreuse-a-salade-spindola-pour-levier\/"]}]},{"@type":"ImageObject","inLanguage":"fr-FR","@id":"https:\/\/shop.bantam.ch\/fr\/produit\/essoreuse-a-salade-spindola-pour-levier\/#primaryimage","url":"https:\/\/shop.bantam.ch\/wp-content\/uploads\/2023\/03\/998469511.jpg","contentUrl":"https:\/\/shop.bantam.ch\/wp-content\/uploads\/2023\/03\/998469511.jpg","width":500,"height":412},{"@type":"BreadcrumbList","@id":"https:\/\/shop.bantam.ch\/fr\/produit\/essoreuse-a-salade-spindola-pour-levier\/#breadcrumb","itemListElement":[{"@type":"ListItem","position":1,"name":"Accueil","item":"https:\/\/shop.bantam.ch\/fr\/"},{"@type":"ListItem","position":2,"name":"Boutique","item":"https:\/\/shop.bantam.ch\/fr\/boutique\/"},{"@type":"ListItem","position":3,"name":"Essoreuse \u00e0 salade Joseph Joseph Spindola? pour l\u2019\u00e9vier, vert \/ blanc"}]},{"@type":"WebSite","@id":"https:\/\/shop.bantam.ch\/fr\/#website","url":"https:\/\/shop.bantam.ch\/fr\/","name":"Bantam","description":"","publisher":{"@id":"https:\/\/shop.bantam.ch\/fr\/#organization"},"inLanguage":"fr-FR"},{"@type":"Organization","@id":"https:\/\/shop.bantam.ch\/fr\/#organization","name":"Bantam","url":"https:\/\/shop.bantam.ch\/fr\/","logo":{"@type":"ImageObject","inLanguage":"fr-FR","@id":"https:\/\/shop.bantam.ch\/fr\/#\/schema\/logo\/image\/","url":"https:\/\/shop.bantam.ch\/wp-content\/uploads\/2022\/12\/bantam-logo.png","contentUrl":"https:\/\/shop.bantam.ch\/wp-content\/uploads\/2022\/12\/bantam-logo.png","width":320,"height":71,"caption":"Bantam"},"image":{"@id":"https:\/\/shop.bantam.ch\/fr\/#\/schema\/logo\/image\/"}}]}},"_links":{"self":[{"href":"https:\/\/shop.bantam.ch\/fr\/wp-json\/wp\/v2\/product\/124948","targetHints":{"allow":["GET"]}}],"collection":[{"href":"https:\/\/shop.bantam.ch\/fr\/wp-json\/wp\/v2\/product"}],"about":[{"href":"https:\/\/shop.bantam.ch\/fr\/wp-json\/wp\/v2\/types\/product"}],"wp:featuredmedia":[{"embeddable":true,"href":"https:\/\/shop.bantam.ch\/fr\/wp-json\/wp\/v2\/media\/124924"}],"wp:attachment":[{"href":"https:\/\/shop.bantam.ch\/fr\/wp-json\/wp\/v2\/media?parent=124948"}],"wp:term":[{"taxonomy":"product_featured_cat","embeddable":true,"href":"https:\/\/shop.bantam.ch\/fr\/wp-json\/wp\/v2\/product_featured_cat?post=124948"},{"taxonomy":"product_brand","embeddable":true,"href":"https:\/\/shop.bantam.ch\/fr\/wp-json\/wp\/v2\/product_brand?post=124948"},{"taxonomy":"product_cat","embeddable":true,"href":"https:\/\/shop.bantam.ch\/fr\/wp-json\/wp\/v2\/product_cat?post=124948"},{"taxonomy":"product_tag","embeddable":true,"href":"https:\/\/shop.bantam.ch\/fr\/wp-json\/wp\/v2\/product_tag?post=124948"}],"curies":[{"name":"wp","href":"https:\/\/api.w.org\/{rel}","templated":true}]}}