{"id":124728,"date":"2023-03-01T00:44:42","date_gmt":"2023-02-28T23:44:42","guid":{"rendered":"https:\/\/shop.bantam.ch\/produit\/la-poubelle-seffondre-avec-le-tri-des-dechets\/"},"modified":"2026-04-17T21:51:06","modified_gmt":"2026-04-17T19:51:06","slug":"la-poubelle-seffondre-avec-le-tri-des-dechets","status":"publish","type":"product","link":"https:\/\/shop.bantam.ch\/fr\/produit\/la-poubelle-seffondre-avec-le-tri-des-dechets\/","title":{"rendered":"Poubelle Outwell Collaps avec tri s\u00e9lectif shadow green"},"content":{"rendered":"<p>La poubelle RecycleIt Collaps \u00e0 deux compartiments avec couvercle permet de trier les d\u00e9chets dans des sacs pour plus de commodit\u00e9 tout en luttant contre les odeurs et les insectes. Retirez le couvercle et le rebord pour l&rsquo;utiliser comme panier ou repliez-le pour \u00e9conomiser de l&rsquo;espace lorsqu&rsquo;il n&rsquo;est pas utilis\u00e9.<\/p>\n<ul>\n<li>rangement compact<\/li>\n<li>S\u2019ouvre et se replie facilement<\/li>\n<li>incassable<\/li>\n<li>Le rebord assure une fixation s\u00fbre des sacs en plastique et les maintient en place<\/li>\n<li>Poign\u00e9e de transport solide pour un transport facile<\/li>\n<li>2 r\u00e9cipients, dimensions : 33,5 x 20 x 26 cm (l x p x h)<\/li>\n<li>Convient aux sacs poubelle de 30\u00a0L.<\/li>\n<\/ul>\n","protected":false},"excerpt":{"rendered":"<p>La poubelle RecycleIt Collaps \u00e0 deux compartiments avec couvercle permet de trier les d\u00e9chets dans des sacs pour plus de commodit\u00e9 tout en luttant contre les odeurs et les insectes. Retirez le couvercle et le rebord pour l&rsquo;utiliser comme panier ou repliez-le pour \u00e9conomiser de l&rsquo;espace lorsqu&rsquo;il n&rsquo;est pas utilis\u00e9. rangement compact S\u2019ouvre et se [&hellip;]<\/p>\n","protected":false},"featured_media":124718,"template":"","meta":{"_acf_changed":false},"product_featured_cat":[],"product_brand":[3296],"product_cat":[4287],"product_tag":[],"class_list":{"0":"post-124728","1":"product","2":"type-product","3":"status-publish","4":"has-post-thumbnail","6":"product_brand-outwell","7":"product_cat-collecte-des-dechets","9":"first","10":"instock","11":"taxable","12":"shipping-taxable","13":"purchasable","14":"product-type-simple"},"acf":[],"yoast_head":"<!-- This site is optimized with the Yoast SEO plugin v27.4 - https:\/\/yoast.com\/product\/yoast-seo-wordpress\/ -->\n<title>Poubelle Outwell Collaps avec tri s\u00e9lectif shadow green - Bantam Wankm\u00fcller SA<\/title>\n<meta name=\"robots\" content=\"index, follow, max-snippet:-1, max-image-preview:large, max-video-preview:-1\" \/>\n<link rel=\"canonical\" href=\"https:\/\/shop.bantam.ch\/fr\/produit\/la-poubelle-seffondre-avec-le-tri-des-dechets\/\" \/>\n<meta property=\"og:locale\" content=\"fr_FR\" \/>\n<meta property=\"og:type\" content=\"article\" \/>\n<meta property=\"og:title\" content=\"Poubelle Outwell Collaps avec tri s\u00e9lectif shadow green - Bantam Wankm\u00fcller SA\" \/>\n<meta property=\"og:description\" content=\"La poubelle RecycleIt Collaps \u00e0 deux compartiments avec couvercle permet de trier les d\u00e9chets dans des sacs pour plus de commodit\u00e9 tout en luttant contre les odeurs et les insectes. Retirez le couvercle et le rebord pour l&rsquo;utiliser comme panier ou repliez-le pour \u00e9conomiser de l&rsquo;espace lorsqu&rsquo;il n&rsquo;est pas utilis\u00e9. rangement compact S\u2019ouvre et se [&hellip;]\" \/>\n<meta property=\"og:url\" content=\"https:\/\/shop.bantam.ch\/fr\/produit\/la-poubelle-seffondre-avec-le-tri-des-dechets\/\" \/>\n<meta property=\"og:site_name\" content=\"Bantam Wankm\u00fcller SA\" \/>\n<meta property=\"article:modified_time\" content=\"2026-04-17T19:51:06+00:00\" \/>\n<meta property=\"og:image\" content=\"https:\/\/shop.bantam.ch\/wp-content\/uploads\/2023\/03\/998468812-scaled.jpg\" \/>\n\t<meta property=\"og:image:width\" content=\"5562\" \/>\n\t<meta property=\"og:image:height\" content=\"3128\" \/>\n\t<meta property=\"og:image:type\" content=\"image\/jpeg\" \/>\n<meta name=\"twitter:card\" content=\"summary_large_image\" \/>\n<meta name=\"twitter:label1\" content=\"Dur\u00e9e de lecture estim\u00e9e\" \/>\n\t<meta name=\"twitter:data1\" content=\"1 minute\" \/>\n<script type=\"application\/ld+json\" class=\"yoast-schema-graph\">{\"@context\":\"https:\\\/\\\/schema.org\",\"@graph\":[{\"@type\":\"WebPage\",\"@id\":\"https:\\\/\\\/shop.bantam.ch\\\/fr\\\/produit\\\/la-poubelle-seffondre-avec-le-tri-des-dechets\\\/\",\"url\":\"https:\\\/\\\/shop.bantam.ch\\\/fr\\\/produit\\\/la-poubelle-seffondre-avec-le-tri-des-dechets\\\/\",\"name\":\"Poubelle Outwell Collaps avec tri s\u00e9lectif shadow green - Bantam Wankm\u00fcller SA\",\"isPartOf\":{\"@id\":\"https:\\\/\\\/shop.bantam.ch\\\/fr\\\/#website\"},\"primaryImageOfPage\":{\"@id\":\"https:\\\/\\\/shop.bantam.ch\\\/fr\\\/produit\\\/la-poubelle-seffondre-avec-le-tri-des-dechets\\\/#primaryimage\"},\"image\":{\"@id\":\"https:\\\/\\\/shop.bantam.ch\\\/fr\\\/produit\\\/la-poubelle-seffondre-avec-le-tri-des-dechets\\\/#primaryimage\"},\"thumbnailUrl\":\"https:\\\/\\\/shop.bantam.ch\\\/wp-content\\\/uploads\\\/2023\\\/03\\\/998468812-scaled.jpg\",\"datePublished\":\"2023-02-28T23:44:42+00:00\",\"dateModified\":\"2026-04-17T19:51:06+00:00\",\"breadcrumb\":{\"@id\":\"https:\\\/\\\/shop.bantam.ch\\\/fr\\\/produit\\\/la-poubelle-seffondre-avec-le-tri-des-dechets\\\/#breadcrumb\"},\"inLanguage\":\"fr-FR\",\"potentialAction\":[{\"@type\":\"ReadAction\",\"target\":[\"https:\\\/\\\/shop.bantam.ch\\\/fr\\\/produit\\\/la-poubelle-seffondre-avec-le-tri-des-dechets\\\/\"]}]},{\"@type\":\"ImageObject\",\"inLanguage\":\"fr-FR\",\"@id\":\"https:\\\/\\\/shop.bantam.ch\\\/fr\\\/produit\\\/la-poubelle-seffondre-avec-le-tri-des-dechets\\\/#primaryimage\",\"url\":\"https:\\\/\\\/shop.bantam.ch\\\/wp-content\\\/uploads\\\/2023\\\/03\\\/998468812-scaled.jpg\",\"contentUrl\":\"https:\\\/\\\/shop.bantam.ch\\\/wp-content\\\/uploads\\\/2023\\\/03\\\/998468812-scaled.jpg\",\"width\":2048,\"height\":1152},{\"@type\":\"BreadcrumbList\",\"@id\":\"https:\\\/\\\/shop.bantam.ch\\\/fr\\\/produit\\\/la-poubelle-seffondre-avec-le-tri-des-dechets\\\/#breadcrumb\",\"itemListElement\":[{\"@type\":\"ListItem\",\"position\":1,\"name\":\"Accueil\",\"item\":\"https:\\\/\\\/shop.bantam.ch\\\/fr\\\/\"},{\"@type\":\"ListItem\",\"position\":2,\"name\":\"Boutique\",\"item\":\"https:\\\/\\\/shop.bantam.ch\\\/fr\\\/boutique\\\/\"},{\"@type\":\"ListItem\",\"position\":3,\"name\":\"Poubelle Outwell Collaps avec tri s\u00e9lectif shadow green\"}]},{\"@type\":\"WebSite\",\"@id\":\"https:\\\/\\\/shop.bantam.ch\\\/fr\\\/#website\",\"url\":\"https:\\\/\\\/shop.bantam.ch\\\/fr\\\/\",\"name\":\"Bantam Wankm\u00fcller SA\",\"description\":\"\",\"publisher\":{\"@id\":\"https:\\\/\\\/shop.bantam.ch\\\/fr\\\/#organization\"},\"inLanguage\":\"fr-FR\"},{\"@type\":\"Organization\",\"@id\":\"https:\\\/\\\/shop.bantam.ch\\\/fr\\\/#organization\",\"name\":\"Bantam Wankm\u00fcller SA\",\"url\":\"https:\\\/\\\/shop.bantam.ch\\\/fr\\\/\",\"logo\":{\"@type\":\"ImageObject\",\"inLanguage\":\"fr-FR\",\"@id\":\"https:\\\/\\\/shop.bantam.ch\\\/fr\\\/#\\\/schema\\\/logo\\\/image\\\/\",\"url\":\"https:\\\/\\\/shop.bantam.ch\\\/wp-content\\\/uploads\\\/2022\\\/12\\\/bantam-logo.png\",\"contentUrl\":\"https:\\\/\\\/shop.bantam.ch\\\/wp-content\\\/uploads\\\/2022\\\/12\\\/bantam-logo.png\",\"width\":320,\"height\":71,\"caption\":\"Bantam Wankm\u00fcller SA\"},\"image\":{\"@id\":\"https:\\\/\\\/shop.bantam.ch\\\/fr\\\/#\\\/schema\\\/logo\\\/image\\\/\"}}]}<\/script>\n<!-- \/ Yoast SEO plugin. -->","yoast_head_json":{"title":"Poubelle Outwell Collaps avec tri s\u00e9lectif shadow green - Bantam Wankm\u00fcller SA","robots":{"index":"index","follow":"follow","max-snippet":"max-snippet:-1","max-image-preview":"max-image-preview:large","max-video-preview":"max-video-preview:-1"},"canonical":"https:\/\/shop.bantam.ch\/fr\/produit\/la-poubelle-seffondre-avec-le-tri-des-dechets\/","og_locale":"fr_FR","og_type":"article","og_title":"Poubelle Outwell Collaps avec tri s\u00e9lectif shadow green - Bantam Wankm\u00fcller SA","og_description":"La poubelle RecycleIt Collaps \u00e0 deux compartiments avec couvercle permet de trier les d\u00e9chets dans des sacs pour plus de commodit\u00e9 tout en luttant contre les odeurs et les insectes. Retirez le couvercle et le rebord pour l&rsquo;utiliser comme panier ou repliez-le pour \u00e9conomiser de l&rsquo;espace lorsqu&rsquo;il n&rsquo;est pas utilis\u00e9. rangement compact S\u2019ouvre et se [&hellip;]","og_url":"https:\/\/shop.bantam.ch\/fr\/produit\/la-poubelle-seffondre-avec-le-tri-des-dechets\/","og_site_name":"Bantam Wankm\u00fcller SA","article_modified_time":"2026-04-17T19:51:06+00:00","og_image":[{"width":5562,"height":3128,"url":"https:\/\/shop.bantam.ch\/wp-content\/uploads\/2023\/03\/998468812-scaled.jpg","type":"image\/jpeg"}],"twitter_card":"summary_large_image","twitter_misc":{"Dur\u00e9e de lecture estim\u00e9e":"1 minute"},"schema":{"@context":"https:\/\/schema.org","@graph":[{"@type":"WebPage","@id":"https:\/\/shop.bantam.ch\/fr\/produit\/la-poubelle-seffondre-avec-le-tri-des-dechets\/","url":"https:\/\/shop.bantam.ch\/fr\/produit\/la-poubelle-seffondre-avec-le-tri-des-dechets\/","name":"Poubelle Outwell Collaps avec tri s\u00e9lectif shadow green - Bantam Wankm\u00fcller SA","isPartOf":{"@id":"https:\/\/shop.bantam.ch\/fr\/#website"},"primaryImageOfPage":{"@id":"https:\/\/shop.bantam.ch\/fr\/produit\/la-poubelle-seffondre-avec-le-tri-des-dechets\/#primaryimage"},"image":{"@id":"https:\/\/shop.bantam.ch\/fr\/produit\/la-poubelle-seffondre-avec-le-tri-des-dechets\/#primaryimage"},"thumbnailUrl":"https:\/\/shop.bantam.ch\/wp-content\/uploads\/2023\/03\/998468812-scaled.jpg","datePublished":"2023-02-28T23:44:42+00:00","dateModified":"2026-04-17T19:51:06+00:00","breadcrumb":{"@id":"https:\/\/shop.bantam.ch\/fr\/produit\/la-poubelle-seffondre-avec-le-tri-des-dechets\/#breadcrumb"},"inLanguage":"fr-FR","potentialAction":[{"@type":"ReadAction","target":["https:\/\/shop.bantam.ch\/fr\/produit\/la-poubelle-seffondre-avec-le-tri-des-dechets\/"]}]},{"@type":"ImageObject","inLanguage":"fr-FR","@id":"https:\/\/shop.bantam.ch\/fr\/produit\/la-poubelle-seffondre-avec-le-tri-des-dechets\/#primaryimage","url":"https:\/\/shop.bantam.ch\/wp-content\/uploads\/2023\/03\/998468812-scaled.jpg","contentUrl":"https:\/\/shop.bantam.ch\/wp-content\/uploads\/2023\/03\/998468812-scaled.jpg","width":2048,"height":1152},{"@type":"BreadcrumbList","@id":"https:\/\/shop.bantam.ch\/fr\/produit\/la-poubelle-seffondre-avec-le-tri-des-dechets\/#breadcrumb","itemListElement":[{"@type":"ListItem","position":1,"name":"Accueil","item":"https:\/\/shop.bantam.ch\/fr\/"},{"@type":"ListItem","position":2,"name":"Boutique","item":"https:\/\/shop.bantam.ch\/fr\/boutique\/"},{"@type":"ListItem","position":3,"name":"Poubelle Outwell Collaps avec tri s\u00e9lectif shadow green"}]},{"@type":"WebSite","@id":"https:\/\/shop.bantam.ch\/fr\/#website","url":"https:\/\/shop.bantam.ch\/fr\/","name":"Bantam Wankm\u00fcller SA","description":"","publisher":{"@id":"https:\/\/shop.bantam.ch\/fr\/#organization"},"inLanguage":"fr-FR"},{"@type":"Organization","@id":"https:\/\/shop.bantam.ch\/fr\/#organization","name":"Bantam Wankm\u00fcller SA","url":"https:\/\/shop.bantam.ch\/fr\/","logo":{"@type":"ImageObject","inLanguage":"fr-FR","@id":"https:\/\/shop.bantam.ch\/fr\/#\/schema\/logo\/image\/","url":"https:\/\/shop.bantam.ch\/wp-content\/uploads\/2022\/12\/bantam-logo.png","contentUrl":"https:\/\/shop.bantam.ch\/wp-content\/uploads\/2022\/12\/bantam-logo.png","width":320,"height":71,"caption":"Bantam Wankm\u00fcller SA"},"image":{"@id":"https:\/\/shop.bantam.ch\/fr\/#\/schema\/logo\/image\/"}}]}},"_links":{"self":[{"href":"https:\/\/shop.bantam.ch\/fr\/wp-json\/wp\/v2\/product\/124728","targetHints":{"allow":["GET"]}}],"collection":[{"href":"https:\/\/shop.bantam.ch\/fr\/wp-json\/wp\/v2\/product"}],"about":[{"href":"https:\/\/shop.bantam.ch\/fr\/wp-json\/wp\/v2\/types\/product"}],"wp:featuredmedia":[{"embeddable":true,"href":"https:\/\/shop.bantam.ch\/fr\/wp-json\/wp\/v2\/media\/124718"}],"wp:attachment":[{"href":"https:\/\/shop.bantam.ch\/fr\/wp-json\/wp\/v2\/media?parent=124728"}],"wp:term":[{"taxonomy":"product_featured_cat","embeddable":true,"href":"https:\/\/shop.bantam.ch\/fr\/wp-json\/wp\/v2\/product_featured_cat?post=124728"},{"taxonomy":"product_brand","embeddable":true,"href":"https:\/\/shop.bantam.ch\/fr\/wp-json\/wp\/v2\/product_brand?post=124728"},{"taxonomy":"product_cat","embeddable":true,"href":"https:\/\/shop.bantam.ch\/fr\/wp-json\/wp\/v2\/product_cat?post=124728"},{"taxonomy":"product_tag","embeddable":true,"href":"https:\/\/shop.bantam.ch\/fr\/wp-json\/wp\/v2\/product_tag?post=124728"}],"curies":[{"name":"wp","href":"https:\/\/api.w.org\/{rel}","templated":true}]}}