{"id":124716,"date":"2023-03-01T00:44:36","date_gmt":"2023-02-28T23:44:36","guid":{"rendered":"https:\/\/shop.bantam.ch\/produit\/matelas-gonflable-classic-king-noir-et-gris\/"},"modified":"2026-04-20T21:52:29","modified_gmt":"2026-04-20T19:52:29","slug":"matelas-gonflable-classic-king-noir-et-gris","status":"publish","type":"product","link":"https:\/\/shop.bantam.ch\/fr\/produit\/matelas-gonflable-classic-king-noir-et-gris\/","title":{"rendered":"Matelas gonflable Outwell Classic King gris et noir"},"content":{"rendered":"<p>Ce lit gonflable tr\u00e8s pris\u00e9 est fabriqu\u00e9 en PVC durable de haute qualit\u00e9 avec une surface de couchage en velours doux. La valve \u00e0 double \u00e9tanch\u00e9it\u00e9 permet un gonflage et un d\u00e9gonflage faciles du lit gonflable. Ce lit gonflable ravira tous ceux qui appr\u00e9cient le vrai confort de couchage. Double valve facile \u00e0 utiliser.<\/p>\n<p>Mat\u00e9riau\u00a0:<br \/>100 % PVC<\/p>\n","protected":false},"excerpt":{"rendered":"<p>Ce lit gonflable tr\u00e8s pris\u00e9 est fabriqu\u00e9 en PVC durable de haute qualit\u00e9 avec une surface de couchage en velours doux. La valve \u00e0 double \u00e9tanch\u00e9it\u00e9 permet un gonflage et un d\u00e9gonflage faciles du lit gonflable. Ce lit gonflable ravira tous ceux qui appr\u00e9cient le vrai confort de couchage. Double valve facile \u00e0 utiliser. Mat\u00e9riau\u00a0:100 [&hellip;]<\/p>\n","protected":false},"featured_media":124708,"template":"","meta":{"_acf_changed":false},"product_featured_cat":[],"product_brand":[3296],"product_cat":[4353],"product_tag":[],"class_list":{"0":"post-124716","1":"product","2":"type-product","3":"status-publish","4":"has-post-thumbnail","6":"product_brand-outwell","7":"product_cat-lits-et-matelas-gonflables","9":"first","10":"instock","11":"taxable","12":"shipping-taxable","13":"purchasable","14":"product-type-simple"},"acf":[],"yoast_head":"<!-- This site is optimized with the Yoast SEO plugin v27.4 - https:\/\/yoast.com\/product\/yoast-seo-wordpress\/ -->\n<title>Matelas gonflable Outwell Classic King gris et noir - Bantam Wankm\u00fcller SA<\/title>\n<meta name=\"robots\" content=\"index, follow, max-snippet:-1, max-image-preview:large, max-video-preview:-1\" \/>\n<link rel=\"canonical\" href=\"https:\/\/shop.bantam.ch\/fr\/produit\/matelas-gonflable-classic-king-noir-et-gris\/\" \/>\n<meta property=\"og:locale\" content=\"fr_FR\" \/>\n<meta property=\"og:type\" content=\"article\" \/>\n<meta property=\"og:title\" content=\"Matelas gonflable Outwell Classic King gris et noir - Bantam Wankm\u00fcller SA\" \/>\n<meta property=\"og:description\" content=\"Ce lit gonflable tr\u00e8s pris\u00e9 est fabriqu\u00e9 en PVC durable de haute qualit\u00e9 avec une surface de couchage en velours doux. La valve \u00e0 double \u00e9tanch\u00e9it\u00e9 permet un gonflage et un d\u00e9gonflage faciles du lit gonflable. Ce lit gonflable ravira tous ceux qui appr\u00e9cient le vrai confort de couchage. Double valve facile \u00e0 utiliser. Mat\u00e9riau\u00a0:100 [&hellip;]\" \/>\n<meta property=\"og:url\" content=\"https:\/\/shop.bantam.ch\/fr\/produit\/matelas-gonflable-classic-king-noir-et-gris\/\" \/>\n<meta property=\"og:site_name\" content=\"Bantam Wankm\u00fcller SA\" \/>\n<meta property=\"article:modified_time\" content=\"2026-04-20T19:52:29+00:00\" \/>\n<meta property=\"og:image\" content=\"https:\/\/shop.bantam.ch\/wp-content\/uploads\/2023\/03\/996157911.jpg\" \/>\n\t<meta property=\"og:image:width\" content=\"1000\" \/>\n\t<meta property=\"og:image:height\" content=\"691\" \/>\n\t<meta property=\"og:image:type\" content=\"image\/jpeg\" \/>\n<meta name=\"twitter:card\" content=\"summary_large_image\" \/>\n<script type=\"application\/ld+json\" class=\"yoast-schema-graph\">{\"@context\":\"https:\\\/\\\/schema.org\",\"@graph\":[{\"@type\":\"WebPage\",\"@id\":\"https:\\\/\\\/shop.bantam.ch\\\/fr\\\/produit\\\/matelas-gonflable-classic-king-noir-et-gris\\\/\",\"url\":\"https:\\\/\\\/shop.bantam.ch\\\/fr\\\/produit\\\/matelas-gonflable-classic-king-noir-et-gris\\\/\",\"name\":\"Matelas gonflable Outwell Classic King gris et noir - Bantam Wankm\u00fcller SA\",\"isPartOf\":{\"@id\":\"https:\\\/\\\/shop.bantam.ch\\\/fr\\\/#website\"},\"primaryImageOfPage\":{\"@id\":\"https:\\\/\\\/shop.bantam.ch\\\/fr\\\/produit\\\/matelas-gonflable-classic-king-noir-et-gris\\\/#primaryimage\"},\"image\":{\"@id\":\"https:\\\/\\\/shop.bantam.ch\\\/fr\\\/produit\\\/matelas-gonflable-classic-king-noir-et-gris\\\/#primaryimage\"},\"thumbnailUrl\":\"https:\\\/\\\/shop.bantam.ch\\\/wp-content\\\/uploads\\\/2023\\\/03\\\/996157911.jpg\",\"datePublished\":\"2023-02-28T23:44:36+00:00\",\"dateModified\":\"2026-04-20T19:52:29+00:00\",\"breadcrumb\":{\"@id\":\"https:\\\/\\\/shop.bantam.ch\\\/fr\\\/produit\\\/matelas-gonflable-classic-king-noir-et-gris\\\/#breadcrumb\"},\"inLanguage\":\"fr-FR\",\"potentialAction\":[{\"@type\":\"ReadAction\",\"target\":[\"https:\\\/\\\/shop.bantam.ch\\\/fr\\\/produit\\\/matelas-gonflable-classic-king-noir-et-gris\\\/\"]}]},{\"@type\":\"ImageObject\",\"inLanguage\":\"fr-FR\",\"@id\":\"https:\\\/\\\/shop.bantam.ch\\\/fr\\\/produit\\\/matelas-gonflable-classic-king-noir-et-gris\\\/#primaryimage\",\"url\":\"https:\\\/\\\/shop.bantam.ch\\\/wp-content\\\/uploads\\\/2023\\\/03\\\/996157911.jpg\",\"contentUrl\":\"https:\\\/\\\/shop.bantam.ch\\\/wp-content\\\/uploads\\\/2023\\\/03\\\/996157911.jpg\",\"width\":1000,\"height\":691},{\"@type\":\"BreadcrumbList\",\"@id\":\"https:\\\/\\\/shop.bantam.ch\\\/fr\\\/produit\\\/matelas-gonflable-classic-king-noir-et-gris\\\/#breadcrumb\",\"itemListElement\":[{\"@type\":\"ListItem\",\"position\":1,\"name\":\"Accueil\",\"item\":\"https:\\\/\\\/shop.bantam.ch\\\/fr\\\/\"},{\"@type\":\"ListItem\",\"position\":2,\"name\":\"Boutique\",\"item\":\"https:\\\/\\\/shop.bantam.ch\\\/fr\\\/boutique\\\/\"},{\"@type\":\"ListItem\",\"position\":3,\"name\":\"Matelas gonflable Outwell Classic King gris et noir\"}]},{\"@type\":\"WebSite\",\"@id\":\"https:\\\/\\\/shop.bantam.ch\\\/fr\\\/#website\",\"url\":\"https:\\\/\\\/shop.bantam.ch\\\/fr\\\/\",\"name\":\"Bantam Wankm\u00fcller SA\",\"description\":\"\",\"publisher\":{\"@id\":\"https:\\\/\\\/shop.bantam.ch\\\/fr\\\/#organization\"},\"inLanguage\":\"fr-FR\"},{\"@type\":\"Organization\",\"@id\":\"https:\\\/\\\/shop.bantam.ch\\\/fr\\\/#organization\",\"name\":\"Bantam Wankm\u00fcller SA\",\"url\":\"https:\\\/\\\/shop.bantam.ch\\\/fr\\\/\",\"logo\":{\"@type\":\"ImageObject\",\"inLanguage\":\"fr-FR\",\"@id\":\"https:\\\/\\\/shop.bantam.ch\\\/fr\\\/#\\\/schema\\\/logo\\\/image\\\/\",\"url\":\"https:\\\/\\\/shop.bantam.ch\\\/wp-content\\\/uploads\\\/2022\\\/12\\\/bantam-logo.png\",\"contentUrl\":\"https:\\\/\\\/shop.bantam.ch\\\/wp-content\\\/uploads\\\/2022\\\/12\\\/bantam-logo.png\",\"width\":320,\"height\":71,\"caption\":\"Bantam Wankm\u00fcller SA\"},\"image\":{\"@id\":\"https:\\\/\\\/shop.bantam.ch\\\/fr\\\/#\\\/schema\\\/logo\\\/image\\\/\"}}]}<\/script>\n<!-- \/ Yoast SEO plugin. -->","yoast_head_json":{"title":"Matelas gonflable Outwell Classic King gris et noir - Bantam Wankm\u00fcller SA","robots":{"index":"index","follow":"follow","max-snippet":"max-snippet:-1","max-image-preview":"max-image-preview:large","max-video-preview":"max-video-preview:-1"},"canonical":"https:\/\/shop.bantam.ch\/fr\/produit\/matelas-gonflable-classic-king-noir-et-gris\/","og_locale":"fr_FR","og_type":"article","og_title":"Matelas gonflable Outwell Classic King gris et noir - Bantam Wankm\u00fcller SA","og_description":"Ce lit gonflable tr\u00e8s pris\u00e9 est fabriqu\u00e9 en PVC durable de haute qualit\u00e9 avec une surface de couchage en velours doux. La valve \u00e0 double \u00e9tanch\u00e9it\u00e9 permet un gonflage et un d\u00e9gonflage faciles du lit gonflable. Ce lit gonflable ravira tous ceux qui appr\u00e9cient le vrai confort de couchage. Double valve facile \u00e0 utiliser. Mat\u00e9riau\u00a0:100 [&hellip;]","og_url":"https:\/\/shop.bantam.ch\/fr\/produit\/matelas-gonflable-classic-king-noir-et-gris\/","og_site_name":"Bantam Wankm\u00fcller SA","article_modified_time":"2026-04-20T19:52:29+00:00","og_image":[{"width":1000,"height":691,"url":"https:\/\/shop.bantam.ch\/wp-content\/uploads\/2023\/03\/996157911.jpg","type":"image\/jpeg"}],"twitter_card":"summary_large_image","schema":{"@context":"https:\/\/schema.org","@graph":[{"@type":"WebPage","@id":"https:\/\/shop.bantam.ch\/fr\/produit\/matelas-gonflable-classic-king-noir-et-gris\/","url":"https:\/\/shop.bantam.ch\/fr\/produit\/matelas-gonflable-classic-king-noir-et-gris\/","name":"Matelas gonflable Outwell Classic King gris et noir - Bantam Wankm\u00fcller SA","isPartOf":{"@id":"https:\/\/shop.bantam.ch\/fr\/#website"},"primaryImageOfPage":{"@id":"https:\/\/shop.bantam.ch\/fr\/produit\/matelas-gonflable-classic-king-noir-et-gris\/#primaryimage"},"image":{"@id":"https:\/\/shop.bantam.ch\/fr\/produit\/matelas-gonflable-classic-king-noir-et-gris\/#primaryimage"},"thumbnailUrl":"https:\/\/shop.bantam.ch\/wp-content\/uploads\/2023\/03\/996157911.jpg","datePublished":"2023-02-28T23:44:36+00:00","dateModified":"2026-04-20T19:52:29+00:00","breadcrumb":{"@id":"https:\/\/shop.bantam.ch\/fr\/produit\/matelas-gonflable-classic-king-noir-et-gris\/#breadcrumb"},"inLanguage":"fr-FR","potentialAction":[{"@type":"ReadAction","target":["https:\/\/shop.bantam.ch\/fr\/produit\/matelas-gonflable-classic-king-noir-et-gris\/"]}]},{"@type":"ImageObject","inLanguage":"fr-FR","@id":"https:\/\/shop.bantam.ch\/fr\/produit\/matelas-gonflable-classic-king-noir-et-gris\/#primaryimage","url":"https:\/\/shop.bantam.ch\/wp-content\/uploads\/2023\/03\/996157911.jpg","contentUrl":"https:\/\/shop.bantam.ch\/wp-content\/uploads\/2023\/03\/996157911.jpg","width":1000,"height":691},{"@type":"BreadcrumbList","@id":"https:\/\/shop.bantam.ch\/fr\/produit\/matelas-gonflable-classic-king-noir-et-gris\/#breadcrumb","itemListElement":[{"@type":"ListItem","position":1,"name":"Accueil","item":"https:\/\/shop.bantam.ch\/fr\/"},{"@type":"ListItem","position":2,"name":"Boutique","item":"https:\/\/shop.bantam.ch\/fr\/boutique\/"},{"@type":"ListItem","position":3,"name":"Matelas gonflable Outwell Classic King gris et noir"}]},{"@type":"WebSite","@id":"https:\/\/shop.bantam.ch\/fr\/#website","url":"https:\/\/shop.bantam.ch\/fr\/","name":"Bantam Wankm\u00fcller SA","description":"","publisher":{"@id":"https:\/\/shop.bantam.ch\/fr\/#organization"},"inLanguage":"fr-FR"},{"@type":"Organization","@id":"https:\/\/shop.bantam.ch\/fr\/#organization","name":"Bantam Wankm\u00fcller SA","url":"https:\/\/shop.bantam.ch\/fr\/","logo":{"@type":"ImageObject","inLanguage":"fr-FR","@id":"https:\/\/shop.bantam.ch\/fr\/#\/schema\/logo\/image\/","url":"https:\/\/shop.bantam.ch\/wp-content\/uploads\/2022\/12\/bantam-logo.png","contentUrl":"https:\/\/shop.bantam.ch\/wp-content\/uploads\/2022\/12\/bantam-logo.png","width":320,"height":71,"caption":"Bantam Wankm\u00fcller SA"},"image":{"@id":"https:\/\/shop.bantam.ch\/fr\/#\/schema\/logo\/image\/"}}]}},"_links":{"self":[{"href":"https:\/\/shop.bantam.ch\/fr\/wp-json\/wp\/v2\/product\/124716","targetHints":{"allow":["GET"]}}],"collection":[{"href":"https:\/\/shop.bantam.ch\/fr\/wp-json\/wp\/v2\/product"}],"about":[{"href":"https:\/\/shop.bantam.ch\/fr\/wp-json\/wp\/v2\/types\/product"}],"wp:featuredmedia":[{"embeddable":true,"href":"https:\/\/shop.bantam.ch\/fr\/wp-json\/wp\/v2\/media\/124708"}],"wp:attachment":[{"href":"https:\/\/shop.bantam.ch\/fr\/wp-json\/wp\/v2\/media?parent=124716"}],"wp:term":[{"taxonomy":"product_featured_cat","embeddable":true,"href":"https:\/\/shop.bantam.ch\/fr\/wp-json\/wp\/v2\/product_featured_cat?post=124716"},{"taxonomy":"product_brand","embeddable":true,"href":"https:\/\/shop.bantam.ch\/fr\/wp-json\/wp\/v2\/product_brand?post=124716"},{"taxonomy":"product_cat","embeddable":true,"href":"https:\/\/shop.bantam.ch\/fr\/wp-json\/wp\/v2\/product_cat?post=124716"},{"taxonomy":"product_tag","embeddable":true,"href":"https:\/\/shop.bantam.ch\/fr\/wp-json\/wp\/v2\/product_tag?post=124716"}],"curies":[{"name":"wp","href":"https:\/\/api.w.org\/{rel}","templated":true}]}}