{"id":124706,"date":"2023-03-01T00:44:30","date_gmt":"2023-02-28T23:44:30","guid":{"rendered":"https:\/\/shop.bantam.ch\/produit\/matelas-gonflable-classic-single-avec-oreiller-et-pompe-noir-et-gris\/"},"modified":"2026-04-20T21:52:28","modified_gmt":"2026-04-20T19:52:28","slug":"matelas-gonflable-classic-single-avec-oreiller-et-pompe-noir-et-gris","status":"publish","type":"product","link":"https:\/\/shop.bantam.ch\/fr\/produit\/matelas-gonflable-classic-single-avec-oreiller-et-pompe-noir-et-gris\/","title":{"rendered":"Matelas gonflable Outwell Classic Single avec Coussin et pompe gris et noir"},"content":{"rendered":"<p>Le mod\u00e8le phare de la gamme Flock Classic int\u00e8gre non seulement une pompe \u00e0 pied, mais aussi une zone d&rsquo;oreiller sur\u00e9lev\u00e9e qui s&rsquo;\u00e9tend sur toute la largeur de la t\u00eate de lit. Ce lit gonflable pratique en PVC durable de haute qualit\u00e9 avec une surface en velours doux offre un confort maximal et garantit un sommeil r\u00e9parateur. Double valve facile \u00e0 utiliser.<\/p>\n<p>Mat\u00e9riau\u00a0:<br \/>100 % PVC<\/p>\n","protected":false},"excerpt":{"rendered":"<p>Le mod\u00e8le phare de la gamme Flock Classic int\u00e8gre non seulement une pompe \u00e0 pied, mais aussi une zone d&rsquo;oreiller sur\u00e9lev\u00e9e qui s&rsquo;\u00e9tend sur toute la largeur de la t\u00eate de lit. Ce lit gonflable pratique en PVC durable de haute qualit\u00e9 avec une surface en velours doux offre un confort maximal et garantit un [&hellip;]<\/p>\n","protected":false},"featured_media":124696,"template":"","meta":{"_acf_changed":false},"product_featured_cat":[],"product_brand":[3296],"product_cat":[4353],"product_tag":[],"class_list":{"0":"post-124706","1":"product","2":"type-product","3":"status-publish","4":"has-post-thumbnail","6":"product_brand-outwell","7":"product_cat-lits-et-matelas-gonflables","9":"first","10":"instock","11":"taxable","12":"shipping-taxable","13":"purchasable","14":"product-type-simple"},"acf":[],"yoast_head":"<!-- This site is optimized with the Yoast SEO plugin v27.4 - https:\/\/yoast.com\/product\/yoast-seo-wordpress\/ -->\n<title>Matelas gonflable Outwell Classic Single avec Coussin et pompe gris et noir - Bantam Wankm\u00fcller SA<\/title>\n<meta name=\"robots\" content=\"index, follow, max-snippet:-1, max-image-preview:large, max-video-preview:-1\" \/>\n<link rel=\"canonical\" href=\"https:\/\/shop.bantam.ch\/fr\/produit\/matelas-gonflable-classic-single-avec-oreiller-et-pompe-noir-et-gris\/\" \/>\n<meta property=\"og:locale\" content=\"fr_FR\" \/>\n<meta property=\"og:type\" content=\"article\" \/>\n<meta property=\"og:title\" content=\"Matelas gonflable Outwell Classic Single avec Coussin et pompe gris et noir - Bantam Wankm\u00fcller SA\" \/>\n<meta property=\"og:description\" content=\"Le mod\u00e8le phare de la gamme Flock Classic int\u00e8gre non seulement une pompe \u00e0 pied, mais aussi une zone d&rsquo;oreiller sur\u00e9lev\u00e9e qui s&rsquo;\u00e9tend sur toute la largeur de la t\u00eate de lit. Ce lit gonflable pratique en PVC durable de haute qualit\u00e9 avec une surface en velours doux offre un confort maximal et garantit un [&hellip;]\" \/>\n<meta property=\"og:url\" content=\"https:\/\/shop.bantam.ch\/fr\/produit\/matelas-gonflable-classic-single-avec-oreiller-et-pompe-noir-et-gris\/\" \/>\n<meta property=\"og:site_name\" content=\"Bantam Wankm\u00fcller SA\" \/>\n<meta property=\"article:modified_time\" content=\"2026-04-20T19:52:28+00:00\" \/>\n<meta property=\"og:image\" content=\"https:\/\/shop.bantam.ch\/wp-content\/uploads\/2023\/03\/996157811.jpg\" \/>\n\t<meta property=\"og:image:width\" content=\"976\" \/>\n\t<meta property=\"og:image:height\" content=\"1000\" \/>\n\t<meta property=\"og:image:type\" content=\"image\/jpeg\" \/>\n<meta name=\"twitter:card\" content=\"summary_large_image\" \/>\n<script type=\"application\/ld+json\" class=\"yoast-schema-graph\">{\"@context\":\"https:\\\/\\\/schema.org\",\"@graph\":[{\"@type\":\"WebPage\",\"@id\":\"https:\\\/\\\/shop.bantam.ch\\\/fr\\\/produit\\\/matelas-gonflable-classic-single-avec-oreiller-et-pompe-noir-et-gris\\\/\",\"url\":\"https:\\\/\\\/shop.bantam.ch\\\/fr\\\/produit\\\/matelas-gonflable-classic-single-avec-oreiller-et-pompe-noir-et-gris\\\/\",\"name\":\"Matelas gonflable Outwell Classic Single avec Coussin et pompe gris et noir - Bantam Wankm\u00fcller SA\",\"isPartOf\":{\"@id\":\"https:\\\/\\\/shop.bantam.ch\\\/fr\\\/#website\"},\"primaryImageOfPage\":{\"@id\":\"https:\\\/\\\/shop.bantam.ch\\\/fr\\\/produit\\\/matelas-gonflable-classic-single-avec-oreiller-et-pompe-noir-et-gris\\\/#primaryimage\"},\"image\":{\"@id\":\"https:\\\/\\\/shop.bantam.ch\\\/fr\\\/produit\\\/matelas-gonflable-classic-single-avec-oreiller-et-pompe-noir-et-gris\\\/#primaryimage\"},\"thumbnailUrl\":\"https:\\\/\\\/shop.bantam.ch\\\/wp-content\\\/uploads\\\/2023\\\/03\\\/996157811.jpg\",\"datePublished\":\"2023-02-28T23:44:30+00:00\",\"dateModified\":\"2026-04-20T19:52:28+00:00\",\"breadcrumb\":{\"@id\":\"https:\\\/\\\/shop.bantam.ch\\\/fr\\\/produit\\\/matelas-gonflable-classic-single-avec-oreiller-et-pompe-noir-et-gris\\\/#breadcrumb\"},\"inLanguage\":\"fr-FR\",\"potentialAction\":[{\"@type\":\"ReadAction\",\"target\":[\"https:\\\/\\\/shop.bantam.ch\\\/fr\\\/produit\\\/matelas-gonflable-classic-single-avec-oreiller-et-pompe-noir-et-gris\\\/\"]}]},{\"@type\":\"ImageObject\",\"inLanguage\":\"fr-FR\",\"@id\":\"https:\\\/\\\/shop.bantam.ch\\\/fr\\\/produit\\\/matelas-gonflable-classic-single-avec-oreiller-et-pompe-noir-et-gris\\\/#primaryimage\",\"url\":\"https:\\\/\\\/shop.bantam.ch\\\/wp-content\\\/uploads\\\/2023\\\/03\\\/996157811.jpg\",\"contentUrl\":\"https:\\\/\\\/shop.bantam.ch\\\/wp-content\\\/uploads\\\/2023\\\/03\\\/996157811.jpg\",\"width\":976,\"height\":1000},{\"@type\":\"BreadcrumbList\",\"@id\":\"https:\\\/\\\/shop.bantam.ch\\\/fr\\\/produit\\\/matelas-gonflable-classic-single-avec-oreiller-et-pompe-noir-et-gris\\\/#breadcrumb\",\"itemListElement\":[{\"@type\":\"ListItem\",\"position\":1,\"name\":\"Accueil\",\"item\":\"https:\\\/\\\/shop.bantam.ch\\\/fr\\\/\"},{\"@type\":\"ListItem\",\"position\":2,\"name\":\"Boutique\",\"item\":\"https:\\\/\\\/shop.bantam.ch\\\/fr\\\/boutique\\\/\"},{\"@type\":\"ListItem\",\"position\":3,\"name\":\"Matelas gonflable Outwell Classic Single avec Coussin et pompe gris et noir\"}]},{\"@type\":\"WebSite\",\"@id\":\"https:\\\/\\\/shop.bantam.ch\\\/fr\\\/#website\",\"url\":\"https:\\\/\\\/shop.bantam.ch\\\/fr\\\/\",\"name\":\"Bantam Wankm\u00fcller SA\",\"description\":\"\",\"publisher\":{\"@id\":\"https:\\\/\\\/shop.bantam.ch\\\/fr\\\/#organization\"},\"inLanguage\":\"fr-FR\"},{\"@type\":\"Organization\",\"@id\":\"https:\\\/\\\/shop.bantam.ch\\\/fr\\\/#organization\",\"name\":\"Bantam Wankm\u00fcller SA\",\"url\":\"https:\\\/\\\/shop.bantam.ch\\\/fr\\\/\",\"logo\":{\"@type\":\"ImageObject\",\"inLanguage\":\"fr-FR\",\"@id\":\"https:\\\/\\\/shop.bantam.ch\\\/fr\\\/#\\\/schema\\\/logo\\\/image\\\/\",\"url\":\"https:\\\/\\\/shop.bantam.ch\\\/wp-content\\\/uploads\\\/2022\\\/12\\\/bantam-logo.png\",\"contentUrl\":\"https:\\\/\\\/shop.bantam.ch\\\/wp-content\\\/uploads\\\/2022\\\/12\\\/bantam-logo.png\",\"width\":320,\"height\":71,\"caption\":\"Bantam Wankm\u00fcller SA\"},\"image\":{\"@id\":\"https:\\\/\\\/shop.bantam.ch\\\/fr\\\/#\\\/schema\\\/logo\\\/image\\\/\"}}]}<\/script>\n<!-- \/ Yoast SEO plugin. -->","yoast_head_json":{"title":"Matelas gonflable Outwell Classic Single avec Coussin et pompe gris et noir - Bantam Wankm\u00fcller SA","robots":{"index":"index","follow":"follow","max-snippet":"max-snippet:-1","max-image-preview":"max-image-preview:large","max-video-preview":"max-video-preview:-1"},"canonical":"https:\/\/shop.bantam.ch\/fr\/produit\/matelas-gonflable-classic-single-avec-oreiller-et-pompe-noir-et-gris\/","og_locale":"fr_FR","og_type":"article","og_title":"Matelas gonflable Outwell Classic Single avec Coussin et pompe gris et noir - Bantam Wankm\u00fcller SA","og_description":"Le mod\u00e8le phare de la gamme Flock Classic int\u00e8gre non seulement une pompe \u00e0 pied, mais aussi une zone d&rsquo;oreiller sur\u00e9lev\u00e9e qui s&rsquo;\u00e9tend sur toute la largeur de la t\u00eate de lit. Ce lit gonflable pratique en PVC durable de haute qualit\u00e9 avec une surface en velours doux offre un confort maximal et garantit un [&hellip;]","og_url":"https:\/\/shop.bantam.ch\/fr\/produit\/matelas-gonflable-classic-single-avec-oreiller-et-pompe-noir-et-gris\/","og_site_name":"Bantam Wankm\u00fcller SA","article_modified_time":"2026-04-20T19:52:28+00:00","og_image":[{"width":976,"height":1000,"url":"https:\/\/shop.bantam.ch\/wp-content\/uploads\/2023\/03\/996157811.jpg","type":"image\/jpeg"}],"twitter_card":"summary_large_image","schema":{"@context":"https:\/\/schema.org","@graph":[{"@type":"WebPage","@id":"https:\/\/shop.bantam.ch\/fr\/produit\/matelas-gonflable-classic-single-avec-oreiller-et-pompe-noir-et-gris\/","url":"https:\/\/shop.bantam.ch\/fr\/produit\/matelas-gonflable-classic-single-avec-oreiller-et-pompe-noir-et-gris\/","name":"Matelas gonflable Outwell Classic Single avec Coussin et pompe gris et noir - Bantam Wankm\u00fcller SA","isPartOf":{"@id":"https:\/\/shop.bantam.ch\/fr\/#website"},"primaryImageOfPage":{"@id":"https:\/\/shop.bantam.ch\/fr\/produit\/matelas-gonflable-classic-single-avec-oreiller-et-pompe-noir-et-gris\/#primaryimage"},"image":{"@id":"https:\/\/shop.bantam.ch\/fr\/produit\/matelas-gonflable-classic-single-avec-oreiller-et-pompe-noir-et-gris\/#primaryimage"},"thumbnailUrl":"https:\/\/shop.bantam.ch\/wp-content\/uploads\/2023\/03\/996157811.jpg","datePublished":"2023-02-28T23:44:30+00:00","dateModified":"2026-04-20T19:52:28+00:00","breadcrumb":{"@id":"https:\/\/shop.bantam.ch\/fr\/produit\/matelas-gonflable-classic-single-avec-oreiller-et-pompe-noir-et-gris\/#breadcrumb"},"inLanguage":"fr-FR","potentialAction":[{"@type":"ReadAction","target":["https:\/\/shop.bantam.ch\/fr\/produit\/matelas-gonflable-classic-single-avec-oreiller-et-pompe-noir-et-gris\/"]}]},{"@type":"ImageObject","inLanguage":"fr-FR","@id":"https:\/\/shop.bantam.ch\/fr\/produit\/matelas-gonflable-classic-single-avec-oreiller-et-pompe-noir-et-gris\/#primaryimage","url":"https:\/\/shop.bantam.ch\/wp-content\/uploads\/2023\/03\/996157811.jpg","contentUrl":"https:\/\/shop.bantam.ch\/wp-content\/uploads\/2023\/03\/996157811.jpg","width":976,"height":1000},{"@type":"BreadcrumbList","@id":"https:\/\/shop.bantam.ch\/fr\/produit\/matelas-gonflable-classic-single-avec-oreiller-et-pompe-noir-et-gris\/#breadcrumb","itemListElement":[{"@type":"ListItem","position":1,"name":"Accueil","item":"https:\/\/shop.bantam.ch\/fr\/"},{"@type":"ListItem","position":2,"name":"Boutique","item":"https:\/\/shop.bantam.ch\/fr\/boutique\/"},{"@type":"ListItem","position":3,"name":"Matelas gonflable Outwell Classic Single avec Coussin et pompe gris et noir"}]},{"@type":"WebSite","@id":"https:\/\/shop.bantam.ch\/fr\/#website","url":"https:\/\/shop.bantam.ch\/fr\/","name":"Bantam Wankm\u00fcller SA","description":"","publisher":{"@id":"https:\/\/shop.bantam.ch\/fr\/#organization"},"inLanguage":"fr-FR"},{"@type":"Organization","@id":"https:\/\/shop.bantam.ch\/fr\/#organization","name":"Bantam Wankm\u00fcller SA","url":"https:\/\/shop.bantam.ch\/fr\/","logo":{"@type":"ImageObject","inLanguage":"fr-FR","@id":"https:\/\/shop.bantam.ch\/fr\/#\/schema\/logo\/image\/","url":"https:\/\/shop.bantam.ch\/wp-content\/uploads\/2022\/12\/bantam-logo.png","contentUrl":"https:\/\/shop.bantam.ch\/wp-content\/uploads\/2022\/12\/bantam-logo.png","width":320,"height":71,"caption":"Bantam Wankm\u00fcller SA"},"image":{"@id":"https:\/\/shop.bantam.ch\/fr\/#\/schema\/logo\/image\/"}}]}},"_links":{"self":[{"href":"https:\/\/shop.bantam.ch\/fr\/wp-json\/wp\/v2\/product\/124706","targetHints":{"allow":["GET"]}}],"collection":[{"href":"https:\/\/shop.bantam.ch\/fr\/wp-json\/wp\/v2\/product"}],"about":[{"href":"https:\/\/shop.bantam.ch\/fr\/wp-json\/wp\/v2\/types\/product"}],"wp:featuredmedia":[{"embeddable":true,"href":"https:\/\/shop.bantam.ch\/fr\/wp-json\/wp\/v2\/media\/124696"}],"wp:attachment":[{"href":"https:\/\/shop.bantam.ch\/fr\/wp-json\/wp\/v2\/media?parent=124706"}],"wp:term":[{"taxonomy":"product_featured_cat","embeddable":true,"href":"https:\/\/shop.bantam.ch\/fr\/wp-json\/wp\/v2\/product_featured_cat?post=124706"},{"taxonomy":"product_brand","embeddable":true,"href":"https:\/\/shop.bantam.ch\/fr\/wp-json\/wp\/v2\/product_brand?post=124706"},{"taxonomy":"product_cat","embeddable":true,"href":"https:\/\/shop.bantam.ch\/fr\/wp-json\/wp\/v2\/product_cat?post=124706"},{"taxonomy":"product_tag","embeddable":true,"href":"https:\/\/shop.bantam.ch\/fr\/wp-json\/wp\/v2\/product_tag?post=124706"}],"curies":[{"name":"wp","href":"https:\/\/api.w.org\/{rel}","templated":true}]}}