{"id":124598,"date":"2023-03-01T00:43:12","date_gmt":"2023-02-28T23:43:12","guid":{"rendered":"https:\/\/shop.bantam.ch\/produit\/matelas-de-camping-dreamcatcher-double-vert\/"},"modified":"2026-04-19T21:53:44","modified_gmt":"2026-04-19T19:53:44","slug":"matelas-de-camping-dreamcatcher-double-vert","status":"publish","type":"product","link":"https:\/\/shop.bantam.ch\/fr\/produit\/matelas-de-camping-dreamcatcher-double-vert\/","title":{"rendered":"Matelas de camping Outwell Matelas Dreamcatcher double vert"},"content":{"rendered":"<p>Disponibles en version simple ou double, les matelas de la gamme Dreamcatcher ont la taille parfaite pour les cabines de couchage d&rsquo;Outwell et sont \u00e9quip\u00e9s d&rsquo;une valve FHF (Flat High-Flow), qui permet un gonflage facile et un d\u00e9gonflage rapide. Le point commun de tous les mod\u00e8les est que le noyau en mousse poss\u00e8de une forme ondul\u00e9e ing\u00e9nieuse qui garantit \u00e0 la fois un grand confort de sommeil et r\u00e9duit l&rsquo;encombrement du matelas.<\/p>\n<ul>\n<li>Des doubles valves plates et performantes am\u00e9liorent la circulation de l&rsquo;air<\/li>\n<li>La mousse ondul\u00e9e offre un grand confort et r\u00e9duit le volume<\/li>\n<li>Les canaux d&rsquo;air horizontaux r\u00e9duisent le poids et l&rsquo;encombrement<\/li>\n<li>Sans PFC<\/li>\n<\/ul>\n<p>Mat\u00e9riau\u00a0:<br \/>Dessus et dessous\u00a0: 100 % polyester<\/p>\n<p>Contenu de la livraison :<br \/>Avec sac de transport<\/p>\n","protected":false},"excerpt":{"rendered":"<p>Disponibles en version simple ou double, les matelas de la gamme Dreamcatcher ont la taille parfaite pour les cabines de couchage d&rsquo;Outwell et sont \u00e9quip\u00e9s d&rsquo;une valve FHF (Flat High-Flow), qui permet un gonflage facile et un d\u00e9gonflage rapide. Le point commun de tous les mod\u00e8les est que le noyau en mousse poss\u00e8de une forme [&hellip;]<\/p>\n","protected":false},"featured_media":124592,"template":"","meta":{"_acf_changed":false},"product_featured_cat":[],"product_brand":[3296],"product_cat":[4355],"product_tag":[],"class_list":{"0":"post-124598","1":"product","2":"type-product","3":"status-publish","4":"has-post-thumbnail","6":"product_brand-outwell","7":"product_cat-tapis-isolants","9":"first","10":"instock","11":"taxable","12":"shipping-taxable","13":"purchasable","14":"product-type-simple"},"acf":[],"yoast_head":"<!-- This site is optimized with the Yoast SEO plugin v27.4 - https:\/\/yoast.com\/product\/yoast-seo-wordpress\/ -->\n<title>Matelas de camping Outwell Matelas Dreamcatcher double vert - Bantam Wankm\u00fcller SA<\/title>\n<meta name=\"robots\" content=\"index, follow, max-snippet:-1, max-image-preview:large, max-video-preview:-1\" \/>\n<link rel=\"canonical\" href=\"https:\/\/shop.bantam.ch\/fr\/produit\/matelas-de-camping-dreamcatcher-double-vert\/\" \/>\n<meta property=\"og:locale\" content=\"fr_FR\" \/>\n<meta property=\"og:type\" content=\"article\" \/>\n<meta property=\"og:title\" content=\"Matelas de camping Outwell Matelas Dreamcatcher double vert - Bantam Wankm\u00fcller SA\" \/>\n<meta property=\"og:description\" content=\"Disponibles en version simple ou double, les matelas de la gamme Dreamcatcher ont la taille parfaite pour les cabines de couchage d&rsquo;Outwell et sont \u00e9quip\u00e9s d&rsquo;une valve FHF (Flat High-Flow), qui permet un gonflage facile et un d\u00e9gonflage rapide. Le point commun de tous les mod\u00e8les est que le noyau en mousse poss\u00e8de une forme [&hellip;]\" \/>\n<meta property=\"og:url\" content=\"https:\/\/shop.bantam.ch\/fr\/produit\/matelas-de-camping-dreamcatcher-double-vert\/\" \/>\n<meta property=\"og:site_name\" content=\"Bantam Wankm\u00fcller SA\" \/>\n<meta property=\"article:modified_time\" content=\"2026-04-19T19:53:44+00:00\" \/>\n<meta property=\"og:image\" content=\"https:\/\/shop.bantam.ch\/wp-content\/uploads\/2023\/03\/996157011-scaled.jpg\" \/>\n\t<meta property=\"og:image:width\" content=\"5400\" \/>\n\t<meta property=\"og:image:height\" content=\"3037\" \/>\n\t<meta property=\"og:image:type\" content=\"image\/jpeg\" \/>\n<meta name=\"twitter:card\" content=\"summary_large_image\" \/>\n<meta name=\"twitter:label1\" content=\"Dur\u00e9e de lecture estim\u00e9e\" \/>\n\t<meta name=\"twitter:data1\" content=\"1 minute\" \/>\n<script type=\"application\/ld+json\" class=\"yoast-schema-graph\">{\"@context\":\"https:\\\/\\\/schema.org\",\"@graph\":[{\"@type\":\"WebPage\",\"@id\":\"https:\\\/\\\/shop.bantam.ch\\\/fr\\\/produit\\\/matelas-de-camping-dreamcatcher-double-vert\\\/\",\"url\":\"https:\\\/\\\/shop.bantam.ch\\\/fr\\\/produit\\\/matelas-de-camping-dreamcatcher-double-vert\\\/\",\"name\":\"Matelas de camping Outwell Matelas Dreamcatcher double vert - Bantam Wankm\u00fcller SA\",\"isPartOf\":{\"@id\":\"https:\\\/\\\/shop.bantam.ch\\\/fr\\\/#website\"},\"primaryImageOfPage\":{\"@id\":\"https:\\\/\\\/shop.bantam.ch\\\/fr\\\/produit\\\/matelas-de-camping-dreamcatcher-double-vert\\\/#primaryimage\"},\"image\":{\"@id\":\"https:\\\/\\\/shop.bantam.ch\\\/fr\\\/produit\\\/matelas-de-camping-dreamcatcher-double-vert\\\/#primaryimage\"},\"thumbnailUrl\":\"https:\\\/\\\/shop.bantam.ch\\\/wp-content\\\/uploads\\\/2023\\\/03\\\/996157011-scaled.jpg\",\"datePublished\":\"2023-02-28T23:43:12+00:00\",\"dateModified\":\"2026-04-19T19:53:44+00:00\",\"breadcrumb\":{\"@id\":\"https:\\\/\\\/shop.bantam.ch\\\/fr\\\/produit\\\/matelas-de-camping-dreamcatcher-double-vert\\\/#breadcrumb\"},\"inLanguage\":\"fr-FR\",\"potentialAction\":[{\"@type\":\"ReadAction\",\"target\":[\"https:\\\/\\\/shop.bantam.ch\\\/fr\\\/produit\\\/matelas-de-camping-dreamcatcher-double-vert\\\/\"]}]},{\"@type\":\"ImageObject\",\"inLanguage\":\"fr-FR\",\"@id\":\"https:\\\/\\\/shop.bantam.ch\\\/fr\\\/produit\\\/matelas-de-camping-dreamcatcher-double-vert\\\/#primaryimage\",\"url\":\"https:\\\/\\\/shop.bantam.ch\\\/wp-content\\\/uploads\\\/2023\\\/03\\\/996157011-scaled.jpg\",\"contentUrl\":\"https:\\\/\\\/shop.bantam.ch\\\/wp-content\\\/uploads\\\/2023\\\/03\\\/996157011-scaled.jpg\",\"width\":2048,\"height\":1152},{\"@type\":\"BreadcrumbList\",\"@id\":\"https:\\\/\\\/shop.bantam.ch\\\/fr\\\/produit\\\/matelas-de-camping-dreamcatcher-double-vert\\\/#breadcrumb\",\"itemListElement\":[{\"@type\":\"ListItem\",\"position\":1,\"name\":\"Accueil\",\"item\":\"https:\\\/\\\/shop.bantam.ch\\\/fr\\\/\"},{\"@type\":\"ListItem\",\"position\":2,\"name\":\"Boutique\",\"item\":\"https:\\\/\\\/shop.bantam.ch\\\/fr\\\/boutique\\\/\"},{\"@type\":\"ListItem\",\"position\":3,\"name\":\"Matelas de camping Outwell Matelas Dreamcatcher double vert\"}]},{\"@type\":\"WebSite\",\"@id\":\"https:\\\/\\\/shop.bantam.ch\\\/fr\\\/#website\",\"url\":\"https:\\\/\\\/shop.bantam.ch\\\/fr\\\/\",\"name\":\"Bantam Wankm\u00fcller SA\",\"description\":\"\",\"publisher\":{\"@id\":\"https:\\\/\\\/shop.bantam.ch\\\/fr\\\/#organization\"},\"inLanguage\":\"fr-FR\"},{\"@type\":\"Organization\",\"@id\":\"https:\\\/\\\/shop.bantam.ch\\\/fr\\\/#organization\",\"name\":\"Bantam Wankm\u00fcller SA\",\"url\":\"https:\\\/\\\/shop.bantam.ch\\\/fr\\\/\",\"logo\":{\"@type\":\"ImageObject\",\"inLanguage\":\"fr-FR\",\"@id\":\"https:\\\/\\\/shop.bantam.ch\\\/fr\\\/#\\\/schema\\\/logo\\\/image\\\/\",\"url\":\"https:\\\/\\\/shop.bantam.ch\\\/wp-content\\\/uploads\\\/2022\\\/12\\\/bantam-logo.png\",\"contentUrl\":\"https:\\\/\\\/shop.bantam.ch\\\/wp-content\\\/uploads\\\/2022\\\/12\\\/bantam-logo.png\",\"width\":320,\"height\":71,\"caption\":\"Bantam Wankm\u00fcller SA\"},\"image\":{\"@id\":\"https:\\\/\\\/shop.bantam.ch\\\/fr\\\/#\\\/schema\\\/logo\\\/image\\\/\"}}]}<\/script>\n<!-- \/ Yoast SEO plugin. -->","yoast_head_json":{"title":"Matelas de camping Outwell Matelas Dreamcatcher double vert - Bantam Wankm\u00fcller SA","robots":{"index":"index","follow":"follow","max-snippet":"max-snippet:-1","max-image-preview":"max-image-preview:large","max-video-preview":"max-video-preview:-1"},"canonical":"https:\/\/shop.bantam.ch\/fr\/produit\/matelas-de-camping-dreamcatcher-double-vert\/","og_locale":"fr_FR","og_type":"article","og_title":"Matelas de camping Outwell Matelas Dreamcatcher double vert - Bantam Wankm\u00fcller SA","og_description":"Disponibles en version simple ou double, les matelas de la gamme Dreamcatcher ont la taille parfaite pour les cabines de couchage d&rsquo;Outwell et sont \u00e9quip\u00e9s d&rsquo;une valve FHF (Flat High-Flow), qui permet un gonflage facile et un d\u00e9gonflage rapide. Le point commun de tous les mod\u00e8les est que le noyau en mousse poss\u00e8de une forme [&hellip;]","og_url":"https:\/\/shop.bantam.ch\/fr\/produit\/matelas-de-camping-dreamcatcher-double-vert\/","og_site_name":"Bantam Wankm\u00fcller SA","article_modified_time":"2026-04-19T19:53:44+00:00","og_image":[{"width":5400,"height":3037,"url":"https:\/\/shop.bantam.ch\/wp-content\/uploads\/2023\/03\/996157011-scaled.jpg","type":"image\/jpeg"}],"twitter_card":"summary_large_image","twitter_misc":{"Dur\u00e9e de lecture estim\u00e9e":"1 minute"},"schema":{"@context":"https:\/\/schema.org","@graph":[{"@type":"WebPage","@id":"https:\/\/shop.bantam.ch\/fr\/produit\/matelas-de-camping-dreamcatcher-double-vert\/","url":"https:\/\/shop.bantam.ch\/fr\/produit\/matelas-de-camping-dreamcatcher-double-vert\/","name":"Matelas de camping Outwell Matelas Dreamcatcher double vert - Bantam Wankm\u00fcller SA","isPartOf":{"@id":"https:\/\/shop.bantam.ch\/fr\/#website"},"primaryImageOfPage":{"@id":"https:\/\/shop.bantam.ch\/fr\/produit\/matelas-de-camping-dreamcatcher-double-vert\/#primaryimage"},"image":{"@id":"https:\/\/shop.bantam.ch\/fr\/produit\/matelas-de-camping-dreamcatcher-double-vert\/#primaryimage"},"thumbnailUrl":"https:\/\/shop.bantam.ch\/wp-content\/uploads\/2023\/03\/996157011-scaled.jpg","datePublished":"2023-02-28T23:43:12+00:00","dateModified":"2026-04-19T19:53:44+00:00","breadcrumb":{"@id":"https:\/\/shop.bantam.ch\/fr\/produit\/matelas-de-camping-dreamcatcher-double-vert\/#breadcrumb"},"inLanguage":"fr-FR","potentialAction":[{"@type":"ReadAction","target":["https:\/\/shop.bantam.ch\/fr\/produit\/matelas-de-camping-dreamcatcher-double-vert\/"]}]},{"@type":"ImageObject","inLanguage":"fr-FR","@id":"https:\/\/shop.bantam.ch\/fr\/produit\/matelas-de-camping-dreamcatcher-double-vert\/#primaryimage","url":"https:\/\/shop.bantam.ch\/wp-content\/uploads\/2023\/03\/996157011-scaled.jpg","contentUrl":"https:\/\/shop.bantam.ch\/wp-content\/uploads\/2023\/03\/996157011-scaled.jpg","width":2048,"height":1152},{"@type":"BreadcrumbList","@id":"https:\/\/shop.bantam.ch\/fr\/produit\/matelas-de-camping-dreamcatcher-double-vert\/#breadcrumb","itemListElement":[{"@type":"ListItem","position":1,"name":"Accueil","item":"https:\/\/shop.bantam.ch\/fr\/"},{"@type":"ListItem","position":2,"name":"Boutique","item":"https:\/\/shop.bantam.ch\/fr\/boutique\/"},{"@type":"ListItem","position":3,"name":"Matelas de camping Outwell Matelas Dreamcatcher double vert"}]},{"@type":"WebSite","@id":"https:\/\/shop.bantam.ch\/fr\/#website","url":"https:\/\/shop.bantam.ch\/fr\/","name":"Bantam Wankm\u00fcller SA","description":"","publisher":{"@id":"https:\/\/shop.bantam.ch\/fr\/#organization"},"inLanguage":"fr-FR"},{"@type":"Organization","@id":"https:\/\/shop.bantam.ch\/fr\/#organization","name":"Bantam Wankm\u00fcller SA","url":"https:\/\/shop.bantam.ch\/fr\/","logo":{"@type":"ImageObject","inLanguage":"fr-FR","@id":"https:\/\/shop.bantam.ch\/fr\/#\/schema\/logo\/image\/","url":"https:\/\/shop.bantam.ch\/wp-content\/uploads\/2022\/12\/bantam-logo.png","contentUrl":"https:\/\/shop.bantam.ch\/wp-content\/uploads\/2022\/12\/bantam-logo.png","width":320,"height":71,"caption":"Bantam Wankm\u00fcller SA"},"image":{"@id":"https:\/\/shop.bantam.ch\/fr\/#\/schema\/logo\/image\/"}}]}},"_links":{"self":[{"href":"https:\/\/shop.bantam.ch\/fr\/wp-json\/wp\/v2\/product\/124598","targetHints":{"allow":["GET"]}}],"collection":[{"href":"https:\/\/shop.bantam.ch\/fr\/wp-json\/wp\/v2\/product"}],"about":[{"href":"https:\/\/shop.bantam.ch\/fr\/wp-json\/wp\/v2\/types\/product"}],"wp:featuredmedia":[{"embeddable":true,"href":"https:\/\/shop.bantam.ch\/fr\/wp-json\/wp\/v2\/media\/124592"}],"wp:attachment":[{"href":"https:\/\/shop.bantam.ch\/fr\/wp-json\/wp\/v2\/media?parent=124598"}],"wp:term":[{"taxonomy":"product_featured_cat","embeddable":true,"href":"https:\/\/shop.bantam.ch\/fr\/wp-json\/wp\/v2\/product_featured_cat?post=124598"},{"taxonomy":"product_brand","embeddable":true,"href":"https:\/\/shop.bantam.ch\/fr\/wp-json\/wp\/v2\/product_brand?post=124598"},{"taxonomy":"product_cat","embeddable":true,"href":"https:\/\/shop.bantam.ch\/fr\/wp-json\/wp\/v2\/product_cat?post=124598"},{"taxonomy":"product_tag","embeddable":true,"href":"https:\/\/shop.bantam.ch\/fr\/wp-json\/wp\/v2\/product_tag?post=124598"}],"curies":[{"name":"wp","href":"https:\/\/api.w.org\/{rel}","templated":true}]}}