{"id":124198,"date":"2023-03-01T00:31:48","date_gmt":"2023-02-28T23:31:48","guid":{"rendered":"https:\/\/shop.bantam.ch\/produit\/solution-complete-pour\/"},"modified":"2026-04-19T23:47:08","modified_gmt":"2026-04-19T21:47:08","slug":"solution-complete-pour","status":"publish","type":"product","link":"https:\/\/shop.bantam.ch\/fr\/produit\/solution-complete-pour\/","title":{"rendered":"Solution compl\u00e8te pour"},"content":{"rendered":"<p>La solution compl\u00e8te d\u2019hygi\u00e8ne de l\u2019eau offre une conservation automatique de l\u2019eau, une r\u00e9tention de la salet\u00e9 et des polluants ainsi qu\u2019une d\u00e9sinfection de l\u2019eau enti\u00e8rement automatique avec une LED UV-C.<\/p>\n<p>\u00a0<\/p>\n<p>CONSERVATION AUTOMATIQUE DE L\u2019EAU<\/p>\n<p>La conservation automatique de l\u2019eau \u00e0 chaque nouveau remplissage du r\u00e9servoir au moyen de la technologie \u00e9prouv\u00e9e des ions d\u2019argent du Silvernet dans le r\u00e9servoir permet de conserver la fra\u00eecheur de l\u2019eau tout en r\u00e9duisant la croissance des germes et la formation de biofilms dans l\u2019ensemble du syst\u00e8me d\u2019eau douce. <\/p>\n<p>R\u00c9TENTION DE LA SALET\u00c9 ET DES POLLUANTS<\/p>\n<p>Les polluants et les substances gustatives sont retenus par adsorption sur le filtre \u00e0 charbon actif . Il s\u2019agit notamment de pesticides, de m\u00e9taux lourds et du chlore.  En m\u00eame temps, le filtre d\u2019une finesse de 10\u00b5m (0,01mm) prot\u00e8ge l\u2019unit\u00e9 de d\u00e9sinfection de l\u2019eau par LED UV-C install\u00e9e en aval contre les impuret\u00e9s et les particules en suspension.<\/p>\n<p>UV-C LED D\u00c9SINFECTION DE L&rsquo;EAU<\/p>\n<p>L\u2019unit\u00e9 de d\u00e9sinfection de l\u2019eau par UV-C LED garantit d\u00e9sinfection de l\u2019eau enti\u00e8rement automatique en flux continu au moyen d\u2019une technologie UV-C LED innovante directement lors du pr\u00e9l\u00e8vement d\u2019eau.  Pas de changement d\u2019ampoule n\u00e9cessaire.  Sans entretien, \u00e9cologique et sans produits chimiques !<\/p>\n","protected":false},"excerpt":{"rendered":"<p>La solution compl\u00e8te d\u2019hygi\u00e8ne de l\u2019eau offre une conservation automatique de l\u2019eau, une r\u00e9tention de la salet\u00e9 et des polluants ainsi qu\u2019une d\u00e9sinfection de l\u2019eau enti\u00e8rement automatique avec une LED UV-C. \u00a0 CONSERVATION AUTOMATIQUE DE L\u2019EAU La conservation automatique de l\u2019eau \u00e0 chaque nouveau remplissage du r\u00e9servoir au moyen de la technologie \u00e9prouv\u00e9e des ions [&hellip;]<\/p>\n","protected":false},"featured_media":124186,"template":"","meta":{"_acf_changed":false},"product_featured_cat":[],"product_brand":[3274],"product_cat":[4609],"product_tag":[],"class_list":{"0":"post-124198","1":"product","2":"type-product","3":"status-publish","4":"has-post-thumbnail","6":"product_brand-wm-aquatec","7":"product_cat-ensembles-dhygiene","9":"first","10":"instock","11":"taxable","12":"shipping-taxable","13":"purchasable","14":"product-type-variable"},"acf":[],"yoast_head":"<!-- This site is optimized with the Yoast SEO plugin v27.4 - https:\/\/yoast.com\/product\/yoast-seo-wordpress\/ -->\n<title>Solution compl\u00e8te pour - Bantam Wankm\u00fcller SA<\/title>\n<meta name=\"robots\" content=\"index, follow, max-snippet:-1, max-image-preview:large, max-video-preview:-1\" \/>\n<link rel=\"canonical\" href=\"https:\/\/shop.bantam.ch\/fr\/produit\/solution-complete-pour\/\" \/>\n<meta property=\"og:locale\" content=\"fr_FR\" \/>\n<meta property=\"og:type\" content=\"article\" \/>\n<meta property=\"og:title\" content=\"Solution compl\u00e8te pour - Bantam Wankm\u00fcller SA\" \/>\n<meta property=\"og:description\" content=\"La solution compl\u00e8te d\u2019hygi\u00e8ne de l\u2019eau offre une conservation automatique de l\u2019eau, une r\u00e9tention de la salet\u00e9 et des polluants ainsi qu\u2019une d\u00e9sinfection de l\u2019eau enti\u00e8rement automatique avec une LED UV-C. \u00a0 CONSERVATION AUTOMATIQUE DE L\u2019EAU La conservation automatique de l\u2019eau \u00e0 chaque nouveau remplissage du r\u00e9servoir au moyen de la technologie \u00e9prouv\u00e9e des ions [&hellip;]\" \/>\n<meta property=\"og:url\" content=\"https:\/\/shop.bantam.ch\/fr\/produit\/solution-complete-pour\/\" \/>\n<meta property=\"og:site_name\" content=\"Bantam Wankm\u00fcller SA\" \/>\n<meta property=\"article:modified_time\" content=\"2026-04-19T21:47:08+00:00\" \/>\n<meta property=\"og:image\" content=\"https:\/\/shop.bantam.ch\/wp-content\/uploads\/2023\/03\/995773811.jpg\" \/>\n\t<meta property=\"og:image:width\" content=\"1500\" \/>\n\t<meta property=\"og:image:height\" content=\"1500\" \/>\n\t<meta property=\"og:image:type\" content=\"image\/jpeg\" \/>\n<meta name=\"twitter:card\" content=\"summary_large_image\" \/>\n<meta name=\"twitter:label1\" content=\"Dur\u00e9e de lecture estim\u00e9e\" \/>\n\t<meta name=\"twitter:data1\" content=\"1 minute\" \/>\n<script type=\"application\/ld+json\" class=\"yoast-schema-graph\">{\"@context\":\"https:\\\/\\\/schema.org\",\"@graph\":[{\"@type\":\"WebPage\",\"@id\":\"https:\\\/\\\/shop.bantam.ch\\\/fr\\\/produit\\\/solution-complete-pour\\\/\",\"url\":\"https:\\\/\\\/shop.bantam.ch\\\/fr\\\/produit\\\/solution-complete-pour\\\/\",\"name\":\"Solution compl\u00e8te pour - Bantam Wankm\u00fcller SA\",\"isPartOf\":{\"@id\":\"https:\\\/\\\/shop.bantam.ch\\\/fr\\\/#website\"},\"primaryImageOfPage\":{\"@id\":\"https:\\\/\\\/shop.bantam.ch\\\/fr\\\/produit\\\/solution-complete-pour\\\/#primaryimage\"},\"image\":{\"@id\":\"https:\\\/\\\/shop.bantam.ch\\\/fr\\\/produit\\\/solution-complete-pour\\\/#primaryimage\"},\"thumbnailUrl\":\"https:\\\/\\\/shop.bantam.ch\\\/wp-content\\\/uploads\\\/2023\\\/03\\\/995773811.jpg\",\"datePublished\":\"2023-02-28T23:31:48+00:00\",\"dateModified\":\"2026-04-19T21:47:08+00:00\",\"breadcrumb\":{\"@id\":\"https:\\\/\\\/shop.bantam.ch\\\/fr\\\/produit\\\/solution-complete-pour\\\/#breadcrumb\"},\"inLanguage\":\"fr-FR\",\"potentialAction\":[{\"@type\":\"ReadAction\",\"target\":[\"https:\\\/\\\/shop.bantam.ch\\\/fr\\\/produit\\\/solution-complete-pour\\\/\"]}]},{\"@type\":\"ImageObject\",\"inLanguage\":\"fr-FR\",\"@id\":\"https:\\\/\\\/shop.bantam.ch\\\/fr\\\/produit\\\/solution-complete-pour\\\/#primaryimage\",\"url\":\"https:\\\/\\\/shop.bantam.ch\\\/wp-content\\\/uploads\\\/2023\\\/03\\\/995773811.jpg\",\"contentUrl\":\"https:\\\/\\\/shop.bantam.ch\\\/wp-content\\\/uploads\\\/2023\\\/03\\\/995773811.jpg\",\"width\":1500,\"height\":1500},{\"@type\":\"BreadcrumbList\",\"@id\":\"https:\\\/\\\/shop.bantam.ch\\\/fr\\\/produit\\\/solution-complete-pour\\\/#breadcrumb\",\"itemListElement\":[{\"@type\":\"ListItem\",\"position\":1,\"name\":\"Accueil\",\"item\":\"https:\\\/\\\/shop.bantam.ch\\\/fr\\\/\"},{\"@type\":\"ListItem\",\"position\":2,\"name\":\"Boutique\",\"item\":\"https:\\\/\\\/shop.bantam.ch\\\/fr\\\/boutique\\\/\"},{\"@type\":\"ListItem\",\"position\":3,\"name\":\"Solution compl\u00e8te pour\"}]},{\"@type\":\"WebSite\",\"@id\":\"https:\\\/\\\/shop.bantam.ch\\\/fr\\\/#website\",\"url\":\"https:\\\/\\\/shop.bantam.ch\\\/fr\\\/\",\"name\":\"Bantam Wankm\u00fcller SA\",\"description\":\"\",\"publisher\":{\"@id\":\"https:\\\/\\\/shop.bantam.ch\\\/fr\\\/#organization\"},\"inLanguage\":\"fr-FR\"},{\"@type\":\"Organization\",\"@id\":\"https:\\\/\\\/shop.bantam.ch\\\/fr\\\/#organization\",\"name\":\"Bantam Wankm\u00fcller SA\",\"url\":\"https:\\\/\\\/shop.bantam.ch\\\/fr\\\/\",\"logo\":{\"@type\":\"ImageObject\",\"inLanguage\":\"fr-FR\",\"@id\":\"https:\\\/\\\/shop.bantam.ch\\\/fr\\\/#\\\/schema\\\/logo\\\/image\\\/\",\"url\":\"https:\\\/\\\/shop.bantam.ch\\\/wp-content\\\/uploads\\\/2022\\\/12\\\/bantam-logo.png\",\"contentUrl\":\"https:\\\/\\\/shop.bantam.ch\\\/wp-content\\\/uploads\\\/2022\\\/12\\\/bantam-logo.png\",\"width\":320,\"height\":71,\"caption\":\"Bantam Wankm\u00fcller SA\"},\"image\":{\"@id\":\"https:\\\/\\\/shop.bantam.ch\\\/fr\\\/#\\\/schema\\\/logo\\\/image\\\/\"}}]}<\/script>\n<!-- \/ Yoast SEO plugin. -->","yoast_head_json":{"title":"Solution compl\u00e8te pour - Bantam Wankm\u00fcller SA","robots":{"index":"index","follow":"follow","max-snippet":"max-snippet:-1","max-image-preview":"max-image-preview:large","max-video-preview":"max-video-preview:-1"},"canonical":"https:\/\/shop.bantam.ch\/fr\/produit\/solution-complete-pour\/","og_locale":"fr_FR","og_type":"article","og_title":"Solution compl\u00e8te pour - Bantam Wankm\u00fcller SA","og_description":"La solution compl\u00e8te d\u2019hygi\u00e8ne de l\u2019eau offre une conservation automatique de l\u2019eau, une r\u00e9tention de la salet\u00e9 et des polluants ainsi qu\u2019une d\u00e9sinfection de l\u2019eau enti\u00e8rement automatique avec une LED UV-C. \u00a0 CONSERVATION AUTOMATIQUE DE L\u2019EAU La conservation automatique de l\u2019eau \u00e0 chaque nouveau remplissage du r\u00e9servoir au moyen de la technologie \u00e9prouv\u00e9e des ions [&hellip;]","og_url":"https:\/\/shop.bantam.ch\/fr\/produit\/solution-complete-pour\/","og_site_name":"Bantam Wankm\u00fcller SA","article_modified_time":"2026-04-19T21:47:08+00:00","og_image":[{"width":1500,"height":1500,"url":"https:\/\/shop.bantam.ch\/wp-content\/uploads\/2023\/03\/995773811.jpg","type":"image\/jpeg"}],"twitter_card":"summary_large_image","twitter_misc":{"Dur\u00e9e de lecture estim\u00e9e":"1 minute"},"schema":{"@context":"https:\/\/schema.org","@graph":[{"@type":"WebPage","@id":"https:\/\/shop.bantam.ch\/fr\/produit\/solution-complete-pour\/","url":"https:\/\/shop.bantam.ch\/fr\/produit\/solution-complete-pour\/","name":"Solution compl\u00e8te pour - Bantam Wankm\u00fcller SA","isPartOf":{"@id":"https:\/\/shop.bantam.ch\/fr\/#website"},"primaryImageOfPage":{"@id":"https:\/\/shop.bantam.ch\/fr\/produit\/solution-complete-pour\/#primaryimage"},"image":{"@id":"https:\/\/shop.bantam.ch\/fr\/produit\/solution-complete-pour\/#primaryimage"},"thumbnailUrl":"https:\/\/shop.bantam.ch\/wp-content\/uploads\/2023\/03\/995773811.jpg","datePublished":"2023-02-28T23:31:48+00:00","dateModified":"2026-04-19T21:47:08+00:00","breadcrumb":{"@id":"https:\/\/shop.bantam.ch\/fr\/produit\/solution-complete-pour\/#breadcrumb"},"inLanguage":"fr-FR","potentialAction":[{"@type":"ReadAction","target":["https:\/\/shop.bantam.ch\/fr\/produit\/solution-complete-pour\/"]}]},{"@type":"ImageObject","inLanguage":"fr-FR","@id":"https:\/\/shop.bantam.ch\/fr\/produit\/solution-complete-pour\/#primaryimage","url":"https:\/\/shop.bantam.ch\/wp-content\/uploads\/2023\/03\/995773811.jpg","contentUrl":"https:\/\/shop.bantam.ch\/wp-content\/uploads\/2023\/03\/995773811.jpg","width":1500,"height":1500},{"@type":"BreadcrumbList","@id":"https:\/\/shop.bantam.ch\/fr\/produit\/solution-complete-pour\/#breadcrumb","itemListElement":[{"@type":"ListItem","position":1,"name":"Accueil","item":"https:\/\/shop.bantam.ch\/fr\/"},{"@type":"ListItem","position":2,"name":"Boutique","item":"https:\/\/shop.bantam.ch\/fr\/boutique\/"},{"@type":"ListItem","position":3,"name":"Solution compl\u00e8te pour"}]},{"@type":"WebSite","@id":"https:\/\/shop.bantam.ch\/fr\/#website","url":"https:\/\/shop.bantam.ch\/fr\/","name":"Bantam Wankm\u00fcller SA","description":"","publisher":{"@id":"https:\/\/shop.bantam.ch\/fr\/#organization"},"inLanguage":"fr-FR"},{"@type":"Organization","@id":"https:\/\/shop.bantam.ch\/fr\/#organization","name":"Bantam Wankm\u00fcller SA","url":"https:\/\/shop.bantam.ch\/fr\/","logo":{"@type":"ImageObject","inLanguage":"fr-FR","@id":"https:\/\/shop.bantam.ch\/fr\/#\/schema\/logo\/image\/","url":"https:\/\/shop.bantam.ch\/wp-content\/uploads\/2022\/12\/bantam-logo.png","contentUrl":"https:\/\/shop.bantam.ch\/wp-content\/uploads\/2022\/12\/bantam-logo.png","width":320,"height":71,"caption":"Bantam Wankm\u00fcller SA"},"image":{"@id":"https:\/\/shop.bantam.ch\/fr\/#\/schema\/logo\/image\/"}}]}},"_links":{"self":[{"href":"https:\/\/shop.bantam.ch\/fr\/wp-json\/wp\/v2\/product\/124198","targetHints":{"allow":["GET"]}}],"collection":[{"href":"https:\/\/shop.bantam.ch\/fr\/wp-json\/wp\/v2\/product"}],"about":[{"href":"https:\/\/shop.bantam.ch\/fr\/wp-json\/wp\/v2\/types\/product"}],"wp:featuredmedia":[{"embeddable":true,"href":"https:\/\/shop.bantam.ch\/fr\/wp-json\/wp\/v2\/media\/124186"}],"wp:attachment":[{"href":"https:\/\/shop.bantam.ch\/fr\/wp-json\/wp\/v2\/media?parent=124198"}],"wp:term":[{"taxonomy":"product_featured_cat","embeddable":true,"href":"https:\/\/shop.bantam.ch\/fr\/wp-json\/wp\/v2\/product_featured_cat?post=124198"},{"taxonomy":"product_brand","embeddable":true,"href":"https:\/\/shop.bantam.ch\/fr\/wp-json\/wp\/v2\/product_brand?post=124198"},{"taxonomy":"product_cat","embeddable":true,"href":"https:\/\/shop.bantam.ch\/fr\/wp-json\/wp\/v2\/product_cat?post=124198"},{"taxonomy":"product_tag","embeddable":true,"href":"https:\/\/shop.bantam.ch\/fr\/wp-json\/wp\/v2\/product_tag?post=124198"}],"curies":[{"name":"wp","href":"https:\/\/api.w.org\/{rel}","templated":true}]}}