{"id":124074,"date":"2023-03-01T00:29:08","date_gmt":"2023-02-28T23:29:08","guid":{"rendered":"https:\/\/shop.bantam.ch\/produit\/event-de-toit-maxxfan-dome-plus-avec-led\/"},"modified":"2026-04-17T23:40:27","modified_gmt":"2026-04-17T21:40:27","slug":"event-de-toit-maxxfan-dome-plus-avec-led","status":"publish","type":"product","link":"https:\/\/shop.bantam.ch\/fr\/produit\/event-de-toit-maxxfan-dome-plus-avec-led\/","title":{"rendered":"\u00c9vent de toit Maxxfan Dome Plus avec LED"},"content":{"rendered":"<p>Solution compacte pour la ventilation du toit ou des parois lat\u00e9rales et le contr\u00f4le de l&rsquo;humidit\u00e9 dans les petites zones, y compris les salles de bains et les douches. Con\u00e7u pour les applications de ventilation de toit ou de paroi lat\u00e9rale. Ventilateur de 6 pouces uniquement avec couvercle relevable manuellement.  Couvercle verrouillable avec bouton-poussoir \u00e0 une main.\u00a0Les grilles amovibles facilitent le nettoyage.  Convient \u00e0 une \u00e9paisseur de toit de 1&Prime; (disponible jusqu\u2019\u00e0 une \u00e9paisseur de 6&Prime;).  Emball\u00e9 avec une protection de ventilateur assortie \u00e0 utiliser pour les applications de panneau lat\u00e9ral.  Dans les applications pour parois lat\u00e9rales, le prot\u00e8ge-ventilateur sert de protection contre la pluie et prot\u00e8ge votre int\u00e9rieur des intemp\u00e9ries et de la salet\u00e9. En outre, la protection du ventilateur offre une protection contre tout contact involontaire avec les pales du ventilateur.  Avec lumi\u00e8res LED.<\/p>\n<p>\u00a0<\/p>\n","protected":false},"excerpt":{"rendered":"<p>Solution compacte pour la ventilation du toit ou des parois lat\u00e9rales et le contr\u00f4le de l&rsquo;humidit\u00e9 dans les petites zones, y compris les salles de bains et les douches. Con\u00e7u pour les applications de ventilation de toit ou de paroi lat\u00e9rale. Ventilateur de 6 pouces uniquement avec couvercle relevable manuellement. Couvercle verrouillable avec bouton-poussoir \u00e0 [&hellip;]<\/p>\n","protected":false},"featured_media":124060,"template":"","meta":{"_acf_changed":false},"product_featured_cat":[],"product_brand":[3624],"product_cat":[5037],"product_tag":[],"class_list":{"0":"post-124074","1":"product","2":"type-product","3":"status-publish","4":"has-post-thumbnail","6":"product_brand-maxxair","7":"product_cat-aerateurs-de-toit-avec-moteur","9":"first","10":"instock","11":"taxable","12":"shipping-taxable","13":"purchasable","14":"product-type-variable"},"acf":[],"yoast_head":"<!-- This site is optimized with the Yoast SEO plugin v27.4 - https:\/\/yoast.com\/product\/yoast-seo-wordpress\/ -->\n<title>\u00c9vent de toit Maxxfan Dome Plus avec LED - Bantam Wankm\u00fcller SA<\/title>\n<meta name=\"robots\" content=\"index, follow, max-snippet:-1, max-image-preview:large, max-video-preview:-1\" \/>\n<link rel=\"canonical\" href=\"https:\/\/shop.bantam.ch\/fr\/produit\/event-de-toit-maxxfan-dome-plus-avec-led\/\" \/>\n<meta property=\"og:locale\" content=\"fr_FR\" \/>\n<meta property=\"og:type\" content=\"article\" \/>\n<meta property=\"og:title\" content=\"\u00c9vent de toit Maxxfan Dome Plus avec LED - Bantam Wankm\u00fcller SA\" \/>\n<meta property=\"og:description\" content=\"Solution compacte pour la ventilation du toit ou des parois lat\u00e9rales et le contr\u00f4le de l&rsquo;humidit\u00e9 dans les petites zones, y compris les salles de bains et les douches. Con\u00e7u pour les applications de ventilation de toit ou de paroi lat\u00e9rale. Ventilateur de 6 pouces uniquement avec couvercle relevable manuellement. Couvercle verrouillable avec bouton-poussoir \u00e0 [&hellip;]\" \/>\n<meta property=\"og:url\" content=\"https:\/\/shop.bantam.ch\/fr\/produit\/event-de-toit-maxxfan-dome-plus-avec-led\/\" \/>\n<meta property=\"og:site_name\" content=\"Bantam Wankm\u00fcller SA\" \/>\n<meta property=\"article:modified_time\" content=\"2026-04-17T21:40:27+00:00\" \/>\n<meta property=\"og:image\" content=\"https:\/\/shop.bantam.ch\/wp-content\/uploads\/2023\/03\/994474811.jpg\" \/>\n\t<meta property=\"og:image:width\" content=\"1725\" \/>\n\t<meta property=\"og:image:height\" content=\"1500\" \/>\n\t<meta property=\"og:image:type\" content=\"image\/jpeg\" \/>\n<meta name=\"twitter:card\" content=\"summary_large_image\" \/>\n<meta name=\"twitter:label1\" content=\"Dur\u00e9e de lecture estim\u00e9e\" \/>\n\t<meta name=\"twitter:data1\" content=\"1 minute\" \/>\n<script type=\"application\/ld+json\" class=\"yoast-schema-graph\">{\"@context\":\"https:\\\/\\\/schema.org\",\"@graph\":[{\"@type\":\"WebPage\",\"@id\":\"https:\\\/\\\/shop.bantam.ch\\\/fr\\\/produit\\\/event-de-toit-maxxfan-dome-plus-avec-led\\\/\",\"url\":\"https:\\\/\\\/shop.bantam.ch\\\/fr\\\/produit\\\/event-de-toit-maxxfan-dome-plus-avec-led\\\/\",\"name\":\"\u00c9vent de toit Maxxfan Dome Plus avec LED - Bantam Wankm\u00fcller SA\",\"isPartOf\":{\"@id\":\"https:\\\/\\\/shop.bantam.ch\\\/fr\\\/#website\"},\"primaryImageOfPage\":{\"@id\":\"https:\\\/\\\/shop.bantam.ch\\\/fr\\\/produit\\\/event-de-toit-maxxfan-dome-plus-avec-led\\\/#primaryimage\"},\"image\":{\"@id\":\"https:\\\/\\\/shop.bantam.ch\\\/fr\\\/produit\\\/event-de-toit-maxxfan-dome-plus-avec-led\\\/#primaryimage\"},\"thumbnailUrl\":\"https:\\\/\\\/shop.bantam.ch\\\/wp-content\\\/uploads\\\/2023\\\/03\\\/994474811.jpg\",\"datePublished\":\"2023-02-28T23:29:08+00:00\",\"dateModified\":\"2026-04-17T21:40:27+00:00\",\"breadcrumb\":{\"@id\":\"https:\\\/\\\/shop.bantam.ch\\\/fr\\\/produit\\\/event-de-toit-maxxfan-dome-plus-avec-led\\\/#breadcrumb\"},\"inLanguage\":\"fr-FR\",\"potentialAction\":[{\"@type\":\"ReadAction\",\"target\":[\"https:\\\/\\\/shop.bantam.ch\\\/fr\\\/produit\\\/event-de-toit-maxxfan-dome-plus-avec-led\\\/\"]}]},{\"@type\":\"ImageObject\",\"inLanguage\":\"fr-FR\",\"@id\":\"https:\\\/\\\/shop.bantam.ch\\\/fr\\\/produit\\\/event-de-toit-maxxfan-dome-plus-avec-led\\\/#primaryimage\",\"url\":\"https:\\\/\\\/shop.bantam.ch\\\/wp-content\\\/uploads\\\/2023\\\/03\\\/994474811.jpg\",\"contentUrl\":\"https:\\\/\\\/shop.bantam.ch\\\/wp-content\\\/uploads\\\/2023\\\/03\\\/994474811.jpg\",\"width\":1725,\"height\":1500},{\"@type\":\"BreadcrumbList\",\"@id\":\"https:\\\/\\\/shop.bantam.ch\\\/fr\\\/produit\\\/event-de-toit-maxxfan-dome-plus-avec-led\\\/#breadcrumb\",\"itemListElement\":[{\"@type\":\"ListItem\",\"position\":1,\"name\":\"Accueil\",\"item\":\"https:\\\/\\\/shop.bantam.ch\\\/fr\\\/\"},{\"@type\":\"ListItem\",\"position\":2,\"name\":\"Boutique\",\"item\":\"https:\\\/\\\/shop.bantam.ch\\\/fr\\\/boutique\\\/\"},{\"@type\":\"ListItem\",\"position\":3,\"name\":\"\u00c9vent de toit Maxxfan Dome Plus avec LED\"}]},{\"@type\":\"WebSite\",\"@id\":\"https:\\\/\\\/shop.bantam.ch\\\/fr\\\/#website\",\"url\":\"https:\\\/\\\/shop.bantam.ch\\\/fr\\\/\",\"name\":\"Bantam Wankm\u00fcller SA\",\"description\":\"\",\"publisher\":{\"@id\":\"https:\\\/\\\/shop.bantam.ch\\\/fr\\\/#organization\"},\"inLanguage\":\"fr-FR\"},{\"@type\":\"Organization\",\"@id\":\"https:\\\/\\\/shop.bantam.ch\\\/fr\\\/#organization\",\"name\":\"Bantam Wankm\u00fcller SA\",\"url\":\"https:\\\/\\\/shop.bantam.ch\\\/fr\\\/\",\"logo\":{\"@type\":\"ImageObject\",\"inLanguage\":\"fr-FR\",\"@id\":\"https:\\\/\\\/shop.bantam.ch\\\/fr\\\/#\\\/schema\\\/logo\\\/image\\\/\",\"url\":\"https:\\\/\\\/shop.bantam.ch\\\/wp-content\\\/uploads\\\/2022\\\/12\\\/bantam-logo.png\",\"contentUrl\":\"https:\\\/\\\/shop.bantam.ch\\\/wp-content\\\/uploads\\\/2022\\\/12\\\/bantam-logo.png\",\"width\":320,\"height\":71,\"caption\":\"Bantam Wankm\u00fcller SA\"},\"image\":{\"@id\":\"https:\\\/\\\/shop.bantam.ch\\\/fr\\\/#\\\/schema\\\/logo\\\/image\\\/\"}}]}<\/script>\n<!-- \/ Yoast SEO plugin. -->","yoast_head_json":{"title":"\u00c9vent de toit Maxxfan Dome Plus avec LED - Bantam Wankm\u00fcller SA","robots":{"index":"index","follow":"follow","max-snippet":"max-snippet:-1","max-image-preview":"max-image-preview:large","max-video-preview":"max-video-preview:-1"},"canonical":"https:\/\/shop.bantam.ch\/fr\/produit\/event-de-toit-maxxfan-dome-plus-avec-led\/","og_locale":"fr_FR","og_type":"article","og_title":"\u00c9vent de toit Maxxfan Dome Plus avec LED - Bantam Wankm\u00fcller SA","og_description":"Solution compacte pour la ventilation du toit ou des parois lat\u00e9rales et le contr\u00f4le de l&rsquo;humidit\u00e9 dans les petites zones, y compris les salles de bains et les douches. Con\u00e7u pour les applications de ventilation de toit ou de paroi lat\u00e9rale. Ventilateur de 6 pouces uniquement avec couvercle relevable manuellement. Couvercle verrouillable avec bouton-poussoir \u00e0 [&hellip;]","og_url":"https:\/\/shop.bantam.ch\/fr\/produit\/event-de-toit-maxxfan-dome-plus-avec-led\/","og_site_name":"Bantam Wankm\u00fcller SA","article_modified_time":"2026-04-17T21:40:27+00:00","og_image":[{"width":1725,"height":1500,"url":"https:\/\/shop.bantam.ch\/wp-content\/uploads\/2023\/03\/994474811.jpg","type":"image\/jpeg"}],"twitter_card":"summary_large_image","twitter_misc":{"Dur\u00e9e de lecture estim\u00e9e":"1 minute"},"schema":{"@context":"https:\/\/schema.org","@graph":[{"@type":"WebPage","@id":"https:\/\/shop.bantam.ch\/fr\/produit\/event-de-toit-maxxfan-dome-plus-avec-led\/","url":"https:\/\/shop.bantam.ch\/fr\/produit\/event-de-toit-maxxfan-dome-plus-avec-led\/","name":"\u00c9vent de toit Maxxfan Dome Plus avec LED - Bantam Wankm\u00fcller SA","isPartOf":{"@id":"https:\/\/shop.bantam.ch\/fr\/#website"},"primaryImageOfPage":{"@id":"https:\/\/shop.bantam.ch\/fr\/produit\/event-de-toit-maxxfan-dome-plus-avec-led\/#primaryimage"},"image":{"@id":"https:\/\/shop.bantam.ch\/fr\/produit\/event-de-toit-maxxfan-dome-plus-avec-led\/#primaryimage"},"thumbnailUrl":"https:\/\/shop.bantam.ch\/wp-content\/uploads\/2023\/03\/994474811.jpg","datePublished":"2023-02-28T23:29:08+00:00","dateModified":"2026-04-17T21:40:27+00:00","breadcrumb":{"@id":"https:\/\/shop.bantam.ch\/fr\/produit\/event-de-toit-maxxfan-dome-plus-avec-led\/#breadcrumb"},"inLanguage":"fr-FR","potentialAction":[{"@type":"ReadAction","target":["https:\/\/shop.bantam.ch\/fr\/produit\/event-de-toit-maxxfan-dome-plus-avec-led\/"]}]},{"@type":"ImageObject","inLanguage":"fr-FR","@id":"https:\/\/shop.bantam.ch\/fr\/produit\/event-de-toit-maxxfan-dome-plus-avec-led\/#primaryimage","url":"https:\/\/shop.bantam.ch\/wp-content\/uploads\/2023\/03\/994474811.jpg","contentUrl":"https:\/\/shop.bantam.ch\/wp-content\/uploads\/2023\/03\/994474811.jpg","width":1725,"height":1500},{"@type":"BreadcrumbList","@id":"https:\/\/shop.bantam.ch\/fr\/produit\/event-de-toit-maxxfan-dome-plus-avec-led\/#breadcrumb","itemListElement":[{"@type":"ListItem","position":1,"name":"Accueil","item":"https:\/\/shop.bantam.ch\/fr\/"},{"@type":"ListItem","position":2,"name":"Boutique","item":"https:\/\/shop.bantam.ch\/fr\/boutique\/"},{"@type":"ListItem","position":3,"name":"\u00c9vent de toit Maxxfan Dome Plus avec LED"}]},{"@type":"WebSite","@id":"https:\/\/shop.bantam.ch\/fr\/#website","url":"https:\/\/shop.bantam.ch\/fr\/","name":"Bantam Wankm\u00fcller SA","description":"","publisher":{"@id":"https:\/\/shop.bantam.ch\/fr\/#organization"},"inLanguage":"fr-FR"},{"@type":"Organization","@id":"https:\/\/shop.bantam.ch\/fr\/#organization","name":"Bantam Wankm\u00fcller SA","url":"https:\/\/shop.bantam.ch\/fr\/","logo":{"@type":"ImageObject","inLanguage":"fr-FR","@id":"https:\/\/shop.bantam.ch\/fr\/#\/schema\/logo\/image\/","url":"https:\/\/shop.bantam.ch\/wp-content\/uploads\/2022\/12\/bantam-logo.png","contentUrl":"https:\/\/shop.bantam.ch\/wp-content\/uploads\/2022\/12\/bantam-logo.png","width":320,"height":71,"caption":"Bantam Wankm\u00fcller SA"},"image":{"@id":"https:\/\/shop.bantam.ch\/fr\/#\/schema\/logo\/image\/"}}]}},"_links":{"self":[{"href":"https:\/\/shop.bantam.ch\/fr\/wp-json\/wp\/v2\/product\/124074","targetHints":{"allow":["GET"]}}],"collection":[{"href":"https:\/\/shop.bantam.ch\/fr\/wp-json\/wp\/v2\/product"}],"about":[{"href":"https:\/\/shop.bantam.ch\/fr\/wp-json\/wp\/v2\/types\/product"}],"wp:featuredmedia":[{"embeddable":true,"href":"https:\/\/shop.bantam.ch\/fr\/wp-json\/wp\/v2\/media\/124060"}],"wp:attachment":[{"href":"https:\/\/shop.bantam.ch\/fr\/wp-json\/wp\/v2\/media?parent=124074"}],"wp:term":[{"taxonomy":"product_featured_cat","embeddable":true,"href":"https:\/\/shop.bantam.ch\/fr\/wp-json\/wp\/v2\/product_featured_cat?post=124074"},{"taxonomy":"product_brand","embeddable":true,"href":"https:\/\/shop.bantam.ch\/fr\/wp-json\/wp\/v2\/product_brand?post=124074"},{"taxonomy":"product_cat","embeddable":true,"href":"https:\/\/shop.bantam.ch\/fr\/wp-json\/wp\/v2\/product_cat?post=124074"},{"taxonomy":"product_tag","embeddable":true,"href":"https:\/\/shop.bantam.ch\/fr\/wp-json\/wp\/v2\/product_tag?post=124074"}],"curies":[{"name":"wp","href":"https:\/\/api.w.org\/{rel}","templated":true}]}}