{"id":124050,"date":"2023-03-01T00:28:47","date_gmt":"2023-02-28T23:28:47","guid":{"rendered":"https:\/\/shop.bantam.ch\/produit\/cadre-interieur-avec-store-occultant-maxxshade\/"},"modified":"2026-05-06T23:44:13","modified_gmt":"2026-05-06T21:44:13","slug":"cadre-interieur-avec-store-occultant-maxxshade","status":"publish","type":"product","link":"https:\/\/shop.bantam.ch\/fr\/produit\/cadre-interieur-avec-store-occultant-maxxshade\/","title":{"rendered":"Cadre int\u00e9rieur avec store occultant Maxxshade"},"content":{"rendered":"<p>Le Maxxshade est la solution id\u00e9ale pour bloquer la lumi\u00e8re du soleil et les rayons UV et vous garder au frais et am\u00e9liorer le confort \u00e0 bord &#8211; de jour comme de nuit ! Store \u00e0 enrouleur enti\u00e8rement r\u00e9tractable, \u00e0 ressort, avec fermeture s\u00e9curis\u00e9e par \u00ab snap-lock \u00bb Le mat\u00e9riau du store est dot\u00e9 d\u2019un support r\u00e9fl\u00e9chissant qui bloque la lumi\u00e8re et refl\u00e8te la chaleur. N\u2019interf\u00e8re pas avec le fonctionnement normal d\u2019un ventilateur de toit ou d\u2019un ventilateur motoris\u00e9. Installation facile en utilisant l\u2019anneau de garniture existant.\u00a0<\/p>\n","protected":false},"excerpt":{"rendered":"<p>Le Maxxshade est la solution id\u00e9ale pour bloquer la lumi\u00e8re du soleil et les rayons UV et vous garder au frais et am\u00e9liorer le confort \u00e0 bord &#8211; de jour comme de nuit ! Store \u00e0 enrouleur enti\u00e8rement r\u00e9tractable, \u00e0 ressort, avec fermeture s\u00e9curis\u00e9e par \u00ab snap-lock \u00bb Le mat\u00e9riau du store est dot\u00e9 d\u2019un [&hellip;]<\/p>\n","protected":false},"featured_media":124046,"template":"","meta":{"_acf_changed":false},"product_featured_cat":[],"product_brand":[3624],"product_cat":[5047],"product_tag":[],"class_list":{"0":"post-124050","1":"product","2":"type-product","3":"status-publish","4":"has-post-thumbnail","6":"product_brand-maxxair","7":"product_cat-cadres-adaptateurs","9":"first","10":"instock","11":"taxable","12":"shipping-taxable","13":"purchasable","14":"product-type-variable"},"acf":[],"yoast_head":"<!-- This site is optimized with the Yoast SEO plugin v27.5 - https:\/\/yoast.com\/product\/yoast-seo-wordpress\/ -->\n<title>Cadre int\u00e9rieur avec store occultant Maxxshade - Bantam<\/title>\n<meta name=\"robots\" content=\"index, follow, max-snippet:-1, max-image-preview:large, max-video-preview:-1\" \/>\n<link rel=\"canonical\" href=\"https:\/\/shop.bantam.ch\/fr\/produit\/cadre-interieur-avec-store-occultant-maxxshade\/\" \/>\n<meta property=\"og:locale\" content=\"fr_FR\" \/>\n<meta property=\"og:type\" content=\"article\" \/>\n<meta property=\"og:title\" content=\"Cadre int\u00e9rieur avec store occultant Maxxshade - Bantam\" \/>\n<meta property=\"og:description\" content=\"Le Maxxshade est la solution id\u00e9ale pour bloquer la lumi\u00e8re du soleil et les rayons UV et vous garder au frais et am\u00e9liorer le confort \u00e0 bord &#8211; de jour comme de nuit ! Store \u00e0 enrouleur enti\u00e8rement r\u00e9tractable, \u00e0 ressort, avec fermeture s\u00e9curis\u00e9e par \u00ab snap-lock \u00bb Le mat\u00e9riau du store est dot\u00e9 d\u2019un [&hellip;]\" \/>\n<meta property=\"og:url\" content=\"https:\/\/shop.bantam.ch\/fr\/produit\/cadre-interieur-avec-store-occultant-maxxshade\/\" \/>\n<meta property=\"og:site_name\" content=\"Bantam\" \/>\n<meta property=\"article:modified_time\" content=\"2026-05-06T21:44:13+00:00\" \/>\n<meta property=\"og:image\" content=\"https:\/\/shop.bantam.ch\/wp-content\/uploads\/2023\/03\/994474611.png\" \/>\n\t<meta property=\"og:image:width\" content=\"500\" \/>\n\t<meta property=\"og:image:height\" content=\"322\" \/>\n\t<meta property=\"og:image:type\" content=\"image\/png\" \/>\n<meta name=\"twitter:card\" content=\"summary_large_image\" \/>\n<script type=\"application\/ld+json\" class=\"yoast-schema-graph\">{\"@context\":\"https:\\\/\\\/schema.org\",\"@graph\":[{\"@type\":\"WebPage\",\"@id\":\"https:\\\/\\\/shop.bantam.ch\\\/fr\\\/produit\\\/cadre-interieur-avec-store-occultant-maxxshade\\\/\",\"url\":\"https:\\\/\\\/shop.bantam.ch\\\/fr\\\/produit\\\/cadre-interieur-avec-store-occultant-maxxshade\\\/\",\"name\":\"Cadre int\u00e9rieur avec store occultant Maxxshade - Bantam\",\"isPartOf\":{\"@id\":\"https:\\\/\\\/shop.bantam.ch\\\/fr\\\/#website\"},\"primaryImageOfPage\":{\"@id\":\"https:\\\/\\\/shop.bantam.ch\\\/fr\\\/produit\\\/cadre-interieur-avec-store-occultant-maxxshade\\\/#primaryimage\"},\"image\":{\"@id\":\"https:\\\/\\\/shop.bantam.ch\\\/fr\\\/produit\\\/cadre-interieur-avec-store-occultant-maxxshade\\\/#primaryimage\"},\"thumbnailUrl\":\"https:\\\/\\\/shop.bantam.ch\\\/wp-content\\\/uploads\\\/2023\\\/03\\\/994474611.png\",\"datePublished\":\"2023-02-28T23:28:47+00:00\",\"dateModified\":\"2026-05-06T21:44:13+00:00\",\"breadcrumb\":{\"@id\":\"https:\\\/\\\/shop.bantam.ch\\\/fr\\\/produit\\\/cadre-interieur-avec-store-occultant-maxxshade\\\/#breadcrumb\"},\"inLanguage\":\"fr-FR\",\"potentialAction\":[{\"@type\":\"ReadAction\",\"target\":[\"https:\\\/\\\/shop.bantam.ch\\\/fr\\\/produit\\\/cadre-interieur-avec-store-occultant-maxxshade\\\/\"]}]},{\"@type\":\"ImageObject\",\"inLanguage\":\"fr-FR\",\"@id\":\"https:\\\/\\\/shop.bantam.ch\\\/fr\\\/produit\\\/cadre-interieur-avec-store-occultant-maxxshade\\\/#primaryimage\",\"url\":\"https:\\\/\\\/shop.bantam.ch\\\/wp-content\\\/uploads\\\/2023\\\/03\\\/994474611.png\",\"contentUrl\":\"https:\\\/\\\/shop.bantam.ch\\\/wp-content\\\/uploads\\\/2023\\\/03\\\/994474611.png\",\"width\":500,\"height\":322},{\"@type\":\"BreadcrumbList\",\"@id\":\"https:\\\/\\\/shop.bantam.ch\\\/fr\\\/produit\\\/cadre-interieur-avec-store-occultant-maxxshade\\\/#breadcrumb\",\"itemListElement\":[{\"@type\":\"ListItem\",\"position\":1,\"name\":\"Accueil\",\"item\":\"https:\\\/\\\/shop.bantam.ch\\\/fr\\\/\"},{\"@type\":\"ListItem\",\"position\":2,\"name\":\"Boutique\",\"item\":\"https:\\\/\\\/shop.bantam.ch\\\/fr\\\/boutique\\\/\"},{\"@type\":\"ListItem\",\"position\":3,\"name\":\"Cadre int\u00e9rieur avec store occultant Maxxshade\"}]},{\"@type\":\"WebSite\",\"@id\":\"https:\\\/\\\/shop.bantam.ch\\\/fr\\\/#website\",\"url\":\"https:\\\/\\\/shop.bantam.ch\\\/fr\\\/\",\"name\":\"Bantam\",\"description\":\"\",\"publisher\":{\"@id\":\"https:\\\/\\\/shop.bantam.ch\\\/fr\\\/#organization\"},\"inLanguage\":\"fr-FR\"},{\"@type\":\"Organization\",\"@id\":\"https:\\\/\\\/shop.bantam.ch\\\/fr\\\/#organization\",\"name\":\"Bantam\",\"url\":\"https:\\\/\\\/shop.bantam.ch\\\/fr\\\/\",\"logo\":{\"@type\":\"ImageObject\",\"inLanguage\":\"fr-FR\",\"@id\":\"https:\\\/\\\/shop.bantam.ch\\\/fr\\\/#\\\/schema\\\/logo\\\/image\\\/\",\"url\":\"https:\\\/\\\/shop.bantam.ch\\\/wp-content\\\/uploads\\\/2022\\\/12\\\/bantam-logo.png\",\"contentUrl\":\"https:\\\/\\\/shop.bantam.ch\\\/wp-content\\\/uploads\\\/2022\\\/12\\\/bantam-logo.png\",\"width\":320,\"height\":71,\"caption\":\"Bantam\"},\"image\":{\"@id\":\"https:\\\/\\\/shop.bantam.ch\\\/fr\\\/#\\\/schema\\\/logo\\\/image\\\/\"}}]}<\/script>\n<!-- \/ Yoast SEO plugin. -->","yoast_head_json":{"title":"Cadre int\u00e9rieur avec store occultant Maxxshade - Bantam","robots":{"index":"index","follow":"follow","max-snippet":"max-snippet:-1","max-image-preview":"max-image-preview:large","max-video-preview":"max-video-preview:-1"},"canonical":"https:\/\/shop.bantam.ch\/fr\/produit\/cadre-interieur-avec-store-occultant-maxxshade\/","og_locale":"fr_FR","og_type":"article","og_title":"Cadre int\u00e9rieur avec store occultant Maxxshade - Bantam","og_description":"Le Maxxshade est la solution id\u00e9ale pour bloquer la lumi\u00e8re du soleil et les rayons UV et vous garder au frais et am\u00e9liorer le confort \u00e0 bord &#8211; de jour comme de nuit ! Store \u00e0 enrouleur enti\u00e8rement r\u00e9tractable, \u00e0 ressort, avec fermeture s\u00e9curis\u00e9e par \u00ab snap-lock \u00bb Le mat\u00e9riau du store est dot\u00e9 d\u2019un [&hellip;]","og_url":"https:\/\/shop.bantam.ch\/fr\/produit\/cadre-interieur-avec-store-occultant-maxxshade\/","og_site_name":"Bantam","article_modified_time":"2026-05-06T21:44:13+00:00","og_image":[{"width":500,"height":322,"url":"https:\/\/shop.bantam.ch\/wp-content\/uploads\/2023\/03\/994474611.png","type":"image\/png"}],"twitter_card":"summary_large_image","schema":{"@context":"https:\/\/schema.org","@graph":[{"@type":"WebPage","@id":"https:\/\/shop.bantam.ch\/fr\/produit\/cadre-interieur-avec-store-occultant-maxxshade\/","url":"https:\/\/shop.bantam.ch\/fr\/produit\/cadre-interieur-avec-store-occultant-maxxshade\/","name":"Cadre int\u00e9rieur avec store occultant Maxxshade - Bantam","isPartOf":{"@id":"https:\/\/shop.bantam.ch\/fr\/#website"},"primaryImageOfPage":{"@id":"https:\/\/shop.bantam.ch\/fr\/produit\/cadre-interieur-avec-store-occultant-maxxshade\/#primaryimage"},"image":{"@id":"https:\/\/shop.bantam.ch\/fr\/produit\/cadre-interieur-avec-store-occultant-maxxshade\/#primaryimage"},"thumbnailUrl":"https:\/\/shop.bantam.ch\/wp-content\/uploads\/2023\/03\/994474611.png","datePublished":"2023-02-28T23:28:47+00:00","dateModified":"2026-05-06T21:44:13+00:00","breadcrumb":{"@id":"https:\/\/shop.bantam.ch\/fr\/produit\/cadre-interieur-avec-store-occultant-maxxshade\/#breadcrumb"},"inLanguage":"fr-FR","potentialAction":[{"@type":"ReadAction","target":["https:\/\/shop.bantam.ch\/fr\/produit\/cadre-interieur-avec-store-occultant-maxxshade\/"]}]},{"@type":"ImageObject","inLanguage":"fr-FR","@id":"https:\/\/shop.bantam.ch\/fr\/produit\/cadre-interieur-avec-store-occultant-maxxshade\/#primaryimage","url":"https:\/\/shop.bantam.ch\/wp-content\/uploads\/2023\/03\/994474611.png","contentUrl":"https:\/\/shop.bantam.ch\/wp-content\/uploads\/2023\/03\/994474611.png","width":500,"height":322},{"@type":"BreadcrumbList","@id":"https:\/\/shop.bantam.ch\/fr\/produit\/cadre-interieur-avec-store-occultant-maxxshade\/#breadcrumb","itemListElement":[{"@type":"ListItem","position":1,"name":"Accueil","item":"https:\/\/shop.bantam.ch\/fr\/"},{"@type":"ListItem","position":2,"name":"Boutique","item":"https:\/\/shop.bantam.ch\/fr\/boutique\/"},{"@type":"ListItem","position":3,"name":"Cadre int\u00e9rieur avec store occultant Maxxshade"}]},{"@type":"WebSite","@id":"https:\/\/shop.bantam.ch\/fr\/#website","url":"https:\/\/shop.bantam.ch\/fr\/","name":"Bantam","description":"","publisher":{"@id":"https:\/\/shop.bantam.ch\/fr\/#organization"},"inLanguage":"fr-FR"},{"@type":"Organization","@id":"https:\/\/shop.bantam.ch\/fr\/#organization","name":"Bantam","url":"https:\/\/shop.bantam.ch\/fr\/","logo":{"@type":"ImageObject","inLanguage":"fr-FR","@id":"https:\/\/shop.bantam.ch\/fr\/#\/schema\/logo\/image\/","url":"https:\/\/shop.bantam.ch\/wp-content\/uploads\/2022\/12\/bantam-logo.png","contentUrl":"https:\/\/shop.bantam.ch\/wp-content\/uploads\/2022\/12\/bantam-logo.png","width":320,"height":71,"caption":"Bantam"},"image":{"@id":"https:\/\/shop.bantam.ch\/fr\/#\/schema\/logo\/image\/"}}]}},"_links":{"self":[{"href":"https:\/\/shop.bantam.ch\/fr\/wp-json\/wp\/v2\/product\/124050","targetHints":{"allow":["GET"]}}],"collection":[{"href":"https:\/\/shop.bantam.ch\/fr\/wp-json\/wp\/v2\/product"}],"about":[{"href":"https:\/\/shop.bantam.ch\/fr\/wp-json\/wp\/v2\/types\/product"}],"wp:featuredmedia":[{"embeddable":true,"href":"https:\/\/shop.bantam.ch\/fr\/wp-json\/wp\/v2\/media\/124046"}],"wp:attachment":[{"href":"https:\/\/shop.bantam.ch\/fr\/wp-json\/wp\/v2\/media?parent=124050"}],"wp:term":[{"taxonomy":"product_featured_cat","embeddable":true,"href":"https:\/\/shop.bantam.ch\/fr\/wp-json\/wp\/v2\/product_featured_cat?post=124050"},{"taxonomy":"product_brand","embeddable":true,"href":"https:\/\/shop.bantam.ch\/fr\/wp-json\/wp\/v2\/product_brand?post=124050"},{"taxonomy":"product_cat","embeddable":true,"href":"https:\/\/shop.bantam.ch\/fr\/wp-json\/wp\/v2\/product_cat?post=124050"},{"taxonomy":"product_tag","embeddable":true,"href":"https:\/\/shop.bantam.ch\/fr\/wp-json\/wp\/v2\/product_tag?post=124050"}],"curies":[{"name":"wp","href":"https:\/\/api.w.org\/{rel}","templated":true}]}}